{"id":4290,"date":"2022-12-01T13:18:14","date_gmt":"2022-12-01T12:18:14","guid":{"rendered":"https:\/\/www.dopartners.be\/?page_id=4290"},"modified":"2026-02-16T10:08:29","modified_gmt":"2026-02-16T09:08:29","slug":"papercut-cloud","status":"publish","type":"page","link":"https:\/\/www.dopartners.be\/fr\/solutions\/mobilite-cloud\/papercut-cloud\/","title":{"rendered":"Papercut cloud"},"content":{"rendered":"<div class=\"wpb-content-wrapper\"><p>[vc_row css=&#8221;.vc_custom_1493105985388{margin-bottom: 5vh !important;}&#8221;][vc_column 0=&#8221;&#8221;][vc_empty_space height=&#8221;50px&#8221;][vc_custom_heading text=&#8221;Pr\u00e9sentation g\u00e9n\u00e9rale&#8221; font_container=&#8221;tag:p|font_size:70|text_align:center|color:rgba(124%2C124%2C124%2C0.05)|line_height:1&#8243; use_theme_fonts=&#8221;yes&#8221; css=&#8221;.vc_custom_1758629218335{margin-bottom: -90px !important;}&#8221; el_class=&#8221;hidden-xs&#8221;]\n\t\t<div id=\"wd-68d28d651bf87\" class=\"title-wrapper wd-wpb wd-set-mb reset-last-child  wd-rs-68d28d651bf87 wd-title-color-primary wd-title-style-default text-center  wd-width-enabled wd-underline-colored\" style=\"--wd-max-width: 70%;\">\n\t\t\t\t\t\t\t\n\t\t\t\t<div class=\"title-subtitle  subtitle-color-primary font-default subtitle-style-default wd-font-weight- wd-fontsize-xs\"><strong>CLOUD<\/strong><\/div>\n\t\t\t\n\t\t\t<div class=\"liner-continer\">\n\t\t\t\t<h1 class=\"woodmart-title-container title  wd-font-weight- wd-fontsize-xxl\" >PaperCut MF<\/h1>\n\t\t\t\t\t\t\t<\/div>\n\t\t\t\n\t\t\t\n\t\t\t\n\t\t<\/div>\n\t\t\n\t\t[vc_column_text woodmart_inline=&#8221;no&#8221; text_larger=&#8221;no&#8221;]<\/p>\n<p style=\"text-align: center;\">PaperCut MF est un outil logiciel de gestion des impressions et copies con\u00e7u pour une utilisation simple, pour un suivi et un contr\u00f4le transparent des impressions et copies.<\/p>\n<p style=\"text-align: center;\">L\u2019acc\u00e8s \u00e0 l\u2019application PaperCut est s\u00e9curis\u00e9 et peut se faire \u00e0 partir de tout point de connexion internet et r\u00e9seau car il se fait via un navigateur internet.<\/p>\n<p>[\/vc_column_text][\/vc_column][\/vc_row][vc_row][vc_column][vc_tta_accordion section_title_tag=&#8221;h2&#8243; style=&#8221;modern&#8221; spacing=&#8221;10&#8243; active_section=&#8221;1&#8243; no_fill=&#8221;true&#8221;][vc_tta_section title=&#8221;Pr\u00e9sentation g\u00e9n\u00e9rale&#8221; tab_id=&#8221;presentation-generale-1a&#8221;][vc_row_inner equal_height=&#8221;yes&#8221; woodmart_css_id=&#8221;639c8974e4514&#8243; responsive_spacing=&#8221;eyJwYXJhbV90eXBlIjoid29vZG1hcnRfcmVzcG9uc2l2ZV9zcGFjaW5nIiwic2VsZWN0b3JfaWQiOiI2MzljODk3NGU0NTE0Iiwic2hvcnRjb2RlIjoidmNfcm93X2lubmVyIiwiZGF0YSI6eyJ0YWJsZXQiOnt9LCJtb2JpbGUiOnt9fX0=&#8221; mobile_bg_img_hidden=&#8221;no&#8221; tablet_bg_img_hidden=&#8221;no&#8221; woodmart_parallax=&#8221;0&#8243; woodmart_gradient_switch=&#8221;no&#8221; woodmart_box_shadow=&#8221;no&#8221; wd_z_index=&#8221;no&#8221; woodmart_disable_overflow=&#8221;0&#8243; row_reverse_mobile=&#8221;0&#8243; row_reverse_tablet=&#8221;0&#8243;][vc_column_inner width=&#8221;1\/2&#8243; css=&#8221;.vc_custom_1671204162792{padding-top: 20px !important;padding-bottom: 20px !important;padding-left: 20px !important;}&#8221; woodmart_css_id=&#8221;639c8d3306092&#8243; parallax_scroll=&#8221;no&#8221; woodmart_sticky_column=&#8221;false&#8221; wd_collapsible_content_switcher=&#8221;no&#8221; wd_column_role_offcanvas_desktop=&#8221;no&#8221; wd_column_role_offcanvas_tablet=&#8221;no&#8221; wd_column_role_offcanvas_mobile=&#8221;no&#8221; wd_column_role_content_desktop=&#8221;no&#8221; wd_column_role_content_tablet=&#8221;no&#8221; wd_column_role_content_mobile=&#8221;no&#8221; mobile_bg_img_hidden=&#8221;no&#8221; tablet_bg_img_hidden=&#8221;no&#8221; woodmart_parallax=&#8221;0&#8243; woodmart_box_shadow=&#8221;no&#8221; responsive_spacing=&#8221;eyJwYXJhbV90eXBlIjoid29vZG1hcnRfcmVzcG9uc2l2ZV9zcGFjaW5nIiwic2VsZWN0b3JfaWQiOiI2MzljOGQzMzA2MDkyIiwic2hvcnRjb2RlIjoidmNfY29sdW1uX2lubmVyIiwiZGF0YSI6eyJ0YWJsZXQiOnt9LCJtb2JpbGUiOnt9fX0=&#8221; wd_z_index=&#8221;no&#8221;][vc_column_text woodmart_inline=&#8221;no&#8221; text_larger=&#8221;no&#8221;]<\/p>\n<ul>\n<li><strong>Suivi et contr\u00f4le<\/strong> des photocopies instantan\u00e9es en utilisant du mat\u00e9riel ou des logiciels.<\/li>\n<li><strong>S\u2019int\u00e8gre<\/strong> avec les appareils MultiFonctions Xerox via le Network Accounting \/ JBA et supporte la plupart des imprimantes.<\/li>\n<li><strong>Administration bas\u00e9e en ligne \u00e0 100%<\/strong> permettant une gestion \u00e0 partir de tout point de connexion du r\u00e9seau.<\/li>\n<li><strong>Supporte de multiple platformes<\/strong> serveurs et clients et est compatible avec Windows, Mac, linux.<\/li>\n<li><strong>Comptabilisation ventil\u00e9e des Copies\/Impressions<\/strong> permettant de d\u00e9finir des co\u00fbts en fonction de la couleur du document, du recto\/verso pour \u00eatre ensuite comptabilis\u00e9 dans des comptes par service.<\/li>\n<li><strong>Lib\u00e9ration\/s\u00e9curisation\/redirection<\/strong> des impressions pour tout type d\u2019environnement.<\/li>\n<li><strong>Plus de 60 rapports accessibles en ligne<\/strong> incluant notamment des rapports sur l\u2019impact environnemental en format PDF, HTML and Excel.<\/li>\n<li><strong>Interface personnelle en ligne pour les utilisateurs<\/strong> qui donne un acc\u00e8s \u00e0 l\u2019historique des travaux r\u00e9alis\u00e9s et qui permet d\u2019envoyer, avec une connexion sans fil, un document pour \u00eatre imprim\u00e9. L\u2019impression via internet n\u2019oblige pas un utilisateur \u00e0 installer un pilot\/driver sur son ordinateur personnel.<\/li>\n<li><strong>Capable de fonctionner avec les principaux Relational Database Management Systems tierce<\/strong> (RDBMS) tells que Microsoft SQL Server, Oracle, etc.<\/li>\n<li><strong>Architecture ouverte<\/strong> avec un acc\u00e8s aux scripts, aux codes sources, \u00e0 la documentation API, aux services XML Web et aux couches de l\u2019architecture du produit.<\/li>\n<\/ul>\n<p>[\/vc_column_text][\/vc_column_inner][vc_column_inner width=&#8221;1\/2&#8243; css=&#8221;.vc_custom_1671203688724{padding-top: 0px !important;padding-right: 0px !important;padding-bottom: 0px !important;background-position: center !important;background-repeat: no-repeat !important;background-size: cover !important;}&#8221; woodmart_css_id=&#8221;639c8b643466d&#8221; parallax_scroll=&#8221;no&#8221; woodmart_sticky_column=&#8221;false&#8221; wd_collapsible_content_switcher=&#8221;no&#8221; wd_column_role_offcanvas_desktop=&#8221;no&#8221; wd_column_role_offcanvas_tablet=&#8221;no&#8221; wd_column_role_offcanvas_mobile=&#8221;no&#8221; wd_column_role_content_desktop=&#8221;no&#8221; wd_column_role_content_tablet=&#8221;no&#8221; wd_column_role_content_mobile=&#8221;no&#8221; mobile_bg_img_hidden=&#8221;no&#8221; tablet_bg_img_hidden=&#8221;no&#8221; woodmart_parallax=&#8221;0&#8243; woodmart_box_shadow=&#8221;no&#8221; responsive_spacing=&#8221;eyJwYXJhbV90eXBlIjoid29vZG1hcnRfcmVzcG9uc2l2ZV9zcGFjaW5nIiwic2VsZWN0b3JfaWQiOiI2MzljOGI2NDM0NjZkIiwic2hvcnRjb2RlIjoidmNfY29sdW1uX2lubmVyIiwiZGF0YSI6eyJ0YWJsZXQiOnt9LCJtb2JpbGUiOnt9fX0=&#8221; wd_z_index=&#8221;no&#8221;][vc_video link=&#8221;https:\/\/youtu.be\/k5Ok7T5QXLc&#8221; image_poster_switch=&#8221;no&#8221;][\/vc_column_inner][\/vc_row_inner][\/vc_tta_section][vc_tta_section title=&#8221;Vos d\u00e9fis&#8221; tab_id=&#8221;vos-defis-b2a&#8221;][vc_row_inner][vc_column_inner css=&#8221;.vc_custom_1671204184090{padding-top: 20px !important;padding-bottom: 20px !important;padding-left: 20px !important;}&#8221; woodmart_css_id=&#8221;639c8d51b32de&#8221; parallax_scroll=&#8221;no&#8221; woodmart_sticky_column=&#8221;false&#8221; wd_collapsible_content_switcher=&#8221;no&#8221; wd_column_role_offcanvas_desktop=&#8221;no&#8221; wd_column_role_offcanvas_tablet=&#8221;no&#8221; wd_column_role_offcanvas_mobile=&#8221;no&#8221; wd_column_role_content_desktop=&#8221;no&#8221; wd_column_role_content_tablet=&#8221;no&#8221; wd_column_role_content_mobile=&#8221;no&#8221; mobile_bg_img_hidden=&#8221;no&#8221; tablet_bg_img_hidden=&#8221;no&#8221; woodmart_parallax=&#8221;0&#8243; woodmart_box_shadow=&#8221;no&#8221; responsive_spacing=&#8221;eyJwYXJhbV90eXBlIjoid29vZG1hcnRfcmVzcG9uc2l2ZV9zcGFjaW5nIiwic2VsZWN0b3JfaWQiOiI2MzljOGQ1MWIzMmRlIiwic2hvcnRjb2RlIjoidmNfY29sdW1uX2lubmVyIiwiZGF0YSI6eyJ0YWJsZXQiOnt9LCJtb2JpbGUiOnt9fX0=&#8221; wd_z_index=&#8221;no&#8221;][vc_column_text woodmart_inline=&#8221;no&#8221; text_larger=&#8221;no&#8221;]De nombreuses solutions de gestion des impressions contr\u00f4lent l\u2019usage de l\u2019impression mais celui des photocopies, scan, fax doit aussi \u00eatre g\u00e9r\u00e9.<\/p>\n<p>Les organisations sensibilis\u00e9es sur ces probl\u00e9matiques recherchent \u00e0 supprimer les gaspillages et \u00e0 responsabiliser les utilisateurs et services en mati\u00e8re de co\u00fbt et d\u2019environnement.[\/vc_column_text]\n\t\t<div id=\"wd-68d28da509a3c\" class=\"title-wrapper wd-wpb wd-set-mb reset-last-child  wd-rs-68d28da509a3c wd-title-color-primary wd-title-style-default text-left  wd-width-enabled wd-underline-colored\" style=\"--wd-max-width: 70%;\">\n\t\t\t\n\t\t\t<div class=\"liner-continer\">\n\t\t\t\t<h3 class=\"woodmart-title-container title  wd-font-weight- wd-fontsize-m\" >Principaux d\u00e9fis<\/h3>\n\t\t\t\t\t\t\t<\/div>\n\t\t\t\n\t\t\t\n\t\t\t\n\t\t<\/div>\n\t\t\n\t\t[vc_column_text woodmart_inline=&#8221;no&#8221; text_larger=&#8221;no&#8221;]<\/p>\n<ul>\n<li><strong>R\u00e9duit les gaspillages de papier<\/strong> et participe donc \u00e0 la protection de l\u2019environnement.<\/li>\n<li><strong>Redirige les travaux d\u2019impressions<\/strong> sur les appareils adapt\u00e9s aux grands ou petits volumes en fonction du nombre de pages.<\/li>\n<li><strong>Suit les impressions et copies de tous les utilisateurs<\/strong> en s\u2019assurant de la bonne comptabilisation des travaux r\u00e9alis\u00e9s.<\/li>\n<li><strong>Produit ind\u00e9pendant de tout constructeur<\/strong> \u2013 compatibilit\u00e9 avec la plupart des marques.<\/li>\n<li><strong>Sensibilise<\/strong> sur le gaspillage et encourage les utilisateurs \u00e0 r\u00e9fl\u00e9chir sur la n\u00e9cessit\u00e9 d\u2019imprimer.<\/li>\n<li><strong>D\u00e9ploiement facile<\/strong> \u2013 un mod\u00e8le unique de configuration pour toutes les imprimantes et plotters.<\/li>\n<li><strong>Simple mise en service<\/strong> sur l\u2019ensemble du r\u00e9seau sans le besoin de ressources administratives sur site.<\/li>\n<li><strong>Economies significatives<\/strong> en associant les co\u00fbts d\u2019impression aux comportements des utilisateurs.<\/li>\n<li><strong>Rapport qualit\u00e9 prix in\u00e9gal\u00e9<\/strong> parmi les solutions de contr\u00f4le d\u2019impression. Retour sur Investissement rapide.<\/li>\n<li><strong>Produit bas\u00e9 en ligne<\/strong> avec une interface ergonomique.<\/li>\n<\/ul>\n<p>[\/vc_column_text][\/vc_column_inner][\/vc_row_inner][\/vc_tta_section][vc_tta_section title=&#8221;D\u00e9couvrez comment Xerox peut vous aider&#8221; tab_id=&#8221;decouvrez-comment-xerox-peut-aider&#8221;][vc_row_inner][vc_column_inner css=&#8221;.vc_custom_1671204193889{padding-top: 20px !important;padding-bottom: 20px !important;padding-left: 20px !important;}&#8221; woodmart_css_id=&#8221;639c8d5cb3b38&#8243; parallax_scroll=&#8221;no&#8221; woodmart_sticky_column=&#8221;false&#8221; wd_collapsible_content_switcher=&#8221;no&#8221; wd_column_role_offcanvas_desktop=&#8221;no&#8221; wd_column_role_offcanvas_tablet=&#8221;no&#8221; wd_column_role_offcanvas_mobile=&#8221;no&#8221; wd_column_role_content_desktop=&#8221;no&#8221; wd_column_role_content_tablet=&#8221;no&#8221; wd_column_role_content_mobile=&#8221;no&#8221; mobile_bg_img_hidden=&#8221;no&#8221; tablet_bg_img_hidden=&#8221;no&#8221; woodmart_parallax=&#8221;0&#8243; woodmart_box_shadow=&#8221;no&#8221; responsive_spacing=&#8221;eyJwYXJhbV90eXBlIjoid29vZG1hcnRfcmVzcG9uc2l2ZV9zcGFjaW5nIiwic2VsZWN0b3JfaWQiOiI2MzljOGQ1Y2IzYjM4Iiwic2hvcnRjb2RlIjoidmNfY29sdW1uX2lubmVyIiwiZGF0YSI6eyJ0YWJsZXQiOnt9LCJtb2JpbGUiOnt9fX0=&#8221; wd_z_index=&#8221;no&#8221;][vc_column_text woodmart_inline=&#8221;no&#8221; text_larger=&#8221;no&#8221;]PaperCut MF offre une int\u00e9gration avec les appareils MFP Xerox pour un contr\u00f4le, suivi et comptabilisation des copies. Le but des logiciels embarqu\u00e9s de PaperCut MF est de fournir un contr\u00f4le des photocopies, scan, fax aussi riche que le contr\u00f4le des impressions.<\/p>\n<p>[\/vc_column_text][vc_column_text woodmart_inline=&#8221;no&#8221; text_larger=&#8221;no&#8221;]<\/p>\n<ul>\n<li><strong>Contr\u00f4le des co\u00fbts<\/strong> pour toute photocopie, impression, scan et fax<\/li>\n<li><strong>Gestion centralis\u00e9e<\/strong> des MFP\/Imprimantes et des utilisateurs \u00e0 partir d\u2019une simple interface accessible en ligne<\/li>\n<li><strong>Rapports et r\u00e9percussion<\/strong> des co\u00fbts par utilisateur, par service, par projet, par client, par point d\u2019impression, par appareil et par fonction<\/li>\n<li><strong>Acc\u00e8s s\u00e9curis\u00e9<\/strong> via une connexion nom utilisateur\/mot de passe, un num\u00e9ro Identifiant ID ou via une authentification par carte<\/li>\n<li><strong>Imposer<\/strong> une utilisation responsable via les r\u00e8gles mises en place et limiter et notifier avec les messages popup<\/li>\n<li><strong>Permet de s\u00e9curiser<\/strong> la lib\u00e9ration des impressions et l\u2019impression suivie (Impression Find Me)<\/li>\n<li><strong>Ind\u00e9pendant des fabricants<\/strong> supportant la plupart des syst\u00e8mes d\u2019exploitation et appareils<\/li>\n<li><strong>Coh\u00e9rence:<\/strong> La solution embarqu\u00e9e est d\u00e9velopp\u00e9e en interne par l\u2019\u00e9quipe de d\u00e9veloppement PaperCut en collaboration avec Xerox. Ceci assure une coh\u00e9rence entre l\u2019interface du copieur et de celle de la station de travail.<\/li>\n<li><strong>Int\u00e9gration:<\/strong> PaperCut est une solution int\u00e9gr\u00e9e et g\u00e9r\u00e9e par un seul syst\u00e8me. L\u2019application embarqu\u00e9e PaperCut interagit avec le serveur PaperCut utilisant le Service Oriented Architecture (SOA) et le Web services based protocols.<\/li>\n<li><strong>Fr\u00e9quence de d\u00e9veloppement:<\/strong> PaperCut d\u00e9veloppe des nouvelles fonctionnalit\u00e9s en permanence. On peut compter une nouvelle version tous les deux mois qui est disponible directement pour les utilisateurs de PaperCut.<\/li>\n<li><strong>Securit\u00e9:<\/strong> Toutes les applications embarqu\u00e9es sont d\u00e9velopp\u00e9es avec des exigences de s\u00e9curit\u00e9. Lorsque les objectifs de s\u00e9curit\u00e9 ne sont pas remplis, ces informations sont publi\u00e9es aussi.<\/li>\n<li><strong>Appareils supports:<\/strong> PaperCut s\u2019int\u00e8gre avec les MFP Xerox avec Network Accounting \/ JBA<\/li>\n<\/ul>\n<p>[\/vc_column_text][\/vc_column_inner][\/vc_row_inner][\/vc_tta_section][\/vc_tta_accordion][vc_row_inner][vc_column_inner width=&#8221;1\/2&#8243;][vc_video link=&#8221;https:\/\/youtu.be\/xDYOssd8uEo&#8221; image_poster_switch=&#8221;no&#8221;][\/vc_column_inner][vc_column_inner width=&#8221;1\/2&#8243;][vc_video link=&#8221;https:\/\/youtu.be\/LyjYelXt3Rg&#8221; image_poster_switch=&#8221;no&#8221;][\/vc_column_inner][\/vc_row_inner][\/vc_column][\/vc_row][vc_row full_width=&#8221;stretch_row&#8221; content_placement=&#8221;middle&#8221; basel_parallax=&#8221;1&#8243; css=&#8221;.vc_custom_1532665901855{margin-bottom: -40px !important;padding-top: 20px !important;padding-bottom: 20px !important;background-color: #f7f7f7 !important;background-position: center !important;background-repeat: no-repeat !important;background-size: cover !important;}&#8221;][vc_column width=&#8221;5\/6&#8243; basel_color_scheme=&#8221;light&#8221; css=&#8221;.vc_custom_1486390038165{padding-top: 20px !important;padding-bottom: 20px !important;}&#8221;][vc_custom_heading text=&#8221;Contactez-nous pour en savoir plus !&#8221; font_container=&#8221;tag:h2|font_size:32|text_align:left|color:%23000000&#8243; use_theme_fonts=&#8221;yes&#8221; css=&#8221;.vc_custom_1758629377633{margin-bottom: 5px !important;}&#8221;][\/vc_column][vc_column width=&#8221;1\/6&#8243; css=&#8221;.vc_custom_1486390042993{padding-top: 20px !important;padding-bottom: 20px !important;}&#8221;]<div id=\"wd-63bd3295b3bba\" class=\" wd-rs-63bd3295b3bba  wd-button-wrapper text-center\"><a href=\"\/fr\/contact\" title=\"\" class=\"btn btn-color-primary btn-style-default btn-shape-rectangle btn-size-large\">CONTACT<\/a><\/div>[\/vc_column][\/vc_row]<\/p>\n<\/div>","protected":false},"excerpt":{"rendered":"<p>[vc_row css=&#8221;.vc_custom_1493105985388{margin-bottom: 5vh !important;}&#8221;][vc_column 0=&#8221;&#8221;][vc_empty_space height=&#8221;50px&#8221;][vc_custom_heading text=&#8221;Pr\u00e9sentation g\u00e9n\u00e9rale&#8221; font_container=&#8221;tag:p|font_size:70|text_align:center|color:rgba(124%2C124%2C124%2C0.05)|line_height:1&#8243; use_theme_fonts=&#8221;yes&#8221; css=&#8221;.vc_custom_1758629218335{margin-bottom: -90px !important;}&#8221; el_class=&#8221;hidden-xs&#8221;][vc_column_text woodmart_inline=&#8221;no&#8221; text_larger=&#8221;no&#8221;] PaperCut MF est un<\/p>\n","protected":false},"author":1,"featured_media":0,"parent":2737,"menu_order":0,"comment_status":"closed","ping_status":"closed","template":"","meta":{"footnotes":""},"class_list":["post-4290","page","type-page","status-publish","hentry"],"yoast_head":"<!-- This site is optimized with the Yoast SEO plugin v25.9 - https:\/\/yoast.com\/wordpress\/plugins\/seo\/ -->\n<title>Papercut cloud - D&amp;O Partners<\/title>\n<meta name=\"robots\" content=\"index, follow, max-snippet:-1, max-image-preview:large, max-video-preview:-1\" \/>\n<link rel=\"canonical\" href=\"https:\/\/www.dopartners.be\/fr\/solutions\/mobilite-cloud\/papercut-cloud\/\" \/>\n<meta property=\"og:locale\" content=\"fr_FR\" \/>\n<meta property=\"og:type\" content=\"article\" \/>\n<meta property=\"og:title\" content=\"Papercut cloud - D&amp;O Partners\" \/>\n<meta property=\"og:description\" content=\"[vc_row css=&#8221;.vc_custom_1493105985388{margin-bottom: 5vh !important;}&#8221;][vc_column 0=&#8221;&#8221;][vc_empty_space height=&#8221;50px&#8221;][vc_custom_heading text=&#8221;Pr\u00e9sentation g\u00e9n\u00e9rale&#8221; font_container=&#8221;tag:p|font_size:70|text_align:center|color:rgba(124%2C124%2C124%2C0.05)|line_height:1&#8243; use_theme_fonts=&#8221;yes&#8221; css=&#8221;.vc_custom_1758629218335{margin-bottom: -90px !important;}&#8221; el_class=&#8221;hidden-xs&#8221;][vc_column_text woodmart_inline=&#8221;no&#8221; text_larger=&#8221;no&#8221;] PaperCut MF est un\" \/>\n<meta property=\"og:url\" content=\"https:\/\/www.dopartners.be\/fr\/solutions\/mobilite-cloud\/papercut-cloud\/\" \/>\n<meta property=\"og:site_name\" content=\"D&amp;O Partners\" \/>\n<meta property=\"article:publisher\" content=\"https:\/\/www.facebook.com\/DOPartnersXerox\" \/>\n<meta property=\"article:modified_time\" content=\"2026-02-16T09:08:29+00:00\" \/>\n<meta property=\"og:image\" content=\"https:\/\/www.dopartners.be\/wp-content\/uploads\/2017\/11\/DO-partners-logo.png\" \/>\n\t<meta property=\"og:image:width\" content=\"135\" \/>\n\t<meta property=\"og:image:height\" content=\"100\" \/>\n\t<meta property=\"og:image:type\" content=\"image\/png\" \/>\n<meta name=\"twitter:card\" content=\"summary_large_image\" \/>\n<meta name=\"twitter:label1\" content=\"Dur\u00e9e de lecture est.\" \/>\n\t<meta name=\"twitter:data1\" content=\"5 minutes\" \/>\n<script type=\"application\/ld+json\" class=\"yoast-schema-graph\">{\"@context\":\"https:\/\/schema.org\",\"@graph\":[{\"@type\":\"WebPage\",\"@id\":\"https:\/\/www.dopartners.be\/fr\/solutions\/mobilite-cloud\/papercut-cloud\/\",\"url\":\"https:\/\/www.dopartners.be\/fr\/solutions\/mobilite-cloud\/papercut-cloud\/\",\"name\":\"Papercut cloud - D&amp;O Partners\",\"isPartOf\":{\"@id\":\"https:\/\/www.dopartners.be\/fr\/#website\"},\"datePublished\":\"2022-12-01T12:18:14+00:00\",\"dateModified\":\"2026-02-16T09:08:29+00:00\",\"breadcrumb\":{\"@id\":\"https:\/\/www.dopartners.be\/fr\/solutions\/mobilite-cloud\/papercut-cloud\/#breadcrumb\"},\"inLanguage\":\"fr-BE\",\"potentialAction\":[{\"@type\":\"ReadAction\",\"target\":[\"https:\/\/www.dopartners.be\/fr\/solutions\/mobilite-cloud\/papercut-cloud\/\"]}]},{\"@type\":\"BreadcrumbList\",\"@id\":\"https:\/\/www.dopartners.be\/fr\/solutions\/mobilite-cloud\/papercut-cloud\/#breadcrumb\",\"itemListElement\":[{\"@type\":\"ListItem\",\"position\":1,\"name\":\"Home\",\"item\":\"https:\/\/www.dopartners.be\/fr\/\"},{\"@type\":\"ListItem\",\"position\":2,\"name\":\"Solutions\",\"item\":\"https:\/\/www.dopartners.be\/fr\/solutions\/\"},{\"@type\":\"ListItem\",\"position\":3,\"name\":\"Cloud\",\"item\":\"https:\/\/www.dopartners.be\/fr\/solutions\/mobilite-cloud\/\"},{\"@type\":\"ListItem\",\"position\":4,\"name\":\"Papercut cloud\"}]},{\"@type\":\"WebSite\",\"@id\":\"https:\/\/www.dopartners.be\/fr\/#website\",\"url\":\"https:\/\/www.dopartners.be\/fr\/\",\"name\":\"D&amp;O Partners\",\"description\":\"Concessionnaire Xerox autoris\u00e9 \u00e0 Bruxelles\",\"publisher\":{\"@id\":\"https:\/\/www.dopartners.be\/fr\/#organization\"},\"alternateName\":\"DO Partners\",\"potentialAction\":[{\"@type\":\"SearchAction\",\"target\":{\"@type\":\"EntryPoint\",\"urlTemplate\":\"https:\/\/www.dopartners.be\/fr\/?s={search_term_string}\"},\"query-input\":{\"@type\":\"PropertyValueSpecification\",\"valueRequired\":true,\"valueName\":\"search_term_string\"}}],\"inLanguage\":\"fr-BE\"},{\"@type\":\"Organization\",\"@id\":\"https:\/\/www.dopartners.be\/fr\/#organization\",\"name\":\"DO PARTNERS\",\"url\":\"https:\/\/www.dopartners.be\/fr\/\",\"logo\":{\"@type\":\"ImageObject\",\"inLanguage\":\"fr-BE\",\"@id\":\"https:\/\/www.dopartners.be\/fr\/#\/schema\/logo\/image\/\",\"url\":\"https:\/\/www.dopartners.be\/wp-content\/uploads\/2017\/11\/DO-partners-logo.png\",\"contentUrl\":\"https:\/\/www.dopartners.be\/wp-content\/uploads\/2017\/11\/DO-partners-logo.png\",\"width\":135,\"height\":100,\"caption\":\"DO PARTNERS\"},\"image\":{\"@id\":\"https:\/\/www.dopartners.be\/fr\/#\/schema\/logo\/image\/\"},\"sameAs\":[\"https:\/\/www.facebook.com\/DOPartnersXerox\",\"https:\/\/www.youtube.com\/@dopartners\",\"https:\/\/www.linkedin.com\/company\/d&amp;o-partners\/\"]}]}<\/script>\n<!-- \/ Yoast SEO plugin. -->","yoast_head_json":{"title":"Papercut cloud - D&amp;O Partners","robots":{"index":"index","follow":"follow","max-snippet":"max-snippet:-1","max-image-preview":"max-image-preview:large","max-video-preview":"max-video-preview:-1"},"canonical":"https:\/\/www.dopartners.be\/fr\/solutions\/mobilite-cloud\/papercut-cloud\/","og_locale":"fr_FR","og_type":"article","og_title":"Papercut cloud - D&amp;O Partners","og_description":"[vc_row css=&#8221;.vc_custom_1493105985388{margin-bottom: 5vh !important;}&#8221;][vc_column 0=&#8221;&#8221;][vc_empty_space height=&#8221;50px&#8221;][vc_custom_heading text=&#8221;Pr\u00e9sentation g\u00e9n\u00e9rale&#8221; font_container=&#8221;tag:p|font_size:70|text_align:center|color:rgba(124%2C124%2C124%2C0.05)|line_height:1&#8243; use_theme_fonts=&#8221;yes&#8221; css=&#8221;.vc_custom_1758629218335{margin-bottom: -90px !important;}&#8221; el_class=&#8221;hidden-xs&#8221;][vc_column_text woodmart_inline=&#8221;no&#8221; text_larger=&#8221;no&#8221;] PaperCut MF est un","og_url":"https:\/\/www.dopartners.be\/fr\/solutions\/mobilite-cloud\/papercut-cloud\/","og_site_name":"D&amp;O Partners","article_publisher":"https:\/\/www.facebook.com\/DOPartnersXerox","article_modified_time":"2026-02-16T09:08:29+00:00","og_image":[{"width":135,"height":100,"url":"https:\/\/www.dopartners.be\/wp-content\/uploads\/2017\/11\/DO-partners-logo.png","type":"image\/png"}],"twitter_card":"summary_large_image","twitter_misc":{"Dur\u00e9e de lecture est.":"5 minutes"},"schema":{"@context":"https:\/\/schema.org","@graph":[{"@type":"WebPage","@id":"https:\/\/www.dopartners.be\/fr\/solutions\/mobilite-cloud\/papercut-cloud\/","url":"https:\/\/www.dopartners.be\/fr\/solutions\/mobilite-cloud\/papercut-cloud\/","name":"Papercut cloud - D&amp;O Partners","isPartOf":{"@id":"https:\/\/www.dopartners.be\/fr\/#website"},"datePublished":"2022-12-01T12:18:14+00:00","dateModified":"2026-02-16T09:08:29+00:00","breadcrumb":{"@id":"https:\/\/www.dopartners.be\/fr\/solutions\/mobilite-cloud\/papercut-cloud\/#breadcrumb"},"inLanguage":"fr-BE","potentialAction":[{"@type":"ReadAction","target":["https:\/\/www.dopartners.be\/fr\/solutions\/mobilite-cloud\/papercut-cloud\/"]}]},{"@type":"BreadcrumbList","@id":"https:\/\/www.dopartners.be\/fr\/solutions\/mobilite-cloud\/papercut-cloud\/#breadcrumb","itemListElement":[{"@type":"ListItem","position":1,"name":"Home","item":"https:\/\/www.dopartners.be\/fr\/"},{"@type":"ListItem","position":2,"name":"Solutions","item":"https:\/\/www.dopartners.be\/fr\/solutions\/"},{"@type":"ListItem","position":3,"name":"Cloud","item":"https:\/\/www.dopartners.be\/fr\/solutions\/mobilite-cloud\/"},{"@type":"ListItem","position":4,"name":"Papercut cloud"}]},{"@type":"WebSite","@id":"https:\/\/www.dopartners.be\/fr\/#website","url":"https:\/\/www.dopartners.be\/fr\/","name":"D&amp;O Partners","description":"Concessionnaire Xerox autoris\u00e9 \u00e0 Bruxelles","publisher":{"@id":"https:\/\/www.dopartners.be\/fr\/#organization"},"alternateName":"DO Partners","potentialAction":[{"@type":"SearchAction","target":{"@type":"EntryPoint","urlTemplate":"https:\/\/www.dopartners.be\/fr\/?s={search_term_string}"},"query-input":{"@type":"PropertyValueSpecification","valueRequired":true,"valueName":"search_term_string"}}],"inLanguage":"fr-BE"},{"@type":"Organization","@id":"https:\/\/www.dopartners.be\/fr\/#organization","name":"DO PARTNERS","url":"https:\/\/www.dopartners.be\/fr\/","logo":{"@type":"ImageObject","inLanguage":"fr-BE","@id":"https:\/\/www.dopartners.be\/fr\/#\/schema\/logo\/image\/","url":"https:\/\/www.dopartners.be\/wp-content\/uploads\/2017\/11\/DO-partners-logo.png","contentUrl":"https:\/\/www.dopartners.be\/wp-content\/uploads\/2017\/11\/DO-partners-logo.png","width":135,"height":100,"caption":"DO PARTNERS"},"image":{"@id":"https:\/\/www.dopartners.be\/fr\/#\/schema\/logo\/image\/"},"sameAs":["https:\/\/www.facebook.com\/DOPartnersXerox","https:\/\/www.youtube.com\/@dopartners","https:\/\/www.linkedin.com\/company\/d&amp;o-partners\/"]}]}},"_links":{"self":[{"href":"https:\/\/www.dopartners.be\/fr\/wp-json\/wp\/v2\/pages\/4290","targetHints":{"allow":["GET"]}}],"collection":[{"href":"https:\/\/www.dopartners.be\/fr\/wp-json\/wp\/v2\/pages"}],"about":[{"href":"https:\/\/www.dopartners.be\/fr\/wp-json\/wp\/v2\/types\/page"}],"author":[{"embeddable":true,"href":"https:\/\/www.dopartners.be\/fr\/wp-json\/wp\/v2\/users\/1"}],"replies":[{"embeddable":true,"href":"https:\/\/www.dopartners.be\/fr\/wp-json\/wp\/v2\/comments?post=4290"}],"version-history":[{"count":0,"href":"https:\/\/www.dopartners.be\/fr\/wp-json\/wp\/v2\/pages\/4290\/revisions"}],"up":[{"embeddable":true,"href":"https:\/\/www.dopartners.be\/fr\/wp-json\/wp\/v2\/pages\/2737"}],"wp:attachment":[{"href":"https:\/\/www.dopartners.be\/fr\/wp-json\/wp\/v2\/media?parent=4290"}],"curies":[{"name":"wp","href":"https:\/\/api.w.org\/{rel}","templated":true}]}}