{"id":4307,"date":"2022-12-01T14:13:41","date_gmt":"2022-12-01T13:13:41","guid":{"rendered":"https:\/\/www.dopartners.be\/?page_id=4307"},"modified":"2026-02-16T10:17:19","modified_gmt":"2026-02-16T09:17:19","slug":"tbc-app","status":"publish","type":"page","link":"https:\/\/www.dopartners.be\/fr\/solutions\/mobilite-cloud\/tbc-app\/","title":{"rendered":"Applications propos\u00e9es par TBC"},"content":{"rendered":"<div class=\"wpb-content-wrapper\"><p>[vc_row css=&#8221;.vc_custom_1493105985388{margin-bottom: 5vh !important;}&#8221;][vc_column 0=&#8221;&#8221;][vc_empty_space height=&#8221;50px&#8221;][vc_custom_heading text=&#8221;APP TBC&#8221; font_container=&#8221;tag:p|font_size:70|text_align:center|color:rgba(124%2C124%2C124%2C0.05)|line_height:1&#8243; use_theme_fonts=&#8221;yes&#8221; css=&#8221;.vc_custom_1758628916984{margin-bottom: -90px !important;}&#8221; el_class=&#8221;hidden-xs&#8221;]\n\t\t<div id=\"wd-68d28bb936598\" class=\"title-wrapper wd-wpb wd-set-mb reset-last-child  wd-rs-68d28bb936598 wd-title-color-primary wd-title-style-default text-center  wd-width-enabled wd-underline-colored\" style=\"--wd-max-width: 70%;\">\n\t\t\t\t\t\t\t\n\t\t\t\t<div class=\"title-subtitle  subtitle-color-primary font-default subtitle-style-default wd-font-weight- wd-fontsize-xs\"><strong>CLOUD<\/strong><\/div>\n\t\t\t\n\t\t\t<div class=\"liner-continer\">\n\t\t\t\t<h1 class=\"woodmart-title-container title  wd-font-weight- wd-fontsize-xxl\" >Applications propos\u00e9es par TBC<\/h1>\n\t\t\t\t\t\t\t<\/div>\n\t\t\t\n\t\t\t\n\t\t\t\n\t\t<\/div>\n\t\t\n\t\t[vc_column_text woodmart_inline=&#8221;no&#8221; text_larger=&#8221;no&#8221;]<\/p>\n<p style=\"text-align: center;\">Des applications pour votre MFP Xerox<\/p>\n<p>[\/vc_column_text][\/vc_column][\/vc_row][vc_row el_class=&#8221;app_tbc&#8221; woodmart_css_id=&#8221;63a5a6486cdfa&#8221; responsive_spacing=&#8221;eyJwYXJhbV90eXBlIjoid29vZG1hcnRfcmVzcG9uc2l2ZV9zcGFjaW5nIiwic2VsZWN0b3JfaWQiOiI2M2E1YTY0ODZjZGZhIiwic2hvcnRjb2RlIjoidmNfcm93IiwiZGF0YSI6eyJ0YWJsZXQiOnt9LCJtb2JpbGUiOnt9fX0=&#8221; mobile_bg_img_hidden=&#8221;no&#8221; tablet_bg_img_hidden=&#8221;no&#8221; woodmart_parallax=&#8221;0&#8243; woodmart_gradient_switch=&#8221;no&#8221; woodmart_box_shadow=&#8221;no&#8221; wd_z_index=&#8221;no&#8221; woodmart_disable_overflow=&#8221;0&#8243; row_reverse_mobile=&#8221;0&#8243; row_reverse_tablet=&#8221;0&#8243;][vc_column width=&#8221;1\/2&#8243;][vc_row_inner][vc_column_inner width=&#8221;1\/4&#8243;][vc_single_image image=&#8221;4311&#8243; parallax_scroll=&#8221;no&#8221; woodmart_inline=&#8221;no&#8221;][\/vc_column_inner][vc_column_inner width=&#8221;3\/4&#8243;]\n\t\t<div id=\"wd-68d28bc7c89ab\" class=\"title-wrapper wd-wpb wd-set-mb reset-last-child  wd-rs-68d28bc7c89ab wd-title-color-primary wd-title-style-default text-left  wd-width-enabled wd-underline-colored\" style=\"--wd-max-width: 70%;\">\n\t\t\t\n\t\t\t<div class=\"liner-continer\">\n\t\t\t\t<h2 class=\"woodmart-title-container title  wd-font-weight- wd-fontsize-m\" >Easy Converter<\/h2>\n\t\t\t\t\t\t\t<\/div>\n\t\t\t\n\t\t\t\n\t\t\t\n\t\t<\/div>\n\t\t\n\t\t[vc_column_text woodmart_inline=&#8221;no&#8221; text_larger=&#8221;no&#8221;]Convertissez facilement et en quelques secondes vos originaux en documents Word, Excel ou Powerpoint. Avec Easy Converter la conversion est simple, rapide et se fait en local. Que vous exerciez dans le domaine du l\u00e9gal, du m\u00e9dical ou d\u2019autres secteurs, les donn\u00e9es restent chez vous.[\/vc_column_text][\/vc_column_inner][\/vc_row_inner][\/vc_column][vc_column width=&#8221;1\/2&#8243;][vc_row_inner][vc_column_inner width=&#8221;1\/4&#8243;][vc_single_image image=&#8221;4314&#8243; parallax_scroll=&#8221;no&#8221; woodmart_inline=&#8221;no&#8221;][\/vc_column_inner][vc_column_inner width=&#8221;3\/4&#8243;]\n\t\t<div id=\"wd-68d28bd0871fa\" class=\"title-wrapper wd-wpb wd-set-mb reset-last-child  wd-rs-68d28bd0871fa wd-title-color-primary wd-title-style-default text-left  wd-width-enabled wd-underline-colored\" style=\"--wd-max-width: 70%;\">\n\t\t\t\n\t\t\t<div class=\"liner-continer\">\n\t\t\t\t<h2 class=\"woodmart-title-container title  wd-font-weight- wd-fontsize-m\" >Ecobox<\/h2>\n\t\t\t\t\t\t\t<\/div>\n\t\t\t\n\t\t\t\n\t\t\t\n\t\t<\/div>\n\t\t\n\t\t[vc_column_text woodmart_inline=&#8221;no&#8221; text_larger=&#8221;no&#8221;]Une application vous permettant de commander des Ecobox vides et de demander le retrait des Ecobox pleins facilement depuis votre multi-fonctions XEROX.[\/vc_column_text][\/vc_column_inner][\/vc_row_inner][\/vc_column][\/vc_row][vc_row el_class=&#8221;app_tbc&#8221; woodmart_css_id=&#8221;63a5a655f2b10&#8243; responsive_spacing=&#8221;eyJwYXJhbV90eXBlIjoid29vZG1hcnRfcmVzcG9uc2l2ZV9zcGFjaW5nIiwic2VsZWN0b3JfaWQiOiI2M2E1YTY1NWYyYjEwIiwic2hvcnRjb2RlIjoidmNfcm93IiwiZGF0YSI6eyJ0YWJsZXQiOnt9LCJtb2JpbGUiOnt9fX0=&#8221; mobile_bg_img_hidden=&#8221;no&#8221; tablet_bg_img_hidden=&#8221;no&#8221; woodmart_parallax=&#8221;0&#8243; woodmart_gradient_switch=&#8221;no&#8221; woodmart_box_shadow=&#8221;no&#8221; wd_z_index=&#8221;no&#8221; woodmart_disable_overflow=&#8221;0&#8243; row_reverse_mobile=&#8221;0&#8243; row_reverse_tablet=&#8221;0&#8243;][vc_column width=&#8221;1\/2&#8243;][vc_row_inner][vc_column_inner width=&#8221;1\/4&#8243;][vc_single_image image=&#8221;4314&#8243; parallax_scroll=&#8221;no&#8221; woodmart_inline=&#8221;no&#8221;][\/vc_column_inner][vc_column_inner width=&#8221;3\/4&#8243;]\n\t\t<div id=\"wd-68d28bd871742\" class=\"title-wrapper wd-wpb wd-set-mb reset-last-child  wd-rs-68d28bd871742 wd-title-color-primary wd-title-style-default text-left  wd-width-enabled wd-underline-colored\" style=\"--wd-max-width: 70%;\">\n\t\t\t\n\t\t\t<div class=\"liner-continer\">\n\t\t\t\t<h2 class=\"woodmart-title-container title  wd-font-weight- wd-fontsize-m\" >Ecobox Europe<\/h2>\n\t\t\t\t\t\t\t<\/div>\n\t\t\t\n\t\t\t\n\t\t\t\n\t\t<\/div>\n\t\t\n\t\t[vc_column_text woodmart_inline=&#8221;no&#8221; text_larger=&#8221;no&#8221;]Utilisez les programmes de recyclage de Xerox pour prot\u00e9ger la plan\u00e8te. Ecobox Europe vous donne acc\u00e8s aux programmes Ecobox et renvoi de consommables individuels .[\/vc_column_text][\/vc_column_inner][\/vc_row_inner][\/vc_column][vc_column width=&#8221;1\/2&#8243;][vc_row_inner][vc_column_inner width=&#8221;1\/4&#8243;][vc_single_image image=&#8221;4332&#8243; parallax_scroll=&#8221;no&#8221; woodmart_inline=&#8221;no&#8221;][\/vc_column_inner][vc_column_inner width=&#8221;3\/4&#8243;]\n\t\t<div id=\"wd-68d28bde98015\" class=\"title-wrapper wd-wpb wd-set-mb reset-last-child  wd-rs-68d28bde98015 wd-title-color-primary wd-title-style-default text-left  wd-width-enabled wd-underline-colored\" style=\"--wd-max-width: 70%;\">\n\t\t\t\n\t\t\t<div class=\"liner-continer\">\n\t\t\t\t<h2 class=\"woodmart-title-container title  wd-font-weight- wd-fontsize-m\" >Track &amp; Trace<\/h2>\n\t\t\t\t\t\t\t<\/div>\n\t\t\t\n\t\t\t\n\t\t\t\n\t\t<\/div>\n\t\t\n\t\t[vc_column_text woodmart_inline=&#8221;no&#8221; text_larger=&#8221;no&#8221;]Track &amp; Trace permet de suivre l&#8217;avancement des commandes de consommables Xerox et d&#8217;obtenir la preuve de livraison n\u00e9cessaire, directement depuis l&#8217;\u00e9cran tactile de l&#8217;appareil.[\/vc_column_text][\/vc_column_inner][\/vc_row_inner][\/vc_column][\/vc_row][vc_row el_class=&#8221;app_tbc&#8221; woodmart_css_id=&#8221;63a5a65cb30ff&#8221; responsive_spacing=&#8221;eyJwYXJhbV90eXBlIjoid29vZG1hcnRfcmVzcG9uc2l2ZV9zcGFjaW5nIiwic2VsZWN0b3JfaWQiOiI2M2E1YTY1Y2IzMGZmIiwic2hvcnRjb2RlIjoidmNfcm93IiwiZGF0YSI6eyJ0YWJsZXQiOnt9LCJtb2JpbGUiOnt9fX0=&#8221; mobile_bg_img_hidden=&#8221;no&#8221; tablet_bg_img_hidden=&#8221;no&#8221; woodmart_parallax=&#8221;0&#8243; woodmart_gradient_switch=&#8221;no&#8221; woodmart_box_shadow=&#8221;no&#8221; wd_z_index=&#8221;no&#8221; woodmart_disable_overflow=&#8221;0&#8243; row_reverse_mobile=&#8221;0&#8243; row_reverse_tablet=&#8221;0&#8243;][vc_column width=&#8221;1\/2&#8243;][vc_row_inner][vc_column_inner width=&#8221;1\/4&#8243;][vc_single_image image=&#8221;4326&#8243; parallax_scroll=&#8221;no&#8221; woodmart_inline=&#8221;no&#8221;][\/vc_column_inner][vc_column_inner width=&#8221;3\/4&#8243;]\n\t\t<div id=\"wd-68d28be733c1f\" class=\"title-wrapper wd-wpb wd-set-mb reset-last-child  wd-rs-68d28be733c1f wd-title-color-primary wd-title-style-default text-left  wd-width-enabled wd-underline-colored\" style=\"--wd-max-width: 70%;\">\n\t\t\t\n\t\t\t<div class=\"liner-continer\">\n\t\t\t\t<h2 class=\"woodmart-title-container title  wd-font-weight- wd-fontsize-m\" >OVH Fax Pro<\/h2>\n\t\t\t\t\t\t\t<\/div>\n\t\t\t\n\t\t\t\n\t\t\t\n\t\t<\/div>\n\t\t\n\t\t[vc_column_text woodmart_inline=&#8221;no&#8221; text_larger=&#8221;no&#8221;]Envoyez des fax directement depuis votre p\u00e9riph\u00e9rique multifonction XEROX sans installation physique ou abonnement co\u00fbteux. Il vous suffit seulement de souscrire un abonnement aupr\u00e8s d&#8217;OVH (\u00e0 partir de 1 \u20ac \/ mois).[\/vc_column_text][\/vc_column_inner][\/vc_row_inner][\/vc_column][vc_column width=&#8221;1\/2&#8243;][vc_row_inner][vc_column_inner width=&#8221;1\/4&#8243;][vc_single_image image=&#8221;4317&#8243; parallax_scroll=&#8221;no&#8221; woodmart_inline=&#8221;no&#8221;][\/vc_column_inner][vc_column_inner width=&#8221;3\/4&#8243;]\n\t\t<div id=\"wd-68d28bedbbf4c\" class=\"title-wrapper wd-wpb wd-set-mb reset-last-child  wd-rs-68d28bedbbf4c wd-title-color-primary wd-title-style-default text-left  wd-width-enabled wd-underline-colored\" style=\"--wd-max-width: 70%;\">\n\t\t\t\n\t\t\t<div class=\"liner-continer\">\n\t\t\t\t<h2 class=\"woodmart-title-container title  wd-font-weight- wd-fontsize-m\" >My Digital Registered Letter<\/h2>\n\t\t\t\t\t\t\t<\/div>\n\t\t\t\n\t\t\t\n\t\t\t\n\t\t<\/div>\n\t\t\n\t\t[vc_column_text woodmart_inline=&#8221;no&#8221; text_larger=&#8221;no&#8221;]En partenariat avec AR24, My Digital Registered Letter est un service vous permettant d&#8217;envoyer des recommand\u00e9s \u00e9lectroniques de norme eIDAS directement depuis votre multi-fonctions XEROX.[\/vc_column_text][\/vc_column_inner][\/vc_row_inner][\/vc_column][\/vc_row][vc_row el_class=&#8221;app_tbc&#8221; woodmart_css_id=&#8221;63a5a6625448e&#8221; responsive_spacing=&#8221;eyJwYXJhbV90eXBlIjoid29vZG1hcnRfcmVzcG9uc2l2ZV9zcGFjaW5nIiwic2VsZWN0b3JfaWQiOiI2M2E1YTY2MjU0NDhlIiwic2hvcnRjb2RlIjoidmNfcm93IiwiZGF0YSI6eyJ0YWJsZXQiOnt9LCJtb2JpbGUiOnt9fX0=&#8221; mobile_bg_img_hidden=&#8221;no&#8221; tablet_bg_img_hidden=&#8221;no&#8221; woodmart_parallax=&#8221;0&#8243; woodmart_gradient_switch=&#8221;no&#8221; woodmart_box_shadow=&#8221;no&#8221; wd_z_index=&#8221;no&#8221; woodmart_disable_overflow=&#8221;0&#8243; row_reverse_mobile=&#8221;0&#8243; row_reverse_tablet=&#8221;0&#8243;][vc_column width=&#8221;1\/2&#8243;][vc_row_inner][vc_column_inner width=&#8221;1\/4&#8243;][vc_single_image image=&#8221;4308&#8243; parallax_scroll=&#8221;no&#8221; woodmart_inline=&#8221;no&#8221;][\/vc_column_inner][vc_column_inner width=&#8221;3\/4&#8243;]\n\t\t<div id=\"wd-68d28bf42a781\" class=\"title-wrapper wd-wpb wd-set-mb reset-last-child  wd-rs-68d28bf42a781 wd-title-color-primary wd-title-style-default text-left  wd-width-enabled wd-underline-colored\" style=\"--wd-max-width: 70%;\">\n\t\t\t\n\t\t\t<div class=\"liner-continer\">\n\t\t\t\t<h2 class=\"woodmart-title-container title  wd-font-weight- wd-fontsize-m\" >e-toner<\/h2>\n\t\t\t\t\t\t\t<\/div>\n\t\t\t\n\t\t\t\n\t\t\t\n\t\t<\/div>\n\t\t\n\t\t[vc_column_text woodmart_inline=&#8221;no&#8221; text_larger=&#8221;no&#8221;]e-toner vous permet de simplifier la commande de toners et consommables sur les \u00e9quipements A4 et tous les Versalink. L\u2019utilisateur peut commander chez vous ses consommables en deux ou trois clicks et en quelques secondes. e-toner est la solution id\u00e9ale pour l\u2019approvisionnement en consommables des produits toner out.[\/vc_column_text][\/vc_column_inner][\/vc_row_inner][\/vc_column][vc_column width=&#8221;1\/2&#8243;][vc_row_inner][vc_column_inner width=&#8221;1\/4&#8243;][vc_single_image image=&#8221;4320&#8243; parallax_scroll=&#8221;no&#8221; woodmart_inline=&#8221;no&#8221;][\/vc_column_inner][vc_column_inner width=&#8221;3\/4&#8243;]\n\t\t<div id=\"wd-68d28bfad000b\" class=\"title-wrapper wd-wpb wd-set-mb reset-last-child  wd-rs-68d28bfad000b wd-title-color-primary wd-title-style-default text-left  wd-width-enabled wd-underline-colored\" style=\"--wd-max-width: 70%;\">\n\t\t\t\n\t\t\t<div class=\"liner-continer\">\n\t\t\t\t<h2 class=\"woodmart-title-container title  wd-font-weight- wd-fontsize-m\" >M-Files Connect<\/h2>\n\t\t\t\t\t\t\t<\/div>\n\t\t\t\n\t\t\t\n\t\t\t\n\t\t<\/div>\n\t\t\n\t\t[vc_column_text woodmart_inline=&#8221;no&#8221; text_larger=&#8221;no&#8221;]L&#8217;application M-Files Connect vous permet de d\u00e9poser dans M-Files les documents scann\u00e9s, de fa\u00e7on pertinente en fonction de leurs m\u00e9ta-donn\u00e9es. Gr\u00e2ce \u00e0 M-Files Connect vous pouvez le faire facilement en quelques secondes.[\/vc_column_text][\/vc_column_inner][\/vc_row_inner][\/vc_column][\/vc_row][vc_row el_class=&#8221;app_tbc&#8221; woodmart_css_id=&#8221;63a5a668a8321&#8243; responsive_spacing=&#8221;eyJwYXJhbV90eXBlIjoid29vZG1hcnRfcmVzcG9uc2l2ZV9zcGFjaW5nIiwic2VsZWN0b3JfaWQiOiI2M2E1YTY2OGE4MzIxIiwic2hvcnRjb2RlIjoidmNfcm93IiwiZGF0YSI6eyJ0YWJsZXQiOnt9LCJtb2JpbGUiOnt9fX0=&#8221; mobile_bg_img_hidden=&#8221;no&#8221; tablet_bg_img_hidden=&#8221;no&#8221; woodmart_parallax=&#8221;0&#8243; woodmart_gradient_switch=&#8221;no&#8221; woodmart_box_shadow=&#8221;no&#8221; wd_z_index=&#8221;no&#8221; woodmart_disable_overflow=&#8221;0&#8243; row_reverse_mobile=&#8221;0&#8243; row_reverse_tablet=&#8221;0&#8243;][vc_column width=&#8221;1\/2&#8243;][vc_row_inner][vc_column_inner width=&#8221;1\/4&#8243;][vc_single_image image=&#8221;4329&#8243; parallax_scroll=&#8221;no&#8221; woodmart_inline=&#8221;no&#8221;][\/vc_column_inner][vc_column_inner width=&#8221;3\/4&#8243;]\n\t\t<div id=\"wd-68d28c01a22f9\" class=\"title-wrapper wd-wpb wd-set-mb reset-last-child  wd-rs-68d28c01a22f9 wd-title-color-primary wd-title-style-default text-left  wd-width-enabled wd-underline-colored\" style=\"--wd-max-width: 70%;\">\n\t\t\t\n\t\t\t<div class=\"liner-continer\">\n\t\t\t\t<h2 class=\"woodmart-title-container title  wd-font-weight- wd-fontsize-m\" >Scan to Zoho<\/h2>\n\t\t\t\t\t\t\t<\/div>\n\t\t\t\n\t\t\t\n\t\t\t\n\t\t<\/div>\n\t\t\n\t\t[vc_column_text woodmart_inline=&#8221;no&#8221; text_larger=&#8221;no&#8221;]L&#8217;application Scan to Zoho vous permet d&#8217;envoyer depuis votre multi-fonctions Xerox un document vers votre compte Zoho CRM tout en l&#8217;indexant.[\/vc_column_text][\/vc_column_inner][\/vc_row_inner][\/vc_column][vc_column width=&#8221;1\/2&#8243;][vc_row_inner][vc_column_inner width=&#8221;1\/4&#8243;][vc_single_image image=&#8221;4323&#8243; parallax_scroll=&#8221;no&#8221; woodmart_inline=&#8221;no&#8221;][\/vc_column_inner][vc_column_inner width=&#8221;3\/4&#8243;]\n\t\t<div id=\"wd-68d28c0960d15\" class=\"title-wrapper wd-wpb wd-set-mb reset-last-child  wd-rs-68d28c0960d15 wd-title-color-primary wd-title-style-default text-left  wd-width-enabled wd-underline-colored\" style=\"--wd-max-width: 70%;\">\n\t\t\t\n\t\t\t<div class=\"liner-continer\">\n\t\t\t\t<h2 class=\"woodmart-title-container title  wd-font-weight- wd-fontsize-m\" >Open Bee Connect<\/h2>\n\t\t\t\t\t\t\t<\/div>\n\t\t\t\n\t\t\t\n\t\t\t\n\t\t<\/div>\n\t\t\n\t\t[vc_column_text woodmart_inline=&#8221;no&#8221; text_larger=&#8221;no&#8221;]Open Bee Connect vous permet de num\u00e9riser directement vers le syst\u00e8me de gestion de documents Open Bee, d\u00e9ploy\u00e9 localement ou dans le Cloud. Vous choisissez votre utilisateur dans une liste, entrez un code PIN et vous pouvez num\u00e9riser directement dans le syst\u00e8me Open Bee.[\/vc_column_text][\/vc_column_inner][\/vc_row_inner][\/vc_column][\/vc_row]<\/p>\n<\/div>","protected":false},"excerpt":{"rendered":"<p>[vc_row css=&#8221;.vc_custom_1493105985388{margin-bottom: 5vh !important;}&#8221;][vc_column 0=&#8221;&#8221;][vc_empty_space height=&#8221;50px&#8221;][vc_custom_heading text=&#8221;APP TBC&#8221; font_container=&#8221;tag:p|font_size:70|text_align:center|color:rgba(124%2C124%2C124%2C0.05)|line_height:1&#8243; use_theme_fonts=&#8221;yes&#8221; css=&#8221;.vc_custom_1758628916984{margin-bottom: -90px !important;}&#8221; el_class=&#8221;hidden-xs&#8221;][vc_column_text woodmart_inline=&#8221;no&#8221; text_larger=&#8221;no&#8221;] Des applications pour votre<\/p>\n","protected":false},"author":1,"featured_media":0,"parent":2737,"menu_order":0,"comment_status":"closed","ping_status":"closed","template":"","meta":{"footnotes":""},"class_list":["post-4307","page","type-page","status-publish","hentry"],"yoast_head":"<!-- This site is optimized with the Yoast SEO plugin v25.9 - https:\/\/yoast.com\/wordpress\/plugins\/seo\/ -->\n<title>Applications propos\u00e9es par TBC - D&amp;O Partners<\/title>\n<meta name=\"robots\" content=\"index, follow, max-snippet:-1, max-image-preview:large, max-video-preview:-1\" \/>\n<link rel=\"canonical\" href=\"https:\/\/www.dopartners.be\/fr\/solutions\/mobilite-cloud\/tbc-app\/\" \/>\n<meta property=\"og:locale\" content=\"fr_FR\" \/>\n<meta property=\"og:type\" content=\"article\" \/>\n<meta property=\"og:title\" content=\"Applications propos\u00e9es par TBC - D&amp;O Partners\" \/>\n<meta property=\"og:description\" content=\"[vc_row css=&#8221;.vc_custom_1493105985388{margin-bottom: 5vh !important;}&#8221;][vc_column 0=&#8221;&#8221;][vc_empty_space height=&#8221;50px&#8221;][vc_custom_heading text=&#8221;APP TBC&#8221; font_container=&#8221;tag:p|font_size:70|text_align:center|color:rgba(124%2C124%2C124%2C0.05)|line_height:1&#8243; use_theme_fonts=&#8221;yes&#8221; css=&#8221;.vc_custom_1758628916984{margin-bottom: -90px !important;}&#8221; el_class=&#8221;hidden-xs&#8221;][vc_column_text woodmart_inline=&#8221;no&#8221; text_larger=&#8221;no&#8221;] Des applications pour votre\" \/>\n<meta property=\"og:url\" content=\"https:\/\/www.dopartners.be\/fr\/solutions\/mobilite-cloud\/tbc-app\/\" \/>\n<meta property=\"og:site_name\" content=\"D&amp;O Partners\" \/>\n<meta property=\"article:publisher\" content=\"https:\/\/www.facebook.com\/DOPartnersXerox\" \/>\n<meta property=\"article:modified_time\" content=\"2026-02-16T09:17:19+00:00\" \/>\n<meta property=\"og:image\" content=\"https:\/\/www.dopartners.be\/wp-content\/uploads\/2017\/11\/DO-partners-logo.png\" \/>\n\t<meta property=\"og:image:width\" content=\"135\" \/>\n\t<meta property=\"og:image:height\" content=\"100\" \/>\n\t<meta property=\"og:image:type\" content=\"image\/png\" \/>\n<meta name=\"twitter:card\" content=\"summary_large_image\" \/>\n<meta name=\"twitter:label1\" content=\"Dur\u00e9e de lecture est.\" \/>\n\t<meta name=\"twitter:data1\" content=\"4 minutes\" \/>\n<script type=\"application\/ld+json\" class=\"yoast-schema-graph\">{\"@context\":\"https:\/\/schema.org\",\"@graph\":[{\"@type\":\"WebPage\",\"@id\":\"https:\/\/www.dopartners.be\/fr\/solutions\/mobilite-cloud\/tbc-app\/\",\"url\":\"https:\/\/www.dopartners.be\/fr\/solutions\/mobilite-cloud\/tbc-app\/\",\"name\":\"Applications propos\u00e9es par TBC - D&amp;O Partners\",\"isPartOf\":{\"@id\":\"https:\/\/www.dopartners.be\/fr\/#website\"},\"datePublished\":\"2022-12-01T13:13:41+00:00\",\"dateModified\":\"2026-02-16T09:17:19+00:00\",\"breadcrumb\":{\"@id\":\"https:\/\/www.dopartners.be\/fr\/solutions\/mobilite-cloud\/tbc-app\/#breadcrumb\"},\"inLanguage\":\"fr-BE\",\"potentialAction\":[{\"@type\":\"ReadAction\",\"target\":[\"https:\/\/www.dopartners.be\/fr\/solutions\/mobilite-cloud\/tbc-app\/\"]}]},{\"@type\":\"BreadcrumbList\",\"@id\":\"https:\/\/www.dopartners.be\/fr\/solutions\/mobilite-cloud\/tbc-app\/#breadcrumb\",\"itemListElement\":[{\"@type\":\"ListItem\",\"position\":1,\"name\":\"Home\",\"item\":\"https:\/\/www.dopartners.be\/fr\/\"},{\"@type\":\"ListItem\",\"position\":2,\"name\":\"Solutions\",\"item\":\"https:\/\/www.dopartners.be\/fr\/solutions\/\"},{\"@type\":\"ListItem\",\"position\":3,\"name\":\"Cloud\",\"item\":\"https:\/\/www.dopartners.be\/fr\/solutions\/mobilite-cloud\/\"},{\"@type\":\"ListItem\",\"position\":4,\"name\":\"Applications propos\u00e9es par TBC\"}]},{\"@type\":\"WebSite\",\"@id\":\"https:\/\/www.dopartners.be\/fr\/#website\",\"url\":\"https:\/\/www.dopartners.be\/fr\/\",\"name\":\"D&amp;O Partners\",\"description\":\"Concessionnaire Xerox autoris\u00e9 \u00e0 Bruxelles\",\"publisher\":{\"@id\":\"https:\/\/www.dopartners.be\/fr\/#organization\"},\"alternateName\":\"DO Partners\",\"potentialAction\":[{\"@type\":\"SearchAction\",\"target\":{\"@type\":\"EntryPoint\",\"urlTemplate\":\"https:\/\/www.dopartners.be\/fr\/?s={search_term_string}\"},\"query-input\":{\"@type\":\"PropertyValueSpecification\",\"valueRequired\":true,\"valueName\":\"search_term_string\"}}],\"inLanguage\":\"fr-BE\"},{\"@type\":\"Organization\",\"@id\":\"https:\/\/www.dopartners.be\/fr\/#organization\",\"name\":\"DO PARTNERS\",\"url\":\"https:\/\/www.dopartners.be\/fr\/\",\"logo\":{\"@type\":\"ImageObject\",\"inLanguage\":\"fr-BE\",\"@id\":\"https:\/\/www.dopartners.be\/fr\/#\/schema\/logo\/image\/\",\"url\":\"https:\/\/www.dopartners.be\/wp-content\/uploads\/2017\/11\/DO-partners-logo.png\",\"contentUrl\":\"https:\/\/www.dopartners.be\/wp-content\/uploads\/2017\/11\/DO-partners-logo.png\",\"width\":135,\"height\":100,\"caption\":\"DO PARTNERS\"},\"image\":{\"@id\":\"https:\/\/www.dopartners.be\/fr\/#\/schema\/logo\/image\/\"},\"sameAs\":[\"https:\/\/www.facebook.com\/DOPartnersXerox\",\"https:\/\/www.youtube.com\/@dopartners\",\"https:\/\/www.linkedin.com\/company\/d&amp;o-partners\/\"]}]}<\/script>\n<!-- \/ Yoast SEO plugin. -->","yoast_head_json":{"title":"Applications propos\u00e9es par TBC - D&amp;O Partners","robots":{"index":"index","follow":"follow","max-snippet":"max-snippet:-1","max-image-preview":"max-image-preview:large","max-video-preview":"max-video-preview:-1"},"canonical":"https:\/\/www.dopartners.be\/fr\/solutions\/mobilite-cloud\/tbc-app\/","og_locale":"fr_FR","og_type":"article","og_title":"Applications propos\u00e9es par TBC - D&amp;O Partners","og_description":"[vc_row css=&#8221;.vc_custom_1493105985388{margin-bottom: 5vh !important;}&#8221;][vc_column 0=&#8221;&#8221;][vc_empty_space height=&#8221;50px&#8221;][vc_custom_heading text=&#8221;APP TBC&#8221; font_container=&#8221;tag:p|font_size:70|text_align:center|color:rgba(124%2C124%2C124%2C0.05)|line_height:1&#8243; use_theme_fonts=&#8221;yes&#8221; css=&#8221;.vc_custom_1758628916984{margin-bottom: -90px !important;}&#8221; el_class=&#8221;hidden-xs&#8221;][vc_column_text woodmart_inline=&#8221;no&#8221; text_larger=&#8221;no&#8221;] Des applications pour votre","og_url":"https:\/\/www.dopartners.be\/fr\/solutions\/mobilite-cloud\/tbc-app\/","og_site_name":"D&amp;O Partners","article_publisher":"https:\/\/www.facebook.com\/DOPartnersXerox","article_modified_time":"2026-02-16T09:17:19+00:00","og_image":[{"width":135,"height":100,"url":"https:\/\/www.dopartners.be\/wp-content\/uploads\/2017\/11\/DO-partners-logo.png","type":"image\/png"}],"twitter_card":"summary_large_image","twitter_misc":{"Dur\u00e9e de lecture est.":"4 minutes"},"schema":{"@context":"https:\/\/schema.org","@graph":[{"@type":"WebPage","@id":"https:\/\/www.dopartners.be\/fr\/solutions\/mobilite-cloud\/tbc-app\/","url":"https:\/\/www.dopartners.be\/fr\/solutions\/mobilite-cloud\/tbc-app\/","name":"Applications propos\u00e9es par TBC - D&amp;O Partners","isPartOf":{"@id":"https:\/\/www.dopartners.be\/fr\/#website"},"datePublished":"2022-12-01T13:13:41+00:00","dateModified":"2026-02-16T09:17:19+00:00","breadcrumb":{"@id":"https:\/\/www.dopartners.be\/fr\/solutions\/mobilite-cloud\/tbc-app\/#breadcrumb"},"inLanguage":"fr-BE","potentialAction":[{"@type":"ReadAction","target":["https:\/\/www.dopartners.be\/fr\/solutions\/mobilite-cloud\/tbc-app\/"]}]},{"@type":"BreadcrumbList","@id":"https:\/\/www.dopartners.be\/fr\/solutions\/mobilite-cloud\/tbc-app\/#breadcrumb","itemListElement":[{"@type":"ListItem","position":1,"name":"Home","item":"https:\/\/www.dopartners.be\/fr\/"},{"@type":"ListItem","position":2,"name":"Solutions","item":"https:\/\/www.dopartners.be\/fr\/solutions\/"},{"@type":"ListItem","position":3,"name":"Cloud","item":"https:\/\/www.dopartners.be\/fr\/solutions\/mobilite-cloud\/"},{"@type":"ListItem","position":4,"name":"Applications propos\u00e9es par TBC"}]},{"@type":"WebSite","@id":"https:\/\/www.dopartners.be\/fr\/#website","url":"https:\/\/www.dopartners.be\/fr\/","name":"D&amp;O Partners","description":"Concessionnaire Xerox autoris\u00e9 \u00e0 Bruxelles","publisher":{"@id":"https:\/\/www.dopartners.be\/fr\/#organization"},"alternateName":"DO Partners","potentialAction":[{"@type":"SearchAction","target":{"@type":"EntryPoint","urlTemplate":"https:\/\/www.dopartners.be\/fr\/?s={search_term_string}"},"query-input":{"@type":"PropertyValueSpecification","valueRequired":true,"valueName":"search_term_string"}}],"inLanguage":"fr-BE"},{"@type":"Organization","@id":"https:\/\/www.dopartners.be\/fr\/#organization","name":"DO PARTNERS","url":"https:\/\/www.dopartners.be\/fr\/","logo":{"@type":"ImageObject","inLanguage":"fr-BE","@id":"https:\/\/www.dopartners.be\/fr\/#\/schema\/logo\/image\/","url":"https:\/\/www.dopartners.be\/wp-content\/uploads\/2017\/11\/DO-partners-logo.png","contentUrl":"https:\/\/www.dopartners.be\/wp-content\/uploads\/2017\/11\/DO-partners-logo.png","width":135,"height":100,"caption":"DO PARTNERS"},"image":{"@id":"https:\/\/www.dopartners.be\/fr\/#\/schema\/logo\/image\/"},"sameAs":["https:\/\/www.facebook.com\/DOPartnersXerox","https:\/\/www.youtube.com\/@dopartners","https:\/\/www.linkedin.com\/company\/d&amp;o-partners\/"]}]}},"_links":{"self":[{"href":"https:\/\/www.dopartners.be\/fr\/wp-json\/wp\/v2\/pages\/4307","targetHints":{"allow":["GET"]}}],"collection":[{"href":"https:\/\/www.dopartners.be\/fr\/wp-json\/wp\/v2\/pages"}],"about":[{"href":"https:\/\/www.dopartners.be\/fr\/wp-json\/wp\/v2\/types\/page"}],"author":[{"embeddable":true,"href":"https:\/\/www.dopartners.be\/fr\/wp-json\/wp\/v2\/users\/1"}],"replies":[{"embeddable":true,"href":"https:\/\/www.dopartners.be\/fr\/wp-json\/wp\/v2\/comments?post=4307"}],"version-history":[{"count":0,"href":"https:\/\/www.dopartners.be\/fr\/wp-json\/wp\/v2\/pages\/4307\/revisions"}],"up":[{"embeddable":true,"href":"https:\/\/www.dopartners.be\/fr\/wp-json\/wp\/v2\/pages\/2737"}],"wp:attachment":[{"href":"https:\/\/www.dopartners.be\/fr\/wp-json\/wp\/v2\/media?parent=4307"}],"curies":[{"name":"wp","href":"https:\/\/api.w.org\/{rel}","templated":true}]}}