{"id":7048,"date":"2023-09-12T11:22:03","date_gmt":"2023-09-12T09:22:03","guid":{"rendered":"https:\/\/www.dopartners.be\/?page_id=7048"},"modified":"2025-10-27T18:12:11","modified_gmt":"2025-10-27T17:12:11","slug":"offres-demploi","status":"publish","type":"page","link":"https:\/\/www.dopartners.be\/fr\/offres-demploi\/","title":{"rendered":"Offres d&#8217;emploi"},"content":{"rendered":"<div class=\"wpb-content-wrapper\"><p>[vc_row full_width=&#8221;stretch_row&#8221; content_placement=&#8221;middle&#8221; woodmart_stretch_content=&#8221;section-stretch&#8221; woodmart_bg_position=&#8221;center-center&#8221; el_class=&#8221;hero_title&#8221; woodmart_css_id=&#8221;68d26e92bf997&#8243; responsive_spacing=&#8221;eyJwYXJhbV90eXBlIjoid29vZG1hcnRfcmVzcG9uc2l2ZV9zcGFjaW5nIiwic2VsZWN0b3JfaWQiOiI2OGQyNmU5MmJmOTk3Iiwic2hvcnRjb2RlIjoidmNfcm93IiwiZGF0YSI6eyJ0YWJsZXQiOnt9LCJtb2JpbGUiOnt9fX0=&#8221; mobile_bg_img_hidden=&#8221;no&#8221; tablet_bg_img_hidden=&#8221;no&#8221; woodmart_parallax=&#8221;0&#8243; woodmart_gradient_switch=&#8221;no&#8221; woodmart_box_shadow=&#8221;no&#8221; wd_z_index=&#8221;no&#8221; woodmart_disable_overflow=&#8221;0&#8243; row_reverse_mobile=&#8221;0&#8243; row_reverse_tablet=&#8221;0&#8243; css=&#8221;.vc_custom_1758621344287{background-image: url(https:\/\/www.dopartners.be\/wp-content\/uploads\/2024\/06\/job-entreprise-do-partners-ambiance-professionnelle-conviviale-xerox-belgique.webp?id=8997) !important;background-position: center !important;background-repeat: no-repeat !important;background-size: cover !important;}&#8221;][vc_column]\n\t\t<div id=\"wd-68d26e8ddbe5a\" class=\"title-wrapper wd-wpb wd-set-mb reset-last-child  wd-rs-68d26e8ddbe5a wd-title-color-default wd-title-style-default text-center new_title_h1  wd-underline-colored\">\n\t\t\t\n\t\t\t<div class=\"liner-continer\">\n\t\t\t\t<h1 class=\"woodmart-title-container title  wd-font-weight- wd-fontsize-l\" >Offres d'emploi<\/h1>\n\t\t\t\t\t\t\t<\/div>\n\t\t\t\n\t\t\t\n\t\t\t\n\t\t<\/div>\n\t\t\n\t\t\t\t\t<div\n\t\t\t\t\t\tclass=\"wd-el-breadcrumbs wd-wpb wd-rs-68d25d74cc79b text-center\">\n\t\t\t\t\t\t\t<div class=\"yoast-breadcrumb\">\n\t\t\t\t<span><span><a href=\"https:\/\/www.dopartners.be\/fr\/\">Home<\/a><\/span><\/span>\t\t\t<\/div>\n\t\t\t\t\t\t<\/div>   \n\t\t[\/vc_column][\/vc_row][vc_row full_width=&#8221;stretch_row&#8221; css=&#8221;.vc_custom_1688136959176{padding-top: 30px !important;padding-bottom: 30px !important;}&#8221; woodmart_css_id=&#8221;649eecf942409&#8243; responsive_spacing=&#8221;eyJwYXJhbV90eXBlIjoid29vZG1hcnRfcmVzcG9uc2l2ZV9zcGFjaW5nIiwic2VsZWN0b3JfaWQiOiI2NDllZWNmOTQyNDA5Iiwic2hvcnRjb2RlIjoidmNfcm93IiwiZGF0YSI6eyJ0YWJsZXQiOnt9LCJtb2JpbGUiOnt9fX0=&#8221; mobile_bg_img_hidden=&#8221;no&#8221; tablet_bg_img_hidden=&#8221;no&#8221; woodmart_parallax=&#8221;0&#8243; woodmart_gradient_switch=&#8221;no&#8221; woodmart_box_shadow=&#8221;no&#8221; wd_z_index=&#8221;no&#8221; woodmart_disable_overflow=&#8221;0&#8243; row_reverse_mobile=&#8221;0&#8243; row_reverse_tablet=&#8221;0&#8243;][vc_column]\n\t\t<div id=\"wd-670663c336022\" class=\"title-wrapper wd-wpb wd-set-mb reset-last-child  wd-rs-670663c336022 wd-title-color-default wd-title-style-default text-center  wd-width-enabled wd-underline-colored\" style=\"--wd-max-width: 60%;\">\n\t\t\t\n\t\t\t<div class=\"liner-continer\">\n\t\t\t\t<p class=\"woodmart-title-container title  wd-font-weight- wd-fontsize-m\" >D&amp;O recherche de nouveaux talents pour rejoindre son \u00e9quipe dynamique.<br \/>\nRejoignez-nous dans cette aventure passionnante !<\/p>\n\t\t\t\t\t\t\t<\/div>\n\t\t\t\n\t\t\t\n\t\t\t\n\t\t<\/div>\n\t\t\n\t\t[\/vc_column][\/vc_row][vc_row full_width=&#8221;stretch_row&#8221; css=&#8221;.vc_custom_1686562387395{border-bottom-width: 60px !important;padding-top: 30px !important;}&#8221; woodmart_css_id=&#8221;6486e64f3cca0&#8243; responsive_spacing=&#8221;eyJwYXJhbV90eXBlIjoid29vZG1hcnRfcmVzcG9uc2l2ZV9zcGFjaW5nIiwic2VsZWN0b3JfaWQiOiI2NDg2ZTY0ZjNjY2EwIiwic2hvcnRjb2RlIjoidmNfcm93IiwiZGF0YSI6eyJ0YWJsZXQiOnsibWFyZ2luLWJvdHRvbSI6IjcwcHgiLCJwYWRkaW5nLWJvdHRvbSI6IjMwcHgifSwibW9iaWxlIjp7Im1hcmdpbi1ib3R0b20iOiI1MHB4IiwicGFkZGluZy1ib3R0b20iOiIyMHB4In19fQ==&#8221; mobile_bg_img_hidden=&#8221;no&#8221; tablet_bg_img_hidden=&#8221;no&#8221; woodmart_parallax=&#8221;0&#8243; woodmart_gradient_switch=&#8221;no&#8221; row_reverse_mobile=&#8221;0&#8243; row_reverse_tablet=&#8221;0&#8243; woodmart_disable_overflow=&#8221;0&#8243; woodmart_box_shadow=&#8221;no&#8221; wd_z_index=&#8221;no&#8221; el_class=&#8221;solutions_box&#8221;][vc_column width=&#8221;1\/3&#8243; css=&#8221;.vc_custom_1506947185868{padding-top: 0px !important;}&#8221;]\t\t<div class=\"promo-banner-wrapper  wd-rs-65003f9869bc8 vc_custom_1694515106685\">\n\t\t\t<div id=\"wd-65003f9869bc8\" class=\"promo-banner  banner- banner-hover-parallax color-scheme-dark banner-btn-size-small banner-btn-style-link wd-width-enabled  wd-with-link wd-underline-colored\" style=\"--wd-max-width: 70%;\">\n\t\t\t\t<div class=\"main-wrapp-img\">\n\t\t\t\t\t<div class=\"banner-image wd-bg-position-center\" >\n\t\t\t\t\t\t<img decoding=\"async\" width=\"600\" height=\"400\" src=\"https:\/\/www.dopartners.be\/wp-content\/uploads\/2023\/09\/do-partners-recrute-xerox-belgique.jpg\" class=\"attachment-full size-full\" alt=\"Visuel D&amp;O Partners recrute \u2013 Offres d\u2019emploi en Belgique.\" \/>\t\t\t\t\t<\/div>\n\t\t\t\t<\/div>\n\n\t\t\t\t<div class=\"wrapper-content-banner wd-fill  wd-items-middle wd-justify-center\">\n\t\t\t\t\t<div class=\"content-banner  text-center\">\n\t\t\t\t\t\t\t\t\t\t\t\t\n\t\t\t\t\t\t\n\t\t\t\t\t\t\t\t\t\t\t<\/div>\n\t\t\t\t<\/div>\n\n\t\t\t\t\t\t\t\t\t<a class=\"wd-promo-banner-link wd-fill\" aria-label=\"Banner link\" href=\"\/offres-demploi\/account-manager\/\" title=\"Technologie xerox connectkey\"><\/a>\n\t\t\t\t\n\t\t\t\t\t\t\t<\/div>\n\t\t<\/div>\n\n\t\t\t\t\t<div class=\"info-box-wrapper\">\n\t\t\t\t<div id=\"wd-65003f81db30e\" class=\" wd-z-index wd-rs-65003f81db30e wd-info-box wd-wpb text-center box-icon-align-top box-style- color-scheme- wd-bg-none with-btn box-btn-static vc_custom_1694515092159\">\n\t\t\t\t\t\t\t\t\t\t<div class=\"info-box-content\">\n\t\t\t\t\t\t<h2 class=\"info-box-title title box-title-style-default wd-fontsize-m\">Account Manager<\/h2>\t\t\t\t\t\t<div class=\"info-box-inner reset-last-child\"><p>Vous \u00eates \u00e0 la recherche d&#8217;une fonction stimulante dans le domaine de la vente B2B et le secteur de l\u2019impression \/ informatique \/ transformation digitale vous int\u00e9resse ? Alors ce poste chez D&amp;O Partners pourrait \u00eatre le d\u00e9fi que vous recherchez !<\/p>\n<\/div>\n\n\t\t\t\t\t\t<div class=\"info-btn-wrapper\"><div id=\"wd-69f52201cc13d\" class=\"  wd-button-wrapper text-center\"><a href=\"\/offres-demploi\/account-manager\/\" title=\"Technologie xerox connectKey\" class=\"btn btn-color-primary btn-style-link btn-shape-rectangle btn-size-default\">En savoir plus<\/a><\/div><\/div>\t\t\t\t\t<\/div>\n\n\t\t\t\t\t\n\t\t\t\t\t\t\t\t\t<\/div>\n\t\t\t<\/div>\n\t\t[\/vc_column][vc_column width=&#8221;1\/3&#8243; css=&#8221;.vc_custom_1506947455194{padding-top: 0px !important;}&#8221;][\/vc_column][vc_column width=&#8221;1\/3&#8243; css=&#8221;.vc_custom_1506947193156{padding-top: 0px !important;}&#8221;][\/vc_column][\/vc_row][vc_row][vc_column][vc_empty_space height=&#8221;50px&#8221; woodmart_hide_large=&#8221;0&#8243; woodmart_hide_medium=&#8221;0&#8243; woodmart_hide_small=&#8221;0&#8243;][\/vc_column][\/vc_row]<\/p>\n<\/div>","protected":false},"excerpt":{"rendered":"<p>[vc_row full_width=&#8221;stretch_row&#8221; content_placement=&#8221;middle&#8221; woodmart_stretch_content=&#8221;section-stretch&#8221; woodmart_bg_position=&#8221;center-center&#8221; el_class=&#8221;hero_title&#8221; woodmart_css_id=&#8221;68d26e92bf997&#8243; responsive_spacing=&#8221;eyJwYXJhbV90eXBlIjoid29vZG1hcnRfcmVzcG9uc2l2ZV9zcGFjaW5nIiwic2VsZWN0b3JfaWQiOiI2OGQyNmU5MmJmOTk3Iiwic2hvcnRjb2RlIjoidmNfcm93IiwiZGF0YSI6eyJ0YWJsZXQiOnt9LCJtb2JpbGUiOnt9fX0=&#8221; mobile_bg_img_hidden=&#8221;no&#8221; tablet_bg_img_hidden=&#8221;no&#8221; woodmart_parallax=&#8221;0&#8243; woodmart_gradient_switch=&#8221;no&#8221; woodmart_box_shadow=&#8221;no&#8221; wd_z_index=&#8221;no&#8221; woodmart_disable_overflow=&#8221;0&#8243; row_reverse_mobile=&#8221;0&#8243; row_reverse_tablet=&#8221;0&#8243; css=&#8221;.vc_custom_1758621344287{background-image: url(https:\/\/www.dopartners.be\/wp-content\/uploads\/2024\/06\/job-entreprise-do-partners-ambiance-professionnelle-conviviale-xerox-belgique.webp?id=8997) !important;background-position:<\/p>\n","protected":false},"author":1,"featured_media":0,"parent":0,"menu_order":0,"comment_status":"closed","ping_status":"closed","template":"","meta":{"footnotes":""},"class_list":["post-7048","page","type-page","status-publish","hentry"],"yoast_head":"<!-- This site is optimized with the Yoast SEO plugin v25.9 - https:\/\/yoast.com\/wordpress\/plugins\/seo\/ -->\n<title>Envie de rejoindre l&#039;\u00e9quipe D&amp;O Partners ?<\/title>\n<meta name=\"description\" content=\"D&amp;O Partners recrute ! Rejoignez une \u00e9quipe dynamique au c\u0153ur de l&#039;une des principales concessions Xerox du Belux\" \/>\n<meta name=\"robots\" content=\"index, follow, max-snippet:-1, max-image-preview:large, max-video-preview:-1\" \/>\n<link rel=\"canonical\" href=\"https:\/\/www.dopartners.be\/fr\/offres-demploi\/\" \/>\n<meta property=\"og:locale\" content=\"fr_FR\" \/>\n<meta property=\"og:type\" content=\"article\" \/>\n<meta property=\"og:title\" content=\"Envie de rejoindre l&#039;\u00e9quipe D&amp;O Partners ?\" \/>\n<meta property=\"og:description\" content=\"D&amp;O Partners recrute ! Rejoignez une \u00e9quipe dynamique au c\u0153ur de l&#039;une des principales concessions Xerox du Belux\" \/>\n<meta property=\"og:url\" content=\"https:\/\/www.dopartners.be\/fr\/offres-demploi\/\" \/>\n<meta property=\"og:site_name\" content=\"D&amp;O Partners\" \/>\n<meta property=\"article:publisher\" content=\"https:\/\/www.facebook.com\/DOPartnersXerox\" \/>\n<meta property=\"article:modified_time\" content=\"2025-10-27T17:12:11+00:00\" \/>\n<meta property=\"og:image\" content=\"https:\/\/www.dopartners.be\/wp-content\/uploads\/2017\/11\/DO-partners-logo.png\" \/>\n\t<meta property=\"og:image:width\" content=\"135\" \/>\n\t<meta property=\"og:image:height\" content=\"100\" \/>\n\t<meta property=\"og:image:type\" content=\"image\/png\" \/>\n<meta name=\"twitter:card\" content=\"summary_large_image\" \/>\n<meta name=\"twitter:label1\" content=\"Dur\u00e9e de lecture est.\" \/>\n\t<meta name=\"twitter:data1\" content=\"2 minutes\" \/>\n<script type=\"application\/ld+json\" class=\"yoast-schema-graph\">{\"@context\":\"https:\/\/schema.org\",\"@graph\":[{\"@type\":\"WebPage\",\"@id\":\"https:\/\/www.dopartners.be\/fr\/offres-demploi\/\",\"url\":\"https:\/\/www.dopartners.be\/fr\/offres-demploi\/\",\"name\":\"Envie de rejoindre l'\u00e9quipe D&O Partners ?\",\"isPartOf\":{\"@id\":\"https:\/\/www.dopartners.be\/fr\/#website\"},\"datePublished\":\"2023-09-12T09:22:03+00:00\",\"dateModified\":\"2025-10-27T17:12:11+00:00\",\"description\":\"D&O Partners recrute ! Rejoignez une \u00e9quipe dynamique au c\u0153ur de l'une des principales concessions Xerox du Belux\",\"breadcrumb\":{\"@id\":\"https:\/\/www.dopartners.be\/fr\/offres-demploi\/#breadcrumb\"},\"inLanguage\":\"fr-BE\",\"potentialAction\":[{\"@type\":\"ReadAction\",\"target\":[\"https:\/\/www.dopartners.be\/fr\/offres-demploi\/\"]}]},{\"@type\":\"BreadcrumbList\",\"@id\":\"https:\/\/www.dopartners.be\/fr\/offres-demploi\/#breadcrumb\",\"itemListElement\":[{\"@type\":\"ListItem\",\"position\":1,\"name\":\"Home\",\"item\":\"https:\/\/www.dopartners.be\/fr\/\"},{\"@type\":\"ListItem\",\"position\":2,\"name\":\"Offres d&#8217;emploi\"}]},{\"@type\":\"WebSite\",\"@id\":\"https:\/\/www.dopartners.be\/fr\/#website\",\"url\":\"https:\/\/www.dopartners.be\/fr\/\",\"name\":\"D&amp;O Partners\",\"description\":\"Concessionnaire Xerox autoris\u00e9 \u00e0 Bruxelles\",\"publisher\":{\"@id\":\"https:\/\/www.dopartners.be\/fr\/#organization\"},\"alternateName\":\"DO Partners\",\"potentialAction\":[{\"@type\":\"SearchAction\",\"target\":{\"@type\":\"EntryPoint\",\"urlTemplate\":\"https:\/\/www.dopartners.be\/fr\/?s={search_term_string}\"},\"query-input\":{\"@type\":\"PropertyValueSpecification\",\"valueRequired\":true,\"valueName\":\"search_term_string\"}}],\"inLanguage\":\"fr-BE\"},{\"@type\":\"Organization\",\"@id\":\"https:\/\/www.dopartners.be\/fr\/#organization\",\"name\":\"DO PARTNERS\",\"url\":\"https:\/\/www.dopartners.be\/fr\/\",\"logo\":{\"@type\":\"ImageObject\",\"inLanguage\":\"fr-BE\",\"@id\":\"https:\/\/www.dopartners.be\/fr\/#\/schema\/logo\/image\/\",\"url\":\"https:\/\/www.dopartners.be\/wp-content\/uploads\/2017\/11\/DO-partners-logo.png\",\"contentUrl\":\"https:\/\/www.dopartners.be\/wp-content\/uploads\/2017\/11\/DO-partners-logo.png\",\"width\":135,\"height\":100,\"caption\":\"DO PARTNERS\"},\"image\":{\"@id\":\"https:\/\/www.dopartners.be\/fr\/#\/schema\/logo\/image\/\"},\"sameAs\":[\"https:\/\/www.facebook.com\/DOPartnersXerox\",\"https:\/\/www.youtube.com\/@dopartners\",\"https:\/\/www.linkedin.com\/company\/d&amp;o-partners\/\"]}]}<\/script>\n<!-- \/ Yoast SEO plugin. -->","yoast_head_json":{"title":"Envie de rejoindre l'\u00e9quipe D&O Partners ?","description":"D&O Partners recrute ! Rejoignez une \u00e9quipe dynamique au c\u0153ur de l'une des principales concessions Xerox du Belux","robots":{"index":"index","follow":"follow","max-snippet":"max-snippet:-1","max-image-preview":"max-image-preview:large","max-video-preview":"max-video-preview:-1"},"canonical":"https:\/\/www.dopartners.be\/fr\/offres-demploi\/","og_locale":"fr_FR","og_type":"article","og_title":"Envie de rejoindre l'\u00e9quipe D&O Partners ?","og_description":"D&O Partners recrute ! Rejoignez une \u00e9quipe dynamique au c\u0153ur de l'une des principales concessions Xerox du Belux","og_url":"https:\/\/www.dopartners.be\/fr\/offres-demploi\/","og_site_name":"D&amp;O Partners","article_publisher":"https:\/\/www.facebook.com\/DOPartnersXerox","article_modified_time":"2025-10-27T17:12:11+00:00","og_image":[{"width":135,"height":100,"url":"https:\/\/www.dopartners.be\/wp-content\/uploads\/2017\/11\/DO-partners-logo.png","type":"image\/png"}],"twitter_card":"summary_large_image","twitter_misc":{"Dur\u00e9e de lecture est.":"2 minutes"},"schema":{"@context":"https:\/\/schema.org","@graph":[{"@type":"WebPage","@id":"https:\/\/www.dopartners.be\/fr\/offres-demploi\/","url":"https:\/\/www.dopartners.be\/fr\/offres-demploi\/","name":"Envie de rejoindre l'\u00e9quipe D&O Partners ?","isPartOf":{"@id":"https:\/\/www.dopartners.be\/fr\/#website"},"datePublished":"2023-09-12T09:22:03+00:00","dateModified":"2025-10-27T17:12:11+00:00","description":"D&O Partners recrute ! Rejoignez une \u00e9quipe dynamique au c\u0153ur de l'une des principales concessions Xerox du Belux","breadcrumb":{"@id":"https:\/\/www.dopartners.be\/fr\/offres-demploi\/#breadcrumb"},"inLanguage":"fr-BE","potentialAction":[{"@type":"ReadAction","target":["https:\/\/www.dopartners.be\/fr\/offres-demploi\/"]}]},{"@type":"BreadcrumbList","@id":"https:\/\/www.dopartners.be\/fr\/offres-demploi\/#breadcrumb","itemListElement":[{"@type":"ListItem","position":1,"name":"Home","item":"https:\/\/www.dopartners.be\/fr\/"},{"@type":"ListItem","position":2,"name":"Offres d&#8217;emploi"}]},{"@type":"WebSite","@id":"https:\/\/www.dopartners.be\/fr\/#website","url":"https:\/\/www.dopartners.be\/fr\/","name":"D&amp;O Partners","description":"Concessionnaire Xerox autoris\u00e9 \u00e0 Bruxelles","publisher":{"@id":"https:\/\/www.dopartners.be\/fr\/#organization"},"alternateName":"DO Partners","potentialAction":[{"@type":"SearchAction","target":{"@type":"EntryPoint","urlTemplate":"https:\/\/www.dopartners.be\/fr\/?s={search_term_string}"},"query-input":{"@type":"PropertyValueSpecification","valueRequired":true,"valueName":"search_term_string"}}],"inLanguage":"fr-BE"},{"@type":"Organization","@id":"https:\/\/www.dopartners.be\/fr\/#organization","name":"DO PARTNERS","url":"https:\/\/www.dopartners.be\/fr\/","logo":{"@type":"ImageObject","inLanguage":"fr-BE","@id":"https:\/\/www.dopartners.be\/fr\/#\/schema\/logo\/image\/","url":"https:\/\/www.dopartners.be\/wp-content\/uploads\/2017\/11\/DO-partners-logo.png","contentUrl":"https:\/\/www.dopartners.be\/wp-content\/uploads\/2017\/11\/DO-partners-logo.png","width":135,"height":100,"caption":"DO PARTNERS"},"image":{"@id":"https:\/\/www.dopartners.be\/fr\/#\/schema\/logo\/image\/"},"sameAs":["https:\/\/www.facebook.com\/DOPartnersXerox","https:\/\/www.youtube.com\/@dopartners","https:\/\/www.linkedin.com\/company\/d&amp;o-partners\/"]}]}},"_links":{"self":[{"href":"https:\/\/www.dopartners.be\/fr\/wp-json\/wp\/v2\/pages\/7048","targetHints":{"allow":["GET"]}}],"collection":[{"href":"https:\/\/www.dopartners.be\/fr\/wp-json\/wp\/v2\/pages"}],"about":[{"href":"https:\/\/www.dopartners.be\/fr\/wp-json\/wp\/v2\/types\/page"}],"author":[{"embeddable":true,"href":"https:\/\/www.dopartners.be\/fr\/wp-json\/wp\/v2\/users\/1"}],"replies":[{"embeddable":true,"href":"https:\/\/www.dopartners.be\/fr\/wp-json\/wp\/v2\/comments?post=7048"}],"version-history":[{"count":0,"href":"https:\/\/www.dopartners.be\/fr\/wp-json\/wp\/v2\/pages\/7048\/revisions"}],"wp:attachment":[{"href":"https:\/\/www.dopartners.be\/fr\/wp-json\/wp\/v2\/media?parent=7048"}],"curies":[{"name":"wp","href":"https:\/\/api.w.org\/{rel}","templated":true}]}}