{"id":12592,"date":"2026-03-24T13:24:27","date_gmt":"2026-03-24T12:24:27","guid":{"rendered":"https:\/\/www.dopartners.be\/?post_type=product&#038;p=12592"},"modified":"2026-03-25T10:32:28","modified_gmt":"2026-03-25T09:32:28","slug":"presse-de-production-xerox-proficio-px500","status":"publish","type":"product","link":"https:\/\/www.dopartners.be\/fr\/produit\/presse-de-production-xerox-proficio-px500\/","title":{"rendered":"Presse de production Xerox Proficio PX500"},"content":{"rendered":"<div class=\"wpb-content-wrapper\"><p>[vc_row content_placement=&#8221;top&#8221;][vc_column][vc_column_text css=&#8221;&#8221; woodmart_inline=&#8221;no&#8221; text_larger=&#8221;no&#8221;]<\/p>\n<table class=\"shop_attributes\">\n<tbody>\n<tr>\n<th>Mod\u00e8le<\/th>\n<td>Proficio PX500<\/td>\n<\/tr>\n<tr>\n<th>Fonctionnalit\u00e9s en standard<\/th>\n<td>Impression couleur, automatisation int\u00e9gr\u00e9e, tous les supports b\u00e9n\u00e9ficient d\u2019une vitesse nominale allant jusqu\u2019\u00e0 400 g\/m\u00b2<\/td>\n<\/tr>\n<tr>\n<th>Fonctionnalit\u00e9s en option<\/th>\n<td>Alimentation, finition, workflow, 5\u00e8me station pour les embellissements et l\u2019extension de la gamme Beyond CMYK, \u00e9limination statique, contr\u00f4le de la densit\u00e9 de couleur et de l\u2019enregistrement en boucle ferm\u00e9e, voyant de progression Xerox<\/td>\n<\/tr>\n<tr>\n<th>Vitesse nominale<\/th>\n<td>100 PPM<\/td>\n<\/tr>\n<tr>\n<th>Volume mensuel moyen recommand\u00e9<\/th>\n<td>350.000 pages par mois<\/td>\n<\/tr>\n<tr>\n<th>Volume mensuel maximum<\/th>\n<td>1.800.000 pages par mois<\/td>\n<\/tr>\n<tr>\n<th>Serveurs d&#8217;impression<\/th>\n<td>Serveur d&#8217;impression Xerox EX-P PX500 optimis\u00e9 par Fiery<br \/>\nServeur d&#8217;impression Xerox EX PX500 optimis\u00e9 par Fiery<\/td>\n<\/tr>\n<tr>\n<th>Finition<\/th>\n<td>Bac \u00e0 d\u00e9calage, Cr\u00e9ation de cahier, Dispositifs de coupe, de fente et de pliage, Module de finition, Perforation, Plieuse, Reliure en ligne<\/td>\n<\/tr>\n<tr>\n<th>Types de supports<\/th>\n<td>Papiers couch\u00e9s et non couch\u00e9s, enveloppes, papiers brillants, supports de couleur, \u00e9tiquettes, cartes de visite, brochures glac\u00e9es, transparents, papiers recycl\u00e9s\/synth\u00e9tiques, cartes de v\u0153ux, intercalaires \u00e0 onglet, papier gaufr\u00e9, polyesters et solutions personnalis\u00e9es<br \/>\nTirage multisupport pris en charge<\/td>\n<\/tr>\n<tr>\n<th>D\u00e9veloppement durable<\/th>\n<td>EPEAT<br \/>\nENERGY STAR\u00ae<br \/>\nProgramme de collecte des cartouches Xerox<\/td>\n<\/tr>\n<\/tbody>\n<\/table>\n<p>[\/vc_column_text][\/vc_column][\/vc_row]<\/p>\n<\/div>","protected":false},"excerpt":{"rendered":"<p>[vc_row content_placement=&#8221;top&#8221;][vc_column][vc_btn title=&#8221;T\u00e9l\u00e9charger la brochure&#8221; style=&#8221;flat&#8221; shape=&#8221;square&#8221; align=&#8221;left&#8221; i_icon_fontawesome=&#8221;fa fa-file-pdf-o&#8221; add_icon=&#8221;true&#8221; link=&#8221;url:\/wp-content\/uploads\/2026\/03\/Brochure-Presse-de-production-Xerox-Proficio-PX500.pdf||target:%20_blank|&#8221;][vc_column_text]<\/p>\n<p>Votre puissance d\u2019impression de production, perfectionn\u00e9e.<\/p>\n<ul>\n<li>Offre une vitesse, une automatisation avanc\u00e9e et une qualit\u00e9 d\u2019image constante pour optimiser les performances \u00e0 volume \u00e9lev\u00e9 en toute confiance<\/li>\n<li>Une 5e station puissante pour les encres sp\u00e9cialis\u00e9es et les am\u00e9liorations \u00e9tend Beyond CMYK pour d\u00e9bloquer des applications premium<\/li>\n<li>Les fonctionnalit\u00e9s de flux de travail intelligentes r\u00e9duisent les points de contact avec l\u2019op\u00e9rateur et aident moins de personnes \u00e0 g\u00e9rer plus de travail. Votre production est synchronis\u00e9e avec les \u00e9tapes \u00e0 venir.<\/li>\n<\/ul>\n","protected":false},"featured_media":12593,"template":"","meta":[],"product_brand":[],"product_cat":[21],"product_tag":[],"class_list":{"0":"post-12592","1":"product","2":"type-product","3":"status-publish","4":"has-post-thumbnail","6":"product_cat-production-presse-numerique","8":"first","9":"instock","10":"shipping-taxable","11":"product-type-simple"},"yoast_head":"<!-- This site is optimized with the Yoast SEO plugin v25.9 - https:\/\/yoast.com\/wordpress\/plugins\/seo\/ -->\n<title>Presse de production Xerox Proficio PX500 - D&amp;O Partners<\/title>\n<meta name=\"robots\" content=\"index, follow, max-snippet:-1, max-image-preview:large, max-video-preview:-1\" \/>\n<link rel=\"canonical\" href=\"https:\/\/www.dopartners.be\/fr\/produit\/presse-de-production-xerox-proficio-px500\/\" \/>\n<meta property=\"og:locale\" content=\"fr_FR\" \/>\n<meta property=\"og:type\" content=\"article\" \/>\n<meta property=\"og:title\" content=\"Presse de production Xerox Proficio PX500 - D&amp;O Partners\" \/>\n<meta property=\"og:description\" content=\"[vc_row content_placement=&quot;top&quot;][vc_column][vc_btn title=&quot;T\u00e9l\u00e9charger la brochure&quot; style=&quot;flat&quot; shape=&quot;square&quot; align=&quot;left&quot; i_icon_fontawesome=&quot;fa fa-file-pdf-o&quot; add_icon=&quot;true&quot; link=&quot;url:\/wp-content\/uploads\/2026\/03\/Brochure-Presse-de-production-Xerox-Proficio-PX500.pdf||target:%20_blank|&quot;][vc_column_text]  Votre puissance d\u2019impression de production, perfectionn\u00e9e.   Offre une vitesse, une automatisation avanc\u00e9e et une qualit\u00e9 d\u2019image constante pour optimiser les performances \u00e0 volume \u00e9lev\u00e9 en toute confiance  Une 5e station puissante pour les encres sp\u00e9cialis\u00e9es et les am\u00e9liorations \u00e9tend Beyond CMYK pour d\u00e9bloquer des applications premium  Les fonctionnalit\u00e9s de flux de travail intelligentes r\u00e9duisent les points de contact avec l\u2019op\u00e9rateur et aident moins de personnes \u00e0 g\u00e9rer plus de travail. Votre production est synchronis\u00e9e avec les \u00e9tapes \u00e0 venir.\" \/>\n<meta property=\"og:url\" content=\"https:\/\/www.dopartners.be\/fr\/produit\/presse-de-production-xerox-proficio-px500\/\" \/>\n<meta property=\"og:site_name\" content=\"D&amp;O Partners\" \/>\n<meta property=\"article:publisher\" content=\"https:\/\/www.facebook.com\/DOPartnersXerox\" \/>\n<meta property=\"article:modified_time\" content=\"2026-03-25T09:32:28+00:00\" \/>\n<meta property=\"og:image\" content=\"https:\/\/www.dopartners.be\/wp-content\/uploads\/2026\/03\/proficio-px500.webp\" \/>\n\t<meta property=\"og:image:width\" content=\"1200\" \/>\n\t<meta property=\"og:image:height\" content=\"1444\" \/>\n\t<meta property=\"og:image:type\" content=\"image\/webp\" \/>\n<meta name=\"twitter:card\" content=\"summary_large_image\" \/>\n<meta name=\"twitter:label1\" content=\"Dur\u00e9e de lecture est.\" \/>\n\t<meta name=\"twitter:data1\" content=\"2 minutes\" \/>\n<script type=\"application\/ld+json\" class=\"yoast-schema-graph\">{\"@context\":\"https:\/\/schema.org\",\"@graph\":[{\"@type\":\"WebPage\",\"@id\":\"https:\/\/www.dopartners.be\/fr\/produit\/presse-de-production-xerox-proficio-px500\/\",\"url\":\"https:\/\/www.dopartners.be\/fr\/produit\/presse-de-production-xerox-proficio-px500\/\",\"name\":\"Presse de production Xerox Proficio PX500 - D&amp;O Partners\",\"isPartOf\":{\"@id\":\"https:\/\/www.dopartners.be\/fr\/#website\"},\"primaryImageOfPage\":{\"@id\":\"https:\/\/www.dopartners.be\/fr\/produit\/presse-de-production-xerox-proficio-px500\/#primaryimage\"},\"image\":{\"@id\":\"https:\/\/www.dopartners.be\/fr\/produit\/presse-de-production-xerox-proficio-px500\/#primaryimage\"},\"thumbnailUrl\":\"https:\/\/www.dopartners.be\/wp-content\/uploads\/2026\/03\/proficio-px500.webp\",\"datePublished\":\"2026-03-24T12:24:27+00:00\",\"dateModified\":\"2026-03-25T09:32:28+00:00\",\"breadcrumb\":{\"@id\":\"https:\/\/www.dopartners.be\/fr\/produit\/presse-de-production-xerox-proficio-px500\/#breadcrumb\"},\"inLanguage\":\"fr-BE\",\"potentialAction\":[{\"@type\":\"ReadAction\",\"target\":[\"https:\/\/www.dopartners.be\/fr\/produit\/presse-de-production-xerox-proficio-px500\/\"]}]},{\"@type\":\"ImageObject\",\"inLanguage\":\"fr-BE\",\"@id\":\"https:\/\/www.dopartners.be\/fr\/produit\/presse-de-production-xerox-proficio-px500\/#primaryimage\",\"url\":\"https:\/\/www.dopartners.be\/wp-content\/uploads\/2026\/03\/proficio-px500.webp\",\"contentUrl\":\"https:\/\/www.dopartners.be\/wp-content\/uploads\/2026\/03\/proficio-px500.webp\",\"width\":1200,\"height\":1444},{\"@type\":\"BreadcrumbList\",\"@id\":\"https:\/\/www.dopartners.be\/fr\/produit\/presse-de-production-xerox-proficio-px500\/#breadcrumb\",\"itemListElement\":[{\"@type\":\"ListItem\",\"position\":1,\"name\":\"Home\",\"item\":\"https:\/\/www.dopartners.be\/fr\/\"},{\"@type\":\"ListItem\",\"position\":2,\"name\":\"Boutique\",\"item\":\"https:\/\/www.dopartners.be\/fr\/shop\/\"},{\"@type\":\"ListItem\",\"position\":3,\"name\":\"Presse de production Xerox Proficio PX500\"}]},{\"@type\":\"WebSite\",\"@id\":\"https:\/\/www.dopartners.be\/fr\/#website\",\"url\":\"https:\/\/www.dopartners.be\/fr\/\",\"name\":\"D&amp;O Partners\",\"description\":\"Concessionnaire Xerox autoris\u00e9 \u00e0 Bruxelles\",\"publisher\":{\"@id\":\"https:\/\/www.dopartners.be\/fr\/#organization\"},\"alternateName\":\"DO Partners\",\"potentialAction\":[{\"@type\":\"SearchAction\",\"target\":{\"@type\":\"EntryPoint\",\"urlTemplate\":\"https:\/\/www.dopartners.be\/fr\/?s={search_term_string}\"},\"query-input\":{\"@type\":\"PropertyValueSpecification\",\"valueRequired\":true,\"valueName\":\"search_term_string\"}}],\"inLanguage\":\"fr-BE\"},{\"@type\":\"Organization\",\"@id\":\"https:\/\/www.dopartners.be\/fr\/#organization\",\"name\":\"DO PARTNERS\",\"url\":\"https:\/\/www.dopartners.be\/fr\/\",\"logo\":{\"@type\":\"ImageObject\",\"inLanguage\":\"fr-BE\",\"@id\":\"https:\/\/www.dopartners.be\/fr\/#\/schema\/logo\/image\/\",\"url\":\"https:\/\/www.dopartners.be\/wp-content\/uploads\/2017\/11\/DO-partners-logo.png\",\"contentUrl\":\"https:\/\/www.dopartners.be\/wp-content\/uploads\/2017\/11\/DO-partners-logo.png\",\"width\":135,\"height\":100,\"caption\":\"DO PARTNERS\"},\"image\":{\"@id\":\"https:\/\/www.dopartners.be\/fr\/#\/schema\/logo\/image\/\"},\"sameAs\":[\"https:\/\/www.facebook.com\/DOPartnersXerox\",\"https:\/\/www.youtube.com\/@dopartners\",\"https:\/\/www.linkedin.com\/company\/d&amp;o-partners\/\"]}]}<\/script>\n<!-- \/ Yoast SEO plugin. -->","yoast_head_json":{"title":"Presse de production Xerox Proficio PX500 - D&amp;O Partners","robots":{"index":"index","follow":"follow","max-snippet":"max-snippet:-1","max-image-preview":"max-image-preview:large","max-video-preview":"max-video-preview:-1"},"canonical":"https:\/\/www.dopartners.be\/fr\/produit\/presse-de-production-xerox-proficio-px500\/","og_locale":"fr_FR","og_type":"article","og_title":"Presse de production Xerox Proficio PX500 - D&amp;O Partners","og_description":"[vc_row content_placement=\"top\"][vc_column][vc_btn title=\"T\u00e9l\u00e9charger la brochure\" style=\"flat\" shape=\"square\" align=\"left\" i_icon_fontawesome=\"fa fa-file-pdf-o\" add_icon=\"true\" link=\"url:\/wp-content\/uploads\/2026\/03\/Brochure-Presse-de-production-Xerox-Proficio-PX500.pdf||target:%20_blank|\"][vc_column_text]  Votre puissance d\u2019impression de production, perfectionn\u00e9e.   Offre une vitesse, une automatisation avanc\u00e9e et une qualit\u00e9 d\u2019image constante pour optimiser les performances \u00e0 volume \u00e9lev\u00e9 en toute confiance  Une 5e station puissante pour les encres sp\u00e9cialis\u00e9es et les am\u00e9liorations \u00e9tend Beyond CMYK pour d\u00e9bloquer des applications premium  Les fonctionnalit\u00e9s de flux de travail intelligentes r\u00e9duisent les points de contact avec l\u2019op\u00e9rateur et aident moins de personnes \u00e0 g\u00e9rer plus de travail. Votre production est synchronis\u00e9e avec les \u00e9tapes \u00e0 venir.","og_url":"https:\/\/www.dopartners.be\/fr\/produit\/presse-de-production-xerox-proficio-px500\/","og_site_name":"D&amp;O Partners","article_publisher":"https:\/\/www.facebook.com\/DOPartnersXerox","article_modified_time":"2026-03-25T09:32:28+00:00","og_image":[{"width":1200,"height":1444,"url":"https:\/\/www.dopartners.be\/wp-content\/uploads\/2026\/03\/proficio-px500.webp","type":"image\/webp"}],"twitter_card":"summary_large_image","twitter_misc":{"Dur\u00e9e de lecture est.":"2 minutes"},"schema":{"@context":"https:\/\/schema.org","@graph":[{"@type":"WebPage","@id":"https:\/\/www.dopartners.be\/fr\/produit\/presse-de-production-xerox-proficio-px500\/","url":"https:\/\/www.dopartners.be\/fr\/produit\/presse-de-production-xerox-proficio-px500\/","name":"Presse de production Xerox Proficio PX500 - D&amp;O Partners","isPartOf":{"@id":"https:\/\/www.dopartners.be\/fr\/#website"},"primaryImageOfPage":{"@id":"https:\/\/www.dopartners.be\/fr\/produit\/presse-de-production-xerox-proficio-px500\/#primaryimage"},"image":{"@id":"https:\/\/www.dopartners.be\/fr\/produit\/presse-de-production-xerox-proficio-px500\/#primaryimage"},"thumbnailUrl":"https:\/\/www.dopartners.be\/wp-content\/uploads\/2026\/03\/proficio-px500.webp","datePublished":"2026-03-24T12:24:27+00:00","dateModified":"2026-03-25T09:32:28+00:00","breadcrumb":{"@id":"https:\/\/www.dopartners.be\/fr\/produit\/presse-de-production-xerox-proficio-px500\/#breadcrumb"},"inLanguage":"fr-BE","potentialAction":[{"@type":"ReadAction","target":["https:\/\/www.dopartners.be\/fr\/produit\/presse-de-production-xerox-proficio-px500\/"]}]},{"@type":"ImageObject","inLanguage":"fr-BE","@id":"https:\/\/www.dopartners.be\/fr\/produit\/presse-de-production-xerox-proficio-px500\/#primaryimage","url":"https:\/\/www.dopartners.be\/wp-content\/uploads\/2026\/03\/proficio-px500.webp","contentUrl":"https:\/\/www.dopartners.be\/wp-content\/uploads\/2026\/03\/proficio-px500.webp","width":1200,"height":1444},{"@type":"BreadcrumbList","@id":"https:\/\/www.dopartners.be\/fr\/produit\/presse-de-production-xerox-proficio-px500\/#breadcrumb","itemListElement":[{"@type":"ListItem","position":1,"name":"Home","item":"https:\/\/www.dopartners.be\/fr\/"},{"@type":"ListItem","position":2,"name":"Boutique","item":"https:\/\/www.dopartners.be\/fr\/shop\/"},{"@type":"ListItem","position":3,"name":"Presse de production Xerox Proficio PX500"}]},{"@type":"WebSite","@id":"https:\/\/www.dopartners.be\/fr\/#website","url":"https:\/\/www.dopartners.be\/fr\/","name":"D&amp;O Partners","description":"Concessionnaire Xerox autoris\u00e9 \u00e0 Bruxelles","publisher":{"@id":"https:\/\/www.dopartners.be\/fr\/#organization"},"alternateName":"DO Partners","potentialAction":[{"@type":"SearchAction","target":{"@type":"EntryPoint","urlTemplate":"https:\/\/www.dopartners.be\/fr\/?s={search_term_string}"},"query-input":{"@type":"PropertyValueSpecification","valueRequired":true,"valueName":"search_term_string"}}],"inLanguage":"fr-BE"},{"@type":"Organization","@id":"https:\/\/www.dopartners.be\/fr\/#organization","name":"DO PARTNERS","url":"https:\/\/www.dopartners.be\/fr\/","logo":{"@type":"ImageObject","inLanguage":"fr-BE","@id":"https:\/\/www.dopartners.be\/fr\/#\/schema\/logo\/image\/","url":"https:\/\/www.dopartners.be\/wp-content\/uploads\/2017\/11\/DO-partners-logo.png","contentUrl":"https:\/\/www.dopartners.be\/wp-content\/uploads\/2017\/11\/DO-partners-logo.png","width":135,"height":100,"caption":"DO PARTNERS"},"image":{"@id":"https:\/\/www.dopartners.be\/fr\/#\/schema\/logo\/image\/"},"sameAs":["https:\/\/www.facebook.com\/DOPartnersXerox","https:\/\/www.youtube.com\/@dopartners","https:\/\/www.linkedin.com\/company\/d&amp;o-partners\/"]}]}},"_links":{"self":[{"href":"https:\/\/www.dopartners.be\/fr\/wp-json\/wp\/v2\/product\/12592","targetHints":{"allow":["GET"]}}],"collection":[{"href":"https:\/\/www.dopartners.be\/fr\/wp-json\/wp\/v2\/product"}],"about":[{"href":"https:\/\/www.dopartners.be\/fr\/wp-json\/wp\/v2\/types\/product"}],"wp:featuredmedia":[{"embeddable":true,"href":"https:\/\/www.dopartners.be\/fr\/wp-json\/wp\/v2\/media\/12593"}],"wp:attachment":[{"href":"https:\/\/www.dopartners.be\/fr\/wp-json\/wp\/v2\/media?parent=12592"}],"wp:term":[{"taxonomy":"product_brand","embeddable":true,"href":"https:\/\/www.dopartners.be\/fr\/wp-json\/wp\/v2\/product_brand?post=12592"},{"taxonomy":"product_cat","embeddable":true,"href":"https:\/\/www.dopartners.be\/fr\/wp-json\/wp\/v2\/product_cat?post=12592"},{"taxonomy":"product_tag","embeddable":true,"href":"https:\/\/www.dopartners.be\/fr\/wp-json\/wp\/v2\/product_tag?post=12592"}],"curies":[{"name":"wp","href":"https:\/\/api.w.org\/{rel}","templated":true}]}}