{"id":12615,"date":"2026-03-24T13:42:56","date_gmt":"2026-03-24T12:42:56","guid":{"rendered":"https:\/\/www.dopartners.be\/?post_type=product&#038;p=12615"},"modified":"2026-03-24T14:22:48","modified_gmt":"2026-03-24T13:22:48","slug":"presse-jet-dencre-ijp900-de-xerox","status":"publish","type":"product","link":"https:\/\/www.dopartners.be\/fr\/produit\/presse-jet-dencre-ijp900-de-xerox\/","title":{"rendered":"Presse jet d&#8217;encre IJP900 Xerox"},"content":{"rendered":"<div class=\"wpb-content-wrapper\"><p>[vc_row content_placement=&#8221;top&#8221;][vc_column][vc_column_text css=&#8221;&#8221; woodmart_inline=&#8221;no&#8221; text_larger=&#8221;no&#8221;]<\/p>\n<table class=\"shop_attributes\">\n<tbody>\n<tr>\n<th>Mod\u00e8le<\/th>\n<td>Xerox IJP900<\/td>\n<\/tr>\n<tr>\n<th>Fonction standard<\/th>\n<td>Impression de production jet d&#8217;encre couleur (CMJN) et num\u00e9risation<\/td>\n<\/tr>\n<tr>\n<th>Fonctionnalit\u00e9s en option<\/th>\n<td>Chargeurs de papier suppl\u00e9mentaires &#8211; Empilage et finition<\/td>\n<\/tr>\n<tr>\n<th>Vitesse nominale<\/th>\n<td>150 feuilles\/ min A4 (210 mm x 297 mm); 146 feuilles\/ min Lettre (8,5 x 11 po)<\/td>\n<\/tr>\n<tr>\n<th>Vitesse d&#8217;impression mensuel recommand\u00e9<\/th>\n<td>De 250 000 \u00e0 1 000 000 pages par mois<\/td>\n<\/tr>\n<tr>\n<th>Capacit\u00e9 papier maximum avec options<\/th>\n<td>14\u00a0310 feuilles de 80 g\/m\u00b2<\/td>\n<\/tr>\n<tr>\n<th>Mode de tirage<\/th>\n<td>Impression recto ou recto verso<\/td>\n<\/tr>\n<tr>\n<th>Type de support<\/th>\n<td>Ordinaire, non couch\u00e9, super lisse et jet d\u2019encre trait\u00e9 (mat, soie et ordinaire)<\/td>\n<\/tr>\n<\/tbody>\n<\/table>\n<p>[\/vc_column_text][\/vc_column][\/vc_row]<\/p>\n<\/div>","protected":false},"excerpt":{"rendered":"<p>[vc_row content_placement=&#8221;top&#8221;][vc_column][vc_btn title=&#8221;T\u00e9l\u00e9charger la brochure&#8221; style=&#8221;flat&#8221; shape=&#8221;square&#8221; align=&#8221;left&#8221; i_icon_fontawesome=&#8221;fa fa-file-pdf-o&#8221; add_icon=&#8221;true&#8221; link=&#8221;url:\/wp-content\/uploads\/2026\/03\/Brochure-Presse-jet-dencre-IJP900-de-Xerox.pdf||target:%20_blank|&#8221;][vc_column_text]<\/p>\n<p>Le jet d\u2019encre sans la complexit\u00e9.<\/p>\n<ul>\n<li>Puissante presse de production feuille \u00e0 feuille : Con\u00e7ue pour fournir des niveaux exceptionnels de vitesse, de flexibilit\u00e9 et de qualit\u00e9 aux entreprises n\u00e9cessitant de hauts volumes d&#8217;impression.<\/li>\n<li>Performances \u00e0 haut d\u00e9bit sans compromis : Jusqu&#8217;\u00e0 150 pages par minute en couleur ou noir et blanc pour imprimer de hauts volumes, sans compromis sur la qualit\u00e9 ou la vitesse.<\/li>\n<li>Aucune infrastructure sp\u00e9ciale requise : Fonctionne sur une alimentation \u00e9lectrique standard et ne n\u00e9cessite pas de syst\u00e8me de climatisation, d&#8217;eau ou d&#8217;am\u00e9nagements complexes. Vous gagnez du temps, de l&#8217;espace et de l&#8217;argent.<\/li>\n<li>Encombrement r\u00e9duit mais \u00e9volutif : Con\u00e7ue pour les espaces de production restreints, elle s&#8217;adapte \u00e0 votre entreprise.<\/li>\n<li>Faible co\u00fbt total d&#8217;exploitation : Impression couleur de qualit\u00e9 professionnelle \u00e0 haut volume gr\u00e2ce \u00e0 de grands r\u00e9servoirs d&#8217;encre de 3 litres, une maintenance intelligente et moins d&#8217;interventions manuelles pour mieux imprimer et g\u00e9rer les co\u00fbts.<\/li>\n<li>Une impression performante l\u00e0 o\u00f9 cela compte le plus : Efficacit\u00e9 prouv\u00e9e dans diff\u00e9rents secteurs tels que la finance, la sant\u00e9, l&#8217;administration, l&#8217;assurance et l&#8217;\u00e9ducation.<\/li>\n<\/ul>\n","protected":false},"featured_media":12619,"template":"","meta":[],"product_brand":[],"product_cat":[21],"product_tag":[],"class_list":{"0":"post-12615","1":"product","2":"type-product","3":"status-publish","4":"has-post-thumbnail","6":"product_cat-production-presse-numerique","8":"first","9":"instock","10":"shipping-taxable","11":"product-type-simple"},"yoast_head":"<!-- This site is optimized with the Yoast SEO plugin v25.9 - https:\/\/yoast.com\/wordpress\/plugins\/seo\/ -->\n<title>Presse jet d&#039;encre IJP900 Xerox - D&amp;O Partners<\/title>\n<meta name=\"robots\" content=\"index, follow, max-snippet:-1, max-image-preview:large, max-video-preview:-1\" \/>\n<link rel=\"canonical\" href=\"https:\/\/www.dopartners.be\/fr\/produit\/presse-jet-dencre-ijp900-de-xerox\/\" \/>\n<meta property=\"og:locale\" content=\"fr_FR\" \/>\n<meta property=\"og:type\" content=\"article\" \/>\n<meta property=\"og:title\" content=\"Presse jet d&#039;encre IJP900 Xerox - D&amp;O Partners\" \/>\n<meta property=\"og:description\" content=\"[vc_row content_placement=&quot;top&quot;][vc_column][vc_btn title=&quot;T\u00e9l\u00e9charger la brochure&quot; style=&quot;flat&quot; shape=&quot;square&quot; align=&quot;left&quot; i_icon_fontawesome=&quot;fa fa-file-pdf-o&quot; add_icon=&quot;true&quot; link=&quot;url:\/wp-content\/uploads\/2026\/03\/Brochure-Presse-jet-dencre-IJP900-de-Xerox.pdf||target:%20_blank|&quot;][vc_column_text]  Le jet d\u2019encre sans la complexit\u00e9.   Puissante presse de production feuille \u00e0 feuille : Con\u00e7ue pour fournir des niveaux exceptionnels de vitesse, de flexibilit\u00e9 et de qualit\u00e9 aux entreprises n\u00e9cessitant de hauts volumes d&#039;impression.  Performances \u00e0 haut d\u00e9bit sans compromis : Jusqu&#039;\u00e0 150 pages par minute en couleur ou noir et blanc pour imprimer de hauts volumes, sans compromis sur la qualit\u00e9 ou la vitesse.  Aucune infrastructure sp\u00e9ciale requise : Fonctionne sur une alimentation \u00e9lectrique standard et ne n\u00e9cessite pas de syst\u00e8me de climatisation, d&#039;eau ou d&#039;am\u00e9nagements complexes. Vous gagnez du temps, de l&#039;espace et de l&#039;argent.  Encombrement r\u00e9duit mais \u00e9volutif : Con\u00e7ue pour les espaces de production restreints, elle s&#039;adapte \u00e0 votre entreprise.  Faible co\u00fbt total d&#039;exploitation : Impression couleur de qualit\u00e9 professionnelle \u00e0 haut volume gr\u00e2ce \u00e0 de grands r\u00e9servoirs d&#039;encre de 3 litres, une maintenance intelligente et moins d&#039;interventions manuelles pour mieux imprimer et g\u00e9rer les co\u00fbts.  Une impression performante l\u00e0 o\u00f9 cela compte le plus : Efficacit\u00e9 prouv\u00e9e dans diff\u00e9rents secteurs tels que la finance, la sant\u00e9, l&#039;administration, l&#039;assurance et l&#039;\u00e9ducation.\" \/>\n<meta property=\"og:url\" content=\"https:\/\/www.dopartners.be\/fr\/produit\/presse-jet-dencre-ijp900-de-xerox\/\" \/>\n<meta property=\"og:site_name\" content=\"D&amp;O Partners\" \/>\n<meta property=\"article:publisher\" content=\"https:\/\/www.facebook.com\/DOPartnersXerox\" \/>\n<meta property=\"article:modified_time\" content=\"2026-03-24T13:22:48+00:00\" \/>\n<meta property=\"og:image\" content=\"https:\/\/www.dopartners.be\/wp-content\/uploads\/2026\/03\/ijp900-2.webp\" \/>\n\t<meta property=\"og:image:width\" content=\"1200\" \/>\n\t<meta property=\"og:image:height\" content=\"1444\" \/>\n\t<meta property=\"og:image:type\" content=\"image\/webp\" \/>\n<meta name=\"twitter:card\" content=\"summary_large_image\" \/>\n<meta name=\"twitter:label1\" content=\"Dur\u00e9e de lecture est.\" \/>\n\t<meta name=\"twitter:data1\" content=\"1 minute\" \/>\n<script type=\"application\/ld+json\" class=\"yoast-schema-graph\">{\"@context\":\"https:\/\/schema.org\",\"@graph\":[{\"@type\":\"WebPage\",\"@id\":\"https:\/\/www.dopartners.be\/fr\/produit\/presse-jet-dencre-ijp900-de-xerox\/\",\"url\":\"https:\/\/www.dopartners.be\/fr\/produit\/presse-jet-dencre-ijp900-de-xerox\/\",\"name\":\"Presse jet d'encre IJP900 Xerox - D&amp;O Partners\",\"isPartOf\":{\"@id\":\"https:\/\/www.dopartners.be\/fr\/#website\"},\"primaryImageOfPage\":{\"@id\":\"https:\/\/www.dopartners.be\/fr\/produit\/presse-jet-dencre-ijp900-de-xerox\/#primaryimage\"},\"image\":{\"@id\":\"https:\/\/www.dopartners.be\/fr\/produit\/presse-jet-dencre-ijp900-de-xerox\/#primaryimage\"},\"thumbnailUrl\":\"https:\/\/www.dopartners.be\/wp-content\/uploads\/2026\/03\/ijp900-2.webp\",\"datePublished\":\"2026-03-24T12:42:56+00:00\",\"dateModified\":\"2026-03-24T13:22:48+00:00\",\"breadcrumb\":{\"@id\":\"https:\/\/www.dopartners.be\/fr\/produit\/presse-jet-dencre-ijp900-de-xerox\/#breadcrumb\"},\"inLanguage\":\"fr-BE\",\"potentialAction\":[{\"@type\":\"ReadAction\",\"target\":[\"https:\/\/www.dopartners.be\/fr\/produit\/presse-jet-dencre-ijp900-de-xerox\/\"]}]},{\"@type\":\"ImageObject\",\"inLanguage\":\"fr-BE\",\"@id\":\"https:\/\/www.dopartners.be\/fr\/produit\/presse-jet-dencre-ijp900-de-xerox\/#primaryimage\",\"url\":\"https:\/\/www.dopartners.be\/wp-content\/uploads\/2026\/03\/ijp900-2.webp\",\"contentUrl\":\"https:\/\/www.dopartners.be\/wp-content\/uploads\/2026\/03\/ijp900-2.webp\",\"width\":1200,\"height\":1444},{\"@type\":\"BreadcrumbList\",\"@id\":\"https:\/\/www.dopartners.be\/fr\/produit\/presse-jet-dencre-ijp900-de-xerox\/#breadcrumb\",\"itemListElement\":[{\"@type\":\"ListItem\",\"position\":1,\"name\":\"Home\",\"item\":\"https:\/\/www.dopartners.be\/fr\/\"},{\"@type\":\"ListItem\",\"position\":2,\"name\":\"Boutique\",\"item\":\"https:\/\/www.dopartners.be\/fr\/shop\/\"},{\"@type\":\"ListItem\",\"position\":3,\"name\":\"Presse jet d&#8217;encre IJP900 Xerox\"}]},{\"@type\":\"WebSite\",\"@id\":\"https:\/\/www.dopartners.be\/fr\/#website\",\"url\":\"https:\/\/www.dopartners.be\/fr\/\",\"name\":\"D&amp;O Partners\",\"description\":\"Concessionnaire Xerox autoris\u00e9 \u00e0 Bruxelles\",\"publisher\":{\"@id\":\"https:\/\/www.dopartners.be\/fr\/#organization\"},\"alternateName\":\"DO Partners\",\"potentialAction\":[{\"@type\":\"SearchAction\",\"target\":{\"@type\":\"EntryPoint\",\"urlTemplate\":\"https:\/\/www.dopartners.be\/fr\/?s={search_term_string}\"},\"query-input\":{\"@type\":\"PropertyValueSpecification\",\"valueRequired\":true,\"valueName\":\"search_term_string\"}}],\"inLanguage\":\"fr-BE\"},{\"@type\":\"Organization\",\"@id\":\"https:\/\/www.dopartners.be\/fr\/#organization\",\"name\":\"DO PARTNERS\",\"url\":\"https:\/\/www.dopartners.be\/fr\/\",\"logo\":{\"@type\":\"ImageObject\",\"inLanguage\":\"fr-BE\",\"@id\":\"https:\/\/www.dopartners.be\/fr\/#\/schema\/logo\/image\/\",\"url\":\"https:\/\/www.dopartners.be\/wp-content\/uploads\/2017\/11\/DO-partners-logo.png\",\"contentUrl\":\"https:\/\/www.dopartners.be\/wp-content\/uploads\/2017\/11\/DO-partners-logo.png\",\"width\":135,\"height\":100,\"caption\":\"DO PARTNERS\"},\"image\":{\"@id\":\"https:\/\/www.dopartners.be\/fr\/#\/schema\/logo\/image\/\"},\"sameAs\":[\"https:\/\/www.facebook.com\/DOPartnersXerox\",\"https:\/\/www.youtube.com\/@dopartners\",\"https:\/\/www.linkedin.com\/company\/d&amp;o-partners\/\"]}]}<\/script>\n<!-- \/ Yoast SEO plugin. -->","yoast_head_json":{"title":"Presse jet d'encre IJP900 Xerox - D&amp;O Partners","robots":{"index":"index","follow":"follow","max-snippet":"max-snippet:-1","max-image-preview":"max-image-preview:large","max-video-preview":"max-video-preview:-1"},"canonical":"https:\/\/www.dopartners.be\/fr\/produit\/presse-jet-dencre-ijp900-de-xerox\/","og_locale":"fr_FR","og_type":"article","og_title":"Presse jet d'encre IJP900 Xerox - D&amp;O Partners","og_description":"[vc_row content_placement=\"top\"][vc_column][vc_btn title=\"T\u00e9l\u00e9charger la brochure\" style=\"flat\" shape=\"square\" align=\"left\" i_icon_fontawesome=\"fa fa-file-pdf-o\" add_icon=\"true\" link=\"url:\/wp-content\/uploads\/2026\/03\/Brochure-Presse-jet-dencre-IJP900-de-Xerox.pdf||target:%20_blank|\"][vc_column_text]  Le jet d\u2019encre sans la complexit\u00e9.   Puissante presse de production feuille \u00e0 feuille : Con\u00e7ue pour fournir des niveaux exceptionnels de vitesse, de flexibilit\u00e9 et de qualit\u00e9 aux entreprises n\u00e9cessitant de hauts volumes d'impression.  Performances \u00e0 haut d\u00e9bit sans compromis : Jusqu'\u00e0 150 pages par minute en couleur ou noir et blanc pour imprimer de hauts volumes, sans compromis sur la qualit\u00e9 ou la vitesse.  Aucune infrastructure sp\u00e9ciale requise : Fonctionne sur une alimentation \u00e9lectrique standard et ne n\u00e9cessite pas de syst\u00e8me de climatisation, d'eau ou d'am\u00e9nagements complexes. Vous gagnez du temps, de l'espace et de l'argent.  Encombrement r\u00e9duit mais \u00e9volutif : Con\u00e7ue pour les espaces de production restreints, elle s'adapte \u00e0 votre entreprise.  Faible co\u00fbt total d'exploitation : Impression couleur de qualit\u00e9 professionnelle \u00e0 haut volume gr\u00e2ce \u00e0 de grands r\u00e9servoirs d'encre de 3 litres, une maintenance intelligente et moins d'interventions manuelles pour mieux imprimer et g\u00e9rer les co\u00fbts.  Une impression performante l\u00e0 o\u00f9 cela compte le plus : Efficacit\u00e9 prouv\u00e9e dans diff\u00e9rents secteurs tels que la finance, la sant\u00e9, l'administration, l'assurance et l'\u00e9ducation.","og_url":"https:\/\/www.dopartners.be\/fr\/produit\/presse-jet-dencre-ijp900-de-xerox\/","og_site_name":"D&amp;O Partners","article_publisher":"https:\/\/www.facebook.com\/DOPartnersXerox","article_modified_time":"2026-03-24T13:22:48+00:00","og_image":[{"width":1200,"height":1444,"url":"https:\/\/www.dopartners.be\/wp-content\/uploads\/2026\/03\/ijp900-2.webp","type":"image\/webp"}],"twitter_card":"summary_large_image","twitter_misc":{"Dur\u00e9e de lecture est.":"1 minute"},"schema":{"@context":"https:\/\/schema.org","@graph":[{"@type":"WebPage","@id":"https:\/\/www.dopartners.be\/fr\/produit\/presse-jet-dencre-ijp900-de-xerox\/","url":"https:\/\/www.dopartners.be\/fr\/produit\/presse-jet-dencre-ijp900-de-xerox\/","name":"Presse jet d'encre IJP900 Xerox - D&amp;O Partners","isPartOf":{"@id":"https:\/\/www.dopartners.be\/fr\/#website"},"primaryImageOfPage":{"@id":"https:\/\/www.dopartners.be\/fr\/produit\/presse-jet-dencre-ijp900-de-xerox\/#primaryimage"},"image":{"@id":"https:\/\/www.dopartners.be\/fr\/produit\/presse-jet-dencre-ijp900-de-xerox\/#primaryimage"},"thumbnailUrl":"https:\/\/www.dopartners.be\/wp-content\/uploads\/2026\/03\/ijp900-2.webp","datePublished":"2026-03-24T12:42:56+00:00","dateModified":"2026-03-24T13:22:48+00:00","breadcrumb":{"@id":"https:\/\/www.dopartners.be\/fr\/produit\/presse-jet-dencre-ijp900-de-xerox\/#breadcrumb"},"inLanguage":"fr-BE","potentialAction":[{"@type":"ReadAction","target":["https:\/\/www.dopartners.be\/fr\/produit\/presse-jet-dencre-ijp900-de-xerox\/"]}]},{"@type":"ImageObject","inLanguage":"fr-BE","@id":"https:\/\/www.dopartners.be\/fr\/produit\/presse-jet-dencre-ijp900-de-xerox\/#primaryimage","url":"https:\/\/www.dopartners.be\/wp-content\/uploads\/2026\/03\/ijp900-2.webp","contentUrl":"https:\/\/www.dopartners.be\/wp-content\/uploads\/2026\/03\/ijp900-2.webp","width":1200,"height":1444},{"@type":"BreadcrumbList","@id":"https:\/\/www.dopartners.be\/fr\/produit\/presse-jet-dencre-ijp900-de-xerox\/#breadcrumb","itemListElement":[{"@type":"ListItem","position":1,"name":"Home","item":"https:\/\/www.dopartners.be\/fr\/"},{"@type":"ListItem","position":2,"name":"Boutique","item":"https:\/\/www.dopartners.be\/fr\/shop\/"},{"@type":"ListItem","position":3,"name":"Presse jet d&#8217;encre IJP900 Xerox"}]},{"@type":"WebSite","@id":"https:\/\/www.dopartners.be\/fr\/#website","url":"https:\/\/www.dopartners.be\/fr\/","name":"D&amp;O Partners","description":"Concessionnaire Xerox autoris\u00e9 \u00e0 Bruxelles","publisher":{"@id":"https:\/\/www.dopartners.be\/fr\/#organization"},"alternateName":"DO Partners","potentialAction":[{"@type":"SearchAction","target":{"@type":"EntryPoint","urlTemplate":"https:\/\/www.dopartners.be\/fr\/?s={search_term_string}"},"query-input":{"@type":"PropertyValueSpecification","valueRequired":true,"valueName":"search_term_string"}}],"inLanguage":"fr-BE"},{"@type":"Organization","@id":"https:\/\/www.dopartners.be\/fr\/#organization","name":"DO PARTNERS","url":"https:\/\/www.dopartners.be\/fr\/","logo":{"@type":"ImageObject","inLanguage":"fr-BE","@id":"https:\/\/www.dopartners.be\/fr\/#\/schema\/logo\/image\/","url":"https:\/\/www.dopartners.be\/wp-content\/uploads\/2017\/11\/DO-partners-logo.png","contentUrl":"https:\/\/www.dopartners.be\/wp-content\/uploads\/2017\/11\/DO-partners-logo.png","width":135,"height":100,"caption":"DO PARTNERS"},"image":{"@id":"https:\/\/www.dopartners.be\/fr\/#\/schema\/logo\/image\/"},"sameAs":["https:\/\/www.facebook.com\/DOPartnersXerox","https:\/\/www.youtube.com\/@dopartners","https:\/\/www.linkedin.com\/company\/d&amp;o-partners\/"]}]}},"_links":{"self":[{"href":"https:\/\/www.dopartners.be\/fr\/wp-json\/wp\/v2\/product\/12615","targetHints":{"allow":["GET"]}}],"collection":[{"href":"https:\/\/www.dopartners.be\/fr\/wp-json\/wp\/v2\/product"}],"about":[{"href":"https:\/\/www.dopartners.be\/fr\/wp-json\/wp\/v2\/types\/product"}],"wp:featuredmedia":[{"embeddable":true,"href":"https:\/\/www.dopartners.be\/fr\/wp-json\/wp\/v2\/media\/12619"}],"wp:attachment":[{"href":"https:\/\/www.dopartners.be\/fr\/wp-json\/wp\/v2\/media?parent=12615"}],"wp:term":[{"taxonomy":"product_brand","embeddable":true,"href":"https:\/\/www.dopartners.be\/fr\/wp-json\/wp\/v2\/product_brand?post=12615"},{"taxonomy":"product_cat","embeddable":true,"href":"https:\/\/www.dopartners.be\/fr\/wp-json\/wp\/v2\/product_cat?post=12615"},{"taxonomy":"product_tag","embeddable":true,"href":"https:\/\/www.dopartners.be\/fr\/wp-json\/wp\/v2\/product_tag?post=12615"}],"curies":[{"name":"wp","href":"https:\/\/api.w.org\/{rel}","templated":true}]}}