{"id":12659,"date":"2026-03-24T16:28:44","date_gmt":"2026-03-24T15:28:44","guid":{"rendered":"https:\/\/www.dopartners.be\/?post_type=product&#038;p=12659"},"modified":"2026-03-30T11:37:27","modified_gmt":"2026-03-30T09:37:27","slug":"imprimante-couleur-lexmark-cs963","status":"publish","type":"product","link":"https:\/\/www.dopartners.be\/fr\/produit\/imprimante-couleur-lexmark-cs963\/","title":{"rendered":"Imprimante couleur Lexmark CS963"},"content":{"rendered":"<div class=\"wpb-content-wrapper\"><p>[vc_row content_placement=&#8221;top&#8221;][vc_column][vc_column_text css=&#8221;&#8221; woodmart_inline=&#8221;no&#8221; text_larger=&#8221;no&#8221;]<\/p>\n<table class=\"shop_attributes\">\n<tbody>\n<tr>\n<th>Mod\u00e8le<\/th>\n<td>CS963<\/td>\n<\/tr>\n<tr>\n<th>Fonction standard<\/th>\n<td>Impression<\/td>\n<\/tr>\n<tr>\n<th>Fonctionnalit\u00e9s en option<\/th>\n<td>Pliage en livret et agrafage \u00e0 cheval, Perforation, Bac \u00e0 d\u00e9calage, Agrafage<\/td>\n<\/tr>\n<tr>\n<th>Vitesse d&#8217;impression<\/th>\n<td>Couleur: jusqu&#8217;\u00e0 55 ppm &#8211; Noir: jusqu&#8217;\u00e0 55 ppm<\/td>\n<\/tr>\n<tr>\n<th>Vitesse d&#8217;impression mensuel recommand\u00e9<\/th>\n<td>Jusqu&#8217;\u00e0\u00a0<span dir=\"ltr\">50.000<\/span>\u00a0pages<\/td>\n<\/tr>\n<tr>\n<th>R\u00e9solution d&#8217;impression maximale<\/th>\n<td>1200 x 1200 dpi, Qualit\u00e9 d&#8217;image 2 400<\/td>\n<\/tr>\n<tr>\n<th>D\u00e9veloppement durable<\/th>\n<td>Blue Angel<br \/>\nEPEAT<br \/>\nENERGY STAR\u00ae<br \/>\nProgramme de recyclage<\/td>\n<\/tr>\n<\/tbody>\n<\/table>\n<p>[\/vc_column_text][\/vc_column][\/vc_row]<\/p>\n<\/div>","protected":false},"excerpt":{"rendered":"<p>[vc_row content_placement=&#8221;top&#8221;][vc_column][vc_btn title=&#8221;T\u00e9l\u00e9charger la brochure&#8221; style=&#8221;flat&#8221; shape=&#8221;square&#8221; align=&#8221;left&#8221; i_icon_fontawesome=&#8221;fa fa-file-pdf-o&#8221; add_icon=&#8221;true&#8221; link=&#8221;url:\/wp-content\/uploads\/2026\/03\/Imprimante-couleur-Lexmark-CS963.pdf||target:%20_blank|&#8221;][vc_column_text]<\/p>\n<p>Avec l&#8217;imprimante couleur CS963e A3 vous b\u00e9n\u00e9ficiez d&#8217;une polyvalence rassurante, d&#8217;une durabilit\u00e9 exceptionnelle et d&#8217;une simplicit\u00e9 surprenante avec une telle technologie sophistiqu\u00e9e.<\/p>\n<ul>\n<li>Boostez votre productivit\u00e9 avec des impressions \u00e9clatantes, jusqu&#8217;\u00e0 55 pages par minute<\/li>\n<li>Vous naviguez intuitivement sur l&#8217;\u00e9cran tactile couleur de 4,3 pouces et vous r\u00e9duisez vos co\u00fbts car vous n&#8217;avez plus besoin d&#8217;utiliser des imprimeries externes.<\/li>\n<li>Effortlessly create everything your business requires, and custom configure your MFP with interchangeable options tailored to your needs.<\/li>\n<\/ul>\n","protected":false},"featured_media":12660,"template":"","meta":[],"product_brand":[],"product_cat":[1728],"product_tag":[],"class_list":{"0":"post-12659","1":"product","2":"type-product","3":"status-publish","4":"has-post-thumbnail","6":"product_cat-occasions","8":"first","9":"instock","10":"shipping-taxable","11":"product-type-simple"},"yoast_head":"<!-- This site is optimized with the Yoast SEO plugin v25.9 - https:\/\/yoast.com\/wordpress\/plugins\/seo\/ -->\n<title>Imprimante couleur Lexmark CS963 - D&amp;O Partners<\/title>\n<meta name=\"robots\" content=\"index, follow, max-snippet:-1, max-image-preview:large, max-video-preview:-1\" \/>\n<link rel=\"canonical\" href=\"https:\/\/www.dopartners.be\/fr\/produit\/imprimante-couleur-lexmark-cs963\/\" \/>\n<meta property=\"og:locale\" content=\"fr_FR\" \/>\n<meta property=\"og:type\" content=\"article\" \/>\n<meta property=\"og:title\" content=\"Imprimante couleur Lexmark CS963 - D&amp;O Partners\" \/>\n<meta property=\"og:description\" content=\"[vc_row content_placement=&quot;top&quot;][vc_column][vc_btn title=&quot;T\u00e9l\u00e9charger la brochure&quot; style=&quot;flat&quot; shape=&quot;square&quot; align=&quot;left&quot; i_icon_fontawesome=&quot;fa fa-file-pdf-o&quot; add_icon=&quot;true&quot; link=&quot;url:\/wp-content\/uploads\/2026\/03\/Imprimante-couleur-Lexmark-CS963.pdf||target:%20_blank|&quot;][vc_column_text]  Avec l&#039;imprimante couleur CS963e A3 vous b\u00e9n\u00e9ficiez d&#039;une polyvalence rassurante, d&#039;une durabilit\u00e9 exceptionnelle et d&#039;une simplicit\u00e9 surprenante avec une telle technologie sophistiqu\u00e9e.   Boostez votre productivit\u00e9 avec des impressions \u00e9clatantes, jusqu&#039;\u00e0 55 pages par minute  Vous naviguez intuitivement sur l&#039;\u00e9cran tactile couleur de 4,3 pouces et vous r\u00e9duisez vos co\u00fbts car vous n&#039;avez plus besoin d&#039;utiliser des imprimeries externes.  Effortlessly create everything your business requires, and custom configure your MFP with interchangeable options tailored to your needs.\" \/>\n<meta property=\"og:url\" content=\"https:\/\/www.dopartners.be\/fr\/produit\/imprimante-couleur-lexmark-cs963\/\" \/>\n<meta property=\"og:site_name\" content=\"D&amp;O Partners\" \/>\n<meta property=\"article:publisher\" content=\"https:\/\/www.facebook.com\/DOPartnersXerox\" \/>\n<meta property=\"article:modified_time\" content=\"2026-03-30T09:37:27+00:00\" \/>\n<meta property=\"og:image\" content=\"https:\/\/www.dopartners.be\/wp-content\/uploads\/2026\/03\/cs963-1.webp\" \/>\n\t<meta property=\"og:image:width\" content=\"1200\" \/>\n\t<meta property=\"og:image:height\" content=\"1444\" \/>\n\t<meta property=\"og:image:type\" content=\"image\/webp\" \/>\n<meta name=\"twitter:card\" content=\"summary_large_image\" \/>\n<meta name=\"twitter:label1\" content=\"Dur\u00e9e de lecture est.\" \/>\n\t<meta name=\"twitter:data1\" content=\"1 minute\" \/>\n<script type=\"application\/ld+json\" class=\"yoast-schema-graph\">{\"@context\":\"https:\/\/schema.org\",\"@graph\":[{\"@type\":\"WebPage\",\"@id\":\"https:\/\/www.dopartners.be\/fr\/produit\/imprimante-couleur-lexmark-cs963\/\",\"url\":\"https:\/\/www.dopartners.be\/fr\/produit\/imprimante-couleur-lexmark-cs963\/\",\"name\":\"Imprimante couleur Lexmark CS963 - D&amp;O Partners\",\"isPartOf\":{\"@id\":\"https:\/\/www.dopartners.be\/fr\/#website\"},\"primaryImageOfPage\":{\"@id\":\"https:\/\/www.dopartners.be\/fr\/produit\/imprimante-couleur-lexmark-cs963\/#primaryimage\"},\"image\":{\"@id\":\"https:\/\/www.dopartners.be\/fr\/produit\/imprimante-couleur-lexmark-cs963\/#primaryimage\"},\"thumbnailUrl\":\"https:\/\/www.dopartners.be\/wp-content\/uploads\/2026\/03\/cs963-1.webp\",\"datePublished\":\"2026-03-24T15:28:44+00:00\",\"dateModified\":\"2026-03-30T09:37:27+00:00\",\"breadcrumb\":{\"@id\":\"https:\/\/www.dopartners.be\/fr\/produit\/imprimante-couleur-lexmark-cs963\/#breadcrumb\"},\"inLanguage\":\"fr-BE\",\"potentialAction\":[{\"@type\":\"ReadAction\",\"target\":[\"https:\/\/www.dopartners.be\/fr\/produit\/imprimante-couleur-lexmark-cs963\/\"]}]},{\"@type\":\"ImageObject\",\"inLanguage\":\"fr-BE\",\"@id\":\"https:\/\/www.dopartners.be\/fr\/produit\/imprimante-couleur-lexmark-cs963\/#primaryimage\",\"url\":\"https:\/\/www.dopartners.be\/wp-content\/uploads\/2026\/03\/cs963-1.webp\",\"contentUrl\":\"https:\/\/www.dopartners.be\/wp-content\/uploads\/2026\/03\/cs963-1.webp\",\"width\":1200,\"height\":1444},{\"@type\":\"BreadcrumbList\",\"@id\":\"https:\/\/www.dopartners.be\/fr\/produit\/imprimante-couleur-lexmark-cs963\/#breadcrumb\",\"itemListElement\":[{\"@type\":\"ListItem\",\"position\":1,\"name\":\"Home\",\"item\":\"https:\/\/www.dopartners.be\/fr\/\"},{\"@type\":\"ListItem\",\"position\":2,\"name\":\"Boutique\",\"item\":\"https:\/\/www.dopartners.be\/fr\/shop\/\"},{\"@type\":\"ListItem\",\"position\":3,\"name\":\"Imprimante couleur Lexmark CS963\"}]},{\"@type\":\"WebSite\",\"@id\":\"https:\/\/www.dopartners.be\/fr\/#website\",\"url\":\"https:\/\/www.dopartners.be\/fr\/\",\"name\":\"D&amp;O Partners\",\"description\":\"Concessionnaire Xerox autoris\u00e9 \u00e0 Bruxelles\",\"publisher\":{\"@id\":\"https:\/\/www.dopartners.be\/fr\/#organization\"},\"alternateName\":\"DO Partners\",\"potentialAction\":[{\"@type\":\"SearchAction\",\"target\":{\"@type\":\"EntryPoint\",\"urlTemplate\":\"https:\/\/www.dopartners.be\/fr\/?s={search_term_string}\"},\"query-input\":{\"@type\":\"PropertyValueSpecification\",\"valueRequired\":true,\"valueName\":\"search_term_string\"}}],\"inLanguage\":\"fr-BE\"},{\"@type\":\"Organization\",\"@id\":\"https:\/\/www.dopartners.be\/fr\/#organization\",\"name\":\"DO PARTNERS\",\"url\":\"https:\/\/www.dopartners.be\/fr\/\",\"logo\":{\"@type\":\"ImageObject\",\"inLanguage\":\"fr-BE\",\"@id\":\"https:\/\/www.dopartners.be\/fr\/#\/schema\/logo\/image\/\",\"url\":\"https:\/\/www.dopartners.be\/wp-content\/uploads\/2017\/11\/DO-partners-logo.png\",\"contentUrl\":\"https:\/\/www.dopartners.be\/wp-content\/uploads\/2017\/11\/DO-partners-logo.png\",\"width\":135,\"height\":100,\"caption\":\"DO PARTNERS\"},\"image\":{\"@id\":\"https:\/\/www.dopartners.be\/fr\/#\/schema\/logo\/image\/\"},\"sameAs\":[\"https:\/\/www.facebook.com\/DOPartnersXerox\",\"https:\/\/www.youtube.com\/@dopartners\",\"https:\/\/www.linkedin.com\/company\/d&amp;o-partners\/\"]}]}<\/script>\n<!-- \/ Yoast SEO plugin. -->","yoast_head_json":{"title":"Imprimante couleur Lexmark CS963 - D&amp;O Partners","robots":{"index":"index","follow":"follow","max-snippet":"max-snippet:-1","max-image-preview":"max-image-preview:large","max-video-preview":"max-video-preview:-1"},"canonical":"https:\/\/www.dopartners.be\/fr\/produit\/imprimante-couleur-lexmark-cs963\/","og_locale":"fr_FR","og_type":"article","og_title":"Imprimante couleur Lexmark CS963 - D&amp;O Partners","og_description":"[vc_row content_placement=\"top\"][vc_column][vc_btn title=\"T\u00e9l\u00e9charger la brochure\" style=\"flat\" shape=\"square\" align=\"left\" i_icon_fontawesome=\"fa fa-file-pdf-o\" add_icon=\"true\" link=\"url:\/wp-content\/uploads\/2026\/03\/Imprimante-couleur-Lexmark-CS963.pdf||target:%20_blank|\"][vc_column_text]  Avec l'imprimante couleur CS963e A3 vous b\u00e9n\u00e9ficiez d'une polyvalence rassurante, d'une durabilit\u00e9 exceptionnelle et d'une simplicit\u00e9 surprenante avec une telle technologie sophistiqu\u00e9e.   Boostez votre productivit\u00e9 avec des impressions \u00e9clatantes, jusqu'\u00e0 55 pages par minute  Vous naviguez intuitivement sur l'\u00e9cran tactile couleur de 4,3 pouces et vous r\u00e9duisez vos co\u00fbts car vous n'avez plus besoin d'utiliser des imprimeries externes.  Effortlessly create everything your business requires, and custom configure your MFP with interchangeable options tailored to your needs.","og_url":"https:\/\/www.dopartners.be\/fr\/produit\/imprimante-couleur-lexmark-cs963\/","og_site_name":"D&amp;O Partners","article_publisher":"https:\/\/www.facebook.com\/DOPartnersXerox","article_modified_time":"2026-03-30T09:37:27+00:00","og_image":[{"width":1200,"height":1444,"url":"https:\/\/www.dopartners.be\/wp-content\/uploads\/2026\/03\/cs963-1.webp","type":"image\/webp"}],"twitter_card":"summary_large_image","twitter_misc":{"Dur\u00e9e de lecture est.":"1 minute"},"schema":{"@context":"https:\/\/schema.org","@graph":[{"@type":"WebPage","@id":"https:\/\/www.dopartners.be\/fr\/produit\/imprimante-couleur-lexmark-cs963\/","url":"https:\/\/www.dopartners.be\/fr\/produit\/imprimante-couleur-lexmark-cs963\/","name":"Imprimante couleur Lexmark CS963 - D&amp;O Partners","isPartOf":{"@id":"https:\/\/www.dopartners.be\/fr\/#website"},"primaryImageOfPage":{"@id":"https:\/\/www.dopartners.be\/fr\/produit\/imprimante-couleur-lexmark-cs963\/#primaryimage"},"image":{"@id":"https:\/\/www.dopartners.be\/fr\/produit\/imprimante-couleur-lexmark-cs963\/#primaryimage"},"thumbnailUrl":"https:\/\/www.dopartners.be\/wp-content\/uploads\/2026\/03\/cs963-1.webp","datePublished":"2026-03-24T15:28:44+00:00","dateModified":"2026-03-30T09:37:27+00:00","breadcrumb":{"@id":"https:\/\/www.dopartners.be\/fr\/produit\/imprimante-couleur-lexmark-cs963\/#breadcrumb"},"inLanguage":"fr-BE","potentialAction":[{"@type":"ReadAction","target":["https:\/\/www.dopartners.be\/fr\/produit\/imprimante-couleur-lexmark-cs963\/"]}]},{"@type":"ImageObject","inLanguage":"fr-BE","@id":"https:\/\/www.dopartners.be\/fr\/produit\/imprimante-couleur-lexmark-cs963\/#primaryimage","url":"https:\/\/www.dopartners.be\/wp-content\/uploads\/2026\/03\/cs963-1.webp","contentUrl":"https:\/\/www.dopartners.be\/wp-content\/uploads\/2026\/03\/cs963-1.webp","width":1200,"height":1444},{"@type":"BreadcrumbList","@id":"https:\/\/www.dopartners.be\/fr\/produit\/imprimante-couleur-lexmark-cs963\/#breadcrumb","itemListElement":[{"@type":"ListItem","position":1,"name":"Home","item":"https:\/\/www.dopartners.be\/fr\/"},{"@type":"ListItem","position":2,"name":"Boutique","item":"https:\/\/www.dopartners.be\/fr\/shop\/"},{"@type":"ListItem","position":3,"name":"Imprimante couleur Lexmark CS963"}]},{"@type":"WebSite","@id":"https:\/\/www.dopartners.be\/fr\/#website","url":"https:\/\/www.dopartners.be\/fr\/","name":"D&amp;O Partners","description":"Concessionnaire Xerox autoris\u00e9 \u00e0 Bruxelles","publisher":{"@id":"https:\/\/www.dopartners.be\/fr\/#organization"},"alternateName":"DO Partners","potentialAction":[{"@type":"SearchAction","target":{"@type":"EntryPoint","urlTemplate":"https:\/\/www.dopartners.be\/fr\/?s={search_term_string}"},"query-input":{"@type":"PropertyValueSpecification","valueRequired":true,"valueName":"search_term_string"}}],"inLanguage":"fr-BE"},{"@type":"Organization","@id":"https:\/\/www.dopartners.be\/fr\/#organization","name":"DO PARTNERS","url":"https:\/\/www.dopartners.be\/fr\/","logo":{"@type":"ImageObject","inLanguage":"fr-BE","@id":"https:\/\/www.dopartners.be\/fr\/#\/schema\/logo\/image\/","url":"https:\/\/www.dopartners.be\/wp-content\/uploads\/2017\/11\/DO-partners-logo.png","contentUrl":"https:\/\/www.dopartners.be\/wp-content\/uploads\/2017\/11\/DO-partners-logo.png","width":135,"height":100,"caption":"DO PARTNERS"},"image":{"@id":"https:\/\/www.dopartners.be\/fr\/#\/schema\/logo\/image\/"},"sameAs":["https:\/\/www.facebook.com\/DOPartnersXerox","https:\/\/www.youtube.com\/@dopartners","https:\/\/www.linkedin.com\/company\/d&amp;o-partners\/"]}]}},"_links":{"self":[{"href":"https:\/\/www.dopartners.be\/fr\/wp-json\/wp\/v2\/product\/12659","targetHints":{"allow":["GET"]}}],"collection":[{"href":"https:\/\/www.dopartners.be\/fr\/wp-json\/wp\/v2\/product"}],"about":[{"href":"https:\/\/www.dopartners.be\/fr\/wp-json\/wp\/v2\/types\/product"}],"wp:featuredmedia":[{"embeddable":true,"href":"https:\/\/www.dopartners.be\/fr\/wp-json\/wp\/v2\/media\/12660"}],"wp:attachment":[{"href":"https:\/\/www.dopartners.be\/fr\/wp-json\/wp\/v2\/media?parent=12659"}],"wp:term":[{"taxonomy":"product_brand","embeddable":true,"href":"https:\/\/www.dopartners.be\/fr\/wp-json\/wp\/v2\/product_brand?post=12659"},{"taxonomy":"product_cat","embeddable":true,"href":"https:\/\/www.dopartners.be\/fr\/wp-json\/wp\/v2\/product_cat?post=12659"},{"taxonomy":"product_tag","embeddable":true,"href":"https:\/\/www.dopartners.be\/fr\/wp-json\/wp\/v2\/product_tag?post=12659"}],"curies":[{"name":"wp","href":"https:\/\/api.w.org\/{rel}","templated":true}]}}