{"id":12703,"date":"2026-03-24T16:56:10","date_gmt":"2026-03-24T15:56:10","guid":{"rendered":"https:\/\/www.dopartners.be\/?post_type=product&#038;p=12703"},"modified":"2026-03-30T11:37:00","modified_gmt":"2026-03-30T09:37:00","slug":"imprimantes-multifonctions-couleur-lexmark-serie-cx96","status":"publish","type":"product","link":"https:\/\/www.dopartners.be\/fr\/produit\/imprimantes-multifonctions-couleur-lexmark-serie-cx96\/","title":{"rendered":"Imprimantes multifonctions couleur Lexmark S\u00e9rie CX96"},"content":{"rendered":"<div class=\"wpb-content-wrapper\"><p>[vc_row content_placement=&#8221;top&#8221;][vc_column][vc_tta_accordion style=&#8221;flat&#8221; color=&#8221;white&#8221; c_position=&#8221;right&#8221; active_section=&#8221;1&#8243; collapsible_all=&#8221;true&#8221;][vc_tta_section title=&#8221;CX961&#8243; tab_id=&#8221;1693921801249-271a1b86-fd6d90c3-c5689b53-a7a3&#8243;][vc_column_text css=&#8221;&#8221; woodmart_inline=&#8221;no&#8221; text_larger=&#8221;no&#8221;]<\/p>\n<table class=\"shop_attributes\">\n<tbody>\n<tr>\n<th>Fonctionnalit\u00e9s en standard<\/th>\n<td>Copie, impression, num\u00e9risation<\/td>\n<\/tr>\n<tr>\n<th>Fonctionnalit\u00e9s en option<\/th>\n<td>Pliage en livret et agrafage \u00e0 cheval, T\u00e9l\u00e9copie, Perforation, Bac \u00e0 d\u00e9calage, Agrafage<\/td>\n<\/tr>\n<tr>\n<th>Vitesse d&#8217;impression<\/th>\n<td>Couleur: jusqu&#8217;\u00e0 35 ppm<br \/>\nNoir: jusqu&#8217;\u00e0 35 ppm<\/td>\n<\/tr>\n<tr>\n<th>Volume mensuel moyen recommand\u00e9<\/th>\n<td>Jusqu&#8217;\u00e0\u00a0<span dir=\"ltr\">50.000<\/span>\u00a0pages<\/td>\n<\/tr>\n<tr>\n<th>Volume mensuel maximum<\/th>\n<td>Jusqu&#8217;\u00e0 150.000 images\/mois<\/td>\n<\/tr>\n<tr>\n<th>R\u00e9solution d&#8217;impression maximale<\/th>\n<td>1200 x 1200 dpi, Qualit\u00e9 d&#8217;image 4 800<\/td>\n<\/tr>\n<tr>\n<th>D\u00e9veloppement Durable<\/th>\n<td>Blue Angel<br \/>\nEPEAT<br \/>\nENERGY STAR\u00ae<br \/>\nProgramme de recyclage<\/td>\n<\/tr>\n<\/tbody>\n<\/table>\n<p>[\/vc_column_text][\/vc_tta_section][vc_tta_section title=&#8221;CX962&#8243; tab_id=&#8221;1774367680274-7d598d43-9e92&#8243;][vc_column_text css=&#8221;&#8221; woodmart_inline=&#8221;no&#8221; text_larger=&#8221;no&#8221;]<\/p>\n<table class=\"shop_attributes\">\n<tbody>\n<tr>\n<th>Fonctionnalit\u00e9s en standard<\/th>\n<td>Copie, impression, num\u00e9risation<\/td>\n<\/tr>\n<tr>\n<th>Fonctionnalit\u00e9s en option<\/th>\n<td>Pliage en livret et agrafage \u00e0 cheval, T\u00e9l\u00e9copie, Perforation, Bac \u00e0 d\u00e9calage, Agrafage<\/td>\n<\/tr>\n<tr>\n<th>Vitesse d&#8217;impression<\/th>\n<td>Couleur: jusqu&#8217;\u00e0 45 ppm<br \/>\nNoir: jusqu&#8217;\u00e0 45 ppm<\/td>\n<\/tr>\n<tr>\n<th>Volume mensuel moyen recommand\u00e9<\/th>\n<td>Jusqu&#8217;\u00e0\u00a0<span dir=\"ltr\">50.000<\/span>\u00a0pages<\/td>\n<\/tr>\n<tr>\n<th>Volume mensuel maximum<\/th>\n<td>Jusqu&#8217;\u00e0 200.000 images\/mois<\/td>\n<\/tr>\n<tr>\n<th>R\u00e9solution d&#8217;impression maximale<\/th>\n<td>1200 x 1200 dpi, Qualit\u00e9 d&#8217;image 4 800<\/td>\n<\/tr>\n<tr>\n<th>D\u00e9veloppement Durable<\/th>\n<td>Blue Angel<br \/>\nEPEAT<br \/>\nENERGY STAR\u00ae<br \/>\nProgramme de recyclage<\/td>\n<\/tr>\n<\/tbody>\n<\/table>\n<p>[\/vc_column_text][\/vc_tta_section][vc_tta_section title=&#8221;CX963&#8243; tab_id=&#8221;1774367678786-e8b06cfb-1d23&#8243;][vc_column_text css=&#8221;&#8221; woodmart_inline=&#8221;no&#8221; text_larger=&#8221;no&#8221;]<\/p>\n<table class=\"shop_attributes\">\n<tbody>\n<tr>\n<th>Fonctionnalit\u00e9s en standard<\/th>\n<td>Copie, impression, num\u00e9risation<\/td>\n<\/tr>\n<tr>\n<th>Fonctionnalit\u00e9s en option<\/th>\n<td>Pliage en livret et agrafage \u00e0 cheval, T\u00e9l\u00e9copie, Perforation, Bac \u00e0 d\u00e9calage, Agrafage<\/td>\n<\/tr>\n<tr>\n<th>Vitesse d&#8217;impression<\/th>\n<td>Couleur: jusqu&#8217;\u00e0 55 ppm<br \/>\nNoir: jusqu&#8217;\u00e0 55 ppm<\/td>\n<\/tr>\n<tr>\n<th>Volume mensuel moyen recommand\u00e9<\/th>\n<td>Jusqu&#8217;\u00e0 5<span dir=\"ltr\">0.000<\/span>\u00a0pages<\/td>\n<\/tr>\n<tr>\n<th>Volume mensuel maximum<\/th>\n<td>Jusqu&#8217;\u00e0 270.000 images\/mois<\/td>\n<\/tr>\n<tr>\n<th>R\u00e9solution d&#8217;impression maximale<\/th>\n<td>1200 x 1200 dpi, Qualit\u00e9 d&#8217;image 4 800<\/td>\n<\/tr>\n<tr>\n<th>D\u00e9veloppement Durable<\/th>\n<td>Blue Angel<br \/>\nEPEAT<br \/>\nENERGY STAR\u00ae<br \/>\nProgramme de recyclage<\/td>\n<\/tr>\n<\/tbody>\n<\/table>\n<p>[\/vc_column_text][\/vc_tta_section][\/vc_tta_accordion][\/vc_column][\/vc_row]<\/p>\n<\/div>","protected":false},"excerpt":{"rendered":"<p>[vc_row content_placement=&#8221;top&#8221;][vc_column][vc_btn title=&#8221;T\u00e9l\u00e9charger la brochure CX961&#8243; style=&#8221;flat&#8221; shape=&#8221;square&#8221; align=&#8221;left&#8221; i_icon_fontawesome=&#8221;fa fa-file-pdf-o&#8221; add_icon=&#8221;true&#8221; link=&#8221;url:\/wp-content\/uploads\/2026\/03\/Imprimantes-multifonctions-couleur-Lexmark-SerieCX961-FR.pdf||target:%20_blank|&#8221;][vc_column_text][vc_row content_placement=&#8221;top&#8221;][vc_column][vc_btn title=&#8221;T\u00e9l\u00e9charger la brochure CX962&#8243; style=&#8221;flat&#8221; shape=&#8221;square&#8221; align=&#8221;left&#8221; i_icon_fontawesome=&#8221;fa fa-file-pdf-o&#8221; add_icon=&#8221;true&#8221; link=&#8221;url:\/wp-content\/uploads\/2026\/03\/Imprimantes-multifonctions-couleur-Lexmark-SerieCX962-FR.pdf||target:%20_blank|&#8221;][vc_column_text][vc_row content_placement=&#8221;top&#8221;][vc_column][vc_btn title=&#8221;T\u00e9l\u00e9charger la brochure CX963&#8243; style=&#8221;flat&#8221; shape=&#8221;square&#8221; align=&#8221;left&#8221; i_icon_fontawesome=&#8221;fa fa-file-pdf-o&#8221; add_icon=&#8221;true&#8221; link=&#8221;url:\/wp-content\/uploads\/2026\/03\/Imprimantes-multifonctions-couleur-Lexmark-SerieCX963-FR.pdf||target:%20_blank|&#8221;][vc_column_text]<br \/>\nAvec les imprimantes multifonctions couleur A3 S\u00e9rie CX96, vous b\u00e9n\u00e9ficiez d&#8217;une polyvalence rassurante, d&#8217;une durabilit\u00e9 exceptionnelle et d&#8217;une simplicit\u00e9 surprenante avec une telle technologie sophistiqu\u00e9e.<\/p>\n<ul>\n<li>Boostez votre productivit\u00e9 avec des impressions \u00e9clatantes, jusqu&#8217;\u00e0 55 pages par minute<\/li>\n<li>L&#8217;\u00e9cran tactile couleur de 10 pouces offre une navigation intuitive et la num\u00e9risation recto-verso en un seul passage vous fait gagner du temps.<\/li>\n<li>Sans efforts, vous cr\u00e9ez tout ce dont vos activit\u00e9s ont besoin avec des configurations personnalis\u00e9es et des options adapt\u00e9es \u00e0 vos exigences.<\/li>\n<\/ul>\n","protected":false},"featured_media":12704,"template":"","meta":[],"product_brand":[],"product_cat":[1728],"product_tag":[],"class_list":{"0":"post-12703","1":"product","2":"type-product","3":"status-publish","4":"has-post-thumbnail","6":"product_cat-occasions","8":"first","9":"instock","10":"shipping-taxable","11":"product-type-simple"},"yoast_head":"<!-- This site is optimized with the Yoast SEO plugin v25.9 - https:\/\/yoast.com\/wordpress\/plugins\/seo\/ -->\n<title>Imprimantes multifonctions couleur Lexmark S\u00e9rie CX96 - D&amp;O Partners<\/title>\n<meta name=\"robots\" content=\"index, follow, max-snippet:-1, max-image-preview:large, max-video-preview:-1\" \/>\n<link rel=\"canonical\" href=\"https:\/\/www.dopartners.be\/fr\/produit\/imprimantes-multifonctions-couleur-lexmark-serie-cx96\/\" \/>\n<meta property=\"og:locale\" content=\"fr_FR\" \/>\n<meta property=\"og:type\" content=\"article\" \/>\n<meta property=\"og:title\" content=\"Imprimantes multifonctions couleur Lexmark S\u00e9rie CX96 - D&amp;O Partners\" \/>\n<meta property=\"og:description\" content=\"[vc_row content_placement=&quot;top&quot;][vc_column][vc_btn title=&quot;T\u00e9l\u00e9charger la brochure CX961&quot; style=&quot;flat&quot; shape=&quot;square&quot; align=&quot;left&quot; i_icon_fontawesome=&quot;fa fa-file-pdf-o&quot; add_icon=&quot;true&quot; link=&quot;url:\/wp-content\/uploads\/2026\/03\/Imprimantes-multifonctions-couleur-Lexmark-SerieCX961-FR.pdf||target:%20_blank|&quot;][vc_column_text][vc_row content_placement=&quot;top&quot;][vc_column][vc_btn title=&quot;T\u00e9l\u00e9charger la brochure CX962&quot; style=&quot;flat&quot; shape=&quot;square&quot; align=&quot;left&quot; i_icon_fontawesome=&quot;fa fa-file-pdf-o&quot; add_icon=&quot;true&quot; link=&quot;url:\/wp-content\/uploads\/2026\/03\/Imprimantes-multifonctions-couleur-Lexmark-SerieCX962-FR.pdf||target:%20_blank|&quot;][vc_column_text][vc_row content_placement=&quot;top&quot;][vc_column][vc_btn title=&quot;T\u00e9l\u00e9charger la brochure CX963&quot; style=&quot;flat&quot; shape=&quot;square&quot; align=&quot;left&quot; i_icon_fontawesome=&quot;fa fa-file-pdf-o&quot; add_icon=&quot;true&quot; link=&quot;url:\/wp-content\/uploads\/2026\/03\/Imprimantes-multifonctions-couleur-Lexmark-SerieCX963-FR.pdf||target:%20_blank|&quot;][vc_column_text] Avec les imprimantes multifonctions couleur A3 S\u00e9rie CX96, vous b\u00e9n\u00e9ficiez d&#039;une polyvalence rassurante, d&#039;une durabilit\u00e9 exceptionnelle et d&#039;une simplicit\u00e9 surprenante avec une telle technologie sophistiqu\u00e9e.   Boostez votre productivit\u00e9 avec des impressions \u00e9clatantes, jusqu&#039;\u00e0 55 pages par minute  L&#039;\u00e9cran tactile couleur de 10 pouces offre une navigation intuitive et la num\u00e9risation recto-verso en un seul passage vous fait gagner du temps.  Sans efforts, vous cr\u00e9ez tout ce dont vos activit\u00e9s ont besoin avec des configurations personnalis\u00e9es et des options adapt\u00e9es \u00e0 vos exigences.\" \/>\n<meta property=\"og:url\" content=\"https:\/\/www.dopartners.be\/fr\/produit\/imprimantes-multifonctions-couleur-lexmark-serie-cx96\/\" \/>\n<meta property=\"og:site_name\" content=\"D&amp;O Partners\" \/>\n<meta property=\"article:publisher\" content=\"https:\/\/www.facebook.com\/DOPartnersXerox\" \/>\n<meta property=\"article:modified_time\" content=\"2026-03-30T09:37:00+00:00\" \/>\n<meta property=\"og:image\" content=\"https:\/\/www.dopartners.be\/wp-content\/uploads\/2026\/03\/cx96-1.webp\" \/>\n\t<meta property=\"og:image:width\" content=\"1200\" \/>\n\t<meta property=\"og:image:height\" content=\"1444\" \/>\n\t<meta property=\"og:image:type\" content=\"image\/webp\" \/>\n<meta name=\"twitter:card\" content=\"summary_large_image\" \/>\n<meta name=\"twitter:label1\" content=\"Dur\u00e9e de lecture est.\" \/>\n\t<meta name=\"twitter:data1\" content=\"2 minutes\" \/>\n<script type=\"application\/ld+json\" class=\"yoast-schema-graph\">{\"@context\":\"https:\/\/schema.org\",\"@graph\":[{\"@type\":\"WebPage\",\"@id\":\"https:\/\/www.dopartners.be\/fr\/produit\/imprimantes-multifonctions-couleur-lexmark-serie-cx96\/\",\"url\":\"https:\/\/www.dopartners.be\/fr\/produit\/imprimantes-multifonctions-couleur-lexmark-serie-cx96\/\",\"name\":\"Imprimantes multifonctions couleur Lexmark S\u00e9rie CX96 - D&amp;O Partners\",\"isPartOf\":{\"@id\":\"https:\/\/www.dopartners.be\/fr\/#website\"},\"primaryImageOfPage\":{\"@id\":\"https:\/\/www.dopartners.be\/fr\/produit\/imprimantes-multifonctions-couleur-lexmark-serie-cx96\/#primaryimage\"},\"image\":{\"@id\":\"https:\/\/www.dopartners.be\/fr\/produit\/imprimantes-multifonctions-couleur-lexmark-serie-cx96\/#primaryimage\"},\"thumbnailUrl\":\"https:\/\/www.dopartners.be\/wp-content\/uploads\/2026\/03\/cx96-1.webp\",\"datePublished\":\"2026-03-24T15:56:10+00:00\",\"dateModified\":\"2026-03-30T09:37:00+00:00\",\"breadcrumb\":{\"@id\":\"https:\/\/www.dopartners.be\/fr\/produit\/imprimantes-multifonctions-couleur-lexmark-serie-cx96\/#breadcrumb\"},\"inLanguage\":\"fr-BE\",\"potentialAction\":[{\"@type\":\"ReadAction\",\"target\":[\"https:\/\/www.dopartners.be\/fr\/produit\/imprimantes-multifonctions-couleur-lexmark-serie-cx96\/\"]}]},{\"@type\":\"ImageObject\",\"inLanguage\":\"fr-BE\",\"@id\":\"https:\/\/www.dopartners.be\/fr\/produit\/imprimantes-multifonctions-couleur-lexmark-serie-cx96\/#primaryimage\",\"url\":\"https:\/\/www.dopartners.be\/wp-content\/uploads\/2026\/03\/cx96-1.webp\",\"contentUrl\":\"https:\/\/www.dopartners.be\/wp-content\/uploads\/2026\/03\/cx96-1.webp\",\"width\":1200,\"height\":1444},{\"@type\":\"BreadcrumbList\",\"@id\":\"https:\/\/www.dopartners.be\/fr\/produit\/imprimantes-multifonctions-couleur-lexmark-serie-cx96\/#breadcrumb\",\"itemListElement\":[{\"@type\":\"ListItem\",\"position\":1,\"name\":\"Home\",\"item\":\"https:\/\/www.dopartners.be\/fr\/\"},{\"@type\":\"ListItem\",\"position\":2,\"name\":\"Boutique\",\"item\":\"https:\/\/www.dopartners.be\/fr\/shop\/\"},{\"@type\":\"ListItem\",\"position\":3,\"name\":\"Imprimantes multifonctions couleur Lexmark S\u00e9rie CX96\"}]},{\"@type\":\"WebSite\",\"@id\":\"https:\/\/www.dopartners.be\/fr\/#website\",\"url\":\"https:\/\/www.dopartners.be\/fr\/\",\"name\":\"D&amp;O Partners\",\"description\":\"Concessionnaire Xerox autoris\u00e9 \u00e0 Bruxelles\",\"publisher\":{\"@id\":\"https:\/\/www.dopartners.be\/fr\/#organization\"},\"alternateName\":\"DO Partners\",\"potentialAction\":[{\"@type\":\"SearchAction\",\"target\":{\"@type\":\"EntryPoint\",\"urlTemplate\":\"https:\/\/www.dopartners.be\/fr\/?s={search_term_string}\"},\"query-input\":{\"@type\":\"PropertyValueSpecification\",\"valueRequired\":true,\"valueName\":\"search_term_string\"}}],\"inLanguage\":\"fr-BE\"},{\"@type\":\"Organization\",\"@id\":\"https:\/\/www.dopartners.be\/fr\/#organization\",\"name\":\"DO PARTNERS\",\"url\":\"https:\/\/www.dopartners.be\/fr\/\",\"logo\":{\"@type\":\"ImageObject\",\"inLanguage\":\"fr-BE\",\"@id\":\"https:\/\/www.dopartners.be\/fr\/#\/schema\/logo\/image\/\",\"url\":\"https:\/\/www.dopartners.be\/wp-content\/uploads\/2017\/11\/DO-partners-logo.png\",\"contentUrl\":\"https:\/\/www.dopartners.be\/wp-content\/uploads\/2017\/11\/DO-partners-logo.png\",\"width\":135,\"height\":100,\"caption\":\"DO PARTNERS\"},\"image\":{\"@id\":\"https:\/\/www.dopartners.be\/fr\/#\/schema\/logo\/image\/\"},\"sameAs\":[\"https:\/\/www.facebook.com\/DOPartnersXerox\",\"https:\/\/www.youtube.com\/@dopartners\",\"https:\/\/www.linkedin.com\/company\/d&amp;o-partners\/\"]}]}<\/script>\n<!-- \/ Yoast SEO plugin. -->","yoast_head_json":{"title":"Imprimantes multifonctions couleur Lexmark S\u00e9rie CX96 - D&amp;O Partners","robots":{"index":"index","follow":"follow","max-snippet":"max-snippet:-1","max-image-preview":"max-image-preview:large","max-video-preview":"max-video-preview:-1"},"canonical":"https:\/\/www.dopartners.be\/fr\/produit\/imprimantes-multifonctions-couleur-lexmark-serie-cx96\/","og_locale":"fr_FR","og_type":"article","og_title":"Imprimantes multifonctions couleur Lexmark S\u00e9rie CX96 - D&amp;O Partners","og_description":"[vc_row content_placement=\"top\"][vc_column][vc_btn title=\"T\u00e9l\u00e9charger la brochure CX961\" style=\"flat\" shape=\"square\" align=\"left\" i_icon_fontawesome=\"fa fa-file-pdf-o\" add_icon=\"true\" link=\"url:\/wp-content\/uploads\/2026\/03\/Imprimantes-multifonctions-couleur-Lexmark-SerieCX961-FR.pdf||target:%20_blank|\"][vc_column_text][vc_row content_placement=\"top\"][vc_column][vc_btn title=\"T\u00e9l\u00e9charger la brochure CX962\" style=\"flat\" shape=\"square\" align=\"left\" i_icon_fontawesome=\"fa fa-file-pdf-o\" add_icon=\"true\" link=\"url:\/wp-content\/uploads\/2026\/03\/Imprimantes-multifonctions-couleur-Lexmark-SerieCX962-FR.pdf||target:%20_blank|\"][vc_column_text][vc_row content_placement=\"top\"][vc_column][vc_btn title=\"T\u00e9l\u00e9charger la brochure CX963\" style=\"flat\" shape=\"square\" align=\"left\" i_icon_fontawesome=\"fa fa-file-pdf-o\" add_icon=\"true\" link=\"url:\/wp-content\/uploads\/2026\/03\/Imprimantes-multifonctions-couleur-Lexmark-SerieCX963-FR.pdf||target:%20_blank|\"][vc_column_text] Avec les imprimantes multifonctions couleur A3 S\u00e9rie CX96, vous b\u00e9n\u00e9ficiez d'une polyvalence rassurante, d'une durabilit\u00e9 exceptionnelle et d'une simplicit\u00e9 surprenante avec une telle technologie sophistiqu\u00e9e.   Boostez votre productivit\u00e9 avec des impressions \u00e9clatantes, jusqu'\u00e0 55 pages par minute  L'\u00e9cran tactile couleur de 10 pouces offre une navigation intuitive et la num\u00e9risation recto-verso en un seul passage vous fait gagner du temps.  Sans efforts, vous cr\u00e9ez tout ce dont vos activit\u00e9s ont besoin avec des configurations personnalis\u00e9es et des options adapt\u00e9es \u00e0 vos exigences.","og_url":"https:\/\/www.dopartners.be\/fr\/produit\/imprimantes-multifonctions-couleur-lexmark-serie-cx96\/","og_site_name":"D&amp;O Partners","article_publisher":"https:\/\/www.facebook.com\/DOPartnersXerox","article_modified_time":"2026-03-30T09:37:00+00:00","og_image":[{"width":1200,"height":1444,"url":"https:\/\/www.dopartners.be\/wp-content\/uploads\/2026\/03\/cx96-1.webp","type":"image\/webp"}],"twitter_card":"summary_large_image","twitter_misc":{"Dur\u00e9e de lecture est.":"2 minutes"},"schema":{"@context":"https:\/\/schema.org","@graph":[{"@type":"WebPage","@id":"https:\/\/www.dopartners.be\/fr\/produit\/imprimantes-multifonctions-couleur-lexmark-serie-cx96\/","url":"https:\/\/www.dopartners.be\/fr\/produit\/imprimantes-multifonctions-couleur-lexmark-serie-cx96\/","name":"Imprimantes multifonctions couleur Lexmark S\u00e9rie CX96 - D&amp;O Partners","isPartOf":{"@id":"https:\/\/www.dopartners.be\/fr\/#website"},"primaryImageOfPage":{"@id":"https:\/\/www.dopartners.be\/fr\/produit\/imprimantes-multifonctions-couleur-lexmark-serie-cx96\/#primaryimage"},"image":{"@id":"https:\/\/www.dopartners.be\/fr\/produit\/imprimantes-multifonctions-couleur-lexmark-serie-cx96\/#primaryimage"},"thumbnailUrl":"https:\/\/www.dopartners.be\/wp-content\/uploads\/2026\/03\/cx96-1.webp","datePublished":"2026-03-24T15:56:10+00:00","dateModified":"2026-03-30T09:37:00+00:00","breadcrumb":{"@id":"https:\/\/www.dopartners.be\/fr\/produit\/imprimantes-multifonctions-couleur-lexmark-serie-cx96\/#breadcrumb"},"inLanguage":"fr-BE","potentialAction":[{"@type":"ReadAction","target":["https:\/\/www.dopartners.be\/fr\/produit\/imprimantes-multifonctions-couleur-lexmark-serie-cx96\/"]}]},{"@type":"ImageObject","inLanguage":"fr-BE","@id":"https:\/\/www.dopartners.be\/fr\/produit\/imprimantes-multifonctions-couleur-lexmark-serie-cx96\/#primaryimage","url":"https:\/\/www.dopartners.be\/wp-content\/uploads\/2026\/03\/cx96-1.webp","contentUrl":"https:\/\/www.dopartners.be\/wp-content\/uploads\/2026\/03\/cx96-1.webp","width":1200,"height":1444},{"@type":"BreadcrumbList","@id":"https:\/\/www.dopartners.be\/fr\/produit\/imprimantes-multifonctions-couleur-lexmark-serie-cx96\/#breadcrumb","itemListElement":[{"@type":"ListItem","position":1,"name":"Home","item":"https:\/\/www.dopartners.be\/fr\/"},{"@type":"ListItem","position":2,"name":"Boutique","item":"https:\/\/www.dopartners.be\/fr\/shop\/"},{"@type":"ListItem","position":3,"name":"Imprimantes multifonctions couleur Lexmark S\u00e9rie CX96"}]},{"@type":"WebSite","@id":"https:\/\/www.dopartners.be\/fr\/#website","url":"https:\/\/www.dopartners.be\/fr\/","name":"D&amp;O Partners","description":"Concessionnaire Xerox autoris\u00e9 \u00e0 Bruxelles","publisher":{"@id":"https:\/\/www.dopartners.be\/fr\/#organization"},"alternateName":"DO Partners","potentialAction":[{"@type":"SearchAction","target":{"@type":"EntryPoint","urlTemplate":"https:\/\/www.dopartners.be\/fr\/?s={search_term_string}"},"query-input":{"@type":"PropertyValueSpecification","valueRequired":true,"valueName":"search_term_string"}}],"inLanguage":"fr-BE"},{"@type":"Organization","@id":"https:\/\/www.dopartners.be\/fr\/#organization","name":"DO PARTNERS","url":"https:\/\/www.dopartners.be\/fr\/","logo":{"@type":"ImageObject","inLanguage":"fr-BE","@id":"https:\/\/www.dopartners.be\/fr\/#\/schema\/logo\/image\/","url":"https:\/\/www.dopartners.be\/wp-content\/uploads\/2017\/11\/DO-partners-logo.png","contentUrl":"https:\/\/www.dopartners.be\/wp-content\/uploads\/2017\/11\/DO-partners-logo.png","width":135,"height":100,"caption":"DO PARTNERS"},"image":{"@id":"https:\/\/www.dopartners.be\/fr\/#\/schema\/logo\/image\/"},"sameAs":["https:\/\/www.facebook.com\/DOPartnersXerox","https:\/\/www.youtube.com\/@dopartners","https:\/\/www.linkedin.com\/company\/d&amp;o-partners\/"]}]}},"_links":{"self":[{"href":"https:\/\/www.dopartners.be\/fr\/wp-json\/wp\/v2\/product\/12703","targetHints":{"allow":["GET"]}}],"collection":[{"href":"https:\/\/www.dopartners.be\/fr\/wp-json\/wp\/v2\/product"}],"about":[{"href":"https:\/\/www.dopartners.be\/fr\/wp-json\/wp\/v2\/types\/product"}],"wp:featuredmedia":[{"embeddable":true,"href":"https:\/\/www.dopartners.be\/fr\/wp-json\/wp\/v2\/media\/12704"}],"wp:attachment":[{"href":"https:\/\/www.dopartners.be\/fr\/wp-json\/wp\/v2\/media?parent=12703"}],"wp:term":[{"taxonomy":"product_brand","embeddable":true,"href":"https:\/\/www.dopartners.be\/fr\/wp-json\/wp\/v2\/product_brand?post=12703"},{"taxonomy":"product_cat","embeddable":true,"href":"https:\/\/www.dopartners.be\/fr\/wp-json\/wp\/v2\/product_cat?post=12703"},{"taxonomy":"product_tag","embeddable":true,"href":"https:\/\/www.dopartners.be\/fr\/wp-json\/wp\/v2\/product_tag?post=12703"}],"curies":[{"name":"wp","href":"https:\/\/api.w.org\/{rel}","templated":true}]}}