{"id":2276,"date":"2017-12-04T13:10:32","date_gmt":"2017-12-04T12:10:32","guid":{"rendered":"http:\/\/dopartners.testwork.be\/?post_type=product&#038;p=2276"},"modified":"2025-09-22T11:04:23","modified_gmt":"2025-09-22T09:04:23","slug":"xerox-versalink-b400","status":"publish","type":"product","link":"https:\/\/www.dopartners.be\/fr\/produit\/xerox-versalink-b400\/","title":{"rendered":"VersaLink B400 &#8211; Imprimante Monochrome &#8211; Xerox"},"content":{"rendered":"<div class=\"wpb-content-wrapper\"><p>[vc_row content_placement=&#8221;top&#8221;][vc_column][vc_column_text woodmart_inline=&#8221;no&#8221; text_larger=&#8221;no&#8221;]<\/p>\n<table class=\"shop_attributes\">\n<tbody>\n<tr>\n<th>Mod\u00e8le<\/th>\n<td>B400V\/DN<\/td>\n<\/tr>\n<tr>\n<th>Vitesse d&#8217;impression<\/th>\n<td>jusqu&#8217;\u00e0 45 ppm<\/td>\n<\/tr>\n<tr>\n<th>Connectivit\u00e9<\/th>\n<td>Ethernet 10\/100\/1000 Base-T, USB 3.0 ultra-rapide, NFC &#8211; Toucher pour coupler (en option: Wifi 802.11n et Wifi direct avec kit Wifi en option (connexions avec et sans c\u00e2ble simultan\u00e9es prises en charge))<\/td>\n<\/tr>\n<tr>\n<th>Sortie recto\/verso<\/th>\n<td>En standard<\/td>\n<\/tr>\n<tr>\n<th>D\u00e9veloppement Durable<\/th>\n<td>EPEAT<br \/>\nENERGY STAR\u00ae<\/td>\n<\/tr>\n<\/tbody>\n<\/table>\n<p>[\/vc_column_text][\/vc_column][\/vc_row]<\/p>\n<\/div>","protected":false},"excerpt":{"rendered":"<p>[vc_row content_placement=&#8221;top&#8221;][vc_column][vc_btn title=&#8221;T\u00e9l\u00e9charger la brochure&#8221; style=&#8221;flat&#8221; shape=&#8221;square&#8221; align=&#8221;left&#8221; i_icon_fontawesome=&#8221;fa fa-file-pdf-o&#8221; add_icon=&#8221;true&#8221; link=&#8221;url:\/wp-content\/uploads\/2024\/05\/brochure-imprimante-versalink-b400-b405-xerox-belgique.pdf||target:%20_blank|&#8221;][vc_column_text]<\/p>\n<p>Assistant personnel intelligent avec technologie ConnectKey\u00ae de Xerox\u00ae<\/p>\n<ul>\n<li>Imprimante monochrome compatible A4<\/li>\n<li>Id\u00e9ale pour les \u00e9quipes de travail de 3 \u00e0 15 utilisateurs<\/li>\n<li>Excellente prise en charge de l&#8217;impression mobile et connectivit\u00e9 Cloud native<\/li>\n<li>Qualit\u00e9 d&#8217;impression remarquable<\/li>\n<\/ul>\n<p>Les imprimantes Xerox\u00ae VersaLink\u00ae B400 et B405, dot\u00e9es de la technologie ConnectKey\u00ae, offrent une productivit\u00e9 optimis\u00e9e gr\u00e2ce \u00e0 leur performance, connectivit\u00e9 et fiabilit\u00e9. Avec une interface utilisateur intuitive similaire \u00e0 une tablette et des options de connectivit\u00e9 avanc\u00e9es (Google Drive&#x2122;, OneDrive\u00ae, DropBox&#x2122;, AirPrint\u00ae, Mopria\u00ae), elles permettent un travail flexible et mobile. La s\u00e9curit\u00e9 renforc\u00e9e prot\u00e8ge contre les acc\u00e8s non autoris\u00e9s et assure la confidentialit\u00e9 des donn\u00e9es. Conformes aux normes environnementales strictes, elles sont \u00e9galement \u00e9co-responsables. Faciles \u00e0 installer sans intervention IT, elles int\u00e8grent des fonctionnalit\u00e9s de num\u00e9risation avanc\u00e9es et de gestion simplifi\u00e9e via une application mobile, am\u00e9liorant ainsi l&#8217;efficacit\u00e9 des workflows au sein de l&#8217;entreprise.<\/p>\n","protected":false},"featured_media":11339,"template":"","meta":[],"product_brand":[],"product_cat":[19],"product_tag":[],"class_list":{"0":"post-2276","1":"product","2":"type-product","3":"status-publish","4":"has-post-thumbnail","6":"product_cat-imprimantes-bureau","8":"first","9":"instock","10":"shipping-taxable","11":"product-type-simple"},"yoast_head":"<!-- This site is optimized with the Yoast SEO plugin v25.9 - https:\/\/yoast.com\/wordpress\/plugins\/seo\/ -->\n<title>VersaLink B400 - Imprimante Monochrome - Xerox - D&amp;O Partners<\/title>\n<meta name=\"description\" content=\"L&#039;imprimante Xerox VersaLink B400 est LA nouvelle r\u00e9f\u00e9rence en mati\u00e8re d\u2019impression de bureau avec connectivit\u00e9 Cloud et mobile intuitive.\" \/>\n<meta name=\"robots\" content=\"index, follow, max-snippet:-1, max-image-preview:large, max-video-preview:-1\" \/>\n<link rel=\"canonical\" href=\"https:\/\/www.dopartners.be\/fr\/produit\/xerox-versalink-b400\/\" \/>\n<meta property=\"og:locale\" content=\"fr_FR\" \/>\n<meta property=\"og:type\" content=\"article\" \/>\n<meta property=\"og:title\" content=\"VersaLink B400 - Imprimante Monochrome - Xerox - D&amp;O Partners\" \/>\n<meta property=\"og:description\" content=\"L&#039;imprimante Xerox VersaLink B400 est LA nouvelle r\u00e9f\u00e9rence en mati\u00e8re d\u2019impression de bureau avec connectivit\u00e9 Cloud et mobile intuitive.\" \/>\n<meta property=\"og:url\" content=\"https:\/\/www.dopartners.be\/fr\/produit\/xerox-versalink-b400\/\" \/>\n<meta property=\"og:site_name\" content=\"D&amp;O Partners\" \/>\n<meta property=\"article:publisher\" content=\"https:\/\/www.facebook.com\/DOPartnersXerox\" \/>\n<meta property=\"article:modified_time\" content=\"2025-09-22T09:04:23+00:00\" \/>\n<meta property=\"og:image\" content=\"https:\/\/www.dopartners.be\/wp-content\/uploads\/2017\/12\/versalink-b400-laserprinter-xerox-belgie.webp\" \/>\n\t<meta property=\"og:image:width\" content=\"1200\" \/>\n\t<meta property=\"og:image:height\" content=\"1144\" \/>\n\t<meta property=\"og:image:type\" content=\"image\/webp\" \/>\n<meta name=\"twitter:card\" content=\"summary_large_image\" \/>\n<meta name=\"twitter:label1\" content=\"Dur\u00e9e de lecture est.\" \/>\n\t<meta name=\"twitter:data1\" content=\"1 minute\" \/>\n<script type=\"application\/ld+json\" class=\"yoast-schema-graph\">{\"@context\":\"https:\/\/schema.org\",\"@graph\":[{\"@type\":\"WebPage\",\"@id\":\"https:\/\/www.dopartners.be\/fr\/produit\/xerox-versalink-b400\/\",\"url\":\"https:\/\/www.dopartners.be\/fr\/produit\/xerox-versalink-b400\/\",\"name\":\"VersaLink B400 - Imprimante Monochrome - Xerox - D&amp;O Partners\",\"isPartOf\":{\"@id\":\"https:\/\/www.dopartners.be\/fr\/#website\"},\"primaryImageOfPage\":{\"@id\":\"https:\/\/www.dopartners.be\/fr\/produit\/xerox-versalink-b400\/#primaryimage\"},\"image\":{\"@id\":\"https:\/\/www.dopartners.be\/fr\/produit\/xerox-versalink-b400\/#primaryimage\"},\"thumbnailUrl\":\"https:\/\/www.dopartners.be\/wp-content\/uploads\/2017\/12\/versalink-b400-laserprinter-xerox-belgie.webp\",\"datePublished\":\"2017-12-04T12:10:32+00:00\",\"dateModified\":\"2025-09-22T09:04:23+00:00\",\"description\":\"L'imprimante Xerox VersaLink B400 est LA nouvelle r\u00e9f\u00e9rence en mati\u00e8re d\u2019impression de bureau avec connectivit\u00e9 Cloud et mobile intuitive.\",\"breadcrumb\":{\"@id\":\"https:\/\/www.dopartners.be\/fr\/produit\/xerox-versalink-b400\/#breadcrumb\"},\"inLanguage\":\"fr-BE\",\"potentialAction\":[{\"@type\":\"ReadAction\",\"target\":[\"https:\/\/www.dopartners.be\/fr\/produit\/xerox-versalink-b400\/\"]}]},{\"@type\":\"ImageObject\",\"inLanguage\":\"fr-BE\",\"@id\":\"https:\/\/www.dopartners.be\/fr\/produit\/xerox-versalink-b400\/#primaryimage\",\"url\":\"https:\/\/www.dopartners.be\/wp-content\/uploads\/2017\/12\/versalink-b400-laserprinter-xerox-belgie.webp\",\"contentUrl\":\"https:\/\/www.dopartners.be\/wp-content\/uploads\/2017\/12\/versalink-b400-laserprinter-xerox-belgie.webp\",\"width\":1200,\"height\":1144,\"caption\":\"Imprimante laser monochrome Xerox VersaLink B400 avec un design moderne et compact, \u00e9cran tactile couleur intuitif, destin\u00e9e aux t\u00e2ches d'impression quotidiennes en entreprise, disponible chez Xerox D&O Partners.\"},{\"@type\":\"BreadcrumbList\",\"@id\":\"https:\/\/www.dopartners.be\/fr\/produit\/xerox-versalink-b400\/#breadcrumb\",\"itemListElement\":[{\"@type\":\"ListItem\",\"position\":1,\"name\":\"Home\",\"item\":\"https:\/\/www.dopartners.be\/fr\/\"},{\"@type\":\"ListItem\",\"position\":2,\"name\":\"Boutique\",\"item\":\"https:\/\/www.dopartners.be\/fr\/shop\/\"},{\"@type\":\"ListItem\",\"position\":3,\"name\":\"VersaLink B400 &#8211; Imprimante Monochrome &#8211; Xerox\"}]},{\"@type\":\"WebSite\",\"@id\":\"https:\/\/www.dopartners.be\/fr\/#website\",\"url\":\"https:\/\/www.dopartners.be\/fr\/\",\"name\":\"D&amp;O Partners\",\"description\":\"Concessionnaire Xerox autoris\u00e9 \u00e0 Bruxelles\",\"publisher\":{\"@id\":\"https:\/\/www.dopartners.be\/fr\/#organization\"},\"alternateName\":\"DO Partners\",\"potentialAction\":[{\"@type\":\"SearchAction\",\"target\":{\"@type\":\"EntryPoint\",\"urlTemplate\":\"https:\/\/www.dopartners.be\/fr\/?s={search_term_string}\"},\"query-input\":{\"@type\":\"PropertyValueSpecification\",\"valueRequired\":true,\"valueName\":\"search_term_string\"}}],\"inLanguage\":\"fr-BE\"},{\"@type\":\"Organization\",\"@id\":\"https:\/\/www.dopartners.be\/fr\/#organization\",\"name\":\"DO PARTNERS\",\"url\":\"https:\/\/www.dopartners.be\/fr\/\",\"logo\":{\"@type\":\"ImageObject\",\"inLanguage\":\"fr-BE\",\"@id\":\"https:\/\/www.dopartners.be\/fr\/#\/schema\/logo\/image\/\",\"url\":\"https:\/\/www.dopartners.be\/wp-content\/uploads\/2017\/11\/DO-partners-logo.png\",\"contentUrl\":\"https:\/\/www.dopartners.be\/wp-content\/uploads\/2017\/11\/DO-partners-logo.png\",\"width\":135,\"height\":100,\"caption\":\"DO PARTNERS\"},\"image\":{\"@id\":\"https:\/\/www.dopartners.be\/fr\/#\/schema\/logo\/image\/\"},\"sameAs\":[\"https:\/\/www.facebook.com\/DOPartnersXerox\",\"https:\/\/www.youtube.com\/@dopartners\",\"https:\/\/www.linkedin.com\/company\/d&amp;o-partners\/\"]}]}<\/script>\n<!-- \/ Yoast SEO plugin. -->","yoast_head_json":{"title":"VersaLink B400 - Imprimante Monochrome - Xerox - D&amp;O Partners","description":"L'imprimante Xerox VersaLink B400 est LA nouvelle r\u00e9f\u00e9rence en mati\u00e8re d\u2019impression de bureau avec connectivit\u00e9 Cloud et mobile intuitive.","robots":{"index":"index","follow":"follow","max-snippet":"max-snippet:-1","max-image-preview":"max-image-preview:large","max-video-preview":"max-video-preview:-1"},"canonical":"https:\/\/www.dopartners.be\/fr\/produit\/xerox-versalink-b400\/","og_locale":"fr_FR","og_type":"article","og_title":"VersaLink B400 - Imprimante Monochrome - Xerox - D&amp;O Partners","og_description":"L'imprimante Xerox VersaLink B400 est LA nouvelle r\u00e9f\u00e9rence en mati\u00e8re d\u2019impression de bureau avec connectivit\u00e9 Cloud et mobile intuitive.","og_url":"https:\/\/www.dopartners.be\/fr\/produit\/xerox-versalink-b400\/","og_site_name":"D&amp;O Partners","article_publisher":"https:\/\/www.facebook.com\/DOPartnersXerox","article_modified_time":"2025-09-22T09:04:23+00:00","og_image":[{"width":1200,"height":1144,"url":"https:\/\/www.dopartners.be\/wp-content\/uploads\/2017\/12\/versalink-b400-laserprinter-xerox-belgie.webp","type":"image\/webp"}],"twitter_card":"summary_large_image","twitter_misc":{"Dur\u00e9e de lecture est.":"1 minute"},"schema":{"@context":"https:\/\/schema.org","@graph":[{"@type":"WebPage","@id":"https:\/\/www.dopartners.be\/fr\/produit\/xerox-versalink-b400\/","url":"https:\/\/www.dopartners.be\/fr\/produit\/xerox-versalink-b400\/","name":"VersaLink B400 - Imprimante Monochrome - Xerox - D&amp;O Partners","isPartOf":{"@id":"https:\/\/www.dopartners.be\/fr\/#website"},"primaryImageOfPage":{"@id":"https:\/\/www.dopartners.be\/fr\/produit\/xerox-versalink-b400\/#primaryimage"},"image":{"@id":"https:\/\/www.dopartners.be\/fr\/produit\/xerox-versalink-b400\/#primaryimage"},"thumbnailUrl":"https:\/\/www.dopartners.be\/wp-content\/uploads\/2017\/12\/versalink-b400-laserprinter-xerox-belgie.webp","datePublished":"2017-12-04T12:10:32+00:00","dateModified":"2025-09-22T09:04:23+00:00","description":"L'imprimante Xerox VersaLink B400 est LA nouvelle r\u00e9f\u00e9rence en mati\u00e8re d\u2019impression de bureau avec connectivit\u00e9 Cloud et mobile intuitive.","breadcrumb":{"@id":"https:\/\/www.dopartners.be\/fr\/produit\/xerox-versalink-b400\/#breadcrumb"},"inLanguage":"fr-BE","potentialAction":[{"@type":"ReadAction","target":["https:\/\/www.dopartners.be\/fr\/produit\/xerox-versalink-b400\/"]}]},{"@type":"ImageObject","inLanguage":"fr-BE","@id":"https:\/\/www.dopartners.be\/fr\/produit\/xerox-versalink-b400\/#primaryimage","url":"https:\/\/www.dopartners.be\/wp-content\/uploads\/2017\/12\/versalink-b400-laserprinter-xerox-belgie.webp","contentUrl":"https:\/\/www.dopartners.be\/wp-content\/uploads\/2017\/12\/versalink-b400-laserprinter-xerox-belgie.webp","width":1200,"height":1144,"caption":"Imprimante laser monochrome Xerox VersaLink B400 avec un design moderne et compact, \u00e9cran tactile couleur intuitif, destin\u00e9e aux t\u00e2ches d'impression quotidiennes en entreprise, disponible chez Xerox D&O Partners."},{"@type":"BreadcrumbList","@id":"https:\/\/www.dopartners.be\/fr\/produit\/xerox-versalink-b400\/#breadcrumb","itemListElement":[{"@type":"ListItem","position":1,"name":"Home","item":"https:\/\/www.dopartners.be\/fr\/"},{"@type":"ListItem","position":2,"name":"Boutique","item":"https:\/\/www.dopartners.be\/fr\/shop\/"},{"@type":"ListItem","position":3,"name":"VersaLink B400 &#8211; Imprimante Monochrome &#8211; Xerox"}]},{"@type":"WebSite","@id":"https:\/\/www.dopartners.be\/fr\/#website","url":"https:\/\/www.dopartners.be\/fr\/","name":"D&amp;O Partners","description":"Concessionnaire Xerox autoris\u00e9 \u00e0 Bruxelles","publisher":{"@id":"https:\/\/www.dopartners.be\/fr\/#organization"},"alternateName":"DO Partners","potentialAction":[{"@type":"SearchAction","target":{"@type":"EntryPoint","urlTemplate":"https:\/\/www.dopartners.be\/fr\/?s={search_term_string}"},"query-input":{"@type":"PropertyValueSpecification","valueRequired":true,"valueName":"search_term_string"}}],"inLanguage":"fr-BE"},{"@type":"Organization","@id":"https:\/\/www.dopartners.be\/fr\/#organization","name":"DO PARTNERS","url":"https:\/\/www.dopartners.be\/fr\/","logo":{"@type":"ImageObject","inLanguage":"fr-BE","@id":"https:\/\/www.dopartners.be\/fr\/#\/schema\/logo\/image\/","url":"https:\/\/www.dopartners.be\/wp-content\/uploads\/2017\/11\/DO-partners-logo.png","contentUrl":"https:\/\/www.dopartners.be\/wp-content\/uploads\/2017\/11\/DO-partners-logo.png","width":135,"height":100,"caption":"DO PARTNERS"},"image":{"@id":"https:\/\/www.dopartners.be\/fr\/#\/schema\/logo\/image\/"},"sameAs":["https:\/\/www.facebook.com\/DOPartnersXerox","https:\/\/www.youtube.com\/@dopartners","https:\/\/www.linkedin.com\/company\/d&amp;o-partners\/"]}]}},"_links":{"self":[{"href":"https:\/\/www.dopartners.be\/fr\/wp-json\/wp\/v2\/product\/2276","targetHints":{"allow":["GET"]}}],"collection":[{"href":"https:\/\/www.dopartners.be\/fr\/wp-json\/wp\/v2\/product"}],"about":[{"href":"https:\/\/www.dopartners.be\/fr\/wp-json\/wp\/v2\/types\/product"}],"wp:featuredmedia":[{"embeddable":true,"href":"https:\/\/www.dopartners.be\/fr\/wp-json\/wp\/v2\/media\/11339"}],"wp:attachment":[{"href":"https:\/\/www.dopartners.be\/fr\/wp-json\/wp\/v2\/media?parent=2276"}],"wp:term":[{"taxonomy":"product_brand","embeddable":true,"href":"https:\/\/www.dopartners.be\/fr\/wp-json\/wp\/v2\/product_brand?post=2276"},{"taxonomy":"product_cat","embeddable":true,"href":"https:\/\/www.dopartners.be\/fr\/wp-json\/wp\/v2\/product_cat?post=2276"},{"taxonomy":"product_tag","embeddable":true,"href":"https:\/\/www.dopartners.be\/fr\/wp-json\/wp\/v2\/product_tag?post=2276"}],"curies":[{"name":"wp","href":"https:\/\/api.w.org\/{rel}","templated":true}]}}