{"id":2278,"date":"2017-12-04T13:52:39","date_gmt":"2017-12-04T12:52:39","guid":{"rendered":"http:\/\/dopartners.testwork.be\/?post_type=product&#038;p=2278"},"modified":"2024-06-14T15:57:32","modified_gmt":"2024-06-14T13:57:32","slug":"xerox-versalink-b600-b610","status":"publish","type":"product","link":"https:\/\/www.dopartners.be\/fr\/produit\/xerox-versalink-b600-b610\/","title":{"rendered":"VersaLink B600 \/ B610 &#8211; Imprimante Monochrome &#8211; Xerox"},"content":{"rendered":"<div class=\"wpb-content-wrapper\"><p>[vc_row content_placement=&#8221;top&#8221;][vc_column][vc_tta_accordion style=&#8221;flat&#8221; color=&#8221;white&#8221; c_position=&#8221;right&#8221; active_section=&#8221;&#8221; collapsible_all=&#8221;true&#8221;][vc_tta_section title=&#8221;B600V\/DN&#8221; tab_id=&#8221;b600v-dn&#8221;][vc_column_text woodmart_inline=&#8221;no&#8221; text_larger=&#8221;no&#8221;]<\/p>\n<table class=\"shop_attributes\">\n<tbody>\n<tr>\n<th>Fonction standard<\/th>\n<td>Cloud, Impression<\/td>\n<\/tr>\n<tr>\n<th>Fonctions en option<\/th>\n<td>Lecteur de carte, Kit de productivit\u00e9 avec disque dur de 320 Go<\/td>\n<\/tr>\n<tr>\n<th>Vitesse d&#8217;impression<\/th>\n<td>Jusqu&#8217;\u00e0 55 ppm<\/td>\n<\/tr>\n<tr>\n<th>Volume d&#8217;impression mensuel recommand\u00e9<\/th>\n<td>Jusqu&#8217;\u00e0 20.000 pages<\/td>\n<\/tr>\n<tr>\n<th>Volume mensuel maximum<\/th>\n<td>Jusqu&#8217;\u00e0 250.000 images\/mois<\/td>\n<\/tr>\n<tr>\n<th>Sortie recto\/verso<\/th>\n<td>En standard<\/td>\n<\/tr>\n<tr>\n<th>Capacit\u00e9 papier standard<\/th>\n<td>700 feuilles<\/td>\n<\/tr>\n<tr>\n<th>Options d&#8217;entr\u00e9e<\/th>\n<td>Module de chargement de 550 feuilles (4 max.) (en option)<br \/>\nModule de chargement haute capacit\u00e9 de 2000 feuilles, sur roulettes (en option)<\/td>\n<\/tr>\n<tr>\n<th>Options de sortie<\/th>\n<td>Finitions : Agrafage 50 feuilles, magasin de 500 feuilles (en option)<br \/>\nBo\u00eete aux lettres : quatre casiers de 100 feuilles (en option)<\/td>\n<\/tr>\n<tr>\n<th>Connectivit\u00e9<\/th>\n<td>Ethernet 10\/100\/1000 Base-T, USB 3.0 ultra-rapide, NFC &#8211; Toucher pour coupler<\/td>\n<\/tr>\n<tr>\n<th>Connectivit\u00e9 en option<\/th>\n<td>Wifi 802.11n\/g\/b\/a et Wifi direct avec kit Wifi en option (connexions simultan\u00e9es avec et sans c\u00e2ble prises en charge)<\/td>\n<\/tr>\n<tr>\n<th>D\u00e9veloppement Durable<\/th>\n<td>EPEAT<br \/>\nENERGY STAR\u00ae<\/td>\n<\/tr>\n<\/tbody>\n<\/table>\n<p>[\/vc_column_text][\/vc_tta_section][vc_tta_section title=&#8221;B610V\/DN&#8221; tab_id=&#8221;b610v-dn&#8221;][vc_column_text woodmart_inline=&#8221;no&#8221; text_larger=&#8221;no&#8221;]<\/p>\n<table class=\"shop_attributes\">\n<tbody>\n<tr>\n<th>Fonction standard<\/th>\n<td>Cloud, Impression<\/td>\n<\/tr>\n<tr>\n<th>Fonctions en option<\/th>\n<td>Lecteur de carte, Kit de productivit\u00e9 avec disque dur de 320 Go<\/td>\n<\/tr>\n<tr>\n<th>Vitesse d&#8217;impression<\/th>\n<td>Jusqu&#8217;\u00e0 63 ppm<\/td>\n<\/tr>\n<tr>\n<th>Volume d&#8217;impression mensuel recommand\u00e9<\/th>\n<td>Jusqu&#8217;\u00e0 25.000 pages<\/td>\n<\/tr>\n<tr>\n<th>Volume mensuel maximum<\/th>\n<td>Jusqu&#8217;\u00e0 275.000 images\/mois<\/td>\n<\/tr>\n<tr>\n<th>Sortie recto\/verso<\/th>\n<td>En standard<\/td>\n<\/tr>\n<tr>\n<th>Capacit\u00e9 papier standard<\/th>\n<td>700 feuilles<\/td>\n<\/tr>\n<tr>\n<th>Options d&#8217;entr\u00e9e<\/th>\n<td>Module de chargement de 550 feuilles (4 max.) (en option)<br \/>\nModule de chargement haute capacit\u00e9 de 2000 feuilles, sur roulettes (en option)<\/td>\n<\/tr>\n<tr>\n<th>Options de sortie<\/th>\n<td>Finitions : Agrafage 50 feuilles, magasin de 500 feuilles (en option)<br \/>\nBo\u00eete aux lettres : quatre casiers de 100 feuilles (en option)<\/td>\n<\/tr>\n<tr>\n<th>Connectivit\u00e9<\/th>\n<td>Ethernet 10\/100\/1000 Base-T, USB 3.0 ultra-rapide, NFC &#8211; Toucher pour coupler<\/td>\n<\/tr>\n<tr>\n<th>Connectivit\u00e9 en option<\/th>\n<td>Wifi 802.11n\/g\/b\/a et Wifi direct avec kit Wifi en option (connexions simultan\u00e9es avec et sans c\u00e2ble prises en charge)<\/td>\n<\/tr>\n<tr>\n<th>D\u00e9veloppement Durable<\/th>\n<td>EPEAT<br \/>\nENERGY STAR\u00ae<\/td>\n<\/tr>\n<\/tbody>\n<\/table>\n<p>[\/vc_column_text][\/vc_tta_section][\/vc_tta_accordion][\/vc_column][\/vc_row]<\/p>\n<\/div>","protected":false},"excerpt":{"rendered":"<p>[vc_row][vc_column width=&#8221;1\/2&#8243;][vc_btn title=&#8221;T\u00e9l\u00e9charger la brochure B600&#8243; style=&#8221;flat&#8221; shape=&#8221;square&#8221; align=&#8221;left&#8221; i_icon_fontawesome=&#8221;fa fa-file-pdf-o&#8221; button_block=&#8221;true&#8221; add_icon=&#8221;true&#8221; link=&#8221;url:http%3A%2F%2Fwww.office.xerox.com%2Flatest%2FVB6BR-01F.PDF||target:%20_blank|&#8221;][\/vc_column][vc_column width=&#8221;1\/2&#8243;][vc_btn title=&#8221;T\u00e9l\u00e9charger la brochure B610&#8243; style=&#8221;flat&#8221; shape=&#8221;square&#8221; align=&#8221;left&#8221; i_icon_fontawesome=&#8221;fa fa-file-pdf-o&#8221; button_block=&#8221;true&#8221; add_icon=&#8221;true&#8221; link=&#8221;url:http%3A%2F%2Fwww.office.xerox.com%2Flatest%2FVBBBR-01F.PDF||target:%20_blank|&#8221;][\/vc_column][\/vc_row]<\/p>\n<p>Assistant personnel intelligent avec technologie ConnectKey\u00ae de Xerox\u00ae<\/p>\n<ul>\n<li>Imprimante noir et blanc avec prise en charge du format lettre-l\u00e9gal\/A4<\/li>\n<li>Id\u00e9al pour les groupes de travail de 8 \u00e0 15 ou de 10 \u00e0 20 utilisateurs<\/li>\n<li>Interface utilisateur d&#8217;\u00e9cran tactile capacitif de 5 pouces permettant une navigation de style tablette et une compl\u00e8te personnalisation<\/li>\n<li>R\u00e9solution d&#8217;impression jusqu&#8217;\u00e0 1200 x 1200 ppi<\/li>\n<\/ul>\n<p>Descriptions optimis\u00e9es pour le SEO des produits Xerox\u00ae VersaLink\u00ae B600\/B605 et B610\/B615<\/p>\n<p>&#8212;<\/p>\n<p>Imprimante Xerox\u00ae VersaLink\u00ae B600 et Imprimante multifonctions Xerox\u00ae VersaLink\u00ae B605<\/p>\n<p>Les mod\u00e8les Xerox\u00ae VersaLink\u00ae B600 et B605 sont con\u00e7us pour optimiser l\u2019efficacit\u00e9 de votre entreprise gr\u00e2ce \u00e0 des fonctionnalit\u00e9s avanc\u00e9es et une connectivit\u00e9 cloud. Dot\u00e9es de la technologie ConnectKey\u00ae, ces imprimantes offrent une interface utilisateur intuitive semblable \u00e0 celle d&#8217;une tablette, avec des contr\u00f4les tactiles et des applications personnalisables.<\/p>\n<p>La VersaLink\u00ae B600 est une imprimante noir et blanc rapide avec une capacit\u00e9 d\u2019impression allant jusqu\u2019\u00e0 55 pages par minute et un volume mensuel de 300 000 pages. Le mod\u00e8le B605 ajoute des fonctions de copie, num\u00e9risation, t\u00e9l\u00e9copie et courrier \u00e9lectronique, offrant ainsi une solution compl\u00e8te pour les environnements de bureau exigeants. La connectivit\u00e9 inclut Ethernet, USB 3.0, Wi-Fi en option et la fonction NFC pour une compatibilit\u00e9 mobile \u00e9tendue.<\/p>\n<p>Ces imprimantes respectent les normes environnementales strictes et sont certifi\u00e9es EPEAT, garantissant une consommation d\u2019\u00e9nergie optimis\u00e9e et un recyclage efficace. Avec des options de s\u00e9curit\u00e9 robustes comme le chiffrement des donn\u00e9es et la protection par mot de passe, elles assurent une s\u00e9curit\u00e9 maximale pour vos documents sensibles.<\/p>\n<p>&#8212;<\/p>\n<p>Imprimante Xerox\u00ae VersaLink\u00ae B610 et Imprimante multifonctions Xerox\u00ae VersaLink\u00ae B615<\/p>\n<p>Les mod\u00e8les VersaLink\u00ae B610 et B615 sont des assistants professionnels intelligents et conviviaux, parfaits pour les entreprises modernes. D\u00e8s leur mise en service, ces appareils optimisent l\u2019efficacit\u00e9 de votre entreprise avec des outils de configuration simples et une installation sans assistance informatique.<\/p>\n<p>La VersaLink\u00ae B610 est une imprimante noir et blanc rapide, tandis que la B615 propose en plus des fonctions de copie, num\u00e9risation, t\u00e9l\u00e9copie et courrier \u00e9lectronique. Ces mod\u00e8les sont dot\u00e9s d\u2019une interface tactile couleur de 5 \u00e0 7 pouces, offrant une personnalisation et une interaction intuitives. La technologie ConnectKey\u00ae permet une connectivit\u00e9 instantan\u00e9e avec des services cloud comme Google Drive&#x2122;, Microsoft\u00ae OneDrive\u00ae et DropBox&#x2122;.<\/p>\n<p>Ces imprimantes sont con\u00e7ues pour \u00eatre s\u00e9curis\u00e9es et fiables avec une architecture mat\u00e9rielle renforc\u00e9e et des fonctions de s\u00e9curit\u00e9 avanc\u00e9es, y compris la d\u00e9tection des comportements suspects et la protection des donn\u00e9es. Elles int\u00e8grent \u00e9galement des options de gestion \u00e0 distance, simplifiant ainsi la maintenance et la formation des utilisateurs.<\/p>\n","protected":false},"featured_media":2129,"template":"","meta":[],"product_brand":[],"product_cat":[19],"product_tag":[],"class_list":{"0":"post-2278","1":"product","2":"type-product","3":"status-publish","4":"has-post-thumbnail","6":"product_cat-imprimantes-bureau","8":"first","9":"instock","10":"shipping-taxable","11":"product-type-simple"},"yoast_head":"<!-- This site is optimized with the Yoast SEO plugin v25.9 - https:\/\/yoast.com\/wordpress\/plugins\/seo\/ -->\n<title>VersaLink B600 \/ B610 - Imprimante Monochrome - Xerox - D&amp;O Partners<\/title>\n<meta name=\"description\" content=\"L&#039;imprimante Xerox VersaLink B600\/B610 vous offre une impression rapide, une qualit\u00e9 sup\u00e9rieure et une fiabilit\u00e9 \u00e0 long terme dans un appareil compact.\" \/>\n<meta name=\"robots\" content=\"index, follow, max-snippet:-1, max-image-preview:large, max-video-preview:-1\" \/>\n<link rel=\"canonical\" href=\"https:\/\/www.dopartners.be\/fr\/produit\/xerox-versalink-b600-b610\/\" \/>\n<meta property=\"og:locale\" content=\"fr_FR\" \/>\n<meta property=\"og:type\" content=\"article\" \/>\n<meta property=\"og:title\" content=\"VersaLink B600 \/ B610 - Imprimante Monochrome - Xerox - D&amp;O Partners\" \/>\n<meta property=\"og:description\" content=\"L&#039;imprimante Xerox VersaLink B600\/B610 vous offre une impression rapide, une qualit\u00e9 sup\u00e9rieure et une fiabilit\u00e9 \u00e0 long terme dans un appareil compact.\" \/>\n<meta property=\"og:url\" content=\"https:\/\/www.dopartners.be\/fr\/produit\/xerox-versalink-b600-b610\/\" \/>\n<meta property=\"og:site_name\" content=\"D&amp;O Partners\" \/>\n<meta property=\"article:publisher\" content=\"https:\/\/www.facebook.com\/DOPartnersXerox\" \/>\n<meta property=\"article:modified_time\" content=\"2024-06-14T13:57:32+00:00\" \/>\n<meta property=\"og:image\" content=\"https:\/\/www.dopartners.be\/wp-content\/uploads\/2017\/06\/Xerox-VersaLink-B600-front1.jpg\" \/>\n\t<meta property=\"og:image:width\" content=\"1200\" \/>\n\t<meta property=\"og:image:height\" content=\"1144\" \/>\n\t<meta property=\"og:image:type\" content=\"image\/jpeg\" \/>\n<meta name=\"twitter:card\" content=\"summary_large_image\" \/>\n<meta name=\"twitter:label1\" content=\"Dur\u00e9e de lecture est.\" \/>\n\t<meta name=\"twitter:data1\" content=\"2 minutes\" \/>\n<script type=\"application\/ld+json\" class=\"yoast-schema-graph\">{\"@context\":\"https:\/\/schema.org\",\"@graph\":[{\"@type\":\"WebPage\",\"@id\":\"https:\/\/www.dopartners.be\/fr\/produit\/xerox-versalink-b600-b610\/\",\"url\":\"https:\/\/www.dopartners.be\/fr\/produit\/xerox-versalink-b600-b610\/\",\"name\":\"VersaLink B600 \/ B610 - Imprimante Monochrome - Xerox - D&amp;O Partners\",\"isPartOf\":{\"@id\":\"https:\/\/www.dopartners.be\/fr\/#website\"},\"primaryImageOfPage\":{\"@id\":\"https:\/\/www.dopartners.be\/fr\/produit\/xerox-versalink-b600-b610\/#primaryimage\"},\"image\":{\"@id\":\"https:\/\/www.dopartners.be\/fr\/produit\/xerox-versalink-b600-b610\/#primaryimage\"},\"thumbnailUrl\":\"https:\/\/www.dopartners.be\/wp-content\/uploads\/2017\/06\/Xerox-VersaLink-B600-front1.jpg\",\"datePublished\":\"2017-12-04T12:52:39+00:00\",\"dateModified\":\"2024-06-14T13:57:32+00:00\",\"description\":\"L'imprimante Xerox VersaLink B600\/B610 vous offre une impression rapide, une qualit\u00e9 sup\u00e9rieure et une fiabilit\u00e9 \u00e0 long terme dans un appareil compact.\",\"breadcrumb\":{\"@id\":\"https:\/\/www.dopartners.be\/fr\/produit\/xerox-versalink-b600-b610\/#breadcrumb\"},\"inLanguage\":\"fr-BE\",\"potentialAction\":[{\"@type\":\"ReadAction\",\"target\":[\"https:\/\/www.dopartners.be\/fr\/produit\/xerox-versalink-b600-b610\/\"]}]},{\"@type\":\"ImageObject\",\"inLanguage\":\"fr-BE\",\"@id\":\"https:\/\/www.dopartners.be\/fr\/produit\/xerox-versalink-b600-b610\/#primaryimage\",\"url\":\"https:\/\/www.dopartners.be\/wp-content\/uploads\/2017\/06\/Xerox-VersaLink-B600-front1.jpg\",\"contentUrl\":\"https:\/\/www.dopartners.be\/wp-content\/uploads\/2017\/06\/Xerox-VersaLink-B600-front1.jpg\",\"width\":1200,\"height\":1144,\"caption\":\"Imprimante Xerox VersaLink B600 avec panneau de commande tactile, repr\u00e9sentant une solution d'impression efficace et moderne pour les entreprises, propos\u00e9e par Xerox D&O Partners.\"},{\"@type\":\"BreadcrumbList\",\"@id\":\"https:\/\/www.dopartners.be\/fr\/produit\/xerox-versalink-b600-b610\/#breadcrumb\",\"itemListElement\":[{\"@type\":\"ListItem\",\"position\":1,\"name\":\"Home\",\"item\":\"https:\/\/www.dopartners.be\/fr\/\"},{\"@type\":\"ListItem\",\"position\":2,\"name\":\"Boutique\",\"item\":\"https:\/\/www.dopartners.be\/fr\/shop\/\"},{\"@type\":\"ListItem\",\"position\":3,\"name\":\"VersaLink B600 \/ B610 &#8211; Imprimante Monochrome &#8211; Xerox\"}]},{\"@type\":\"WebSite\",\"@id\":\"https:\/\/www.dopartners.be\/fr\/#website\",\"url\":\"https:\/\/www.dopartners.be\/fr\/\",\"name\":\"D&amp;O Partners\",\"description\":\"Concessionnaire Xerox autoris\u00e9 \u00e0 Bruxelles\",\"publisher\":{\"@id\":\"https:\/\/www.dopartners.be\/fr\/#organization\"},\"alternateName\":\"DO Partners\",\"potentialAction\":[{\"@type\":\"SearchAction\",\"target\":{\"@type\":\"EntryPoint\",\"urlTemplate\":\"https:\/\/www.dopartners.be\/fr\/?s={search_term_string}\"},\"query-input\":{\"@type\":\"PropertyValueSpecification\",\"valueRequired\":true,\"valueName\":\"search_term_string\"}}],\"inLanguage\":\"fr-BE\"},{\"@type\":\"Organization\",\"@id\":\"https:\/\/www.dopartners.be\/fr\/#organization\",\"name\":\"DO PARTNERS\",\"url\":\"https:\/\/www.dopartners.be\/fr\/\",\"logo\":{\"@type\":\"ImageObject\",\"inLanguage\":\"fr-BE\",\"@id\":\"https:\/\/www.dopartners.be\/fr\/#\/schema\/logo\/image\/\",\"url\":\"https:\/\/www.dopartners.be\/wp-content\/uploads\/2017\/11\/DO-partners-logo.png\",\"contentUrl\":\"https:\/\/www.dopartners.be\/wp-content\/uploads\/2017\/11\/DO-partners-logo.png\",\"width\":135,\"height\":100,\"caption\":\"DO PARTNERS\"},\"image\":{\"@id\":\"https:\/\/www.dopartners.be\/fr\/#\/schema\/logo\/image\/\"},\"sameAs\":[\"https:\/\/www.facebook.com\/DOPartnersXerox\",\"https:\/\/www.youtube.com\/@dopartners\",\"https:\/\/www.linkedin.com\/company\/d&amp;o-partners\/\"]}]}<\/script>\n<!-- \/ Yoast SEO plugin. -->","yoast_head_json":{"title":"VersaLink B600 \/ B610 - Imprimante Monochrome - Xerox - D&amp;O Partners","description":"L'imprimante Xerox VersaLink B600\/B610 vous offre une impression rapide, une qualit\u00e9 sup\u00e9rieure et une fiabilit\u00e9 \u00e0 long terme dans un appareil compact.","robots":{"index":"index","follow":"follow","max-snippet":"max-snippet:-1","max-image-preview":"max-image-preview:large","max-video-preview":"max-video-preview:-1"},"canonical":"https:\/\/www.dopartners.be\/fr\/produit\/xerox-versalink-b600-b610\/","og_locale":"fr_FR","og_type":"article","og_title":"VersaLink B600 \/ B610 - Imprimante Monochrome - Xerox - D&amp;O Partners","og_description":"L'imprimante Xerox VersaLink B600\/B610 vous offre une impression rapide, une qualit\u00e9 sup\u00e9rieure et une fiabilit\u00e9 \u00e0 long terme dans un appareil compact.","og_url":"https:\/\/www.dopartners.be\/fr\/produit\/xerox-versalink-b600-b610\/","og_site_name":"D&amp;O Partners","article_publisher":"https:\/\/www.facebook.com\/DOPartnersXerox","article_modified_time":"2024-06-14T13:57:32+00:00","og_image":[{"width":1200,"height":1144,"url":"https:\/\/www.dopartners.be\/wp-content\/uploads\/2017\/06\/Xerox-VersaLink-B600-front1.jpg","type":"image\/jpeg"}],"twitter_card":"summary_large_image","twitter_misc":{"Dur\u00e9e de lecture est.":"2 minutes"},"schema":{"@context":"https:\/\/schema.org","@graph":[{"@type":"WebPage","@id":"https:\/\/www.dopartners.be\/fr\/produit\/xerox-versalink-b600-b610\/","url":"https:\/\/www.dopartners.be\/fr\/produit\/xerox-versalink-b600-b610\/","name":"VersaLink B600 \/ B610 - Imprimante Monochrome - Xerox - D&amp;O Partners","isPartOf":{"@id":"https:\/\/www.dopartners.be\/fr\/#website"},"primaryImageOfPage":{"@id":"https:\/\/www.dopartners.be\/fr\/produit\/xerox-versalink-b600-b610\/#primaryimage"},"image":{"@id":"https:\/\/www.dopartners.be\/fr\/produit\/xerox-versalink-b600-b610\/#primaryimage"},"thumbnailUrl":"https:\/\/www.dopartners.be\/wp-content\/uploads\/2017\/06\/Xerox-VersaLink-B600-front1.jpg","datePublished":"2017-12-04T12:52:39+00:00","dateModified":"2024-06-14T13:57:32+00:00","description":"L'imprimante Xerox VersaLink B600\/B610 vous offre une impression rapide, une qualit\u00e9 sup\u00e9rieure et une fiabilit\u00e9 \u00e0 long terme dans un appareil compact.","breadcrumb":{"@id":"https:\/\/www.dopartners.be\/fr\/produit\/xerox-versalink-b600-b610\/#breadcrumb"},"inLanguage":"fr-BE","potentialAction":[{"@type":"ReadAction","target":["https:\/\/www.dopartners.be\/fr\/produit\/xerox-versalink-b600-b610\/"]}]},{"@type":"ImageObject","inLanguage":"fr-BE","@id":"https:\/\/www.dopartners.be\/fr\/produit\/xerox-versalink-b600-b610\/#primaryimage","url":"https:\/\/www.dopartners.be\/wp-content\/uploads\/2017\/06\/Xerox-VersaLink-B600-front1.jpg","contentUrl":"https:\/\/www.dopartners.be\/wp-content\/uploads\/2017\/06\/Xerox-VersaLink-B600-front1.jpg","width":1200,"height":1144,"caption":"Imprimante Xerox VersaLink B600 avec panneau de commande tactile, repr\u00e9sentant une solution d'impression efficace et moderne pour les entreprises, propos\u00e9e par Xerox D&O Partners."},{"@type":"BreadcrumbList","@id":"https:\/\/www.dopartners.be\/fr\/produit\/xerox-versalink-b600-b610\/#breadcrumb","itemListElement":[{"@type":"ListItem","position":1,"name":"Home","item":"https:\/\/www.dopartners.be\/fr\/"},{"@type":"ListItem","position":2,"name":"Boutique","item":"https:\/\/www.dopartners.be\/fr\/shop\/"},{"@type":"ListItem","position":3,"name":"VersaLink B600 \/ B610 &#8211; Imprimante Monochrome &#8211; Xerox"}]},{"@type":"WebSite","@id":"https:\/\/www.dopartners.be\/fr\/#website","url":"https:\/\/www.dopartners.be\/fr\/","name":"D&amp;O Partners","description":"Concessionnaire Xerox autoris\u00e9 \u00e0 Bruxelles","publisher":{"@id":"https:\/\/www.dopartners.be\/fr\/#organization"},"alternateName":"DO Partners","potentialAction":[{"@type":"SearchAction","target":{"@type":"EntryPoint","urlTemplate":"https:\/\/www.dopartners.be\/fr\/?s={search_term_string}"},"query-input":{"@type":"PropertyValueSpecification","valueRequired":true,"valueName":"search_term_string"}}],"inLanguage":"fr-BE"},{"@type":"Organization","@id":"https:\/\/www.dopartners.be\/fr\/#organization","name":"DO PARTNERS","url":"https:\/\/www.dopartners.be\/fr\/","logo":{"@type":"ImageObject","inLanguage":"fr-BE","@id":"https:\/\/www.dopartners.be\/fr\/#\/schema\/logo\/image\/","url":"https:\/\/www.dopartners.be\/wp-content\/uploads\/2017\/11\/DO-partners-logo.png","contentUrl":"https:\/\/www.dopartners.be\/wp-content\/uploads\/2017\/11\/DO-partners-logo.png","width":135,"height":100,"caption":"DO PARTNERS"},"image":{"@id":"https:\/\/www.dopartners.be\/fr\/#\/schema\/logo\/image\/"},"sameAs":["https:\/\/www.facebook.com\/DOPartnersXerox","https:\/\/www.youtube.com\/@dopartners","https:\/\/www.linkedin.com\/company\/d&amp;o-partners\/"]}]}},"_links":{"self":[{"href":"https:\/\/www.dopartners.be\/fr\/wp-json\/wp\/v2\/product\/2278","targetHints":{"allow":["GET"]}}],"collection":[{"href":"https:\/\/www.dopartners.be\/fr\/wp-json\/wp\/v2\/product"}],"about":[{"href":"https:\/\/www.dopartners.be\/fr\/wp-json\/wp\/v2\/types\/product"}],"wp:featuredmedia":[{"embeddable":true,"href":"https:\/\/www.dopartners.be\/fr\/wp-json\/wp\/v2\/media\/2129"}],"wp:attachment":[{"href":"https:\/\/www.dopartners.be\/fr\/wp-json\/wp\/v2\/media?parent=2278"}],"wp:term":[{"taxonomy":"product_brand","embeddable":true,"href":"https:\/\/www.dopartners.be\/fr\/wp-json\/wp\/v2\/product_brand?post=2278"},{"taxonomy":"product_cat","embeddable":true,"href":"https:\/\/www.dopartners.be\/fr\/wp-json\/wp\/v2\/product_cat?post=2278"},{"taxonomy":"product_tag","embeddable":true,"href":"https:\/\/www.dopartners.be\/fr\/wp-json\/wp\/v2\/product_tag?post=2278"}],"curies":[{"name":"wp","href":"https:\/\/api.w.org\/{rel}","templated":true}]}}