{"id":2285,"date":"2017-12-04T16:40:57","date_gmt":"2017-12-04T15:40:57","guid":{"rendered":"http:\/\/dopartners.testwork.be\/?post_type=product&#038;p=2285"},"modified":"2024-07-10T11:22:57","modified_gmt":"2024-07-10T09:22:57","slug":"xerox-versalink-c500","status":"publish","type":"product","link":"https:\/\/www.dopartners.be\/fr\/produit\/xerox-versalink-c500\/","title":{"rendered":"VersaLink C500 &#8211; Imprimante Couleur &#8211; Xerox"},"content":{"rendered":"<div class=\"wpb-content-wrapper\"><p>[vc_row content_placement=&#8221;top&#8221;][vc_column][vc_column_text woodmart_inline=&#8221;no&#8221; text_larger=&#8221;no&#8221;]<\/p>\n<table class=\"shop_attributes\">\n<tbody>\n<tr>\n<th>Mod\u00e8les<\/th>\n<td>C500V\/DN<\/td>\n<\/tr>\n<tr>\n<th>Vitesse d&#8217;impression<\/th>\n<td>Jusqu&#8217;\u00e0 43 ppm<\/td>\n<\/tr>\n<tr>\n<th>Volume d&#8217;impression mensuel recommand\u00e9<\/th>\n<td>Jusqu&#8217;\u00e0 10.000 pages<\/td>\n<\/tr>\n<tr>\n<th>Volume mensuel maximum<\/th>\n<td>Jusqu&#8217;\u00e0 120.000 images\/mois<\/td>\n<\/tr>\n<tr>\n<th>Sortie recto\/verso<\/th>\n<td>En standard<\/td>\n<\/tr>\n<tr>\n<th>Connectivit\u00e9 Wi-Fi<\/th>\n<td>En option<\/td>\n<\/tr>\n<tr>\n<th>D\u00e9veloppement Durable<\/th>\n<td>EPEAT<br \/>\nENERGY STAR\u00ae<\/td>\n<\/tr>\n<\/tbody>\n<\/table>\n<p>[\/vc_column_text][\/vc_column][\/vc_row]<\/p>\n<\/div>","protected":false},"excerpt":{"rendered":"<p>[vc_row content_placement=&#8221;top&#8221;][vc_column][vc_btn title=&#8221;T\u00e9l\u00e9charger la brochure&#8221; style=&#8221;flat&#8221; shape=&#8221;square&#8221; align=&#8221;left&#8221; i_icon_fontawesome=&#8221;fa fa-file-pdf-o&#8221; add_icon=&#8221;true&#8221; link=&#8221;url:http%3A%2F%2Fwww.office.xerox.com%2Flatest%2FVC5BR-01F.PDF||target:%20_blank|&#8221;][vc_column_text]<\/p>\n<p>Imprimante couleur compatible avec la technologie Xerox\u00ae ConnectKey\u00ae<\/p>\n<ul>\n<li>Imprimante couleur compatible avec le format lettre\/juridique\/A4<\/li>\n<li>Id\u00e9ale pour les \u00e9quipes de travail de 5 \u00e0 15 utilisateurs<\/li>\n<li>Productivit\u00e9 exceptionnelle, doubl\u00e9e d&#8217;une formidable qualit\u00e9 d\u2019impression et d&#8217;une fiabilit\u00e9 in\u00e9gal\u00e9e<\/li>\n<li>Connexion au cloud, pr\u00eate pour le mobile, applications pr\u00e9-charg\u00e9es et personnalisation ais\u00e9e<\/li>\n<\/ul>\n<p>La Xerox\u00ae VersaLink\u00ae C500 est une imprimante couleur con\u00e7ue pour les entreprises souhaitant am\u00e9liorer leur productivit\u00e9 gr\u00e2ce \u00e0 une technologie avanc\u00e9e et une fiabilit\u00e9 exceptionnelle. Dot\u00e9e de la technologie ConnectKey\u00ae, elle offre une exp\u00e9rience utilisateur intuitive similaire \u00e0 celle d\u2019un appareil mobile avec son \u00e9cran tactile couleur personnalisable de 5 pouces. Cette imprimante se distingue par sa rapidit\u00e9 et sa qualit\u00e9 d\u2019impression, atteignant jusqu\u2019\u00e0 45 pages par minute avec une r\u00e9solution de 1200 x 2400 ppp, id\u00e9ale pour les environnements de travail exigeants.<\/p>\n<p>La VersaLink\u00ae C500 est con\u00e7ue pour \u00eatre robuste, int\u00e9grant une t\u00eate d&#8217;impression Hi-Q LED avanc\u00e9e et un nombre r\u00e9duit de pi\u00e8ces mobiles, garantissant ainsi une fiabilit\u00e9 accrue. La s\u00e9curit\u00e9 est au c\u0153ur de sa conception, avec des fonctionnalit\u00e9s visant \u00e0 pr\u00e9venir les acc\u00e8s non autoris\u00e9s et \u00e0 prot\u00e9ger les donn\u00e9es sensibles.<\/p>\n<p>En termes de connectivit\u00e9, cette imprimante permet une connexion instantan\u00e9e au cloud et aux p\u00e9riph\u00e9riques mobiles, facilitant l\u2019acc\u00e8s et la gestion des documents via Google Drive&#x2122;, Microsoft\u00ae OneDrive\u00ae et Dropbox&#x2122;. Elle est \u00e9galement compatible avec Apple\u00ae AirPrint\u00ae et Mopria\u00ae, offrant une grande flexibilit\u00e9 d\u2019utilisation.<\/p>\n<p>L\u2019\u00e9cran tactile de la VersaLink\u00ae C500 permet de cr\u00e9er des applications personnalis\u00e9es \u00e0 une touche, automatisant ainsi les workflows complexes pour les groupes ou les utilisateurs individuels, ce qui am\u00e9liore consid\u00e9rablement l\u2019efficacit\u00e9 op\u00e9rationnelle.<\/p>\n<p>\u00c9cologiquement responsable, cette imprimante respecte les normes environnementales les plus rigoureuses, \u00e9tant certifi\u00e9e EPEAT\u00ae, et garantit une faible consommation d\u2019\u00e9nergie ainsi que des options de recyclage efficaces.<\/p>\n<p>Facile \u00e0 installer et \u00e0 g\u00e9rer gr\u00e2ce \u00e0 l&#8217;application Xerox\u00ae Easy Assist, elle simplifie \u00e9galement l\u2019installation, la surveillance et la gestion directement depuis un appareil mobile. La capacit\u00e9 papier est flexible avec un bac r\u00e9cepteur de 500 feuilles et des options suppl\u00e9mentaires pour un chargeur grande capacit\u00e9 et des magasins additionnels, r\u00e9pondant ainsi \u00e0 tous les besoins de votre entreprise.<\/p>\n<p>En somme, la Xerox\u00ae VersaLink\u00ae C500 est l\u2019outil id\u00e9al pour les entreprises cherchant \u00e0 am\u00e9liorer leur efficacit\u00e9 et leur s\u00e9curit\u00e9 tout en b\u00e9n\u00e9ficiant d\u2019une impression de qualit\u00e9 sup\u00e9rieure et d\u2019une flexibilit\u00e9 mobile. Visitez notre site pour d\u00e9couvrir comment cette imprimante peut transformer votre environnement de travail.<\/p>\n","protected":false},"featured_media":2198,"template":"","meta":[],"product_brand":[],"product_cat":[19],"product_tag":[],"class_list":{"0":"post-2285","1":"product","2":"type-product","3":"status-publish","4":"has-post-thumbnail","6":"product_cat-imprimantes-bureau","8":"first","9":"instock","10":"shipping-taxable","11":"product-type-simple"},"yoast_head":"<!-- This site is optimized with the Yoast SEO plugin v25.9 - https:\/\/yoast.com\/wordpress\/plugins\/seo\/ -->\n<title>VersaLink C500 - Imprimante Couleur - Xerox - D&amp;O Partners<\/title>\n<meta name=\"description\" content=\"L&#039;imprimante couleur Xerox VersaLink C500 offre une productivit\u00e9 haute performance, une qualit\u00e9 d\u2019impression sup\u00e9rieure et une fiabilit\u00e9 exceptionnelle.\" \/>\n<meta name=\"robots\" content=\"index, follow, max-snippet:-1, max-image-preview:large, max-video-preview:-1\" \/>\n<link rel=\"canonical\" href=\"https:\/\/www.dopartners.be\/fr\/produit\/xerox-versalink-c500\/\" \/>\n<meta property=\"og:locale\" content=\"fr_FR\" \/>\n<meta property=\"og:type\" content=\"article\" \/>\n<meta property=\"og:title\" content=\"VersaLink C500 - Imprimante Couleur - Xerox - D&amp;O Partners\" \/>\n<meta property=\"og:description\" content=\"L&#039;imprimante couleur Xerox VersaLink C500 offre une productivit\u00e9 haute performance, une qualit\u00e9 d\u2019impression sup\u00e9rieure et une fiabilit\u00e9 exceptionnelle.\" \/>\n<meta property=\"og:url\" content=\"https:\/\/www.dopartners.be\/fr\/produit\/xerox-versalink-c500\/\" \/>\n<meta property=\"og:site_name\" content=\"D&amp;O Partners\" \/>\n<meta property=\"article:publisher\" content=\"https:\/\/www.facebook.com\/DOPartnersXerox\" \/>\n<meta property=\"article:modified_time\" content=\"2024-07-10T09:22:57+00:00\" \/>\n<meta property=\"og:image\" content=\"https:\/\/www.dopartners.be\/wp-content\/uploads\/2017\/06\/Xerox-VersaLink-C500-front.jpg\" \/>\n\t<meta property=\"og:image:width\" content=\"1200\" \/>\n\t<meta property=\"og:image:height\" content=\"1144\" \/>\n\t<meta property=\"og:image:type\" content=\"image\/jpeg\" \/>\n<meta name=\"twitter:card\" content=\"summary_large_image\" \/>\n<meta name=\"twitter:label1\" content=\"Dur\u00e9e de lecture est.\" \/>\n\t<meta name=\"twitter:data1\" content=\"1 minute\" \/>\n<script type=\"application\/ld+json\" class=\"yoast-schema-graph\">{\"@context\":\"https:\/\/schema.org\",\"@graph\":[{\"@type\":\"WebPage\",\"@id\":\"https:\/\/www.dopartners.be\/fr\/produit\/xerox-versalink-c500\/\",\"url\":\"https:\/\/www.dopartners.be\/fr\/produit\/xerox-versalink-c500\/\",\"name\":\"VersaLink C500 - Imprimante Couleur - Xerox - D&amp;O Partners\",\"isPartOf\":{\"@id\":\"https:\/\/www.dopartners.be\/fr\/#website\"},\"primaryImageOfPage\":{\"@id\":\"https:\/\/www.dopartners.be\/fr\/produit\/xerox-versalink-c500\/#primaryimage\"},\"image\":{\"@id\":\"https:\/\/www.dopartners.be\/fr\/produit\/xerox-versalink-c500\/#primaryimage\"},\"thumbnailUrl\":\"https:\/\/www.dopartners.be\/wp-content\/uploads\/2017\/06\/Xerox-VersaLink-C500-front.jpg\",\"datePublished\":\"2017-12-04T15:40:57+00:00\",\"dateModified\":\"2024-07-10T09:22:57+00:00\",\"description\":\"L'imprimante couleur Xerox VersaLink C500 offre une productivit\u00e9 haute performance, une qualit\u00e9 d\u2019impression sup\u00e9rieure et une fiabilit\u00e9 exceptionnelle.\",\"breadcrumb\":{\"@id\":\"https:\/\/www.dopartners.be\/fr\/produit\/xerox-versalink-c500\/#breadcrumb\"},\"inLanguage\":\"fr-BE\",\"potentialAction\":[{\"@type\":\"ReadAction\",\"target\":[\"https:\/\/www.dopartners.be\/fr\/produit\/xerox-versalink-c500\/\"]}]},{\"@type\":\"ImageObject\",\"inLanguage\":\"fr-BE\",\"@id\":\"https:\/\/www.dopartners.be\/fr\/produit\/xerox-versalink-c500\/#primaryimage\",\"url\":\"https:\/\/www.dopartners.be\/wp-content\/uploads\/2017\/06\/Xerox-VersaLink-C500-front.jpg\",\"contentUrl\":\"https:\/\/www.dopartners.be\/wp-content\/uploads\/2017\/06\/Xerox-VersaLink-C500-front.jpg\",\"width\":1200,\"height\":1144,\"caption\":\"Imprimante laser couleur Xerox VersaLink C500 dot\u00e9e d'un \u00e9cran tactile compact et pratique pour une navigation intuitive, con\u00e7ue pour offrir une qualit\u00e9 d'impression sup\u00e9rieure par Xerox D&O Partners.\"},{\"@type\":\"BreadcrumbList\",\"@id\":\"https:\/\/www.dopartners.be\/fr\/produit\/xerox-versalink-c500\/#breadcrumb\",\"itemListElement\":[{\"@type\":\"ListItem\",\"position\":1,\"name\":\"Home\",\"item\":\"https:\/\/www.dopartners.be\/fr\/\"},{\"@type\":\"ListItem\",\"position\":2,\"name\":\"Boutique\",\"item\":\"https:\/\/www.dopartners.be\/fr\/shop\/\"},{\"@type\":\"ListItem\",\"position\":3,\"name\":\"VersaLink C500 &#8211; Imprimante Couleur &#8211; Xerox\"}]},{\"@type\":\"WebSite\",\"@id\":\"https:\/\/www.dopartners.be\/fr\/#website\",\"url\":\"https:\/\/www.dopartners.be\/fr\/\",\"name\":\"D&amp;O Partners\",\"description\":\"Concessionnaire Xerox autoris\u00e9 \u00e0 Bruxelles\",\"publisher\":{\"@id\":\"https:\/\/www.dopartners.be\/fr\/#organization\"},\"alternateName\":\"DO Partners\",\"potentialAction\":[{\"@type\":\"SearchAction\",\"target\":{\"@type\":\"EntryPoint\",\"urlTemplate\":\"https:\/\/www.dopartners.be\/fr\/?s={search_term_string}\"},\"query-input\":{\"@type\":\"PropertyValueSpecification\",\"valueRequired\":true,\"valueName\":\"search_term_string\"}}],\"inLanguage\":\"fr-BE\"},{\"@type\":\"Organization\",\"@id\":\"https:\/\/www.dopartners.be\/fr\/#organization\",\"name\":\"DO PARTNERS\",\"url\":\"https:\/\/www.dopartners.be\/fr\/\",\"logo\":{\"@type\":\"ImageObject\",\"inLanguage\":\"fr-BE\",\"@id\":\"https:\/\/www.dopartners.be\/fr\/#\/schema\/logo\/image\/\",\"url\":\"https:\/\/www.dopartners.be\/wp-content\/uploads\/2017\/11\/DO-partners-logo.png\",\"contentUrl\":\"https:\/\/www.dopartners.be\/wp-content\/uploads\/2017\/11\/DO-partners-logo.png\",\"width\":135,\"height\":100,\"caption\":\"DO PARTNERS\"},\"image\":{\"@id\":\"https:\/\/www.dopartners.be\/fr\/#\/schema\/logo\/image\/\"},\"sameAs\":[\"https:\/\/www.facebook.com\/DOPartnersXerox\",\"https:\/\/www.youtube.com\/@dopartners\",\"https:\/\/www.linkedin.com\/company\/d&amp;o-partners\/\"]}]}<\/script>\n<!-- \/ Yoast SEO plugin. -->","yoast_head_json":{"title":"VersaLink C500 - Imprimante Couleur - Xerox - D&amp;O Partners","description":"L'imprimante couleur Xerox VersaLink C500 offre une productivit\u00e9 haute performance, une qualit\u00e9 d\u2019impression sup\u00e9rieure et une fiabilit\u00e9 exceptionnelle.","robots":{"index":"index","follow":"follow","max-snippet":"max-snippet:-1","max-image-preview":"max-image-preview:large","max-video-preview":"max-video-preview:-1"},"canonical":"https:\/\/www.dopartners.be\/fr\/produit\/xerox-versalink-c500\/","og_locale":"fr_FR","og_type":"article","og_title":"VersaLink C500 - Imprimante Couleur - Xerox - D&amp;O Partners","og_description":"L'imprimante couleur Xerox VersaLink C500 offre une productivit\u00e9 haute performance, une qualit\u00e9 d\u2019impression sup\u00e9rieure et une fiabilit\u00e9 exceptionnelle.","og_url":"https:\/\/www.dopartners.be\/fr\/produit\/xerox-versalink-c500\/","og_site_name":"D&amp;O Partners","article_publisher":"https:\/\/www.facebook.com\/DOPartnersXerox","article_modified_time":"2024-07-10T09:22:57+00:00","og_image":[{"width":1200,"height":1144,"url":"https:\/\/www.dopartners.be\/wp-content\/uploads\/2017\/06\/Xerox-VersaLink-C500-front.jpg","type":"image\/jpeg"}],"twitter_card":"summary_large_image","twitter_misc":{"Dur\u00e9e de lecture est.":"1 minute"},"schema":{"@context":"https:\/\/schema.org","@graph":[{"@type":"WebPage","@id":"https:\/\/www.dopartners.be\/fr\/produit\/xerox-versalink-c500\/","url":"https:\/\/www.dopartners.be\/fr\/produit\/xerox-versalink-c500\/","name":"VersaLink C500 - Imprimante Couleur - Xerox - D&amp;O Partners","isPartOf":{"@id":"https:\/\/www.dopartners.be\/fr\/#website"},"primaryImageOfPage":{"@id":"https:\/\/www.dopartners.be\/fr\/produit\/xerox-versalink-c500\/#primaryimage"},"image":{"@id":"https:\/\/www.dopartners.be\/fr\/produit\/xerox-versalink-c500\/#primaryimage"},"thumbnailUrl":"https:\/\/www.dopartners.be\/wp-content\/uploads\/2017\/06\/Xerox-VersaLink-C500-front.jpg","datePublished":"2017-12-04T15:40:57+00:00","dateModified":"2024-07-10T09:22:57+00:00","description":"L'imprimante couleur Xerox VersaLink C500 offre une productivit\u00e9 haute performance, une qualit\u00e9 d\u2019impression sup\u00e9rieure et une fiabilit\u00e9 exceptionnelle.","breadcrumb":{"@id":"https:\/\/www.dopartners.be\/fr\/produit\/xerox-versalink-c500\/#breadcrumb"},"inLanguage":"fr-BE","potentialAction":[{"@type":"ReadAction","target":["https:\/\/www.dopartners.be\/fr\/produit\/xerox-versalink-c500\/"]}]},{"@type":"ImageObject","inLanguage":"fr-BE","@id":"https:\/\/www.dopartners.be\/fr\/produit\/xerox-versalink-c500\/#primaryimage","url":"https:\/\/www.dopartners.be\/wp-content\/uploads\/2017\/06\/Xerox-VersaLink-C500-front.jpg","contentUrl":"https:\/\/www.dopartners.be\/wp-content\/uploads\/2017\/06\/Xerox-VersaLink-C500-front.jpg","width":1200,"height":1144,"caption":"Imprimante laser couleur Xerox VersaLink C500 dot\u00e9e d'un \u00e9cran tactile compact et pratique pour une navigation intuitive, con\u00e7ue pour offrir une qualit\u00e9 d'impression sup\u00e9rieure par Xerox D&O Partners."},{"@type":"BreadcrumbList","@id":"https:\/\/www.dopartners.be\/fr\/produit\/xerox-versalink-c500\/#breadcrumb","itemListElement":[{"@type":"ListItem","position":1,"name":"Home","item":"https:\/\/www.dopartners.be\/fr\/"},{"@type":"ListItem","position":2,"name":"Boutique","item":"https:\/\/www.dopartners.be\/fr\/shop\/"},{"@type":"ListItem","position":3,"name":"VersaLink C500 &#8211; Imprimante Couleur &#8211; Xerox"}]},{"@type":"WebSite","@id":"https:\/\/www.dopartners.be\/fr\/#website","url":"https:\/\/www.dopartners.be\/fr\/","name":"D&amp;O Partners","description":"Concessionnaire Xerox autoris\u00e9 \u00e0 Bruxelles","publisher":{"@id":"https:\/\/www.dopartners.be\/fr\/#organization"},"alternateName":"DO Partners","potentialAction":[{"@type":"SearchAction","target":{"@type":"EntryPoint","urlTemplate":"https:\/\/www.dopartners.be\/fr\/?s={search_term_string}"},"query-input":{"@type":"PropertyValueSpecification","valueRequired":true,"valueName":"search_term_string"}}],"inLanguage":"fr-BE"},{"@type":"Organization","@id":"https:\/\/www.dopartners.be\/fr\/#organization","name":"DO PARTNERS","url":"https:\/\/www.dopartners.be\/fr\/","logo":{"@type":"ImageObject","inLanguage":"fr-BE","@id":"https:\/\/www.dopartners.be\/fr\/#\/schema\/logo\/image\/","url":"https:\/\/www.dopartners.be\/wp-content\/uploads\/2017\/11\/DO-partners-logo.png","contentUrl":"https:\/\/www.dopartners.be\/wp-content\/uploads\/2017\/11\/DO-partners-logo.png","width":135,"height":100,"caption":"DO PARTNERS"},"image":{"@id":"https:\/\/www.dopartners.be\/fr\/#\/schema\/logo\/image\/"},"sameAs":["https:\/\/www.facebook.com\/DOPartnersXerox","https:\/\/www.youtube.com\/@dopartners","https:\/\/www.linkedin.com\/company\/d&amp;o-partners\/"]}]}},"_links":{"self":[{"href":"https:\/\/www.dopartners.be\/fr\/wp-json\/wp\/v2\/product\/2285","targetHints":{"allow":["GET"]}}],"collection":[{"href":"https:\/\/www.dopartners.be\/fr\/wp-json\/wp\/v2\/product"}],"about":[{"href":"https:\/\/www.dopartners.be\/fr\/wp-json\/wp\/v2\/types\/product"}],"wp:featuredmedia":[{"embeddable":true,"href":"https:\/\/www.dopartners.be\/fr\/wp-json\/wp\/v2\/media\/2198"}],"wp:attachment":[{"href":"https:\/\/www.dopartners.be\/fr\/wp-json\/wp\/v2\/media?parent=2285"}],"wp:term":[{"taxonomy":"product_brand","embeddable":true,"href":"https:\/\/www.dopartners.be\/fr\/wp-json\/wp\/v2\/product_brand?post=2285"},{"taxonomy":"product_cat","embeddable":true,"href":"https:\/\/www.dopartners.be\/fr\/wp-json\/wp\/v2\/product_cat?post=2285"},{"taxonomy":"product_tag","embeddable":true,"href":"https:\/\/www.dopartners.be\/fr\/wp-json\/wp\/v2\/product_tag?post=2285"}],"curies":[{"name":"wp","href":"https:\/\/api.w.org\/{rel}","templated":true}]}}