{"id":2286,"date":"2017-12-04T16:54:32","date_gmt":"2017-12-04T15:54:32","guid":{"rendered":"http:\/\/dopartners.testwork.be\/?post_type=product&#038;p=2286"},"modified":"2025-09-22T12:32:27","modified_gmt":"2025-09-22T10:32:27","slug":"xerox-versalink-c505","status":"publish","type":"product","link":"https:\/\/www.dopartners.be\/fr\/produit\/xerox-versalink-c505\/","title":{"rendered":"Imprimante VersaLink C505 &#8211; Xerox"},"content":{"rendered":"<div class=\"wpb-content-wrapper\"><p>[vc_row content_placement=&#8221;top&#8221;][vc_column][vc_tta_accordion style=&#8221;flat&#8221; color=&#8221;white&#8221; c_position=&#8221;right&#8221; active_section=&#8221;&#8221; collapsible_all=&#8221;true&#8221;][vc_tta_section title=&#8221;C505V\/S&#8221; tab_id=&#8221;C8130edab-6a6854595-07ce6d260-51ae&#8221;][vc_column_text woodmart_inline=&#8221;no&#8221; text_larger=&#8221;no&#8221;]<\/p>\n<table class=\"shop_attributes\">\n<tbody>\n<tr>\n<th>Fonction standard<\/th>\n<td>Copie, Courrier \u00e9lectronique, Impression, Num\u00e9risation<\/td>\n<\/tr>\n<tr>\n<th>Vitesse d&#8217;impression<\/th>\n<td>Jusqu&#8217;\u00e0 43 ppm<\/td>\n<\/tr>\n<tr>\n<th>Volume mensuel moyen recommand\u00e9<\/th>\n<td>Jusqu&#8217;\u00e0 120.000 images\/mois<\/td>\n<\/tr>\n<tr>\n<th>Sortie recto\/verso<\/th>\n<td>En standard<\/td>\n<\/tr>\n<tr>\n<th>Connectivit\u00e9 Wi-Fi<\/th>\n<td>En option<\/td>\n<\/tr>\n<tr>\n<th>D\u00e9veloppement Durable<\/th>\n<td>EPEAT<br \/>\nENERGY STAR\u00ae<\/td>\n<\/tr>\n<\/tbody>\n<\/table>\n<p>[\/vc_column_text][\/vc_tta_section][vc_tta_section title=&#8221;C505V\/X&#8221; tab_id=&#8221;1694439803791-b658263d-00ae&#8221;][vc_column_text woodmart_inline=&#8221;no&#8221; text_larger=&#8221;no&#8221;]<\/p>\n<table class=\"shop_attributes\">\n<tbody>\n<tr>\n<th>Fonction standard<\/th>\n<td>Copie, Courrier \u00e9lectronique, T\u00e9l\u00e9copie, Impression, Num\u00e9risation<\/td>\n<\/tr>\n<tr>\n<th>Vitesse d&#8217;impression<\/th>\n<td>Jusqu&#8217;\u00e0 43 ppm<\/td>\n<\/tr>\n<tr>\n<th>Volume mensuel moyen recommand\u00e9<\/th>\n<td>Jusqu&#8217;\u00e0 120.000 images\/mois<\/td>\n<\/tr>\n<tr>\n<th>Sortie recto\/verso<\/th>\n<td>En standard<\/td>\n<\/tr>\n<tr>\n<th>Connectivit\u00e9 Wi-Fi<\/th>\n<td>En option<\/td>\n<\/tr>\n<tr>\n<th>D\u00e9veloppement Durable<\/th>\n<td>EPEAT<br \/>\nENERGY STAR\u00ae<\/td>\n<\/tr>\n<\/tbody>\n<\/table>\n<p>[\/vc_column_text][\/vc_tta_section][\/vc_tta_accordion][\/vc_column][\/vc_row]<\/p>\n<\/div>","protected":false},"excerpt":{"rendered":"<p>[vc_row content_placement=&#8221;top&#8221;][vc_column][vc_btn title=&#8221;T\u00e9l\u00e9charger la brochure&#8221; style=&#8221;flat&#8221; shape=&#8221;square&#8221; align=&#8221;left&#8221; i_icon_fontawesome=&#8221;fa fa-file-pdf-o&#8221; add_icon=&#8221;true&#8221; link=&#8221;url:http%3A%2F%2Fwww.office.xerox.com%2Flatest%2FVC5BR-01F.PDF||target:%20_blank|&#8221;][vc_column_text]<\/p>\n<p>Assistant personnel intelligent avec technologie ConnectKey\u00ae de Xerox\u00ae<\/p>\n<ul>\n<li>Imprimante couleur multifonctions compatible avec le format lettre\/juridique\/A4<\/li>\n<li>Impression, copie, t\u00e9l\u00e9copie, num\u00e9risation, e-mail et cloud<\/li>\n<li>Id\u00e9ale pour les \u00e9quipes de travail de 5 \u00e0 15 utilisateurs<\/li>\n<li>Productivit\u00e9 multifonctions avanc\u00e9e doubl\u00e9e d&#8217;une qualit\u00e9 d\u2019impression sup\u00e9rieure et d&#8217;une fiabilit\u00e9 in\u00e9gal\u00e9e<\/li>\n<li>Connexion au cloud, pr\u00eate pour le mobile, applications pr\u00e9-charg\u00e9es et personnalisation ais\u00e9e<\/li>\n<\/ul>\n<p>D\u00e9couvrez la Xerox VersaLink C505, une imprimante multifonctions couleur qui red\u00e9finit la productivit\u00e9 et la fiabilit\u00e9 dans les environnements de bureau modernes. Con\u00e7ue pour les \u00e9quipes de travail dynamiques, la C505 combine des performances \u00e9lev\u00e9es avec une personnalisation facile, gr\u00e2ce \u00e0 la technologie ConnectKey\u00ae. Cette imprimante offre une qualit\u00e9 d&#8217;impression exceptionnelle avec une r\u00e9solution allant jusqu&#8217;\u00e0 1200 x 2400 ppp, garantissant des textes nets, des d\u00e9tails fins et des couleurs vives.<\/p>\n<p>La VersaLink C505 se distingue par son interface utilisateur intuitive, accessible via un \u00e9cran tactile couleur de 7 pouces, qui permet d&#8217;ex\u00e9cuter les t\u00e2ches avec la simplicit\u00e9 d&#8217;un appareil mobile. Cette interface personnalisable facilite la cr\u00e9ation de workflows automatis\u00e9s, augmentant ainsi l&#8217;efficacit\u00e9 des utilisateurs. L&#8217;application Xerox Easy Assist simplifie l&#8217;installation et la gestion de l&#8217;imprimante directement depuis un t\u00e9l\u00e9phone mobile, offrant un acc\u00e8s en temps r\u00e9el aux services d&#8217;auto-assistance.<\/p>\n<p>Avec la C505, la connectivit\u00e9 est assur\u00e9e gr\u00e2ce \u00e0 l&#8217;int\u00e9gration de Google Drive&#x2122;, Microsoft\u00ae OneDrive\u00ae, Dropbox&#x2122; et d&#8217;autres services cloud, ainsi qu&#8217;\u00e0 des options de connectivit\u00e9 mobile telles que Apple\u00ae AirPrint\u00ae, Mopria\u00ae et NFC pour une impression facile depuis n&#8217;importe quel appareil. Les professionnels en d\u00e9placement appr\u00e9cieront la flexibilit\u00e9 et la libert\u00e9 offertes par ces fonctionnalit\u00e9s avanc\u00e9es.<\/p>\n<p>La s\u00e9curit\u00e9 est une priorit\u00e9 avec la C505, qui offre une protection compl\u00e8te des donn\u00e9es et des documents gr\u00e2ce \u00e0 une combinaison de fonctions int\u00e9gr\u00e9es. Cela inclut la pr\u00e9vention des acc\u00e8s non autoris\u00e9s, la d\u00e9tection des comportements suspects et le chiffrement des communications. De plus, cette imprimante est respectueuse de l&#8217;environnement, r\u00e9pondant aux normes EPEAT\u00ae pour la performance environnementale.<\/p>\n<p>En r\u00e9sum\u00e9, la Xerox VersaLink C505 est l&#8217;assistant professionnel id\u00e9al pour les entreprises cherchant \u00e0 am\u00e9liorer leur productivit\u00e9 tout en garantissant la s\u00e9curit\u00e9 et la qualit\u00e9 de leurs impressions. D\u00e9couvrez comment cette imprimante multifonctions peut transformer votre mani\u00e8re de travailler en visitant le site de Xerox.<\/p>\n","protected":false},"featured_media":11390,"template":"","meta":[],"product_brand":[],"product_cat":[19],"product_tag":[],"class_list":{"0":"post-2286","1":"product","2":"type-product","3":"status-publish","4":"has-post-thumbnail","6":"product_cat-imprimantes-bureau","8":"first","9":"instock","10":"shipping-taxable","11":"product-type-simple"},"yoast_head":"<!-- This site is optimized with the Yoast SEO plugin v25.9 - https:\/\/yoast.com\/wordpress\/plugins\/seo\/ -->\n<title>Imprimante VersaLink C505 - Xerox - D&amp;O Partners<\/title>\n<meta name=\"description\" content=\"L&#039;imprimante couleur multifonctions Xerox VersaLink C505 est un assistant de travail intelligent dot\u00e9 de la technologie ConnectKey\u00ae de Xerox\u00ae.\" \/>\n<meta name=\"robots\" content=\"index, follow, max-snippet:-1, max-image-preview:large, max-video-preview:-1\" \/>\n<link rel=\"canonical\" href=\"https:\/\/www.dopartners.be\/fr\/produit\/xerox-versalink-c505\/\" \/>\n<meta property=\"og:locale\" content=\"fr_FR\" \/>\n<meta property=\"og:type\" content=\"article\" \/>\n<meta property=\"og:title\" content=\"Imprimante VersaLink C505 - Xerox - D&amp;O Partners\" \/>\n<meta property=\"og:description\" content=\"L&#039;imprimante couleur multifonctions Xerox VersaLink C505 est un assistant de travail intelligent dot\u00e9 de la technologie ConnectKey\u00ae de Xerox\u00ae.\" \/>\n<meta property=\"og:url\" content=\"https:\/\/www.dopartners.be\/fr\/produit\/xerox-versalink-c505\/\" \/>\n<meta property=\"og:site_name\" content=\"D&amp;O Partners\" \/>\n<meta property=\"article:publisher\" content=\"https:\/\/www.facebook.com\/DOPartnersXerox\" \/>\n<meta property=\"article:modified_time\" content=\"2025-09-22T10:32:27+00:00\" \/>\n<meta property=\"og:image\" content=\"https:\/\/www.dopartners.be\/wp-content\/uploads\/2017\/12\/versalink-c505-multifunctionele-printer-xerox-belgie.webp\" \/>\n\t<meta property=\"og:image:width\" content=\"1200\" \/>\n\t<meta property=\"og:image:height\" content=\"1144\" \/>\n\t<meta property=\"og:image:type\" content=\"image\/webp\" \/>\n<meta name=\"twitter:card\" content=\"summary_large_image\" \/>\n<meta name=\"twitter:label1\" content=\"Dur\u00e9e de lecture est.\" \/>\n\t<meta name=\"twitter:data1\" content=\"1 minute\" \/>\n<script type=\"application\/ld+json\" class=\"yoast-schema-graph\">{\"@context\":\"https:\/\/schema.org\",\"@graph\":[{\"@type\":\"WebPage\",\"@id\":\"https:\/\/www.dopartners.be\/fr\/produit\/xerox-versalink-c505\/\",\"url\":\"https:\/\/www.dopartners.be\/fr\/produit\/xerox-versalink-c505\/\",\"name\":\"Imprimante VersaLink C505 - Xerox - D&amp;O Partners\",\"isPartOf\":{\"@id\":\"https:\/\/www.dopartners.be\/fr\/#website\"},\"primaryImageOfPage\":{\"@id\":\"https:\/\/www.dopartners.be\/fr\/produit\/xerox-versalink-c505\/#primaryimage\"},\"image\":{\"@id\":\"https:\/\/www.dopartners.be\/fr\/produit\/xerox-versalink-c505\/#primaryimage\"},\"thumbnailUrl\":\"https:\/\/www.dopartners.be\/wp-content\/uploads\/2017\/12\/versalink-c505-multifunctionele-printer-xerox-belgie.webp\",\"datePublished\":\"2017-12-04T15:54:32+00:00\",\"dateModified\":\"2025-09-22T10:32:27+00:00\",\"description\":\"L'imprimante couleur multifonctions Xerox VersaLink C505 est un assistant de travail intelligent dot\u00e9 de la technologie ConnectKey\u00ae de Xerox\u00ae.\",\"breadcrumb\":{\"@id\":\"https:\/\/www.dopartners.be\/fr\/produit\/xerox-versalink-c505\/#breadcrumb\"},\"inLanguage\":\"fr-BE\",\"potentialAction\":[{\"@type\":\"ReadAction\",\"target\":[\"https:\/\/www.dopartners.be\/fr\/produit\/xerox-versalink-c505\/\"]}]},{\"@type\":\"ImageObject\",\"inLanguage\":\"fr-BE\",\"@id\":\"https:\/\/www.dopartners.be\/fr\/produit\/xerox-versalink-c505\/#primaryimage\",\"url\":\"https:\/\/www.dopartners.be\/wp-content\/uploads\/2017\/12\/versalink-c505-multifunctionele-printer-xerox-belgie.webp\",\"contentUrl\":\"https:\/\/www.dopartners.be\/wp-content\/uploads\/2017\/12\/versalink-c505-multifunctionele-printer-xerox-belgie.webp\",\"width\":1200,\"height\":1144,\"caption\":\"Imprimante Xerox VersaLink C505V-X avec une interface utilisateur \u00e9cran tactile couleur, con\u00e7ue pour une utilisation professionnelle, faisant partie de la gamme de produits de Xerox propos\u00e9e par D&O Partners.\"},{\"@type\":\"BreadcrumbList\",\"@id\":\"https:\/\/www.dopartners.be\/fr\/produit\/xerox-versalink-c505\/#breadcrumb\",\"itemListElement\":[{\"@type\":\"ListItem\",\"position\":1,\"name\":\"Home\",\"item\":\"https:\/\/www.dopartners.be\/fr\/\"},{\"@type\":\"ListItem\",\"position\":2,\"name\":\"Boutique\",\"item\":\"https:\/\/www.dopartners.be\/fr\/shop\/\"},{\"@type\":\"ListItem\",\"position\":3,\"name\":\"Imprimante VersaLink C505 &#8211; Xerox\"}]},{\"@type\":\"WebSite\",\"@id\":\"https:\/\/www.dopartners.be\/fr\/#website\",\"url\":\"https:\/\/www.dopartners.be\/fr\/\",\"name\":\"D&amp;O Partners\",\"description\":\"Concessionnaire Xerox autoris\u00e9 \u00e0 Bruxelles\",\"publisher\":{\"@id\":\"https:\/\/www.dopartners.be\/fr\/#organization\"},\"alternateName\":\"DO Partners\",\"potentialAction\":[{\"@type\":\"SearchAction\",\"target\":{\"@type\":\"EntryPoint\",\"urlTemplate\":\"https:\/\/www.dopartners.be\/fr\/?s={search_term_string}\"},\"query-input\":{\"@type\":\"PropertyValueSpecification\",\"valueRequired\":true,\"valueName\":\"search_term_string\"}}],\"inLanguage\":\"fr-BE\"},{\"@type\":\"Organization\",\"@id\":\"https:\/\/www.dopartners.be\/fr\/#organization\",\"name\":\"DO PARTNERS\",\"url\":\"https:\/\/www.dopartners.be\/fr\/\",\"logo\":{\"@type\":\"ImageObject\",\"inLanguage\":\"fr-BE\",\"@id\":\"https:\/\/www.dopartners.be\/fr\/#\/schema\/logo\/image\/\",\"url\":\"https:\/\/www.dopartners.be\/wp-content\/uploads\/2017\/11\/DO-partners-logo.png\",\"contentUrl\":\"https:\/\/www.dopartners.be\/wp-content\/uploads\/2017\/11\/DO-partners-logo.png\",\"width\":135,\"height\":100,\"caption\":\"DO PARTNERS\"},\"image\":{\"@id\":\"https:\/\/www.dopartners.be\/fr\/#\/schema\/logo\/image\/\"},\"sameAs\":[\"https:\/\/www.facebook.com\/DOPartnersXerox\",\"https:\/\/www.youtube.com\/@dopartners\",\"https:\/\/www.linkedin.com\/company\/d&amp;o-partners\/\"]}]}<\/script>\n<!-- \/ Yoast SEO plugin. -->","yoast_head_json":{"title":"Imprimante VersaLink C505 - Xerox - D&amp;O Partners","description":"L'imprimante couleur multifonctions Xerox VersaLink C505 est un assistant de travail intelligent dot\u00e9 de la technologie ConnectKey\u00ae de Xerox\u00ae.","robots":{"index":"index","follow":"follow","max-snippet":"max-snippet:-1","max-image-preview":"max-image-preview:large","max-video-preview":"max-video-preview:-1"},"canonical":"https:\/\/www.dopartners.be\/fr\/produit\/xerox-versalink-c505\/","og_locale":"fr_FR","og_type":"article","og_title":"Imprimante VersaLink C505 - Xerox - D&amp;O Partners","og_description":"L'imprimante couleur multifonctions Xerox VersaLink C505 est un assistant de travail intelligent dot\u00e9 de la technologie ConnectKey\u00ae de Xerox\u00ae.","og_url":"https:\/\/www.dopartners.be\/fr\/produit\/xerox-versalink-c505\/","og_site_name":"D&amp;O Partners","article_publisher":"https:\/\/www.facebook.com\/DOPartnersXerox","article_modified_time":"2025-09-22T10:32:27+00:00","og_image":[{"width":1200,"height":1144,"url":"https:\/\/www.dopartners.be\/wp-content\/uploads\/2017\/12\/versalink-c505-multifunctionele-printer-xerox-belgie.webp","type":"image\/webp"}],"twitter_card":"summary_large_image","twitter_misc":{"Dur\u00e9e de lecture est.":"1 minute"},"schema":{"@context":"https:\/\/schema.org","@graph":[{"@type":"WebPage","@id":"https:\/\/www.dopartners.be\/fr\/produit\/xerox-versalink-c505\/","url":"https:\/\/www.dopartners.be\/fr\/produit\/xerox-versalink-c505\/","name":"Imprimante VersaLink C505 - Xerox - D&amp;O Partners","isPartOf":{"@id":"https:\/\/www.dopartners.be\/fr\/#website"},"primaryImageOfPage":{"@id":"https:\/\/www.dopartners.be\/fr\/produit\/xerox-versalink-c505\/#primaryimage"},"image":{"@id":"https:\/\/www.dopartners.be\/fr\/produit\/xerox-versalink-c505\/#primaryimage"},"thumbnailUrl":"https:\/\/www.dopartners.be\/wp-content\/uploads\/2017\/12\/versalink-c505-multifunctionele-printer-xerox-belgie.webp","datePublished":"2017-12-04T15:54:32+00:00","dateModified":"2025-09-22T10:32:27+00:00","description":"L'imprimante couleur multifonctions Xerox VersaLink C505 est un assistant de travail intelligent dot\u00e9 de la technologie ConnectKey\u00ae de Xerox\u00ae.","breadcrumb":{"@id":"https:\/\/www.dopartners.be\/fr\/produit\/xerox-versalink-c505\/#breadcrumb"},"inLanguage":"fr-BE","potentialAction":[{"@type":"ReadAction","target":["https:\/\/www.dopartners.be\/fr\/produit\/xerox-versalink-c505\/"]}]},{"@type":"ImageObject","inLanguage":"fr-BE","@id":"https:\/\/www.dopartners.be\/fr\/produit\/xerox-versalink-c505\/#primaryimage","url":"https:\/\/www.dopartners.be\/wp-content\/uploads\/2017\/12\/versalink-c505-multifunctionele-printer-xerox-belgie.webp","contentUrl":"https:\/\/www.dopartners.be\/wp-content\/uploads\/2017\/12\/versalink-c505-multifunctionele-printer-xerox-belgie.webp","width":1200,"height":1144,"caption":"Imprimante Xerox VersaLink C505V-X avec une interface utilisateur \u00e9cran tactile couleur, con\u00e7ue pour une utilisation professionnelle, faisant partie de la gamme de produits de Xerox propos\u00e9e par D&O Partners."},{"@type":"BreadcrumbList","@id":"https:\/\/www.dopartners.be\/fr\/produit\/xerox-versalink-c505\/#breadcrumb","itemListElement":[{"@type":"ListItem","position":1,"name":"Home","item":"https:\/\/www.dopartners.be\/fr\/"},{"@type":"ListItem","position":2,"name":"Boutique","item":"https:\/\/www.dopartners.be\/fr\/shop\/"},{"@type":"ListItem","position":3,"name":"Imprimante VersaLink C505 &#8211; Xerox"}]},{"@type":"WebSite","@id":"https:\/\/www.dopartners.be\/fr\/#website","url":"https:\/\/www.dopartners.be\/fr\/","name":"D&amp;O Partners","description":"Concessionnaire Xerox autoris\u00e9 \u00e0 Bruxelles","publisher":{"@id":"https:\/\/www.dopartners.be\/fr\/#organization"},"alternateName":"DO Partners","potentialAction":[{"@type":"SearchAction","target":{"@type":"EntryPoint","urlTemplate":"https:\/\/www.dopartners.be\/fr\/?s={search_term_string}"},"query-input":{"@type":"PropertyValueSpecification","valueRequired":true,"valueName":"search_term_string"}}],"inLanguage":"fr-BE"},{"@type":"Organization","@id":"https:\/\/www.dopartners.be\/fr\/#organization","name":"DO PARTNERS","url":"https:\/\/www.dopartners.be\/fr\/","logo":{"@type":"ImageObject","inLanguage":"fr-BE","@id":"https:\/\/www.dopartners.be\/fr\/#\/schema\/logo\/image\/","url":"https:\/\/www.dopartners.be\/wp-content\/uploads\/2017\/11\/DO-partners-logo.png","contentUrl":"https:\/\/www.dopartners.be\/wp-content\/uploads\/2017\/11\/DO-partners-logo.png","width":135,"height":100,"caption":"DO PARTNERS"},"image":{"@id":"https:\/\/www.dopartners.be\/fr\/#\/schema\/logo\/image\/"},"sameAs":["https:\/\/www.facebook.com\/DOPartnersXerox","https:\/\/www.youtube.com\/@dopartners","https:\/\/www.linkedin.com\/company\/d&amp;o-partners\/"]}]}},"_links":{"self":[{"href":"https:\/\/www.dopartners.be\/fr\/wp-json\/wp\/v2\/product\/2286","targetHints":{"allow":["GET"]}}],"collection":[{"href":"https:\/\/www.dopartners.be\/fr\/wp-json\/wp\/v2\/product"}],"about":[{"href":"https:\/\/www.dopartners.be\/fr\/wp-json\/wp\/v2\/types\/product"}],"wp:featuredmedia":[{"embeddable":true,"href":"https:\/\/www.dopartners.be\/fr\/wp-json\/wp\/v2\/media\/11390"}],"wp:attachment":[{"href":"https:\/\/www.dopartners.be\/fr\/wp-json\/wp\/v2\/media?parent=2286"}],"wp:term":[{"taxonomy":"product_brand","embeddable":true,"href":"https:\/\/www.dopartners.be\/fr\/wp-json\/wp\/v2\/product_brand?post=2286"},{"taxonomy":"product_cat","embeddable":true,"href":"https:\/\/www.dopartners.be\/fr\/wp-json\/wp\/v2\/product_cat?post=2286"},{"taxonomy":"product_tag","embeddable":true,"href":"https:\/\/www.dopartners.be\/fr\/wp-json\/wp\/v2\/product_tag?post=2286"}],"curies":[{"name":"wp","href":"https:\/\/api.w.org\/{rel}","templated":true}]}}