{"id":2287,"date":"2017-12-04T17:18:38","date_gmt":"2017-12-04T16:18:38","guid":{"rendered":"http:\/\/dopartners.testwork.be\/?post_type=product&#038;p=2287"},"modified":"2025-09-22T11:34:29","modified_gmt":"2025-09-22T09:34:29","slug":"xerox-versalink-c600","status":"publish","type":"product","link":"https:\/\/www.dopartners.be\/fr\/produit\/xerox-versalink-c600\/","title":{"rendered":"VersaLink C600 &#8211; Imprimante Couleur &#8211; Xerox"},"content":{"rendered":"<div class=\"wpb-content-wrapper\"><p>[vc_row content_placement=&#8221;top&#8221;][vc_column][vc_tta_accordion style=&#8221;flat&#8221; color=&#8221;white&#8221; c_position=&#8221;right&#8221; active_section=&#8221;&#8221; collapsible_all=&#8221;true&#8221;][vc_tta_section title=&#8221;C600V\/N&#8221; tab_id=&#8221;C8130edab-6a6854595-07ce647af-1525&#8243;][vc_column_text woodmart_inline=&#8221;no&#8221; text_larger=&#8221;no&#8221;]<\/p>\n<table class=\"shop_attributes\">\n<tbody>\n<tr>\n<th>Fonction standard<\/th>\n<td>Cloud, Impression<\/td>\n<\/tr>\n<tr>\n<th>Fonction en option<\/th>\n<td>Kit de productivit\u00e9 avec disque dur de 320 Go<\/td>\n<\/tr>\n<tr>\n<th>Vitesse d&#8217;impression<\/th>\n<td>Jusqu&#8217;\u00e0 53 ppm<\/td>\n<\/tr>\n<tr>\n<th>Volume mensuel maximum<\/th>\n<td>Jusqu&#8217;\u00e0 120.000 images\/mois<\/td>\n<\/tr>\n<tr>\n<th>Sortie recto\/verso<\/th>\n<td>N\/A<\/td>\n<\/tr>\n<tr>\n<th>Capacit\u00e9 papier standard<\/th>\n<td>700 feuilles<\/td>\n<\/tr>\n<tr>\n<th>Connectivit\u00e9<\/th>\n<td>Ethernet 10\/100\/1000 Base-T, USB 3.0 ultra-rapide, NFC &#8211; Toucher pour coupler<\/td>\n<\/tr>\n<tr>\n<th>Connectivit\u00e9 (en option)<\/th>\n<td>Wifi 802.11n\/g\/b\/a et Wifi direct avec kit Wifi en option (connexions simultan\u00e9es avec et sans c\u00e2ble prises en charge)<\/td>\n<\/tr>\n<tr>\n<th>D\u00e9veloppement Durable<\/th>\n<td>EPEAT<br \/>\nENERGY STAR\u00ae<\/td>\n<\/tr>\n<\/tbody>\n<\/table>\n<p>[\/vc_column_text][\/vc_tta_section][vc_tta_section title=&#8221;C600V\/DN&#8221; tab_id=&#8221;1694425693528-5bf60a62-f04b&#8221;][vc_column_text woodmart_inline=&#8221;no&#8221; text_larger=&#8221;no&#8221;]<\/p>\n<table class=\"shop_attributes\">\n<tbody>\n<tr>\n<th>Fonction standard<\/th>\n<td>Cloud, Impression<\/td>\n<\/tr>\n<tr>\n<th>Fonction en option<\/th>\n<td>Kit de productivit\u00e9 avec disque dur de 320 Go<\/td>\n<\/tr>\n<tr>\n<th>Vitesse d&#8217;impression<\/th>\n<td>Jusqu&#8217;\u00e0 53 ppm<\/td>\n<\/tr>\n<tr>\n<th>Volume mensuel moyen recommand\u00e9<\/th>\n<td>Jusqu&#8217;\u00e0 120.000 images\/mois<\/td>\n<\/tr>\n<tr>\n<th>Sortie recto\/verso<\/th>\n<td>N\/A<\/td>\n<\/tr>\n<tr>\n<th>Capacit\u00e9 papier standard<\/th>\n<td>700 feuilles<\/td>\n<\/tr>\n<tr>\n<th>Magasin grande capacit\u00e9<\/th>\n<td>Office Finisher: 50-sheet stapling, 500-sheet tray (optional)<br \/>\nMailbox: four 100-sheet bins (optional)<\/td>\n<\/tr>\n<tr>\n<th>Connectivit\u00e9<\/th>\n<td>Ethernet 10\/100\/1000 Base-T, USB 3.0 ultra-rapide, NFC &#8211; Toucher pour coupler<\/td>\n<\/tr>\n<tr>\n<th>Connectivit\u00e9 (en option)<\/th>\n<td>Wifi 802.11n\/g\/b\/a et Wifi direct avec kit Wifi en option (connexions simultan\u00e9es avec et sans c\u00e2ble prises en charge)<\/td>\n<\/tr>\n<tr>\n<th>D\u00e9veloppement Durable<\/th>\n<td>EPEAT<br \/>\nENERGY STAR\u00ae<\/td>\n<\/tr>\n<\/tbody>\n<\/table>\n<p>[\/vc_column_text][\/vc_tta_section][\/vc_tta_accordion][\/vc_column][\/vc_row]<\/p>\n<\/div>","protected":false},"excerpt":{"rendered":"<p>[vc_row content_placement=&#8221;top&#8221;][vc_column][vc_btn title=&#8221;T\u00e9l\u00e9charger la brochure&#8221; style=&#8221;flat&#8221; shape=&#8221;square&#8221; align=&#8221;left&#8221; i_icon_fontawesome=&#8221;fa fa-file-pdf-o&#8221; add_icon=&#8221;true&#8221; link=&#8221;url:\/wp-content\/uploads\/2023\/09\/brochure-imprimante-couleur-versalink-c600-c605-xerox-belgique.pdf||target:%20_blank|&#8221;][vc_column_text]<\/p>\n<p>Assistant personnel intelligent avec technologie ConnectKey\u00ae de Xerox\u00ae<\/p>\n<ul>\n<li>Imprimante couleur compatible avec le format lettre\/juridique\/A4<\/li>\n<li>Id\u00e9ale pour les \u00e9quipes de travail de 10 \u00e0 20 utilisateurs<\/li>\n<li>L&#8217;incarnation d&#8217;une performance exceptionnelle, d&#8217;une fiabilit\u00e9 in\u00e9gal\u00e9e et d&#8217;une prodigieuse qualit\u00e9 d&#8217;impression<\/li>\n<li>Connexion au cloud, pr\u00eate pour le mobile, applications pr\u00e9-charg\u00e9es et personnalisation ais\u00e9e<\/li>\n<\/ul>\n<p>L&#8217;imprimante couleur Xerox\u00ae VersaLink\u00ae C600 et l&#8217;imprimante multifonctions couleur Xerox\u00ae VersaLink\u00ae C605 sont des solutions haut de gamme con\u00e7ues pour optimiser la productivit\u00e9 et la s\u00e9curit\u00e9 des entreprises modernes. Gr\u00e2ce \u00e0 la technologie ConnectKey\u00ae de Xerox, ces appareils offrent une exp\u00e9rience utilisateur intuitive avec un \u00e9cran tactile couleur personnalisable, facilitant ainsi la navigation et la gestion des t\u00e2ches complexes.<\/p>\n<p>Ces imprimantes offrent des performances exceptionnelles, capables d&#8217;imprimer jusqu&#8217;\u00e0 53 pages par minute avec une r\u00e9solution maximale de 1200 x 2400 ppp, garantissant des impressions nettes et de haute qualit\u00e9. Elles permettent \u00e9galement une productivit\u00e9 personnalis\u00e9e gr\u00e2ce \u00e0 l&#8217;\u00e9cran tactile capacitif, permettant de cr\u00e9er des applications personnalis\u00e9es pour automatiser les workflows en quelques touches. La connectivit\u00e9 avec Google Drive&#x2122;, Microsoft OneDrive\u00ae, DropBox&#x2122; et d&#8217;autres services facilite le travail \u00e0 distance et l&#8217;impression depuis des appareils mobiles. La s\u00e9curit\u00e9 de r\u00e9f\u00e9rence est assur\u00e9e par une combinaison robuste de fonctions int\u00e9gr\u00e9es et de services pour pr\u00e9venir les acc\u00e8s non autoris\u00e9s, d\u00e9tecter les comportements suspects et prot\u00e9ger les donn\u00e9es.<\/p>\n<p>Ces appareils se distinguent \u00e9galement par leur gestion et maintenance simplifi\u00e9es gr\u00e2ce \u00e0 l&#8217;application Xerox\u00ae Easy Assist, permettant une gestion \u00e0 distance des performances et des consommables. Ils sont \u00e9co-responsables et certifi\u00e9s EPEAT\u00ae pour leurs performances environnementales, r\u00e9pondant aux normes les plus strictes en mati\u00e8re de consommation d&#8217;\u00e9nergie et de recyclage. La fiabilit\u00e9 sup\u00e9rieure est garantie par une conception mat\u00e9rielle robuste avec un nombre r\u00e9duit de pi\u00e8ces mobiles et une t\u00eate d&#8217;impression Hi-Q LED avanc\u00e9e. L&#8217;interface utilisateur intuitive, similaire \u00e0 celle des appareils mobiles, permet une personnalisation pouss\u00e9e et une gestion efficace des t\u00e2ches. De plus, la surveillance \u00e0 distance et l&#8217;assistance auto-aide disponibles r\u00e9duisent les besoins d&#8217;intervention du service informatique.<\/p>\n<p>Ces imprimantes sont id\u00e9ales pour les entreprises recherchant des solutions fiables, s\u00e9curis\u00e9es et faciles \u00e0 utiliser pour am\u00e9liorer leur productivit\u00e9 quotidienne.<\/p>\n","protected":false},"featured_media":2219,"template":"","meta":[],"product_brand":[],"product_cat":[19],"product_tag":[],"class_list":{"0":"post-2287","1":"product","2":"type-product","3":"status-publish","4":"has-post-thumbnail","6":"product_cat-imprimantes-bureau","8":"first","9":"instock","10":"shipping-taxable","11":"product-type-simple"},"yoast_head":"<!-- This site is optimized with the Yoast SEO plugin v25.9 - https:\/\/yoast.com\/wordpress\/plugins\/seo\/ -->\n<title>VersaLink C600 - Imprimante Couleur - Xerox - D&amp;O Partners<\/title>\n<meta name=\"description\" content=\"L&#039;imprimante couleur Xerox VersaLink C600 a une qualit\u00e9 d\u2019impression sup\u00e9rieure, est connect\u00e9e au cloud, pr\u00eate pour le mobile et applications pr\u00e9charg\u00e9es.\" \/>\n<meta name=\"robots\" content=\"index, follow, max-snippet:-1, max-image-preview:large, max-video-preview:-1\" \/>\n<link rel=\"canonical\" href=\"https:\/\/www.dopartners.be\/fr\/produit\/xerox-versalink-c600\/\" \/>\n<meta property=\"og:locale\" content=\"fr_FR\" \/>\n<meta property=\"og:type\" content=\"article\" \/>\n<meta property=\"og:title\" content=\"VersaLink C600 - Imprimante Couleur - Xerox - D&amp;O Partners\" \/>\n<meta property=\"og:description\" content=\"L&#039;imprimante couleur Xerox VersaLink C600 a une qualit\u00e9 d\u2019impression sup\u00e9rieure, est connect\u00e9e au cloud, pr\u00eate pour le mobile et applications pr\u00e9charg\u00e9es.\" \/>\n<meta property=\"og:url\" content=\"https:\/\/www.dopartners.be\/fr\/produit\/xerox-versalink-c600\/\" \/>\n<meta property=\"og:site_name\" content=\"D&amp;O Partners\" \/>\n<meta property=\"article:publisher\" content=\"https:\/\/www.facebook.com\/DOPartnersXerox\" \/>\n<meta property=\"article:modified_time\" content=\"2025-09-22T09:34:29+00:00\" \/>\n<meta property=\"og:image\" content=\"https:\/\/www.dopartners.be\/wp-content\/uploads\/2017\/06\/Xerox-VersaLink-C600V-front.jpg\" \/>\n\t<meta property=\"og:image:width\" content=\"1200\" \/>\n\t<meta property=\"og:image:height\" content=\"1144\" \/>\n\t<meta property=\"og:image:type\" content=\"image\/webp\" \/>\n<meta name=\"twitter:card\" content=\"summary_large_image\" \/>\n<meta name=\"twitter:label1\" content=\"Dur\u00e9e de lecture est.\" \/>\n\t<meta name=\"twitter:data1\" content=\"2 minutes\" \/>\n<script type=\"application\/ld+json\" class=\"yoast-schema-graph\">{\"@context\":\"https:\/\/schema.org\",\"@graph\":[{\"@type\":\"WebPage\",\"@id\":\"https:\/\/www.dopartners.be\/fr\/produit\/xerox-versalink-c600\/\",\"url\":\"https:\/\/www.dopartners.be\/fr\/produit\/xerox-versalink-c600\/\",\"name\":\"VersaLink C600 - Imprimante Couleur - Xerox - D&amp;O Partners\",\"isPartOf\":{\"@id\":\"https:\/\/www.dopartners.be\/fr\/#website\"},\"primaryImageOfPage\":{\"@id\":\"https:\/\/www.dopartners.be\/fr\/produit\/xerox-versalink-c600\/#primaryimage\"},\"image\":{\"@id\":\"https:\/\/www.dopartners.be\/fr\/produit\/xerox-versalink-c600\/#primaryimage\"},\"thumbnailUrl\":\"https:\/\/www.dopartners.be\/wp-content\/uploads\/2017\/06\/Xerox-VersaLink-C600V-front.jpg\",\"datePublished\":\"2017-12-04T16:18:38+00:00\",\"dateModified\":\"2025-09-22T09:34:29+00:00\",\"description\":\"L'imprimante couleur Xerox VersaLink C600 a une qualit\u00e9 d\u2019impression sup\u00e9rieure, est connect\u00e9e au cloud, pr\u00eate pour le mobile et applications pr\u00e9charg\u00e9es.\",\"breadcrumb\":{\"@id\":\"https:\/\/www.dopartners.be\/fr\/produit\/xerox-versalink-c600\/#breadcrumb\"},\"inLanguage\":\"fr-BE\",\"potentialAction\":[{\"@type\":\"ReadAction\",\"target\":[\"https:\/\/www.dopartners.be\/fr\/produit\/xerox-versalink-c600\/\"]}]},{\"@type\":\"ImageObject\",\"inLanguage\":\"fr-BE\",\"@id\":\"https:\/\/www.dopartners.be\/fr\/produit\/xerox-versalink-c600\/#primaryimage\",\"url\":\"https:\/\/www.dopartners.be\/wp-content\/uploads\/2017\/06\/Xerox-VersaLink-C600V-front.jpg\",\"contentUrl\":\"https:\/\/www.dopartners.be\/wp-content\/uploads\/2017\/06\/Xerox-VersaLink-C600V-front.jpg\",\"width\":1200,\"height\":1144,\"caption\":\"Imprimante laser couleur Xerox VersaLink C600V symbolisant une solution d'impression de bureau performante de Xerox D&O Partners.\"},{\"@type\":\"BreadcrumbList\",\"@id\":\"https:\/\/www.dopartners.be\/fr\/produit\/xerox-versalink-c600\/#breadcrumb\",\"itemListElement\":[{\"@type\":\"ListItem\",\"position\":1,\"name\":\"Home\",\"item\":\"https:\/\/www.dopartners.be\/fr\/\"},{\"@type\":\"ListItem\",\"position\":2,\"name\":\"Boutique\",\"item\":\"https:\/\/www.dopartners.be\/fr\/shop\/\"},{\"@type\":\"ListItem\",\"position\":3,\"name\":\"VersaLink C600 &#8211; Imprimante Couleur &#8211; Xerox\"}]},{\"@type\":\"WebSite\",\"@id\":\"https:\/\/www.dopartners.be\/fr\/#website\",\"url\":\"https:\/\/www.dopartners.be\/fr\/\",\"name\":\"D&amp;O Partners\",\"description\":\"Concessionnaire Xerox autoris\u00e9 \u00e0 Bruxelles\",\"publisher\":{\"@id\":\"https:\/\/www.dopartners.be\/fr\/#organization\"},\"alternateName\":\"DO Partners\",\"potentialAction\":[{\"@type\":\"SearchAction\",\"target\":{\"@type\":\"EntryPoint\",\"urlTemplate\":\"https:\/\/www.dopartners.be\/fr\/?s={search_term_string}\"},\"query-input\":{\"@type\":\"PropertyValueSpecification\",\"valueRequired\":true,\"valueName\":\"search_term_string\"}}],\"inLanguage\":\"fr-BE\"},{\"@type\":\"Organization\",\"@id\":\"https:\/\/www.dopartners.be\/fr\/#organization\",\"name\":\"DO PARTNERS\",\"url\":\"https:\/\/www.dopartners.be\/fr\/\",\"logo\":{\"@type\":\"ImageObject\",\"inLanguage\":\"fr-BE\",\"@id\":\"https:\/\/www.dopartners.be\/fr\/#\/schema\/logo\/image\/\",\"url\":\"https:\/\/www.dopartners.be\/wp-content\/uploads\/2017\/11\/DO-partners-logo.png\",\"contentUrl\":\"https:\/\/www.dopartners.be\/wp-content\/uploads\/2017\/11\/DO-partners-logo.png\",\"width\":135,\"height\":100,\"caption\":\"DO PARTNERS\"},\"image\":{\"@id\":\"https:\/\/www.dopartners.be\/fr\/#\/schema\/logo\/image\/\"},\"sameAs\":[\"https:\/\/www.facebook.com\/DOPartnersXerox\",\"https:\/\/www.youtube.com\/@dopartners\",\"https:\/\/www.linkedin.com\/company\/d&amp;o-partners\/\"]}]}<\/script>\n<!-- \/ Yoast SEO plugin. -->","yoast_head_json":{"title":"VersaLink C600 - Imprimante Couleur - Xerox - D&amp;O Partners","description":"L'imprimante couleur Xerox VersaLink C600 a une qualit\u00e9 d\u2019impression sup\u00e9rieure, est connect\u00e9e au cloud, pr\u00eate pour le mobile et applications pr\u00e9charg\u00e9es.","robots":{"index":"index","follow":"follow","max-snippet":"max-snippet:-1","max-image-preview":"max-image-preview:large","max-video-preview":"max-video-preview:-1"},"canonical":"https:\/\/www.dopartners.be\/fr\/produit\/xerox-versalink-c600\/","og_locale":"fr_FR","og_type":"article","og_title":"VersaLink C600 - Imprimante Couleur - Xerox - D&amp;O Partners","og_description":"L'imprimante couleur Xerox VersaLink C600 a une qualit\u00e9 d\u2019impression sup\u00e9rieure, est connect\u00e9e au cloud, pr\u00eate pour le mobile et applications pr\u00e9charg\u00e9es.","og_url":"https:\/\/www.dopartners.be\/fr\/produit\/xerox-versalink-c600\/","og_site_name":"D&amp;O Partners","article_publisher":"https:\/\/www.facebook.com\/DOPartnersXerox","article_modified_time":"2025-09-22T09:34:29+00:00","og_image":[{"width":1200,"height":1144,"url":"https:\/\/www.dopartners.be\/wp-content\/uploads\/2017\/06\/Xerox-VersaLink-C600V-front.jpg","type":"image\/webp"}],"twitter_card":"summary_large_image","twitter_misc":{"Dur\u00e9e de lecture est.":"2 minutes"},"schema":{"@context":"https:\/\/schema.org","@graph":[{"@type":"WebPage","@id":"https:\/\/www.dopartners.be\/fr\/produit\/xerox-versalink-c600\/","url":"https:\/\/www.dopartners.be\/fr\/produit\/xerox-versalink-c600\/","name":"VersaLink C600 - Imprimante Couleur - Xerox - D&amp;O Partners","isPartOf":{"@id":"https:\/\/www.dopartners.be\/fr\/#website"},"primaryImageOfPage":{"@id":"https:\/\/www.dopartners.be\/fr\/produit\/xerox-versalink-c600\/#primaryimage"},"image":{"@id":"https:\/\/www.dopartners.be\/fr\/produit\/xerox-versalink-c600\/#primaryimage"},"thumbnailUrl":"https:\/\/www.dopartners.be\/wp-content\/uploads\/2017\/06\/Xerox-VersaLink-C600V-front.jpg","datePublished":"2017-12-04T16:18:38+00:00","dateModified":"2025-09-22T09:34:29+00:00","description":"L'imprimante couleur Xerox VersaLink C600 a une qualit\u00e9 d\u2019impression sup\u00e9rieure, est connect\u00e9e au cloud, pr\u00eate pour le mobile et applications pr\u00e9charg\u00e9es.","breadcrumb":{"@id":"https:\/\/www.dopartners.be\/fr\/produit\/xerox-versalink-c600\/#breadcrumb"},"inLanguage":"fr-BE","potentialAction":[{"@type":"ReadAction","target":["https:\/\/www.dopartners.be\/fr\/produit\/xerox-versalink-c600\/"]}]},{"@type":"ImageObject","inLanguage":"fr-BE","@id":"https:\/\/www.dopartners.be\/fr\/produit\/xerox-versalink-c600\/#primaryimage","url":"https:\/\/www.dopartners.be\/wp-content\/uploads\/2017\/06\/Xerox-VersaLink-C600V-front.jpg","contentUrl":"https:\/\/www.dopartners.be\/wp-content\/uploads\/2017\/06\/Xerox-VersaLink-C600V-front.jpg","width":1200,"height":1144,"caption":"Imprimante laser couleur Xerox VersaLink C600V symbolisant une solution d'impression de bureau performante de Xerox D&O Partners."},{"@type":"BreadcrumbList","@id":"https:\/\/www.dopartners.be\/fr\/produit\/xerox-versalink-c600\/#breadcrumb","itemListElement":[{"@type":"ListItem","position":1,"name":"Home","item":"https:\/\/www.dopartners.be\/fr\/"},{"@type":"ListItem","position":2,"name":"Boutique","item":"https:\/\/www.dopartners.be\/fr\/shop\/"},{"@type":"ListItem","position":3,"name":"VersaLink C600 &#8211; Imprimante Couleur &#8211; Xerox"}]},{"@type":"WebSite","@id":"https:\/\/www.dopartners.be\/fr\/#website","url":"https:\/\/www.dopartners.be\/fr\/","name":"D&amp;O Partners","description":"Concessionnaire Xerox autoris\u00e9 \u00e0 Bruxelles","publisher":{"@id":"https:\/\/www.dopartners.be\/fr\/#organization"},"alternateName":"DO Partners","potentialAction":[{"@type":"SearchAction","target":{"@type":"EntryPoint","urlTemplate":"https:\/\/www.dopartners.be\/fr\/?s={search_term_string}"},"query-input":{"@type":"PropertyValueSpecification","valueRequired":true,"valueName":"search_term_string"}}],"inLanguage":"fr-BE"},{"@type":"Organization","@id":"https:\/\/www.dopartners.be\/fr\/#organization","name":"DO PARTNERS","url":"https:\/\/www.dopartners.be\/fr\/","logo":{"@type":"ImageObject","inLanguage":"fr-BE","@id":"https:\/\/www.dopartners.be\/fr\/#\/schema\/logo\/image\/","url":"https:\/\/www.dopartners.be\/wp-content\/uploads\/2017\/11\/DO-partners-logo.png","contentUrl":"https:\/\/www.dopartners.be\/wp-content\/uploads\/2017\/11\/DO-partners-logo.png","width":135,"height":100,"caption":"DO PARTNERS"},"image":{"@id":"https:\/\/www.dopartners.be\/fr\/#\/schema\/logo\/image\/"},"sameAs":["https:\/\/www.facebook.com\/DOPartnersXerox","https:\/\/www.youtube.com\/@dopartners","https:\/\/www.linkedin.com\/company\/d&amp;o-partners\/"]}]}},"_links":{"self":[{"href":"https:\/\/www.dopartners.be\/fr\/wp-json\/wp\/v2\/product\/2287","targetHints":{"allow":["GET"]}}],"collection":[{"href":"https:\/\/www.dopartners.be\/fr\/wp-json\/wp\/v2\/product"}],"about":[{"href":"https:\/\/www.dopartners.be\/fr\/wp-json\/wp\/v2\/types\/product"}],"wp:featuredmedia":[{"embeddable":true,"href":"https:\/\/www.dopartners.be\/fr\/wp-json\/wp\/v2\/media\/2219"}],"wp:attachment":[{"href":"https:\/\/www.dopartners.be\/fr\/wp-json\/wp\/v2\/media?parent=2287"}],"wp:term":[{"taxonomy":"product_brand","embeddable":true,"href":"https:\/\/www.dopartners.be\/fr\/wp-json\/wp\/v2\/product_brand?post=2287"},{"taxonomy":"product_cat","embeddable":true,"href":"https:\/\/www.dopartners.be\/fr\/wp-json\/wp\/v2\/product_cat?post=2287"},{"taxonomy":"product_tag","embeddable":true,"href":"https:\/\/www.dopartners.be\/fr\/wp-json\/wp\/v2\/product_tag?post=2287"}],"curies":[{"name":"wp","href":"https:\/\/api.w.org\/{rel}","templated":true}]}}