{"id":2291,"date":"2017-12-05T08:33:09","date_gmt":"2017-12-05T07:33:09","guid":{"rendered":"http:\/\/dopartners.testwork.be\/?post_type=product&#038;p=2291"},"modified":"2025-09-22T14:23:59","modified_gmt":"2025-09-22T12:23:59","slug":"xerox-altalink-c8000-series","status":"publish","type":"product","link":"https:\/\/www.dopartners.be\/fr\/produit\/xerox-altalink-c8000-series\/","title":{"rendered":"VersaLink C8000 &#8211; Imprimante Couleur &#8211; Xerox"},"content":{"rendered":"<div class=\"wpb-content-wrapper\"><p>[vc_row content_placement=&#8221;top&#8221;][vc_column][vc_column_text woodmart_inline=&#8221;no&#8221; text_larger=&#8221;no&#8221;]<\/p>\n<table class=\"shop_attributes\">\n<tbody>\n<tr>\n<th>Mod\u00e8le<\/th>\n<td>C8000V\/DT<\/td>\n<\/tr>\n<tr>\n<th>Fonctions standard<\/th>\n<td>Cloud, Impression<\/td>\n<\/tr>\n<tr>\n<th>Vitesse d&#8217;impression<\/th>\n<td>Jusqu&#8217;\u00e0 45 ppm<\/td>\n<\/tr>\n<tr>\n<th>Volume d&#8217;impression mensuel recommand\u00e9<\/th>\n<td>Jusqu&#8217;\u00e0 20.000 pages<\/td>\n<\/tr>\n<tr>\n<th>Volume mensuel maximum<\/th>\n<td>Jusqu&#8217;\u00e0 205.000 images\/mois<\/td>\n<\/tr>\n<tr>\n<th>Capacit\u00e9 papier standard<\/th>\n<td>1.140 feuilles<\/td>\n<\/tr>\n<tr>\n<th>Sortie recto\/verso<\/th>\n<td>En standard<\/td>\n<\/tr>\n<tr>\n<th>D\u00e9veloppement Durable<\/th>\n<td>EPEAT<br \/>\nENERGY STAR\u00ae<\/td>\n<\/tr>\n<\/tbody>\n<\/table>\n<p>[\/vc_column_text][\/vc_column][\/vc_row]<\/p>\n<\/div>","protected":false},"excerpt":{"rendered":"<p>[vc_row content_placement=&#8221;top&#8221;][vc_column][vc_btn title=&#8221;T\u00e9l\u00e9charger la brochure&#8221; style=&#8221;flat&#8221; shape=&#8221;square&#8221; align=&#8221;left&#8221; i_icon_fontawesome=&#8221;fa fa-file-pdf-o&#8221; add_icon=&#8221;true&#8221; link=&#8221;url:\/wp-content\/uploads\/2023\/09\/brochure-imprimante-couleur-versalink-c8000-c9000-xerox-belgique.pdf||target:%20_blank|&#8221;][vc_column_text]<\/p>\n<p>Assistant personnel intelligent avec technologie ConnectKey\u00ae de Xerox\u00ae<\/p>\n<ul>\n<li>Imprimante couleur compatible avec le format A3 et les banni\u00e8res<\/li>\n<li>Id\u00e9ale pour les groupes de travail de taille moyenne exigeant une qualit\u00e9 de couleur professionnelle<\/li>\n<li>Excellente fiabilit\u00e9 et exceptionnelle gestion des supports<\/li>\n<li>Impression mobile, applications pr\u00e9-charg\u00e9es et de multiples options de finition<\/li>\n<\/ul>\n<p>D\u00e9couvrez les imprimantes couleur Xerox VersaLink C8000 et C9000, des solutions d&#8217;impression con\u00e7ues pour offrir des performances exceptionnelles, une fiabilit\u00e9 maximale et des couleurs \u00e9clatantes. Gr\u00e2ce \u00e0 la technologie ConnectKey\u00ae de Xerox, ces imprimantes optimisent l&#8217;efficacit\u00e9 de votre entreprise d\u00e8s leur installation, avec des assistants d\u2019installation et des options de configuration simples \u00e0 suivre.<\/p>\n<p>Les VersaLink C8000 et C9000 sont con\u00e7ues pour garantir une fiabilit\u00e9 sans faille gr\u00e2ce \u00e0 une conception mat\u00e9rielle robuste et un syst\u00e8me d\u2019imagerie avanc\u00e9. Elles produisent des impressions de qualit\u00e9 sup\u00e9rieure avec une r\u00e9solution allant jusqu\u2019\u00e0 1200 x 2400 ppp, permettant des textes nets et des d\u00e9tails pr\u00e9cis, m\u00eame sur des supports de grande taille.<\/p>\n<p>Ces imprimantes sont dot\u00e9es de fonctionnalit\u00e9s intuitives, comme un \u00e9cran tactile couleur de 5 pouces personnalisable, qui facilite l&#8217;interaction et la gestion des t\u00e2ches. Elles supportent \u00e9galement la mobilit\u00e9 et la connectivit\u00e9 cloud, permettant aux utilisateurs de se connecter et d\u2019imprimer directement depuis Google Drive, Microsoft OneDrive et Dropbox. Les options de connectivit\u00e9 incluent AirPrint d\u2019Apple, Google Cloud Print, Mopria, et Wi-Fi Direct, r\u00e9pondant ainsi aux besoins des professionnels en d\u00e9placement.<\/p>\n<p>Les VersaLink C8000 et C9000 se distinguent par leurs capacit\u00e9s de gestion des couleurs avanc\u00e9es. La C9000, en particulier, offre une flexibilit\u00e9 sup\u00e9rieure pour les supports d\u2019impression et des outils de correspondance des couleurs pr\u00e9cis, id\u00e9aux pour les professionnels des arts graphiques et les agences de cr\u00e9ation. Les fonctionnalit\u00e9s de s\u00e9curit\u00e9 int\u00e9gr\u00e9es prot\u00e8gent vos donn\u00e9es et documents contre les acc\u00e8s non autoris\u00e9s et les comportements malveillants, assurant une tranquillit\u00e9 d\u2019esprit totale.<\/p>\n<p>Avec des options de finition polyvalentes, telles que l&#8217;agrafage, le pliage en Z, et la cr\u00e9ation de brochures, ces imprimantes s\u2019adaptent aux besoins vari\u00e9s des entreprises modernes. Elles respectent \u00e9galement les normes environnementales strictes, telles que EPEAT et ENERGY STAR, contribuant ainsi au d\u00e9veloppement durable sans compromettre les performances.<\/p>\n<p>Pour une solution d&#8217;impression couleur fiable, performante et connect\u00e9e, choisissez les imprimantes Xerox VersaLink C8000 et C9000 et d\u00e9couvrez comment elles peuvent transformer votre flux de travail. Visitez notre site pour en savoir plus.<\/p>\n","protected":false},"featured_media":11418,"template":"","meta":[],"product_brand":[],"product_cat":[20],"product_tag":[],"class_list":{"0":"post-2291","1":"product","2":"type-product","3":"status-publish","4":"has-post-thumbnail","6":"product_cat-multifonctions","8":"first","9":"instock","10":"shipping-taxable","11":"product-type-simple"},"yoast_head":"<!-- This site is optimized with the Yoast SEO plugin v25.9 - https:\/\/yoast.com\/wordpress\/plugins\/seo\/ -->\n<title>VersaLink C8000 - Imprimante Couleur - Xerox - D&amp;O Partners<\/title>\n<meta name=\"description\" content=\"L&#039;imprimante multifonctions couleur Xerox\u00ae AltaLink\u00ae C8000 Series est un assistant de travail intelligent avec technologie ConnectKey\u00ae de Xerox\u00ae.\" \/>\n<meta name=\"robots\" content=\"index, follow, max-snippet:-1, max-image-preview:large, max-video-preview:-1\" \/>\n<link rel=\"canonical\" href=\"https:\/\/www.dopartners.be\/fr\/produit\/xerox-altalink-c8000-series\/\" \/>\n<meta property=\"og:locale\" content=\"fr_FR\" \/>\n<meta property=\"og:type\" content=\"article\" \/>\n<meta property=\"og:title\" content=\"VersaLink C8000 - Imprimante Couleur - Xerox - D&amp;O Partners\" \/>\n<meta property=\"og:description\" content=\"L&#039;imprimante multifonctions couleur Xerox\u00ae AltaLink\u00ae C8000 Series est un assistant de travail intelligent avec technologie ConnectKey\u00ae de Xerox\u00ae.\" \/>\n<meta property=\"og:url\" content=\"https:\/\/www.dopartners.be\/fr\/produit\/xerox-altalink-c8000-series\/\" \/>\n<meta property=\"og:site_name\" content=\"D&amp;O Partners\" \/>\n<meta property=\"article:publisher\" content=\"https:\/\/www.facebook.com\/DOPartnersXerox\" \/>\n<meta property=\"article:modified_time\" content=\"2025-09-22T12:23:59+00:00\" \/>\n<meta property=\"og:image\" content=\"https:\/\/www.dopartners.be\/wp-content\/uploads\/2017\/12\/dopartners-xerox-versalink-c8000-color-printer.webp\" \/>\n\t<meta property=\"og:image:width\" content=\"1200\" \/>\n\t<meta property=\"og:image:height\" content=\"1444\" \/>\n\t<meta property=\"og:image:type\" content=\"image\/webp\" \/>\n<meta name=\"twitter:card\" content=\"summary_large_image\" \/>\n<meta name=\"twitter:label1\" content=\"Dur\u00e9e de lecture est.\" \/>\n\t<meta name=\"twitter:data1\" content=\"1 minute\" \/>\n<script type=\"application\/ld+json\" class=\"yoast-schema-graph\">{\"@context\":\"https:\/\/schema.org\",\"@graph\":[{\"@type\":\"WebPage\",\"@id\":\"https:\/\/www.dopartners.be\/fr\/produit\/xerox-altalink-c8000-series\/\",\"url\":\"https:\/\/www.dopartners.be\/fr\/produit\/xerox-altalink-c8000-series\/\",\"name\":\"VersaLink C8000 - Imprimante Couleur - Xerox - D&amp;O Partners\",\"isPartOf\":{\"@id\":\"https:\/\/www.dopartners.be\/fr\/#website\"},\"primaryImageOfPage\":{\"@id\":\"https:\/\/www.dopartners.be\/fr\/produit\/xerox-altalink-c8000-series\/#primaryimage\"},\"image\":{\"@id\":\"https:\/\/www.dopartners.be\/fr\/produit\/xerox-altalink-c8000-series\/#primaryimage\"},\"thumbnailUrl\":\"https:\/\/www.dopartners.be\/wp-content\/uploads\/2017\/12\/dopartners-xerox-versalink-c8000-color-printer.webp\",\"datePublished\":\"2017-12-05T07:33:09+00:00\",\"dateModified\":\"2025-09-22T12:23:59+00:00\",\"description\":\"L'imprimante multifonctions couleur Xerox\u00ae AltaLink\u00ae C8000 Series est un assistant de travail intelligent avec technologie ConnectKey\u00ae de Xerox\u00ae.\",\"breadcrumb\":{\"@id\":\"https:\/\/www.dopartners.be\/fr\/produit\/xerox-altalink-c8000-series\/#breadcrumb\"},\"inLanguage\":\"fr-BE\",\"potentialAction\":[{\"@type\":\"ReadAction\",\"target\":[\"https:\/\/www.dopartners.be\/fr\/produit\/xerox-altalink-c8000-series\/\"]}]},{\"@type\":\"ImageObject\",\"inLanguage\":\"fr-BE\",\"@id\":\"https:\/\/www.dopartners.be\/fr\/produit\/xerox-altalink-c8000-series\/#primaryimage\",\"url\":\"https:\/\/www.dopartners.be\/wp-content\/uploads\/2017\/12\/dopartners-xerox-versalink-c8000-color-printer.webp\",\"contentUrl\":\"https:\/\/www.dopartners.be\/wp-content\/uploads\/2017\/12\/dopartners-xerox-versalink-c8000-color-printer.webp\",\"width\":1200,\"height\":1444,\"caption\":\"Imprimante couleur haut de gamme Xerox VersaLink C8000W avec \u00e9cran tactile interactif, Ce mod\u00e8le, \u00e9quip\u00e9 d'un toner d'encre blanche, illustre l'engagement de Xerox D&O Partners \u00e0 fournir des solutions d'impression innovantes et efficaces.\"},{\"@type\":\"BreadcrumbList\",\"@id\":\"https:\/\/www.dopartners.be\/fr\/produit\/xerox-altalink-c8000-series\/#breadcrumb\",\"itemListElement\":[{\"@type\":\"ListItem\",\"position\":1,\"name\":\"Home\",\"item\":\"https:\/\/www.dopartners.be\/fr\/\"},{\"@type\":\"ListItem\",\"position\":2,\"name\":\"Boutique\",\"item\":\"https:\/\/www.dopartners.be\/fr\/shop\/\"},{\"@type\":\"ListItem\",\"position\":3,\"name\":\"VersaLink C8000 &#8211; Imprimante Couleur &#8211; Xerox\"}]},{\"@type\":\"WebSite\",\"@id\":\"https:\/\/www.dopartners.be\/fr\/#website\",\"url\":\"https:\/\/www.dopartners.be\/fr\/\",\"name\":\"D&amp;O Partners\",\"description\":\"Concessionnaire Xerox autoris\u00e9 \u00e0 Bruxelles\",\"publisher\":{\"@id\":\"https:\/\/www.dopartners.be\/fr\/#organization\"},\"alternateName\":\"DO Partners\",\"potentialAction\":[{\"@type\":\"SearchAction\",\"target\":{\"@type\":\"EntryPoint\",\"urlTemplate\":\"https:\/\/www.dopartners.be\/fr\/?s={search_term_string}\"},\"query-input\":{\"@type\":\"PropertyValueSpecification\",\"valueRequired\":true,\"valueName\":\"search_term_string\"}}],\"inLanguage\":\"fr-BE\"},{\"@type\":\"Organization\",\"@id\":\"https:\/\/www.dopartners.be\/fr\/#organization\",\"name\":\"DO PARTNERS\",\"url\":\"https:\/\/www.dopartners.be\/fr\/\",\"logo\":{\"@type\":\"ImageObject\",\"inLanguage\":\"fr-BE\",\"@id\":\"https:\/\/www.dopartners.be\/fr\/#\/schema\/logo\/image\/\",\"url\":\"https:\/\/www.dopartners.be\/wp-content\/uploads\/2017\/11\/DO-partners-logo.png\",\"contentUrl\":\"https:\/\/www.dopartners.be\/wp-content\/uploads\/2017\/11\/DO-partners-logo.png\",\"width\":135,\"height\":100,\"caption\":\"DO PARTNERS\"},\"image\":{\"@id\":\"https:\/\/www.dopartners.be\/fr\/#\/schema\/logo\/image\/\"},\"sameAs\":[\"https:\/\/www.facebook.com\/DOPartnersXerox\",\"https:\/\/www.youtube.com\/@dopartners\",\"https:\/\/www.linkedin.com\/company\/d&amp;o-partners\/\"]}]}<\/script>\n<!-- \/ Yoast SEO plugin. -->","yoast_head_json":{"title":"VersaLink C8000 - Imprimante Couleur - Xerox - D&amp;O Partners","description":"L'imprimante multifonctions couleur Xerox\u00ae AltaLink\u00ae C8000 Series est un assistant de travail intelligent avec technologie ConnectKey\u00ae de Xerox\u00ae.","robots":{"index":"index","follow":"follow","max-snippet":"max-snippet:-1","max-image-preview":"max-image-preview:large","max-video-preview":"max-video-preview:-1"},"canonical":"https:\/\/www.dopartners.be\/fr\/produit\/xerox-altalink-c8000-series\/","og_locale":"fr_FR","og_type":"article","og_title":"VersaLink C8000 - Imprimante Couleur - Xerox - D&amp;O Partners","og_description":"L'imprimante multifonctions couleur Xerox\u00ae AltaLink\u00ae C8000 Series est un assistant de travail intelligent avec technologie ConnectKey\u00ae de Xerox\u00ae.","og_url":"https:\/\/www.dopartners.be\/fr\/produit\/xerox-altalink-c8000-series\/","og_site_name":"D&amp;O Partners","article_publisher":"https:\/\/www.facebook.com\/DOPartnersXerox","article_modified_time":"2025-09-22T12:23:59+00:00","og_image":[{"width":1200,"height":1444,"url":"https:\/\/www.dopartners.be\/wp-content\/uploads\/2017\/12\/dopartners-xerox-versalink-c8000-color-printer.webp","type":"image\/webp"}],"twitter_card":"summary_large_image","twitter_misc":{"Dur\u00e9e de lecture est.":"1 minute"},"schema":{"@context":"https:\/\/schema.org","@graph":[{"@type":"WebPage","@id":"https:\/\/www.dopartners.be\/fr\/produit\/xerox-altalink-c8000-series\/","url":"https:\/\/www.dopartners.be\/fr\/produit\/xerox-altalink-c8000-series\/","name":"VersaLink C8000 - Imprimante Couleur - Xerox - D&amp;O Partners","isPartOf":{"@id":"https:\/\/www.dopartners.be\/fr\/#website"},"primaryImageOfPage":{"@id":"https:\/\/www.dopartners.be\/fr\/produit\/xerox-altalink-c8000-series\/#primaryimage"},"image":{"@id":"https:\/\/www.dopartners.be\/fr\/produit\/xerox-altalink-c8000-series\/#primaryimage"},"thumbnailUrl":"https:\/\/www.dopartners.be\/wp-content\/uploads\/2017\/12\/dopartners-xerox-versalink-c8000-color-printer.webp","datePublished":"2017-12-05T07:33:09+00:00","dateModified":"2025-09-22T12:23:59+00:00","description":"L'imprimante multifonctions couleur Xerox\u00ae AltaLink\u00ae C8000 Series est un assistant de travail intelligent avec technologie ConnectKey\u00ae de Xerox\u00ae.","breadcrumb":{"@id":"https:\/\/www.dopartners.be\/fr\/produit\/xerox-altalink-c8000-series\/#breadcrumb"},"inLanguage":"fr-BE","potentialAction":[{"@type":"ReadAction","target":["https:\/\/www.dopartners.be\/fr\/produit\/xerox-altalink-c8000-series\/"]}]},{"@type":"ImageObject","inLanguage":"fr-BE","@id":"https:\/\/www.dopartners.be\/fr\/produit\/xerox-altalink-c8000-series\/#primaryimage","url":"https:\/\/www.dopartners.be\/wp-content\/uploads\/2017\/12\/dopartners-xerox-versalink-c8000-color-printer.webp","contentUrl":"https:\/\/www.dopartners.be\/wp-content\/uploads\/2017\/12\/dopartners-xerox-versalink-c8000-color-printer.webp","width":1200,"height":1444,"caption":"Imprimante couleur haut de gamme Xerox VersaLink C8000W avec \u00e9cran tactile interactif, Ce mod\u00e8le, \u00e9quip\u00e9 d'un toner d'encre blanche, illustre l'engagement de Xerox D&O Partners \u00e0 fournir des solutions d'impression innovantes et efficaces."},{"@type":"BreadcrumbList","@id":"https:\/\/www.dopartners.be\/fr\/produit\/xerox-altalink-c8000-series\/#breadcrumb","itemListElement":[{"@type":"ListItem","position":1,"name":"Home","item":"https:\/\/www.dopartners.be\/fr\/"},{"@type":"ListItem","position":2,"name":"Boutique","item":"https:\/\/www.dopartners.be\/fr\/shop\/"},{"@type":"ListItem","position":3,"name":"VersaLink C8000 &#8211; Imprimante Couleur &#8211; Xerox"}]},{"@type":"WebSite","@id":"https:\/\/www.dopartners.be\/fr\/#website","url":"https:\/\/www.dopartners.be\/fr\/","name":"D&amp;O Partners","description":"Concessionnaire Xerox autoris\u00e9 \u00e0 Bruxelles","publisher":{"@id":"https:\/\/www.dopartners.be\/fr\/#organization"},"alternateName":"DO Partners","potentialAction":[{"@type":"SearchAction","target":{"@type":"EntryPoint","urlTemplate":"https:\/\/www.dopartners.be\/fr\/?s={search_term_string}"},"query-input":{"@type":"PropertyValueSpecification","valueRequired":true,"valueName":"search_term_string"}}],"inLanguage":"fr-BE"},{"@type":"Organization","@id":"https:\/\/www.dopartners.be\/fr\/#organization","name":"DO PARTNERS","url":"https:\/\/www.dopartners.be\/fr\/","logo":{"@type":"ImageObject","inLanguage":"fr-BE","@id":"https:\/\/www.dopartners.be\/fr\/#\/schema\/logo\/image\/","url":"https:\/\/www.dopartners.be\/wp-content\/uploads\/2017\/11\/DO-partners-logo.png","contentUrl":"https:\/\/www.dopartners.be\/wp-content\/uploads\/2017\/11\/DO-partners-logo.png","width":135,"height":100,"caption":"DO PARTNERS"},"image":{"@id":"https:\/\/www.dopartners.be\/fr\/#\/schema\/logo\/image\/"},"sameAs":["https:\/\/www.facebook.com\/DOPartnersXerox","https:\/\/www.youtube.com\/@dopartners","https:\/\/www.linkedin.com\/company\/d&amp;o-partners\/"]}]}},"_links":{"self":[{"href":"https:\/\/www.dopartners.be\/fr\/wp-json\/wp\/v2\/product\/2291","targetHints":{"allow":["GET"]}}],"collection":[{"href":"https:\/\/www.dopartners.be\/fr\/wp-json\/wp\/v2\/product"}],"about":[{"href":"https:\/\/www.dopartners.be\/fr\/wp-json\/wp\/v2\/types\/product"}],"wp:featuredmedia":[{"embeddable":true,"href":"https:\/\/www.dopartners.be\/fr\/wp-json\/wp\/v2\/media\/11418"}],"wp:attachment":[{"href":"https:\/\/www.dopartners.be\/fr\/wp-json\/wp\/v2\/media?parent=2291"}],"wp:term":[{"taxonomy":"product_brand","embeddable":true,"href":"https:\/\/www.dopartners.be\/fr\/wp-json\/wp\/v2\/product_brand?post=2291"},{"taxonomy":"product_cat","embeddable":true,"href":"https:\/\/www.dopartners.be\/fr\/wp-json\/wp\/v2\/product_cat?post=2291"},{"taxonomy":"product_tag","embeddable":true,"href":"https:\/\/www.dopartners.be\/fr\/wp-json\/wp\/v2\/product_tag?post=2291"}],"curies":[{"name":"wp","href":"https:\/\/api.w.org\/{rel}","templated":true}]}}