{"id":3995,"date":"2020-07-11T10:39:24","date_gmt":"2020-07-11T08:39:24","guid":{"rendered":"https:\/\/www.dopartners.be\/?post_type=product&#038;p=3995"},"modified":"2025-09-22T15:14:49","modified_gmt":"2025-09-22T13:14:49","slug":"serie-altalink-c8100","status":"publish","type":"product","link":"https:\/\/www.dopartners.be\/fr\/produit\/serie-altalink-c8100\/","title":{"rendered":"S\u00e9rie AltaLink C8100 &#8211; Imprimantes Multifonctions Couleur &#8211; Xerox"},"content":{"rendered":"<div class=\"wpb-content-wrapper\"><p>[vc_row content_placement=&#8221;top&#8221;][vc_column][vc_tta_accordion style=&#8221;flat&#8221; color=&#8221;white&#8221; c_position=&#8221;right&#8221; active_section=&#8221;&#8221; collapsible_all=&#8221;true&#8221;][vc_tta_section title=&#8221;C8130&#8243; tab_id=&#8221;C8130&#8243;][vc_column_text text_larger=&#8221;no&#8221;]<\/p>\n<table class=\"shop_attributes\">\n<tbody>\n<tr>\n<th>Vitesse d&#8217;impression<\/th>\n<td>Couleur: jusqu&#8217;\u00e0 30 ppm<br \/>\nNoir: jusqu&#8217;\u00e0 30 ppm<\/td>\n<\/tr>\n<tr>\n<th>Volume mensuel maximum<\/th>\n<td>Jusqu&#8217;\u00e0\u00a090.000\u00a0images\/mois<\/td>\n<\/tr>\n<tr>\n<th>R\u00e9solution d&#8217;impression maximale<\/th>\n<td>1200 x 2400 ppp<\/td>\n<\/tr>\n<\/tbody>\n<\/table>\n<p>[\/vc_column_text][\/vc_tta_section][vc_tta_section title=&#8221;C8135&#8243; tab_id=&#8221;1657529639339-82d5c546-bf0c&#8221;][vc_column_text text_larger=&#8221;no&#8221;]<\/p>\n<table class=\"shop_attributes\">\n<tbody>\n<tr>\n<th>Vitesse d&#8217;impression<\/th>\n<td>Couleur: jusqu&#8217;\u00e0 35 ppm<br \/>\nNoir: jusqu&#8217;\u00e0 35 ppm<\/td>\n<\/tr>\n<tr>\n<th>Volume mensuel maximum<\/th>\n<td>Jusqu&#8217;\u00e0\u00a0110.000\u00a0images\/mois<\/td>\n<\/tr>\n<tr>\n<th>R\u00e9solution d&#8217;impression maximale<\/th>\n<td>1200 x 2400 ppp<\/td>\n<\/tr>\n<\/tbody>\n<\/table>\n<p>[\/vc_column_text][\/vc_tta_section][vc_tta_section title=&#8221;C8145&#8243; tab_id=&#8221;1657529638571-b0500ad1-235e&#8221;][vc_column_text text_larger=&#8221;no&#8221;]<\/p>\n<table class=\"shop_attributes\">\n<tbody>\n<tr>\n<th>Vitesse d&#8217;impression<\/th>\n<td>Couleur: jusqu&#8217;\u00e0 45 ppm<br \/>\nNoir: jusqu&#8217;\u00e0 45 ppm<\/td>\n<\/tr>\n<tr>\n<th>Volume mensuel maximum<\/th>\n<td>Jusqu&#8217;\u00e0\u00a0200.000\u00a0images\/mois<\/td>\n<\/tr>\n<tr>\n<th>R\u00e9solution d&#8217;impression maximale<\/th>\n<td>1200 x 2400 ppp<\/td>\n<\/tr>\n<\/tbody>\n<\/table>\n<p>[\/vc_column_text][\/vc_tta_section][vc_tta_section title=&#8221;C8155&#8243; tab_id=&#8221;1657529637108-5603fbfc-9965&#8243;][vc_column_text text_larger=&#8221;no&#8221;]<\/p>\n<table class=\"shop_attributes\">\n<tbody>\n<tr>\n<th>Vitesse d&#8217;impression<\/th>\n<td>Couleur: jusqu&#8217;\u00e0 55 ppm<br \/>\nNoir: jusqu&#8217;\u00e0 55 ppm<\/td>\n<\/tr>\n<tr>\n<th>Volume mensuel maximum<\/th>\n<td>Jusqu&#8217;\u00e0\u00a0300.000\u00a0images\/mois<\/td>\n<\/tr>\n<tr>\n<th>R\u00e9solution d&#8217;impression maximale<\/th>\n<td>1200 x 2400 ppp<\/td>\n<\/tr>\n<\/tbody>\n<\/table>\n<p>[\/vc_column_text][\/vc_tta_section][vc_tta_section title=&#8221;C8170&#8243; tab_id=&#8221;1657529634293-4d730b7b-9680&#8243;][vc_column_text text_larger=&#8221;no&#8221;]<\/p>\n<table class=\"shop_attributes\">\n<tbody>\n<tr>\n<th>Vitesse d&#8217;impression<\/th>\n<td>Couleur: jusqu&#8217;\u00e0 70 ppm<br \/>\nNoir: jusqu&#8217;\u00e0 70 ppm<\/td>\n<\/tr>\n<tr>\n<th>Volume mensuel maximum<\/th>\n<td>Jusqu&#8217;\u00e0\u00a090.000\u00a0images\/mois\u00a0\u24d8<\/td>\n<\/tr>\n<tr>\n<th>R\u00e9solution d&#8217;impression maximale<\/th>\n<td>1200 x 2400 ppp<\/td>\n<\/tr>\n<\/tbody>\n<\/table>\n<p>[\/vc_column_text][\/vc_tta_section][\/vc_tta_accordion][\/vc_column][\/vc_row]<\/p>\n<\/div>","protected":false},"excerpt":{"rendered":"<p>[vc_row content_placement=&#8221;top&#8221;][vc_column][vc_btn title=&#8221;T\u00e9l\u00e9charger la brochure&#8221; style=&#8221;flat&#8221; shape=&#8221;square&#8221; align=&#8221;left&#8221; i_icon_fontawesome=&#8221;fa fa-file-pdf-o&#8221; add_icon=&#8221;true&#8221; link=&#8221;url:\/wp-content\/uploads\/2024\/05\/brochure-altalink-c81xx-imprimante-multifonction-xerox-belgique.pdf||target:%20_blank|&#8221;][vc_column_text]<\/p>\n<p>L\u2019assistant de travail num\u00e9rique id\u00e9al pour les \u00e9quipes exigeantes.<\/p>\n<ul>\n<li>Imprimante multifonctions couleur avec prise en charge du format Tablo\u00efde<\/li>\n<li>Fonctionnalit\u00e9s de copie, impression, num\u00e9risation, t\u00e9l\u00e9copie et e-mail<\/li>\n<li>Interface utilisateur intuitive de type tablette permettant de personnaliser, de simplifier et d\u2019acc\u00e9l\u00e9rer les t\u00e2ches r\u00e9p\u00e9titives<\/li>\n<li>Fonctions de mobilit\u00e9 natives pour simplifier la connexion et l\u2019impression sur n\u2019importe quel p\u00e9riph\u00e9rique<\/li>\n<li>Des applications et des solutions qui font le lien entre le monde physique et le monde num\u00e9rique, adapt\u00e9es \u00e0 tous les secteurs d\u2019activit\u00e9<\/li>\n<li>S\u00e9curit\u00e9 totale et int\u00e9gr\u00e9e<\/li>\n<li>Coh\u00e9rence et rendu des couleurs de qualit\u00e9 sup\u00e9rieure pour les applications critiques<\/li>\n<\/ul>\n<p>D\u00e9couvrez la Xerox AltaLink C8000, une imprimante multifonctions couleur con\u00e7ue pour les \u00e9quipes de travail exigeantes et les environnements professionnels. Gr\u00e2ce \u00e0 la technologie ConnectKey\u00ae, cette imprimante offre une exp\u00e9rience utilisateur intuitive avec une interface de type tablette, simplifiant ainsi les t\u00e2ches quotidiennes et augmentant la productivit\u00e9.<\/p>\n<p>La Xerox AltaLink C8000 permet une impression de haute qualit\u00e9 avec une r\u00e9solution allant jusqu&#8217;\u00e0 1200 x 2400 ppp, garantissant des documents aux couleurs \u00e9clatantes et au texte net. Elle est \u00e9quip\u00e9e pour r\u00e9pondre aux besoins des entreprises modernes avec des fonctionnalit\u00e9s de mobilit\u00e9 avanc\u00e9es, permettant aux utilisateurs d&#8217;imprimer facilement depuis leurs appareils mobiles via des options telles que Xerox Print Service pour Android\u2122 et AirPrint\u2122.<\/p>\n<p>Cette imprimante se distingue par ses capacit\u00e9s de num\u00e9risation et d&#8217;automatisation avanc\u00e9es. Elle relie les mondes physique et num\u00e9rique en num\u00e9risant, acheminant et traitant les informations rapidement et efficacement. Les workflows peuvent \u00eatre automatis\u00e9s pour r\u00e9duire les erreurs et gagner du temps, avec la possibilit\u00e9 de traduire des documents, de convertir des fichiers audio et de transformer des notes manuscrites en texte num\u00e9rique.<\/p>\n<p>En mati\u00e8re de s\u00e9curit\u00e9, la Xerox AltaLink C8000 offre une protection compl\u00e8te contre les menaces, int\u00e9grant des fonctionnalit\u00e9s de s\u00e9curit\u00e9 avanc\u00e9es comme le Trusted Boot, la liste blanche Trellix et les int\u00e9grations avec Trellix ePO et Cisco ISE. Ces outils prot\u00e8gent non seulement l&#8217;appareil mais aussi le r\u00e9seau, assurant une s\u00e9curit\u00e9 maximale pour vos donn\u00e9es et documents sensibles.<\/p>\n<p>La flexibilit\u00e9 de la C8000 est renforc\u00e9e par une gamme d&#8217;options de finition et d&#8217;accessoires, permettant de personnaliser l&#8217;appareil selon les besoins sp\u00e9cifiques de votre entreprise. Vous pouvez configurer l&#8217;imprimante pour g\u00e9rer de gros travaux de documents avec des modules de finition avanc\u00e9s qui offrent des fonctions telles que le rainage, la pliure et l&#8217;agrafage.<\/p>\n<p>La haute performance, la s\u00e9curit\u00e9 robuste et la flexibilit\u00e9 de la Xerox AltaLink C8000 en font un assistant num\u00e9rique indispensable pour toute entreprise cherchant \u00e0 optimiser ses processus de travail et \u00e0 rester comp\u00e9titive. D\u00e9couvrez comment la Xerox AltaLink C8000 peut transformer votre environnement de travail.<\/p>\n","protected":false},"featured_media":11460,"template":"","meta":[],"product_brand":[],"product_cat":[20],"product_tag":[],"class_list":{"0":"post-3995","1":"product","2":"type-product","3":"status-publish","4":"has-post-thumbnail","6":"product_cat-multifonctions","8":"first","9":"instock","10":"shipping-taxable","11":"product-type-simple"},"yoast_head":"<!-- This site is optimized with the Yoast SEO plugin v25.9 - https:\/\/yoast.com\/wordpress\/plugins\/seo\/ -->\n<title>S\u00e9rie AltaLink C8100 - Imprimantes Multifonctions Couleur - Xerox - D&amp;O Partners<\/title>\n<meta name=\"description\" content=\"L&#039;imprimante multifonctions Xerox VersaLink B605\/B615 garantit une impression rapide, qualit\u00e9 sup\u00e9rieure et fiabilit\u00e9 \u00e0 long terme dans un appareil compact.\" \/>\n<meta name=\"robots\" content=\"index, follow, max-snippet:-1, max-image-preview:large, max-video-preview:-1\" \/>\n<link rel=\"canonical\" href=\"https:\/\/www.dopartners.be\/fr\/produit\/serie-altalink-c8100\/\" \/>\n<meta property=\"og:locale\" content=\"fr_FR\" \/>\n<meta property=\"og:type\" content=\"article\" \/>\n<meta property=\"og:title\" content=\"S\u00e9rie AltaLink C8100 - Imprimantes Multifonctions Couleur - Xerox - D&amp;O Partners\" \/>\n<meta property=\"og:description\" content=\"L&#039;imprimante multifonctions Xerox VersaLink B605\/B615 garantit une impression rapide, qualit\u00e9 sup\u00e9rieure et fiabilit\u00e9 \u00e0 long terme dans un appareil compact.\" \/>\n<meta property=\"og:url\" content=\"https:\/\/www.dopartners.be\/fr\/produit\/serie-altalink-c8100\/\" \/>\n<meta property=\"og:site_name\" content=\"D&amp;O Partners\" \/>\n<meta property=\"article:publisher\" content=\"https:\/\/www.facebook.com\/DOPartnersXerox\" \/>\n<meta property=\"article:modified_time\" content=\"2025-09-22T13:14:49+00:00\" \/>\n<meta property=\"og:image\" content=\"https:\/\/www.dopartners.be\/wp-content\/uploads\/2020\/07\/altalink-c81xx-colour-multifunction-printer-serie-xerox-belgium.webp\" \/>\n\t<meta property=\"og:image:width\" content=\"629\" \/>\n\t<meta property=\"og:image:height\" content=\"433\" \/>\n\t<meta property=\"og:image:type\" content=\"image\/webp\" \/>\n<meta name=\"twitter:card\" content=\"summary_large_image\" \/>\n<meta name=\"twitter:label1\" content=\"Dur\u00e9e de lecture est.\" \/>\n\t<meta name=\"twitter:data1\" content=\"1 minute\" \/>\n<script type=\"application\/ld+json\" class=\"yoast-schema-graph\">{\"@context\":\"https:\/\/schema.org\",\"@graph\":[{\"@type\":\"WebPage\",\"@id\":\"https:\/\/www.dopartners.be\/fr\/produit\/serie-altalink-c8100\/\",\"url\":\"https:\/\/www.dopartners.be\/fr\/produit\/serie-altalink-c8100\/\",\"name\":\"S\u00e9rie AltaLink C8100 - Imprimantes Multifonctions Couleur - Xerox - D&amp;O Partners\",\"isPartOf\":{\"@id\":\"https:\/\/www.dopartners.be\/fr\/#website\"},\"primaryImageOfPage\":{\"@id\":\"https:\/\/www.dopartners.be\/fr\/produit\/serie-altalink-c8100\/#primaryimage\"},\"image\":{\"@id\":\"https:\/\/www.dopartners.be\/fr\/produit\/serie-altalink-c8100\/#primaryimage\"},\"thumbnailUrl\":\"https:\/\/www.dopartners.be\/wp-content\/uploads\/2020\/07\/altalink-c81xx-colour-multifunction-printer-serie-xerox-belgium.webp\",\"datePublished\":\"2020-07-11T08:39:24+00:00\",\"dateModified\":\"2025-09-22T13:14:49+00:00\",\"description\":\"L'imprimante multifonctions Xerox VersaLink B605\/B615 garantit une impression rapide, qualit\u00e9 sup\u00e9rieure et fiabilit\u00e9 \u00e0 long terme dans un appareil compact.\",\"breadcrumb\":{\"@id\":\"https:\/\/www.dopartners.be\/fr\/produit\/serie-altalink-c8100\/#breadcrumb\"},\"inLanguage\":\"fr-BE\",\"potentialAction\":[{\"@type\":\"ReadAction\",\"target\":[\"https:\/\/www.dopartners.be\/fr\/produit\/serie-altalink-c8100\/\"]}]},{\"@type\":\"ImageObject\",\"inLanguage\":\"fr-BE\",\"@id\":\"https:\/\/www.dopartners.be\/fr\/produit\/serie-altalink-c8100\/#primaryimage\",\"url\":\"https:\/\/www.dopartners.be\/wp-content\/uploads\/2020\/07\/altalink-c81xx-colour-multifunction-printer-serie-xerox-belgium.webp\",\"contentUrl\":\"https:\/\/www.dopartners.be\/wp-content\/uploads\/2020\/07\/altalink-c81xx-colour-multifunction-printer-serie-xerox-belgium.webp\",\"width\":629,\"height\":433,\"caption\":\"Imprimante multifonction couleur s\u00e9rie AltaLink C8100 de Xerox \u00e9quip\u00e9e d'une unit\u00e9 de finition et d'un bac \u00e0 papier haute capacit\u00e9, con\u00e7ue pour r\u00e9pondre aux besoins complexes d'impression, de copie et de num\u00e9risation dans un environnement professionnel, propos\u00e9e par Xerox D&O Partners.\"},{\"@type\":\"BreadcrumbList\",\"@id\":\"https:\/\/www.dopartners.be\/fr\/produit\/serie-altalink-c8100\/#breadcrumb\",\"itemListElement\":[{\"@type\":\"ListItem\",\"position\":1,\"name\":\"Home\",\"item\":\"https:\/\/www.dopartners.be\/fr\/\"},{\"@type\":\"ListItem\",\"position\":2,\"name\":\"Boutique\",\"item\":\"https:\/\/www.dopartners.be\/fr\/shop\/\"},{\"@type\":\"ListItem\",\"position\":3,\"name\":\"S\u00e9rie AltaLink C8100 &#8211; Imprimantes Multifonctions Couleur &#8211; Xerox\"}]},{\"@type\":\"WebSite\",\"@id\":\"https:\/\/www.dopartners.be\/fr\/#website\",\"url\":\"https:\/\/www.dopartners.be\/fr\/\",\"name\":\"D&amp;O Partners\",\"description\":\"Concessionnaire Xerox autoris\u00e9 \u00e0 Bruxelles\",\"publisher\":{\"@id\":\"https:\/\/www.dopartners.be\/fr\/#organization\"},\"alternateName\":\"DO Partners\",\"potentialAction\":[{\"@type\":\"SearchAction\",\"target\":{\"@type\":\"EntryPoint\",\"urlTemplate\":\"https:\/\/www.dopartners.be\/fr\/?s={search_term_string}\"},\"query-input\":{\"@type\":\"PropertyValueSpecification\",\"valueRequired\":true,\"valueName\":\"search_term_string\"}}],\"inLanguage\":\"fr-BE\"},{\"@type\":\"Organization\",\"@id\":\"https:\/\/www.dopartners.be\/fr\/#organization\",\"name\":\"DO PARTNERS\",\"url\":\"https:\/\/www.dopartners.be\/fr\/\",\"logo\":{\"@type\":\"ImageObject\",\"inLanguage\":\"fr-BE\",\"@id\":\"https:\/\/www.dopartners.be\/fr\/#\/schema\/logo\/image\/\",\"url\":\"https:\/\/www.dopartners.be\/wp-content\/uploads\/2017\/11\/DO-partners-logo.png\",\"contentUrl\":\"https:\/\/www.dopartners.be\/wp-content\/uploads\/2017\/11\/DO-partners-logo.png\",\"width\":135,\"height\":100,\"caption\":\"DO PARTNERS\"},\"image\":{\"@id\":\"https:\/\/www.dopartners.be\/fr\/#\/schema\/logo\/image\/\"},\"sameAs\":[\"https:\/\/www.facebook.com\/DOPartnersXerox\",\"https:\/\/www.youtube.com\/@dopartners\",\"https:\/\/www.linkedin.com\/company\/d&amp;o-partners\/\"]}]}<\/script>\n<!-- \/ Yoast SEO plugin. -->","yoast_head_json":{"title":"S\u00e9rie AltaLink C8100 - Imprimantes Multifonctions Couleur - Xerox - D&amp;O Partners","description":"L'imprimante multifonctions Xerox VersaLink B605\/B615 garantit une impression rapide, qualit\u00e9 sup\u00e9rieure et fiabilit\u00e9 \u00e0 long terme dans un appareil compact.","robots":{"index":"index","follow":"follow","max-snippet":"max-snippet:-1","max-image-preview":"max-image-preview:large","max-video-preview":"max-video-preview:-1"},"canonical":"https:\/\/www.dopartners.be\/fr\/produit\/serie-altalink-c8100\/","og_locale":"fr_FR","og_type":"article","og_title":"S\u00e9rie AltaLink C8100 - Imprimantes Multifonctions Couleur - Xerox - D&amp;O Partners","og_description":"L'imprimante multifonctions Xerox VersaLink B605\/B615 garantit une impression rapide, qualit\u00e9 sup\u00e9rieure et fiabilit\u00e9 \u00e0 long terme dans un appareil compact.","og_url":"https:\/\/www.dopartners.be\/fr\/produit\/serie-altalink-c8100\/","og_site_name":"D&amp;O Partners","article_publisher":"https:\/\/www.facebook.com\/DOPartnersXerox","article_modified_time":"2025-09-22T13:14:49+00:00","og_image":[{"width":629,"height":433,"url":"https:\/\/www.dopartners.be\/wp-content\/uploads\/2020\/07\/altalink-c81xx-colour-multifunction-printer-serie-xerox-belgium.webp","type":"image\/webp"}],"twitter_card":"summary_large_image","twitter_misc":{"Dur\u00e9e de lecture est.":"1 minute"},"schema":{"@context":"https:\/\/schema.org","@graph":[{"@type":"WebPage","@id":"https:\/\/www.dopartners.be\/fr\/produit\/serie-altalink-c8100\/","url":"https:\/\/www.dopartners.be\/fr\/produit\/serie-altalink-c8100\/","name":"S\u00e9rie AltaLink C8100 - Imprimantes Multifonctions Couleur - Xerox - D&amp;O Partners","isPartOf":{"@id":"https:\/\/www.dopartners.be\/fr\/#website"},"primaryImageOfPage":{"@id":"https:\/\/www.dopartners.be\/fr\/produit\/serie-altalink-c8100\/#primaryimage"},"image":{"@id":"https:\/\/www.dopartners.be\/fr\/produit\/serie-altalink-c8100\/#primaryimage"},"thumbnailUrl":"https:\/\/www.dopartners.be\/wp-content\/uploads\/2020\/07\/altalink-c81xx-colour-multifunction-printer-serie-xerox-belgium.webp","datePublished":"2020-07-11T08:39:24+00:00","dateModified":"2025-09-22T13:14:49+00:00","description":"L'imprimante multifonctions Xerox VersaLink B605\/B615 garantit une impression rapide, qualit\u00e9 sup\u00e9rieure et fiabilit\u00e9 \u00e0 long terme dans un appareil compact.","breadcrumb":{"@id":"https:\/\/www.dopartners.be\/fr\/produit\/serie-altalink-c8100\/#breadcrumb"},"inLanguage":"fr-BE","potentialAction":[{"@type":"ReadAction","target":["https:\/\/www.dopartners.be\/fr\/produit\/serie-altalink-c8100\/"]}]},{"@type":"ImageObject","inLanguage":"fr-BE","@id":"https:\/\/www.dopartners.be\/fr\/produit\/serie-altalink-c8100\/#primaryimage","url":"https:\/\/www.dopartners.be\/wp-content\/uploads\/2020\/07\/altalink-c81xx-colour-multifunction-printer-serie-xerox-belgium.webp","contentUrl":"https:\/\/www.dopartners.be\/wp-content\/uploads\/2020\/07\/altalink-c81xx-colour-multifunction-printer-serie-xerox-belgium.webp","width":629,"height":433,"caption":"Imprimante multifonction couleur s\u00e9rie AltaLink C8100 de Xerox \u00e9quip\u00e9e d'une unit\u00e9 de finition et d'un bac \u00e0 papier haute capacit\u00e9, con\u00e7ue pour r\u00e9pondre aux besoins complexes d'impression, de copie et de num\u00e9risation dans un environnement professionnel, propos\u00e9e par Xerox D&O Partners."},{"@type":"BreadcrumbList","@id":"https:\/\/www.dopartners.be\/fr\/produit\/serie-altalink-c8100\/#breadcrumb","itemListElement":[{"@type":"ListItem","position":1,"name":"Home","item":"https:\/\/www.dopartners.be\/fr\/"},{"@type":"ListItem","position":2,"name":"Boutique","item":"https:\/\/www.dopartners.be\/fr\/shop\/"},{"@type":"ListItem","position":3,"name":"S\u00e9rie AltaLink C8100 &#8211; Imprimantes Multifonctions Couleur &#8211; Xerox"}]},{"@type":"WebSite","@id":"https:\/\/www.dopartners.be\/fr\/#website","url":"https:\/\/www.dopartners.be\/fr\/","name":"D&amp;O Partners","description":"Concessionnaire Xerox autoris\u00e9 \u00e0 Bruxelles","publisher":{"@id":"https:\/\/www.dopartners.be\/fr\/#organization"},"alternateName":"DO Partners","potentialAction":[{"@type":"SearchAction","target":{"@type":"EntryPoint","urlTemplate":"https:\/\/www.dopartners.be\/fr\/?s={search_term_string}"},"query-input":{"@type":"PropertyValueSpecification","valueRequired":true,"valueName":"search_term_string"}}],"inLanguage":"fr-BE"},{"@type":"Organization","@id":"https:\/\/www.dopartners.be\/fr\/#organization","name":"DO PARTNERS","url":"https:\/\/www.dopartners.be\/fr\/","logo":{"@type":"ImageObject","inLanguage":"fr-BE","@id":"https:\/\/www.dopartners.be\/fr\/#\/schema\/logo\/image\/","url":"https:\/\/www.dopartners.be\/wp-content\/uploads\/2017\/11\/DO-partners-logo.png","contentUrl":"https:\/\/www.dopartners.be\/wp-content\/uploads\/2017\/11\/DO-partners-logo.png","width":135,"height":100,"caption":"DO PARTNERS"},"image":{"@id":"https:\/\/www.dopartners.be\/fr\/#\/schema\/logo\/image\/"},"sameAs":["https:\/\/www.facebook.com\/DOPartnersXerox","https:\/\/www.youtube.com\/@dopartners","https:\/\/www.linkedin.com\/company\/d&amp;o-partners\/"]}]}},"_links":{"self":[{"href":"https:\/\/www.dopartners.be\/fr\/wp-json\/wp\/v2\/product\/3995","targetHints":{"allow":["GET"]}}],"collection":[{"href":"https:\/\/www.dopartners.be\/fr\/wp-json\/wp\/v2\/product"}],"about":[{"href":"https:\/\/www.dopartners.be\/fr\/wp-json\/wp\/v2\/types\/product"}],"wp:featuredmedia":[{"embeddable":true,"href":"https:\/\/www.dopartners.be\/fr\/wp-json\/wp\/v2\/media\/11460"}],"wp:attachment":[{"href":"https:\/\/www.dopartners.be\/fr\/wp-json\/wp\/v2\/media?parent=3995"}],"wp:term":[{"taxonomy":"product_brand","embeddable":true,"href":"https:\/\/www.dopartners.be\/fr\/wp-json\/wp\/v2\/product_brand?post=3995"},{"taxonomy":"product_cat","embeddable":true,"href":"https:\/\/www.dopartners.be\/fr\/wp-json\/wp\/v2\/product_cat?post=3995"},{"taxonomy":"product_tag","embeddable":true,"href":"https:\/\/www.dopartners.be\/fr\/wp-json\/wp\/v2\/product_tag?post=3995"}],"curies":[{"name":"wp","href":"https:\/\/api.w.org\/{rel}","templated":true}]}}