{"id":4973,"date":"2023-01-24T12:13:57","date_gmt":"2023-01-24T11:13:57","guid":{"rendered":"https:\/\/www.dopartners.be\/?post_type=product&#038;p=4973"},"modified":"2025-09-22T15:07:06","modified_gmt":"2025-09-22T13:07:06","slug":"imprimante-xerox-b230","status":"publish","type":"product","link":"https:\/\/www.dopartners.be\/fr\/produit\/imprimante-xerox-b230\/","title":{"rendered":"Xerox\u00aeB230 &#8211; Imprimante Monochrome &#8211; Xerox"},"content":{"rendered":"<div class=\"wpb-content-wrapper\"><p>[vc_row content_placement=&#8221;top&#8221;][vc_column][vc_column_text woodmart_inline=&#8221;no&#8221; text_larger=&#8221;no&#8221;]<\/p>\n<table class=\"shop_attributes\">\n<tbody>\n<tr>\n<th>Mod\u00e8le<\/th>\n<td>B230V\/DNI<\/td>\n<\/tr>\n<tr>\n<th>Fonctions standard<\/th>\n<td>Impression<\/td>\n<\/tr>\n<tr>\n<th>Vitesse d&#8217;impression<\/th>\n<td>Jusqu&#8217;\u00e0 34 ppm<\/td>\n<\/tr>\n<tr>\n<th>Volume d&#8217;impression mensuel recommand\u00e9<\/th>\n<td>Jusqu&#8217;\u00e0 2.500 pages<\/td>\n<\/tr>\n<tr>\n<th>Volume mensuel maximum<\/th>\n<td>Jusqu&#8217;\u00e0 30.000 images\/mois<\/td>\n<\/tr>\n<tr>\n<th>Connectivit\u00e9<\/th>\n<td>Ethernet 10\/100 BaseTX, USB 2.0 haute vitesse (Type B), Sans fil 802.11 b\/g\/n<\/td>\n<\/tr>\n<tr>\n<th>Sortie recto\/verso<\/th>\n<td>En standard<\/td>\n<\/tr>\n<tr>\n<th>D\u00e9veloppement Durable<\/th>\n<td>EPEAT<br \/>\nENERGY STAR\u00ae<br \/>\nGreen World Alliance<\/td>\n<\/tr>\n<\/tbody>\n<\/table>\n<p>[\/vc_column_text][\/vc_column][\/vc_row]<\/p>\n<\/div>","protected":false},"excerpt":{"rendered":"<p>[vc_row content_placement=&#8221;top&#8221;][vc_column][vc_btn title=&#8221;T\u00e9l\u00e9charger la brochure&#8221; style=&#8221;flat&#8221; shape=&#8221;square&#8221; align=&#8221;left&#8221; i_icon_fontawesome=&#8221;fa fa-file-pdf-o&#8221; add_icon=&#8221;true&#8221; link=&#8221;url:\/wp-content\/uploads\/2023\/09\/brochure-imprimante-monochrome-b230-b225-b235-xerox-belgique.pdf||target:%20_blank|&#8221;][vc_column_text]<\/p>\n<p>Imprimante compacte en noir et blanc pour les espaces de travail distants ou les bureaux \u00e0 domicile<\/p>\n<ul>\n<li>Id\u00e9ale pour les petites et moyennes entreprises et pour les bureaux \u00e0 domicile<\/li>\n<li>Installation simple avec l&#8217;installateur Smart Start<\/li>\n<li>Fiable et digne de confiance<\/li>\n<li>Compatibilit\u00e9 mobile : Apple AirPrint, Chromebook, Mopria, WI-FI et Wi-Fi Direct<\/li>\n<li>Fonctions de s\u00e9curit\u00e9 compl\u00e8tes<\/li>\n<\/ul>\n<p>D\u00e9couvrez les imprimantes Xerox\u00ae B230 et Xerox\u00ae B225\/B235, con\u00e7ues pour r\u00e9pondre aux besoins des petites entreprises et des bureaux \u00e0 domicile. Compactes, fiables et faciles \u00e0 configurer, elles s\u2019int\u00e8grent parfaitement dans les espaces restreints tout en offrant une exp\u00e9rience d\u2019impression simple, rapide et s\u00e9curis\u00e9e.<\/p>\n<p>Les imprimantes Xerox\u00ae B230 offrent une impression recto verso rapide \u00e0 36 ppm en noir et blanc, avec une qualit\u00e9 d\u2019image de 2400 ppp. Elles sont dot\u00e9es d\u2019une connectivit\u00e9 Wi-Fi standard, prenant en charge Apple AirPrint&#x2122;, Mopria\u00ae Print Service et Mopria\u00ae Scan, ainsi que Wi-Fi Direct\u00ae. La capacit\u00e9 papier est de 250 feuilles, avec une option d\u2019insertion manuelle.<\/p>\n<p>Les mod\u00e8les multifonctions Xerox\u00ae B225 et B235 ajoutent des fonctionnalit\u00e9s de copie et de num\u00e9risation. Le mod\u00e8le B235 est \u00e9galement \u00e9quip\u00e9 d\u2019un \u00e9cran couleur tactile de 2,8 pouces et de fonctions de t\u00e9l\u00e9copie. Ces appareils sont parfaits pour des t\u00e2ches vari\u00e9es allant de la num\u00e9risation vers e-mail et bureau \u00e0 l\u2019impression depuis des appareils mobiles gr\u00e2ce \u00e0 leur connectivit\u00e9 avanc\u00e9e.<\/p>\n<p>L\u2019installation est simplifi\u00e9e gr\u00e2ce \u00e0 l\u2019application Xerox\u00ae Easy Assist et au logiciel Xerox\u00ae Smart Start, permettant une configuration rapide et sans assistance informatique. Les imprimantes sont silencieuses et performantes, garantissant une productivit\u00e9 \u00e9lev\u00e9e avec un minimum d\u2019interruptions.<\/p>\n<p>La s\u00e9curit\u00e9 est une priorit\u00e9 avec des fonctionnalit\u00e9s avanc\u00e9es pour prot\u00e9ger vos donn\u00e9es sensibles. De plus, les co\u00fbts d\u2019exploitation sont r\u00e9duits gr\u00e2ce \u00e0 des cartouches de toner \u00e0 haut rendement et au programme de recyclage Green World Alliance, minimisant l\u2019impact environnemental.<\/p>\n<p>Optimisez votre flux de travail avec les imprimantes multifonctions Xerox\u00ae B225\/B235 et la plateforme Xerox\u00ae Workflow Central, offrant des capacit\u00e9s avanc\u00e9es comme la conversion de documents, la synth\u00e8se de textes longs et le masquage des informations sensibles.<\/p>\n","protected":false},"featured_media":11448,"template":"","meta":[],"product_brand":[],"product_cat":[19],"product_tag":[],"class_list":{"0":"post-4973","1":"product","2":"type-product","3":"status-publish","4":"has-post-thumbnail","6":"product_cat-imprimantes-bureau","8":"first","9":"instock","10":"shipping-taxable","11":"product-type-simple"},"yoast_head":"<!-- This site is optimized with the Yoast SEO plugin v25.9 - https:\/\/yoast.com\/wordpress\/plugins\/seo\/ -->\n<title>Xerox\u00aeB230 - Imprimante Monochrome - Xerox - D&amp;O Partners<\/title>\n<meta name=\"robots\" content=\"index, follow, max-snippet:-1, max-image-preview:large, max-video-preview:-1\" \/>\n<link rel=\"canonical\" href=\"https:\/\/www.dopartners.be\/fr\/produit\/imprimante-xerox-b230\/\" \/>\n<meta property=\"og:locale\" content=\"fr_FR\" \/>\n<meta property=\"og:type\" content=\"article\" \/>\n<meta property=\"og:title\" content=\"Xerox\u00aeB230 - Imprimante Monochrome - Xerox - D&amp;O Partners\" \/>\n<meta property=\"og:description\" content=\"[vc_row content_placement=&quot;top&quot;][vc_column][vc_btn title=&quot;T\u00e9l\u00e9charger la brochure&quot; style=&quot;flat&quot; shape=&quot;square&quot; align=&quot;left&quot; i_icon_fontawesome=&quot;fa fa-file-pdf-o&quot; add_icon=&quot;true&quot; link=&quot;url:\/wp-content\/uploads\/2023\/09\/brochure-imprimante-monochrome-b230-b225-b235-xerox-belgique.pdf||target:%20_blank|&quot;][vc_column_text]  Imprimante compacte en noir et blanc pour les espaces de travail distants ou les bureaux \u00e0 domicile   Id\u00e9ale pour les petites et moyennes entreprises et pour les bureaux \u00e0 domicile  Installation simple avec l&#039;installateur Smart Start  Fiable et digne de confiance  Compatibilit\u00e9 mobile : Apple AirPrint, Chromebook, Mopria, WI-FI et Wi-Fi Direct  Fonctions de s\u00e9curit\u00e9 compl\u00e8tes  D\u00e9couvrez les imprimantes Xerox\u00ae B230 et Xerox\u00ae B225\/B235, con\u00e7ues pour r\u00e9pondre aux besoins des petites entreprises et des bureaux \u00e0 domicile. Compactes, fiables et faciles \u00e0 configurer, elles s\u2019int\u00e8grent parfaitement dans les espaces restreints tout en offrant une exp\u00e9rience d\u2019impression simple, rapide et s\u00e9curis\u00e9e.  Les imprimantes Xerox\u00ae B230 offrent une impression recto verso rapide \u00e0 36 ppm en noir et blanc, avec une qualit\u00e9 d\u2019image de 2400 ppp. Elles sont dot\u00e9es d\u2019une connectivit\u00e9 Wi-Fi standard, prenant en charge Apple AirPrint&#x2122;, Mopria\u00ae Print Service et Mopria\u00ae Scan, ainsi que Wi-Fi Direct\u00ae. La capacit\u00e9 papier est de 250 feuilles, avec une option d\u2019insertion manuelle.  Les mod\u00e8les multifonctions Xerox\u00ae B225 et B235 ajoutent des fonctionnalit\u00e9s de copie et de num\u00e9risation. Le mod\u00e8le B235 est \u00e9galement \u00e9quip\u00e9 d\u2019un \u00e9cran couleur tactile de 2,8 pouces et de fonctions de t\u00e9l\u00e9copie. Ces appareils sont parfaits pour des t\u00e2ches vari\u00e9es allant de la num\u00e9risation vers e-mail et bureau \u00e0 l\u2019impression depuis des appareils mobiles gr\u00e2ce \u00e0 leur connectivit\u00e9 avanc\u00e9e.  L\u2019installation est simplifi\u00e9e gr\u00e2ce \u00e0 l\u2019application Xerox\u00ae Easy Assist et au logiciel Xerox\u00ae Smart Start, permettant une configuration rapide et sans assistance informatique. Les imprimantes sont silencieuses et performantes, garantissant une productivit\u00e9 \u00e9lev\u00e9e avec un minimum d\u2019interruptions.  La s\u00e9curit\u00e9 est une priorit\u00e9 avec des fonctionnalit\u00e9s avanc\u00e9es pour prot\u00e9ger vos donn\u00e9es sensibles. De plus, les co\u00fbts d\u2019exploitation sont r\u00e9duits gr\u00e2ce \u00e0 des cartouches de toner \u00e0 haut rendement et au programme de recyclage Green World Alliance, minimisant l\u2019impact environnemental.  Optimisez votre flux de travail avec les imprimantes multifonctions Xerox\u00ae B225\/B235 et la plateforme Xerox\u00ae Workflow Central, offrant des capacit\u00e9s avanc\u00e9es comme la conversion de documents, la synth\u00e8se de textes longs et le masquage des informations sensibles.\" \/>\n<meta property=\"og:url\" content=\"https:\/\/www.dopartners.be\/fr\/produit\/imprimante-xerox-b230\/\" \/>\n<meta property=\"og:site_name\" content=\"D&amp;O Partners\" \/>\n<meta property=\"article:publisher\" content=\"https:\/\/www.facebook.com\/DOPartnersXerox\" \/>\n<meta property=\"article:modified_time\" content=\"2025-09-22T13:07:06+00:00\" \/>\n<meta property=\"og:image\" content=\"https:\/\/www.dopartners.be\/wp-content\/uploads\/2023\/01\/b230-multifunctionele-kleurenprinter-xerox-belgie-1.webp\" \/>\n\t<meta property=\"og:image:width\" content=\"1200\" \/>\n\t<meta property=\"og:image:height\" content=\"1144\" \/>\n\t<meta property=\"og:image:type\" content=\"image\/webp\" \/>\n<meta name=\"twitter:card\" content=\"summary_large_image\" \/>\n<meta name=\"twitter:label1\" content=\"Dur\u00e9e de lecture est.\" \/>\n\t<meta name=\"twitter:data1\" content=\"1 minute\" \/>\n<script type=\"application\/ld+json\" class=\"yoast-schema-graph\">{\"@context\":\"https:\/\/schema.org\",\"@graph\":[{\"@type\":\"WebPage\",\"@id\":\"https:\/\/www.dopartners.be\/fr\/produit\/imprimante-xerox-b230\/\",\"url\":\"https:\/\/www.dopartners.be\/fr\/produit\/imprimante-xerox-b230\/\",\"name\":\"Xerox\u00aeB230 - Imprimante Monochrome - Xerox - D&amp;O Partners\",\"isPartOf\":{\"@id\":\"https:\/\/www.dopartners.be\/fr\/#website\"},\"primaryImageOfPage\":{\"@id\":\"https:\/\/www.dopartners.be\/fr\/produit\/imprimante-xerox-b230\/#primaryimage\"},\"image\":{\"@id\":\"https:\/\/www.dopartners.be\/fr\/produit\/imprimante-xerox-b230\/#primaryimage\"},\"thumbnailUrl\":\"https:\/\/www.dopartners.be\/wp-content\/uploads\/2023\/01\/b230-multifunctionele-kleurenprinter-xerox-belgie-1.webp\",\"datePublished\":\"2023-01-24T11:13:57+00:00\",\"dateModified\":\"2025-09-22T13:07:06+00:00\",\"breadcrumb\":{\"@id\":\"https:\/\/www.dopartners.be\/fr\/produit\/imprimante-xerox-b230\/#breadcrumb\"},\"inLanguage\":\"fr-BE\",\"potentialAction\":[{\"@type\":\"ReadAction\",\"target\":[\"https:\/\/www.dopartners.be\/fr\/produit\/imprimante-xerox-b230\/\"]}]},{\"@type\":\"ImageObject\",\"inLanguage\":\"fr-BE\",\"@id\":\"https:\/\/www.dopartners.be\/fr\/produit\/imprimante-xerox-b230\/#primaryimage\",\"url\":\"https:\/\/www.dopartners.be\/wp-content\/uploads\/2023\/01\/b230-multifunctionele-kleurenprinter-xerox-belgie-1.webp\",\"contentUrl\":\"https:\/\/www.dopartners.be\/wp-content\/uploads\/2023\/01\/b230-multifunctionele-kleurenprinter-xerox-belgie-1.webp\",\"width\":1200,\"height\":1144,\"caption\":\"Imprimante monochrome Xerox B230 compacte et moderne, repr\u00e9sentative des solutions de bureau innovantes propos\u00e9es par Xerox D&O Partners.\"},{\"@type\":\"BreadcrumbList\",\"@id\":\"https:\/\/www.dopartners.be\/fr\/produit\/imprimante-xerox-b230\/#breadcrumb\",\"itemListElement\":[{\"@type\":\"ListItem\",\"position\":1,\"name\":\"Home\",\"item\":\"https:\/\/www.dopartners.be\/fr\/\"},{\"@type\":\"ListItem\",\"position\":2,\"name\":\"Boutique\",\"item\":\"https:\/\/www.dopartners.be\/fr\/shop\/\"},{\"@type\":\"ListItem\",\"position\":3,\"name\":\"Xerox\u00aeB230 &#8211; Imprimante Monochrome &#8211; Xerox\"}]},{\"@type\":\"WebSite\",\"@id\":\"https:\/\/www.dopartners.be\/fr\/#website\",\"url\":\"https:\/\/www.dopartners.be\/fr\/\",\"name\":\"D&amp;O Partners\",\"description\":\"Concessionnaire Xerox autoris\u00e9 \u00e0 Bruxelles\",\"publisher\":{\"@id\":\"https:\/\/www.dopartners.be\/fr\/#organization\"},\"alternateName\":\"DO Partners\",\"potentialAction\":[{\"@type\":\"SearchAction\",\"target\":{\"@type\":\"EntryPoint\",\"urlTemplate\":\"https:\/\/www.dopartners.be\/fr\/?s={search_term_string}\"},\"query-input\":{\"@type\":\"PropertyValueSpecification\",\"valueRequired\":true,\"valueName\":\"search_term_string\"}}],\"inLanguage\":\"fr-BE\"},{\"@type\":\"Organization\",\"@id\":\"https:\/\/www.dopartners.be\/fr\/#organization\",\"name\":\"DO PARTNERS\",\"url\":\"https:\/\/www.dopartners.be\/fr\/\",\"logo\":{\"@type\":\"ImageObject\",\"inLanguage\":\"fr-BE\",\"@id\":\"https:\/\/www.dopartners.be\/fr\/#\/schema\/logo\/image\/\",\"url\":\"https:\/\/www.dopartners.be\/wp-content\/uploads\/2017\/11\/DO-partners-logo.png\",\"contentUrl\":\"https:\/\/www.dopartners.be\/wp-content\/uploads\/2017\/11\/DO-partners-logo.png\",\"width\":135,\"height\":100,\"caption\":\"DO PARTNERS\"},\"image\":{\"@id\":\"https:\/\/www.dopartners.be\/fr\/#\/schema\/logo\/image\/\"},\"sameAs\":[\"https:\/\/www.facebook.com\/DOPartnersXerox\",\"https:\/\/www.youtube.com\/@dopartners\",\"https:\/\/www.linkedin.com\/company\/d&amp;o-partners\/\"]}]}<\/script>\n<!-- \/ Yoast SEO plugin. -->","yoast_head_json":{"title":"Xerox\u00aeB230 - Imprimante Monochrome - Xerox - D&amp;O Partners","robots":{"index":"index","follow":"follow","max-snippet":"max-snippet:-1","max-image-preview":"max-image-preview:large","max-video-preview":"max-video-preview:-1"},"canonical":"https:\/\/www.dopartners.be\/fr\/produit\/imprimante-xerox-b230\/","og_locale":"fr_FR","og_type":"article","og_title":"Xerox\u00aeB230 - Imprimante Monochrome - Xerox - D&amp;O Partners","og_description":"[vc_row content_placement=\"top\"][vc_column][vc_btn title=\"T\u00e9l\u00e9charger la brochure\" style=\"flat\" shape=\"square\" align=\"left\" i_icon_fontawesome=\"fa fa-file-pdf-o\" add_icon=\"true\" link=\"url:\/wp-content\/uploads\/2023\/09\/brochure-imprimante-monochrome-b230-b225-b235-xerox-belgique.pdf||target:%20_blank|\"][vc_column_text]  Imprimante compacte en noir et blanc pour les espaces de travail distants ou les bureaux \u00e0 domicile   Id\u00e9ale pour les petites et moyennes entreprises et pour les bureaux \u00e0 domicile  Installation simple avec l'installateur Smart Start  Fiable et digne de confiance  Compatibilit\u00e9 mobile : Apple AirPrint, Chromebook, Mopria, WI-FI et Wi-Fi Direct  Fonctions de s\u00e9curit\u00e9 compl\u00e8tes  D\u00e9couvrez les imprimantes Xerox\u00ae B230 et Xerox\u00ae B225\/B235, con\u00e7ues pour r\u00e9pondre aux besoins des petites entreprises et des bureaux \u00e0 domicile. Compactes, fiables et faciles \u00e0 configurer, elles s\u2019int\u00e8grent parfaitement dans les espaces restreints tout en offrant une exp\u00e9rience d\u2019impression simple, rapide et s\u00e9curis\u00e9e.  Les imprimantes Xerox\u00ae B230 offrent une impression recto verso rapide \u00e0 36 ppm en noir et blanc, avec une qualit\u00e9 d\u2019image de 2400 ppp. Elles sont dot\u00e9es d\u2019une connectivit\u00e9 Wi-Fi standard, prenant en charge Apple AirPrint&#x2122;, Mopria\u00ae Print Service et Mopria\u00ae Scan, ainsi que Wi-Fi Direct\u00ae. La capacit\u00e9 papier est de 250 feuilles, avec une option d\u2019insertion manuelle.  Les mod\u00e8les multifonctions Xerox\u00ae B225 et B235 ajoutent des fonctionnalit\u00e9s de copie et de num\u00e9risation. Le mod\u00e8le B235 est \u00e9galement \u00e9quip\u00e9 d\u2019un \u00e9cran couleur tactile de 2,8 pouces et de fonctions de t\u00e9l\u00e9copie. Ces appareils sont parfaits pour des t\u00e2ches vari\u00e9es allant de la num\u00e9risation vers e-mail et bureau \u00e0 l\u2019impression depuis des appareils mobiles gr\u00e2ce \u00e0 leur connectivit\u00e9 avanc\u00e9e.  L\u2019installation est simplifi\u00e9e gr\u00e2ce \u00e0 l\u2019application Xerox\u00ae Easy Assist et au logiciel Xerox\u00ae Smart Start, permettant une configuration rapide et sans assistance informatique. Les imprimantes sont silencieuses et performantes, garantissant une productivit\u00e9 \u00e9lev\u00e9e avec un minimum d\u2019interruptions.  La s\u00e9curit\u00e9 est une priorit\u00e9 avec des fonctionnalit\u00e9s avanc\u00e9es pour prot\u00e9ger vos donn\u00e9es sensibles. De plus, les co\u00fbts d\u2019exploitation sont r\u00e9duits gr\u00e2ce \u00e0 des cartouches de toner \u00e0 haut rendement et au programme de recyclage Green World Alliance, minimisant l\u2019impact environnemental.  Optimisez votre flux de travail avec les imprimantes multifonctions Xerox\u00ae B225\/B235 et la plateforme Xerox\u00ae Workflow Central, offrant des capacit\u00e9s avanc\u00e9es comme la conversion de documents, la synth\u00e8se de textes longs et le masquage des informations sensibles.","og_url":"https:\/\/www.dopartners.be\/fr\/produit\/imprimante-xerox-b230\/","og_site_name":"D&amp;O Partners","article_publisher":"https:\/\/www.facebook.com\/DOPartnersXerox","article_modified_time":"2025-09-22T13:07:06+00:00","og_image":[{"width":1200,"height":1144,"url":"https:\/\/www.dopartners.be\/wp-content\/uploads\/2023\/01\/b230-multifunctionele-kleurenprinter-xerox-belgie-1.webp","type":"image\/webp"}],"twitter_card":"summary_large_image","twitter_misc":{"Dur\u00e9e de lecture est.":"1 minute"},"schema":{"@context":"https:\/\/schema.org","@graph":[{"@type":"WebPage","@id":"https:\/\/www.dopartners.be\/fr\/produit\/imprimante-xerox-b230\/","url":"https:\/\/www.dopartners.be\/fr\/produit\/imprimante-xerox-b230\/","name":"Xerox\u00aeB230 - Imprimante Monochrome - Xerox - D&amp;O Partners","isPartOf":{"@id":"https:\/\/www.dopartners.be\/fr\/#website"},"primaryImageOfPage":{"@id":"https:\/\/www.dopartners.be\/fr\/produit\/imprimante-xerox-b230\/#primaryimage"},"image":{"@id":"https:\/\/www.dopartners.be\/fr\/produit\/imprimante-xerox-b230\/#primaryimage"},"thumbnailUrl":"https:\/\/www.dopartners.be\/wp-content\/uploads\/2023\/01\/b230-multifunctionele-kleurenprinter-xerox-belgie-1.webp","datePublished":"2023-01-24T11:13:57+00:00","dateModified":"2025-09-22T13:07:06+00:00","breadcrumb":{"@id":"https:\/\/www.dopartners.be\/fr\/produit\/imprimante-xerox-b230\/#breadcrumb"},"inLanguage":"fr-BE","potentialAction":[{"@type":"ReadAction","target":["https:\/\/www.dopartners.be\/fr\/produit\/imprimante-xerox-b230\/"]}]},{"@type":"ImageObject","inLanguage":"fr-BE","@id":"https:\/\/www.dopartners.be\/fr\/produit\/imprimante-xerox-b230\/#primaryimage","url":"https:\/\/www.dopartners.be\/wp-content\/uploads\/2023\/01\/b230-multifunctionele-kleurenprinter-xerox-belgie-1.webp","contentUrl":"https:\/\/www.dopartners.be\/wp-content\/uploads\/2023\/01\/b230-multifunctionele-kleurenprinter-xerox-belgie-1.webp","width":1200,"height":1144,"caption":"Imprimante monochrome Xerox B230 compacte et moderne, repr\u00e9sentative des solutions de bureau innovantes propos\u00e9es par Xerox D&O Partners."},{"@type":"BreadcrumbList","@id":"https:\/\/www.dopartners.be\/fr\/produit\/imprimante-xerox-b230\/#breadcrumb","itemListElement":[{"@type":"ListItem","position":1,"name":"Home","item":"https:\/\/www.dopartners.be\/fr\/"},{"@type":"ListItem","position":2,"name":"Boutique","item":"https:\/\/www.dopartners.be\/fr\/shop\/"},{"@type":"ListItem","position":3,"name":"Xerox\u00aeB230 &#8211; Imprimante Monochrome &#8211; Xerox"}]},{"@type":"WebSite","@id":"https:\/\/www.dopartners.be\/fr\/#website","url":"https:\/\/www.dopartners.be\/fr\/","name":"D&amp;O Partners","description":"Concessionnaire Xerox autoris\u00e9 \u00e0 Bruxelles","publisher":{"@id":"https:\/\/www.dopartners.be\/fr\/#organization"},"alternateName":"DO Partners","potentialAction":[{"@type":"SearchAction","target":{"@type":"EntryPoint","urlTemplate":"https:\/\/www.dopartners.be\/fr\/?s={search_term_string}"},"query-input":{"@type":"PropertyValueSpecification","valueRequired":true,"valueName":"search_term_string"}}],"inLanguage":"fr-BE"},{"@type":"Organization","@id":"https:\/\/www.dopartners.be\/fr\/#organization","name":"DO PARTNERS","url":"https:\/\/www.dopartners.be\/fr\/","logo":{"@type":"ImageObject","inLanguage":"fr-BE","@id":"https:\/\/www.dopartners.be\/fr\/#\/schema\/logo\/image\/","url":"https:\/\/www.dopartners.be\/wp-content\/uploads\/2017\/11\/DO-partners-logo.png","contentUrl":"https:\/\/www.dopartners.be\/wp-content\/uploads\/2017\/11\/DO-partners-logo.png","width":135,"height":100,"caption":"DO PARTNERS"},"image":{"@id":"https:\/\/www.dopartners.be\/fr\/#\/schema\/logo\/image\/"},"sameAs":["https:\/\/www.facebook.com\/DOPartnersXerox","https:\/\/www.youtube.com\/@dopartners","https:\/\/www.linkedin.com\/company\/d&amp;o-partners\/"]}]}},"_links":{"self":[{"href":"https:\/\/www.dopartners.be\/fr\/wp-json\/wp\/v2\/product\/4973","targetHints":{"allow":["GET"]}}],"collection":[{"href":"https:\/\/www.dopartners.be\/fr\/wp-json\/wp\/v2\/product"}],"about":[{"href":"https:\/\/www.dopartners.be\/fr\/wp-json\/wp\/v2\/types\/product"}],"wp:featuredmedia":[{"embeddable":true,"href":"https:\/\/www.dopartners.be\/fr\/wp-json\/wp\/v2\/media\/11448"}],"wp:attachment":[{"href":"https:\/\/www.dopartners.be\/fr\/wp-json\/wp\/v2\/media?parent=4973"}],"wp:term":[{"taxonomy":"product_brand","embeddable":true,"href":"https:\/\/www.dopartners.be\/fr\/wp-json\/wp\/v2\/product_brand?post=4973"},{"taxonomy":"product_cat","embeddable":true,"href":"https:\/\/www.dopartners.be\/fr\/wp-json\/wp\/v2\/product_cat?post=4973"},{"taxonomy":"product_tag","embeddable":true,"href":"https:\/\/www.dopartners.be\/fr\/wp-json\/wp\/v2\/product_tag?post=4973"}],"curies":[{"name":"wp","href":"https:\/\/api.w.org\/{rel}","templated":true}]}}