{"id":4977,"date":"2023-01-24T12:20:20","date_gmt":"2023-01-24T11:20:20","guid":{"rendered":"https:\/\/www.dopartners.be\/?post_type=product&#038;p=4977"},"modified":"2025-09-22T11:42:01","modified_gmt":"2025-09-22T09:42:01","slug":"imprimante-multifonction-xerox-b235","status":"publish","type":"product","link":"https:\/\/www.dopartners.be\/fr\/produit\/imprimante-multifonction-xerox-b235\/","title":{"rendered":"Xerox\u00ae B235 &#8211; Imprimante Multifonction Monochrome &#8211; Xerox"},"content":{"rendered":"<div class=\"wpb-content-wrapper\"><p>[vc_row content_placement=&#8221;top&#8221;][vc_column][vc_column_text woodmart_inline=&#8221;no&#8221; text_larger=&#8221;no&#8221;]<\/p>\n<table class=\"shop_attributes\">\n<tbody>\n<tr>\n<th>Mod\u00e8le<\/th>\n<td>B235V\/DNI<\/td>\n<\/tr>\n<tr>\n<th>Description<\/th>\n<td>Xerox B235 copie\/impression\/num\u00e9risation\/t\u00e9l\u00e9copie recto verso sans fil A4, 34 ppm, PS3 PCL5e\/6, chargeur automatique de documents, 2 magasins, total 251 feuilles<\/td>\n<\/tr>\n<tr>\n<th>Fonctions standard<\/th>\n<td>Copie, T\u00e9l\u00e9copie, Impression, Num\u00e9risation<\/td>\n<\/tr>\n<tr>\n<th>Vitesse d&#8217;impression<\/th>\n<td>Jusqu&#8217;\u00e0 34 ppm<\/td>\n<\/tr>\n<tr>\n<th>Volume d&#8217;impression mensuel recommand\u00e9<\/th>\n<td>Jusqu&#8217;\u00e0 2.500 pages<\/td>\n<\/tr>\n<tr>\n<th>Volume mensuel maximum<\/th>\n<td>Jusqu&#8217;\u00e0 30.000 images\/mois<\/td>\n<\/tr>\n<tr>\n<th>Connectivit\u00e9<\/th>\n<td>Ethernet 10\/100 BaseTX, Cl\u00e9 USB 2.0 \u00e0 haut d\u00e9bit (USB-A), USB 2.0 haute vitesse (Type B), Sans fil 802.11 b\/g\/n<\/td>\n<\/tr>\n<tr>\n<th>Sortie recto\/verso<\/th>\n<td>En standard<\/td>\n<\/tr>\n<tr>\n<th>D\u00e9veloppement Durable<\/th>\n<td>EPEAT<br \/>\nENERGY STAR\u00ae<br \/>\nGreen World Alliance<\/td>\n<\/tr>\n<\/tbody>\n<\/table>\n<p>[\/vc_column_text][\/vc_column][\/vc_row]<\/p>\n<\/div>","protected":false},"excerpt":{"rendered":"<p>[vc_row content_placement=&#8221;top&#8221;][vc_column][vc_btn title=&#8221;T\u00e9l\u00e9charger la brochure&#8221; style=&#8221;flat&#8221; shape=&#8221;square&#8221; align=&#8221;left&#8221; i_icon_fontawesome=&#8221;fa fa-file-pdf-o&#8221; add_icon=&#8221;true&#8221; link=&#8221;url:\/wp-content\/uploads\/2023\/09\/brochure-imprimante-monochrome-b230-b225-b235-xerox-belgique.pdf||target:%20_blank|&#8221;][vc_column_text]<\/p>\n<p>Imprimante multifonctionnelle noir et blanc compacte pour les espaces de travail distants ou les bureaux \u00e0 domicile<\/p>\n<ul>\n<li>Copie, impression, num\u00e9risation, t\u00e9l\u00e9copie<\/li>\n<li>Id\u00e9ale pour les petites et moyennes entreprises et pour les bureaux \u00e0 domicile<\/li>\n<li>Acc\u00e8s \u00e0 un flux de production avanc\u00e9 en option avec la platforme Xerox Workflow Central<\/li>\n<li>Fiable et digne de confiance<\/li>\n<li>Compatibilit\u00e9 mobile : Apple AirPrint, Chromebook, Mopria, WI-FI et Wi-Fi Direct<\/li>\n<li>Fonctions de s\u00e9curit\u00e9 compl\u00e8tes<\/li>\n<\/ul>\n<p>D\u00e9couvrez l&#8217;imprimante multifonctions Xerox\u00ae B235, un appareil id\u00e9al pour les petites entreprises et les bureaux \u00e0 domicile. Con\u00e7ue pour offrir une exp\u00e9rience d&#8217;impression, de num\u00e9risation, de copie et de t\u00e9l\u00e9copie de haute qualit\u00e9, cette imprimante compacte est simple \u00e0 configurer et \u00e0 utiliser, gr\u00e2ce \u00e0 l&#8217;application Xerox\u00ae Easy Assist et au logiciel Smart Start. Profitez d&#8217;une impression rapide avec une connectivit\u00e9 sans fil int\u00e9gr\u00e9e, compatible avec Apple AirPrint&#x2122;, Mopria\u00ae et Wi-Fi Direct\u00ae. L&#8217;\u00e9cran couleur tactile de 2,8 pouces facilite l&#8217;acc\u00e8s aux fonctions essentielles, tandis que les fonctionnalit\u00e9s avanc\u00e9es de s\u00e9curit\u00e9 prot\u00e8gent vos donn\u00e9es sensibles. B\u00e9n\u00e9ficiez d&#8217;un faible co\u00fbt d&#8217;exploitation gr\u00e2ce aux cartouches de toner haute capacit\u00e9 et \u00e0 une gestion efficace de l&#8217;\u00e9nergie. Passez \u00e0 un niveau sup\u00e9rieur de productivit\u00e9 avec la plateforme Xerox\u00ae Workflow Central, qui vous permet de convertir, partager et prot\u00e9ger vos documents en toute simplicit\u00e9. Ajoutez la Xerox\u00ae B235 \u00e0 votre espace de travail pour une solution multifonction fiable et performante.<\/p>\n","protected":false},"featured_media":11374,"template":"","meta":[],"product_brand":[],"product_cat":[19],"product_tag":[],"class_list":{"0":"post-4977","1":"product","2":"type-product","3":"status-publish","4":"has-post-thumbnail","6":"product_cat-imprimantes-bureau","8":"first","9":"instock","10":"shipping-taxable","11":"product-type-simple"},"yoast_head":"<!-- This site is optimized with the Yoast SEO plugin v25.9 - https:\/\/yoast.com\/wordpress\/plugins\/seo\/ -->\n<title>Xerox\u00ae B235 - Imprimante Multifonction Monochrome - Xerox - D&amp;O Partners<\/title>\n<meta name=\"robots\" content=\"index, follow, max-snippet:-1, max-image-preview:large, max-video-preview:-1\" \/>\n<link rel=\"canonical\" href=\"https:\/\/www.dopartners.be\/fr\/produit\/imprimante-multifonction-xerox-b235\/\" \/>\n<meta property=\"og:locale\" content=\"fr_FR\" \/>\n<meta property=\"og:type\" content=\"article\" \/>\n<meta property=\"og:title\" content=\"Xerox\u00ae B235 - Imprimante Multifonction Monochrome - Xerox - D&amp;O Partners\" \/>\n<meta property=\"og:description\" content=\"[vc_row content_placement=&quot;top&quot;][vc_column][vc_btn title=&quot;T\u00e9l\u00e9charger la brochure&quot; style=&quot;flat&quot; shape=&quot;square&quot; align=&quot;left&quot; i_icon_fontawesome=&quot;fa fa-file-pdf-o&quot; add_icon=&quot;true&quot; link=&quot;url:\/wp-content\/uploads\/2023\/09\/brochure-imprimante-monochrome-b230-b225-b235-xerox-belgique.pdf||target:%20_blank|&quot;][vc_column_text]  Imprimante multifonctionnelle noir et blanc compacte pour les espaces de travail distants ou les bureaux \u00e0 domicile   Copie, impression, num\u00e9risation, t\u00e9l\u00e9copie  Id\u00e9ale pour les petites et moyennes entreprises et pour les bureaux \u00e0 domicile  Acc\u00e8s \u00e0 un flux de production avanc\u00e9 en option avec la platforme Xerox Workflow Central  Fiable et digne de confiance  Compatibilit\u00e9 mobile : Apple AirPrint, Chromebook, Mopria, WI-FI et Wi-Fi Direct  Fonctions de s\u00e9curit\u00e9 compl\u00e8tes  D\u00e9couvrez l&#039;imprimante multifonctions Xerox\u00ae B235, un appareil id\u00e9al pour les petites entreprises et les bureaux \u00e0 domicile. Con\u00e7ue pour offrir une exp\u00e9rience d&#039;impression, de num\u00e9risation, de copie et de t\u00e9l\u00e9copie de haute qualit\u00e9, cette imprimante compacte est simple \u00e0 configurer et \u00e0 utiliser, gr\u00e2ce \u00e0 l&#039;application Xerox\u00ae Easy Assist et au logiciel Smart Start. Profitez d&#039;une impression rapide avec une connectivit\u00e9 sans fil int\u00e9gr\u00e9e, compatible avec Apple AirPrint&#x2122;, Mopria\u00ae et Wi-Fi Direct\u00ae. L&#039;\u00e9cran couleur tactile de 2,8 pouces facilite l&#039;acc\u00e8s aux fonctions essentielles, tandis que les fonctionnalit\u00e9s avanc\u00e9es de s\u00e9curit\u00e9 prot\u00e8gent vos donn\u00e9es sensibles. B\u00e9n\u00e9ficiez d&#039;un faible co\u00fbt d&#039;exploitation gr\u00e2ce aux cartouches de toner haute capacit\u00e9 et \u00e0 une gestion efficace de l&#039;\u00e9nergie. Passez \u00e0 un niveau sup\u00e9rieur de productivit\u00e9 avec la plateforme Xerox\u00ae Workflow Central, qui vous permet de convertir, partager et prot\u00e9ger vos documents en toute simplicit\u00e9. Ajoutez la Xerox\u00ae B235 \u00e0 votre espace de travail pour une solution multifonction fiable et performante.\" \/>\n<meta property=\"og:url\" content=\"https:\/\/www.dopartners.be\/fr\/produit\/imprimante-multifonction-xerox-b235\/\" \/>\n<meta property=\"og:site_name\" content=\"D&amp;O Partners\" \/>\n<meta property=\"article:publisher\" content=\"https:\/\/www.facebook.com\/DOPartnersXerox\" \/>\n<meta property=\"article:modified_time\" content=\"2025-09-22T09:42:01+00:00\" \/>\n<meta property=\"og:image\" content=\"https:\/\/www.dopartners.be\/wp-content\/uploads\/2023\/01\/b235-multifunctionele-kleurenprinter-xerox-belgie.webp\" \/>\n\t<meta property=\"og:image:width\" content=\"1200\" \/>\n\t<meta property=\"og:image:height\" content=\"1144\" \/>\n\t<meta property=\"og:image:type\" content=\"image\/webp\" \/>\n<meta name=\"twitter:card\" content=\"summary_large_image\" \/>\n<meta name=\"twitter:label1\" content=\"Dur\u00e9e de lecture est.\" \/>\n\t<meta name=\"twitter:data1\" content=\"1 minute\" \/>\n<script type=\"application\/ld+json\" class=\"yoast-schema-graph\">{\"@context\":\"https:\/\/schema.org\",\"@graph\":[{\"@type\":\"WebPage\",\"@id\":\"https:\/\/www.dopartners.be\/fr\/produit\/imprimante-multifonction-xerox-b235\/\",\"url\":\"https:\/\/www.dopartners.be\/fr\/produit\/imprimante-multifonction-xerox-b235\/\",\"name\":\"Xerox\u00ae B235 - Imprimante Multifonction Monochrome - Xerox - D&amp;O Partners\",\"isPartOf\":{\"@id\":\"https:\/\/www.dopartners.be\/fr\/#website\"},\"primaryImageOfPage\":{\"@id\":\"https:\/\/www.dopartners.be\/fr\/produit\/imprimante-multifonction-xerox-b235\/#primaryimage\"},\"image\":{\"@id\":\"https:\/\/www.dopartners.be\/fr\/produit\/imprimante-multifonction-xerox-b235\/#primaryimage\"},\"thumbnailUrl\":\"https:\/\/www.dopartners.be\/wp-content\/uploads\/2023\/01\/b235-multifunctionele-kleurenprinter-xerox-belgie.webp\",\"datePublished\":\"2023-01-24T11:20:20+00:00\",\"dateModified\":\"2025-09-22T09:42:01+00:00\",\"breadcrumb\":{\"@id\":\"https:\/\/www.dopartners.be\/fr\/produit\/imprimante-multifonction-xerox-b235\/#breadcrumb\"},\"inLanguage\":\"fr-BE\",\"potentialAction\":[{\"@type\":\"ReadAction\",\"target\":[\"https:\/\/www.dopartners.be\/fr\/produit\/imprimante-multifonction-xerox-b235\/\"]}]},{\"@type\":\"ImageObject\",\"inLanguage\":\"fr-BE\",\"@id\":\"https:\/\/www.dopartners.be\/fr\/produit\/imprimante-multifonction-xerox-b235\/#primaryimage\",\"url\":\"https:\/\/www.dopartners.be\/wp-content\/uploads\/2023\/01\/b235-multifunctionele-kleurenprinter-xerox-belgie.webp\",\"contentUrl\":\"https:\/\/www.dopartners.be\/wp-content\/uploads\/2023\/01\/b235-multifunctionele-kleurenprinter-xerox-belgie.webp\",\"width\":1200,\"height\":1144,\"caption\":\"A compact, modern Xerox B235 multifunction printer with print, copy, scan and fax capabilities, representative of the innovative office solutions offered by Xerox D&O Partners.\"},{\"@type\":\"BreadcrumbList\",\"@id\":\"https:\/\/www.dopartners.be\/fr\/produit\/imprimante-multifonction-xerox-b235\/#breadcrumb\",\"itemListElement\":[{\"@type\":\"ListItem\",\"position\":1,\"name\":\"Home\",\"item\":\"https:\/\/www.dopartners.be\/fr\/\"},{\"@type\":\"ListItem\",\"position\":2,\"name\":\"Boutique\",\"item\":\"https:\/\/www.dopartners.be\/fr\/shop\/\"},{\"@type\":\"ListItem\",\"position\":3,\"name\":\"Xerox\u00ae B235 &#8211; Imprimante Multifonction Monochrome &#8211; Xerox\"}]},{\"@type\":\"WebSite\",\"@id\":\"https:\/\/www.dopartners.be\/fr\/#website\",\"url\":\"https:\/\/www.dopartners.be\/fr\/\",\"name\":\"D&amp;O Partners\",\"description\":\"Concessionnaire Xerox autoris\u00e9 \u00e0 Bruxelles\",\"publisher\":{\"@id\":\"https:\/\/www.dopartners.be\/fr\/#organization\"},\"alternateName\":\"DO Partners\",\"potentialAction\":[{\"@type\":\"SearchAction\",\"target\":{\"@type\":\"EntryPoint\",\"urlTemplate\":\"https:\/\/www.dopartners.be\/fr\/?s={search_term_string}\"},\"query-input\":{\"@type\":\"PropertyValueSpecification\",\"valueRequired\":true,\"valueName\":\"search_term_string\"}}],\"inLanguage\":\"fr-BE\"},{\"@type\":\"Organization\",\"@id\":\"https:\/\/www.dopartners.be\/fr\/#organization\",\"name\":\"DO PARTNERS\",\"url\":\"https:\/\/www.dopartners.be\/fr\/\",\"logo\":{\"@type\":\"ImageObject\",\"inLanguage\":\"fr-BE\",\"@id\":\"https:\/\/www.dopartners.be\/fr\/#\/schema\/logo\/image\/\",\"url\":\"https:\/\/www.dopartners.be\/wp-content\/uploads\/2017\/11\/DO-partners-logo.png\",\"contentUrl\":\"https:\/\/www.dopartners.be\/wp-content\/uploads\/2017\/11\/DO-partners-logo.png\",\"width\":135,\"height\":100,\"caption\":\"DO PARTNERS\"},\"image\":{\"@id\":\"https:\/\/www.dopartners.be\/fr\/#\/schema\/logo\/image\/\"},\"sameAs\":[\"https:\/\/www.facebook.com\/DOPartnersXerox\",\"https:\/\/www.youtube.com\/@dopartners\",\"https:\/\/www.linkedin.com\/company\/d&amp;o-partners\/\"]}]}<\/script>\n<!-- \/ Yoast SEO plugin. -->","yoast_head_json":{"title":"Xerox\u00ae B235 - Imprimante Multifonction Monochrome - Xerox - D&amp;O Partners","robots":{"index":"index","follow":"follow","max-snippet":"max-snippet:-1","max-image-preview":"max-image-preview:large","max-video-preview":"max-video-preview:-1"},"canonical":"https:\/\/www.dopartners.be\/fr\/produit\/imprimante-multifonction-xerox-b235\/","og_locale":"fr_FR","og_type":"article","og_title":"Xerox\u00ae B235 - Imprimante Multifonction Monochrome - Xerox - D&amp;O Partners","og_description":"[vc_row content_placement=\"top\"][vc_column][vc_btn title=\"T\u00e9l\u00e9charger la brochure\" style=\"flat\" shape=\"square\" align=\"left\" i_icon_fontawesome=\"fa fa-file-pdf-o\" add_icon=\"true\" link=\"url:\/wp-content\/uploads\/2023\/09\/brochure-imprimante-monochrome-b230-b225-b235-xerox-belgique.pdf||target:%20_blank|\"][vc_column_text]  Imprimante multifonctionnelle noir et blanc compacte pour les espaces de travail distants ou les bureaux \u00e0 domicile   Copie, impression, num\u00e9risation, t\u00e9l\u00e9copie  Id\u00e9ale pour les petites et moyennes entreprises et pour les bureaux \u00e0 domicile  Acc\u00e8s \u00e0 un flux de production avanc\u00e9 en option avec la platforme Xerox Workflow Central  Fiable et digne de confiance  Compatibilit\u00e9 mobile : Apple AirPrint, Chromebook, Mopria, WI-FI et Wi-Fi Direct  Fonctions de s\u00e9curit\u00e9 compl\u00e8tes  D\u00e9couvrez l'imprimante multifonctions Xerox\u00ae B235, un appareil id\u00e9al pour les petites entreprises et les bureaux \u00e0 domicile. Con\u00e7ue pour offrir une exp\u00e9rience d'impression, de num\u00e9risation, de copie et de t\u00e9l\u00e9copie de haute qualit\u00e9, cette imprimante compacte est simple \u00e0 configurer et \u00e0 utiliser, gr\u00e2ce \u00e0 l'application Xerox\u00ae Easy Assist et au logiciel Smart Start. Profitez d'une impression rapide avec une connectivit\u00e9 sans fil int\u00e9gr\u00e9e, compatible avec Apple AirPrint&#x2122;, Mopria\u00ae et Wi-Fi Direct\u00ae. L'\u00e9cran couleur tactile de 2,8 pouces facilite l'acc\u00e8s aux fonctions essentielles, tandis que les fonctionnalit\u00e9s avanc\u00e9es de s\u00e9curit\u00e9 prot\u00e8gent vos donn\u00e9es sensibles. B\u00e9n\u00e9ficiez d'un faible co\u00fbt d'exploitation gr\u00e2ce aux cartouches de toner haute capacit\u00e9 et \u00e0 une gestion efficace de l'\u00e9nergie. Passez \u00e0 un niveau sup\u00e9rieur de productivit\u00e9 avec la plateforme Xerox\u00ae Workflow Central, qui vous permet de convertir, partager et prot\u00e9ger vos documents en toute simplicit\u00e9. Ajoutez la Xerox\u00ae B235 \u00e0 votre espace de travail pour une solution multifonction fiable et performante.","og_url":"https:\/\/www.dopartners.be\/fr\/produit\/imprimante-multifonction-xerox-b235\/","og_site_name":"D&amp;O Partners","article_publisher":"https:\/\/www.facebook.com\/DOPartnersXerox","article_modified_time":"2025-09-22T09:42:01+00:00","og_image":[{"width":1200,"height":1144,"url":"https:\/\/www.dopartners.be\/wp-content\/uploads\/2023\/01\/b235-multifunctionele-kleurenprinter-xerox-belgie.webp","type":"image\/webp"}],"twitter_card":"summary_large_image","twitter_misc":{"Dur\u00e9e de lecture est.":"1 minute"},"schema":{"@context":"https:\/\/schema.org","@graph":[{"@type":"WebPage","@id":"https:\/\/www.dopartners.be\/fr\/produit\/imprimante-multifonction-xerox-b235\/","url":"https:\/\/www.dopartners.be\/fr\/produit\/imprimante-multifonction-xerox-b235\/","name":"Xerox\u00ae B235 - Imprimante Multifonction Monochrome - Xerox - D&amp;O Partners","isPartOf":{"@id":"https:\/\/www.dopartners.be\/fr\/#website"},"primaryImageOfPage":{"@id":"https:\/\/www.dopartners.be\/fr\/produit\/imprimante-multifonction-xerox-b235\/#primaryimage"},"image":{"@id":"https:\/\/www.dopartners.be\/fr\/produit\/imprimante-multifonction-xerox-b235\/#primaryimage"},"thumbnailUrl":"https:\/\/www.dopartners.be\/wp-content\/uploads\/2023\/01\/b235-multifunctionele-kleurenprinter-xerox-belgie.webp","datePublished":"2023-01-24T11:20:20+00:00","dateModified":"2025-09-22T09:42:01+00:00","breadcrumb":{"@id":"https:\/\/www.dopartners.be\/fr\/produit\/imprimante-multifonction-xerox-b235\/#breadcrumb"},"inLanguage":"fr-BE","potentialAction":[{"@type":"ReadAction","target":["https:\/\/www.dopartners.be\/fr\/produit\/imprimante-multifonction-xerox-b235\/"]}]},{"@type":"ImageObject","inLanguage":"fr-BE","@id":"https:\/\/www.dopartners.be\/fr\/produit\/imprimante-multifonction-xerox-b235\/#primaryimage","url":"https:\/\/www.dopartners.be\/wp-content\/uploads\/2023\/01\/b235-multifunctionele-kleurenprinter-xerox-belgie.webp","contentUrl":"https:\/\/www.dopartners.be\/wp-content\/uploads\/2023\/01\/b235-multifunctionele-kleurenprinter-xerox-belgie.webp","width":1200,"height":1144,"caption":"A compact, modern Xerox B235 multifunction printer with print, copy, scan and fax capabilities, representative of the innovative office solutions offered by Xerox D&O Partners."},{"@type":"BreadcrumbList","@id":"https:\/\/www.dopartners.be\/fr\/produit\/imprimante-multifonction-xerox-b235\/#breadcrumb","itemListElement":[{"@type":"ListItem","position":1,"name":"Home","item":"https:\/\/www.dopartners.be\/fr\/"},{"@type":"ListItem","position":2,"name":"Boutique","item":"https:\/\/www.dopartners.be\/fr\/shop\/"},{"@type":"ListItem","position":3,"name":"Xerox\u00ae B235 &#8211; Imprimante Multifonction Monochrome &#8211; Xerox"}]},{"@type":"WebSite","@id":"https:\/\/www.dopartners.be\/fr\/#website","url":"https:\/\/www.dopartners.be\/fr\/","name":"D&amp;O Partners","description":"Concessionnaire Xerox autoris\u00e9 \u00e0 Bruxelles","publisher":{"@id":"https:\/\/www.dopartners.be\/fr\/#organization"},"alternateName":"DO Partners","potentialAction":[{"@type":"SearchAction","target":{"@type":"EntryPoint","urlTemplate":"https:\/\/www.dopartners.be\/fr\/?s={search_term_string}"},"query-input":{"@type":"PropertyValueSpecification","valueRequired":true,"valueName":"search_term_string"}}],"inLanguage":"fr-BE"},{"@type":"Organization","@id":"https:\/\/www.dopartners.be\/fr\/#organization","name":"DO PARTNERS","url":"https:\/\/www.dopartners.be\/fr\/","logo":{"@type":"ImageObject","inLanguage":"fr-BE","@id":"https:\/\/www.dopartners.be\/fr\/#\/schema\/logo\/image\/","url":"https:\/\/www.dopartners.be\/wp-content\/uploads\/2017\/11\/DO-partners-logo.png","contentUrl":"https:\/\/www.dopartners.be\/wp-content\/uploads\/2017\/11\/DO-partners-logo.png","width":135,"height":100,"caption":"DO PARTNERS"},"image":{"@id":"https:\/\/www.dopartners.be\/fr\/#\/schema\/logo\/image\/"},"sameAs":["https:\/\/www.facebook.com\/DOPartnersXerox","https:\/\/www.youtube.com\/@dopartners","https:\/\/www.linkedin.com\/company\/d&amp;o-partners\/"]}]}},"_links":{"self":[{"href":"https:\/\/www.dopartners.be\/fr\/wp-json\/wp\/v2\/product\/4977","targetHints":{"allow":["GET"]}}],"collection":[{"href":"https:\/\/www.dopartners.be\/fr\/wp-json\/wp\/v2\/product"}],"about":[{"href":"https:\/\/www.dopartners.be\/fr\/wp-json\/wp\/v2\/types\/product"}],"wp:featuredmedia":[{"embeddable":true,"href":"https:\/\/www.dopartners.be\/fr\/wp-json\/wp\/v2\/media\/11374"}],"wp:attachment":[{"href":"https:\/\/www.dopartners.be\/fr\/wp-json\/wp\/v2\/media?parent=4977"}],"wp:term":[{"taxonomy":"product_brand","embeddable":true,"href":"https:\/\/www.dopartners.be\/fr\/wp-json\/wp\/v2\/product_brand?post=4977"},{"taxonomy":"product_cat","embeddable":true,"href":"https:\/\/www.dopartners.be\/fr\/wp-json\/wp\/v2\/product_cat?post=4977"},{"taxonomy":"product_tag","embeddable":true,"href":"https:\/\/www.dopartners.be\/fr\/wp-json\/wp\/v2\/product_tag?post=4977"}],"curies":[{"name":"wp","href":"https:\/\/api.w.org\/{rel}","templated":true}]}}