{"id":4991,"date":"2023-01-24T13:40:10","date_gmt":"2023-01-24T12:40:10","guid":{"rendered":"https:\/\/www.dopartners.be\/?post_type=product&#038;p=4991"},"modified":"2025-09-22T12:09:33","modified_gmt":"2025-09-22T10:09:33","slug":"imprimante-multifonction-xerox-b305","status":"publish","type":"product","link":"https:\/\/www.dopartners.be\/fr\/produit\/imprimante-multifonction-xerox-b305\/","title":{"rendered":"Imprimante multifonction Xerox\u00ae B305 &#8211; Xerox"},"content":{"rendered":"<div class=\"wpb-content-wrapper\"><p>[vc_row content_placement=&#8221;top&#8221;][vc_column][vc_column_text woodmart_inline=&#8221;no&#8221; text_larger=&#8221;no&#8221;]<\/p>\n<table class=\"shop_attributes\">\n<tbody>\n<tr>\n<th>Mod\u00e8le<\/th>\n<td>B305V\/DNI<\/td>\n<\/tr>\n<tr>\n<th>Fonctions standard<\/th>\n<td>Copie, Impression, Num\u00e9risation<\/td>\n<\/tr>\n<tr>\n<th>Vitesse d&#8217;impression<\/th>\n<td>Jusqu&#8217;\u00e0 38 ppm<\/td>\n<\/tr>\n<tr>\n<th>Volume d&#8217;impression mensuel recommand\u00e9<\/th>\n<td>Jusqu&#8217;\u00e0 8.000 pages<\/td>\n<\/tr>\n<tr>\n<th>Volume mensuel maximum<\/th>\n<td>Jusqu&#8217;\u00e0 80.000 images\/mois<\/td>\n<\/tr>\n<tr>\n<th>Connectivit\u00e9<\/th>\n<td>Ethernet 10\/100 BaseTX, Cl\u00e9 USB 2.0 \u00e0 haut d\u00e9bit (USB-A), USB 2.0 haute vitesse (Type B), Sans fil 802.11 b\/g\/n<\/td>\n<\/tr>\n<tr>\n<th>Sortie recto\/verso<\/th>\n<td>En standard<\/td>\n<\/tr>\n<tr>\n<th>D\u00e9veloppement Durable<\/th>\n<td>EPEAT<br \/>\nENERGY STAR\u00ae<br \/>\nBlue Angel<br \/>\nGreen World Alliance<\/td>\n<\/tr>\n<\/tbody>\n<\/table>\n<p>[\/vc_column_text][\/vc_column][\/vc_row]<\/p>\n<\/div>","protected":false},"excerpt":{"rendered":"<p>[vc_row content_placement=&#8221;top&#8221;][vc_column][vc_btn title=&#8221;T\u00e9l\u00e9charger la brochure&#8221; style=&#8221;flat&#8221; shape=&#8221;square&#8221; align=&#8221;left&#8221; i_icon_fontawesome=&#8221;fa fa-file-pdf-o&#8221; add_icon=&#8221;true&#8221; link=&#8221;url:\/wp-content\/uploads\/2023\/09\/bochure-printers-mono-b310-b305-b315-xerox-belgium.pdf||target:%20_blank|&#8221;][vc_column_text]<\/p>\n<p>Imprimante multifonctionnelle noir et blanc \u00e0 haute fiabilit\u00e9 pour votre petite entreprise ou votre bureau \u00e0 domicile<\/p>\n<ul>\n<li>Copie, impression, num\u00e9risation<\/li>\n<li>Id\u00e9ale pour les petites et moyennes entreprises et pour les bureaux \u00e0 domicile<\/li>\n<li>Acc\u00e8s \u00e0 un flux de production avanc\u00e9 en option avec la platforme Xerox Workflow Central<\/li>\n<li>Fiable et digne de confiance<\/li>\n<li>Compatibilit\u00e9 mobile : Apple AirPrint, Chromebook, Mopria, WI-FI et Wi-Fi Direct<\/li>\n<li>Fonctions de s\u00e9curit\u00e9 compl\u00e8tes<\/li>\n<li>Scanner rapide avec chargeur automatique de documents (CAD) et glace d\u2019exposition<\/li>\n<\/ul>\n<p>D\u00e9couvrez l&#8217;imprimante multifonctions Xerox B305, une solution id\u00e9ale pour les petites \u00e9quipes de travail, les bureaux \u00e0 domicile et les espaces restreints. Avec des vitesses d&#8217;impression allant jusqu&#8217;\u00e0 40 pages par minute en noir et blanc et une r\u00e9solution de 600 x 600 ppp, cette imprimante est con\u00e7ue pour r\u00e9pondre aux besoins des PME et des t\u00e9l\u00e9travailleurs exigeants.<\/p>\n<p>L&#8217;imprimante B305 offre une exp\u00e9rience utilisateur intuitive gr\u00e2ce \u00e0 son \u00e9cran tactile couleur de 2,8 pouces et \u00e0 ses capacit\u00e9s de copie et de num\u00e9risation rapides. Num\u00e9risez vers e-mail, USB ou bureau avec le chargeur automatique de documents de 50 feuilles.<\/p>\n<p>Pour une connectivit\u00e9 optimale, elle est \u00e9quip\u00e9e du Wi-Fi standard, compatible avec AirPrint, Mopria et Wi-Fi Direct\u00ae, permettant une impression facile depuis divers appareils mobiles et ordinateurs. La s\u00e9curit\u00e9 des donn\u00e9es est assur\u00e9e par des mises \u00e0 jour de micrologiciels sign\u00e9s, une gestion des certificats et des contr\u00f4les d&#8217;acc\u00e8s avanc\u00e9s.<\/p>\n<p>R\u00e9duisez vos co\u00fbts et votre empreinte \u00e9cologique gr\u00e2ce \u00e0 des toners grande capacit\u00e9 et \u00e0 notre programme de recyclage Green World Alliance. Optez pour la B305 de Xerox pour une productivit\u00e9 accrue, une flexibilit\u00e9 in\u00e9gal\u00e9e et une s\u00e9curit\u00e9 renforc\u00e9e, le tout dans un design compact et performant.<\/p>\n","protected":false},"featured_media":4992,"template":"","meta":[],"product_brand":[],"product_cat":[19],"product_tag":[],"class_list":{"0":"post-4991","1":"product","2":"type-product","3":"status-publish","4":"has-post-thumbnail","6":"product_cat-imprimantes-bureau","8":"first","9":"instock","10":"shipping-taxable","11":"product-type-simple"},"yoast_head":"<!-- This site is optimized with the Yoast SEO plugin v25.9 - https:\/\/yoast.com\/wordpress\/plugins\/seo\/ -->\n<title>Imprimante multifonction Xerox\u00ae B305 - Xerox - D&amp;O Partners<\/title>\n<meta name=\"robots\" content=\"index, follow, max-snippet:-1, max-image-preview:large, max-video-preview:-1\" \/>\n<link rel=\"canonical\" href=\"https:\/\/www.dopartners.be\/fr\/produit\/imprimante-multifonction-xerox-b305\/\" \/>\n<meta property=\"og:locale\" content=\"fr_FR\" \/>\n<meta property=\"og:type\" content=\"article\" \/>\n<meta property=\"og:title\" content=\"Imprimante multifonction Xerox\u00ae B305 - Xerox - D&amp;O Partners\" \/>\n<meta property=\"og:description\" content=\"[vc_row content_placement=&quot;top&quot;][vc_column][vc_btn title=&quot;T\u00e9l\u00e9charger la brochure&quot; style=&quot;flat&quot; shape=&quot;square&quot; align=&quot;left&quot; i_icon_fontawesome=&quot;fa fa-file-pdf-o&quot; add_icon=&quot;true&quot; link=&quot;url:\/wp-content\/uploads\/2023\/09\/bochure-printers-mono-b310-b305-b315-xerox-belgium.pdf||target:%20_blank|&quot;][vc_column_text]  Imprimante multifonctionnelle noir et blanc \u00e0 haute fiabilit\u00e9 pour votre petite entreprise ou votre bureau \u00e0 domicile   Copie, impression, num\u00e9risation  Id\u00e9ale pour les petites et moyennes entreprises et pour les bureaux \u00e0 domicile  Acc\u00e8s \u00e0 un flux de production avanc\u00e9 en option avec la platforme Xerox Workflow Central  Fiable et digne de confiance  Compatibilit\u00e9 mobile : Apple AirPrint, Chromebook, Mopria, WI-FI et Wi-Fi Direct  Fonctions de s\u00e9curit\u00e9 compl\u00e8tes  Scanner rapide avec chargeur automatique de documents (CAD) et glace d\u2019exposition  D\u00e9couvrez l&#039;imprimante multifonctions Xerox B305, une solution id\u00e9ale pour les petites \u00e9quipes de travail, les bureaux \u00e0 domicile et les espaces restreints. Avec des vitesses d&#039;impression allant jusqu&#039;\u00e0 40 pages par minute en noir et blanc et une r\u00e9solution de 600 x 600 ppp, cette imprimante est con\u00e7ue pour r\u00e9pondre aux besoins des PME et des t\u00e9l\u00e9travailleurs exigeants.  L&#039;imprimante B305 offre une exp\u00e9rience utilisateur intuitive gr\u00e2ce \u00e0 son \u00e9cran tactile couleur de 2,8 pouces et \u00e0 ses capacit\u00e9s de copie et de num\u00e9risation rapides. Num\u00e9risez vers e-mail, USB ou bureau avec le chargeur automatique de documents de 50 feuilles.  Pour une connectivit\u00e9 optimale, elle est \u00e9quip\u00e9e du Wi-Fi standard, compatible avec AirPrint, Mopria et Wi-Fi Direct\u00ae, permettant une impression facile depuis divers appareils mobiles et ordinateurs. La s\u00e9curit\u00e9 des donn\u00e9es est assur\u00e9e par des mises \u00e0 jour de micrologiciels sign\u00e9s, une gestion des certificats et des contr\u00f4les d&#039;acc\u00e8s avanc\u00e9s.  R\u00e9duisez vos co\u00fbts et votre empreinte \u00e9cologique gr\u00e2ce \u00e0 des toners grande capacit\u00e9 et \u00e0 notre programme de recyclage Green World Alliance. Optez pour la B305 de Xerox pour une productivit\u00e9 accrue, une flexibilit\u00e9 in\u00e9gal\u00e9e et une s\u00e9curit\u00e9 renforc\u00e9e, le tout dans un design compact et performant.\" \/>\n<meta property=\"og:url\" content=\"https:\/\/www.dopartners.be\/fr\/produit\/imprimante-multifonction-xerox-b305\/\" \/>\n<meta property=\"og:site_name\" content=\"D&amp;O Partners\" \/>\n<meta property=\"article:publisher\" content=\"https:\/\/www.facebook.com\/DOPartnersXerox\" \/>\n<meta property=\"article:modified_time\" content=\"2025-09-22T10:09:33+00:00\" \/>\n<meta property=\"og:image\" content=\"https:\/\/www.dopartners.be\/wp-content\/uploads\/2023\/01\/optimise-5.webp\" \/>\n\t<meta property=\"og:image:width\" content=\"800\" \/>\n\t<meta property=\"og:image:height\" content=\"450\" \/>\n\t<meta property=\"og:image:type\" content=\"image\/webp\" \/>\n<meta name=\"twitter:card\" content=\"summary_large_image\" \/>\n<meta name=\"twitter:label1\" content=\"Dur\u00e9e de lecture est.\" \/>\n\t<meta name=\"twitter:data1\" content=\"1 minute\" \/>\n<script type=\"application\/ld+json\" class=\"yoast-schema-graph\">{\"@context\":\"https:\/\/schema.org\",\"@graph\":[{\"@type\":\"WebPage\",\"@id\":\"https:\/\/www.dopartners.be\/fr\/produit\/imprimante-multifonction-xerox-b305\/\",\"url\":\"https:\/\/www.dopartners.be\/fr\/produit\/imprimante-multifonction-xerox-b305\/\",\"name\":\"Imprimante multifonction Xerox\u00ae B305 - Xerox - D&amp;O Partners\",\"isPartOf\":{\"@id\":\"https:\/\/www.dopartners.be\/fr\/#website\"},\"primaryImageOfPage\":{\"@id\":\"https:\/\/www.dopartners.be\/fr\/produit\/imprimante-multifonction-xerox-b305\/#primaryimage\"},\"image\":{\"@id\":\"https:\/\/www.dopartners.be\/fr\/produit\/imprimante-multifonction-xerox-b305\/#primaryimage\"},\"thumbnailUrl\":\"https:\/\/www.dopartners.be\/wp-content\/uploads\/2023\/01\/optimise-5.webp\",\"datePublished\":\"2023-01-24T12:40:10+00:00\",\"dateModified\":\"2025-09-22T10:09:33+00:00\",\"breadcrumb\":{\"@id\":\"https:\/\/www.dopartners.be\/fr\/produit\/imprimante-multifonction-xerox-b305\/#breadcrumb\"},\"inLanguage\":\"fr-BE\",\"potentialAction\":[{\"@type\":\"ReadAction\",\"target\":[\"https:\/\/www.dopartners.be\/fr\/produit\/imprimante-multifonction-xerox-b305\/\"]}]},{\"@type\":\"ImageObject\",\"inLanguage\":\"fr-BE\",\"@id\":\"https:\/\/www.dopartners.be\/fr\/produit\/imprimante-multifonction-xerox-b305\/#primaryimage\",\"url\":\"https:\/\/www.dopartners.be\/wp-content\/uploads\/2023\/01\/optimise-5.webp\",\"contentUrl\":\"https:\/\/www.dopartners.be\/wp-content\/uploads\/2023\/01\/optimise-5.webp\",\"width\":800,\"height\":450,\"caption\":\"Imprimante monochrome Xerox B305 propos\u00e9e par D&O Partners pour des solutions d'impression efficaces et fiables pour les entreprises.\"},{\"@type\":\"BreadcrumbList\",\"@id\":\"https:\/\/www.dopartners.be\/fr\/produit\/imprimante-multifonction-xerox-b305\/#breadcrumb\",\"itemListElement\":[{\"@type\":\"ListItem\",\"position\":1,\"name\":\"Home\",\"item\":\"https:\/\/www.dopartners.be\/fr\/\"},{\"@type\":\"ListItem\",\"position\":2,\"name\":\"Boutique\",\"item\":\"https:\/\/www.dopartners.be\/fr\/shop\/\"},{\"@type\":\"ListItem\",\"position\":3,\"name\":\"Imprimante multifonction Xerox\u00ae B305 &#8211; Xerox\"}]},{\"@type\":\"WebSite\",\"@id\":\"https:\/\/www.dopartners.be\/fr\/#website\",\"url\":\"https:\/\/www.dopartners.be\/fr\/\",\"name\":\"D&amp;O Partners\",\"description\":\"Concessionnaire Xerox autoris\u00e9 \u00e0 Bruxelles\",\"publisher\":{\"@id\":\"https:\/\/www.dopartners.be\/fr\/#organization\"},\"alternateName\":\"DO Partners\",\"potentialAction\":[{\"@type\":\"SearchAction\",\"target\":{\"@type\":\"EntryPoint\",\"urlTemplate\":\"https:\/\/www.dopartners.be\/fr\/?s={search_term_string}\"},\"query-input\":{\"@type\":\"PropertyValueSpecification\",\"valueRequired\":true,\"valueName\":\"search_term_string\"}}],\"inLanguage\":\"fr-BE\"},{\"@type\":\"Organization\",\"@id\":\"https:\/\/www.dopartners.be\/fr\/#organization\",\"name\":\"DO PARTNERS\",\"url\":\"https:\/\/www.dopartners.be\/fr\/\",\"logo\":{\"@type\":\"ImageObject\",\"inLanguage\":\"fr-BE\",\"@id\":\"https:\/\/www.dopartners.be\/fr\/#\/schema\/logo\/image\/\",\"url\":\"https:\/\/www.dopartners.be\/wp-content\/uploads\/2017\/11\/DO-partners-logo.png\",\"contentUrl\":\"https:\/\/www.dopartners.be\/wp-content\/uploads\/2017\/11\/DO-partners-logo.png\",\"width\":135,\"height\":100,\"caption\":\"DO PARTNERS\"},\"image\":{\"@id\":\"https:\/\/www.dopartners.be\/fr\/#\/schema\/logo\/image\/\"},\"sameAs\":[\"https:\/\/www.facebook.com\/DOPartnersXerox\",\"https:\/\/www.youtube.com\/@dopartners\",\"https:\/\/www.linkedin.com\/company\/d&amp;o-partners\/\"]}]}<\/script>\n<!-- \/ Yoast SEO plugin. -->","yoast_head_json":{"title":"Imprimante multifonction Xerox\u00ae B305 - Xerox - D&amp;O Partners","robots":{"index":"index","follow":"follow","max-snippet":"max-snippet:-1","max-image-preview":"max-image-preview:large","max-video-preview":"max-video-preview:-1"},"canonical":"https:\/\/www.dopartners.be\/fr\/produit\/imprimante-multifonction-xerox-b305\/","og_locale":"fr_FR","og_type":"article","og_title":"Imprimante multifonction Xerox\u00ae B305 - Xerox - D&amp;O Partners","og_description":"[vc_row content_placement=\"top\"][vc_column][vc_btn title=\"T\u00e9l\u00e9charger la brochure\" style=\"flat\" shape=\"square\" align=\"left\" i_icon_fontawesome=\"fa fa-file-pdf-o\" add_icon=\"true\" link=\"url:\/wp-content\/uploads\/2023\/09\/bochure-printers-mono-b310-b305-b315-xerox-belgium.pdf||target:%20_blank|\"][vc_column_text]  Imprimante multifonctionnelle noir et blanc \u00e0 haute fiabilit\u00e9 pour votre petite entreprise ou votre bureau \u00e0 domicile   Copie, impression, num\u00e9risation  Id\u00e9ale pour les petites et moyennes entreprises et pour les bureaux \u00e0 domicile  Acc\u00e8s \u00e0 un flux de production avanc\u00e9 en option avec la platforme Xerox Workflow Central  Fiable et digne de confiance  Compatibilit\u00e9 mobile : Apple AirPrint, Chromebook, Mopria, WI-FI et Wi-Fi Direct  Fonctions de s\u00e9curit\u00e9 compl\u00e8tes  Scanner rapide avec chargeur automatique de documents (CAD) et glace d\u2019exposition  D\u00e9couvrez l'imprimante multifonctions Xerox B305, une solution id\u00e9ale pour les petites \u00e9quipes de travail, les bureaux \u00e0 domicile et les espaces restreints. Avec des vitesses d'impression allant jusqu'\u00e0 40 pages par minute en noir et blanc et une r\u00e9solution de 600 x 600 ppp, cette imprimante est con\u00e7ue pour r\u00e9pondre aux besoins des PME et des t\u00e9l\u00e9travailleurs exigeants.  L'imprimante B305 offre une exp\u00e9rience utilisateur intuitive gr\u00e2ce \u00e0 son \u00e9cran tactile couleur de 2,8 pouces et \u00e0 ses capacit\u00e9s de copie et de num\u00e9risation rapides. Num\u00e9risez vers e-mail, USB ou bureau avec le chargeur automatique de documents de 50 feuilles.  Pour une connectivit\u00e9 optimale, elle est \u00e9quip\u00e9e du Wi-Fi standard, compatible avec AirPrint, Mopria et Wi-Fi Direct\u00ae, permettant une impression facile depuis divers appareils mobiles et ordinateurs. La s\u00e9curit\u00e9 des donn\u00e9es est assur\u00e9e par des mises \u00e0 jour de micrologiciels sign\u00e9s, une gestion des certificats et des contr\u00f4les d'acc\u00e8s avanc\u00e9s.  R\u00e9duisez vos co\u00fbts et votre empreinte \u00e9cologique gr\u00e2ce \u00e0 des toners grande capacit\u00e9 et \u00e0 notre programme de recyclage Green World Alliance. Optez pour la B305 de Xerox pour une productivit\u00e9 accrue, une flexibilit\u00e9 in\u00e9gal\u00e9e et une s\u00e9curit\u00e9 renforc\u00e9e, le tout dans un design compact et performant.","og_url":"https:\/\/www.dopartners.be\/fr\/produit\/imprimante-multifonction-xerox-b305\/","og_site_name":"D&amp;O Partners","article_publisher":"https:\/\/www.facebook.com\/DOPartnersXerox","article_modified_time":"2025-09-22T10:09:33+00:00","og_image":[{"width":800,"height":450,"url":"https:\/\/www.dopartners.be\/wp-content\/uploads\/2023\/01\/optimise-5.webp","type":"image\/webp"}],"twitter_card":"summary_large_image","twitter_misc":{"Dur\u00e9e de lecture est.":"1 minute"},"schema":{"@context":"https:\/\/schema.org","@graph":[{"@type":"WebPage","@id":"https:\/\/www.dopartners.be\/fr\/produit\/imprimante-multifonction-xerox-b305\/","url":"https:\/\/www.dopartners.be\/fr\/produit\/imprimante-multifonction-xerox-b305\/","name":"Imprimante multifonction Xerox\u00ae B305 - Xerox - D&amp;O Partners","isPartOf":{"@id":"https:\/\/www.dopartners.be\/fr\/#website"},"primaryImageOfPage":{"@id":"https:\/\/www.dopartners.be\/fr\/produit\/imprimante-multifonction-xerox-b305\/#primaryimage"},"image":{"@id":"https:\/\/www.dopartners.be\/fr\/produit\/imprimante-multifonction-xerox-b305\/#primaryimage"},"thumbnailUrl":"https:\/\/www.dopartners.be\/wp-content\/uploads\/2023\/01\/optimise-5.webp","datePublished":"2023-01-24T12:40:10+00:00","dateModified":"2025-09-22T10:09:33+00:00","breadcrumb":{"@id":"https:\/\/www.dopartners.be\/fr\/produit\/imprimante-multifonction-xerox-b305\/#breadcrumb"},"inLanguage":"fr-BE","potentialAction":[{"@type":"ReadAction","target":["https:\/\/www.dopartners.be\/fr\/produit\/imprimante-multifonction-xerox-b305\/"]}]},{"@type":"ImageObject","inLanguage":"fr-BE","@id":"https:\/\/www.dopartners.be\/fr\/produit\/imprimante-multifonction-xerox-b305\/#primaryimage","url":"https:\/\/www.dopartners.be\/wp-content\/uploads\/2023\/01\/optimise-5.webp","contentUrl":"https:\/\/www.dopartners.be\/wp-content\/uploads\/2023\/01\/optimise-5.webp","width":800,"height":450,"caption":"Imprimante monochrome Xerox B305 propos\u00e9e par D&O Partners pour des solutions d'impression efficaces et fiables pour les entreprises."},{"@type":"BreadcrumbList","@id":"https:\/\/www.dopartners.be\/fr\/produit\/imprimante-multifonction-xerox-b305\/#breadcrumb","itemListElement":[{"@type":"ListItem","position":1,"name":"Home","item":"https:\/\/www.dopartners.be\/fr\/"},{"@type":"ListItem","position":2,"name":"Boutique","item":"https:\/\/www.dopartners.be\/fr\/shop\/"},{"@type":"ListItem","position":3,"name":"Imprimante multifonction Xerox\u00ae B305 &#8211; Xerox"}]},{"@type":"WebSite","@id":"https:\/\/www.dopartners.be\/fr\/#website","url":"https:\/\/www.dopartners.be\/fr\/","name":"D&amp;O Partners","description":"Concessionnaire Xerox autoris\u00e9 \u00e0 Bruxelles","publisher":{"@id":"https:\/\/www.dopartners.be\/fr\/#organization"},"alternateName":"DO Partners","potentialAction":[{"@type":"SearchAction","target":{"@type":"EntryPoint","urlTemplate":"https:\/\/www.dopartners.be\/fr\/?s={search_term_string}"},"query-input":{"@type":"PropertyValueSpecification","valueRequired":true,"valueName":"search_term_string"}}],"inLanguage":"fr-BE"},{"@type":"Organization","@id":"https:\/\/www.dopartners.be\/fr\/#organization","name":"DO PARTNERS","url":"https:\/\/www.dopartners.be\/fr\/","logo":{"@type":"ImageObject","inLanguage":"fr-BE","@id":"https:\/\/www.dopartners.be\/fr\/#\/schema\/logo\/image\/","url":"https:\/\/www.dopartners.be\/wp-content\/uploads\/2017\/11\/DO-partners-logo.png","contentUrl":"https:\/\/www.dopartners.be\/wp-content\/uploads\/2017\/11\/DO-partners-logo.png","width":135,"height":100,"caption":"DO PARTNERS"},"image":{"@id":"https:\/\/www.dopartners.be\/fr\/#\/schema\/logo\/image\/"},"sameAs":["https:\/\/www.facebook.com\/DOPartnersXerox","https:\/\/www.youtube.com\/@dopartners","https:\/\/www.linkedin.com\/company\/d&amp;o-partners\/"]}]}},"_links":{"self":[{"href":"https:\/\/www.dopartners.be\/fr\/wp-json\/wp\/v2\/product\/4991","targetHints":{"allow":["GET"]}}],"collection":[{"href":"https:\/\/www.dopartners.be\/fr\/wp-json\/wp\/v2\/product"}],"about":[{"href":"https:\/\/www.dopartners.be\/fr\/wp-json\/wp\/v2\/types\/product"}],"wp:featuredmedia":[{"embeddable":true,"href":"https:\/\/www.dopartners.be\/fr\/wp-json\/wp\/v2\/media\/4992"}],"wp:attachment":[{"href":"https:\/\/www.dopartners.be\/fr\/wp-json\/wp\/v2\/media?parent=4991"}],"wp:term":[{"taxonomy":"product_brand","embeddable":true,"href":"https:\/\/www.dopartners.be\/fr\/wp-json\/wp\/v2\/product_brand?post=4991"},{"taxonomy":"product_cat","embeddable":true,"href":"https:\/\/www.dopartners.be\/fr\/wp-json\/wp\/v2\/product_cat?post=4991"},{"taxonomy":"product_tag","embeddable":true,"href":"https:\/\/www.dopartners.be\/fr\/wp-json\/wp\/v2\/product_tag?post=4991"}],"curies":[{"name":"wp","href":"https:\/\/api.w.org\/{rel}","templated":true}]}}