{"id":5017,"date":"2023-01-24T14:14:08","date_gmt":"2023-01-24T13:14:08","guid":{"rendered":"https:\/\/www.dopartners.be\/?post_type=product&#038;p=5017"},"modified":"2025-09-22T11:15:02","modified_gmt":"2025-09-22T09:15:02","slug":"imprimante-couleur-xerox-c310","status":"publish","type":"product","link":"https:\/\/www.dopartners.be\/fr\/produit\/imprimante-couleur-xerox-c310\/","title":{"rendered":"Xerox\u00ae C310 &#8211; Imprimante Couleur &#8211; Xerox"},"content":{"rendered":"<div class=\"wpb-content-wrapper\"><p>[vc_row content_placement=&#8221;top&#8221;][vc_column][vc_column_text woodmart_inline=&#8221;no&#8221; text_larger=&#8221;no&#8221;]<\/p>\n<table class=\"shop_attributes\">\n<tbody>\n<tr>\n<th>Mod\u00e8le<\/th>\n<td>C310V\/DNI<\/td>\n<\/tr>\n<tr>\n<th>Fonctions standard<\/th>\n<td>Impression<\/td>\n<\/tr>\n<tr>\n<th>Vitesse d&#8217;impression<\/th>\n<td>Couleur: jusqu&#8217;\u00e0 33 ppm<br \/>\nNoir: jusqu&#8217;\u00e0 33 ppm<\/td>\n<\/tr>\n<tr>\n<th>Volume d&#8217;impression mensuel recommand\u00e9<\/th>\n<td>Jusqu&#8217;\u00e0 6.000 pages<\/td>\n<\/tr>\n<tr>\n<th>Volume mensuel maximum<\/th>\n<td>Jusqu&#8217;\u00e0 80.000 images\/mois<\/td>\n<\/tr>\n<tr>\n<th>Connectivit\u00e9<\/th>\n<td>Ethernet 10\/100 BaseTX, Gigabit Ethernet, Cl\u00e9 USB 2.0 \u00e0 haut d\u00e9bit (USB-A), USB 2.0 haute vitesse (Type B), Sans fil 802.11 b\/g\/n<\/td>\n<\/tr>\n<tr>\n<th>Sortie recto\/verso<\/th>\n<td>En standard<\/td>\n<\/tr>\n<tr>\n<th>D\u00e9veloppement Durable<\/th>\n<td>EPEAT<br \/>\nENERGY STAR\u00ae<br \/>\nBlue Angel<br \/>\nGreen World Alliance<\/td>\n<\/tr>\n<\/tbody>\n<\/table>\n<p>[\/vc_column_text][\/vc_column][\/vc_row]<\/p>\n<\/div>","protected":false},"excerpt":{"rendered":"<p>[vc_row content_placement=&#8221;top&#8221;][vc_column][vc_btn title=&#8221;T\u00e9l\u00e9charger la brochure&#8221; style=&#8221;flat&#8221; shape=&#8221;square&#8221; align=&#8221;left&#8221; i_icon_fontawesome=&#8221;fa fa-file-pdf-o&#8221; add_icon=&#8221;true&#8221; link=&#8221;url:\/wp-content\/uploads\/2023\/09\/brochure-imprimante-couleur-c310-c315-xerox-belgique.pdf||target:%20_blank|&#8221;][vc_column_text]<\/p>\n<p>Une imprimante couleur \u00e0 haute fiabilit\u00e9, parfaite pour les petits groupes de travail<\/p>\n<ul>\n<li>Id\u00e9ale pour les petites et moyennes entreprises et pour les bureaux \u00e0 domicile<\/li>\n<li>Installation simple avec l&#8217;installateur Smart Start<\/li>\n<li>Fiable et digne de confiance<\/li>\n<li>Compatibilit\u00e9 mobile : Apple AirPrint, Chromebook, Mopria, WI-FI et Wi-Fi Direct<\/li>\n<li>Fonctions de s\u00e9curit\u00e9 compl\u00e8tes<\/li>\n<\/ul>\n<p>La Xerox\u00ae C310 est une imprimante couleur de haute performance, id\u00e9ale pour les petites et moyennes entreprises qui recherchent fiabilit\u00e9 et efficacit\u00e9. Avec une vitesse d\u2019impression allant jusqu\u2019\u00e0 35 pages par minute en couleur et en noir et blanc, et une r\u00e9solution maximale de 1200 x 1200 ppp, elle assure des impressions de qualit\u00e9 professionnelle. Le cycle de service mensuel peut atteindre jusqu\u2019\u00e0 80 000 pages, tandis que le volume d\u2019impression recommand\u00e9 est de 6 000 pages par mois, ce qui convient parfaitement aux besoins d&#8217;impression intensive.<\/p>\n<p>L\u2019imprimante C310 est dot\u00e9e d\u2019un processeur bic\u0153ur de 1 GHz avec GPU et de 1 Go de RAM, garantissant une performance fluide et rapide. La connectivit\u00e9 est \u00e9galement un point fort avec des options comme USB 2.0, Ethernet, et Wi-Fi 802.11 b\/g\/n, ainsi que des capacit\u00e9s d\u2019impression mobile via Apple AirPrint, Mopria Print Service, et Wi-Fi Direct\u00ae.<\/p>\n<p>Cette imprimante utilise une technologie d\u2019imagerie laser couleur et propose diverses fonctionnalit\u00e9s d\u2019impression avanc\u00e9es telles que le recto verso, l\u2019impression s\u00e9curis\u00e9e, et la qualit\u00e9 d\u2019image am\u00e9lior\u00e9e \u00e0 4 800 ppp. La sortie de la premi\u00e8re page en couleur est rapide, en seulement 7,2 secondes, et 6,7 secondes pour le noir et blanc.<\/p>\n<p>C\u00f4t\u00e9 gestion des supports, elle offre une capacit\u00e9 standard de 251 feuilles et peut \u00eatre \u00e9tendue jusqu\u2019\u00e0 901 feuilles, avec une vari\u00e9t\u00e9 de types de papier support\u00e9s, y compris le papier l\u00e9ger, ordinaire, \u00e9pais, cartonn\u00e9, et les enveloppes.<\/p>\n<p>En termes de s\u00e9curit\u00e9, la C310 inclut des mises \u00e0 jour de micrologiciels sign\u00e9s, des contr\u00f4les d&#8217;acc\u00e8s, et l&#8217;impression confidentielle, assurant la protection des donn\u00e9es sensibles.<\/p>\n<p>L&#8217;imprimante Xerox\u00ae C310 est une solution compl\u00e8te pour r\u00e9pondre aux exigences \u00e9lev\u00e9es de productivit\u00e9 et de qualit\u00e9 des environnements de travail modernes.<\/p>\n","protected":false},"featured_media":11354,"template":"","meta":[],"product_brand":[],"product_cat":[19],"product_tag":[],"class_list":{"0":"post-5017","1":"product","2":"type-product","3":"status-publish","4":"has-post-thumbnail","6":"product_cat-imprimantes-bureau","8":"first","9":"instock","10":"shipping-taxable","11":"product-type-simple"},"yoast_head":"<!-- This site is optimized with the Yoast SEO plugin v25.9 - https:\/\/yoast.com\/wordpress\/plugins\/seo\/ -->\n<title>Xerox\u00ae C310 - Imprimante Couleur - Xerox - D&amp;O Partners<\/title>\n<meta name=\"robots\" content=\"index, follow, max-snippet:-1, max-image-preview:large, max-video-preview:-1\" \/>\n<link rel=\"canonical\" href=\"https:\/\/www.dopartners.be\/fr\/produit\/imprimante-couleur-xerox-c310\/\" \/>\n<meta property=\"og:locale\" content=\"fr_FR\" \/>\n<meta property=\"og:type\" content=\"article\" \/>\n<meta property=\"og:title\" content=\"Xerox\u00ae C310 - Imprimante Couleur - Xerox - D&amp;O Partners\" \/>\n<meta property=\"og:description\" content=\"[vc_row content_placement=&quot;top&quot;][vc_column][vc_btn title=&quot;T\u00e9l\u00e9charger la brochure&quot; style=&quot;flat&quot; shape=&quot;square&quot; align=&quot;left&quot; i_icon_fontawesome=&quot;fa fa-file-pdf-o&quot; add_icon=&quot;true&quot; link=&quot;url:\/wp-content\/uploads\/2023\/09\/brochure-imprimante-couleur-c310-c315-xerox-belgique.pdf||target:%20_blank|&quot;][vc_column_text]  Une imprimante couleur \u00e0 haute fiabilit\u00e9, parfaite pour les petits groupes de travail   Id\u00e9ale pour les petites et moyennes entreprises et pour les bureaux \u00e0 domicile  Installation simple avec l&#039;installateur Smart Start  Fiable et digne de confiance  Compatibilit\u00e9 mobile : Apple AirPrint, Chromebook, Mopria, WI-FI et Wi-Fi Direct  Fonctions de s\u00e9curit\u00e9 compl\u00e8tes  La Xerox\u00ae C310 est une imprimante couleur de haute performance, id\u00e9ale pour les petites et moyennes entreprises qui recherchent fiabilit\u00e9 et efficacit\u00e9. Avec une vitesse d\u2019impression allant jusqu\u2019\u00e0 35 pages par minute en couleur et en noir et blanc, et une r\u00e9solution maximale de 1200 x 1200 ppp, elle assure des impressions de qualit\u00e9 professionnelle. Le cycle de service mensuel peut atteindre jusqu\u2019\u00e0 80 000 pages, tandis que le volume d\u2019impression recommand\u00e9 est de 6 000 pages par mois, ce qui convient parfaitement aux besoins d&#039;impression intensive.  L\u2019imprimante C310 est dot\u00e9e d\u2019un processeur bic\u0153ur de 1 GHz avec GPU et de 1 Go de RAM, garantissant une performance fluide et rapide. La connectivit\u00e9 est \u00e9galement un point fort avec des options comme USB 2.0, Ethernet, et Wi-Fi 802.11 b\/g\/n, ainsi que des capacit\u00e9s d\u2019impression mobile via Apple AirPrint, Mopria Print Service, et Wi-Fi Direct\u00ae.  Cette imprimante utilise une technologie d\u2019imagerie laser couleur et propose diverses fonctionnalit\u00e9s d\u2019impression avanc\u00e9es telles que le recto verso, l\u2019impression s\u00e9curis\u00e9e, et la qualit\u00e9 d\u2019image am\u00e9lior\u00e9e \u00e0 4 800 ppp. La sortie de la premi\u00e8re page en couleur est rapide, en seulement 7,2 secondes, et 6,7 secondes pour le noir et blanc.  C\u00f4t\u00e9 gestion des supports, elle offre une capacit\u00e9 standard de 251 feuilles et peut \u00eatre \u00e9tendue jusqu\u2019\u00e0 901 feuilles, avec une vari\u00e9t\u00e9 de types de papier support\u00e9s, y compris le papier l\u00e9ger, ordinaire, \u00e9pais, cartonn\u00e9, et les enveloppes.  En termes de s\u00e9curit\u00e9, la C310 inclut des mises \u00e0 jour de micrologiciels sign\u00e9s, des contr\u00f4les d&#039;acc\u00e8s, et l&#039;impression confidentielle, assurant la protection des donn\u00e9es sensibles.  L&#039;imprimante Xerox\u00ae C310 est une solution compl\u00e8te pour r\u00e9pondre aux exigences \u00e9lev\u00e9es de productivit\u00e9 et de qualit\u00e9 des environnements de travail modernes.\" \/>\n<meta property=\"og:url\" content=\"https:\/\/www.dopartners.be\/fr\/produit\/imprimante-couleur-xerox-c310\/\" \/>\n<meta property=\"og:site_name\" content=\"D&amp;O Partners\" \/>\n<meta property=\"article:publisher\" content=\"https:\/\/www.facebook.com\/DOPartnersXerox\" \/>\n<meta property=\"article:modified_time\" content=\"2025-09-22T09:15:02+00:00\" \/>\n<meta property=\"og:image\" content=\"https:\/\/www.dopartners.be\/wp-content\/uploads\/2023\/01\/c310-kleurenprinter-xerox-belgie.webp\" \/>\n\t<meta property=\"og:image:width\" content=\"1200\" \/>\n\t<meta property=\"og:image:height\" content=\"1144\" \/>\n\t<meta property=\"og:image:type\" content=\"image\/webp\" \/>\n<meta name=\"twitter:card\" content=\"summary_large_image\" \/>\n<meta name=\"twitter:label1\" content=\"Dur\u00e9e de lecture est.\" \/>\n\t<meta name=\"twitter:data1\" content=\"1 minute\" \/>\n<script type=\"application\/ld+json\" class=\"yoast-schema-graph\">{\"@context\":\"https:\/\/schema.org\",\"@graph\":[{\"@type\":\"WebPage\",\"@id\":\"https:\/\/www.dopartners.be\/fr\/produit\/imprimante-couleur-xerox-c310\/\",\"url\":\"https:\/\/www.dopartners.be\/fr\/produit\/imprimante-couleur-xerox-c310\/\",\"name\":\"Xerox\u00ae C310 - Imprimante Couleur - Xerox - D&amp;O Partners\",\"isPartOf\":{\"@id\":\"https:\/\/www.dopartners.be\/fr\/#website\"},\"primaryImageOfPage\":{\"@id\":\"https:\/\/www.dopartners.be\/fr\/produit\/imprimante-couleur-xerox-c310\/#primaryimage\"},\"image\":{\"@id\":\"https:\/\/www.dopartners.be\/fr\/produit\/imprimante-couleur-xerox-c310\/#primaryimage\"},\"thumbnailUrl\":\"https:\/\/www.dopartners.be\/wp-content\/uploads\/2023\/01\/c310-kleurenprinter-xerox-belgie.webp\",\"datePublished\":\"2023-01-24T13:14:08+00:00\",\"dateModified\":\"2025-09-22T09:15:02+00:00\",\"breadcrumb\":{\"@id\":\"https:\/\/www.dopartners.be\/fr\/produit\/imprimante-couleur-xerox-c310\/#breadcrumb\"},\"inLanguage\":\"fr-BE\",\"potentialAction\":[{\"@type\":\"ReadAction\",\"target\":[\"https:\/\/www.dopartners.be\/fr\/produit\/imprimante-couleur-xerox-c310\/\"]}]},{\"@type\":\"ImageObject\",\"inLanguage\":\"fr-BE\",\"@id\":\"https:\/\/www.dopartners.be\/fr\/produit\/imprimante-couleur-xerox-c310\/#primaryimage\",\"url\":\"https:\/\/www.dopartners.be\/wp-content\/uploads\/2023\/01\/c310-kleurenprinter-xerox-belgie.webp\",\"contentUrl\":\"https:\/\/www.dopartners.be\/wp-content\/uploads\/2023\/01\/c310-kleurenprinter-xerox-belgie.webp\",\"width\":1200,\"height\":1144,\"caption\":\"Imprimante couleur Xerox C310 de conception compacte et moderne fournie par D&O Partners, parfaite pour une utilisation professionnelle ou personnelle.\"},{\"@type\":\"BreadcrumbList\",\"@id\":\"https:\/\/www.dopartners.be\/fr\/produit\/imprimante-couleur-xerox-c310\/#breadcrumb\",\"itemListElement\":[{\"@type\":\"ListItem\",\"position\":1,\"name\":\"Home\",\"item\":\"https:\/\/www.dopartners.be\/fr\/\"},{\"@type\":\"ListItem\",\"position\":2,\"name\":\"Boutique\",\"item\":\"https:\/\/www.dopartners.be\/fr\/shop\/\"},{\"@type\":\"ListItem\",\"position\":3,\"name\":\"Xerox\u00ae C310 &#8211; Imprimante Couleur &#8211; Xerox\"}]},{\"@type\":\"WebSite\",\"@id\":\"https:\/\/www.dopartners.be\/fr\/#website\",\"url\":\"https:\/\/www.dopartners.be\/fr\/\",\"name\":\"D&amp;O Partners\",\"description\":\"Concessionnaire Xerox autoris\u00e9 \u00e0 Bruxelles\",\"publisher\":{\"@id\":\"https:\/\/www.dopartners.be\/fr\/#organization\"},\"alternateName\":\"DO Partners\",\"potentialAction\":[{\"@type\":\"SearchAction\",\"target\":{\"@type\":\"EntryPoint\",\"urlTemplate\":\"https:\/\/www.dopartners.be\/fr\/?s={search_term_string}\"},\"query-input\":{\"@type\":\"PropertyValueSpecification\",\"valueRequired\":true,\"valueName\":\"search_term_string\"}}],\"inLanguage\":\"fr-BE\"},{\"@type\":\"Organization\",\"@id\":\"https:\/\/www.dopartners.be\/fr\/#organization\",\"name\":\"DO PARTNERS\",\"url\":\"https:\/\/www.dopartners.be\/fr\/\",\"logo\":{\"@type\":\"ImageObject\",\"inLanguage\":\"fr-BE\",\"@id\":\"https:\/\/www.dopartners.be\/fr\/#\/schema\/logo\/image\/\",\"url\":\"https:\/\/www.dopartners.be\/wp-content\/uploads\/2017\/11\/DO-partners-logo.png\",\"contentUrl\":\"https:\/\/www.dopartners.be\/wp-content\/uploads\/2017\/11\/DO-partners-logo.png\",\"width\":135,\"height\":100,\"caption\":\"DO PARTNERS\"},\"image\":{\"@id\":\"https:\/\/www.dopartners.be\/fr\/#\/schema\/logo\/image\/\"},\"sameAs\":[\"https:\/\/www.facebook.com\/DOPartnersXerox\",\"https:\/\/www.youtube.com\/@dopartners\",\"https:\/\/www.linkedin.com\/company\/d&amp;o-partners\/\"]}]}<\/script>\n<!-- \/ Yoast SEO plugin. -->","yoast_head_json":{"title":"Xerox\u00ae C310 - Imprimante Couleur - Xerox - D&amp;O Partners","robots":{"index":"index","follow":"follow","max-snippet":"max-snippet:-1","max-image-preview":"max-image-preview:large","max-video-preview":"max-video-preview:-1"},"canonical":"https:\/\/www.dopartners.be\/fr\/produit\/imprimante-couleur-xerox-c310\/","og_locale":"fr_FR","og_type":"article","og_title":"Xerox\u00ae C310 - Imprimante Couleur - Xerox - D&amp;O Partners","og_description":"[vc_row content_placement=\"top\"][vc_column][vc_btn title=\"T\u00e9l\u00e9charger la brochure\" style=\"flat\" shape=\"square\" align=\"left\" i_icon_fontawesome=\"fa fa-file-pdf-o\" add_icon=\"true\" link=\"url:\/wp-content\/uploads\/2023\/09\/brochure-imprimante-couleur-c310-c315-xerox-belgique.pdf||target:%20_blank|\"][vc_column_text]  Une imprimante couleur \u00e0 haute fiabilit\u00e9, parfaite pour les petits groupes de travail   Id\u00e9ale pour les petites et moyennes entreprises et pour les bureaux \u00e0 domicile  Installation simple avec l'installateur Smart Start  Fiable et digne de confiance  Compatibilit\u00e9 mobile : Apple AirPrint, Chromebook, Mopria, WI-FI et Wi-Fi Direct  Fonctions de s\u00e9curit\u00e9 compl\u00e8tes  La Xerox\u00ae C310 est une imprimante couleur de haute performance, id\u00e9ale pour les petites et moyennes entreprises qui recherchent fiabilit\u00e9 et efficacit\u00e9. Avec une vitesse d\u2019impression allant jusqu\u2019\u00e0 35 pages par minute en couleur et en noir et blanc, et une r\u00e9solution maximale de 1200 x 1200 ppp, elle assure des impressions de qualit\u00e9 professionnelle. Le cycle de service mensuel peut atteindre jusqu\u2019\u00e0 80 000 pages, tandis que le volume d\u2019impression recommand\u00e9 est de 6 000 pages par mois, ce qui convient parfaitement aux besoins d'impression intensive.  L\u2019imprimante C310 est dot\u00e9e d\u2019un processeur bic\u0153ur de 1 GHz avec GPU et de 1 Go de RAM, garantissant une performance fluide et rapide. La connectivit\u00e9 est \u00e9galement un point fort avec des options comme USB 2.0, Ethernet, et Wi-Fi 802.11 b\/g\/n, ainsi que des capacit\u00e9s d\u2019impression mobile via Apple AirPrint, Mopria Print Service, et Wi-Fi Direct\u00ae.  Cette imprimante utilise une technologie d\u2019imagerie laser couleur et propose diverses fonctionnalit\u00e9s d\u2019impression avanc\u00e9es telles que le recto verso, l\u2019impression s\u00e9curis\u00e9e, et la qualit\u00e9 d\u2019image am\u00e9lior\u00e9e \u00e0 4 800 ppp. La sortie de la premi\u00e8re page en couleur est rapide, en seulement 7,2 secondes, et 6,7 secondes pour le noir et blanc.  C\u00f4t\u00e9 gestion des supports, elle offre une capacit\u00e9 standard de 251 feuilles et peut \u00eatre \u00e9tendue jusqu\u2019\u00e0 901 feuilles, avec une vari\u00e9t\u00e9 de types de papier support\u00e9s, y compris le papier l\u00e9ger, ordinaire, \u00e9pais, cartonn\u00e9, et les enveloppes.  En termes de s\u00e9curit\u00e9, la C310 inclut des mises \u00e0 jour de micrologiciels sign\u00e9s, des contr\u00f4les d'acc\u00e8s, et l'impression confidentielle, assurant la protection des donn\u00e9es sensibles.  L'imprimante Xerox\u00ae C310 est une solution compl\u00e8te pour r\u00e9pondre aux exigences \u00e9lev\u00e9es de productivit\u00e9 et de qualit\u00e9 des environnements de travail modernes.","og_url":"https:\/\/www.dopartners.be\/fr\/produit\/imprimante-couleur-xerox-c310\/","og_site_name":"D&amp;O Partners","article_publisher":"https:\/\/www.facebook.com\/DOPartnersXerox","article_modified_time":"2025-09-22T09:15:02+00:00","og_image":[{"width":1200,"height":1144,"url":"https:\/\/www.dopartners.be\/wp-content\/uploads\/2023\/01\/c310-kleurenprinter-xerox-belgie.webp","type":"image\/webp"}],"twitter_card":"summary_large_image","twitter_misc":{"Dur\u00e9e de lecture est.":"1 minute"},"schema":{"@context":"https:\/\/schema.org","@graph":[{"@type":"WebPage","@id":"https:\/\/www.dopartners.be\/fr\/produit\/imprimante-couleur-xerox-c310\/","url":"https:\/\/www.dopartners.be\/fr\/produit\/imprimante-couleur-xerox-c310\/","name":"Xerox\u00ae C310 - Imprimante Couleur - Xerox - D&amp;O Partners","isPartOf":{"@id":"https:\/\/www.dopartners.be\/fr\/#website"},"primaryImageOfPage":{"@id":"https:\/\/www.dopartners.be\/fr\/produit\/imprimante-couleur-xerox-c310\/#primaryimage"},"image":{"@id":"https:\/\/www.dopartners.be\/fr\/produit\/imprimante-couleur-xerox-c310\/#primaryimage"},"thumbnailUrl":"https:\/\/www.dopartners.be\/wp-content\/uploads\/2023\/01\/c310-kleurenprinter-xerox-belgie.webp","datePublished":"2023-01-24T13:14:08+00:00","dateModified":"2025-09-22T09:15:02+00:00","breadcrumb":{"@id":"https:\/\/www.dopartners.be\/fr\/produit\/imprimante-couleur-xerox-c310\/#breadcrumb"},"inLanguage":"fr-BE","potentialAction":[{"@type":"ReadAction","target":["https:\/\/www.dopartners.be\/fr\/produit\/imprimante-couleur-xerox-c310\/"]}]},{"@type":"ImageObject","inLanguage":"fr-BE","@id":"https:\/\/www.dopartners.be\/fr\/produit\/imprimante-couleur-xerox-c310\/#primaryimage","url":"https:\/\/www.dopartners.be\/wp-content\/uploads\/2023\/01\/c310-kleurenprinter-xerox-belgie.webp","contentUrl":"https:\/\/www.dopartners.be\/wp-content\/uploads\/2023\/01\/c310-kleurenprinter-xerox-belgie.webp","width":1200,"height":1144,"caption":"Imprimante couleur Xerox C310 de conception compacte et moderne fournie par D&O Partners, parfaite pour une utilisation professionnelle ou personnelle."},{"@type":"BreadcrumbList","@id":"https:\/\/www.dopartners.be\/fr\/produit\/imprimante-couleur-xerox-c310\/#breadcrumb","itemListElement":[{"@type":"ListItem","position":1,"name":"Home","item":"https:\/\/www.dopartners.be\/fr\/"},{"@type":"ListItem","position":2,"name":"Boutique","item":"https:\/\/www.dopartners.be\/fr\/shop\/"},{"@type":"ListItem","position":3,"name":"Xerox\u00ae C310 &#8211; Imprimante Couleur &#8211; Xerox"}]},{"@type":"WebSite","@id":"https:\/\/www.dopartners.be\/fr\/#website","url":"https:\/\/www.dopartners.be\/fr\/","name":"D&amp;O Partners","description":"Concessionnaire Xerox autoris\u00e9 \u00e0 Bruxelles","publisher":{"@id":"https:\/\/www.dopartners.be\/fr\/#organization"},"alternateName":"DO Partners","potentialAction":[{"@type":"SearchAction","target":{"@type":"EntryPoint","urlTemplate":"https:\/\/www.dopartners.be\/fr\/?s={search_term_string}"},"query-input":{"@type":"PropertyValueSpecification","valueRequired":true,"valueName":"search_term_string"}}],"inLanguage":"fr-BE"},{"@type":"Organization","@id":"https:\/\/www.dopartners.be\/fr\/#organization","name":"DO PARTNERS","url":"https:\/\/www.dopartners.be\/fr\/","logo":{"@type":"ImageObject","inLanguage":"fr-BE","@id":"https:\/\/www.dopartners.be\/fr\/#\/schema\/logo\/image\/","url":"https:\/\/www.dopartners.be\/wp-content\/uploads\/2017\/11\/DO-partners-logo.png","contentUrl":"https:\/\/www.dopartners.be\/wp-content\/uploads\/2017\/11\/DO-partners-logo.png","width":135,"height":100,"caption":"DO PARTNERS"},"image":{"@id":"https:\/\/www.dopartners.be\/fr\/#\/schema\/logo\/image\/"},"sameAs":["https:\/\/www.facebook.com\/DOPartnersXerox","https:\/\/www.youtube.com\/@dopartners","https:\/\/www.linkedin.com\/company\/d&amp;o-partners\/"]}]}},"_links":{"self":[{"href":"https:\/\/www.dopartners.be\/fr\/wp-json\/wp\/v2\/product\/5017","targetHints":{"allow":["GET"]}}],"collection":[{"href":"https:\/\/www.dopartners.be\/fr\/wp-json\/wp\/v2\/product"}],"about":[{"href":"https:\/\/www.dopartners.be\/fr\/wp-json\/wp\/v2\/types\/product"}],"wp:featuredmedia":[{"embeddable":true,"href":"https:\/\/www.dopartners.be\/fr\/wp-json\/wp\/v2\/media\/11354"}],"wp:attachment":[{"href":"https:\/\/www.dopartners.be\/fr\/wp-json\/wp\/v2\/media?parent=5017"}],"wp:term":[{"taxonomy":"product_brand","embeddable":true,"href":"https:\/\/www.dopartners.be\/fr\/wp-json\/wp\/v2\/product_brand?post=5017"},{"taxonomy":"product_cat","embeddable":true,"href":"https:\/\/www.dopartners.be\/fr\/wp-json\/wp\/v2\/product_cat?post=5017"},{"taxonomy":"product_tag","embeddable":true,"href":"https:\/\/www.dopartners.be\/fr\/wp-json\/wp\/v2\/product_tag?post=5017"}],"curies":[{"name":"wp","href":"https:\/\/api.w.org\/{rel}","templated":true}]}}