{"id":5068,"date":"2023-01-24T14:55:22","date_gmt":"2023-01-24T13:55:22","guid":{"rendered":"https:\/\/www.dopartners.be\/?post_type=product&#038;p=5068"},"modified":"2025-09-22T14:30:30","modified_gmt":"2025-09-22T12:30:30","slug":"versalink-c9000","status":"publish","type":"product","link":"https:\/\/www.dopartners.be\/fr\/produit\/versalink-c9000\/","title":{"rendered":"VersaLink C9000 &#8211; Imprimante Couleur &#8211; Pour un graphisme de qualit\u00e9 &#8211; Xerox"},"content":{"rendered":"<div class=\"wpb-content-wrapper\"><p>[vc_row content_placement=&#8221;top&#8221;][vc_column][vc_column_text woodmart_inline=&#8221;no&#8221; text_larger=&#8221;no&#8221;]<\/p>\n<table class=\"shop_attributes\">\n<tbody>\n<tr>\n<th>Mod\u00e8le<\/th>\n<td>C9000V\/DT<\/td>\n<\/tr>\n<tr>\n<th>Fonction standard<\/th>\n<td>Cloud, Impression<\/td>\n<\/tr>\n<tr>\n<th>Vitesse d&#8217;impression<\/th>\n<td>Couleur: jusqu&#8217;\u00e0 55 ppm<br \/>\nNoir: jusqu&#8217;\u00e0 55 ppm<\/td>\n<\/tr>\n<tr>\n<th>Volume d&#8217;impression mensuel recommand\u00e9<\/th>\n<td>Jusqu&#8217;\u00e0 30.000 pages<\/td>\n<\/tr>\n<tr>\n<th>Volume mensuel maximum<\/th>\n<td>Jusqu&#8217;\u00e0 270.000 images\/mois<\/td>\n<\/tr>\n<tr>\n<th>Capacit\u00e9 papier standard<\/th>\n<td>1.140 feuilles<\/td>\n<\/tr>\n<tr>\n<th>Sortie recto\/verso<\/th>\n<td>En standard<\/td>\n<\/tr>\n<tr>\n<th>D\u00e9veloppement Durable<\/th>\n<td>EPEAT<br \/>\nENERGY STAR\u00ae<\/td>\n<\/tr>\n<\/tbody>\n<\/table>\n<p>[\/vc_column_text][\/vc_column][\/vc_row]<\/p>\n<\/div>","protected":false},"excerpt":{"rendered":"<p>[vc_row content_placement=&#8221;top&#8221;][vc_column][vc_btn title=&#8221;T\u00e9l\u00e9charger la brochure&#8221; style=&#8221;flat&#8221; shape=&#8221;square&#8221; align=&#8221;left&#8221; i_icon_fontawesome=&#8221;fa fa-file-pdf-o&#8221; add_icon=&#8221;true&#8221; link=&#8221;url:\/wp-content\/uploads\/2023\/09\/brochure-imprimante-couleur-versalink-c8000-c9000-xerox-belgique.pdf||target:%20_blank|&#8221;][vc_column_text]<\/p>\n<p>Assistant personnel intelligent avec technologie ConnectKey\u00ae de Xerox\u00ae<\/p>\n<ul>\n<li>Imprimante couleur compatible avec le format A3 et les banni\u00e8res<\/li>\n<li>Id\u00e9ale pour les graphistes et les professionnels de la couleur qui exigent des tirages couleurs irr\u00e9prochables<\/li>\n<li>Contr\u00f4le in\u00e9gal\u00e9 de la couleur avec fonctionnalit\u00e9s avanc\u00e9es de la gestion des couleurs<\/li>\n<li>Impression mobile, applications pr\u00e9-charg\u00e9es et de multiples options de finition<\/li>\n<\/ul>\n<p>D\u00e9couvrez l&#8217;imprimante couleur Xerox VersaLink C9000, une solution d&#8217;impression professionnelle offrant une qualit\u00e9 de couleur vibrante et constante gr\u00e2ce \u00e0 des outils avanc\u00e9s de gestion des couleurs. Con\u00e7ue pour une flexibilit\u00e9 exceptionnelle des supports et une fiabilit\u00e9 in\u00e9gal\u00e9e, cette imprimante est id\u00e9ale pour les professionnels des arts graphiques et les groupes de conception internes. Les agences de publicit\u00e9, les studios de photographie et les bureaux de communication marketing peuvent utiliser la VersaLink C9000 pour produire des documents aux couleurs \u00e9clatantes et de qualit\u00e9 exceptionnelle.<\/p>\n<p>D\u00e8s sa mise en service, l&#8217;imprimante Xerox VersaLink C9000 optimise l&#8217;efficacit\u00e9 de votre entreprise gr\u00e2ce \u00e0 des assistants d&#8217;installation sans assistance informatique et des options de configuration \u00e9tape par \u00e9tape. La conception mat\u00e9rielle robuste avec un nombre restreint de pi\u00e8ces mobiles et des composants renforc\u00e9s pour le circuit papier assure une fiabilit\u00e9 sup\u00e9rieure et des performances durables.<\/p>\n<p>La VersaLink C9000 se distingue par une r\u00e9solution d&#8217;impression allant jusqu&#8217;\u00e0 1200 x 2400 ppp, produisant des photos r\u00e9alistes, des graphiques de qualit\u00e9 professionnelle et un texte d&#8217;une grande nettet\u00e9, m\u00eame avec de petits caract\u00e8res. Les simulations de couleurs unies \u00e9talonn\u00e9es PANTONE, combin\u00e9es \u00e0 la technologie de correction des couleurs Xerox et \u00e0 Adobe PostScript 3, garantissent des r\u00e9sultats toujours \u00e0 la hauteur de vos attentes.<\/p>\n<p>L&#8217;imprimante offre une compatibilit\u00e9 mobile et cloud \u00e9tendue, permettant de se connecter instantan\u00e9ment aux appareils mobiles et aux services cloud directement depuis l&#8217;interface utilisateur. Les fonctions de s\u00e9curit\u00e9 int\u00e9gr\u00e9es prot\u00e8gent vos donn\u00e9es et documents contre les acc\u00e8s non autoris\u00e9s et les comportements malveillants, assurant une tranquillit\u00e9 d&#8217;esprit totale.<\/p>\n<p>Pour les graphistes et les professionnels de la couleur, le syst\u00e8me de gestion des couleurs Xerox Precise Colour Management System, optimis\u00e9 par X-Rite, offre un contr\u00f4le chromatique optimal, permettant d&#8217;obtenir des impressions fid\u00e8les \u00e0 l&#8217;image affich\u00e9e. Ce syst\u00e8me aide \u00e0 maintenir la pr\u00e9cision des couleurs, m\u00eame sous des conditions environnementales variables, et permet d&#8217;\u00e9muler d&#8217;autres p\u00e9riph\u00e9riques pour des \u00e9preuves de pr\u00e9presse en interne.<\/p>\n<p>Enfin, la VersaLink C9000 offre des options de finition avanc\u00e9es et une grande flexibilit\u00e9 des supports, permettant de cr\u00e9er une large gamme de mat\u00e9riaux de qualit\u00e9, y compris des brochures, des affiches, des cartes de visite et bien plus encore. Avec des capacit\u00e9s d&#8217;impression sur des supports allant de 75 \u00e0 350 g\/m\u00b2 et des formats allant de 3,5 x 3,9 pouces \u00e0 12,6 x 52 pouces, cette imprimante transforme vos id\u00e9es en r\u00e9alit\u00e9.<\/p>\n<p>Pour une solution d&#8217;impression couleur professionnelle, fiable et polyvalente, choisissez l&#8217;imprimante Xerox VersaLink C9000. D\u00e9couvrez comment elle peut r\u00e9volutionner vos projets d&#8217;impression et am\u00e9liorer votre productivit\u00e9 en visitant notre site web.<\/p>\n","protected":false},"featured_media":11424,"template":"","meta":[],"product_brand":[],"product_cat":[20],"product_tag":[],"class_list":{"0":"post-5068","1":"product","2":"type-product","3":"status-publish","4":"has-post-thumbnail","6":"product_cat-multifonctions","8":"first","9":"instock","10":"shipping-taxable","11":"product-type-simple"},"yoast_head":"<!-- This site is optimized with the Yoast SEO plugin v25.9 - https:\/\/yoast.com\/wordpress\/plugins\/seo\/ -->\n<title>VersaLink C9000 - Imprimante Couleur - Pour un graphisme de qualit\u00e9 - Xerox - D&amp;O Partners<\/title>\n<meta name=\"robots\" content=\"index, follow, max-snippet:-1, max-image-preview:large, max-video-preview:-1\" \/>\n<link rel=\"canonical\" href=\"https:\/\/www.dopartners.be\/fr\/produit\/versalink-c9000\/\" \/>\n<meta property=\"og:locale\" content=\"fr_FR\" \/>\n<meta property=\"og:type\" content=\"article\" \/>\n<meta property=\"og:title\" content=\"VersaLink C9000 - Imprimante Couleur - Pour un graphisme de qualit\u00e9 - Xerox - D&amp;O Partners\" \/>\n<meta property=\"og:description\" content=\"[vc_row content_placement=&quot;top&quot;][vc_column][vc_btn title=&quot;T\u00e9l\u00e9charger la brochure&quot; style=&quot;flat&quot; shape=&quot;square&quot; align=&quot;left&quot; i_icon_fontawesome=&quot;fa fa-file-pdf-o&quot; add_icon=&quot;true&quot; link=&quot;url:\/wp-content\/uploads\/2023\/09\/brochure-imprimante-couleur-versalink-c8000-c9000-xerox-belgique.pdf||target:%20_blank|&quot;][vc_column_text]  Assistant personnel intelligent avec technologie ConnectKey\u00ae de Xerox\u00ae   Imprimante couleur compatible avec le format A3 et les banni\u00e8res  Id\u00e9ale pour les graphistes et les professionnels de la couleur qui exigent des tirages couleurs irr\u00e9prochables  Contr\u00f4le in\u00e9gal\u00e9 de la couleur avec fonctionnalit\u00e9s avanc\u00e9es de la gestion des couleurs  Impression mobile, applications pr\u00e9-charg\u00e9es et de multiples options de finition  D\u00e9couvrez l&#039;imprimante couleur Xerox VersaLink C9000, une solution d&#039;impression professionnelle offrant une qualit\u00e9 de couleur vibrante et constante gr\u00e2ce \u00e0 des outils avanc\u00e9s de gestion des couleurs. Con\u00e7ue pour une flexibilit\u00e9 exceptionnelle des supports et une fiabilit\u00e9 in\u00e9gal\u00e9e, cette imprimante est id\u00e9ale pour les professionnels des arts graphiques et les groupes de conception internes. Les agences de publicit\u00e9, les studios de photographie et les bureaux de communication marketing peuvent utiliser la VersaLink C9000 pour produire des documents aux couleurs \u00e9clatantes et de qualit\u00e9 exceptionnelle.  D\u00e8s sa mise en service, l&#039;imprimante Xerox VersaLink C9000 optimise l&#039;efficacit\u00e9 de votre entreprise gr\u00e2ce \u00e0 des assistants d&#039;installation sans assistance informatique et des options de configuration \u00e9tape par \u00e9tape. La conception mat\u00e9rielle robuste avec un nombre restreint de pi\u00e8ces mobiles et des composants renforc\u00e9s pour le circuit papier assure une fiabilit\u00e9 sup\u00e9rieure et des performances durables.  La VersaLink C9000 se distingue par une r\u00e9solution d&#039;impression allant jusqu&#039;\u00e0 1200 x 2400 ppp, produisant des photos r\u00e9alistes, des graphiques de qualit\u00e9 professionnelle et un texte d&#039;une grande nettet\u00e9, m\u00eame avec de petits caract\u00e8res. Les simulations de couleurs unies \u00e9talonn\u00e9es PANTONE, combin\u00e9es \u00e0 la technologie de correction des couleurs Xerox et \u00e0 Adobe PostScript 3, garantissent des r\u00e9sultats toujours \u00e0 la hauteur de vos attentes.  L&#039;imprimante offre une compatibilit\u00e9 mobile et cloud \u00e9tendue, permettant de se connecter instantan\u00e9ment aux appareils mobiles et aux services cloud directement depuis l&#039;interface utilisateur. Les fonctions de s\u00e9curit\u00e9 int\u00e9gr\u00e9es prot\u00e8gent vos donn\u00e9es et documents contre les acc\u00e8s non autoris\u00e9s et les comportements malveillants, assurant une tranquillit\u00e9 d&#039;esprit totale.  Pour les graphistes et les professionnels de la couleur, le syst\u00e8me de gestion des couleurs Xerox Precise Colour Management System, optimis\u00e9 par X-Rite, offre un contr\u00f4le chromatique optimal, permettant d&#039;obtenir des impressions fid\u00e8les \u00e0 l&#039;image affich\u00e9e. Ce syst\u00e8me aide \u00e0 maintenir la pr\u00e9cision des couleurs, m\u00eame sous des conditions environnementales variables, et permet d&#039;\u00e9muler d&#039;autres p\u00e9riph\u00e9riques pour des \u00e9preuves de pr\u00e9presse en interne.  Enfin, la VersaLink C9000 offre des options de finition avanc\u00e9es et une grande flexibilit\u00e9 des supports, permettant de cr\u00e9er une large gamme de mat\u00e9riaux de qualit\u00e9, y compris des brochures, des affiches, des cartes de visite et bien plus encore. Avec des capacit\u00e9s d&#039;impression sur des supports allant de 75 \u00e0 350 g\/m\u00b2 et des formats allant de 3,5 x 3,9 pouces \u00e0 12,6 x 52 pouces, cette imprimante transforme vos id\u00e9es en r\u00e9alit\u00e9.  Pour une solution d&#039;impression couleur professionnelle, fiable et polyvalente, choisissez l&#039;imprimante Xerox VersaLink C9000. D\u00e9couvrez comment elle peut r\u00e9volutionner vos projets d&#039;impression et am\u00e9liorer votre productivit\u00e9 en visitant notre site web.\" \/>\n<meta property=\"og:url\" content=\"https:\/\/www.dopartners.be\/fr\/produit\/versalink-c9000\/\" \/>\n<meta property=\"og:site_name\" content=\"D&amp;O Partners\" \/>\n<meta property=\"article:publisher\" content=\"https:\/\/www.facebook.com\/DOPartnersXerox\" \/>\n<meta property=\"article:modified_time\" content=\"2025-09-22T12:30:30+00:00\" \/>\n<meta property=\"og:image\" content=\"https:\/\/www.dopartners.be\/wp-content\/uploads\/2017\/12\/versalink-c8000-multifunctionele-kleurenprinter-xerox-belgie-1.webp\" \/>\n\t<meta property=\"og:image:width\" content=\"1200\" \/>\n\t<meta property=\"og:image:height\" content=\"1144\" \/>\n\t<meta property=\"og:image:type\" content=\"image\/webp\" \/>\n<meta name=\"twitter:card\" content=\"summary_large_image\" \/>\n<meta name=\"twitter:label1\" content=\"Dur\u00e9e de lecture est.\" \/>\n\t<meta name=\"twitter:data1\" content=\"1 minute\" \/>\n<script type=\"application\/ld+json\" class=\"yoast-schema-graph\">{\"@context\":\"https:\/\/schema.org\",\"@graph\":[{\"@type\":\"WebPage\",\"@id\":\"https:\/\/www.dopartners.be\/fr\/produit\/versalink-c9000\/\",\"url\":\"https:\/\/www.dopartners.be\/fr\/produit\/versalink-c9000\/\",\"name\":\"VersaLink C9000 - Imprimante Couleur - Pour un graphisme de qualit\u00e9 - Xerox - D&amp;O Partners\",\"isPartOf\":{\"@id\":\"https:\/\/www.dopartners.be\/fr\/#website\"},\"primaryImageOfPage\":{\"@id\":\"https:\/\/www.dopartners.be\/fr\/produit\/versalink-c9000\/#primaryimage\"},\"image\":{\"@id\":\"https:\/\/www.dopartners.be\/fr\/produit\/versalink-c9000\/#primaryimage\"},\"thumbnailUrl\":\"https:\/\/www.dopartners.be\/wp-content\/uploads\/2017\/12\/versalink-c8000-multifunctionele-kleurenprinter-xerox-belgie-1.webp\",\"datePublished\":\"2023-01-24T13:55:22+00:00\",\"dateModified\":\"2025-09-22T12:30:30+00:00\",\"breadcrumb\":{\"@id\":\"https:\/\/www.dopartners.be\/fr\/produit\/versalink-c9000\/#breadcrumb\"},\"inLanguage\":\"fr-BE\",\"potentialAction\":[{\"@type\":\"ReadAction\",\"target\":[\"https:\/\/www.dopartners.be\/fr\/produit\/versalink-c9000\/\"]}]},{\"@type\":\"ImageObject\",\"inLanguage\":\"fr-BE\",\"@id\":\"https:\/\/www.dopartners.be\/fr\/produit\/versalink-c9000\/#primaryimage\",\"url\":\"https:\/\/www.dopartners.be\/wp-content\/uploads\/2017\/12\/versalink-c8000-multifunctionele-kleurenprinter-xerox-belgie-1.webp\",\"contentUrl\":\"https:\/\/www.dopartners.be\/wp-content\/uploads\/2017\/12\/versalink-c8000-multifunctionele-kleurenprinter-xerox-belgie-1.webp\",\"width\":1200,\"height\":1144,\"caption\":\"Imprimante couleur haut de gamme Xerox VersaLink C8000W avec \u00e9cran tactile interactif, Ce mod\u00e8le, \u00e9quip\u00e9 d'un toner d'encre blanche, illustre l'engagement de Xerox D&O Partners \u00e0 fournir des solutions d'impression innovantes et efficaces.\"},{\"@type\":\"BreadcrumbList\",\"@id\":\"https:\/\/www.dopartners.be\/fr\/produit\/versalink-c9000\/#breadcrumb\",\"itemListElement\":[{\"@type\":\"ListItem\",\"position\":1,\"name\":\"Home\",\"item\":\"https:\/\/www.dopartners.be\/fr\/\"},{\"@type\":\"ListItem\",\"position\":2,\"name\":\"Boutique\",\"item\":\"https:\/\/www.dopartners.be\/fr\/shop\/\"},{\"@type\":\"ListItem\",\"position\":3,\"name\":\"VersaLink C9000 &#8211; Imprimante Couleur &#8211; Pour un graphisme de qualit\u00e9 &#8211; Xerox\"}]},{\"@type\":\"WebSite\",\"@id\":\"https:\/\/www.dopartners.be\/fr\/#website\",\"url\":\"https:\/\/www.dopartners.be\/fr\/\",\"name\":\"D&amp;O Partners\",\"description\":\"Concessionnaire Xerox autoris\u00e9 \u00e0 Bruxelles\",\"publisher\":{\"@id\":\"https:\/\/www.dopartners.be\/fr\/#organization\"},\"alternateName\":\"DO Partners\",\"potentialAction\":[{\"@type\":\"SearchAction\",\"target\":{\"@type\":\"EntryPoint\",\"urlTemplate\":\"https:\/\/www.dopartners.be\/fr\/?s={search_term_string}\"},\"query-input\":{\"@type\":\"PropertyValueSpecification\",\"valueRequired\":true,\"valueName\":\"search_term_string\"}}],\"inLanguage\":\"fr-BE\"},{\"@type\":\"Organization\",\"@id\":\"https:\/\/www.dopartners.be\/fr\/#organization\",\"name\":\"DO PARTNERS\",\"url\":\"https:\/\/www.dopartners.be\/fr\/\",\"logo\":{\"@type\":\"ImageObject\",\"inLanguage\":\"fr-BE\",\"@id\":\"https:\/\/www.dopartners.be\/fr\/#\/schema\/logo\/image\/\",\"url\":\"https:\/\/www.dopartners.be\/wp-content\/uploads\/2017\/11\/DO-partners-logo.png\",\"contentUrl\":\"https:\/\/www.dopartners.be\/wp-content\/uploads\/2017\/11\/DO-partners-logo.png\",\"width\":135,\"height\":100,\"caption\":\"DO PARTNERS\"},\"image\":{\"@id\":\"https:\/\/www.dopartners.be\/fr\/#\/schema\/logo\/image\/\"},\"sameAs\":[\"https:\/\/www.facebook.com\/DOPartnersXerox\",\"https:\/\/www.youtube.com\/@dopartners\",\"https:\/\/www.linkedin.com\/company\/d&amp;o-partners\/\"]}]}<\/script>\n<!-- \/ Yoast SEO plugin. -->","yoast_head_json":{"title":"VersaLink C9000 - Imprimante Couleur - Pour un graphisme de qualit\u00e9 - Xerox - D&amp;O Partners","robots":{"index":"index","follow":"follow","max-snippet":"max-snippet:-1","max-image-preview":"max-image-preview:large","max-video-preview":"max-video-preview:-1"},"canonical":"https:\/\/www.dopartners.be\/fr\/produit\/versalink-c9000\/","og_locale":"fr_FR","og_type":"article","og_title":"VersaLink C9000 - Imprimante Couleur - Pour un graphisme de qualit\u00e9 - Xerox - D&amp;O Partners","og_description":"[vc_row content_placement=\"top\"][vc_column][vc_btn title=\"T\u00e9l\u00e9charger la brochure\" style=\"flat\" shape=\"square\" align=\"left\" i_icon_fontawesome=\"fa fa-file-pdf-o\" add_icon=\"true\" link=\"url:\/wp-content\/uploads\/2023\/09\/brochure-imprimante-couleur-versalink-c8000-c9000-xerox-belgique.pdf||target:%20_blank|\"][vc_column_text]  Assistant personnel intelligent avec technologie ConnectKey\u00ae de Xerox\u00ae   Imprimante couleur compatible avec le format A3 et les banni\u00e8res  Id\u00e9ale pour les graphistes et les professionnels de la couleur qui exigent des tirages couleurs irr\u00e9prochables  Contr\u00f4le in\u00e9gal\u00e9 de la couleur avec fonctionnalit\u00e9s avanc\u00e9es de la gestion des couleurs  Impression mobile, applications pr\u00e9-charg\u00e9es et de multiples options de finition  D\u00e9couvrez l'imprimante couleur Xerox VersaLink C9000, une solution d'impression professionnelle offrant une qualit\u00e9 de couleur vibrante et constante gr\u00e2ce \u00e0 des outils avanc\u00e9s de gestion des couleurs. Con\u00e7ue pour une flexibilit\u00e9 exceptionnelle des supports et une fiabilit\u00e9 in\u00e9gal\u00e9e, cette imprimante est id\u00e9ale pour les professionnels des arts graphiques et les groupes de conception internes. Les agences de publicit\u00e9, les studios de photographie et les bureaux de communication marketing peuvent utiliser la VersaLink C9000 pour produire des documents aux couleurs \u00e9clatantes et de qualit\u00e9 exceptionnelle.  D\u00e8s sa mise en service, l'imprimante Xerox VersaLink C9000 optimise l'efficacit\u00e9 de votre entreprise gr\u00e2ce \u00e0 des assistants d'installation sans assistance informatique et des options de configuration \u00e9tape par \u00e9tape. La conception mat\u00e9rielle robuste avec un nombre restreint de pi\u00e8ces mobiles et des composants renforc\u00e9s pour le circuit papier assure une fiabilit\u00e9 sup\u00e9rieure et des performances durables.  La VersaLink C9000 se distingue par une r\u00e9solution d'impression allant jusqu'\u00e0 1200 x 2400 ppp, produisant des photos r\u00e9alistes, des graphiques de qualit\u00e9 professionnelle et un texte d'une grande nettet\u00e9, m\u00eame avec de petits caract\u00e8res. Les simulations de couleurs unies \u00e9talonn\u00e9es PANTONE, combin\u00e9es \u00e0 la technologie de correction des couleurs Xerox et \u00e0 Adobe PostScript 3, garantissent des r\u00e9sultats toujours \u00e0 la hauteur de vos attentes.  L'imprimante offre une compatibilit\u00e9 mobile et cloud \u00e9tendue, permettant de se connecter instantan\u00e9ment aux appareils mobiles et aux services cloud directement depuis l'interface utilisateur. Les fonctions de s\u00e9curit\u00e9 int\u00e9gr\u00e9es prot\u00e8gent vos donn\u00e9es et documents contre les acc\u00e8s non autoris\u00e9s et les comportements malveillants, assurant une tranquillit\u00e9 d'esprit totale.  Pour les graphistes et les professionnels de la couleur, le syst\u00e8me de gestion des couleurs Xerox Precise Colour Management System, optimis\u00e9 par X-Rite, offre un contr\u00f4le chromatique optimal, permettant d'obtenir des impressions fid\u00e8les \u00e0 l'image affich\u00e9e. Ce syst\u00e8me aide \u00e0 maintenir la pr\u00e9cision des couleurs, m\u00eame sous des conditions environnementales variables, et permet d'\u00e9muler d'autres p\u00e9riph\u00e9riques pour des \u00e9preuves de pr\u00e9presse en interne.  Enfin, la VersaLink C9000 offre des options de finition avanc\u00e9es et une grande flexibilit\u00e9 des supports, permettant de cr\u00e9er une large gamme de mat\u00e9riaux de qualit\u00e9, y compris des brochures, des affiches, des cartes de visite et bien plus encore. Avec des capacit\u00e9s d'impression sur des supports allant de 75 \u00e0 350 g\/m\u00b2 et des formats allant de 3,5 x 3,9 pouces \u00e0 12,6 x 52 pouces, cette imprimante transforme vos id\u00e9es en r\u00e9alit\u00e9.  Pour une solution d'impression couleur professionnelle, fiable et polyvalente, choisissez l'imprimante Xerox VersaLink C9000. D\u00e9couvrez comment elle peut r\u00e9volutionner vos projets d'impression et am\u00e9liorer votre productivit\u00e9 en visitant notre site web.","og_url":"https:\/\/www.dopartners.be\/fr\/produit\/versalink-c9000\/","og_site_name":"D&amp;O Partners","article_publisher":"https:\/\/www.facebook.com\/DOPartnersXerox","article_modified_time":"2025-09-22T12:30:30+00:00","og_image":[{"width":1200,"height":1144,"url":"https:\/\/www.dopartners.be\/wp-content\/uploads\/2017\/12\/versalink-c8000-multifunctionele-kleurenprinter-xerox-belgie-1.webp","type":"image\/webp"}],"twitter_card":"summary_large_image","twitter_misc":{"Dur\u00e9e de lecture est.":"1 minute"},"schema":{"@context":"https:\/\/schema.org","@graph":[{"@type":"WebPage","@id":"https:\/\/www.dopartners.be\/fr\/produit\/versalink-c9000\/","url":"https:\/\/www.dopartners.be\/fr\/produit\/versalink-c9000\/","name":"VersaLink C9000 - Imprimante Couleur - Pour un graphisme de qualit\u00e9 - Xerox - D&amp;O Partners","isPartOf":{"@id":"https:\/\/www.dopartners.be\/fr\/#website"},"primaryImageOfPage":{"@id":"https:\/\/www.dopartners.be\/fr\/produit\/versalink-c9000\/#primaryimage"},"image":{"@id":"https:\/\/www.dopartners.be\/fr\/produit\/versalink-c9000\/#primaryimage"},"thumbnailUrl":"https:\/\/www.dopartners.be\/wp-content\/uploads\/2017\/12\/versalink-c8000-multifunctionele-kleurenprinter-xerox-belgie-1.webp","datePublished":"2023-01-24T13:55:22+00:00","dateModified":"2025-09-22T12:30:30+00:00","breadcrumb":{"@id":"https:\/\/www.dopartners.be\/fr\/produit\/versalink-c9000\/#breadcrumb"},"inLanguage":"fr-BE","potentialAction":[{"@type":"ReadAction","target":["https:\/\/www.dopartners.be\/fr\/produit\/versalink-c9000\/"]}]},{"@type":"ImageObject","inLanguage":"fr-BE","@id":"https:\/\/www.dopartners.be\/fr\/produit\/versalink-c9000\/#primaryimage","url":"https:\/\/www.dopartners.be\/wp-content\/uploads\/2017\/12\/versalink-c8000-multifunctionele-kleurenprinter-xerox-belgie-1.webp","contentUrl":"https:\/\/www.dopartners.be\/wp-content\/uploads\/2017\/12\/versalink-c8000-multifunctionele-kleurenprinter-xerox-belgie-1.webp","width":1200,"height":1144,"caption":"Imprimante couleur haut de gamme Xerox VersaLink C8000W avec \u00e9cran tactile interactif, Ce mod\u00e8le, \u00e9quip\u00e9 d'un toner d'encre blanche, illustre l'engagement de Xerox D&O Partners \u00e0 fournir des solutions d'impression innovantes et efficaces."},{"@type":"BreadcrumbList","@id":"https:\/\/www.dopartners.be\/fr\/produit\/versalink-c9000\/#breadcrumb","itemListElement":[{"@type":"ListItem","position":1,"name":"Home","item":"https:\/\/www.dopartners.be\/fr\/"},{"@type":"ListItem","position":2,"name":"Boutique","item":"https:\/\/www.dopartners.be\/fr\/shop\/"},{"@type":"ListItem","position":3,"name":"VersaLink C9000 &#8211; Imprimante Couleur &#8211; Pour un graphisme de qualit\u00e9 &#8211; Xerox"}]},{"@type":"WebSite","@id":"https:\/\/www.dopartners.be\/fr\/#website","url":"https:\/\/www.dopartners.be\/fr\/","name":"D&amp;O Partners","description":"Concessionnaire Xerox autoris\u00e9 \u00e0 Bruxelles","publisher":{"@id":"https:\/\/www.dopartners.be\/fr\/#organization"},"alternateName":"DO Partners","potentialAction":[{"@type":"SearchAction","target":{"@type":"EntryPoint","urlTemplate":"https:\/\/www.dopartners.be\/fr\/?s={search_term_string}"},"query-input":{"@type":"PropertyValueSpecification","valueRequired":true,"valueName":"search_term_string"}}],"inLanguage":"fr-BE"},{"@type":"Organization","@id":"https:\/\/www.dopartners.be\/fr\/#organization","name":"DO PARTNERS","url":"https:\/\/www.dopartners.be\/fr\/","logo":{"@type":"ImageObject","inLanguage":"fr-BE","@id":"https:\/\/www.dopartners.be\/fr\/#\/schema\/logo\/image\/","url":"https:\/\/www.dopartners.be\/wp-content\/uploads\/2017\/11\/DO-partners-logo.png","contentUrl":"https:\/\/www.dopartners.be\/wp-content\/uploads\/2017\/11\/DO-partners-logo.png","width":135,"height":100,"caption":"DO PARTNERS"},"image":{"@id":"https:\/\/www.dopartners.be\/fr\/#\/schema\/logo\/image\/"},"sameAs":["https:\/\/www.facebook.com\/DOPartnersXerox","https:\/\/www.youtube.com\/@dopartners","https:\/\/www.linkedin.com\/company\/d&amp;o-partners\/"]}]}},"_links":{"self":[{"href":"https:\/\/www.dopartners.be\/fr\/wp-json\/wp\/v2\/product\/5068","targetHints":{"allow":["GET"]}}],"collection":[{"href":"https:\/\/www.dopartners.be\/fr\/wp-json\/wp\/v2\/product"}],"about":[{"href":"https:\/\/www.dopartners.be\/fr\/wp-json\/wp\/v2\/types\/product"}],"wp:featuredmedia":[{"embeddable":true,"href":"https:\/\/www.dopartners.be\/fr\/wp-json\/wp\/v2\/media\/11424"}],"wp:attachment":[{"href":"https:\/\/www.dopartners.be\/fr\/wp-json\/wp\/v2\/media?parent=5068"}],"wp:term":[{"taxonomy":"product_brand","embeddable":true,"href":"https:\/\/www.dopartners.be\/fr\/wp-json\/wp\/v2\/product_brand?post=5068"},{"taxonomy":"product_cat","embeddable":true,"href":"https:\/\/www.dopartners.be\/fr\/wp-json\/wp\/v2\/product_cat?post=5068"},{"taxonomy":"product_tag","embeddable":true,"href":"https:\/\/www.dopartners.be\/fr\/wp-json\/wp\/v2\/product_tag?post=5068"}],"curies":[{"name":"wp","href":"https:\/\/api.w.org\/{rel}","templated":true}]}}