{"id":5072,"date":"2023-01-24T15:02:21","date_gmt":"2023-01-24T14:02:21","guid":{"rendered":"https:\/\/www.dopartners.be\/?post_type=product&#038;p=5072"},"modified":"2025-09-22T15:17:04","modified_gmt":"2025-09-22T13:17:04","slug":"imprimante-xerox-primelink-c9065-c9070","status":"publish","type":"product","link":"https:\/\/www.dopartners.be\/fr\/produit\/imprimante-xerox-primelink-c9065-c9070\/","title":{"rendered":"S\u00e9rie PrimeLink C9000 &#8211; Imprimantes Multifonctions Couleur &#8211; Xerox"},"content":{"rendered":"<div class=\"wpb-content-wrapper\"><p>[vc_row][vc_column][vc_tta_accordion style=&#8221;flat&#8221; color=&#8221;white&#8221; c_position=&#8221;right&#8221; active_section=&#8221;1&#8243; collapsible_all=&#8221;true&#8221;][vc_tta_section title=&#8221;PLC9065&#8243; tab_id=&#8221;1693921801249-271a1b86-fd6d&#8221;][vc_column_text woodmart_inline=&#8221;no&#8221; text_larger=&#8221;no&#8221;]<\/p>\n<table class=\"shop_attributes\">\n<tbody>\n<tr>\n<th>Fonctionnalit\u00e9s en standard<\/th>\n<td>Copie, impression, num\u00e9risation, courrier \u00e9lectronique<\/td>\n<\/tr>\n<tr>\n<th>Fonctionnalit\u00e9s en option<\/th>\n<td>T\u00e9l\u00e9copie, Multiple options d\u2019alimentation et de finition ; Applications pour workflow, Xerox\u00ae Adaptive CMYK Plus Technology<\/td>\n<\/tr>\n<tr>\n<th>Vitesse d&#8217;impression<\/th>\n<td>Couleur: jusqu\u2019\u00e0 65 ppm<br \/>\nNoir: jusqu\u2019\u00e0 70 ppm<\/td>\n<\/tr>\n<tr>\n<th>Volume mensuel maximum<\/th>\n<td>10.000 \u2013 50.000 pages par mois<\/td>\n<\/tr>\n<tr>\n<th>Finition<\/th>\n<td>Agrafeuse, Cr\u00e9ation de cahier, Dispositifs de coupe, de fente et de pliage, Module de finition, Perforation, Reliure en ligne<\/td>\n<\/tr>\n<tr>\n<th>Moteur d&#8217;impression<\/th>\n<td>Acc\u00e9l\u00e9rateur de Production<br \/>\nAcc\u00e9l\u00e9rez la production de votre Xerox\u00ae PrimeLink\u00ae gr\u00e2ce \u00e0 Xerox\u00ae FreeFlow\u00ae Core Accelerator pour PrimeLink\u00ae : un ensemble de flux de travail pr\u00e9d\u00e9finis et d&#8217;outils con\u00e7us pour exploiter toutes les capacit\u00e9s et les fonctionnalit\u00e9s sp\u00e9cifiques de votre presse.<\/td>\n<\/tr>\n<tr>\n<th>D\u00e9veloppement Durable<\/th>\n<td>EPEAT\u00ae<br \/>\nENERGY STAR\u00ae<\/td>\n<\/tr>\n<\/tbody>\n<\/table>\n<p>[\/vc_column_text][\/vc_tta_section][vc_tta_section title=&#8221;PLC9070&#8243; tab_id=&#8221;1693921801253-90255386-cfd7&#8243;][vc_column_text woodmart_inline=&#8221;no&#8221; text_larger=&#8221;no&#8221;]<\/p>\n<table class=\"shop_attributes\">\n<tbody>\n<tr>\n<th>Fonctionnalit\u00e9s en standard<\/th>\n<td>Copie, impression, num\u00e9risation, courrier \u00e9lectronique<\/td>\n<\/tr>\n<tr>\n<th>Fonctionnalit\u00e9s en option<\/th>\n<td>T\u00e9l\u00e9copie, Multiple options d\u2019alimentation et de finition ; Applications pour workflow, Xerox\u00ae Adaptive CMYK Plus Technology<\/td>\n<\/tr>\n<tr>\n<th>Vitesse d&#8217;impression<\/th>\n<td>Couleur: jusqu\u2019\u00e0 70 ppm<br \/>\nNoir: jusqu\u2019\u00e0 75 ppm<\/td>\n<\/tr>\n<tr>\n<th>Volume mensuel maximum<\/th>\n<td>10.000 \u2013 50.000 pages par mois<\/td>\n<\/tr>\n<tr>\n<th>Finition<\/th>\n<td>Agrafeuse, Cr\u00e9ation de cahier, Dispositifs de coupe, de fente et de pliage, Module de finition, Perforation, Reliure en ligne<\/td>\n<\/tr>\n<tr>\n<th>Moteur d&#8217;impression<\/th>\n<td>Acc\u00e9l\u00e9rateur de Production<br \/>\nAcc\u00e9l\u00e9rez la production de votre Xerox\u00ae PrimeLink\u00ae gr\u00e2ce \u00e0 Xerox\u00ae FreeFlow\u00ae Core Accelerator pour PrimeLink\u00ae : un ensemble de flux de travail pr\u00e9d\u00e9finis et d&#8217;outils con\u00e7us pour exploiter toutes les capacit\u00e9s et les fonctionnalit\u00e9s sp\u00e9cifiques de votre presse.<\/td>\n<\/tr>\n<tr>\n<th>D\u00e9veloppement Durable<\/th>\n<td>EPEAT\u00ae<br \/>\nENERGY STAR\u00ae<\/td>\n<\/tr>\n<\/tbody>\n<\/table>\n<p>[\/vc_column_text][\/vc_tta_section][\/vc_tta_accordion][\/vc_column][\/vc_row]<\/p>\n<\/div>","protected":false},"excerpt":{"rendered":"<p>[vc_row content_placement=&#8221;top&#8221;][vc_column][vc_btn title=&#8221;T\u00e9l\u00e9charger la brochure&#8221; style=&#8221;flat&#8221; shape=&#8221;square&#8221; align=&#8221;left&#8221; i_icon_fontawesome=&#8221;fa fa-file-pdf-o&#8221; add_icon=&#8221;true&#8221; link=&#8221;url:\/wp-content\/uploads\/2023\/09\/brochure-imprimante-primelink-c9065-c9070-xerox-belgique.pdf||target:%20_blank|&#8221;][vc_column_text]<\/p>\n<p>Une performance in\u00e9gal\u00e9e. Des r\u00e9sultats exceptionnels<\/p>\n<ul>\n<li>Imprimante couleur multifonctions compatible avec l\u2019impression du format banni\u00e8re 330 x 660 mm<\/li>\n<li>Options de finition et d\u2019alimentation flexibles pr\u00eates pour la production avec gamme de contr\u00f4leurs adapt\u00e9s \u00e0 tous les environnements d\u2019impression<\/li>\n<li>Exceptionnelles fiabilit\u00e9 et qualit\u00e9 d\u2019image doubl\u00e9es d\u2019applications de s\u00e9curit\u00e9 et de workflow int\u00e9gr\u00e9es<\/li>\n<li>Faites-vous remarquer avec la technologie Xerox\u00ae Technologie CMYK Plus : gr\u00e2ce aux toners sp\u00e9cialis\u00e9s Couleurs vives et Fluorescent, donnez de la vie \u00e0 vos applications<\/li>\n<\/ul>\n<p>D\u00e9couvrez l&#8217;imprimante multifonction Xerox PrimeLink C9065\/C9070, leader mondial des imprimantes de production couleur d&#8217;entr\u00e9e de gamme, qui combine qualit\u00e9 d&#8217;image exceptionnelle, flexibilit\u00e9 des supports et s\u00e9curit\u00e9 avanc\u00e9e. Avec une r\u00e9solution de 2400 x 2400 ppp, elle garantit des impressions de haute qualit\u00e9, avec des lignes et des images pr\u00e9cises et des transitions de couleur harmonieuses, m\u00eame \u00e0 des vitesses \u00e9lev\u00e9es allant jusqu&#8217;\u00e0 70 ppm. Les serveurs EFI en option, int\u00e9grant les technologies PANTONE\u00ae, assurent des couleurs fid\u00e8les et \u00e9clatantes.<\/p>\n<p>La PrimeLink C9065\/C9070 est con\u00e7ue pour am\u00e9liorer la productivit\u00e9 et faciliter le multit\u00e2che. Elle se connecte facilement \u00e0 des applications cloud populaires comme Microsoft\u00ae OneDrive\u00ae, Google Drive&#x2122; et Dropbox&#x2122;, permettant d&#8217;imprimer et de num\u00e9riser directement depuis le cloud. Gr\u00e2ce \u00e0 la connectivit\u00e9 mobile int\u00e9gr\u00e9e avec @PrintByXerox, vos collaborateurs peuvent imprimer en toute s\u00e9curit\u00e9 depuis leurs appareils mobiles sans avoir besoin d&#8217;installer des logiciels suppl\u00e9mentaires.<\/p>\n<p>La s\u00e9curit\u00e9 est une priorit\u00e9 avec la PrimeLink, offrant plusieurs niveaux de protection, y compris le chiffrement des donn\u00e9es, les contr\u00f4les d&#8217;acc\u00e8s et l&#8217;impression s\u00e9curis\u00e9e. Les journaux d&#8217;audit assurent la tra\u00e7abilit\u00e9 des \u00e9v\u00e9nements, essentiels pour les administrateurs et op\u00e9rateurs principaux.<\/p>\n<p>En mati\u00e8re de flexibilit\u00e9 des supports, cette imprimante permet d&#8217;imprimer sur des supports sp\u00e9ciaux et \u00e9pais jusqu&#8217;\u00e0 350 g\/m\u00b2, avec des options d&#8217;impression sur des formats extra-longs jusqu&#8217;\u00e0 660 mm (26 pouces). Les options de finition professionnelles incluent l&#8217;agrafage, le pliage, la perforation et la cr\u00e9ation de cahiers, offrant une polyvalence sans \u00e9gale pour r\u00e9pondre \u00e0 tous vos besoins d&#8217;impression.<\/p>\n<p>Optez pour la Xerox PrimeLink C9065\/C9070 pour b\u00e9n\u00e9ficier de performances de pointe, de la qualit\u00e9 d&#8217;impression sup\u00e9rieure, et de la flexibilit\u00e9 et s\u00e9curit\u00e9 n\u00e9cessaires pour optimiser vos flux de travail et r\u00e9pondre aux exigences les plus \u00e9lev\u00e9es de votre entreprise.<\/p>\n","protected":false},"featured_media":11463,"template":"","meta":[],"product_brand":[],"product_cat":[20,21],"product_tag":[],"class_list":{"0":"post-5072","1":"product","2":"type-product","3":"status-publish","4":"has-post-thumbnail","6":"product_cat-multifonctions","7":"product_cat-production-presse-numerique","9":"first","10":"instock","11":"shipping-taxable","12":"product-type-simple"},"yoast_head":"<!-- This site is optimized with the Yoast SEO plugin v25.9 - https:\/\/yoast.com\/wordpress\/plugins\/seo\/ -->\n<title>S\u00e9rie PrimeLink C9000 - Imprimantes Multifonctions Couleur - Xerox - D&amp;O Partners<\/title>\n<meta name=\"robots\" content=\"index, follow, max-snippet:-1, max-image-preview:large, max-video-preview:-1\" \/>\n<link rel=\"canonical\" href=\"https:\/\/www.dopartners.be\/fr\/produit\/imprimante-xerox-primelink-c9065-c9070\/\" \/>\n<meta property=\"og:locale\" content=\"fr_FR\" \/>\n<meta property=\"og:type\" content=\"article\" \/>\n<meta property=\"og:title\" content=\"S\u00e9rie PrimeLink C9000 - Imprimantes Multifonctions Couleur - Xerox - D&amp;O Partners\" \/>\n<meta property=\"og:description\" content=\"[vc_row content_placement=&quot;top&quot;][vc_column][vc_btn title=&quot;T\u00e9l\u00e9charger la brochure&quot; style=&quot;flat&quot; shape=&quot;square&quot; align=&quot;left&quot; i_icon_fontawesome=&quot;fa fa-file-pdf-o&quot; add_icon=&quot;true&quot; link=&quot;url:\/wp-content\/uploads\/2023\/09\/brochure-imprimante-primelink-c9065-c9070-xerox-belgique.pdf||target:%20_blank|&quot;][vc_column_text]  Une performance in\u00e9gal\u00e9e. Des r\u00e9sultats exceptionnels   Imprimante couleur multifonctions compatible avec l\u2019impression du format banni\u00e8re 330 x 660 mm  Options de finition et d\u2019alimentation flexibles pr\u00eates pour la production avec gamme de contr\u00f4leurs adapt\u00e9s \u00e0 tous les environnements d\u2019impression  Exceptionnelles fiabilit\u00e9 et qualit\u00e9 d\u2019image doubl\u00e9es d\u2019applications de s\u00e9curit\u00e9 et de workflow int\u00e9gr\u00e9es  Faites-vous remarquer avec la technologie Xerox\u00ae Technologie CMYK Plus : gr\u00e2ce aux toners sp\u00e9cialis\u00e9s Couleurs vives et Fluorescent, donnez de la vie \u00e0 vos applications  D\u00e9couvrez l&#039;imprimante multifonction Xerox PrimeLink C9065\/C9070, leader mondial des imprimantes de production couleur d&#039;entr\u00e9e de gamme, qui combine qualit\u00e9 d&#039;image exceptionnelle, flexibilit\u00e9 des supports et s\u00e9curit\u00e9 avanc\u00e9e. Avec une r\u00e9solution de 2400 x 2400 ppp, elle garantit des impressions de haute qualit\u00e9, avec des lignes et des images pr\u00e9cises et des transitions de couleur harmonieuses, m\u00eame \u00e0 des vitesses \u00e9lev\u00e9es allant jusqu&#039;\u00e0 70 ppm. Les serveurs EFI en option, int\u00e9grant les technologies PANTONE\u00ae, assurent des couleurs fid\u00e8les et \u00e9clatantes.  La PrimeLink C9065\/C9070 est con\u00e7ue pour am\u00e9liorer la productivit\u00e9 et faciliter le multit\u00e2che. Elle se connecte facilement \u00e0 des applications cloud populaires comme Microsoft\u00ae OneDrive\u00ae, Google Drive&#x2122; et Dropbox&#x2122;, permettant d&#039;imprimer et de num\u00e9riser directement depuis le cloud. Gr\u00e2ce \u00e0 la connectivit\u00e9 mobile int\u00e9gr\u00e9e avec @PrintByXerox, vos collaborateurs peuvent imprimer en toute s\u00e9curit\u00e9 depuis leurs appareils mobiles sans avoir besoin d&#039;installer des logiciels suppl\u00e9mentaires.  La s\u00e9curit\u00e9 est une priorit\u00e9 avec la PrimeLink, offrant plusieurs niveaux de protection, y compris le chiffrement des donn\u00e9es, les contr\u00f4les d&#039;acc\u00e8s et l&#039;impression s\u00e9curis\u00e9e. Les journaux d&#039;audit assurent la tra\u00e7abilit\u00e9 des \u00e9v\u00e9nements, essentiels pour les administrateurs et op\u00e9rateurs principaux.  En mati\u00e8re de flexibilit\u00e9 des supports, cette imprimante permet d&#039;imprimer sur des supports sp\u00e9ciaux et \u00e9pais jusqu&#039;\u00e0 350 g\/m\u00b2, avec des options d&#039;impression sur des formats extra-longs jusqu&#039;\u00e0 660 mm (26 pouces). Les options de finition professionnelles incluent l&#039;agrafage, le pliage, la perforation et la cr\u00e9ation de cahiers, offrant une polyvalence sans \u00e9gale pour r\u00e9pondre \u00e0 tous vos besoins d&#039;impression.  Optez pour la Xerox PrimeLink C9065\/C9070 pour b\u00e9n\u00e9ficier de performances de pointe, de la qualit\u00e9 d&#039;impression sup\u00e9rieure, et de la flexibilit\u00e9 et s\u00e9curit\u00e9 n\u00e9cessaires pour optimiser vos flux de travail et r\u00e9pondre aux exigences les plus \u00e9lev\u00e9es de votre entreprise.\" \/>\n<meta property=\"og:url\" content=\"https:\/\/www.dopartners.be\/fr\/produit\/imprimante-xerox-primelink-c9065-c9070\/\" \/>\n<meta property=\"og:site_name\" content=\"D&amp;O Partners\" \/>\n<meta property=\"article:publisher\" content=\"https:\/\/www.facebook.com\/DOPartnersXerox\" \/>\n<meta property=\"article:modified_time\" content=\"2025-09-22T13:17:04+00:00\" \/>\n<meta property=\"og:image\" content=\"https:\/\/www.dopartners.be\/wp-content\/uploads\/2023\/01\/primelink-c9065-c9070-multifunctionele-printer-xerox-belgie.webp\" \/>\n\t<meta property=\"og:image:width\" content=\"1200\" \/>\n\t<meta property=\"og:image:height\" content=\"1144\" \/>\n\t<meta property=\"og:image:type\" content=\"image\/webp\" \/>\n<meta name=\"twitter:card\" content=\"summary_large_image\" \/>\n<meta name=\"twitter:label1\" content=\"Dur\u00e9e de lecture est.\" \/>\n\t<meta name=\"twitter:data1\" content=\"2 minutes\" \/>\n<script type=\"application\/ld+json\" class=\"yoast-schema-graph\">{\"@context\":\"https:\/\/schema.org\",\"@graph\":[{\"@type\":\"WebPage\",\"@id\":\"https:\/\/www.dopartners.be\/fr\/produit\/imprimante-xerox-primelink-c9065-c9070\/\",\"url\":\"https:\/\/www.dopartners.be\/fr\/produit\/imprimante-xerox-primelink-c9065-c9070\/\",\"name\":\"S\u00e9rie PrimeLink C9000 - Imprimantes Multifonctions Couleur - Xerox - D&amp;O Partners\",\"isPartOf\":{\"@id\":\"https:\/\/www.dopartners.be\/fr\/#website\"},\"primaryImageOfPage\":{\"@id\":\"https:\/\/www.dopartners.be\/fr\/produit\/imprimante-xerox-primelink-c9065-c9070\/#primaryimage\"},\"image\":{\"@id\":\"https:\/\/www.dopartners.be\/fr\/produit\/imprimante-xerox-primelink-c9065-c9070\/#primaryimage\"},\"thumbnailUrl\":\"https:\/\/www.dopartners.be\/wp-content\/uploads\/2023\/01\/primelink-c9065-c9070-multifunctionele-printer-xerox-belgie.webp\",\"datePublished\":\"2023-01-24T14:02:21+00:00\",\"dateModified\":\"2025-09-22T13:17:04+00:00\",\"breadcrumb\":{\"@id\":\"https:\/\/www.dopartners.be\/fr\/produit\/imprimante-xerox-primelink-c9065-c9070\/#breadcrumb\"},\"inLanguage\":\"fr-BE\",\"potentialAction\":[{\"@type\":\"ReadAction\",\"target\":[\"https:\/\/www.dopartners.be\/fr\/produit\/imprimante-xerox-primelink-c9065-c9070\/\"]}]},{\"@type\":\"ImageObject\",\"inLanguage\":\"fr-BE\",\"@id\":\"https:\/\/www.dopartners.be\/fr\/produit\/imprimante-xerox-primelink-c9065-c9070\/#primaryimage\",\"url\":\"https:\/\/www.dopartners.be\/wp-content\/uploads\/2023\/01\/primelink-c9065-c9070-multifunctionele-printer-xerox-belgie.webp\",\"contentUrl\":\"https:\/\/www.dopartners.be\/wp-content\/uploads\/2023\/01\/primelink-c9065-c9070-multifunctionele-printer-xerox-belgie.webp\",\"width\":1200,\"height\":1144,\"caption\":\"Imprimante couleur multifonction Xerox PrimeLink C9065\/C9070, con\u00e7ue pour offrir une qualit\u00e9 d'impression professionnelle, avec bac \u00e0 papier haute capacit\u00e9, disponible chez D&O Partners.\"},{\"@type\":\"BreadcrumbList\",\"@id\":\"https:\/\/www.dopartners.be\/fr\/produit\/imprimante-xerox-primelink-c9065-c9070\/#breadcrumb\",\"itemListElement\":[{\"@type\":\"ListItem\",\"position\":1,\"name\":\"Home\",\"item\":\"https:\/\/www.dopartners.be\/fr\/\"},{\"@type\":\"ListItem\",\"position\":2,\"name\":\"Boutique\",\"item\":\"https:\/\/www.dopartners.be\/fr\/shop\/\"},{\"@type\":\"ListItem\",\"position\":3,\"name\":\"S\u00e9rie PrimeLink C9000 &#8211; Imprimantes Multifonctions Couleur &#8211; Xerox\"}]},{\"@type\":\"WebSite\",\"@id\":\"https:\/\/www.dopartners.be\/fr\/#website\",\"url\":\"https:\/\/www.dopartners.be\/fr\/\",\"name\":\"D&amp;O Partners\",\"description\":\"Concessionnaire Xerox autoris\u00e9 \u00e0 Bruxelles\",\"publisher\":{\"@id\":\"https:\/\/www.dopartners.be\/fr\/#organization\"},\"alternateName\":\"DO Partners\",\"potentialAction\":[{\"@type\":\"SearchAction\",\"target\":{\"@type\":\"EntryPoint\",\"urlTemplate\":\"https:\/\/www.dopartners.be\/fr\/?s={search_term_string}\"},\"query-input\":{\"@type\":\"PropertyValueSpecification\",\"valueRequired\":true,\"valueName\":\"search_term_string\"}}],\"inLanguage\":\"fr-BE\"},{\"@type\":\"Organization\",\"@id\":\"https:\/\/www.dopartners.be\/fr\/#organization\",\"name\":\"DO PARTNERS\",\"url\":\"https:\/\/www.dopartners.be\/fr\/\",\"logo\":{\"@type\":\"ImageObject\",\"inLanguage\":\"fr-BE\",\"@id\":\"https:\/\/www.dopartners.be\/fr\/#\/schema\/logo\/image\/\",\"url\":\"https:\/\/www.dopartners.be\/wp-content\/uploads\/2017\/11\/DO-partners-logo.png\",\"contentUrl\":\"https:\/\/www.dopartners.be\/wp-content\/uploads\/2017\/11\/DO-partners-logo.png\",\"width\":135,\"height\":100,\"caption\":\"DO PARTNERS\"},\"image\":{\"@id\":\"https:\/\/www.dopartners.be\/fr\/#\/schema\/logo\/image\/\"},\"sameAs\":[\"https:\/\/www.facebook.com\/DOPartnersXerox\",\"https:\/\/www.youtube.com\/@dopartners\",\"https:\/\/www.linkedin.com\/company\/d&amp;o-partners\/\"]}]}<\/script>\n<!-- \/ Yoast SEO plugin. -->","yoast_head_json":{"title":"S\u00e9rie PrimeLink C9000 - Imprimantes Multifonctions Couleur - Xerox - D&amp;O Partners","robots":{"index":"index","follow":"follow","max-snippet":"max-snippet:-1","max-image-preview":"max-image-preview:large","max-video-preview":"max-video-preview:-1"},"canonical":"https:\/\/www.dopartners.be\/fr\/produit\/imprimante-xerox-primelink-c9065-c9070\/","og_locale":"fr_FR","og_type":"article","og_title":"S\u00e9rie PrimeLink C9000 - Imprimantes Multifonctions Couleur - Xerox - D&amp;O Partners","og_description":"[vc_row content_placement=\"top\"][vc_column][vc_btn title=\"T\u00e9l\u00e9charger la brochure\" style=\"flat\" shape=\"square\" align=\"left\" i_icon_fontawesome=\"fa fa-file-pdf-o\" add_icon=\"true\" link=\"url:\/wp-content\/uploads\/2023\/09\/brochure-imprimante-primelink-c9065-c9070-xerox-belgique.pdf||target:%20_blank|\"][vc_column_text]  Une performance in\u00e9gal\u00e9e. Des r\u00e9sultats exceptionnels   Imprimante couleur multifonctions compatible avec l\u2019impression du format banni\u00e8re 330 x 660 mm  Options de finition et d\u2019alimentation flexibles pr\u00eates pour la production avec gamme de contr\u00f4leurs adapt\u00e9s \u00e0 tous les environnements d\u2019impression  Exceptionnelles fiabilit\u00e9 et qualit\u00e9 d\u2019image doubl\u00e9es d\u2019applications de s\u00e9curit\u00e9 et de workflow int\u00e9gr\u00e9es  Faites-vous remarquer avec la technologie Xerox\u00ae Technologie CMYK Plus : gr\u00e2ce aux toners sp\u00e9cialis\u00e9s Couleurs vives et Fluorescent, donnez de la vie \u00e0 vos applications  D\u00e9couvrez l'imprimante multifonction Xerox PrimeLink C9065\/C9070, leader mondial des imprimantes de production couleur d'entr\u00e9e de gamme, qui combine qualit\u00e9 d'image exceptionnelle, flexibilit\u00e9 des supports et s\u00e9curit\u00e9 avanc\u00e9e. Avec une r\u00e9solution de 2400 x 2400 ppp, elle garantit des impressions de haute qualit\u00e9, avec des lignes et des images pr\u00e9cises et des transitions de couleur harmonieuses, m\u00eame \u00e0 des vitesses \u00e9lev\u00e9es allant jusqu'\u00e0 70 ppm. Les serveurs EFI en option, int\u00e9grant les technologies PANTONE\u00ae, assurent des couleurs fid\u00e8les et \u00e9clatantes.  La PrimeLink C9065\/C9070 est con\u00e7ue pour am\u00e9liorer la productivit\u00e9 et faciliter le multit\u00e2che. Elle se connecte facilement \u00e0 des applications cloud populaires comme Microsoft\u00ae OneDrive\u00ae, Google Drive&#x2122; et Dropbox&#x2122;, permettant d'imprimer et de num\u00e9riser directement depuis le cloud. Gr\u00e2ce \u00e0 la connectivit\u00e9 mobile int\u00e9gr\u00e9e avec @PrintByXerox, vos collaborateurs peuvent imprimer en toute s\u00e9curit\u00e9 depuis leurs appareils mobiles sans avoir besoin d'installer des logiciels suppl\u00e9mentaires.  La s\u00e9curit\u00e9 est une priorit\u00e9 avec la PrimeLink, offrant plusieurs niveaux de protection, y compris le chiffrement des donn\u00e9es, les contr\u00f4les d'acc\u00e8s et l'impression s\u00e9curis\u00e9e. Les journaux d'audit assurent la tra\u00e7abilit\u00e9 des \u00e9v\u00e9nements, essentiels pour les administrateurs et op\u00e9rateurs principaux.  En mati\u00e8re de flexibilit\u00e9 des supports, cette imprimante permet d'imprimer sur des supports sp\u00e9ciaux et \u00e9pais jusqu'\u00e0 350 g\/m\u00b2, avec des options d'impression sur des formats extra-longs jusqu'\u00e0 660 mm (26 pouces). Les options de finition professionnelles incluent l'agrafage, le pliage, la perforation et la cr\u00e9ation de cahiers, offrant une polyvalence sans \u00e9gale pour r\u00e9pondre \u00e0 tous vos besoins d'impression.  Optez pour la Xerox PrimeLink C9065\/C9070 pour b\u00e9n\u00e9ficier de performances de pointe, de la qualit\u00e9 d'impression sup\u00e9rieure, et de la flexibilit\u00e9 et s\u00e9curit\u00e9 n\u00e9cessaires pour optimiser vos flux de travail et r\u00e9pondre aux exigences les plus \u00e9lev\u00e9es de votre entreprise.","og_url":"https:\/\/www.dopartners.be\/fr\/produit\/imprimante-xerox-primelink-c9065-c9070\/","og_site_name":"D&amp;O Partners","article_publisher":"https:\/\/www.facebook.com\/DOPartnersXerox","article_modified_time":"2025-09-22T13:17:04+00:00","og_image":[{"width":1200,"height":1144,"url":"https:\/\/www.dopartners.be\/wp-content\/uploads\/2023\/01\/primelink-c9065-c9070-multifunctionele-printer-xerox-belgie.webp","type":"image\/webp"}],"twitter_card":"summary_large_image","twitter_misc":{"Dur\u00e9e de lecture est.":"2 minutes"},"schema":{"@context":"https:\/\/schema.org","@graph":[{"@type":"WebPage","@id":"https:\/\/www.dopartners.be\/fr\/produit\/imprimante-xerox-primelink-c9065-c9070\/","url":"https:\/\/www.dopartners.be\/fr\/produit\/imprimante-xerox-primelink-c9065-c9070\/","name":"S\u00e9rie PrimeLink C9000 - Imprimantes Multifonctions Couleur - Xerox - D&amp;O Partners","isPartOf":{"@id":"https:\/\/www.dopartners.be\/fr\/#website"},"primaryImageOfPage":{"@id":"https:\/\/www.dopartners.be\/fr\/produit\/imprimante-xerox-primelink-c9065-c9070\/#primaryimage"},"image":{"@id":"https:\/\/www.dopartners.be\/fr\/produit\/imprimante-xerox-primelink-c9065-c9070\/#primaryimage"},"thumbnailUrl":"https:\/\/www.dopartners.be\/wp-content\/uploads\/2023\/01\/primelink-c9065-c9070-multifunctionele-printer-xerox-belgie.webp","datePublished":"2023-01-24T14:02:21+00:00","dateModified":"2025-09-22T13:17:04+00:00","breadcrumb":{"@id":"https:\/\/www.dopartners.be\/fr\/produit\/imprimante-xerox-primelink-c9065-c9070\/#breadcrumb"},"inLanguage":"fr-BE","potentialAction":[{"@type":"ReadAction","target":["https:\/\/www.dopartners.be\/fr\/produit\/imprimante-xerox-primelink-c9065-c9070\/"]}]},{"@type":"ImageObject","inLanguage":"fr-BE","@id":"https:\/\/www.dopartners.be\/fr\/produit\/imprimante-xerox-primelink-c9065-c9070\/#primaryimage","url":"https:\/\/www.dopartners.be\/wp-content\/uploads\/2023\/01\/primelink-c9065-c9070-multifunctionele-printer-xerox-belgie.webp","contentUrl":"https:\/\/www.dopartners.be\/wp-content\/uploads\/2023\/01\/primelink-c9065-c9070-multifunctionele-printer-xerox-belgie.webp","width":1200,"height":1144,"caption":"Imprimante couleur multifonction Xerox PrimeLink C9065\/C9070, con\u00e7ue pour offrir une qualit\u00e9 d'impression professionnelle, avec bac \u00e0 papier haute capacit\u00e9, disponible chez D&O Partners."},{"@type":"BreadcrumbList","@id":"https:\/\/www.dopartners.be\/fr\/produit\/imprimante-xerox-primelink-c9065-c9070\/#breadcrumb","itemListElement":[{"@type":"ListItem","position":1,"name":"Home","item":"https:\/\/www.dopartners.be\/fr\/"},{"@type":"ListItem","position":2,"name":"Boutique","item":"https:\/\/www.dopartners.be\/fr\/shop\/"},{"@type":"ListItem","position":3,"name":"S\u00e9rie PrimeLink C9000 &#8211; Imprimantes Multifonctions Couleur &#8211; Xerox"}]},{"@type":"WebSite","@id":"https:\/\/www.dopartners.be\/fr\/#website","url":"https:\/\/www.dopartners.be\/fr\/","name":"D&amp;O Partners","description":"Concessionnaire Xerox autoris\u00e9 \u00e0 Bruxelles","publisher":{"@id":"https:\/\/www.dopartners.be\/fr\/#organization"},"alternateName":"DO Partners","potentialAction":[{"@type":"SearchAction","target":{"@type":"EntryPoint","urlTemplate":"https:\/\/www.dopartners.be\/fr\/?s={search_term_string}"},"query-input":{"@type":"PropertyValueSpecification","valueRequired":true,"valueName":"search_term_string"}}],"inLanguage":"fr-BE"},{"@type":"Organization","@id":"https:\/\/www.dopartners.be\/fr\/#organization","name":"DO PARTNERS","url":"https:\/\/www.dopartners.be\/fr\/","logo":{"@type":"ImageObject","inLanguage":"fr-BE","@id":"https:\/\/www.dopartners.be\/fr\/#\/schema\/logo\/image\/","url":"https:\/\/www.dopartners.be\/wp-content\/uploads\/2017\/11\/DO-partners-logo.png","contentUrl":"https:\/\/www.dopartners.be\/wp-content\/uploads\/2017\/11\/DO-partners-logo.png","width":135,"height":100,"caption":"DO PARTNERS"},"image":{"@id":"https:\/\/www.dopartners.be\/fr\/#\/schema\/logo\/image\/"},"sameAs":["https:\/\/www.facebook.com\/DOPartnersXerox","https:\/\/www.youtube.com\/@dopartners","https:\/\/www.linkedin.com\/company\/d&amp;o-partners\/"]}]}},"_links":{"self":[{"href":"https:\/\/www.dopartners.be\/fr\/wp-json\/wp\/v2\/product\/5072","targetHints":{"allow":["GET"]}}],"collection":[{"href":"https:\/\/www.dopartners.be\/fr\/wp-json\/wp\/v2\/product"}],"about":[{"href":"https:\/\/www.dopartners.be\/fr\/wp-json\/wp\/v2\/types\/product"}],"wp:featuredmedia":[{"embeddable":true,"href":"https:\/\/www.dopartners.be\/fr\/wp-json\/wp\/v2\/media\/11463"}],"wp:attachment":[{"href":"https:\/\/www.dopartners.be\/fr\/wp-json\/wp\/v2\/media?parent=5072"}],"wp:term":[{"taxonomy":"product_brand","embeddable":true,"href":"https:\/\/www.dopartners.be\/fr\/wp-json\/wp\/v2\/product_brand?post=5072"},{"taxonomy":"product_cat","embeddable":true,"href":"https:\/\/www.dopartners.be\/fr\/wp-json\/wp\/v2\/product_cat?post=5072"},{"taxonomy":"product_tag","embeddable":true,"href":"https:\/\/www.dopartners.be\/fr\/wp-json\/wp\/v2\/product_tag?post=5072"}],"curies":[{"name":"wp","href":"https:\/\/api.w.org\/{rel}","templated":true}]}}