{"id":6715,"date":"2023-09-11T10:50:49","date_gmt":"2023-09-11T08:50:49","guid":{"rendered":"https:\/\/www.dopartners.be\/?post_type=product&#038;p=6715"},"modified":"2024-06-20T11:11:30","modified_gmt":"2024-06-20T09:11:30","slug":"imprimante-couleur-xerox-c230","status":"publish","type":"product","link":"https:\/\/www.dopartners.be\/fr\/produit\/imprimante-couleur-xerox-c230\/","title":{"rendered":"Xerox\u00ae C230 &#8211; Imprimante Couleur &#8211; Xerox"},"content":{"rendered":"<div class=\"wpb-content-wrapper\"><p>[vc_row content_placement=&#8221;top&#8221;][vc_column][vc_column_text woodmart_inline=&#8221;no&#8221; text_larger=&#8221;no&#8221;]<\/p>\n<table class=\"shop_attributes\">\n<tbody>\n<tr>\n<th>Mod\u00e8le<\/th>\n<td>C230V\/DNI<\/td>\n<\/tr>\n<tr>\n<th>Fonction standard<\/th>\n<td>Impression<\/td>\n<\/tr>\n<tr>\n<th>Vitesse d&#8217;impression<\/th>\n<td>Jusqu&#8217;\u00e0 22 ppm<\/td>\n<\/tr>\n<tr>\n<th>Volume d&#8217;impression mensuel recommand\u00e9<\/th>\n<td>Jusqu&#8217;\u00e0 1.500 pages<\/td>\n<\/tr>\n<tr>\n<th>Volume mensuel maximum<\/th>\n<td>Jusqu&#8217;\u00e0 30.000 images\/mois<\/td>\n<\/tr>\n<tr>\n<th>Connectivit\u00e9<\/th>\n<td>Ethernet 10\/100 BaseTX, USB 2.0 haute vitesse (Type B), Sans fil 802.11 b\/g\/n<\/td>\n<\/tr>\n<tr>\n<th>Sortie recto\/verso<\/th>\n<td>En standard<\/td>\n<\/tr>\n<tr>\n<th>D\u00e9veloppement Durable<\/th>\n<td>EPEAT<br \/>\nENERGY STAR\u00ae<br \/>\nBlue Angel<br \/>\nGreen World Alliance<\/td>\n<\/tr>\n<\/tbody>\n<\/table>\n<p>[\/vc_column_text][\/vc_column][\/vc_row]<\/p>\n<\/div>","protected":false},"excerpt":{"rendered":"<p>[vc_row content_placement=&#8221;top&#8221;][vc_column][vc_btn title=&#8221;T\u00e9l\u00e9charger la brochure&#8221; style=&#8221;flat&#8221; shape=&#8221;square&#8221; align=&#8221;left&#8221; i_icon_fontawesome=&#8221;fa fa-file-pdf-o&#8221; add_icon=&#8221;true&#8221; link=&#8221;url:\/wp-content\/uploads\/2023\/09\/brochure-imprimantes-couleur-c230-c235-xerox-belgique.pdf||target:%20_blank|&#8221;][vc_column_text]<\/p>\n<p>Imprimante couleur compacte et silencieuse con\u00e7ue pour votre bureau \u00e0 domicile<\/p>\n<ul>\n<li>Id\u00e9ale pour les petites et moyennes entreprises et pour les bureaux \u00e0 domicile<\/li>\n<li>Installation simple avec l&#8217;installateur Smart Start<\/li>\n<li>Fiable et digne de confiance<\/li>\n<li>Compatibilit\u00e9 mobile : Apple AirPrint, Chromebook, Mopria, WI-FI et Wi-Fi Direct<\/li>\n<li>Fonctions de s\u00e9curit\u00e9 compl\u00e8tes<\/li>\n<\/ul>\n<p>D\u00e9couvrez les imprimantes Xerox\u00ae C230 et C235, parfaites pour les petites et moyennes entreprises ainsi que pour les t\u00e9l\u00e9travailleurs. Con\u00e7ues pour r\u00e9pondre \u00e0 vos besoins professionnels, elles offrent une fiabilit\u00e9 exceptionnelle, une utilisation simplifi\u00e9e et des fonctionnalit\u00e9s avanc\u00e9es tout en \u00e9tant compactes et silencieuses. L&#8217;imprimante couleur Xerox\u00ae C230 permet une impression rapide jusqu&#8217;\u00e0 24 pages par minute en couleur et en noir et blanc, avec une r\u00e9solution d&#8217;impression de qualit\u00e9 image de 4800 ppp. Vous b\u00e9n\u00e9ficiez d&#8217;une connectivit\u00e9 fluide gr\u00e2ce \u00e0 la connectivit\u00e9 Wi-Fi int\u00e9gr\u00e9e, compatible avec Apple AirPrint&#x2122;, le service d&#8217;impression Mopria\u00ae et Chromebook. De plus, l&#8217;installation est simplifi\u00e9e avec l&#8217;application Xerox\u00ae Easy Assist et le logiciel Xerox\u00ae Smart Start, \u00e9liminant les besoins en assistance informatique.<\/p>\n<p>L&#8217;imprimante multifonctions couleur Xerox\u00ae C235 va au-del\u00e0 de l&#8217;impression en offrant des fonctions de copie, de num\u00e9risation et de t\u00e9l\u00e9copie, avec un chargeur automatique de documents de 50 feuilles. Elle num\u00e9rise rapidement \u00e0 une vitesse de jusqu&#8217;\u00e0 21 images par minute et permet d&#8217;envoyer directement des documents vers des emails ou des p\u00e9riph\u00e9riques USB. Les fonctionnalit\u00e9s avanc\u00e9es incluent la plateforme Xerox\u00ae Workflow Central, permettant la conversion de documents en formats Microsoft Office et l&#8217;automatisation des t\u00e2ches complexes.<\/p>\n<p>Les deux imprimantes assurent une s\u00e9curit\u00e9 robuste avec des mises \u00e0 jour de micrologiciels sign\u00e9es num\u00e9riquement et des fonctions de s\u00e9curit\u00e9 avanc\u00e9es comme l&#8217;effacement de m\u00e9moire et l&#8217;impression confidentielle. Certifi\u00e9es EPEAT, elles r\u00e9pondent aux normes strictes de conception et de recyclage, participant \u00e0 la r\u00e9duction des co\u00fbts et du gaspillage.<\/p>\n<p>Les caract\u00e9ristiques techniques incluent une vitesse d&#8217;impression jusqu\u2019\u00e0 24 ppm pour la C230 et 22 ppm pour la C235, un volume mensuel de jusqu&#8217;\u00e0 30 000 pages pour une productivit\u00e9 maximale, et une r\u00e9solution d\u2019impression de 600 x 600 ppp pour une qualit\u00e9 d&#8217;image exceptionnelle. La m\u00e9moire est de 256 Mo pour la C230 et de 512 Mo pour la C235.<\/p>\n<p>Pour une impression fiable, facile \u00e0 g\u00e9rer et \u00e9conomiquement avantageuse, choisissez les imprimantes Xerox\u00ae C230 et C235. Elles sont pr\u00eates \u00e0 transformer votre environnement de travail avec leurs performances optimales et leur flexibilit\u00e9 in\u00e9gal\u00e9e. Visitez la plateforme Xerox Workflow Central pour en savoir plus sur les fonctionnalit\u00e9s avanc\u00e9es de la C235.<\/p>\n","protected":false},"featured_media":8899,"template":"","meta":[],"product_brand":[],"product_cat":[19],"product_tag":[],"class_list":{"0":"post-6715","1":"product","2":"type-product","3":"status-publish","4":"has-post-thumbnail","6":"product_cat-imprimantes-bureau","8":"first","9":"instock","10":"shipping-taxable","11":"product-type-simple"},"yoast_head":"<!-- This site is optimized with the Yoast SEO plugin v25.9 - https:\/\/yoast.com\/wordpress\/plugins\/seo\/ -->\n<title>Xerox\u00ae C230 - Imprimante Couleur - Xerox - D&amp;O Partners<\/title>\n<meta name=\"robots\" content=\"index, follow, max-snippet:-1, max-image-preview:large, max-video-preview:-1\" \/>\n<link rel=\"canonical\" href=\"https:\/\/www.dopartners.be\/fr\/produit\/imprimante-couleur-xerox-c230\/\" \/>\n<meta property=\"og:locale\" content=\"fr_FR\" \/>\n<meta property=\"og:type\" content=\"article\" \/>\n<meta property=\"og:title\" content=\"Xerox\u00ae C230 - Imprimante Couleur - Xerox - D&amp;O Partners\" \/>\n<meta property=\"og:description\" content=\"[vc_row content_placement=&quot;top&quot;][vc_column][vc_btn title=&quot;T\u00e9l\u00e9charger la brochure&quot; style=&quot;flat&quot; shape=&quot;square&quot; align=&quot;left&quot; i_icon_fontawesome=&quot;fa fa-file-pdf-o&quot; add_icon=&quot;true&quot; link=&quot;url:\/wp-content\/uploads\/2023\/09\/brochure-imprimantes-couleur-c230-c235-xerox-belgique.pdf||target:%20_blank|&quot;][vc_column_text]  Imprimante couleur compacte et silencieuse con\u00e7ue pour votre bureau \u00e0 domicile   Id\u00e9ale pour les petites et moyennes entreprises et pour les bureaux \u00e0 domicile  Installation simple avec l&#039;installateur Smart Start  Fiable et digne de confiance  Compatibilit\u00e9 mobile : Apple AirPrint, Chromebook, Mopria, WI-FI et Wi-Fi Direct  Fonctions de s\u00e9curit\u00e9 compl\u00e8tes  D\u00e9couvrez les imprimantes Xerox\u00ae C230 et C235, parfaites pour les petites et moyennes entreprises ainsi que pour les t\u00e9l\u00e9travailleurs. Con\u00e7ues pour r\u00e9pondre \u00e0 vos besoins professionnels, elles offrent une fiabilit\u00e9 exceptionnelle, une utilisation simplifi\u00e9e et des fonctionnalit\u00e9s avanc\u00e9es tout en \u00e9tant compactes et silencieuses. L&#039;imprimante couleur Xerox\u00ae C230 permet une impression rapide jusqu&#039;\u00e0 24 pages par minute en couleur et en noir et blanc, avec une r\u00e9solution d&#039;impression de qualit\u00e9 image de 4800 ppp. Vous b\u00e9n\u00e9ficiez d&#039;une connectivit\u00e9 fluide gr\u00e2ce \u00e0 la connectivit\u00e9 Wi-Fi int\u00e9gr\u00e9e, compatible avec Apple AirPrint&#x2122;, le service d&#039;impression Mopria\u00ae et Chromebook. De plus, l&#039;installation est simplifi\u00e9e avec l&#039;application Xerox\u00ae Easy Assist et le logiciel Xerox\u00ae Smart Start, \u00e9liminant les besoins en assistance informatique.  L&#039;imprimante multifonctions couleur Xerox\u00ae C235 va au-del\u00e0 de l&#039;impression en offrant des fonctions de copie, de num\u00e9risation et de t\u00e9l\u00e9copie, avec un chargeur automatique de documents de 50 feuilles. Elle num\u00e9rise rapidement \u00e0 une vitesse de jusqu&#039;\u00e0 21 images par minute et permet d&#039;envoyer directement des documents vers des emails ou des p\u00e9riph\u00e9riques USB. Les fonctionnalit\u00e9s avanc\u00e9es incluent la plateforme Xerox\u00ae Workflow Central, permettant la conversion de documents en formats Microsoft Office et l&#039;automatisation des t\u00e2ches complexes.  Les deux imprimantes assurent une s\u00e9curit\u00e9 robuste avec des mises \u00e0 jour de micrologiciels sign\u00e9es num\u00e9riquement et des fonctions de s\u00e9curit\u00e9 avanc\u00e9es comme l&#039;effacement de m\u00e9moire et l&#039;impression confidentielle. Certifi\u00e9es EPEAT, elles r\u00e9pondent aux normes strictes de conception et de recyclage, participant \u00e0 la r\u00e9duction des co\u00fbts et du gaspillage.  Les caract\u00e9ristiques techniques incluent une vitesse d&#039;impression jusqu\u2019\u00e0 24 ppm pour la C230 et 22 ppm pour la C235, un volume mensuel de jusqu&#039;\u00e0 30 000 pages pour une productivit\u00e9 maximale, et une r\u00e9solution d\u2019impression de 600 x 600 ppp pour une qualit\u00e9 d&#039;image exceptionnelle. La m\u00e9moire est de 256 Mo pour la C230 et de 512 Mo pour la C235.  Pour une impression fiable, facile \u00e0 g\u00e9rer et \u00e9conomiquement avantageuse, choisissez les imprimantes Xerox\u00ae C230 et C235. Elles sont pr\u00eates \u00e0 transformer votre environnement de travail avec leurs performances optimales et leur flexibilit\u00e9 in\u00e9gal\u00e9e. Visitez la plateforme Xerox Workflow Central pour en savoir plus sur les fonctionnalit\u00e9s avanc\u00e9es de la C235.\" \/>\n<meta property=\"og:url\" content=\"https:\/\/www.dopartners.be\/fr\/produit\/imprimante-couleur-xerox-c230\/\" \/>\n<meta property=\"og:site_name\" content=\"D&amp;O Partners\" \/>\n<meta property=\"article:publisher\" content=\"https:\/\/www.facebook.com\/DOPartnersXerox\" \/>\n<meta property=\"article:modified_time\" content=\"2024-06-20T09:11:30+00:00\" \/>\n<meta property=\"og:image\" content=\"https:\/\/www.dopartners.be\/wp-content\/uploads\/2023\/09\/imprimante-couleur-c230-xerox-belgique-do.webp\" \/>\n\t<meta property=\"og:image:width\" content=\"1200\" \/>\n\t<meta property=\"og:image:height\" content=\"1144\" \/>\n\t<meta property=\"og:image:type\" content=\"image\/webp\" \/>\n<meta name=\"twitter:card\" content=\"summary_large_image\" \/>\n<meta name=\"twitter:label1\" content=\"Dur\u00e9e de lecture est.\" \/>\n\t<meta name=\"twitter:data1\" content=\"1 minute\" \/>\n<script type=\"application\/ld+json\" class=\"yoast-schema-graph\">{\"@context\":\"https:\/\/schema.org\",\"@graph\":[{\"@type\":\"WebPage\",\"@id\":\"https:\/\/www.dopartners.be\/fr\/produit\/imprimante-couleur-xerox-c230\/\",\"url\":\"https:\/\/www.dopartners.be\/fr\/produit\/imprimante-couleur-xerox-c230\/\",\"name\":\"Xerox\u00ae C230 - Imprimante Couleur - Xerox - D&amp;O Partners\",\"isPartOf\":{\"@id\":\"https:\/\/www.dopartners.be\/fr\/#website\"},\"primaryImageOfPage\":{\"@id\":\"https:\/\/www.dopartners.be\/fr\/produit\/imprimante-couleur-xerox-c230\/#primaryimage\"},\"image\":{\"@id\":\"https:\/\/www.dopartners.be\/fr\/produit\/imprimante-couleur-xerox-c230\/#primaryimage\"},\"thumbnailUrl\":\"https:\/\/www.dopartners.be\/wp-content\/uploads\/2023\/09\/imprimante-couleur-c230-xerox-belgique-do.webp\",\"datePublished\":\"2023-09-11T08:50:49+00:00\",\"dateModified\":\"2024-06-20T09:11:30+00:00\",\"breadcrumb\":{\"@id\":\"https:\/\/www.dopartners.be\/fr\/produit\/imprimante-couleur-xerox-c230\/#breadcrumb\"},\"inLanguage\":\"fr-BE\",\"potentialAction\":[{\"@type\":\"ReadAction\",\"target\":[\"https:\/\/www.dopartners.be\/fr\/produit\/imprimante-couleur-xerox-c230\/\"]}]},{\"@type\":\"ImageObject\",\"inLanguage\":\"fr-BE\",\"@id\":\"https:\/\/www.dopartners.be\/fr\/produit\/imprimante-couleur-xerox-c230\/#primaryimage\",\"url\":\"https:\/\/www.dopartners.be\/wp-content\/uploads\/2023\/09\/imprimante-couleur-c230-xerox-belgique-do.webp\",\"contentUrl\":\"https:\/\/www.dopartners.be\/wp-content\/uploads\/2023\/09\/imprimante-couleur-c230-xerox-belgique-do.webp\",\"width\":1200,\"height\":1144,\"caption\":\"Imprimante couleur c230 xerox belgique do partners\"},{\"@type\":\"BreadcrumbList\",\"@id\":\"https:\/\/www.dopartners.be\/fr\/produit\/imprimante-couleur-xerox-c230\/#breadcrumb\",\"itemListElement\":[{\"@type\":\"ListItem\",\"position\":1,\"name\":\"Home\",\"item\":\"https:\/\/www.dopartners.be\/fr\/\"},{\"@type\":\"ListItem\",\"position\":2,\"name\":\"Boutique\",\"item\":\"https:\/\/www.dopartners.be\/fr\/shop\/\"},{\"@type\":\"ListItem\",\"position\":3,\"name\":\"Xerox\u00ae C230 &#8211; Imprimante Couleur &#8211; Xerox\"}]},{\"@type\":\"WebSite\",\"@id\":\"https:\/\/www.dopartners.be\/fr\/#website\",\"url\":\"https:\/\/www.dopartners.be\/fr\/\",\"name\":\"D&amp;O Partners\",\"description\":\"Concessionnaire Xerox autoris\u00e9 \u00e0 Bruxelles\",\"publisher\":{\"@id\":\"https:\/\/www.dopartners.be\/fr\/#organization\"},\"alternateName\":\"DO Partners\",\"potentialAction\":[{\"@type\":\"SearchAction\",\"target\":{\"@type\":\"EntryPoint\",\"urlTemplate\":\"https:\/\/www.dopartners.be\/fr\/?s={search_term_string}\"},\"query-input\":{\"@type\":\"PropertyValueSpecification\",\"valueRequired\":true,\"valueName\":\"search_term_string\"}}],\"inLanguage\":\"fr-BE\"},{\"@type\":\"Organization\",\"@id\":\"https:\/\/www.dopartners.be\/fr\/#organization\",\"name\":\"DO PARTNERS\",\"url\":\"https:\/\/www.dopartners.be\/fr\/\",\"logo\":{\"@type\":\"ImageObject\",\"inLanguage\":\"fr-BE\",\"@id\":\"https:\/\/www.dopartners.be\/fr\/#\/schema\/logo\/image\/\",\"url\":\"https:\/\/www.dopartners.be\/wp-content\/uploads\/2017\/11\/DO-partners-logo.png\",\"contentUrl\":\"https:\/\/www.dopartners.be\/wp-content\/uploads\/2017\/11\/DO-partners-logo.png\",\"width\":135,\"height\":100,\"caption\":\"DO PARTNERS\"},\"image\":{\"@id\":\"https:\/\/www.dopartners.be\/fr\/#\/schema\/logo\/image\/\"},\"sameAs\":[\"https:\/\/www.facebook.com\/DOPartnersXerox\",\"https:\/\/www.youtube.com\/@dopartners\",\"https:\/\/www.linkedin.com\/company\/d&amp;o-partners\/\"]}]}<\/script>\n<!-- \/ Yoast SEO plugin. -->","yoast_head_json":{"title":"Xerox\u00ae C230 - Imprimante Couleur - Xerox - D&amp;O Partners","robots":{"index":"index","follow":"follow","max-snippet":"max-snippet:-1","max-image-preview":"max-image-preview:large","max-video-preview":"max-video-preview:-1"},"canonical":"https:\/\/www.dopartners.be\/fr\/produit\/imprimante-couleur-xerox-c230\/","og_locale":"fr_FR","og_type":"article","og_title":"Xerox\u00ae C230 - Imprimante Couleur - Xerox - D&amp;O Partners","og_description":"[vc_row content_placement=\"top\"][vc_column][vc_btn title=\"T\u00e9l\u00e9charger la brochure\" style=\"flat\" shape=\"square\" align=\"left\" i_icon_fontawesome=\"fa fa-file-pdf-o\" add_icon=\"true\" link=\"url:\/wp-content\/uploads\/2023\/09\/brochure-imprimantes-couleur-c230-c235-xerox-belgique.pdf||target:%20_blank|\"][vc_column_text]  Imprimante couleur compacte et silencieuse con\u00e7ue pour votre bureau \u00e0 domicile   Id\u00e9ale pour les petites et moyennes entreprises et pour les bureaux \u00e0 domicile  Installation simple avec l'installateur Smart Start  Fiable et digne de confiance  Compatibilit\u00e9 mobile : Apple AirPrint, Chromebook, Mopria, WI-FI et Wi-Fi Direct  Fonctions de s\u00e9curit\u00e9 compl\u00e8tes  D\u00e9couvrez les imprimantes Xerox\u00ae C230 et C235, parfaites pour les petites et moyennes entreprises ainsi que pour les t\u00e9l\u00e9travailleurs. Con\u00e7ues pour r\u00e9pondre \u00e0 vos besoins professionnels, elles offrent une fiabilit\u00e9 exceptionnelle, une utilisation simplifi\u00e9e et des fonctionnalit\u00e9s avanc\u00e9es tout en \u00e9tant compactes et silencieuses. L'imprimante couleur Xerox\u00ae C230 permet une impression rapide jusqu'\u00e0 24 pages par minute en couleur et en noir et blanc, avec une r\u00e9solution d'impression de qualit\u00e9 image de 4800 ppp. Vous b\u00e9n\u00e9ficiez d'une connectivit\u00e9 fluide gr\u00e2ce \u00e0 la connectivit\u00e9 Wi-Fi int\u00e9gr\u00e9e, compatible avec Apple AirPrint&#x2122;, le service d'impression Mopria\u00ae et Chromebook. De plus, l'installation est simplifi\u00e9e avec l'application Xerox\u00ae Easy Assist et le logiciel Xerox\u00ae Smart Start, \u00e9liminant les besoins en assistance informatique.  L'imprimante multifonctions couleur Xerox\u00ae C235 va au-del\u00e0 de l'impression en offrant des fonctions de copie, de num\u00e9risation et de t\u00e9l\u00e9copie, avec un chargeur automatique de documents de 50 feuilles. Elle num\u00e9rise rapidement \u00e0 une vitesse de jusqu'\u00e0 21 images par minute et permet d'envoyer directement des documents vers des emails ou des p\u00e9riph\u00e9riques USB. Les fonctionnalit\u00e9s avanc\u00e9es incluent la plateforme Xerox\u00ae Workflow Central, permettant la conversion de documents en formats Microsoft Office et l'automatisation des t\u00e2ches complexes.  Les deux imprimantes assurent une s\u00e9curit\u00e9 robuste avec des mises \u00e0 jour de micrologiciels sign\u00e9es num\u00e9riquement et des fonctions de s\u00e9curit\u00e9 avanc\u00e9es comme l'effacement de m\u00e9moire et l'impression confidentielle. Certifi\u00e9es EPEAT, elles r\u00e9pondent aux normes strictes de conception et de recyclage, participant \u00e0 la r\u00e9duction des co\u00fbts et du gaspillage.  Les caract\u00e9ristiques techniques incluent une vitesse d'impression jusqu\u2019\u00e0 24 ppm pour la C230 et 22 ppm pour la C235, un volume mensuel de jusqu'\u00e0 30 000 pages pour une productivit\u00e9 maximale, et une r\u00e9solution d\u2019impression de 600 x 600 ppp pour une qualit\u00e9 d'image exceptionnelle. La m\u00e9moire est de 256 Mo pour la C230 et de 512 Mo pour la C235.  Pour une impression fiable, facile \u00e0 g\u00e9rer et \u00e9conomiquement avantageuse, choisissez les imprimantes Xerox\u00ae C230 et C235. Elles sont pr\u00eates \u00e0 transformer votre environnement de travail avec leurs performances optimales et leur flexibilit\u00e9 in\u00e9gal\u00e9e. Visitez la plateforme Xerox Workflow Central pour en savoir plus sur les fonctionnalit\u00e9s avanc\u00e9es de la C235.","og_url":"https:\/\/www.dopartners.be\/fr\/produit\/imprimante-couleur-xerox-c230\/","og_site_name":"D&amp;O Partners","article_publisher":"https:\/\/www.facebook.com\/DOPartnersXerox","article_modified_time":"2024-06-20T09:11:30+00:00","og_image":[{"width":1200,"height":1144,"url":"https:\/\/www.dopartners.be\/wp-content\/uploads\/2023\/09\/imprimante-couleur-c230-xerox-belgique-do.webp","type":"image\/webp"}],"twitter_card":"summary_large_image","twitter_misc":{"Dur\u00e9e de lecture est.":"1 minute"},"schema":{"@context":"https:\/\/schema.org","@graph":[{"@type":"WebPage","@id":"https:\/\/www.dopartners.be\/fr\/produit\/imprimante-couleur-xerox-c230\/","url":"https:\/\/www.dopartners.be\/fr\/produit\/imprimante-couleur-xerox-c230\/","name":"Xerox\u00ae C230 - Imprimante Couleur - Xerox - D&amp;O Partners","isPartOf":{"@id":"https:\/\/www.dopartners.be\/fr\/#website"},"primaryImageOfPage":{"@id":"https:\/\/www.dopartners.be\/fr\/produit\/imprimante-couleur-xerox-c230\/#primaryimage"},"image":{"@id":"https:\/\/www.dopartners.be\/fr\/produit\/imprimante-couleur-xerox-c230\/#primaryimage"},"thumbnailUrl":"https:\/\/www.dopartners.be\/wp-content\/uploads\/2023\/09\/imprimante-couleur-c230-xerox-belgique-do.webp","datePublished":"2023-09-11T08:50:49+00:00","dateModified":"2024-06-20T09:11:30+00:00","breadcrumb":{"@id":"https:\/\/www.dopartners.be\/fr\/produit\/imprimante-couleur-xerox-c230\/#breadcrumb"},"inLanguage":"fr-BE","potentialAction":[{"@type":"ReadAction","target":["https:\/\/www.dopartners.be\/fr\/produit\/imprimante-couleur-xerox-c230\/"]}]},{"@type":"ImageObject","inLanguage":"fr-BE","@id":"https:\/\/www.dopartners.be\/fr\/produit\/imprimante-couleur-xerox-c230\/#primaryimage","url":"https:\/\/www.dopartners.be\/wp-content\/uploads\/2023\/09\/imprimante-couleur-c230-xerox-belgique-do.webp","contentUrl":"https:\/\/www.dopartners.be\/wp-content\/uploads\/2023\/09\/imprimante-couleur-c230-xerox-belgique-do.webp","width":1200,"height":1144,"caption":"Imprimante couleur c230 xerox belgique do partners"},{"@type":"BreadcrumbList","@id":"https:\/\/www.dopartners.be\/fr\/produit\/imprimante-couleur-xerox-c230\/#breadcrumb","itemListElement":[{"@type":"ListItem","position":1,"name":"Home","item":"https:\/\/www.dopartners.be\/fr\/"},{"@type":"ListItem","position":2,"name":"Boutique","item":"https:\/\/www.dopartners.be\/fr\/shop\/"},{"@type":"ListItem","position":3,"name":"Xerox\u00ae C230 &#8211; Imprimante Couleur &#8211; Xerox"}]},{"@type":"WebSite","@id":"https:\/\/www.dopartners.be\/fr\/#website","url":"https:\/\/www.dopartners.be\/fr\/","name":"D&amp;O Partners","description":"Concessionnaire Xerox autoris\u00e9 \u00e0 Bruxelles","publisher":{"@id":"https:\/\/www.dopartners.be\/fr\/#organization"},"alternateName":"DO Partners","potentialAction":[{"@type":"SearchAction","target":{"@type":"EntryPoint","urlTemplate":"https:\/\/www.dopartners.be\/fr\/?s={search_term_string}"},"query-input":{"@type":"PropertyValueSpecification","valueRequired":true,"valueName":"search_term_string"}}],"inLanguage":"fr-BE"},{"@type":"Organization","@id":"https:\/\/www.dopartners.be\/fr\/#organization","name":"DO PARTNERS","url":"https:\/\/www.dopartners.be\/fr\/","logo":{"@type":"ImageObject","inLanguage":"fr-BE","@id":"https:\/\/www.dopartners.be\/fr\/#\/schema\/logo\/image\/","url":"https:\/\/www.dopartners.be\/wp-content\/uploads\/2017\/11\/DO-partners-logo.png","contentUrl":"https:\/\/www.dopartners.be\/wp-content\/uploads\/2017\/11\/DO-partners-logo.png","width":135,"height":100,"caption":"DO PARTNERS"},"image":{"@id":"https:\/\/www.dopartners.be\/fr\/#\/schema\/logo\/image\/"},"sameAs":["https:\/\/www.facebook.com\/DOPartnersXerox","https:\/\/www.youtube.com\/@dopartners","https:\/\/www.linkedin.com\/company\/d&amp;o-partners\/"]}]}},"_links":{"self":[{"href":"https:\/\/www.dopartners.be\/fr\/wp-json\/wp\/v2\/product\/6715","targetHints":{"allow":["GET"]}}],"collection":[{"href":"https:\/\/www.dopartners.be\/fr\/wp-json\/wp\/v2\/product"}],"about":[{"href":"https:\/\/www.dopartners.be\/fr\/wp-json\/wp\/v2\/types\/product"}],"wp:featuredmedia":[{"embeddable":true,"href":"https:\/\/www.dopartners.be\/fr\/wp-json\/wp\/v2\/media\/8899"}],"wp:attachment":[{"href":"https:\/\/www.dopartners.be\/fr\/wp-json\/wp\/v2\/media?parent=6715"}],"wp:term":[{"taxonomy":"product_brand","embeddable":true,"href":"https:\/\/www.dopartners.be\/fr\/wp-json\/wp\/v2\/product_brand?post=6715"},{"taxonomy":"product_cat","embeddable":true,"href":"https:\/\/www.dopartners.be\/fr\/wp-json\/wp\/v2\/product_cat?post=6715"},{"taxonomy":"product_tag","embeddable":true,"href":"https:\/\/www.dopartners.be\/fr\/wp-json\/wp\/v2\/product_tag?post=6715"}],"curies":[{"name":"wp","href":"https:\/\/api.w.org\/{rel}","templated":true}]}}