{"id":6966,"date":"2023-09-11T17:47:49","date_gmt":"2023-09-11T15:47:49","guid":{"rendered":"https:\/\/www.dopartners.be\/?post_type=product&#038;p=6966"},"modified":"2024-06-13T11:53:53","modified_gmt":"2024-06-13T09:53:53","slug":"presse-xerox-versant-280","status":"publish","type":"product","link":"https:\/\/www.dopartners.be\/fr\/produit\/presse-xerox-versant-280\/","title":{"rendered":"Versant 280 &#8211; Presse Digitale Couleur  &#8211; Xerox"},"content":{"rendered":"<div class=\"wpb-content-wrapper\"><p>[vc_row content_placement=&#8221;top&#8221;][vc_column][vc_column_text woodmart_inline=&#8221;no&#8221; text_larger=&#8221;no&#8221;]<\/p>\n<table class=\"shop_attributes\">\n<tbody>\n<tr>\n<th>Mod\u00e8le<\/th>\n<td>Versant 280<\/td>\n<\/tr>\n<tr>\n<th>Configurations<\/th>\n<td>Presse Xerox\u00ae Versant\u00ae 280<br \/>\nPresse Xerox\u00ae Versant\u00ae 280 avec l\u2019option ASRS (All Stocks Rated Speed)<br \/>\nPresse Xerox\u00ae Versant\u00ae 280 avec l\u2019option PP (Performance Package)<\/td>\n<\/tr>\n<tr>\n<th>Fonctionnalit\u00e9s en standard<\/th>\n<td>Num\u00e9risation, copie et impression couleur<\/td>\n<\/tr>\n<tr>\n<th>Fonctionnalit\u00e9s en option<\/th>\n<td>Alimentation, Finition, Flux de travaux, Options de performance<\/td>\n<\/tr>\n<tr>\n<th>Volume mensuel moyen recommand\u00e9<\/th>\n<td>150.000 pages par mois<\/td>\n<\/tr>\n<tr>\n<th>Volume mensuel maximum<\/th>\n<td>750.000 pages par mois<\/td>\n<\/tr>\n<tr>\n<th>Serveurs d&#8217;impression<\/th>\n<td>Serveur d&#8217;impression Xerox\u00ae EX 280 optimis\u00e9 par Fiery\u00ae<br \/>\nServeur d&#8217;impression Xerox\u00ae EX-i 280 optimis\u00e9 par Fiery\u00ae<\/td>\n<\/tr>\n<tr>\n<th>Finition<\/th>\n<td>Bac \u00e0 d\u00e9calage, Cr\u00e9ation de cahier, Dispositifs de coupe, de fente et de pliage, Module de finition, Perforation, Plieuse, Reliure en ligne<\/td>\n<\/tr>\n<tr>\n<th>Types de support<\/th>\n<td>Papiers couch\u00e9s et non couch\u00e9s, papiers brillants, \u00e9tiquettes, cartes de visite, brochures glac\u00e9es, transparents, papiers recycl\u00e9s\/synth\u00e9tiques, cartes de v\u0153ux, intercalaires \u00e0 onglet, papier gaufr\u00e9, polyesters et solutions personnalis\u00e9es<br \/>\nTirage multisupports pris en charge<\/td>\n<\/tr>\n<tr>\n<th>Moteur d&#8217;impression<\/th>\n<td>Acc\u00e9l\u00e9rateur de Production<br \/>\nAcc\u00e9l\u00e9rez la production de votre Xerox\u00ae Versant\u00ae gr\u00e2ce \u00e0 Xerox\u00ae FreeFlow\u00ae Core Accelerator pour Versant\u00ae : un ensemble de flux de travail pr\u00e9d\u00e9finis et d&#8217;outils con\u00e7us pour exploiter toutes les capacit\u00e9s et les fonctionnalit\u00e9s sp\u00e9cifiques de votre presse.<\/td>\n<\/tr>\n<tr>\n<th>D\u00e9veloppement Durable<\/th>\n<td>EPEAT<br \/>\nENERGY STAR\u00ae<\/td>\n<\/tr>\n<\/tbody>\n<\/table>\n<p>[\/vc_column_text][\/vc_column][\/vc_row]<\/p>\n<\/div>","protected":false},"excerpt":{"rendered":"<p>[vc_row content_placement=&#8221;top&#8221;][vc_column][vc_btn title=&#8221;T\u00e9l\u00e9charger la brochure&#8221; style=&#8221;flat&#8221; shape=&#8221;square&#8221; align=&#8221;left&#8221; i_icon_fontawesome=&#8221;fa fa-file-pdf-o&#8221; add_icon=&#8221;true&#8221; link=&#8221;url:\/wp-content\/uploads\/2023\/09\/brochure-presse-versant-280-xerox-belgique.pdf||target:%20_blank|&#8221;][vc_column_text]<\/p>\n<p>Le g\u00e9n\u00e9rateur de profits tout-en-un, en constante \u00e9volution et \u00e9prouv\u00e9 sur le terrain. Con\u00e7ue pour vous apporter tout ce dont vous avez besoin en environnement de production moyenne.<\/p>\n<ul>\n<li>Option ASRS (All Stocks Rated Speed) permettant d&#8217;imprimer 25 % plus vite sur tous les supports jusqu&#8217;\u00e0 400 gsm<\/li>\n<li>Allez jusqu&#8217;au bout de l&#8217;automatisation avec une pr\u00e9cision couleur automatis\u00e9e par simple clic gr\u00e2ce \u00e0 un spectrophotom\u00e8tre en ligne et une vitesse constante quelques soient les grammages (ASRS) avec l&#8217;option PP (Performance Package)<\/li>\n<li>Plus long, plus rentable. Impression de production acceptant des formats jusqu&#8217;\u00e0 1,2 m de long et une r\u00e9solution Ultra HD<\/li>\n<li>Faites-vous remarquer avec le kit Xerox\u00ae Adaptive CMYK+ : Les toners sp\u00e9ciaux des kits Vivid et Fluorescent ajoutent de l&#8217;or, de l&#8217;argent, du blanc, du transparent ou du cyan fluorescent, du magenta fluorescent et du jaune fluorescent \u00e0 vos applications<\/li>\n<\/ul>\n<p>D\u00e9couvrez la presse Xerox Versant 280, une solution d&#8217;impression innovante qui combine vitesse, qualit\u00e9 et polyvalence pour r\u00e9pondre aux besoins des entreprises modernes. Cette presse permet d&#8217;imprimer sur une large gamme de supports, allant jusqu&#8217;\u00e0 400 g\/m\u00b2, et offre des fonctionnalit\u00e9s avanc\u00e9es telles que l&#8217;impression sur des formats allant de 98 x 146 mm \u00e0 330 mm x 1,2 m. Que ce soit pour des enveloppes, des \u00e9tiquettes, des intercalaires ou des supports sp\u00e9ciaux comme les synth\u00e9tiques et les vinyles, la Versant 280 est con\u00e7ue pour maximiser vos capacit\u00e9s d&#8217;impression.<\/p>\n<p>La Versant 280 est \u00e9quip\u00e9e de la technologie SIQA (Simple Image Quality Adjustment) pour une uniformit\u00e9 du toner et un alignement optimis\u00e9s, garantissant une coh\u00e9rence chromatique exceptionnelle. Gr\u00e2ce au toner EA Xerox\u00ae et \u00e0 une r\u00e9solution Ultra HD de 2400 x 2400 ppp, vous obtiendrez des impressions de qualit\u00e9 sup\u00e9rieure avec des d\u00e9tails nets et des couleurs \u00e9clatantes.<\/p>\n<p>Cette presse offre \u00e9galement une grande flexibilit\u00e9 en termes d&#8217;options de finition, allant des pliages et agrafages simples aux brochures \u00e0 dos carr\u00e9 et fond perdu. Les capacit\u00e9s d&#8217;impression et de num\u00e9risation en ligne permettent de rationaliser les workflows et d&#8217;am\u00e9liorer la productivit\u00e9.<\/p>\n<p>La Versant 280 se distingue par son kit exclusif Adaptive CMYK+, permettant d&#8217;ajouter des couleurs sp\u00e9ciales comme l&#8217;or, l&#8217;argent, le blanc, le transparent et des fluorescents \u00e9blouissants, offrant ainsi des possibilit\u00e9s cr\u00e9atives infinies. Vous pouvez facilement passer des toners CMJN standard \u00e0 ces toners sp\u00e9ciaux pour diversifier vos services d&#8217;impression et augmenter vos revenus.<\/p>\n<p>Avec l&#8217;option ASRS (Vitesse nominale sur tous les supports), la Versant 280 imprime 25 % plus vite sur tous les supports jusqu&#8217;\u00e0 400 g\/m\u00b2. Le Pack Performance ajoute un spectrophotom\u00e8tre en ligne X-Rite\u00ae et la suite ACQS (Automated Color Quality Suite) pour une gestion des couleurs enti\u00e8rement automatis\u00e9e, \u00e9liminant les variabilit\u00e9s chromatiques et r\u00e9duisant les erreurs humaines.<\/p>\n<p>En somme, la presse Xerox Versant 280 est une solution tout-en-un \u00e9volutive, id\u00e9ale pour les environnements de production exigeants. Elle combine des fonctionnalit\u00e9s avanc\u00e9es, une automatisation exceptionnelle et des couleurs stup\u00e9fiantes pour maximiser vos capacit\u00e9s d&#8217;impression et augmenter votre rentabilit\u00e9. Pour en savoir plus sur les options disponibles et d\u00e9couvrir comment la Versant 280 peut transformer votre entreprise, visitez notre site web.<\/p>\n","protected":false},"featured_media":6967,"template":"","meta":[],"product_brand":[],"product_cat":[21],"product_tag":[],"class_list":{"0":"post-6966","1":"product","2":"type-product","3":"status-publish","4":"has-post-thumbnail","6":"product_cat-production-presse-numerique","8":"first","9":"instock","10":"shipping-taxable","11":"product-type-simple"},"yoast_head":"<!-- This site is optimized with the Yoast SEO plugin v25.9 - https:\/\/yoast.com\/wordpress\/plugins\/seo\/ -->\n<title>Versant 280 - Presse Digitale Couleur - Xerox - D&amp;O Partners<\/title>\n<meta name=\"robots\" content=\"index, follow, max-snippet:-1, max-image-preview:large, max-video-preview:-1\" \/>\n<link rel=\"canonical\" href=\"https:\/\/www.dopartners.be\/fr\/produit\/presse-xerox-versant-280\/\" \/>\n<meta property=\"og:locale\" content=\"fr_FR\" \/>\n<meta property=\"og:type\" content=\"article\" \/>\n<meta property=\"og:title\" content=\"Versant 280 - Presse Digitale Couleur - Xerox - D&amp;O Partners\" \/>\n<meta property=\"og:description\" content=\"[vc_row content_placement=&quot;top&quot;][vc_column][vc_btn title=&quot;T\u00e9l\u00e9charger la brochure&quot; style=&quot;flat&quot; shape=&quot;square&quot; align=&quot;left&quot; i_icon_fontawesome=&quot;fa fa-file-pdf-o&quot; add_icon=&quot;true&quot; link=&quot;url:\/wp-content\/uploads\/2023\/09\/brochure-presse-versant-280-xerox-belgique.pdf||target:%20_blank|&quot;][vc_column_text]  Le g\u00e9n\u00e9rateur de profits tout-en-un, en constante \u00e9volution et \u00e9prouv\u00e9 sur le terrain. Con\u00e7ue pour vous apporter tout ce dont vous avez besoin en environnement de production moyenne.   Option ASRS (All Stocks Rated Speed) permettant d&#039;imprimer 25 % plus vite sur tous les supports jusqu&#039;\u00e0 400 gsm  Allez jusqu&#039;au bout de l&#039;automatisation avec une pr\u00e9cision couleur automatis\u00e9e par simple clic gr\u00e2ce \u00e0 un spectrophotom\u00e8tre en ligne et une vitesse constante quelques soient les grammages (ASRS) avec l&#039;option PP (Performance Package)  Plus long, plus rentable. Impression de production acceptant des formats jusqu&#039;\u00e0 1,2 m de long et une r\u00e9solution Ultra HD  Faites-vous remarquer avec le kit Xerox\u00ae Adaptive CMYK+ : Les toners sp\u00e9ciaux des kits Vivid et Fluorescent ajoutent de l&#039;or, de l&#039;argent, du blanc, du transparent ou du cyan fluorescent, du magenta fluorescent et du jaune fluorescent \u00e0 vos applications  D\u00e9couvrez la presse Xerox Versant 280, une solution d&#039;impression innovante qui combine vitesse, qualit\u00e9 et polyvalence pour r\u00e9pondre aux besoins des entreprises modernes. Cette presse permet d&#039;imprimer sur une large gamme de supports, allant jusqu&#039;\u00e0 400 g\/m\u00b2, et offre des fonctionnalit\u00e9s avanc\u00e9es telles que l&#039;impression sur des formats allant de 98 x 146 mm \u00e0 330 mm x 1,2 m. Que ce soit pour des enveloppes, des \u00e9tiquettes, des intercalaires ou des supports sp\u00e9ciaux comme les synth\u00e9tiques et les vinyles, la Versant 280 est con\u00e7ue pour maximiser vos capacit\u00e9s d&#039;impression.  La Versant 280 est \u00e9quip\u00e9e de la technologie SIQA (Simple Image Quality Adjustment) pour une uniformit\u00e9 du toner et un alignement optimis\u00e9s, garantissant une coh\u00e9rence chromatique exceptionnelle. Gr\u00e2ce au toner EA Xerox\u00ae et \u00e0 une r\u00e9solution Ultra HD de 2400 x 2400 ppp, vous obtiendrez des impressions de qualit\u00e9 sup\u00e9rieure avec des d\u00e9tails nets et des couleurs \u00e9clatantes.  Cette presse offre \u00e9galement une grande flexibilit\u00e9 en termes d&#039;options de finition, allant des pliages et agrafages simples aux brochures \u00e0 dos carr\u00e9 et fond perdu. Les capacit\u00e9s d&#039;impression et de num\u00e9risation en ligne permettent de rationaliser les workflows et d&#039;am\u00e9liorer la productivit\u00e9.  La Versant 280 se distingue par son kit exclusif Adaptive CMYK+, permettant d&#039;ajouter des couleurs sp\u00e9ciales comme l&#039;or, l&#039;argent, le blanc, le transparent et des fluorescents \u00e9blouissants, offrant ainsi des possibilit\u00e9s cr\u00e9atives infinies. Vous pouvez facilement passer des toners CMJN standard \u00e0 ces toners sp\u00e9ciaux pour diversifier vos services d&#039;impression et augmenter vos revenus.  Avec l&#039;option ASRS (Vitesse nominale sur tous les supports), la Versant 280 imprime 25 % plus vite sur tous les supports jusqu&#039;\u00e0 400 g\/m\u00b2. Le Pack Performance ajoute un spectrophotom\u00e8tre en ligne X-Rite\u00ae et la suite ACQS (Automated Color Quality Suite) pour une gestion des couleurs enti\u00e8rement automatis\u00e9e, \u00e9liminant les variabilit\u00e9s chromatiques et r\u00e9duisant les erreurs humaines.  En somme, la presse Xerox Versant 280 est une solution tout-en-un \u00e9volutive, id\u00e9ale pour les environnements de production exigeants. Elle combine des fonctionnalit\u00e9s avanc\u00e9es, une automatisation exceptionnelle et des couleurs stup\u00e9fiantes pour maximiser vos capacit\u00e9s d&#039;impression et augmenter votre rentabilit\u00e9. Pour en savoir plus sur les options disponibles et d\u00e9couvrir comment la Versant 280 peut transformer votre entreprise, visitez notre site web.\" \/>\n<meta property=\"og:url\" content=\"https:\/\/www.dopartners.be\/fr\/produit\/presse-xerox-versant-280\/\" \/>\n<meta property=\"og:site_name\" content=\"D&amp;O Partners\" \/>\n<meta property=\"article:publisher\" content=\"https:\/\/www.facebook.com\/DOPartnersXerox\" \/>\n<meta property=\"article:modified_time\" content=\"2024-06-13T09:53:53+00:00\" \/>\n<meta property=\"og:image\" content=\"https:\/\/www.dopartners.be\/wp-content\/uploads\/2023\/09\/presse-versant-280-configuration-standard-xerox-belgique.webp\" \/>\n\t<meta property=\"og:image:width\" content=\"1200\" \/>\n\t<meta property=\"og:image:height\" content=\"1144\" \/>\n\t<meta property=\"og:image:type\" content=\"image\/webp\" \/>\n<meta name=\"twitter:card\" content=\"summary_large_image\" \/>\n<meta name=\"twitter:label1\" content=\"Dur\u00e9e de lecture est.\" \/>\n\t<meta name=\"twitter:data1\" content=\"1 minute\" \/>\n<script type=\"application\/ld+json\" class=\"yoast-schema-graph\">{\"@context\":\"https:\/\/schema.org\",\"@graph\":[{\"@type\":\"WebPage\",\"@id\":\"https:\/\/www.dopartners.be\/fr\/produit\/presse-xerox-versant-280\/\",\"url\":\"https:\/\/www.dopartners.be\/fr\/produit\/presse-xerox-versant-280\/\",\"name\":\"Versant 280 - Presse Digitale Couleur - Xerox - D&amp;O Partners\",\"isPartOf\":{\"@id\":\"https:\/\/www.dopartners.be\/fr\/#website\"},\"primaryImageOfPage\":{\"@id\":\"https:\/\/www.dopartners.be\/fr\/produit\/presse-xerox-versant-280\/#primaryimage\"},\"image\":{\"@id\":\"https:\/\/www.dopartners.be\/fr\/produit\/presse-xerox-versant-280\/#primaryimage\"},\"thumbnailUrl\":\"https:\/\/www.dopartners.be\/wp-content\/uploads\/2023\/09\/presse-versant-280-configuration-standard-xerox-belgique.webp\",\"datePublished\":\"2023-09-11T15:47:49+00:00\",\"dateModified\":\"2024-06-13T09:53:53+00:00\",\"breadcrumb\":{\"@id\":\"https:\/\/www.dopartners.be\/fr\/produit\/presse-xerox-versant-280\/#breadcrumb\"},\"inLanguage\":\"fr-BE\",\"potentialAction\":[{\"@type\":\"ReadAction\",\"target\":[\"https:\/\/www.dopartners.be\/fr\/produit\/presse-xerox-versant-280\/\"]}]},{\"@type\":\"ImageObject\",\"inLanguage\":\"fr-BE\",\"@id\":\"https:\/\/www.dopartners.be\/fr\/produit\/presse-xerox-versant-280\/#primaryimage\",\"url\":\"https:\/\/www.dopartners.be\/wp-content\/uploads\/2023\/09\/presse-versant-280-configuration-standard-xerox-belgique.webp\",\"contentUrl\":\"https:\/\/www.dopartners.be\/wp-content\/uploads\/2023\/09\/presse-versant-280-configuration-standard-xerox-belgique.webp\",\"width\":1200,\"height\":1144,\"caption\":\"La presse Xerox Versant 280, une solution d'impression num\u00e9rique de pointe avec un \u00e9cran de contr\u00f4le tactile, pr\u00e9sent\u00e9e par D&O Partners.\"},{\"@type\":\"BreadcrumbList\",\"@id\":\"https:\/\/www.dopartners.be\/fr\/produit\/presse-xerox-versant-280\/#breadcrumb\",\"itemListElement\":[{\"@type\":\"ListItem\",\"position\":1,\"name\":\"Home\",\"item\":\"https:\/\/www.dopartners.be\/fr\/\"},{\"@type\":\"ListItem\",\"position\":2,\"name\":\"Boutique\",\"item\":\"https:\/\/www.dopartners.be\/fr\/shop\/\"},{\"@type\":\"ListItem\",\"position\":3,\"name\":\"Versant 280 &#8211; Presse Digitale Couleur &#8211; Xerox\"}]},{\"@type\":\"WebSite\",\"@id\":\"https:\/\/www.dopartners.be\/fr\/#website\",\"url\":\"https:\/\/www.dopartners.be\/fr\/\",\"name\":\"D&amp;O Partners\",\"description\":\"Concessionnaire Xerox autoris\u00e9 \u00e0 Bruxelles\",\"publisher\":{\"@id\":\"https:\/\/www.dopartners.be\/fr\/#organization\"},\"alternateName\":\"DO Partners\",\"potentialAction\":[{\"@type\":\"SearchAction\",\"target\":{\"@type\":\"EntryPoint\",\"urlTemplate\":\"https:\/\/www.dopartners.be\/fr\/?s={search_term_string}\"},\"query-input\":{\"@type\":\"PropertyValueSpecification\",\"valueRequired\":true,\"valueName\":\"search_term_string\"}}],\"inLanguage\":\"fr-BE\"},{\"@type\":\"Organization\",\"@id\":\"https:\/\/www.dopartners.be\/fr\/#organization\",\"name\":\"DO PARTNERS\",\"url\":\"https:\/\/www.dopartners.be\/fr\/\",\"logo\":{\"@type\":\"ImageObject\",\"inLanguage\":\"fr-BE\",\"@id\":\"https:\/\/www.dopartners.be\/fr\/#\/schema\/logo\/image\/\",\"url\":\"https:\/\/www.dopartners.be\/wp-content\/uploads\/2017\/11\/DO-partners-logo.png\",\"contentUrl\":\"https:\/\/www.dopartners.be\/wp-content\/uploads\/2017\/11\/DO-partners-logo.png\",\"width\":135,\"height\":100,\"caption\":\"DO PARTNERS\"},\"image\":{\"@id\":\"https:\/\/www.dopartners.be\/fr\/#\/schema\/logo\/image\/\"},\"sameAs\":[\"https:\/\/www.facebook.com\/DOPartnersXerox\",\"https:\/\/www.youtube.com\/@dopartners\",\"https:\/\/www.linkedin.com\/company\/d&amp;o-partners\/\"]}]}<\/script>\n<!-- \/ Yoast SEO plugin. -->","yoast_head_json":{"title":"Versant 280 - Presse Digitale Couleur - Xerox - D&amp;O Partners","robots":{"index":"index","follow":"follow","max-snippet":"max-snippet:-1","max-image-preview":"max-image-preview:large","max-video-preview":"max-video-preview:-1"},"canonical":"https:\/\/www.dopartners.be\/fr\/produit\/presse-xerox-versant-280\/","og_locale":"fr_FR","og_type":"article","og_title":"Versant 280 - Presse Digitale Couleur - Xerox - D&amp;O Partners","og_description":"[vc_row content_placement=\"top\"][vc_column][vc_btn title=\"T\u00e9l\u00e9charger la brochure\" style=\"flat\" shape=\"square\" align=\"left\" i_icon_fontawesome=\"fa fa-file-pdf-o\" add_icon=\"true\" link=\"url:\/wp-content\/uploads\/2023\/09\/brochure-presse-versant-280-xerox-belgique.pdf||target:%20_blank|\"][vc_column_text]  Le g\u00e9n\u00e9rateur de profits tout-en-un, en constante \u00e9volution et \u00e9prouv\u00e9 sur le terrain. Con\u00e7ue pour vous apporter tout ce dont vous avez besoin en environnement de production moyenne.   Option ASRS (All Stocks Rated Speed) permettant d'imprimer 25 % plus vite sur tous les supports jusqu'\u00e0 400 gsm  Allez jusqu'au bout de l'automatisation avec une pr\u00e9cision couleur automatis\u00e9e par simple clic gr\u00e2ce \u00e0 un spectrophotom\u00e8tre en ligne et une vitesse constante quelques soient les grammages (ASRS) avec l'option PP (Performance Package)  Plus long, plus rentable. Impression de production acceptant des formats jusqu'\u00e0 1,2 m de long et une r\u00e9solution Ultra HD  Faites-vous remarquer avec le kit Xerox\u00ae Adaptive CMYK+ : Les toners sp\u00e9ciaux des kits Vivid et Fluorescent ajoutent de l'or, de l'argent, du blanc, du transparent ou du cyan fluorescent, du magenta fluorescent et du jaune fluorescent \u00e0 vos applications  D\u00e9couvrez la presse Xerox Versant 280, une solution d'impression innovante qui combine vitesse, qualit\u00e9 et polyvalence pour r\u00e9pondre aux besoins des entreprises modernes. Cette presse permet d'imprimer sur une large gamme de supports, allant jusqu'\u00e0 400 g\/m\u00b2, et offre des fonctionnalit\u00e9s avanc\u00e9es telles que l'impression sur des formats allant de 98 x 146 mm \u00e0 330 mm x 1,2 m. Que ce soit pour des enveloppes, des \u00e9tiquettes, des intercalaires ou des supports sp\u00e9ciaux comme les synth\u00e9tiques et les vinyles, la Versant 280 est con\u00e7ue pour maximiser vos capacit\u00e9s d'impression.  La Versant 280 est \u00e9quip\u00e9e de la technologie SIQA (Simple Image Quality Adjustment) pour une uniformit\u00e9 du toner et un alignement optimis\u00e9s, garantissant une coh\u00e9rence chromatique exceptionnelle. Gr\u00e2ce au toner EA Xerox\u00ae et \u00e0 une r\u00e9solution Ultra HD de 2400 x 2400 ppp, vous obtiendrez des impressions de qualit\u00e9 sup\u00e9rieure avec des d\u00e9tails nets et des couleurs \u00e9clatantes.  Cette presse offre \u00e9galement une grande flexibilit\u00e9 en termes d'options de finition, allant des pliages et agrafages simples aux brochures \u00e0 dos carr\u00e9 et fond perdu. Les capacit\u00e9s d'impression et de num\u00e9risation en ligne permettent de rationaliser les workflows et d'am\u00e9liorer la productivit\u00e9.  La Versant 280 se distingue par son kit exclusif Adaptive CMYK+, permettant d'ajouter des couleurs sp\u00e9ciales comme l'or, l'argent, le blanc, le transparent et des fluorescents \u00e9blouissants, offrant ainsi des possibilit\u00e9s cr\u00e9atives infinies. Vous pouvez facilement passer des toners CMJN standard \u00e0 ces toners sp\u00e9ciaux pour diversifier vos services d'impression et augmenter vos revenus.  Avec l'option ASRS (Vitesse nominale sur tous les supports), la Versant 280 imprime 25 % plus vite sur tous les supports jusqu'\u00e0 400 g\/m\u00b2. Le Pack Performance ajoute un spectrophotom\u00e8tre en ligne X-Rite\u00ae et la suite ACQS (Automated Color Quality Suite) pour une gestion des couleurs enti\u00e8rement automatis\u00e9e, \u00e9liminant les variabilit\u00e9s chromatiques et r\u00e9duisant les erreurs humaines.  En somme, la presse Xerox Versant 280 est une solution tout-en-un \u00e9volutive, id\u00e9ale pour les environnements de production exigeants. Elle combine des fonctionnalit\u00e9s avanc\u00e9es, une automatisation exceptionnelle et des couleurs stup\u00e9fiantes pour maximiser vos capacit\u00e9s d'impression et augmenter votre rentabilit\u00e9. Pour en savoir plus sur les options disponibles et d\u00e9couvrir comment la Versant 280 peut transformer votre entreprise, visitez notre site web.","og_url":"https:\/\/www.dopartners.be\/fr\/produit\/presse-xerox-versant-280\/","og_site_name":"D&amp;O Partners","article_publisher":"https:\/\/www.facebook.com\/DOPartnersXerox","article_modified_time":"2024-06-13T09:53:53+00:00","og_image":[{"width":1200,"height":1144,"url":"https:\/\/www.dopartners.be\/wp-content\/uploads\/2023\/09\/presse-versant-280-configuration-standard-xerox-belgique.webp","type":"image\/webp"}],"twitter_card":"summary_large_image","twitter_misc":{"Dur\u00e9e de lecture est.":"1 minute"},"schema":{"@context":"https:\/\/schema.org","@graph":[{"@type":"WebPage","@id":"https:\/\/www.dopartners.be\/fr\/produit\/presse-xerox-versant-280\/","url":"https:\/\/www.dopartners.be\/fr\/produit\/presse-xerox-versant-280\/","name":"Versant 280 - Presse Digitale Couleur - Xerox - D&amp;O Partners","isPartOf":{"@id":"https:\/\/www.dopartners.be\/fr\/#website"},"primaryImageOfPage":{"@id":"https:\/\/www.dopartners.be\/fr\/produit\/presse-xerox-versant-280\/#primaryimage"},"image":{"@id":"https:\/\/www.dopartners.be\/fr\/produit\/presse-xerox-versant-280\/#primaryimage"},"thumbnailUrl":"https:\/\/www.dopartners.be\/wp-content\/uploads\/2023\/09\/presse-versant-280-configuration-standard-xerox-belgique.webp","datePublished":"2023-09-11T15:47:49+00:00","dateModified":"2024-06-13T09:53:53+00:00","breadcrumb":{"@id":"https:\/\/www.dopartners.be\/fr\/produit\/presse-xerox-versant-280\/#breadcrumb"},"inLanguage":"fr-BE","potentialAction":[{"@type":"ReadAction","target":["https:\/\/www.dopartners.be\/fr\/produit\/presse-xerox-versant-280\/"]}]},{"@type":"ImageObject","inLanguage":"fr-BE","@id":"https:\/\/www.dopartners.be\/fr\/produit\/presse-xerox-versant-280\/#primaryimage","url":"https:\/\/www.dopartners.be\/wp-content\/uploads\/2023\/09\/presse-versant-280-configuration-standard-xerox-belgique.webp","contentUrl":"https:\/\/www.dopartners.be\/wp-content\/uploads\/2023\/09\/presse-versant-280-configuration-standard-xerox-belgique.webp","width":1200,"height":1144,"caption":"La presse Xerox Versant 280, une solution d'impression num\u00e9rique de pointe avec un \u00e9cran de contr\u00f4le tactile, pr\u00e9sent\u00e9e par D&O Partners."},{"@type":"BreadcrumbList","@id":"https:\/\/www.dopartners.be\/fr\/produit\/presse-xerox-versant-280\/#breadcrumb","itemListElement":[{"@type":"ListItem","position":1,"name":"Home","item":"https:\/\/www.dopartners.be\/fr\/"},{"@type":"ListItem","position":2,"name":"Boutique","item":"https:\/\/www.dopartners.be\/fr\/shop\/"},{"@type":"ListItem","position":3,"name":"Versant 280 &#8211; Presse Digitale Couleur &#8211; Xerox"}]},{"@type":"WebSite","@id":"https:\/\/www.dopartners.be\/fr\/#website","url":"https:\/\/www.dopartners.be\/fr\/","name":"D&amp;O Partners","description":"Concessionnaire Xerox autoris\u00e9 \u00e0 Bruxelles","publisher":{"@id":"https:\/\/www.dopartners.be\/fr\/#organization"},"alternateName":"DO Partners","potentialAction":[{"@type":"SearchAction","target":{"@type":"EntryPoint","urlTemplate":"https:\/\/www.dopartners.be\/fr\/?s={search_term_string}"},"query-input":{"@type":"PropertyValueSpecification","valueRequired":true,"valueName":"search_term_string"}}],"inLanguage":"fr-BE"},{"@type":"Organization","@id":"https:\/\/www.dopartners.be\/fr\/#organization","name":"DO PARTNERS","url":"https:\/\/www.dopartners.be\/fr\/","logo":{"@type":"ImageObject","inLanguage":"fr-BE","@id":"https:\/\/www.dopartners.be\/fr\/#\/schema\/logo\/image\/","url":"https:\/\/www.dopartners.be\/wp-content\/uploads\/2017\/11\/DO-partners-logo.png","contentUrl":"https:\/\/www.dopartners.be\/wp-content\/uploads\/2017\/11\/DO-partners-logo.png","width":135,"height":100,"caption":"DO PARTNERS"},"image":{"@id":"https:\/\/www.dopartners.be\/fr\/#\/schema\/logo\/image\/"},"sameAs":["https:\/\/www.facebook.com\/DOPartnersXerox","https:\/\/www.youtube.com\/@dopartners","https:\/\/www.linkedin.com\/company\/d&amp;o-partners\/"]}]}},"_links":{"self":[{"href":"https:\/\/www.dopartners.be\/fr\/wp-json\/wp\/v2\/product\/6966","targetHints":{"allow":["GET"]}}],"collection":[{"href":"https:\/\/www.dopartners.be\/fr\/wp-json\/wp\/v2\/product"}],"about":[{"href":"https:\/\/www.dopartners.be\/fr\/wp-json\/wp\/v2\/types\/product"}],"wp:featuredmedia":[{"embeddable":true,"href":"https:\/\/www.dopartners.be\/fr\/wp-json\/wp\/v2\/media\/6967"}],"wp:attachment":[{"href":"https:\/\/www.dopartners.be\/fr\/wp-json\/wp\/v2\/media?parent=6966"}],"wp:term":[{"taxonomy":"product_brand","embeddable":true,"href":"https:\/\/www.dopartners.be\/fr\/wp-json\/wp\/v2\/product_brand?post=6966"},{"taxonomy":"product_cat","embeddable":true,"href":"https:\/\/www.dopartners.be\/fr\/wp-json\/wp\/v2\/product_cat?post=6966"},{"taxonomy":"product_tag","embeddable":true,"href":"https:\/\/www.dopartners.be\/fr\/wp-json\/wp\/v2\/product_tag?post=6966"}],"curies":[{"name":"wp","href":"https:\/\/api.w.org\/{rel}","templated":true}]}}