{"id":7160,"date":"2023-09-18T15:16:34","date_gmt":"2023-09-18T13:16:34","guid":{"rendered":"https:\/\/www.dopartners.be\/?post_type=product&#038;p=7160"},"modified":"2025-09-22T15:13:01","modified_gmt":"2025-09-22T13:13:01","slug":"xerox-versalink-b415-imprimante-multifonction-xerox","status":"publish","type":"product","link":"https:\/\/www.dopartners.be\/fr\/produit\/xerox-versalink-b415-imprimante-multifonction-xerox\/","title":{"rendered":"Xerox Versalink B415 &#8211; Imprimante multifonction &#8211; Xerox"},"content":{"rendered":"<div class=\"wpb-content-wrapper\"><p>[vc_row content_placement=&#8221;top&#8221;][vc_column][vc_column_text woodmart_inline=&#8221;no&#8221; text_larger=&#8221;no&#8221;]<\/p>\n<table class=\"shop_attributes\">\n<tbody>\n<tr>\n<th>Mod\u00e8le<\/th>\n<td>B415V\/DN<\/td>\n<\/tr>\n<tr>\n<th>Fonctions standard<\/th>\n<td>Copie, Courrier \u00e9lectronique, T\u00e9l\u00e9copie, Impression, Num\u00e9risation<\/td>\n<\/tr>\n<tr>\n<th>Fonctions en option<\/th>\n<td>Disque dur de 500+ Go, Impression via Wi-Fi<\/td>\n<\/tr>\n<tr>\n<th>Vitesse d&#8217;impression<\/th>\n<td>Jusqu&#8217;\u00e0 47 ppm<\/td>\n<\/tr>\n<tr>\n<th>Volume d&#8217;impression mensuel recommand\u00e9<\/th>\n<td>Jusqu&#8217;\u00e0 20.000 pages<\/td>\n<\/tr>\n<tr>\n<th>Volume mensuel maximum<\/th>\n<td>Jusqu&#8217;\u00e0 175.000 images\/mois<\/td>\n<\/tr>\n<tr>\n<th>Capacit\u00e9 papier standard<\/th>\n<td>650 feuilles<\/td>\n<\/tr>\n<tr>\n<th>Capacit\u00e9 papier maximale<\/th>\n<td>2.300 feuilles<\/td>\n<\/tr>\n<tr>\n<th>Options d&#8217;entr\u00e9e<\/th>\n<td>Ajouter jusqu&#8217;\u00e0 3 bacs suppl\u00e9mentaires de 550 feuilles<\/td>\n<\/tr>\n<tr>\n<th>Sortie recto\/verso<\/th>\n<td>En standard<\/td>\n<\/tr>\n<tr>\n<th>Connectivit\u00e9 Wi-Fi<\/th>\n<td>En option<\/td>\n<\/tr>\n<tr>\n<th>D\u00e9veloppement Durable<\/th>\n<td>EPEAT<br \/>\nENERGY STAR\u00ae<br \/>\nGreen World Alliance<\/td>\n<\/tr>\n<\/tbody>\n<\/table>\n<p>[\/vc_column_text][\/vc_column][\/vc_row]<\/p>\n<\/div>","protected":false},"excerpt":{"rendered":"<p>[vc_row content_placement=&#8221;top&#8221;][vc_column][vc_btn title=&#8221;T\u00e9l\u00e9charger la brochure&#8221; style=&#8221;flat&#8221; shape=&#8221;square&#8221; align=&#8221;left&#8221; i_icon_fontawesome=&#8221;fa fa-file-pdf-o&#8221; add_icon=&#8221;true&#8221; link=&#8221;url:\/wp-content\/uploads\/2023\/09\/versalink-c415-b415-imprimantes-xerox-belgique-1.pdf||target:%20_blank|&#8221;][vc_column_text]<\/p>\n<p>Un Assistant en milieu de travail de taille id\u00e9ale, bas\u00e9 sur ConnectKey\u00ae, qui d\u00e9passe les attentes.<\/p>\n<ul>\n<li>Imprimante multifonction noir et blanc avec prise en charge des formats A4<\/li>\n<li>Id\u00e9al pour les \u00e9quipes de 3 \u00e0 15 utilisateurs imprimant jusqu&#8217;\u00e0 20 000 pages par mois<\/li>\n<li>Copie, impression, num\u00e9risation, t\u00e9l\u00e9copie, courrier \u00e9lectronique<\/li>\n<li>L&#8217;interface utilisateur intuitive de type tablette 7 po. permet de personnaliser, de simplifier et d&#8217;acc\u00e9l\u00e9rer les t\u00e2ches<\/li>\n<li>S\u00e9curit\u00e9 totale est int\u00e9gr\u00e9e.<\/li>\n<li>Les fonctionnalit\u00e9s mobiles facilitent la connexion et l&#8217;impression avec n&#8217;importe quel appareil<\/li>\n<li>Propuls\u00e9 par la technologie ConnectKey avec des applis et des solutions pour r\u00e9pondre aux besoins de chaque entreprise<\/li>\n<\/ul>\n<p>Le mod\u00e8le Xerox\u00ae VersaLink\u00ae B415 est une imprimante multifonction compacte et puissante, id\u00e9ale pour les entreprises \u00e0 la recherche de fiabilit\u00e9, de productivit\u00e9 et de s\u00e9curit\u00e9. Optimis\u00e9e par la technologie Xerox\u00ae ConnectKey\u00ae, elle offre une exp\u00e9rience utilisateur intuitive similaire \u00e0 celle d&#8217;une tablette gr\u00e2ce \u00e0 un \u00e9cran tactile personnalisable de 7 pouces. Les options de configuration simples et le logiciel Xerox\u00ae Smart Start facilitent l&#8217;installation sans besoin de support informatique.<\/p>\n<p>Cette imprimante prend en charge des vitesses d&#8217;impression \u00e9lev\u00e9es allant jusqu&#8217;\u00e0 50 pages par minute (ppm) en monochrome, avec une capacit\u00e9 de num\u00e9risation recto verso rapide et efficace. La VersaLink B415 est \u00e9galement dot\u00e9e d&#8217;un chargeur automatique de documents recto verso, permettant de num\u00e9riser simultan\u00e9ment les deux faces des documents.<\/p>\n<p>La s\u00e9curit\u00e9 est une priorit\u00e9 avec des fonctionnalit\u00e9s int\u00e9gr\u00e9es pour pr\u00e9venir les acc\u00e8s non autoris\u00e9s et d\u00e9tecter les comportements suspects. De plus, elle offre une compatibilit\u00e9 avec les services cloud tels que Google Drive&#x2122;, Microsoft\u00ae OneDrive\u00ae et DropBox&#x2122;, facilitant ainsi l&#8217;acc\u00e8s et le partage de documents.<\/p>\n<p>Les utilisateurs peuvent \u00e9galement personnaliser leur flux de travail avec des applis 1 touche et acc\u00e9der \u00e0 la Galerie d&#8217;applications Xerox pour \u00e9tendre les capacit\u00e9s de l&#8217;imprimante. Con\u00e7ue avec une approche \u00e9coresponsable, la B415 est compos\u00e9e de plus de 25 % de plastique recycl\u00e9 post-consommation et r\u00e9pond aux normes environnementales les plus strictes, comme ENERGY STAR\u00ae.<\/p>\n<p>En r\u00e9sum\u00e9, la Xerox VersaLink B415 est un choix id\u00e9al pour les environnements de travail modernes n\u00e9cessitant une solution d&#8217;impression fiable, s\u00e9curis\u00e9e et flexible, tout en soutenant les initiatives de d\u00e9veloppement durable.<\/p>\n","protected":false},"featured_media":11457,"template":"","meta":[],"product_brand":[],"product_cat":[19],"product_tag":[],"class_list":{"0":"post-7160","1":"product","2":"type-product","3":"status-publish","4":"has-post-thumbnail","6":"product_cat-imprimantes-bureau","8":"first","9":"instock","10":"shipping-taxable","11":"product-type-simple"},"yoast_head":"<!-- This site is optimized with the Yoast SEO plugin v25.9 - https:\/\/yoast.com\/wordpress\/plugins\/seo\/ -->\n<title>Xerox Versalink B415 - Imprimante multifonction - Xerox - D&amp;O Partners<\/title>\n<meta name=\"robots\" content=\"index, follow, max-snippet:-1, max-image-preview:large, max-video-preview:-1\" \/>\n<link rel=\"canonical\" href=\"https:\/\/www.dopartners.be\/fr\/produit\/xerox-versalink-b415-imprimante-multifonction-xerox\/\" \/>\n<meta property=\"og:locale\" content=\"fr_FR\" \/>\n<meta property=\"og:type\" content=\"article\" \/>\n<meta property=\"og:title\" content=\"Xerox Versalink B415 - Imprimante multifonction - Xerox - D&amp;O Partners\" \/>\n<meta property=\"og:description\" content=\"[vc_row content_placement=&quot;top&quot;][vc_column][vc_btn title=&quot;T\u00e9l\u00e9charger la brochure&quot; style=&quot;flat&quot; shape=&quot;square&quot; align=&quot;left&quot; i_icon_fontawesome=&quot;fa fa-file-pdf-o&quot; add_icon=&quot;true&quot; link=&quot;url:\/wp-content\/uploads\/2023\/09\/versalink-c415-b415-imprimantes-xerox-belgique-1.pdf||target:%20_blank|&quot;][vc_column_text]  Un Assistant en milieu de travail de taille id\u00e9ale, bas\u00e9 sur ConnectKey\u00ae, qui d\u00e9passe les attentes.   Imprimante multifonction noir et blanc avec prise en charge des formats A4  Id\u00e9al pour les \u00e9quipes de 3 \u00e0 15 utilisateurs imprimant jusqu&#039;\u00e0 20 000 pages par mois  Copie, impression, num\u00e9risation, t\u00e9l\u00e9copie, courrier \u00e9lectronique  L&#039;interface utilisateur intuitive de type tablette 7 po. permet de personnaliser, de simplifier et d&#039;acc\u00e9l\u00e9rer les t\u00e2ches  S\u00e9curit\u00e9 totale est int\u00e9gr\u00e9e.  Les fonctionnalit\u00e9s mobiles facilitent la connexion et l&#039;impression avec n&#039;importe quel appareil  Propuls\u00e9 par la technologie ConnectKey avec des applis et des solutions pour r\u00e9pondre aux besoins de chaque entreprise  Le mod\u00e8le Xerox\u00ae VersaLink\u00ae B415 est une imprimante multifonction compacte et puissante, id\u00e9ale pour les entreprises \u00e0 la recherche de fiabilit\u00e9, de productivit\u00e9 et de s\u00e9curit\u00e9. Optimis\u00e9e par la technologie Xerox\u00ae ConnectKey\u00ae, elle offre une exp\u00e9rience utilisateur intuitive similaire \u00e0 celle d&#039;une tablette gr\u00e2ce \u00e0 un \u00e9cran tactile personnalisable de 7 pouces. Les options de configuration simples et le logiciel Xerox\u00ae Smart Start facilitent l&#039;installation sans besoin de support informatique.  Cette imprimante prend en charge des vitesses d&#039;impression \u00e9lev\u00e9es allant jusqu&#039;\u00e0 50 pages par minute (ppm) en monochrome, avec une capacit\u00e9 de num\u00e9risation recto verso rapide et efficace. La VersaLink B415 est \u00e9galement dot\u00e9e d&#039;un chargeur automatique de documents recto verso, permettant de num\u00e9riser simultan\u00e9ment les deux faces des documents.  La s\u00e9curit\u00e9 est une priorit\u00e9 avec des fonctionnalit\u00e9s int\u00e9gr\u00e9es pour pr\u00e9venir les acc\u00e8s non autoris\u00e9s et d\u00e9tecter les comportements suspects. De plus, elle offre une compatibilit\u00e9 avec les services cloud tels que Google Drive&#x2122;, Microsoft\u00ae OneDrive\u00ae et DropBox&#x2122;, facilitant ainsi l&#039;acc\u00e8s et le partage de documents.  Les utilisateurs peuvent \u00e9galement personnaliser leur flux de travail avec des applis 1 touche et acc\u00e9der \u00e0 la Galerie d&#039;applications Xerox pour \u00e9tendre les capacit\u00e9s de l&#039;imprimante. Con\u00e7ue avec une approche \u00e9coresponsable, la B415 est compos\u00e9e de plus de 25 % de plastique recycl\u00e9 post-consommation et r\u00e9pond aux normes environnementales les plus strictes, comme ENERGY STAR\u00ae.  En r\u00e9sum\u00e9, la Xerox VersaLink B415 est un choix id\u00e9al pour les environnements de travail modernes n\u00e9cessitant une solution d&#039;impression fiable, s\u00e9curis\u00e9e et flexible, tout en soutenant les initiatives de d\u00e9veloppement durable.\" \/>\n<meta property=\"og:url\" content=\"https:\/\/www.dopartners.be\/fr\/produit\/xerox-versalink-b415-imprimante-multifonction-xerox\/\" \/>\n<meta property=\"og:site_name\" content=\"D&amp;O Partners\" \/>\n<meta property=\"article:publisher\" content=\"https:\/\/www.facebook.com\/DOPartnersXerox\" \/>\n<meta property=\"article:modified_time\" content=\"2025-09-22T13:13:01+00:00\" \/>\n<meta property=\"og:image\" content=\"https:\/\/www.dopartners.be\/wp-content\/uploads\/2023\/09\/imprimante-multifonction-versalink-b415-xerox-belgique-do.webp\" \/>\n\t<meta property=\"og:image:width\" content=\"1200\" \/>\n\t<meta property=\"og:image:height\" content=\"1444\" \/>\n\t<meta property=\"og:image:type\" content=\"image\/webp\" \/>\n<meta name=\"twitter:card\" content=\"summary_large_image\" \/>\n<meta name=\"twitter:label1\" content=\"Dur\u00e9e de lecture est.\" \/>\n\t<meta name=\"twitter:data1\" content=\"1 minute\" \/>\n<script type=\"application\/ld+json\" class=\"yoast-schema-graph\">{\"@context\":\"https:\/\/schema.org\",\"@graph\":[{\"@type\":\"WebPage\",\"@id\":\"https:\/\/www.dopartners.be\/fr\/produit\/xerox-versalink-b415-imprimante-multifonction-xerox\/\",\"url\":\"https:\/\/www.dopartners.be\/fr\/produit\/xerox-versalink-b415-imprimante-multifonction-xerox\/\",\"name\":\"Xerox Versalink B415 - Imprimante multifonction - Xerox - D&amp;O Partners\",\"isPartOf\":{\"@id\":\"https:\/\/www.dopartners.be\/fr\/#website\"},\"primaryImageOfPage\":{\"@id\":\"https:\/\/www.dopartners.be\/fr\/produit\/xerox-versalink-b415-imprimante-multifonction-xerox\/#primaryimage\"},\"image\":{\"@id\":\"https:\/\/www.dopartners.be\/fr\/produit\/xerox-versalink-b415-imprimante-multifonction-xerox\/#primaryimage\"},\"thumbnailUrl\":\"https:\/\/www.dopartners.be\/wp-content\/uploads\/2023\/09\/imprimante-multifonction-versalink-b415-xerox-belgique-do.webp\",\"datePublished\":\"2023-09-18T13:16:34+00:00\",\"dateModified\":\"2025-09-22T13:13:01+00:00\",\"breadcrumb\":{\"@id\":\"https:\/\/www.dopartners.be\/fr\/produit\/xerox-versalink-b415-imprimante-multifonction-xerox\/#breadcrumb\"},\"inLanguage\":\"fr-BE\",\"potentialAction\":[{\"@type\":\"ReadAction\",\"target\":[\"https:\/\/www.dopartners.be\/fr\/produit\/xerox-versalink-b415-imprimante-multifonction-xerox\/\"]}]},{\"@type\":\"ImageObject\",\"inLanguage\":\"fr-BE\",\"@id\":\"https:\/\/www.dopartners.be\/fr\/produit\/xerox-versalink-b415-imprimante-multifonction-xerox\/#primaryimage\",\"url\":\"https:\/\/www.dopartners.be\/wp-content\/uploads\/2023\/09\/imprimante-multifonction-versalink-b415-xerox-belgique-do.webp\",\"contentUrl\":\"https:\/\/www.dopartners.be\/wp-content\/uploads\/2023\/09\/imprimante-multifonction-versalink-b415-xerox-belgique-do.webp\",\"width\":1200,\"height\":1444,\"caption\":\"Imprimante Multifonction Versalink B415 Xerox Belgique Do\"},{\"@type\":\"BreadcrumbList\",\"@id\":\"https:\/\/www.dopartners.be\/fr\/produit\/xerox-versalink-b415-imprimante-multifonction-xerox\/#breadcrumb\",\"itemListElement\":[{\"@type\":\"ListItem\",\"position\":1,\"name\":\"Home\",\"item\":\"https:\/\/www.dopartners.be\/fr\/\"},{\"@type\":\"ListItem\",\"position\":2,\"name\":\"Boutique\",\"item\":\"https:\/\/www.dopartners.be\/fr\/shop\/\"},{\"@type\":\"ListItem\",\"position\":3,\"name\":\"Xerox Versalink B415 &#8211; Imprimante multifonction &#8211; Xerox\"}]},{\"@type\":\"WebSite\",\"@id\":\"https:\/\/www.dopartners.be\/fr\/#website\",\"url\":\"https:\/\/www.dopartners.be\/fr\/\",\"name\":\"D&amp;O Partners\",\"description\":\"Concessionnaire Xerox autoris\u00e9 \u00e0 Bruxelles\",\"publisher\":{\"@id\":\"https:\/\/www.dopartners.be\/fr\/#organization\"},\"alternateName\":\"DO Partners\",\"potentialAction\":[{\"@type\":\"SearchAction\",\"target\":{\"@type\":\"EntryPoint\",\"urlTemplate\":\"https:\/\/www.dopartners.be\/fr\/?s={search_term_string}\"},\"query-input\":{\"@type\":\"PropertyValueSpecification\",\"valueRequired\":true,\"valueName\":\"search_term_string\"}}],\"inLanguage\":\"fr-BE\"},{\"@type\":\"Organization\",\"@id\":\"https:\/\/www.dopartners.be\/fr\/#organization\",\"name\":\"DO PARTNERS\",\"url\":\"https:\/\/www.dopartners.be\/fr\/\",\"logo\":{\"@type\":\"ImageObject\",\"inLanguage\":\"fr-BE\",\"@id\":\"https:\/\/www.dopartners.be\/fr\/#\/schema\/logo\/image\/\",\"url\":\"https:\/\/www.dopartners.be\/wp-content\/uploads\/2017\/11\/DO-partners-logo.png\",\"contentUrl\":\"https:\/\/www.dopartners.be\/wp-content\/uploads\/2017\/11\/DO-partners-logo.png\",\"width\":135,\"height\":100,\"caption\":\"DO PARTNERS\"},\"image\":{\"@id\":\"https:\/\/www.dopartners.be\/fr\/#\/schema\/logo\/image\/\"},\"sameAs\":[\"https:\/\/www.facebook.com\/DOPartnersXerox\",\"https:\/\/www.youtube.com\/@dopartners\",\"https:\/\/www.linkedin.com\/company\/d&amp;o-partners\/\"]}]}<\/script>\n<!-- \/ Yoast SEO plugin. -->","yoast_head_json":{"title":"Xerox Versalink B415 - Imprimante multifonction - Xerox - D&amp;O Partners","robots":{"index":"index","follow":"follow","max-snippet":"max-snippet:-1","max-image-preview":"max-image-preview:large","max-video-preview":"max-video-preview:-1"},"canonical":"https:\/\/www.dopartners.be\/fr\/produit\/xerox-versalink-b415-imprimante-multifonction-xerox\/","og_locale":"fr_FR","og_type":"article","og_title":"Xerox Versalink B415 - Imprimante multifonction - Xerox - D&amp;O Partners","og_description":"[vc_row content_placement=\"top\"][vc_column][vc_btn title=\"T\u00e9l\u00e9charger la brochure\" style=\"flat\" shape=\"square\" align=\"left\" i_icon_fontawesome=\"fa fa-file-pdf-o\" add_icon=\"true\" link=\"url:\/wp-content\/uploads\/2023\/09\/versalink-c415-b415-imprimantes-xerox-belgique-1.pdf||target:%20_blank|\"][vc_column_text]  Un Assistant en milieu de travail de taille id\u00e9ale, bas\u00e9 sur ConnectKey\u00ae, qui d\u00e9passe les attentes.   Imprimante multifonction noir et blanc avec prise en charge des formats A4  Id\u00e9al pour les \u00e9quipes de 3 \u00e0 15 utilisateurs imprimant jusqu'\u00e0 20 000 pages par mois  Copie, impression, num\u00e9risation, t\u00e9l\u00e9copie, courrier \u00e9lectronique  L'interface utilisateur intuitive de type tablette 7 po. permet de personnaliser, de simplifier et d'acc\u00e9l\u00e9rer les t\u00e2ches  S\u00e9curit\u00e9 totale est int\u00e9gr\u00e9e.  Les fonctionnalit\u00e9s mobiles facilitent la connexion et l'impression avec n'importe quel appareil  Propuls\u00e9 par la technologie ConnectKey avec des applis et des solutions pour r\u00e9pondre aux besoins de chaque entreprise  Le mod\u00e8le Xerox\u00ae VersaLink\u00ae B415 est une imprimante multifonction compacte et puissante, id\u00e9ale pour les entreprises \u00e0 la recherche de fiabilit\u00e9, de productivit\u00e9 et de s\u00e9curit\u00e9. Optimis\u00e9e par la technologie Xerox\u00ae ConnectKey\u00ae, elle offre une exp\u00e9rience utilisateur intuitive similaire \u00e0 celle d'une tablette gr\u00e2ce \u00e0 un \u00e9cran tactile personnalisable de 7 pouces. Les options de configuration simples et le logiciel Xerox\u00ae Smart Start facilitent l'installation sans besoin de support informatique.  Cette imprimante prend en charge des vitesses d'impression \u00e9lev\u00e9es allant jusqu'\u00e0 50 pages par minute (ppm) en monochrome, avec une capacit\u00e9 de num\u00e9risation recto verso rapide et efficace. La VersaLink B415 est \u00e9galement dot\u00e9e d'un chargeur automatique de documents recto verso, permettant de num\u00e9riser simultan\u00e9ment les deux faces des documents.  La s\u00e9curit\u00e9 est une priorit\u00e9 avec des fonctionnalit\u00e9s int\u00e9gr\u00e9es pour pr\u00e9venir les acc\u00e8s non autoris\u00e9s et d\u00e9tecter les comportements suspects. De plus, elle offre une compatibilit\u00e9 avec les services cloud tels que Google Drive&#x2122;, Microsoft\u00ae OneDrive\u00ae et DropBox&#x2122;, facilitant ainsi l'acc\u00e8s et le partage de documents.  Les utilisateurs peuvent \u00e9galement personnaliser leur flux de travail avec des applis 1 touche et acc\u00e9der \u00e0 la Galerie d'applications Xerox pour \u00e9tendre les capacit\u00e9s de l'imprimante. Con\u00e7ue avec une approche \u00e9coresponsable, la B415 est compos\u00e9e de plus de 25 % de plastique recycl\u00e9 post-consommation et r\u00e9pond aux normes environnementales les plus strictes, comme ENERGY STAR\u00ae.  En r\u00e9sum\u00e9, la Xerox VersaLink B415 est un choix id\u00e9al pour les environnements de travail modernes n\u00e9cessitant une solution d'impression fiable, s\u00e9curis\u00e9e et flexible, tout en soutenant les initiatives de d\u00e9veloppement durable.","og_url":"https:\/\/www.dopartners.be\/fr\/produit\/xerox-versalink-b415-imprimante-multifonction-xerox\/","og_site_name":"D&amp;O Partners","article_publisher":"https:\/\/www.facebook.com\/DOPartnersXerox","article_modified_time":"2025-09-22T13:13:01+00:00","og_image":[{"width":1200,"height":1444,"url":"https:\/\/www.dopartners.be\/wp-content\/uploads\/2023\/09\/imprimante-multifonction-versalink-b415-xerox-belgique-do.webp","type":"image\/webp"}],"twitter_card":"summary_large_image","twitter_misc":{"Dur\u00e9e de lecture est.":"1 minute"},"schema":{"@context":"https:\/\/schema.org","@graph":[{"@type":"WebPage","@id":"https:\/\/www.dopartners.be\/fr\/produit\/xerox-versalink-b415-imprimante-multifonction-xerox\/","url":"https:\/\/www.dopartners.be\/fr\/produit\/xerox-versalink-b415-imprimante-multifonction-xerox\/","name":"Xerox Versalink B415 - Imprimante multifonction - Xerox - D&amp;O Partners","isPartOf":{"@id":"https:\/\/www.dopartners.be\/fr\/#website"},"primaryImageOfPage":{"@id":"https:\/\/www.dopartners.be\/fr\/produit\/xerox-versalink-b415-imprimante-multifonction-xerox\/#primaryimage"},"image":{"@id":"https:\/\/www.dopartners.be\/fr\/produit\/xerox-versalink-b415-imprimante-multifonction-xerox\/#primaryimage"},"thumbnailUrl":"https:\/\/www.dopartners.be\/wp-content\/uploads\/2023\/09\/imprimante-multifonction-versalink-b415-xerox-belgique-do.webp","datePublished":"2023-09-18T13:16:34+00:00","dateModified":"2025-09-22T13:13:01+00:00","breadcrumb":{"@id":"https:\/\/www.dopartners.be\/fr\/produit\/xerox-versalink-b415-imprimante-multifonction-xerox\/#breadcrumb"},"inLanguage":"fr-BE","potentialAction":[{"@type":"ReadAction","target":["https:\/\/www.dopartners.be\/fr\/produit\/xerox-versalink-b415-imprimante-multifonction-xerox\/"]}]},{"@type":"ImageObject","inLanguage":"fr-BE","@id":"https:\/\/www.dopartners.be\/fr\/produit\/xerox-versalink-b415-imprimante-multifonction-xerox\/#primaryimage","url":"https:\/\/www.dopartners.be\/wp-content\/uploads\/2023\/09\/imprimante-multifonction-versalink-b415-xerox-belgique-do.webp","contentUrl":"https:\/\/www.dopartners.be\/wp-content\/uploads\/2023\/09\/imprimante-multifonction-versalink-b415-xerox-belgique-do.webp","width":1200,"height":1444,"caption":"Imprimante Multifonction Versalink B415 Xerox Belgique Do"},{"@type":"BreadcrumbList","@id":"https:\/\/www.dopartners.be\/fr\/produit\/xerox-versalink-b415-imprimante-multifonction-xerox\/#breadcrumb","itemListElement":[{"@type":"ListItem","position":1,"name":"Home","item":"https:\/\/www.dopartners.be\/fr\/"},{"@type":"ListItem","position":2,"name":"Boutique","item":"https:\/\/www.dopartners.be\/fr\/shop\/"},{"@type":"ListItem","position":3,"name":"Xerox Versalink B415 &#8211; Imprimante multifonction &#8211; Xerox"}]},{"@type":"WebSite","@id":"https:\/\/www.dopartners.be\/fr\/#website","url":"https:\/\/www.dopartners.be\/fr\/","name":"D&amp;O Partners","description":"Concessionnaire Xerox autoris\u00e9 \u00e0 Bruxelles","publisher":{"@id":"https:\/\/www.dopartners.be\/fr\/#organization"},"alternateName":"DO Partners","potentialAction":[{"@type":"SearchAction","target":{"@type":"EntryPoint","urlTemplate":"https:\/\/www.dopartners.be\/fr\/?s={search_term_string}"},"query-input":{"@type":"PropertyValueSpecification","valueRequired":true,"valueName":"search_term_string"}}],"inLanguage":"fr-BE"},{"@type":"Organization","@id":"https:\/\/www.dopartners.be\/fr\/#organization","name":"DO PARTNERS","url":"https:\/\/www.dopartners.be\/fr\/","logo":{"@type":"ImageObject","inLanguage":"fr-BE","@id":"https:\/\/www.dopartners.be\/fr\/#\/schema\/logo\/image\/","url":"https:\/\/www.dopartners.be\/wp-content\/uploads\/2017\/11\/DO-partners-logo.png","contentUrl":"https:\/\/www.dopartners.be\/wp-content\/uploads\/2017\/11\/DO-partners-logo.png","width":135,"height":100,"caption":"DO PARTNERS"},"image":{"@id":"https:\/\/www.dopartners.be\/fr\/#\/schema\/logo\/image\/"},"sameAs":["https:\/\/www.facebook.com\/DOPartnersXerox","https:\/\/www.youtube.com\/@dopartners","https:\/\/www.linkedin.com\/company\/d&amp;o-partners\/"]}]}},"_links":{"self":[{"href":"https:\/\/www.dopartners.be\/fr\/wp-json\/wp\/v2\/product\/7160","targetHints":{"allow":["GET"]}}],"collection":[{"href":"https:\/\/www.dopartners.be\/fr\/wp-json\/wp\/v2\/product"}],"about":[{"href":"https:\/\/www.dopartners.be\/fr\/wp-json\/wp\/v2\/types\/product"}],"wp:featuredmedia":[{"embeddable":true,"href":"https:\/\/www.dopartners.be\/fr\/wp-json\/wp\/v2\/media\/11457"}],"wp:attachment":[{"href":"https:\/\/www.dopartners.be\/fr\/wp-json\/wp\/v2\/media?parent=7160"}],"wp:term":[{"taxonomy":"product_brand","embeddable":true,"href":"https:\/\/www.dopartners.be\/fr\/wp-json\/wp\/v2\/product_brand?post=7160"},{"taxonomy":"product_cat","embeddable":true,"href":"https:\/\/www.dopartners.be\/fr\/wp-json\/wp\/v2\/product_cat?post=7160"},{"taxonomy":"product_tag","embeddable":true,"href":"https:\/\/www.dopartners.be\/fr\/wp-json\/wp\/v2\/product_tag?post=7160"}],"curies":[{"name":"wp","href":"https:\/\/api.w.org\/{rel}","templated":true}]}}