{"id":8692,"date":"2023-09-18T14:55:41","date_gmt":"2023-09-18T12:55:41","guid":{"rendered":"https:\/\/www.dopartners.be\/produit\/xerox-c415-printer-xerox-multi-function-printer-xerox\/"},"modified":"2025-09-22T10:07:38","modified_gmt":"2025-09-22T08:07:38","slug":"xerox-c415-printer-xerox-multi-function-printer-xerox","status":"publish","type":"product","link":"https:\/\/www.dopartners.be\/fr\/produit\/xerox-c415-printer-xerox-multi-function-printer-xerox\/","title":{"rendered":"Versalink C415 &#8211; Imprimante Multifonction Couleur &#8211; Xerox"},"content":{"rendered":"<div class=\"wpb-content-wrapper\"><p>[vc_row content_placement=&#8221;top&#8221;][vc_column][vc_column_text woodmart_inline=&#8221;no&#8221; text_larger=&#8221;no&#8221;]<\/p>\n<table class=\"shop_attributes\">\n<tbody>\n<tr>\n<th>Mod\u00e8le<\/th>\n<td>C415V\/DN<\/td>\n<\/tr>\n<tr>\n<th>Fonctions standard<\/th>\n<td>Copie, Courrier \u00e9lectronique, T\u00e9l\u00e9copie, Impression, Num\u00e9risation<\/td>\n<\/tr>\n<tr>\n<th>Fonctions en option<\/th>\n<td>Disque dur de 500+ Go, Impression via Wi-Fi<\/td>\n<\/tr>\n<tr>\n<th>Vitesse d&#8217;impression<\/th>\n<td>Jusqu&#8217;\u00e0 40 ppm<\/td>\n<\/tr>\n<tr>\n<th>Volume d&#8217;impression mensuel recommand\u00e9<\/th>\n<td>Jusqu&#8217;\u00e0 10.000 pages<\/td>\n<\/tr>\n<tr>\n<th>Volume mensuel maximum<\/th>\n<td>Jusqu&#8217;\u00e0 125.000 images\/mois<\/td>\n<\/tr>\n<tr>\n<th>Capacit\u00e9 papier standard<\/th>\n<td>251 feuilles<\/td>\n<\/tr>\n<tr>\n<th>Capacit\u00e9 papier maximale<\/th>\n<td>1.451 feuilles<\/td>\n<\/tr>\n<tr>\n<th>Options d&#8217;entr\u00e9e<\/th>\n<td>Ajouter 1 bac suppl\u00e9mentaire de 550 feuilles<br \/>\nAjouter 1 bac suppl\u00e9mentaire de 550+100 feuilles<\/td>\n<\/tr>\n<tr>\n<th>Sortie recto\/verso<\/th>\n<td>En standard<\/td>\n<\/tr>\n<tr>\n<th>Connectivit\u00e9 Wi-Fi<\/th>\n<td>En option<\/td>\n<\/tr>\n<tr>\n<th>D\u00e9veloppement Durable<\/th>\n<td>EPEAT<br \/>\nENERGY STAR\u00ae<br \/>\nGreen World Alliance<\/td>\n<\/tr>\n<\/tbody>\n<\/table>\n<p>[\/vc_column_text][\/vc_column][\/vc_row]<\/p>\n<\/div>","protected":false},"excerpt":{"rendered":"<p>[vc_row content_placement=&#8221;top&#8221;][vc_column][vc_btn title=&#8221;T\u00e9l\u00e9charger la brochure&#8221; style=&#8221;flat&#8221; shape=&#8221;square&#8221; align=&#8221;left&#8221; i_icon_fontawesome=&#8221;fa fa-file-pdf-o&#8221; add_icon=&#8221;true&#8221; link=&#8221;url:\/wp-content\/uploads\/2023\/09\/versalink-c415-b415-imprimantes-xerox-belgique-1.pdf||target:%20_blank|&#8221;][vc_column_text]<\/p>\n<p>Un Assistant en milieu de travail de taille id\u00e9ale, bas\u00e9 sur ConnectKey\u00ae, qui d\u00e9passe les attentes.<\/p>\n<ul>\n<li>Imprimante multifonction couleur avec prise en charge des formats A4<\/li>\n<li>Id\u00e9al pour les \u00e9quipes de 2 \u00e0 10 utilisateurs imprimant jusqu&#8217;\u00e0 10 000 pages par mois<\/li>\n<li>Copie, impression, num\u00e9risation, t\u00e9l\u00e9copie, courrier \u00e9lectronique<\/li>\n<li>L&#8217;interface utilisateur intuitive de type tablette 7 po. permet de personnaliser, de simplifier et d&#8217;acc\u00e9l\u00e9rer les t\u00e2ches<\/li>\n<li>S\u00e9curit\u00e9 totale est int\u00e9gr\u00e9e.<\/li>\n<li>Les fonctionnalit\u00e9s mobiles facilitent la connexion et l&#8217;impression avec n&#8217;importe quel appareil<\/li>\n<li>Propuls\u00e9 par la technologie ConnectKey avec des applis et des solutions pour r\u00e9pondre aux besoins de chaque entreprise<\/li>\n<\/ul>\n<p>Optimisez votre productivit\u00e9 avec les imprimantes multifonctions Xerox VersaLink C415 et B415, con\u00e7ues pour r\u00e9pondre aux exigences des environnements de travail modernes. Dot\u00e9es de fonctionnalit\u00e9s avanc\u00e9es et de la technologie de pointe Xerox\u00ae ConnectKey\u00ae, elles vous offrent une productivit\u00e9, une fiabilit\u00e9 et une s\u00e9curit\u00e9 sans compromis.<\/p>\n<p>Ces imprimantes se distinguent par leur facilit\u00e9 d\u2019utilisation gr\u00e2ce \u00e0 une installation simplifi\u00e9e avec le logiciel Xerox\u00ae Smart Start, qui permet d\u2019\u00eatre op\u00e9rationnel en quelques minutes sans assistance informatique. L\u2019\u00e9cran tactile couleur de 7 pouces, similaire \u00e0 celui d\u2019une tablette, offre une navigation intuitive et la possibilit\u00e9 de personnaliser les workflows selon vos besoins.<\/p>\n<p>En termes de performance, les VersaLink C415 et B415 offrent des vitesses d\u2019impression allant jusqu\u2019\u00e0 42 pages par minute pour la C415 et 50 pages par minute pour la B415. La num\u00e9risation est \u00e9galement rapide avec une capacit\u00e9 allant jusqu\u2019\u00e0 104 images par minute en recto verso, ce qui les rend id\u00e9ales pour les environnements \u00e0 forte demande de num\u00e9risation.<\/p>\n<p>Ces imprimantes sont parfaitement adapt\u00e9es \u00e0 la mobilit\u00e9 et \u00e0 la connectivit\u00e9 cloud, permettant un acc\u00e8s facile \u00e0 Google Drive&#x2122;, Microsoft\u00ae OneDrive\u00ae et Dropbox&#x2122;. De plus, elles supportent l\u2019impression et la num\u00e9risation \u00e0 partir de dispositifs mobiles via Mopria\u00ae, Apple AirPrint\u00ae et l\u2019application Xerox\u00ae Print Service pour Android&#x2122;.<\/p>\n<p>La s\u00e9curit\u00e9 est un autre point fort des VersaLink C415 et B415. Elles int\u00e8grent des fonctionnalit\u00e9s de s\u00e9curit\u00e9 avanc\u00e9es pour prot\u00e9ger vos donn\u00e9es, telles que l\u2019authentification utilisateur et le chiffrement des donn\u00e9es. Le tableau de bord de s\u00e9curit\u00e9 permet une surveillance proactive pour d\u00e9tecter et pr\u00e9venir les acc\u00e8s non autoris\u00e9s.<\/p>\n<p>En mati\u00e8re de responsabilit\u00e9 environnementale, ces imprimantes sont compos\u00e9es de plus de 25 % de plastique recycl\u00e9 post-consommation et respectent les normes environnementales strictes comme ENERGY STAR\u00ae et Blue Angel. Elles contribuent \u00e0 la durabilit\u00e9 tout en offrant des performances exceptionnelles.<\/p>\n<p>Les imprimantes VersaLink C415 et B415 sont des assistants de travail intelligents gr\u00e2ce \u00e0 la technologie ConnectKey\u00ae, qui offre une exp\u00e9rience utilisateur intuitive, une compatibilit\u00e9 mobile et cloud, et un acc\u00e8s \u00e0 une gamme vari\u00e9e d\u2019applications pour am\u00e9liorer vos workflows.<\/p>\n<p>Ces imprimantes sont id\u00e9ales pour les entreprises cherchant \u00e0 optimiser leur efficacit\u00e9 et leur flexibilit\u00e9 tout en garantissant une s\u00e9curit\u00e9 et une responsabilit\u00e9 environnementale exemplaires.<\/p>\n","protected":false},"featured_media":8787,"template":"","meta":[],"product_brand":[],"product_cat":[19],"product_tag":[],"class_list":{"0":"post-8692","1":"product","2":"type-product","3":"status-publish","4":"has-post-thumbnail","6":"product_cat-imprimantes-bureau","8":"first","9":"instock","10":"shipping-taxable","11":"product-type-simple"},"yoast_head":"<!-- This site is optimized with the Yoast SEO plugin v25.9 - https:\/\/yoast.com\/wordpress\/plugins\/seo\/ -->\n<title>Versalink C415 - Imprimante Multifonction Couleur - Xerox - D&amp;O Partners<\/title>\n<meta name=\"robots\" content=\"index, follow, max-snippet:-1, max-image-preview:large, max-video-preview:-1\" \/>\n<link rel=\"canonical\" href=\"https:\/\/www.dopartners.be\/fr\/produit\/xerox-c415-printer-xerox-multi-function-printer-xerox\/\" \/>\n<meta property=\"og:locale\" content=\"fr_FR\" \/>\n<meta property=\"og:type\" content=\"article\" \/>\n<meta property=\"og:title\" content=\"Versalink C415 - Imprimante Multifonction Couleur - Xerox - D&amp;O Partners\" \/>\n<meta property=\"og:description\" content=\"[vc_row content_placement=&quot;top&quot;][vc_column][vc_btn title=&quot;T\u00e9l\u00e9charger la brochure&quot; style=&quot;flat&quot; shape=&quot;square&quot; align=&quot;left&quot; i_icon_fontawesome=&quot;fa fa-file-pdf-o&quot; add_icon=&quot;true&quot; link=&quot;url:\/wp-content\/uploads\/2023\/09\/versalink-c415-b415-imprimantes-xerox-belgique-1.pdf||target:%20_blank|&quot;][vc_column_text]  Un Assistant en milieu de travail de taille id\u00e9ale, bas\u00e9 sur ConnectKey\u00ae, qui d\u00e9passe les attentes.   Imprimante multifonction couleur avec prise en charge des formats A4  Id\u00e9al pour les \u00e9quipes de 2 \u00e0 10 utilisateurs imprimant jusqu&#039;\u00e0 10 000 pages par mois  Copie, impression, num\u00e9risation, t\u00e9l\u00e9copie, courrier \u00e9lectronique  L&#039;interface utilisateur intuitive de type tablette 7 po. permet de personnaliser, de simplifier et d&#039;acc\u00e9l\u00e9rer les t\u00e2ches  S\u00e9curit\u00e9 totale est int\u00e9gr\u00e9e.  Les fonctionnalit\u00e9s mobiles facilitent la connexion et l&#039;impression avec n&#039;importe quel appareil  Propuls\u00e9 par la technologie ConnectKey avec des applis et des solutions pour r\u00e9pondre aux besoins de chaque entreprise  Optimisez votre productivit\u00e9 avec les imprimantes multifonctions Xerox VersaLink C415 et B415, con\u00e7ues pour r\u00e9pondre aux exigences des environnements de travail modernes. Dot\u00e9es de fonctionnalit\u00e9s avanc\u00e9es et de la technologie de pointe Xerox\u00ae ConnectKey\u00ae, elles vous offrent une productivit\u00e9, une fiabilit\u00e9 et une s\u00e9curit\u00e9 sans compromis.  Ces imprimantes se distinguent par leur facilit\u00e9 d\u2019utilisation gr\u00e2ce \u00e0 une installation simplifi\u00e9e avec le logiciel Xerox\u00ae Smart Start, qui permet d\u2019\u00eatre op\u00e9rationnel en quelques minutes sans assistance informatique. L\u2019\u00e9cran tactile couleur de 7 pouces, similaire \u00e0 celui d\u2019une tablette, offre une navigation intuitive et la possibilit\u00e9 de personnaliser les workflows selon vos besoins.  En termes de performance, les VersaLink C415 et B415 offrent des vitesses d\u2019impression allant jusqu\u2019\u00e0 42 pages par minute pour la C415 et 50 pages par minute pour la B415. La num\u00e9risation est \u00e9galement rapide avec une capacit\u00e9 allant jusqu\u2019\u00e0 104 images par minute en recto verso, ce qui les rend id\u00e9ales pour les environnements \u00e0 forte demande de num\u00e9risation.  Ces imprimantes sont parfaitement adapt\u00e9es \u00e0 la mobilit\u00e9 et \u00e0 la connectivit\u00e9 cloud, permettant un acc\u00e8s facile \u00e0 Google Drive&#x2122;, Microsoft\u00ae OneDrive\u00ae et Dropbox&#x2122;. De plus, elles supportent l\u2019impression et la num\u00e9risation \u00e0 partir de dispositifs mobiles via Mopria\u00ae, Apple AirPrint\u00ae et l\u2019application Xerox\u00ae Print Service pour Android&#x2122;.  La s\u00e9curit\u00e9 est un autre point fort des VersaLink C415 et B415. Elles int\u00e8grent des fonctionnalit\u00e9s de s\u00e9curit\u00e9 avanc\u00e9es pour prot\u00e9ger vos donn\u00e9es, telles que l\u2019authentification utilisateur et le chiffrement des donn\u00e9es. Le tableau de bord de s\u00e9curit\u00e9 permet une surveillance proactive pour d\u00e9tecter et pr\u00e9venir les acc\u00e8s non autoris\u00e9s.  En mati\u00e8re de responsabilit\u00e9 environnementale, ces imprimantes sont compos\u00e9es de plus de 25 % de plastique recycl\u00e9 post-consommation et respectent les normes environnementales strictes comme ENERGY STAR\u00ae et Blue Angel. Elles contribuent \u00e0 la durabilit\u00e9 tout en offrant des performances exceptionnelles.  Les imprimantes VersaLink C415 et B415 sont des assistants de travail intelligents gr\u00e2ce \u00e0 la technologie ConnectKey\u00ae, qui offre une exp\u00e9rience utilisateur intuitive, une compatibilit\u00e9 mobile et cloud, et un acc\u00e8s \u00e0 une gamme vari\u00e9e d\u2019applications pour am\u00e9liorer vos workflows.  Ces imprimantes sont id\u00e9ales pour les entreprises cherchant \u00e0 optimiser leur efficacit\u00e9 et leur flexibilit\u00e9 tout en garantissant une s\u00e9curit\u00e9 et une responsabilit\u00e9 environnementale exemplaires.\" \/>\n<meta property=\"og:url\" content=\"https:\/\/www.dopartners.be\/fr\/produit\/xerox-c415-printer-xerox-multi-function-printer-xerox\/\" \/>\n<meta property=\"og:site_name\" content=\"D&amp;O Partners\" \/>\n<meta property=\"article:publisher\" content=\"https:\/\/www.facebook.com\/DOPartnersXerox\" \/>\n<meta property=\"article:modified_time\" content=\"2025-09-22T08:07:38+00:00\" \/>\n<meta property=\"og:image\" content=\"https:\/\/www.dopartners.be\/wp-content\/uploads\/2023\/09\/Imprimante-couleur-multifonctions-Xerox-VersaLink-C415-2.jpg\" \/>\n\t<meta property=\"og:image:width\" content=\"1200\" \/>\n\t<meta property=\"og:image:height\" content=\"1444\" \/>\n\t<meta property=\"og:image:type\" content=\"image\/jpeg\" \/>\n<meta name=\"twitter:card\" content=\"summary_large_image\" \/>\n<meta name=\"twitter:label1\" content=\"Dur\u00e9e de lecture est.\" \/>\n\t<meta name=\"twitter:data1\" content=\"1 minute\" \/>\n<script type=\"application\/ld+json\" class=\"yoast-schema-graph\">{\"@context\":\"https:\/\/schema.org\",\"@graph\":[{\"@type\":\"WebPage\",\"@id\":\"https:\/\/www.dopartners.be\/fr\/produit\/xerox-c415-printer-xerox-multi-function-printer-xerox\/\",\"url\":\"https:\/\/www.dopartners.be\/fr\/produit\/xerox-c415-printer-xerox-multi-function-printer-xerox\/\",\"name\":\"Versalink C415 - Imprimante Multifonction Couleur - Xerox - D&amp;O Partners\",\"isPartOf\":{\"@id\":\"https:\/\/www.dopartners.be\/fr\/#website\"},\"primaryImageOfPage\":{\"@id\":\"https:\/\/www.dopartners.be\/fr\/produit\/xerox-c415-printer-xerox-multi-function-printer-xerox\/#primaryimage\"},\"image\":{\"@id\":\"https:\/\/www.dopartners.be\/fr\/produit\/xerox-c415-printer-xerox-multi-function-printer-xerox\/#primaryimage\"},\"thumbnailUrl\":\"https:\/\/www.dopartners.be\/wp-content\/uploads\/2023\/09\/Imprimante-couleur-multifonctions-Xerox-VersaLink-C415-2.jpg\",\"datePublished\":\"2023-09-18T12:55:41+00:00\",\"dateModified\":\"2025-09-22T08:07:38+00:00\",\"breadcrumb\":{\"@id\":\"https:\/\/www.dopartners.be\/fr\/produit\/xerox-c415-printer-xerox-multi-function-printer-xerox\/#breadcrumb\"},\"inLanguage\":\"fr-BE\",\"potentialAction\":[{\"@type\":\"ReadAction\",\"target\":[\"https:\/\/www.dopartners.be\/fr\/produit\/xerox-c415-printer-xerox-multi-function-printer-xerox\/\"]}]},{\"@type\":\"ImageObject\",\"inLanguage\":\"fr-BE\",\"@id\":\"https:\/\/www.dopartners.be\/fr\/produit\/xerox-c415-printer-xerox-multi-function-printer-xerox\/#primaryimage\",\"url\":\"https:\/\/www.dopartners.be\/wp-content\/uploads\/2023\/09\/Imprimante-couleur-multifonctions-Xerox-VersaLink-C415-2.jpg\",\"contentUrl\":\"https:\/\/www.dopartners.be\/wp-content\/uploads\/2023\/09\/Imprimante-couleur-multifonctions-Xerox-VersaLink-C415-2.jpg\",\"width\":1200,\"height\":1444,\"caption\":\"Xerox VersaLink C415 multifunction color printer for modern offices.\"},{\"@type\":\"BreadcrumbList\",\"@id\":\"https:\/\/www.dopartners.be\/fr\/produit\/xerox-c415-printer-xerox-multi-function-printer-xerox\/#breadcrumb\",\"itemListElement\":[{\"@type\":\"ListItem\",\"position\":1,\"name\":\"Home\",\"item\":\"https:\/\/www.dopartners.be\/fr\/\"},{\"@type\":\"ListItem\",\"position\":2,\"name\":\"Boutique\",\"item\":\"https:\/\/www.dopartners.be\/fr\/shop\/\"},{\"@type\":\"ListItem\",\"position\":3,\"name\":\"Versalink C415 &#8211; Imprimante Multifonction Couleur &#8211; Xerox\"}]},{\"@type\":\"WebSite\",\"@id\":\"https:\/\/www.dopartners.be\/fr\/#website\",\"url\":\"https:\/\/www.dopartners.be\/fr\/\",\"name\":\"D&amp;O Partners\",\"description\":\"Concessionnaire Xerox autoris\u00e9 \u00e0 Bruxelles\",\"publisher\":{\"@id\":\"https:\/\/www.dopartners.be\/fr\/#organization\"},\"alternateName\":\"DO Partners\",\"potentialAction\":[{\"@type\":\"SearchAction\",\"target\":{\"@type\":\"EntryPoint\",\"urlTemplate\":\"https:\/\/www.dopartners.be\/fr\/?s={search_term_string}\"},\"query-input\":{\"@type\":\"PropertyValueSpecification\",\"valueRequired\":true,\"valueName\":\"search_term_string\"}}],\"inLanguage\":\"fr-BE\"},{\"@type\":\"Organization\",\"@id\":\"https:\/\/www.dopartners.be\/fr\/#organization\",\"name\":\"DO PARTNERS\",\"url\":\"https:\/\/www.dopartners.be\/fr\/\",\"logo\":{\"@type\":\"ImageObject\",\"inLanguage\":\"fr-BE\",\"@id\":\"https:\/\/www.dopartners.be\/fr\/#\/schema\/logo\/image\/\",\"url\":\"https:\/\/www.dopartners.be\/wp-content\/uploads\/2017\/11\/DO-partners-logo.png\",\"contentUrl\":\"https:\/\/www.dopartners.be\/wp-content\/uploads\/2017\/11\/DO-partners-logo.png\",\"width\":135,\"height\":100,\"caption\":\"DO PARTNERS\"},\"image\":{\"@id\":\"https:\/\/www.dopartners.be\/fr\/#\/schema\/logo\/image\/\"},\"sameAs\":[\"https:\/\/www.facebook.com\/DOPartnersXerox\",\"https:\/\/www.youtube.com\/@dopartners\",\"https:\/\/www.linkedin.com\/company\/d&amp;o-partners\/\"]}]}<\/script>\n<!-- \/ Yoast SEO plugin. -->","yoast_head_json":{"title":"Versalink C415 - Imprimante Multifonction Couleur - Xerox - D&amp;O Partners","robots":{"index":"index","follow":"follow","max-snippet":"max-snippet:-1","max-image-preview":"max-image-preview:large","max-video-preview":"max-video-preview:-1"},"canonical":"https:\/\/www.dopartners.be\/fr\/produit\/xerox-c415-printer-xerox-multi-function-printer-xerox\/","og_locale":"fr_FR","og_type":"article","og_title":"Versalink C415 - Imprimante Multifonction Couleur - Xerox - D&amp;O Partners","og_description":"[vc_row content_placement=\"top\"][vc_column][vc_btn title=\"T\u00e9l\u00e9charger la brochure\" style=\"flat\" shape=\"square\" align=\"left\" i_icon_fontawesome=\"fa fa-file-pdf-o\" add_icon=\"true\" link=\"url:\/wp-content\/uploads\/2023\/09\/versalink-c415-b415-imprimantes-xerox-belgique-1.pdf||target:%20_blank|\"][vc_column_text]  Un Assistant en milieu de travail de taille id\u00e9ale, bas\u00e9 sur ConnectKey\u00ae, qui d\u00e9passe les attentes.   Imprimante multifonction couleur avec prise en charge des formats A4  Id\u00e9al pour les \u00e9quipes de 2 \u00e0 10 utilisateurs imprimant jusqu'\u00e0 10 000 pages par mois  Copie, impression, num\u00e9risation, t\u00e9l\u00e9copie, courrier \u00e9lectronique  L'interface utilisateur intuitive de type tablette 7 po. permet de personnaliser, de simplifier et d'acc\u00e9l\u00e9rer les t\u00e2ches  S\u00e9curit\u00e9 totale est int\u00e9gr\u00e9e.  Les fonctionnalit\u00e9s mobiles facilitent la connexion et l'impression avec n'importe quel appareil  Propuls\u00e9 par la technologie ConnectKey avec des applis et des solutions pour r\u00e9pondre aux besoins de chaque entreprise  Optimisez votre productivit\u00e9 avec les imprimantes multifonctions Xerox VersaLink C415 et B415, con\u00e7ues pour r\u00e9pondre aux exigences des environnements de travail modernes. Dot\u00e9es de fonctionnalit\u00e9s avanc\u00e9es et de la technologie de pointe Xerox\u00ae ConnectKey\u00ae, elles vous offrent une productivit\u00e9, une fiabilit\u00e9 et une s\u00e9curit\u00e9 sans compromis.  Ces imprimantes se distinguent par leur facilit\u00e9 d\u2019utilisation gr\u00e2ce \u00e0 une installation simplifi\u00e9e avec le logiciel Xerox\u00ae Smart Start, qui permet d\u2019\u00eatre op\u00e9rationnel en quelques minutes sans assistance informatique. L\u2019\u00e9cran tactile couleur de 7 pouces, similaire \u00e0 celui d\u2019une tablette, offre une navigation intuitive et la possibilit\u00e9 de personnaliser les workflows selon vos besoins.  En termes de performance, les VersaLink C415 et B415 offrent des vitesses d\u2019impression allant jusqu\u2019\u00e0 42 pages par minute pour la C415 et 50 pages par minute pour la B415. La num\u00e9risation est \u00e9galement rapide avec une capacit\u00e9 allant jusqu\u2019\u00e0 104 images par minute en recto verso, ce qui les rend id\u00e9ales pour les environnements \u00e0 forte demande de num\u00e9risation.  Ces imprimantes sont parfaitement adapt\u00e9es \u00e0 la mobilit\u00e9 et \u00e0 la connectivit\u00e9 cloud, permettant un acc\u00e8s facile \u00e0 Google Drive&#x2122;, Microsoft\u00ae OneDrive\u00ae et Dropbox&#x2122;. De plus, elles supportent l\u2019impression et la num\u00e9risation \u00e0 partir de dispositifs mobiles via Mopria\u00ae, Apple AirPrint\u00ae et l\u2019application Xerox\u00ae Print Service pour Android&#x2122;.  La s\u00e9curit\u00e9 est un autre point fort des VersaLink C415 et B415. Elles int\u00e8grent des fonctionnalit\u00e9s de s\u00e9curit\u00e9 avanc\u00e9es pour prot\u00e9ger vos donn\u00e9es, telles que l\u2019authentification utilisateur et le chiffrement des donn\u00e9es. Le tableau de bord de s\u00e9curit\u00e9 permet une surveillance proactive pour d\u00e9tecter et pr\u00e9venir les acc\u00e8s non autoris\u00e9s.  En mati\u00e8re de responsabilit\u00e9 environnementale, ces imprimantes sont compos\u00e9es de plus de 25 % de plastique recycl\u00e9 post-consommation et respectent les normes environnementales strictes comme ENERGY STAR\u00ae et Blue Angel. Elles contribuent \u00e0 la durabilit\u00e9 tout en offrant des performances exceptionnelles.  Les imprimantes VersaLink C415 et B415 sont des assistants de travail intelligents gr\u00e2ce \u00e0 la technologie ConnectKey\u00ae, qui offre une exp\u00e9rience utilisateur intuitive, une compatibilit\u00e9 mobile et cloud, et un acc\u00e8s \u00e0 une gamme vari\u00e9e d\u2019applications pour am\u00e9liorer vos workflows.  Ces imprimantes sont id\u00e9ales pour les entreprises cherchant \u00e0 optimiser leur efficacit\u00e9 et leur flexibilit\u00e9 tout en garantissant une s\u00e9curit\u00e9 et une responsabilit\u00e9 environnementale exemplaires.","og_url":"https:\/\/www.dopartners.be\/fr\/produit\/xerox-c415-printer-xerox-multi-function-printer-xerox\/","og_site_name":"D&amp;O Partners","article_publisher":"https:\/\/www.facebook.com\/DOPartnersXerox","article_modified_time":"2025-09-22T08:07:38+00:00","og_image":[{"width":1200,"height":1444,"url":"https:\/\/www.dopartners.be\/wp-content\/uploads\/2023\/09\/Imprimante-couleur-multifonctions-Xerox-VersaLink-C415-2.jpg","type":"image\/jpeg"}],"twitter_card":"summary_large_image","twitter_misc":{"Dur\u00e9e de lecture est.":"1 minute"},"schema":{"@context":"https:\/\/schema.org","@graph":[{"@type":"WebPage","@id":"https:\/\/www.dopartners.be\/fr\/produit\/xerox-c415-printer-xerox-multi-function-printer-xerox\/","url":"https:\/\/www.dopartners.be\/fr\/produit\/xerox-c415-printer-xerox-multi-function-printer-xerox\/","name":"Versalink C415 - Imprimante Multifonction Couleur - Xerox - D&amp;O Partners","isPartOf":{"@id":"https:\/\/www.dopartners.be\/fr\/#website"},"primaryImageOfPage":{"@id":"https:\/\/www.dopartners.be\/fr\/produit\/xerox-c415-printer-xerox-multi-function-printer-xerox\/#primaryimage"},"image":{"@id":"https:\/\/www.dopartners.be\/fr\/produit\/xerox-c415-printer-xerox-multi-function-printer-xerox\/#primaryimage"},"thumbnailUrl":"https:\/\/www.dopartners.be\/wp-content\/uploads\/2023\/09\/Imprimante-couleur-multifonctions-Xerox-VersaLink-C415-2.jpg","datePublished":"2023-09-18T12:55:41+00:00","dateModified":"2025-09-22T08:07:38+00:00","breadcrumb":{"@id":"https:\/\/www.dopartners.be\/fr\/produit\/xerox-c415-printer-xerox-multi-function-printer-xerox\/#breadcrumb"},"inLanguage":"fr-BE","potentialAction":[{"@type":"ReadAction","target":["https:\/\/www.dopartners.be\/fr\/produit\/xerox-c415-printer-xerox-multi-function-printer-xerox\/"]}]},{"@type":"ImageObject","inLanguage":"fr-BE","@id":"https:\/\/www.dopartners.be\/fr\/produit\/xerox-c415-printer-xerox-multi-function-printer-xerox\/#primaryimage","url":"https:\/\/www.dopartners.be\/wp-content\/uploads\/2023\/09\/Imprimante-couleur-multifonctions-Xerox-VersaLink-C415-2.jpg","contentUrl":"https:\/\/www.dopartners.be\/wp-content\/uploads\/2023\/09\/Imprimante-couleur-multifonctions-Xerox-VersaLink-C415-2.jpg","width":1200,"height":1444,"caption":"Xerox VersaLink C415 multifunction color printer for modern offices."},{"@type":"BreadcrumbList","@id":"https:\/\/www.dopartners.be\/fr\/produit\/xerox-c415-printer-xerox-multi-function-printer-xerox\/#breadcrumb","itemListElement":[{"@type":"ListItem","position":1,"name":"Home","item":"https:\/\/www.dopartners.be\/fr\/"},{"@type":"ListItem","position":2,"name":"Boutique","item":"https:\/\/www.dopartners.be\/fr\/shop\/"},{"@type":"ListItem","position":3,"name":"Versalink C415 &#8211; Imprimante Multifonction Couleur &#8211; Xerox"}]},{"@type":"WebSite","@id":"https:\/\/www.dopartners.be\/fr\/#website","url":"https:\/\/www.dopartners.be\/fr\/","name":"D&amp;O Partners","description":"Concessionnaire Xerox autoris\u00e9 \u00e0 Bruxelles","publisher":{"@id":"https:\/\/www.dopartners.be\/fr\/#organization"},"alternateName":"DO Partners","potentialAction":[{"@type":"SearchAction","target":{"@type":"EntryPoint","urlTemplate":"https:\/\/www.dopartners.be\/fr\/?s={search_term_string}"},"query-input":{"@type":"PropertyValueSpecification","valueRequired":true,"valueName":"search_term_string"}}],"inLanguage":"fr-BE"},{"@type":"Organization","@id":"https:\/\/www.dopartners.be\/fr\/#organization","name":"DO PARTNERS","url":"https:\/\/www.dopartners.be\/fr\/","logo":{"@type":"ImageObject","inLanguage":"fr-BE","@id":"https:\/\/www.dopartners.be\/fr\/#\/schema\/logo\/image\/","url":"https:\/\/www.dopartners.be\/wp-content\/uploads\/2017\/11\/DO-partners-logo.png","contentUrl":"https:\/\/www.dopartners.be\/wp-content\/uploads\/2017\/11\/DO-partners-logo.png","width":135,"height":100,"caption":"DO PARTNERS"},"image":{"@id":"https:\/\/www.dopartners.be\/fr\/#\/schema\/logo\/image\/"},"sameAs":["https:\/\/www.facebook.com\/DOPartnersXerox","https:\/\/www.youtube.com\/@dopartners","https:\/\/www.linkedin.com\/company\/d&amp;o-partners\/"]}]}},"_links":{"self":[{"href":"https:\/\/www.dopartners.be\/fr\/wp-json\/wp\/v2\/product\/8692","targetHints":{"allow":["GET"]}}],"collection":[{"href":"https:\/\/www.dopartners.be\/fr\/wp-json\/wp\/v2\/product"}],"about":[{"href":"https:\/\/www.dopartners.be\/fr\/wp-json\/wp\/v2\/types\/product"}],"wp:featuredmedia":[{"embeddable":true,"href":"https:\/\/www.dopartners.be\/fr\/wp-json\/wp\/v2\/media\/8787"}],"wp:attachment":[{"href":"https:\/\/www.dopartners.be\/fr\/wp-json\/wp\/v2\/media?parent=8692"}],"wp:term":[{"taxonomy":"product_brand","embeddable":true,"href":"https:\/\/www.dopartners.be\/fr\/wp-json\/wp\/v2\/product_brand?post=8692"},{"taxonomy":"product_cat","embeddable":true,"href":"https:\/\/www.dopartners.be\/fr\/wp-json\/wp\/v2\/product_cat?post=8692"},{"taxonomy":"product_tag","embeddable":true,"href":"https:\/\/www.dopartners.be\/fr\/wp-json\/wp\/v2\/product_tag?post=8692"}],"curies":[{"name":"wp","href":"https:\/\/api.w.org\/{rel}","templated":true}]}}