{"id":9072,"date":"2024-07-30T12:08:23","date_gmt":"2024-07-30T10:08:23","guid":{"rendered":"https:\/\/www.dopartners.be\/?post_type=product&#038;p=9072"},"modified":"2025-09-26T12:35:59","modified_gmt":"2025-09-26T10:35:59","slug":"imprimante-couleur-c320-xerox","status":"publish","type":"product","link":"https:\/\/www.dopartners.be\/fr\/produit\/imprimante-couleur-c320-xerox\/","title":{"rendered":"Imprimante Couleur C320 \u2013 Xerox"},"content":{"rendered":"<div class=\"wpb-content-wrapper\"><p>[vc_row content_placement=&#8221;top&#8221;][vc_column][vc_column_text woodmart_inline=&#8221;no&#8221; text_larger=&#8221;no&#8221;]<\/p>\n<table class=\"shop_attributes\">\n<tbody>\n<tr>\n<th>Mod\u00e8le<\/th>\n<td>C320V\/DNI<\/td>\n<\/tr>\n<tr>\n<th>Fonction standard<\/th>\n<td>Impression<\/td>\n<\/tr>\n<tr>\n<th>Vitesse d&#8217;impression<\/th>\n<td>Couleur &amp; Noir : jusqu&#8217;\u00e0 33 ppm<\/td>\n<\/tr>\n<tr>\n<th>Vitesse d&#8217;impression mensuel recommand\u00e9<\/th>\n<td>Jusqu&#8217;\u00e0 6.000 pages<\/td>\n<\/tr>\n<tr>\n<th>Volume mensuel maximum<\/th>\n<td>Jusqu&#8217;\u00e0 65.000 images\/mois<\/td>\n<\/tr>\n<tr>\n<th>Capacit\u00e9 papier standard<\/th>\n<td>251 feuilles<\/td>\n<\/tr>\n<tr>\n<th>Capacit\u00e9 papier maximale<\/th>\n<td>901 feuilles<\/td>\n<\/tr>\n<tr>\n<th>Options d&#8217;entr\u00e9e<\/th>\n<td>550 + 100 Sheet Tray<br \/>\nPrinter Stand<\/td>\n<\/tr>\n<tr>\n<th>Sortie recto\/verso<\/th>\n<td>En standard<\/td>\n<\/tr>\n<tr>\n<th>D\u00e9veloppement durable<\/th>\n<td>EPEAT<br \/>\nENERGY STAR\u00ae<br \/>\nGreen World Alliance<\/td>\n<\/tr>\n<\/tbody>\n<\/table>\n<p>[\/vc_column_text][\/vc_column][\/vc_row]<\/p>\n<\/div>","protected":false},"excerpt":{"rendered":"<p>[vc_row content_placement=&#8221;top&#8221;][vc_column][vc_btn title=&#8221;T\u00e9l\u00e9charger la brochure&#8221; style=&#8221;flat&#8221; shape=&#8221;square&#8221; align=&#8221;left&#8221; i_icon_fontawesome=&#8221;fa fa-file-pdf-o&#8221; add_icon=&#8221;true&#8221; link=&#8221;url:\/wp-content\/uploads\/2024\/07\/imprimante-couleur-c320-xerox-belgique.pdf||target:%20_blank|&#8221;][vc_column_text]<\/p>\n<p>Une imprimante couleur \u00e0 haute fiabilit\u00e9, parfaite pour les petits groupes de travail.<\/p>\n<ul>\n<li>Id\u00e9ale pour les petites et moyennes entreprises et pour les bureaux \u00e0 domicile<\/li>\n<li>Interface utilisateur conviviale 2,8 po<\/li>\n<li>Comprehensive security features are built in<\/li>\n<li>Incluant Apple\u00ae AirPrint\u00ae et Mopria\u00ae, les fonctionnalit\u00e9s mobiles facilitent la connexion et l&#8217;impression avec n&#8217;importe quel appareil<\/li>\n<\/ul>\n<p>D\u00e9couvrez l&#8217;imprimante couleur C320 de Xerox, une solution id\u00e9ale pour les petites et moyennes entreprises ainsi que les t\u00e9l\u00e9travailleurs. Dot\u00e9e d&#8217;une interface utilisateur intuitive inspir\u00e9e des smartphones, cette imprimante offre une courbe d&#8217;apprentissage minimale et une interaction simplifi\u00e9e.<\/p>\n<p>La Xerox C320 se distingue par sa facilit\u00e9 d&#8217;utilisation, sa fiabilit\u00e9 et sa s\u00e9curit\u00e9 renforc\u00e9e. Elle int\u00e8gre des fonctionnalit\u00e9s de connectivit\u00e9 mobile comme Apple AirPrint, le service d&#8217;impression Mopria et Wi-Fi Direct, permettant une impression fluide depuis divers appareils, y compris smartphones, tablettes et ordinateurs portables.<\/p>\n<p>Compacte et silencieuse, l&#8217;imprimante C320 est con\u00e7ue pour optimiser votre espace de travail sans compromis sur la performance. Elle r\u00e9pond aux normes environnementales les plus strictes avec plus de 30 % de plastique recycl\u00e9 post-consommation et est certifi\u00e9e EPEAT et ENERGY STAR.<\/p>\n<p>Avec des fonctionnalit\u00e9s de s\u00e9curit\u00e9 avanc\u00e9es telles que l\u2019authentification et le chiffrement, la C320 prot\u00e8ge vos donn\u00e9es contre les cybermenaces. Elle est compatible avec les syst\u00e8mes Windows et macOS, offrant une int\u00e9gration sans effort dans votre environnement informatique existant.<\/p>\n<p>L&#8217;imprimante couleur C320 de Xerox est votre partenaire id\u00e9al pour une productivit\u00e9 accrue, une gestion simplifi\u00e9e et une impression de haute qualit\u00e9.<\/p>\n","protected":false},"featured_media":9076,"template":"","meta":[],"product_brand":[],"product_cat":[19],"product_tag":[],"class_list":{"0":"post-9072","1":"product","2":"type-product","3":"status-publish","4":"has-post-thumbnail","6":"product_cat-imprimantes-bureau","8":"first","9":"instock","10":"shipping-taxable","11":"product-type-simple"},"yoast_head":"<!-- This site is optimized with the Yoast SEO plugin v25.9 - https:\/\/yoast.com\/wordpress\/plugins\/seo\/ -->\n<title>Imprimante Couleur C320 \u2013 Xerox - D&amp;O Partners<\/title>\n<meta name=\"robots\" content=\"index, follow, max-snippet:-1, max-image-preview:large, max-video-preview:-1\" \/>\n<link rel=\"canonical\" href=\"https:\/\/www.dopartners.be\/fr\/produit\/imprimante-couleur-c320-xerox\/\" \/>\n<meta property=\"og:locale\" content=\"fr_FR\" \/>\n<meta property=\"og:type\" content=\"article\" \/>\n<meta property=\"og:title\" content=\"Imprimante Couleur C320 \u2013 Xerox - D&amp;O Partners\" \/>\n<meta property=\"og:description\" content=\"[vc_row content_placement=&quot;top&quot;][vc_column][vc_btn title=&quot;T\u00e9l\u00e9charger la brochure&quot; style=&quot;flat&quot; shape=&quot;square&quot; align=&quot;left&quot; i_icon_fontawesome=&quot;fa fa-file-pdf-o&quot; add_icon=&quot;true&quot; link=&quot;url:\/wp-content\/uploads\/2024\/07\/imprimante-couleur-c320-xerox-belgique.pdf||target:%20_blank|&quot;][vc_column_text]  Une imprimante couleur \u00e0 haute fiabilit\u00e9, parfaite pour les petits groupes de travail.   Id\u00e9ale pour les petites et moyennes entreprises et pour les bureaux \u00e0 domicile  Interface utilisateur conviviale 2,8 po  Comprehensive security features are built in  Incluant Apple\u00ae AirPrint\u00ae et Mopria\u00ae, les fonctionnalit\u00e9s mobiles facilitent la connexion et l&#039;impression avec n&#039;importe quel appareil  D\u00e9couvrez l&#039;imprimante couleur C320 de Xerox, une solution id\u00e9ale pour les petites et moyennes entreprises ainsi que les t\u00e9l\u00e9travailleurs. Dot\u00e9e d&#039;une interface utilisateur intuitive inspir\u00e9e des smartphones, cette imprimante offre une courbe d&#039;apprentissage minimale et une interaction simplifi\u00e9e.  La Xerox C320 se distingue par sa facilit\u00e9 d&#039;utilisation, sa fiabilit\u00e9 et sa s\u00e9curit\u00e9 renforc\u00e9e. Elle int\u00e8gre des fonctionnalit\u00e9s de connectivit\u00e9 mobile comme Apple AirPrint, le service d&#039;impression Mopria et Wi-Fi Direct, permettant une impression fluide depuis divers appareils, y compris smartphones, tablettes et ordinateurs portables.  Compacte et silencieuse, l&#039;imprimante C320 est con\u00e7ue pour optimiser votre espace de travail sans compromis sur la performance. Elle r\u00e9pond aux normes environnementales les plus strictes avec plus de 30 % de plastique recycl\u00e9 post-consommation et est certifi\u00e9e EPEAT et ENERGY STAR.  Avec des fonctionnalit\u00e9s de s\u00e9curit\u00e9 avanc\u00e9es telles que l\u2019authentification et le chiffrement, la C320 prot\u00e8ge vos donn\u00e9es contre les cybermenaces. Elle est compatible avec les syst\u00e8mes Windows et macOS, offrant une int\u00e9gration sans effort dans votre environnement informatique existant.  L&#039;imprimante couleur C320 de Xerox est votre partenaire id\u00e9al pour une productivit\u00e9 accrue, une gestion simplifi\u00e9e et une impression de haute qualit\u00e9.\" \/>\n<meta property=\"og:url\" content=\"https:\/\/www.dopartners.be\/fr\/produit\/imprimante-couleur-c320-xerox\/\" \/>\n<meta property=\"og:site_name\" content=\"D&amp;O Partners\" \/>\n<meta property=\"article:publisher\" content=\"https:\/\/www.facebook.com\/DOPartnersXerox\" \/>\n<meta property=\"article:modified_time\" content=\"2025-09-26T10:35:59+00:00\" \/>\n<meta property=\"og:image\" content=\"https:\/\/www.dopartners.be\/wp-content\/uploads\/2024\/07\/imprimante-couleur-c320-xerox-belgique-dopartners.webp\" \/>\n\t<meta property=\"og:image:width\" content=\"1200\" \/>\n\t<meta property=\"og:image:height\" content=\"1444\" \/>\n\t<meta property=\"og:image:type\" content=\"image\/webp\" \/>\n<meta name=\"twitter:card\" content=\"summary_large_image\" \/>\n<meta name=\"twitter:label1\" content=\"Dur\u00e9e de lecture est.\" \/>\n\t<meta name=\"twitter:data1\" content=\"1 minute\" \/>\n<script type=\"application\/ld+json\" class=\"yoast-schema-graph\">{\"@context\":\"https:\/\/schema.org\",\"@graph\":[{\"@type\":\"WebPage\",\"@id\":\"https:\/\/www.dopartners.be\/fr\/produit\/imprimante-couleur-c320-xerox\/\",\"url\":\"https:\/\/www.dopartners.be\/fr\/produit\/imprimante-couleur-c320-xerox\/\",\"name\":\"Imprimante Couleur C320 \u2013 Xerox - D&amp;O Partners\",\"isPartOf\":{\"@id\":\"https:\/\/www.dopartners.be\/fr\/#website\"},\"primaryImageOfPage\":{\"@id\":\"https:\/\/www.dopartners.be\/fr\/produit\/imprimante-couleur-c320-xerox\/#primaryimage\"},\"image\":{\"@id\":\"https:\/\/www.dopartners.be\/fr\/produit\/imprimante-couleur-c320-xerox\/#primaryimage\"},\"thumbnailUrl\":\"https:\/\/www.dopartners.be\/wp-content\/uploads\/2024\/07\/imprimante-couleur-c320-xerox-belgique-dopartners.webp\",\"datePublished\":\"2024-07-30T10:08:23+00:00\",\"dateModified\":\"2025-09-26T10:35:59+00:00\",\"breadcrumb\":{\"@id\":\"https:\/\/www.dopartners.be\/fr\/produit\/imprimante-couleur-c320-xerox\/#breadcrumb\"},\"inLanguage\":\"fr-BE\",\"potentialAction\":[{\"@type\":\"ReadAction\",\"target\":[\"https:\/\/www.dopartners.be\/fr\/produit\/imprimante-couleur-c320-xerox\/\"]}]},{\"@type\":\"ImageObject\",\"inLanguage\":\"fr-BE\",\"@id\":\"https:\/\/www.dopartners.be\/fr\/produit\/imprimante-couleur-c320-xerox\/#primaryimage\",\"url\":\"https:\/\/www.dopartners.be\/wp-content\/uploads\/2024\/07\/imprimante-couleur-c320-xerox-belgique-dopartners.webp\",\"contentUrl\":\"https:\/\/www.dopartners.be\/wp-content\/uploads\/2024\/07\/imprimante-couleur-c320-xerox-belgique-dopartners.webp\",\"width\":1200,\"height\":1444,\"caption\":\"Imprimante couleur Xerox C320 compacte pour bureaux en Belgique, id\u00e9ale pour une impression fiable et de haute qualit\u00e9.\"},{\"@type\":\"BreadcrumbList\",\"@id\":\"https:\/\/www.dopartners.be\/fr\/produit\/imprimante-couleur-c320-xerox\/#breadcrumb\",\"itemListElement\":[{\"@type\":\"ListItem\",\"position\":1,\"name\":\"Home\",\"item\":\"https:\/\/www.dopartners.be\/fr\/\"},{\"@type\":\"ListItem\",\"position\":2,\"name\":\"Boutique\",\"item\":\"https:\/\/www.dopartners.be\/fr\/shop\/\"},{\"@type\":\"ListItem\",\"position\":3,\"name\":\"Imprimante Couleur C320 \u2013 Xerox\"}]},{\"@type\":\"WebSite\",\"@id\":\"https:\/\/www.dopartners.be\/fr\/#website\",\"url\":\"https:\/\/www.dopartners.be\/fr\/\",\"name\":\"D&amp;O Partners\",\"description\":\"Concessionnaire Xerox autoris\u00e9 \u00e0 Bruxelles\",\"publisher\":{\"@id\":\"https:\/\/www.dopartners.be\/fr\/#organization\"},\"alternateName\":\"DO Partners\",\"potentialAction\":[{\"@type\":\"SearchAction\",\"target\":{\"@type\":\"EntryPoint\",\"urlTemplate\":\"https:\/\/www.dopartners.be\/fr\/?s={search_term_string}\"},\"query-input\":{\"@type\":\"PropertyValueSpecification\",\"valueRequired\":true,\"valueName\":\"search_term_string\"}}],\"inLanguage\":\"fr-BE\"},{\"@type\":\"Organization\",\"@id\":\"https:\/\/www.dopartners.be\/fr\/#organization\",\"name\":\"DO PARTNERS\",\"url\":\"https:\/\/www.dopartners.be\/fr\/\",\"logo\":{\"@type\":\"ImageObject\",\"inLanguage\":\"fr-BE\",\"@id\":\"https:\/\/www.dopartners.be\/fr\/#\/schema\/logo\/image\/\",\"url\":\"https:\/\/www.dopartners.be\/wp-content\/uploads\/2017\/11\/DO-partners-logo.png\",\"contentUrl\":\"https:\/\/www.dopartners.be\/wp-content\/uploads\/2017\/11\/DO-partners-logo.png\",\"width\":135,\"height\":100,\"caption\":\"DO PARTNERS\"},\"image\":{\"@id\":\"https:\/\/www.dopartners.be\/fr\/#\/schema\/logo\/image\/\"},\"sameAs\":[\"https:\/\/www.facebook.com\/DOPartnersXerox\",\"https:\/\/www.youtube.com\/@dopartners\",\"https:\/\/www.linkedin.com\/company\/d&amp;o-partners\/\"]}]}<\/script>\n<!-- \/ Yoast SEO plugin. -->","yoast_head_json":{"title":"Imprimante Couleur C320 \u2013 Xerox - D&amp;O Partners","robots":{"index":"index","follow":"follow","max-snippet":"max-snippet:-1","max-image-preview":"max-image-preview:large","max-video-preview":"max-video-preview:-1"},"canonical":"https:\/\/www.dopartners.be\/fr\/produit\/imprimante-couleur-c320-xerox\/","og_locale":"fr_FR","og_type":"article","og_title":"Imprimante Couleur C320 \u2013 Xerox - D&amp;O Partners","og_description":"[vc_row content_placement=\"top\"][vc_column][vc_btn title=\"T\u00e9l\u00e9charger la brochure\" style=\"flat\" shape=\"square\" align=\"left\" i_icon_fontawesome=\"fa fa-file-pdf-o\" add_icon=\"true\" link=\"url:\/wp-content\/uploads\/2024\/07\/imprimante-couleur-c320-xerox-belgique.pdf||target:%20_blank|\"][vc_column_text]  Une imprimante couleur \u00e0 haute fiabilit\u00e9, parfaite pour les petits groupes de travail.   Id\u00e9ale pour les petites et moyennes entreprises et pour les bureaux \u00e0 domicile  Interface utilisateur conviviale 2,8 po  Comprehensive security features are built in  Incluant Apple\u00ae AirPrint\u00ae et Mopria\u00ae, les fonctionnalit\u00e9s mobiles facilitent la connexion et l'impression avec n'importe quel appareil  D\u00e9couvrez l'imprimante couleur C320 de Xerox, une solution id\u00e9ale pour les petites et moyennes entreprises ainsi que les t\u00e9l\u00e9travailleurs. Dot\u00e9e d'une interface utilisateur intuitive inspir\u00e9e des smartphones, cette imprimante offre une courbe d'apprentissage minimale et une interaction simplifi\u00e9e.  La Xerox C320 se distingue par sa facilit\u00e9 d'utilisation, sa fiabilit\u00e9 et sa s\u00e9curit\u00e9 renforc\u00e9e. Elle int\u00e8gre des fonctionnalit\u00e9s de connectivit\u00e9 mobile comme Apple AirPrint, le service d'impression Mopria et Wi-Fi Direct, permettant une impression fluide depuis divers appareils, y compris smartphones, tablettes et ordinateurs portables.  Compacte et silencieuse, l'imprimante C320 est con\u00e7ue pour optimiser votre espace de travail sans compromis sur la performance. Elle r\u00e9pond aux normes environnementales les plus strictes avec plus de 30 % de plastique recycl\u00e9 post-consommation et est certifi\u00e9e EPEAT et ENERGY STAR.  Avec des fonctionnalit\u00e9s de s\u00e9curit\u00e9 avanc\u00e9es telles que l\u2019authentification et le chiffrement, la C320 prot\u00e8ge vos donn\u00e9es contre les cybermenaces. Elle est compatible avec les syst\u00e8mes Windows et macOS, offrant une int\u00e9gration sans effort dans votre environnement informatique existant.  L'imprimante couleur C320 de Xerox est votre partenaire id\u00e9al pour une productivit\u00e9 accrue, une gestion simplifi\u00e9e et une impression de haute qualit\u00e9.","og_url":"https:\/\/www.dopartners.be\/fr\/produit\/imprimante-couleur-c320-xerox\/","og_site_name":"D&amp;O Partners","article_publisher":"https:\/\/www.facebook.com\/DOPartnersXerox","article_modified_time":"2025-09-26T10:35:59+00:00","og_image":[{"width":1200,"height":1444,"url":"https:\/\/www.dopartners.be\/wp-content\/uploads\/2024\/07\/imprimante-couleur-c320-xerox-belgique-dopartners.webp","type":"image\/webp"}],"twitter_card":"summary_large_image","twitter_misc":{"Dur\u00e9e de lecture est.":"1 minute"},"schema":{"@context":"https:\/\/schema.org","@graph":[{"@type":"WebPage","@id":"https:\/\/www.dopartners.be\/fr\/produit\/imprimante-couleur-c320-xerox\/","url":"https:\/\/www.dopartners.be\/fr\/produit\/imprimante-couleur-c320-xerox\/","name":"Imprimante Couleur C320 \u2013 Xerox - D&amp;O Partners","isPartOf":{"@id":"https:\/\/www.dopartners.be\/fr\/#website"},"primaryImageOfPage":{"@id":"https:\/\/www.dopartners.be\/fr\/produit\/imprimante-couleur-c320-xerox\/#primaryimage"},"image":{"@id":"https:\/\/www.dopartners.be\/fr\/produit\/imprimante-couleur-c320-xerox\/#primaryimage"},"thumbnailUrl":"https:\/\/www.dopartners.be\/wp-content\/uploads\/2024\/07\/imprimante-couleur-c320-xerox-belgique-dopartners.webp","datePublished":"2024-07-30T10:08:23+00:00","dateModified":"2025-09-26T10:35:59+00:00","breadcrumb":{"@id":"https:\/\/www.dopartners.be\/fr\/produit\/imprimante-couleur-c320-xerox\/#breadcrumb"},"inLanguage":"fr-BE","potentialAction":[{"@type":"ReadAction","target":["https:\/\/www.dopartners.be\/fr\/produit\/imprimante-couleur-c320-xerox\/"]}]},{"@type":"ImageObject","inLanguage":"fr-BE","@id":"https:\/\/www.dopartners.be\/fr\/produit\/imprimante-couleur-c320-xerox\/#primaryimage","url":"https:\/\/www.dopartners.be\/wp-content\/uploads\/2024\/07\/imprimante-couleur-c320-xerox-belgique-dopartners.webp","contentUrl":"https:\/\/www.dopartners.be\/wp-content\/uploads\/2024\/07\/imprimante-couleur-c320-xerox-belgique-dopartners.webp","width":1200,"height":1444,"caption":"Imprimante couleur Xerox C320 compacte pour bureaux en Belgique, id\u00e9ale pour une impression fiable et de haute qualit\u00e9."},{"@type":"BreadcrumbList","@id":"https:\/\/www.dopartners.be\/fr\/produit\/imprimante-couleur-c320-xerox\/#breadcrumb","itemListElement":[{"@type":"ListItem","position":1,"name":"Home","item":"https:\/\/www.dopartners.be\/fr\/"},{"@type":"ListItem","position":2,"name":"Boutique","item":"https:\/\/www.dopartners.be\/fr\/shop\/"},{"@type":"ListItem","position":3,"name":"Imprimante Couleur C320 \u2013 Xerox"}]},{"@type":"WebSite","@id":"https:\/\/www.dopartners.be\/fr\/#website","url":"https:\/\/www.dopartners.be\/fr\/","name":"D&amp;O Partners","description":"Concessionnaire Xerox autoris\u00e9 \u00e0 Bruxelles","publisher":{"@id":"https:\/\/www.dopartners.be\/fr\/#organization"},"alternateName":"DO Partners","potentialAction":[{"@type":"SearchAction","target":{"@type":"EntryPoint","urlTemplate":"https:\/\/www.dopartners.be\/fr\/?s={search_term_string}"},"query-input":{"@type":"PropertyValueSpecification","valueRequired":true,"valueName":"search_term_string"}}],"inLanguage":"fr-BE"},{"@type":"Organization","@id":"https:\/\/www.dopartners.be\/fr\/#organization","name":"DO PARTNERS","url":"https:\/\/www.dopartners.be\/fr\/","logo":{"@type":"ImageObject","inLanguage":"fr-BE","@id":"https:\/\/www.dopartners.be\/fr\/#\/schema\/logo\/image\/","url":"https:\/\/www.dopartners.be\/wp-content\/uploads\/2017\/11\/DO-partners-logo.png","contentUrl":"https:\/\/www.dopartners.be\/wp-content\/uploads\/2017\/11\/DO-partners-logo.png","width":135,"height":100,"caption":"DO PARTNERS"},"image":{"@id":"https:\/\/www.dopartners.be\/fr\/#\/schema\/logo\/image\/"},"sameAs":["https:\/\/www.facebook.com\/DOPartnersXerox","https:\/\/www.youtube.com\/@dopartners","https:\/\/www.linkedin.com\/company\/d&amp;o-partners\/"]}]}},"_links":{"self":[{"href":"https:\/\/www.dopartners.be\/fr\/wp-json\/wp\/v2\/product\/9072","targetHints":{"allow":["GET"]}}],"collection":[{"href":"https:\/\/www.dopartners.be\/fr\/wp-json\/wp\/v2\/product"}],"about":[{"href":"https:\/\/www.dopartners.be\/fr\/wp-json\/wp\/v2\/types\/product"}],"wp:featuredmedia":[{"embeddable":true,"href":"https:\/\/www.dopartners.be\/fr\/wp-json\/wp\/v2\/media\/9076"}],"wp:attachment":[{"href":"https:\/\/www.dopartners.be\/fr\/wp-json\/wp\/v2\/media?parent=9072"}],"wp:term":[{"taxonomy":"product_brand","embeddable":true,"href":"https:\/\/www.dopartners.be\/fr\/wp-json\/wp\/v2\/product_brand?post=9072"},{"taxonomy":"product_cat","embeddable":true,"href":"https:\/\/www.dopartners.be\/fr\/wp-json\/wp\/v2\/product_cat?post=9072"},{"taxonomy":"product_tag","embeddable":true,"href":"https:\/\/www.dopartners.be\/fr\/wp-json\/wp\/v2\/product_tag?post=9072"}],"curies":[{"name":"wp","href":"https:\/\/api.w.org\/{rel}","templated":true}]}}