{"id":9088,"date":"2024-07-30T12:26:13","date_gmt":"2024-07-30T10:26:13","guid":{"rendered":"https:\/\/www.dopartners.be\/?post_type=product&#038;p=9088"},"modified":"2024-07-31T10:52:18","modified_gmt":"2024-07-31T08:52:18","slug":"imprimante-couleur-multifonctions-c325-xerox","status":"publish","type":"product","link":"https:\/\/www.dopartners.be\/fr\/produit\/imprimante-couleur-multifonctions-c325-xerox\/","title":{"rendered":"Imprimante Couleur multifonctions C325 \u2013 Xerox"},"content":{"rendered":"<div class=\"wpb-content-wrapper\"><p>[vc_row content_placement=&#8221;top&#8221;][vc_column][vc_column_text woodmart_inline=&#8221;no&#8221; text_larger=&#8221;no&#8221;]<\/p>\n<table class=\"shop_attributes\">\n<tbody>\n<tr>\n<th>Mod\u00e8le<\/th>\n<td>C325V\/DNI<\/td>\n<\/tr>\n<tr>\n<th>Fonction standard<\/th>\n<td>Copie, T\u00e9l\u00e9copie, Impression, Num\u00e9risation<\/td>\n<\/tr>\n<tr>\n<th>Vitesse d&#8217;impression<\/th>\n<td>Couleur &amp; Noir : jusqu&#8217;\u00e0 33 ppm<\/td>\n<\/tr>\n<tr>\n<th>Vitesse d&#8217;impression mensuel recommand\u00e9<\/th>\n<td>Jusqu&#8217;\u00e0 6.000 pages<\/td>\n<\/tr>\n<tr>\n<th>Volume mensuel maximum<\/th>\n<td>Jusqu&#8217;\u00e0 65.000 images\/mois<\/td>\n<\/tr>\n<tr>\n<th>Capacit\u00e9 papier standard<\/th>\n<td>251 feuilles<\/td>\n<\/tr>\n<tr>\n<th>Capacit\u00e9 papier maximale<\/th>\n<td>901 feuilles<\/td>\n<\/tr>\n<tr>\n<th>Options d&#8217;entr\u00e9e<\/th>\n<td>550 + 100 Sheet Tray<br \/>\nPrinter Stand<\/td>\n<\/tr>\n<tr>\n<th>Sortie recto\/verso<\/th>\n<td>En standard<\/td>\n<\/tr>\n<tr>\n<th>D\u00e9veloppement durable<\/th>\n<td>EPEAT<br \/>\nENERGY STAR\u00ae<br \/>\nGreen World Alliance<\/td>\n<\/tr>\n<\/tbody>\n<\/table>\n<p>[\/vc_column_text][\/vc_column][\/vc_row]<\/p>\n<\/div>","protected":false},"excerpt":{"rendered":"<p>[vc_row content_placement=&#8221;top&#8221;][vc_column][vc_btn title=&#8221;T\u00e9l\u00e9charger la brochure&#8221; style=&#8221;flat&#8221; shape=&#8221;square&#8221; align=&#8221;left&#8221; i_icon_fontawesome=&#8221;fa fa-file-pdf-o&#8221; add_icon=&#8221;true&#8221; link=&#8221;url:\/wp-content\/uploads\/2024\/07\/imprimante-couleur-c320-xerox-belgique.pdf||target:%20_blank|&#8221;][vc_column_text]<\/p>\n<p>Imprimante multifonction couleur \u00e0 haute fiabilit\u00e9, parfaite pour les petits groupes de travail.<\/p>\n<ul>\n<li>Copie, impression, num\u00e9risation, t\u00e9l\u00e9copie<\/li>\n<li>Id\u00e9ale pour les petites et moyennes entreprises et pour les bureaux \u00e0 domicile<\/li>\n<li>Acc\u00e8s \u00e0 un flux de production avanc\u00e9 en option avec la plateforme Xerox\u00ae Workflow Central<\/li>\n<li>Comprehensive security features are built in<\/li>\n<li>Incluant Apple\u00ae AirPrint\u00ae et Mopria\u00ae, les fonctionnalit\u00e9s mobiles facilitent la connexion et l&#8217;impression avec n&#8217;importe quel appareil<\/li>\n<\/ul>\n<p>L&#8217;imprimante couleur multifonctions Xerox C325 est con\u00e7ue pour les petites et moyennes entreprises ainsi que pour les t\u00e9l\u00e9travailleurs, offrant une combinaison parfaite de performance, simplicit\u00e9 et s\u00e9curit\u00e9. Gr\u00e2ce \u00e0 une interface utilisateur intuitive semblable \u00e0 celle des smartphones, cette imprimante est facile \u00e0 prendre en main et \u00e0 utiliser. Elle permet d&#8217;imprimer directement depuis divers appareils mobiles, y compris les smartphones et les tablettes, gr\u00e2ce aux fonctionnalit\u00e9s Apple AirPrint, Mopria Print Service et Wi-Fi Direct.<\/p>\n<p>Avec une vitesse d&#8217;impression allant jusqu&#8217;\u00e0 35 pages par minute et une capacit\u00e9 de traitement mensuelle de 65 000 pages, la C325 assure des performances \u00e9lev\u00e9es pour des t\u00e2ches vari\u00e9es. Elle est \u00e9galement polyvalente, offrant des fonctionnalit\u00e9s de copie, de num\u00e9risation et de t\u00e9l\u00e9copie. Son chargeur automatique de documents recto verso simplifie et acc\u00e9l\u00e8re la num\u00e9risation des documents.<\/p>\n<p>Respectueuse de l&#8217;environnement, cette imprimante est fabriqu\u00e9e avec plus de 30 % de plastique recycl\u00e9 post-consommation et r\u00e9pond aux normes EPEAT et ENERGY STAR. La s\u00e9curit\u00e9 est \u00e9galement une priorit\u00e9, avec des fonctionnalit\u00e9s avanc\u00e9es telles que l&#8217;authentification et le chiffrement pour prot\u00e9ger vos donn\u00e9es sensibles.<\/p>\n<p>Compacte et silencieuse, la C325 s&#8217;int\u00e8gre parfaitement dans les espaces de travail restreints et fonctionne discr\u00e8tement pour minimiser les interruptions. La gestion de l&#8217;imprimante est simplifi\u00e9e gr\u00e2ce \u00e0 l&#8217;application Xerox Easy Assist, permettant l&#8217;installation, la surveillance et la gestion directement depuis un t\u00e9l\u00e9phone mobile. De plus, elle offre une exp\u00e9rience d&#8217;impression et de num\u00e9risation am\u00e9lior\u00e9e via l&#8217;application Xerox Print and Scan Experience, compatible avec Windows et macOS.<\/p>\n<p>Choisir l&#8217;imprimante couleur multifonctions Xerox C325, c&#8217;est opter pour une solution fiable et efficace qui soutient votre productivit\u00e9 et facilite votre flux de travail. Pour en savoir plus et d\u00e9couvrir comment elle peut transformer votre espace de travail, explorez notre site d\u00e8s aujourd&#8217;hui.<\/p>\n","protected":false},"featured_media":9095,"template":"","meta":[],"product_brand":[],"product_cat":[19],"product_tag":[],"class_list":{"0":"post-9088","1":"product","2":"type-product","3":"status-publish","4":"has-post-thumbnail","6":"product_cat-imprimantes-bureau","8":"first","9":"instock","10":"shipping-taxable","11":"product-type-simple"},"yoast_head":"<!-- This site is optimized with the Yoast SEO plugin v25.9 - https:\/\/yoast.com\/wordpress\/plugins\/seo\/ -->\n<title>Imprimante Couleur multifonctions C325 \u2013 Xerox - D&amp;O Partners<\/title>\n<meta name=\"robots\" content=\"index, follow, max-snippet:-1, max-image-preview:large, max-video-preview:-1\" \/>\n<link rel=\"canonical\" href=\"https:\/\/www.dopartners.be\/fr\/produit\/imprimante-couleur-multifonctions-c325-xerox\/\" \/>\n<meta property=\"og:locale\" content=\"fr_FR\" \/>\n<meta property=\"og:type\" content=\"article\" \/>\n<meta property=\"og:title\" content=\"Imprimante Couleur multifonctions C325 \u2013 Xerox - D&amp;O Partners\" \/>\n<meta property=\"og:description\" content=\"[vc_row content_placement=&quot;top&quot;][vc_column][vc_btn title=&quot;T\u00e9l\u00e9charger la brochure&quot; style=&quot;flat&quot; shape=&quot;square&quot; align=&quot;left&quot; i_icon_fontawesome=&quot;fa fa-file-pdf-o&quot; add_icon=&quot;true&quot; link=&quot;url:\/wp-content\/uploads\/2024\/07\/imprimante-couleur-c320-xerox-belgique.pdf||target:%20_blank|&quot;][vc_column_text]  Imprimante multifonction couleur \u00e0 haute fiabilit\u00e9, parfaite pour les petits groupes de travail.   Copie, impression, num\u00e9risation, t\u00e9l\u00e9copie  Id\u00e9ale pour les petites et moyennes entreprises et pour les bureaux \u00e0 domicile  Acc\u00e8s \u00e0 un flux de production avanc\u00e9 en option avec la plateforme Xerox\u00ae Workflow Central  Comprehensive security features are built in  Incluant Apple\u00ae AirPrint\u00ae et Mopria\u00ae, les fonctionnalit\u00e9s mobiles facilitent la connexion et l&#039;impression avec n&#039;importe quel appareil  L&#039;imprimante couleur multifonctions Xerox C325 est con\u00e7ue pour les petites et moyennes entreprises ainsi que pour les t\u00e9l\u00e9travailleurs, offrant une combinaison parfaite de performance, simplicit\u00e9 et s\u00e9curit\u00e9. Gr\u00e2ce \u00e0 une interface utilisateur intuitive semblable \u00e0 celle des smartphones, cette imprimante est facile \u00e0 prendre en main et \u00e0 utiliser. Elle permet d&#039;imprimer directement depuis divers appareils mobiles, y compris les smartphones et les tablettes, gr\u00e2ce aux fonctionnalit\u00e9s Apple AirPrint, Mopria Print Service et Wi-Fi Direct.  Avec une vitesse d&#039;impression allant jusqu&#039;\u00e0 35 pages par minute et une capacit\u00e9 de traitement mensuelle de 65 000 pages, la C325 assure des performances \u00e9lev\u00e9es pour des t\u00e2ches vari\u00e9es. Elle est \u00e9galement polyvalente, offrant des fonctionnalit\u00e9s de copie, de num\u00e9risation et de t\u00e9l\u00e9copie. Son chargeur automatique de documents recto verso simplifie et acc\u00e9l\u00e8re la num\u00e9risation des documents.  Respectueuse de l&#039;environnement, cette imprimante est fabriqu\u00e9e avec plus de 30 % de plastique recycl\u00e9 post-consommation et r\u00e9pond aux normes EPEAT et ENERGY STAR. La s\u00e9curit\u00e9 est \u00e9galement une priorit\u00e9, avec des fonctionnalit\u00e9s avanc\u00e9es telles que l&#039;authentification et le chiffrement pour prot\u00e9ger vos donn\u00e9es sensibles.  Compacte et silencieuse, la C325 s&#039;int\u00e8gre parfaitement dans les espaces de travail restreints et fonctionne discr\u00e8tement pour minimiser les interruptions. La gestion de l&#039;imprimante est simplifi\u00e9e gr\u00e2ce \u00e0 l&#039;application Xerox Easy Assist, permettant l&#039;installation, la surveillance et la gestion directement depuis un t\u00e9l\u00e9phone mobile. De plus, elle offre une exp\u00e9rience d&#039;impression et de num\u00e9risation am\u00e9lior\u00e9e via l&#039;application Xerox Print and Scan Experience, compatible avec Windows et macOS.  Choisir l&#039;imprimante couleur multifonctions Xerox C325, c&#039;est opter pour une solution fiable et efficace qui soutient votre productivit\u00e9 et facilite votre flux de travail. Pour en savoir plus et d\u00e9couvrir comment elle peut transformer votre espace de travail, explorez notre site d\u00e8s aujourd&#039;hui.\" \/>\n<meta property=\"og:url\" content=\"https:\/\/www.dopartners.be\/fr\/produit\/imprimante-couleur-multifonctions-c325-xerox\/\" \/>\n<meta property=\"og:site_name\" content=\"D&amp;O Partners\" \/>\n<meta property=\"article:publisher\" content=\"https:\/\/www.facebook.com\/DOPartnersXerox\" \/>\n<meta property=\"article:modified_time\" content=\"2024-07-31T08:52:18+00:00\" \/>\n<meta property=\"og:image\" content=\"https:\/\/www.dopartners.be\/wp-content\/uploads\/2024\/07\/imprimante-couleur-c325-2-xerox-belgique.webp\" \/>\n\t<meta property=\"og:image:width\" content=\"1200\" \/>\n\t<meta property=\"og:image:height\" content=\"1444\" \/>\n\t<meta property=\"og:image:type\" content=\"image\/webp\" \/>\n<meta name=\"twitter:card\" content=\"summary_large_image\" \/>\n<meta name=\"twitter:label1\" content=\"Dur\u00e9e de lecture est.\" \/>\n\t<meta name=\"twitter:data1\" content=\"1 minute\" \/>\n<script type=\"application\/ld+json\" class=\"yoast-schema-graph\">{\"@context\":\"https:\/\/schema.org\",\"@graph\":[{\"@type\":\"WebPage\",\"@id\":\"https:\/\/www.dopartners.be\/fr\/produit\/imprimante-couleur-multifonctions-c325-xerox\/\",\"url\":\"https:\/\/www.dopartners.be\/fr\/produit\/imprimante-couleur-multifonctions-c325-xerox\/\",\"name\":\"Imprimante Couleur multifonctions C325 \u2013 Xerox - D&amp;O Partners\",\"isPartOf\":{\"@id\":\"https:\/\/www.dopartners.be\/fr\/#website\"},\"primaryImageOfPage\":{\"@id\":\"https:\/\/www.dopartners.be\/fr\/produit\/imprimante-couleur-multifonctions-c325-xerox\/#primaryimage\"},\"image\":{\"@id\":\"https:\/\/www.dopartners.be\/fr\/produit\/imprimante-couleur-multifonctions-c325-xerox\/#primaryimage\"},\"thumbnailUrl\":\"https:\/\/www.dopartners.be\/wp-content\/uploads\/2024\/07\/imprimante-couleur-c325-2-xerox-belgique.webp\",\"datePublished\":\"2024-07-30T10:26:13+00:00\",\"dateModified\":\"2024-07-31T08:52:18+00:00\",\"breadcrumb\":{\"@id\":\"https:\/\/www.dopartners.be\/fr\/produit\/imprimante-couleur-multifonctions-c325-xerox\/#breadcrumb\"},\"inLanguage\":\"fr-BE\",\"potentialAction\":[{\"@type\":\"ReadAction\",\"target\":[\"https:\/\/www.dopartners.be\/fr\/produit\/imprimante-couleur-multifonctions-c325-xerox\/\"]}]},{\"@type\":\"ImageObject\",\"inLanguage\":\"fr-BE\",\"@id\":\"https:\/\/www.dopartners.be\/fr\/produit\/imprimante-couleur-multifonctions-c325-xerox\/#primaryimage\",\"url\":\"https:\/\/www.dopartners.be\/wp-content\/uploads\/2024\/07\/imprimante-couleur-c325-2-xerox-belgique.webp\",\"contentUrl\":\"https:\/\/www.dopartners.be\/wp-content\/uploads\/2024\/07\/imprimante-couleur-c325-2-xerox-belgique.webp\",\"width\":1200,\"height\":1444,\"caption\":\"Imprimante multifonction couleur Xerox C325 avec \u00e9cran tactile, id\u00e9ale pour les bureaux en Belgique, offrant impression, copie, num\u00e9risation et fax.\"},{\"@type\":\"BreadcrumbList\",\"@id\":\"https:\/\/www.dopartners.be\/fr\/produit\/imprimante-couleur-multifonctions-c325-xerox\/#breadcrumb\",\"itemListElement\":[{\"@type\":\"ListItem\",\"position\":1,\"name\":\"Home\",\"item\":\"https:\/\/www.dopartners.be\/fr\/\"},{\"@type\":\"ListItem\",\"position\":2,\"name\":\"Boutique\",\"item\":\"https:\/\/www.dopartners.be\/fr\/shop\/\"},{\"@type\":\"ListItem\",\"position\":3,\"name\":\"Imprimante Couleur multifonctions C325 \u2013 Xerox\"}]},{\"@type\":\"WebSite\",\"@id\":\"https:\/\/www.dopartners.be\/fr\/#website\",\"url\":\"https:\/\/www.dopartners.be\/fr\/\",\"name\":\"D&amp;O Partners\",\"description\":\"Concessionnaire Xerox autoris\u00e9 \u00e0 Bruxelles\",\"publisher\":{\"@id\":\"https:\/\/www.dopartners.be\/fr\/#organization\"},\"alternateName\":\"DO Partners\",\"potentialAction\":[{\"@type\":\"SearchAction\",\"target\":{\"@type\":\"EntryPoint\",\"urlTemplate\":\"https:\/\/www.dopartners.be\/fr\/?s={search_term_string}\"},\"query-input\":{\"@type\":\"PropertyValueSpecification\",\"valueRequired\":true,\"valueName\":\"search_term_string\"}}],\"inLanguage\":\"fr-BE\"},{\"@type\":\"Organization\",\"@id\":\"https:\/\/www.dopartners.be\/fr\/#organization\",\"name\":\"DO PARTNERS\",\"url\":\"https:\/\/www.dopartners.be\/fr\/\",\"logo\":{\"@type\":\"ImageObject\",\"inLanguage\":\"fr-BE\",\"@id\":\"https:\/\/www.dopartners.be\/fr\/#\/schema\/logo\/image\/\",\"url\":\"https:\/\/www.dopartners.be\/wp-content\/uploads\/2017\/11\/DO-partners-logo.png\",\"contentUrl\":\"https:\/\/www.dopartners.be\/wp-content\/uploads\/2017\/11\/DO-partners-logo.png\",\"width\":135,\"height\":100,\"caption\":\"DO PARTNERS\"},\"image\":{\"@id\":\"https:\/\/www.dopartners.be\/fr\/#\/schema\/logo\/image\/\"},\"sameAs\":[\"https:\/\/www.facebook.com\/DOPartnersXerox\",\"https:\/\/www.youtube.com\/@dopartners\",\"https:\/\/www.linkedin.com\/company\/d&amp;o-partners\/\"]}]}<\/script>\n<!-- \/ Yoast SEO plugin. -->","yoast_head_json":{"title":"Imprimante Couleur multifonctions C325 \u2013 Xerox - D&amp;O Partners","robots":{"index":"index","follow":"follow","max-snippet":"max-snippet:-1","max-image-preview":"max-image-preview:large","max-video-preview":"max-video-preview:-1"},"canonical":"https:\/\/www.dopartners.be\/fr\/produit\/imprimante-couleur-multifonctions-c325-xerox\/","og_locale":"fr_FR","og_type":"article","og_title":"Imprimante Couleur multifonctions C325 \u2013 Xerox - D&amp;O Partners","og_description":"[vc_row content_placement=\"top\"][vc_column][vc_btn title=\"T\u00e9l\u00e9charger la brochure\" style=\"flat\" shape=\"square\" align=\"left\" i_icon_fontawesome=\"fa fa-file-pdf-o\" add_icon=\"true\" link=\"url:\/wp-content\/uploads\/2024\/07\/imprimante-couleur-c320-xerox-belgique.pdf||target:%20_blank|\"][vc_column_text]  Imprimante multifonction couleur \u00e0 haute fiabilit\u00e9, parfaite pour les petits groupes de travail.   Copie, impression, num\u00e9risation, t\u00e9l\u00e9copie  Id\u00e9ale pour les petites et moyennes entreprises et pour les bureaux \u00e0 domicile  Acc\u00e8s \u00e0 un flux de production avanc\u00e9 en option avec la plateforme Xerox\u00ae Workflow Central  Comprehensive security features are built in  Incluant Apple\u00ae AirPrint\u00ae et Mopria\u00ae, les fonctionnalit\u00e9s mobiles facilitent la connexion et l'impression avec n'importe quel appareil  L'imprimante couleur multifonctions Xerox C325 est con\u00e7ue pour les petites et moyennes entreprises ainsi que pour les t\u00e9l\u00e9travailleurs, offrant une combinaison parfaite de performance, simplicit\u00e9 et s\u00e9curit\u00e9. Gr\u00e2ce \u00e0 une interface utilisateur intuitive semblable \u00e0 celle des smartphones, cette imprimante est facile \u00e0 prendre en main et \u00e0 utiliser. Elle permet d'imprimer directement depuis divers appareils mobiles, y compris les smartphones et les tablettes, gr\u00e2ce aux fonctionnalit\u00e9s Apple AirPrint, Mopria Print Service et Wi-Fi Direct.  Avec une vitesse d'impression allant jusqu'\u00e0 35 pages par minute et une capacit\u00e9 de traitement mensuelle de 65 000 pages, la C325 assure des performances \u00e9lev\u00e9es pour des t\u00e2ches vari\u00e9es. Elle est \u00e9galement polyvalente, offrant des fonctionnalit\u00e9s de copie, de num\u00e9risation et de t\u00e9l\u00e9copie. Son chargeur automatique de documents recto verso simplifie et acc\u00e9l\u00e8re la num\u00e9risation des documents.  Respectueuse de l'environnement, cette imprimante est fabriqu\u00e9e avec plus de 30 % de plastique recycl\u00e9 post-consommation et r\u00e9pond aux normes EPEAT et ENERGY STAR. La s\u00e9curit\u00e9 est \u00e9galement une priorit\u00e9, avec des fonctionnalit\u00e9s avanc\u00e9es telles que l'authentification et le chiffrement pour prot\u00e9ger vos donn\u00e9es sensibles.  Compacte et silencieuse, la C325 s'int\u00e8gre parfaitement dans les espaces de travail restreints et fonctionne discr\u00e8tement pour minimiser les interruptions. La gestion de l'imprimante est simplifi\u00e9e gr\u00e2ce \u00e0 l'application Xerox Easy Assist, permettant l'installation, la surveillance et la gestion directement depuis un t\u00e9l\u00e9phone mobile. De plus, elle offre une exp\u00e9rience d'impression et de num\u00e9risation am\u00e9lior\u00e9e via l'application Xerox Print and Scan Experience, compatible avec Windows et macOS.  Choisir l'imprimante couleur multifonctions Xerox C325, c'est opter pour une solution fiable et efficace qui soutient votre productivit\u00e9 et facilite votre flux de travail. Pour en savoir plus et d\u00e9couvrir comment elle peut transformer votre espace de travail, explorez notre site d\u00e8s aujourd'hui.","og_url":"https:\/\/www.dopartners.be\/fr\/produit\/imprimante-couleur-multifonctions-c325-xerox\/","og_site_name":"D&amp;O Partners","article_publisher":"https:\/\/www.facebook.com\/DOPartnersXerox","article_modified_time":"2024-07-31T08:52:18+00:00","og_image":[{"width":1200,"height":1444,"url":"https:\/\/www.dopartners.be\/wp-content\/uploads\/2024\/07\/imprimante-couleur-c325-2-xerox-belgique.webp","type":"image\/webp"}],"twitter_card":"summary_large_image","twitter_misc":{"Dur\u00e9e de lecture est.":"1 minute"},"schema":{"@context":"https:\/\/schema.org","@graph":[{"@type":"WebPage","@id":"https:\/\/www.dopartners.be\/fr\/produit\/imprimante-couleur-multifonctions-c325-xerox\/","url":"https:\/\/www.dopartners.be\/fr\/produit\/imprimante-couleur-multifonctions-c325-xerox\/","name":"Imprimante Couleur multifonctions C325 \u2013 Xerox - D&amp;O Partners","isPartOf":{"@id":"https:\/\/www.dopartners.be\/fr\/#website"},"primaryImageOfPage":{"@id":"https:\/\/www.dopartners.be\/fr\/produit\/imprimante-couleur-multifonctions-c325-xerox\/#primaryimage"},"image":{"@id":"https:\/\/www.dopartners.be\/fr\/produit\/imprimante-couleur-multifonctions-c325-xerox\/#primaryimage"},"thumbnailUrl":"https:\/\/www.dopartners.be\/wp-content\/uploads\/2024\/07\/imprimante-couleur-c325-2-xerox-belgique.webp","datePublished":"2024-07-30T10:26:13+00:00","dateModified":"2024-07-31T08:52:18+00:00","breadcrumb":{"@id":"https:\/\/www.dopartners.be\/fr\/produit\/imprimante-couleur-multifonctions-c325-xerox\/#breadcrumb"},"inLanguage":"fr-BE","potentialAction":[{"@type":"ReadAction","target":["https:\/\/www.dopartners.be\/fr\/produit\/imprimante-couleur-multifonctions-c325-xerox\/"]}]},{"@type":"ImageObject","inLanguage":"fr-BE","@id":"https:\/\/www.dopartners.be\/fr\/produit\/imprimante-couleur-multifonctions-c325-xerox\/#primaryimage","url":"https:\/\/www.dopartners.be\/wp-content\/uploads\/2024\/07\/imprimante-couleur-c325-2-xerox-belgique.webp","contentUrl":"https:\/\/www.dopartners.be\/wp-content\/uploads\/2024\/07\/imprimante-couleur-c325-2-xerox-belgique.webp","width":1200,"height":1444,"caption":"Imprimante multifonction couleur Xerox C325 avec \u00e9cran tactile, id\u00e9ale pour les bureaux en Belgique, offrant impression, copie, num\u00e9risation et fax."},{"@type":"BreadcrumbList","@id":"https:\/\/www.dopartners.be\/fr\/produit\/imprimante-couleur-multifonctions-c325-xerox\/#breadcrumb","itemListElement":[{"@type":"ListItem","position":1,"name":"Home","item":"https:\/\/www.dopartners.be\/fr\/"},{"@type":"ListItem","position":2,"name":"Boutique","item":"https:\/\/www.dopartners.be\/fr\/shop\/"},{"@type":"ListItem","position":3,"name":"Imprimante Couleur multifonctions C325 \u2013 Xerox"}]},{"@type":"WebSite","@id":"https:\/\/www.dopartners.be\/fr\/#website","url":"https:\/\/www.dopartners.be\/fr\/","name":"D&amp;O Partners","description":"Concessionnaire Xerox autoris\u00e9 \u00e0 Bruxelles","publisher":{"@id":"https:\/\/www.dopartners.be\/fr\/#organization"},"alternateName":"DO Partners","potentialAction":[{"@type":"SearchAction","target":{"@type":"EntryPoint","urlTemplate":"https:\/\/www.dopartners.be\/fr\/?s={search_term_string}"},"query-input":{"@type":"PropertyValueSpecification","valueRequired":true,"valueName":"search_term_string"}}],"inLanguage":"fr-BE"},{"@type":"Organization","@id":"https:\/\/www.dopartners.be\/fr\/#organization","name":"DO PARTNERS","url":"https:\/\/www.dopartners.be\/fr\/","logo":{"@type":"ImageObject","inLanguage":"fr-BE","@id":"https:\/\/www.dopartners.be\/fr\/#\/schema\/logo\/image\/","url":"https:\/\/www.dopartners.be\/wp-content\/uploads\/2017\/11\/DO-partners-logo.png","contentUrl":"https:\/\/www.dopartners.be\/wp-content\/uploads\/2017\/11\/DO-partners-logo.png","width":135,"height":100,"caption":"DO PARTNERS"},"image":{"@id":"https:\/\/www.dopartners.be\/fr\/#\/schema\/logo\/image\/"},"sameAs":["https:\/\/www.facebook.com\/DOPartnersXerox","https:\/\/www.youtube.com\/@dopartners","https:\/\/www.linkedin.com\/company\/d&amp;o-partners\/"]}]}},"_links":{"self":[{"href":"https:\/\/www.dopartners.be\/fr\/wp-json\/wp\/v2\/product\/9088","targetHints":{"allow":["GET"]}}],"collection":[{"href":"https:\/\/www.dopartners.be\/fr\/wp-json\/wp\/v2\/product"}],"about":[{"href":"https:\/\/www.dopartners.be\/fr\/wp-json\/wp\/v2\/types\/product"}],"wp:featuredmedia":[{"embeddable":true,"href":"https:\/\/www.dopartners.be\/fr\/wp-json\/wp\/v2\/media\/9095"}],"wp:attachment":[{"href":"https:\/\/www.dopartners.be\/fr\/wp-json\/wp\/v2\/media?parent=9088"}],"wp:term":[{"taxonomy":"product_brand","embeddable":true,"href":"https:\/\/www.dopartners.be\/fr\/wp-json\/wp\/v2\/product_brand?post=9088"},{"taxonomy":"product_cat","embeddable":true,"href":"https:\/\/www.dopartners.be\/fr\/wp-json\/wp\/v2\/product_cat?post=9088"},{"taxonomy":"product_tag","embeddable":true,"href":"https:\/\/www.dopartners.be\/fr\/wp-json\/wp\/v2\/product_tag?post=9088"}],"curies":[{"name":"wp","href":"https:\/\/api.w.org\/{rel}","templated":true}]}}