{"id":9157,"date":"2024-09-02T15:21:13","date_gmt":"2024-09-02T13:21:13","guid":{"rendered":"https:\/\/www.dopartners.be\/?post_type=product&#038;p=9157"},"modified":"2024-09-04T09:41:22","modified_gmt":"2024-09-04T07:41:22","slug":"imprimantes-multifonctions-xerox-altalink-b8200-series","status":"publish","type":"product","link":"https:\/\/www.dopartners.be\/fr\/produit\/imprimantes-multifonctions-xerox-altalink-b8200-series\/","title":{"rendered":"Imprimantes multifonctions Xerox\u00ae AltaLink\u00ae B8200 Series"},"content":{"rendered":"<div class=\"wpb-content-wrapper\"><p>[vc_row][vc_column][vc_tta_accordion style=&#8221;flat&#8221; color=&#8221;white&#8221; c_position=&#8221;right&#8221; active_section=&#8221;1&#8243; collapsible_all=&#8221;true&#8221;][vc_tta_section title=&#8221;B8245&#8243; tab_id=&#8221;1693921801249-271a1b86-fd6d1cc2-470a&#8221;][vc_column_text woodmart_inline=&#8221;no&#8221; text_larger=&#8221;no&#8221;]<\/p>\n<table class=\"shop_attributes\">\n<tbody>\n<tr>\n<th>Fonctionnalit\u00e9s en standard<\/th>\n<td>Copie, Courrier \u00e9lectronique, Impression, Num\u00e9risation<\/td>\n<\/tr>\n<tr>\n<th>Fonctionnalit\u00e9s en option<\/th>\n<td>T\u00e9l\u00e9copieur int\u00e9gr\u00e9, Lecteur de carte RFID Xerox int\u00e9gr\u00e9<\/td>\n<\/tr>\n<tr>\n<th>Vitesse d&#8217;impression<\/th>\n<td>Jusqu&#8217;\u00e0 45 ppm<\/td>\n<\/tr>\n<tr>\n<th>Volume mensuel maximum<\/th>\n<td>Jusqu&#8217;\u00e0 200.000 images\/mois<\/td>\n<\/tr>\n<tr>\n<th>R\u00e9solution d&#8217;impression maximale<\/th>\n<td>1200 x 2400 ppp<\/td>\n<\/tr>\n<tr>\n<th>D\u00e9veloppement Durable<\/th>\n<td>EPEAT\u00ae<br \/>\nENERGY STAR\u00ae<\/td>\n<\/tr>\n<\/tbody>\n<\/table>\n<p>[\/vc_column_text][\/vc_tta_section][vc_tta_section title=&#8221;B8255&#8243; tab_id=&#8221;1725283081330-e49bdafa-c646&#8243;][vc_column_text woodmart_inline=&#8221;no&#8221; text_larger=&#8221;no&#8221;]<\/p>\n<table class=\"shop_attributes\">\n<tbody>\n<tr>\n<th>Fonctionnalit\u00e9s en standard<\/th>\n<td>Copie, Courrier \u00e9lectronique, Impression, Num\u00e9risation<\/td>\n<\/tr>\n<tr>\n<th>Fonctionnalit\u00e9s en option<\/th>\n<td>T\u00e9l\u00e9copieur int\u00e9gr\u00e9, Lecteur de carte RFID Xerox int\u00e9gr\u00e9<\/td>\n<\/tr>\n<tr>\n<th>Vitesse d&#8217;impression<\/th>\n<td>Jusqu&#8217;\u00e0 55 ppm<\/td>\n<\/tr>\n<tr>\n<th>Volume mensuel maximum<\/th>\n<td>Jusqu&#8217;\u00e0 250.000 images\/mois<\/td>\n<\/tr>\n<tr>\n<th>R\u00e9solution d&#8217;impression maximale<\/th>\n<td>1200 x 2400 ppp<\/td>\n<\/tr>\n<tr>\n<th>D\u00e9veloppement Durable<\/th>\n<td>EPEAT\u00ae<br \/>\nENERGY STAR\u00ae<\/td>\n<\/tr>\n<\/tbody>\n<\/table>\n<p>[\/vc_column_text][\/vc_tta_section][vc_tta_section title=&#8221;B8270&#8243; tab_id=&#8221;1725283123575-d6456be9-2a57&#8243;][vc_column_text woodmart_inline=&#8221;no&#8221; text_larger=&#8221;no&#8221;]<\/p>\n<table class=\"shop_attributes\">\n<tbody>\n<tr>\n<th>Fonctionnalit\u00e9s en standard<\/th>\n<td>Copie, Courrier \u00e9lectronique, Impression, Num\u00e9risation<\/td>\n<\/tr>\n<tr>\n<th>Fonctionnalit\u00e9s en option<\/th>\n<td>T\u00e9l\u00e9copieur int\u00e9gr\u00e9, Lecteur de carte RFID Xerox int\u00e9gr\u00e9<\/td>\n<\/tr>\n<tr>\n<th>Vitesse d&#8217;impression<\/th>\n<td>Jusqu&#8217;\u00e0 72 ppm<\/td>\n<\/tr>\n<tr>\n<th>Volume mensuel maximum<\/th>\n<td>Jusqu&#8217;\u00e0 300.000 images\/mois<\/td>\n<\/tr>\n<tr>\n<th>R\u00e9solution d&#8217;impression maximale<\/th>\n<td>1200 x 2400 ppp<\/td>\n<\/tr>\n<tr>\n<th>D\u00e9veloppement Durable<\/th>\n<td>EPEAT\u00ae<br \/>\nENERGY STAR\u00ae<\/td>\n<\/tr>\n<\/tbody>\n<\/table>\n<p>[\/vc_column_text][\/vc_tta_section][\/vc_tta_accordion][\/vc_column][\/vc_row]<\/p>\n<\/div>","protected":false},"excerpt":{"rendered":"<p>[vc_row content_placement=&#8221;top&#8221;][vc_column][vc_btn title=&#8221;T\u00e9l\u00e9charger la brochure&#8221; style=&#8221;flat&#8221; shape=&#8221;square&#8221; align=&#8221;left&#8221; i_icon_fontawesome=&#8221;fa fa-file-pdf-o&#8221; add_icon=&#8221;true&#8221; link=&#8221;url:\/wp-content\/uploads\/2024\/09\/Imprimantes-multifonctions-Xerox-AltaLink-B8200-Series-dopartners.pdf||target:%20_blank|&#8221;][vc_column_text]<\/p>\n<p>D\u00e9sormais, le travail se fait tout seul.<\/p>\n<ul>\n<li>Copie, impression, num\u00e9risation, t\u00e9l\u00e9copie, courrier \u00e9lectronique<\/li>\n<li>Simplifiez vos t\u00e2ches complexes gr\u00e2ce \u00e0 la technologie assist\u00e9e par l&#8217;IA<\/li>\n<li>B\u00e9n\u00e9ficiez d&#8217;une interface semblable \u00e0 celle d&#8217;une tablette qui simplifie et acc\u00e9l\u00e8re vos t\u00e2ches r\u00e9p\u00e9titives<\/li>\n<li>Connectez-vous et imprimez facilement via c\u00e2ble, Wi-Fi\u00ae, Wi-Fi Direct\u00ae, Bluetooth\u2122, NFC et le Cloud<\/li>\n<li>Parfait pour les ambiances de travail dynamiques. Personnalisez votre configuration pour r\u00e9pondre \u00e0 vos besoins allant des applications simples aux plus exigeantes<\/li>\n<li>Une s\u00e9curit\u00e9 compl\u00e8te avec une mise en \u0153uvre simplifi\u00e9e est int\u00e9gr\u00e9e<\/li>\n<\/ul>\n<p>Le Xerox AltaLink B8200 est une imprimante multifonction de haute performance con\u00e7ue pour les entreprises cherchant \u00e0 automatiser et simplifier leurs t\u00e2ches quotidiennes. Gr\u00e2ce \u00e0 la technologie ConnectKey\u00ae de Xerox, cette imprimante offre une interface intuitive semblable \u00e0 une tablette, facilitant l&#8217;ex\u00e9cution rapide des t\u00e2ches complexes. Dot\u00e9e d&#8217;une intelligence artificielle avanc\u00e9e, elle permet d&#8217;automatiser des processus comme la num\u00e9risation de documents et l&#8217;expurgation des donn\u00e9es sensibles, vous permettant de vous concentrer sur des t\u00e2ches \u00e0 plus forte valeur ajout\u00e9e. Compatible avec les services Cloud et les appareils mobiles, elle garantit une connectivit\u00e9 fluide et s\u00e9curis\u00e9e. Cette solution s&#8217;adapte \u00e0 vos besoins avec des options de personnalisation et de finition avanc\u00e9es, rendant l&#8217;AltaLink B8200 id\u00e9ale pour les environnements de travail \u00e9volutifs. En plus de ses capacit\u00e9s de s\u00e9curit\u00e9 compl\u00e8tes, cette imprimante respecte des standards environnementaux avec les certifications EPEAT\u00ae et ENERGY STAR\u00ae.<\/p>\n","protected":false},"featured_media":9162,"template":"","meta":[],"product_brand":[],"product_cat":[20],"product_tag":[],"class_list":{"0":"post-9157","1":"product","2":"type-product","3":"status-publish","4":"has-post-thumbnail","6":"product_cat-multifonctions","8":"first","9":"instock","10":"shipping-taxable","11":"product-type-simple"},"yoast_head":"<!-- This site is optimized with the Yoast SEO plugin v25.9 - https:\/\/yoast.com\/wordpress\/plugins\/seo\/ -->\n<title>Imprimantes multifonctions Xerox\u00ae AltaLink\u00ae B8200 Series - D&amp;O Partners<\/title>\n<meta name=\"robots\" content=\"index, follow, max-snippet:-1, max-image-preview:large, max-video-preview:-1\" \/>\n<link rel=\"canonical\" href=\"https:\/\/www.dopartners.be\/fr\/produit\/imprimantes-multifonctions-xerox-altalink-b8200-series\/\" \/>\n<meta property=\"og:locale\" content=\"fr_FR\" \/>\n<meta property=\"og:type\" content=\"article\" \/>\n<meta property=\"og:title\" content=\"Imprimantes multifonctions Xerox\u00ae AltaLink\u00ae B8200 Series - D&amp;O Partners\" \/>\n<meta property=\"og:description\" content=\"[vc_row content_placement=&quot;top&quot;][vc_column][vc_btn title=&quot;T\u00e9l\u00e9charger la brochure&quot; style=&quot;flat&quot; shape=&quot;square&quot; align=&quot;left&quot; i_icon_fontawesome=&quot;fa fa-file-pdf-o&quot; add_icon=&quot;true&quot; link=&quot;url:\/wp-content\/uploads\/2024\/09\/Imprimantes-multifonctions-Xerox-AltaLink-B8200-Series-dopartners.pdf||target:%20_blank|&quot;][vc_column_text]  D\u00e9sormais, le travail se fait tout seul.   Copie, impression, num\u00e9risation, t\u00e9l\u00e9copie, courrier \u00e9lectronique  Simplifiez vos t\u00e2ches complexes gr\u00e2ce \u00e0 la technologie assist\u00e9e par l&#039;IA  B\u00e9n\u00e9ficiez d&#039;une interface semblable \u00e0 celle d&#039;une tablette qui simplifie et acc\u00e9l\u00e8re vos t\u00e2ches r\u00e9p\u00e9titives  Connectez-vous et imprimez facilement via c\u00e2ble, Wi-Fi\u00ae, Wi-Fi Direct\u00ae, Bluetooth\u2122, NFC et le Cloud  Parfait pour les ambiances de travail dynamiques. Personnalisez votre configuration pour r\u00e9pondre \u00e0 vos besoins allant des applications simples aux plus exigeantes  Une s\u00e9curit\u00e9 compl\u00e8te avec une mise en \u0153uvre simplifi\u00e9e est int\u00e9gr\u00e9e  Le Xerox AltaLink B8200 est une imprimante multifonction de haute performance con\u00e7ue pour les entreprises cherchant \u00e0 automatiser et simplifier leurs t\u00e2ches quotidiennes. Gr\u00e2ce \u00e0 la technologie ConnectKey\u00ae de Xerox, cette imprimante offre une interface intuitive semblable \u00e0 une tablette, facilitant l&#039;ex\u00e9cution rapide des t\u00e2ches complexes. Dot\u00e9e d&#039;une intelligence artificielle avanc\u00e9e, elle permet d&#039;automatiser des processus comme la num\u00e9risation de documents et l&#039;expurgation des donn\u00e9es sensibles, vous permettant de vous concentrer sur des t\u00e2ches \u00e0 plus forte valeur ajout\u00e9e. Compatible avec les services Cloud et les appareils mobiles, elle garantit une connectivit\u00e9 fluide et s\u00e9curis\u00e9e. Cette solution s&#039;adapte \u00e0 vos besoins avec des options de personnalisation et de finition avanc\u00e9es, rendant l&#039;AltaLink B8200 id\u00e9ale pour les environnements de travail \u00e9volutifs. En plus de ses capacit\u00e9s de s\u00e9curit\u00e9 compl\u00e8tes, cette imprimante respecte des standards environnementaux avec les certifications EPEAT\u00ae et ENERGY STAR\u00ae.\" \/>\n<meta property=\"og:url\" content=\"https:\/\/www.dopartners.be\/fr\/produit\/imprimantes-multifonctions-xerox-altalink-b8200-series\/\" \/>\n<meta property=\"og:site_name\" content=\"D&amp;O Partners\" \/>\n<meta property=\"article:publisher\" content=\"https:\/\/www.facebook.com\/DOPartnersXerox\" \/>\n<meta property=\"article:modified_time\" content=\"2024-09-04T07:41:22+00:00\" \/>\n<meta property=\"og:image\" content=\"https:\/\/www.dopartners.be\/wp-content\/uploads\/2024\/09\/Imprimantes-multifonctions-Xerox-AltaLink-B8200-Series-dopartners.webp\" \/>\n\t<meta property=\"og:image:width\" content=\"1200\" \/>\n\t<meta property=\"og:image:height\" content=\"1444\" \/>\n\t<meta property=\"og:image:type\" content=\"image\/webp\" \/>\n<meta name=\"twitter:card\" content=\"summary_large_image\" \/>\n<meta name=\"twitter:label1\" content=\"Dur\u00e9e de lecture est.\" \/>\n\t<meta name=\"twitter:data1\" content=\"1 minute\" \/>\n<script type=\"application\/ld+json\" class=\"yoast-schema-graph\">{\"@context\":\"https:\/\/schema.org\",\"@graph\":[{\"@type\":\"WebPage\",\"@id\":\"https:\/\/www.dopartners.be\/fr\/produit\/imprimantes-multifonctions-xerox-altalink-b8200-series\/\",\"url\":\"https:\/\/www.dopartners.be\/fr\/produit\/imprimantes-multifonctions-xerox-altalink-b8200-series\/\",\"name\":\"Imprimantes multifonctions Xerox\u00ae AltaLink\u00ae B8200 Series - D&amp;O Partners\",\"isPartOf\":{\"@id\":\"https:\/\/www.dopartners.be\/fr\/#website\"},\"primaryImageOfPage\":{\"@id\":\"https:\/\/www.dopartners.be\/fr\/produit\/imprimantes-multifonctions-xerox-altalink-b8200-series\/#primaryimage\"},\"image\":{\"@id\":\"https:\/\/www.dopartners.be\/fr\/produit\/imprimantes-multifonctions-xerox-altalink-b8200-series\/#primaryimage\"},\"thumbnailUrl\":\"https:\/\/www.dopartners.be\/wp-content\/uploads\/2024\/09\/Imprimantes-multifonctions-Xerox-AltaLink-B8200-Series-dopartners.webp\",\"datePublished\":\"2024-09-02T13:21:13+00:00\",\"dateModified\":\"2024-09-04T07:41:22+00:00\",\"breadcrumb\":{\"@id\":\"https:\/\/www.dopartners.be\/fr\/produit\/imprimantes-multifonctions-xerox-altalink-b8200-series\/#breadcrumb\"},\"inLanguage\":\"fr-BE\",\"potentialAction\":[{\"@type\":\"ReadAction\",\"target\":[\"https:\/\/www.dopartners.be\/fr\/produit\/imprimantes-multifonctions-xerox-altalink-b8200-series\/\"]}]},{\"@type\":\"ImageObject\",\"inLanguage\":\"fr-BE\",\"@id\":\"https:\/\/www.dopartners.be\/fr\/produit\/imprimantes-multifonctions-xerox-altalink-b8200-series\/#primaryimage\",\"url\":\"https:\/\/www.dopartners.be\/wp-content\/uploads\/2024\/09\/Imprimantes-multifonctions-Xerox-AltaLink-B8200-Series-dopartners.webp\",\"contentUrl\":\"https:\/\/www.dopartners.be\/wp-content\/uploads\/2024\/09\/Imprimantes-multifonctions-Xerox-AltaLink-B8200-Series-dopartners.webp\",\"width\":1200,\"height\":1444,\"caption\":\"Imprimante multifonction Xerox AltaLink B8200, fiable et performante pour la gestion documentaire en entreprise.\"},{\"@type\":\"BreadcrumbList\",\"@id\":\"https:\/\/www.dopartners.be\/fr\/produit\/imprimantes-multifonctions-xerox-altalink-b8200-series\/#breadcrumb\",\"itemListElement\":[{\"@type\":\"ListItem\",\"position\":1,\"name\":\"Home\",\"item\":\"https:\/\/www.dopartners.be\/fr\/\"},{\"@type\":\"ListItem\",\"position\":2,\"name\":\"Boutique\",\"item\":\"https:\/\/www.dopartners.be\/fr\/shop\/\"},{\"@type\":\"ListItem\",\"position\":3,\"name\":\"Imprimantes multifonctions Xerox\u00ae AltaLink\u00ae B8200 Series\"}]},{\"@type\":\"WebSite\",\"@id\":\"https:\/\/www.dopartners.be\/fr\/#website\",\"url\":\"https:\/\/www.dopartners.be\/fr\/\",\"name\":\"D&amp;O Partners\",\"description\":\"Concessionnaire Xerox autoris\u00e9 \u00e0 Bruxelles\",\"publisher\":{\"@id\":\"https:\/\/www.dopartners.be\/fr\/#organization\"},\"alternateName\":\"DO Partners\",\"potentialAction\":[{\"@type\":\"SearchAction\",\"target\":{\"@type\":\"EntryPoint\",\"urlTemplate\":\"https:\/\/www.dopartners.be\/fr\/?s={search_term_string}\"},\"query-input\":{\"@type\":\"PropertyValueSpecification\",\"valueRequired\":true,\"valueName\":\"search_term_string\"}}],\"inLanguage\":\"fr-BE\"},{\"@type\":\"Organization\",\"@id\":\"https:\/\/www.dopartners.be\/fr\/#organization\",\"name\":\"DO PARTNERS\",\"url\":\"https:\/\/www.dopartners.be\/fr\/\",\"logo\":{\"@type\":\"ImageObject\",\"inLanguage\":\"fr-BE\",\"@id\":\"https:\/\/www.dopartners.be\/fr\/#\/schema\/logo\/image\/\",\"url\":\"https:\/\/www.dopartners.be\/wp-content\/uploads\/2017\/11\/DO-partners-logo.png\",\"contentUrl\":\"https:\/\/www.dopartners.be\/wp-content\/uploads\/2017\/11\/DO-partners-logo.png\",\"width\":135,\"height\":100,\"caption\":\"DO PARTNERS\"},\"image\":{\"@id\":\"https:\/\/www.dopartners.be\/fr\/#\/schema\/logo\/image\/\"},\"sameAs\":[\"https:\/\/www.facebook.com\/DOPartnersXerox\",\"https:\/\/www.youtube.com\/@dopartners\",\"https:\/\/www.linkedin.com\/company\/d&amp;o-partners\/\"]}]}<\/script>\n<!-- \/ Yoast SEO plugin. -->","yoast_head_json":{"title":"Imprimantes multifonctions Xerox\u00ae AltaLink\u00ae B8200 Series - D&amp;O Partners","robots":{"index":"index","follow":"follow","max-snippet":"max-snippet:-1","max-image-preview":"max-image-preview:large","max-video-preview":"max-video-preview:-1"},"canonical":"https:\/\/www.dopartners.be\/fr\/produit\/imprimantes-multifonctions-xerox-altalink-b8200-series\/","og_locale":"fr_FR","og_type":"article","og_title":"Imprimantes multifonctions Xerox\u00ae AltaLink\u00ae B8200 Series - D&amp;O Partners","og_description":"[vc_row content_placement=\"top\"][vc_column][vc_btn title=\"T\u00e9l\u00e9charger la brochure\" style=\"flat\" shape=\"square\" align=\"left\" i_icon_fontawesome=\"fa fa-file-pdf-o\" add_icon=\"true\" link=\"url:\/wp-content\/uploads\/2024\/09\/Imprimantes-multifonctions-Xerox-AltaLink-B8200-Series-dopartners.pdf||target:%20_blank|\"][vc_column_text]  D\u00e9sormais, le travail se fait tout seul.   Copie, impression, num\u00e9risation, t\u00e9l\u00e9copie, courrier \u00e9lectronique  Simplifiez vos t\u00e2ches complexes gr\u00e2ce \u00e0 la technologie assist\u00e9e par l'IA  B\u00e9n\u00e9ficiez d'une interface semblable \u00e0 celle d'une tablette qui simplifie et acc\u00e9l\u00e8re vos t\u00e2ches r\u00e9p\u00e9titives  Connectez-vous et imprimez facilement via c\u00e2ble, Wi-Fi\u00ae, Wi-Fi Direct\u00ae, Bluetooth\u2122, NFC et le Cloud  Parfait pour les ambiances de travail dynamiques. Personnalisez votre configuration pour r\u00e9pondre \u00e0 vos besoins allant des applications simples aux plus exigeantes  Une s\u00e9curit\u00e9 compl\u00e8te avec une mise en \u0153uvre simplifi\u00e9e est int\u00e9gr\u00e9e  Le Xerox AltaLink B8200 est une imprimante multifonction de haute performance con\u00e7ue pour les entreprises cherchant \u00e0 automatiser et simplifier leurs t\u00e2ches quotidiennes. Gr\u00e2ce \u00e0 la technologie ConnectKey\u00ae de Xerox, cette imprimante offre une interface intuitive semblable \u00e0 une tablette, facilitant l'ex\u00e9cution rapide des t\u00e2ches complexes. Dot\u00e9e d'une intelligence artificielle avanc\u00e9e, elle permet d'automatiser des processus comme la num\u00e9risation de documents et l'expurgation des donn\u00e9es sensibles, vous permettant de vous concentrer sur des t\u00e2ches \u00e0 plus forte valeur ajout\u00e9e. Compatible avec les services Cloud et les appareils mobiles, elle garantit une connectivit\u00e9 fluide et s\u00e9curis\u00e9e. Cette solution s'adapte \u00e0 vos besoins avec des options de personnalisation et de finition avanc\u00e9es, rendant l'AltaLink B8200 id\u00e9ale pour les environnements de travail \u00e9volutifs. En plus de ses capacit\u00e9s de s\u00e9curit\u00e9 compl\u00e8tes, cette imprimante respecte des standards environnementaux avec les certifications EPEAT\u00ae et ENERGY STAR\u00ae.","og_url":"https:\/\/www.dopartners.be\/fr\/produit\/imprimantes-multifonctions-xerox-altalink-b8200-series\/","og_site_name":"D&amp;O Partners","article_publisher":"https:\/\/www.facebook.com\/DOPartnersXerox","article_modified_time":"2024-09-04T07:41:22+00:00","og_image":[{"width":1200,"height":1444,"url":"https:\/\/www.dopartners.be\/wp-content\/uploads\/2024\/09\/Imprimantes-multifonctions-Xerox-AltaLink-B8200-Series-dopartners.webp","type":"image\/webp"}],"twitter_card":"summary_large_image","twitter_misc":{"Dur\u00e9e de lecture est.":"1 minute"},"schema":{"@context":"https:\/\/schema.org","@graph":[{"@type":"WebPage","@id":"https:\/\/www.dopartners.be\/fr\/produit\/imprimantes-multifonctions-xerox-altalink-b8200-series\/","url":"https:\/\/www.dopartners.be\/fr\/produit\/imprimantes-multifonctions-xerox-altalink-b8200-series\/","name":"Imprimantes multifonctions Xerox\u00ae AltaLink\u00ae B8200 Series - D&amp;O Partners","isPartOf":{"@id":"https:\/\/www.dopartners.be\/fr\/#website"},"primaryImageOfPage":{"@id":"https:\/\/www.dopartners.be\/fr\/produit\/imprimantes-multifonctions-xerox-altalink-b8200-series\/#primaryimage"},"image":{"@id":"https:\/\/www.dopartners.be\/fr\/produit\/imprimantes-multifonctions-xerox-altalink-b8200-series\/#primaryimage"},"thumbnailUrl":"https:\/\/www.dopartners.be\/wp-content\/uploads\/2024\/09\/Imprimantes-multifonctions-Xerox-AltaLink-B8200-Series-dopartners.webp","datePublished":"2024-09-02T13:21:13+00:00","dateModified":"2024-09-04T07:41:22+00:00","breadcrumb":{"@id":"https:\/\/www.dopartners.be\/fr\/produit\/imprimantes-multifonctions-xerox-altalink-b8200-series\/#breadcrumb"},"inLanguage":"fr-BE","potentialAction":[{"@type":"ReadAction","target":["https:\/\/www.dopartners.be\/fr\/produit\/imprimantes-multifonctions-xerox-altalink-b8200-series\/"]}]},{"@type":"ImageObject","inLanguage":"fr-BE","@id":"https:\/\/www.dopartners.be\/fr\/produit\/imprimantes-multifonctions-xerox-altalink-b8200-series\/#primaryimage","url":"https:\/\/www.dopartners.be\/wp-content\/uploads\/2024\/09\/Imprimantes-multifonctions-Xerox-AltaLink-B8200-Series-dopartners.webp","contentUrl":"https:\/\/www.dopartners.be\/wp-content\/uploads\/2024\/09\/Imprimantes-multifonctions-Xerox-AltaLink-B8200-Series-dopartners.webp","width":1200,"height":1444,"caption":"Imprimante multifonction Xerox AltaLink B8200, fiable et performante pour la gestion documentaire en entreprise."},{"@type":"BreadcrumbList","@id":"https:\/\/www.dopartners.be\/fr\/produit\/imprimantes-multifonctions-xerox-altalink-b8200-series\/#breadcrumb","itemListElement":[{"@type":"ListItem","position":1,"name":"Home","item":"https:\/\/www.dopartners.be\/fr\/"},{"@type":"ListItem","position":2,"name":"Boutique","item":"https:\/\/www.dopartners.be\/fr\/shop\/"},{"@type":"ListItem","position":3,"name":"Imprimantes multifonctions Xerox\u00ae AltaLink\u00ae B8200 Series"}]},{"@type":"WebSite","@id":"https:\/\/www.dopartners.be\/fr\/#website","url":"https:\/\/www.dopartners.be\/fr\/","name":"D&amp;O Partners","description":"Concessionnaire Xerox autoris\u00e9 \u00e0 Bruxelles","publisher":{"@id":"https:\/\/www.dopartners.be\/fr\/#organization"},"alternateName":"DO Partners","potentialAction":[{"@type":"SearchAction","target":{"@type":"EntryPoint","urlTemplate":"https:\/\/www.dopartners.be\/fr\/?s={search_term_string}"},"query-input":{"@type":"PropertyValueSpecification","valueRequired":true,"valueName":"search_term_string"}}],"inLanguage":"fr-BE"},{"@type":"Organization","@id":"https:\/\/www.dopartners.be\/fr\/#organization","name":"DO PARTNERS","url":"https:\/\/www.dopartners.be\/fr\/","logo":{"@type":"ImageObject","inLanguage":"fr-BE","@id":"https:\/\/www.dopartners.be\/fr\/#\/schema\/logo\/image\/","url":"https:\/\/www.dopartners.be\/wp-content\/uploads\/2017\/11\/DO-partners-logo.png","contentUrl":"https:\/\/www.dopartners.be\/wp-content\/uploads\/2017\/11\/DO-partners-logo.png","width":135,"height":100,"caption":"DO PARTNERS"},"image":{"@id":"https:\/\/www.dopartners.be\/fr\/#\/schema\/logo\/image\/"},"sameAs":["https:\/\/www.facebook.com\/DOPartnersXerox","https:\/\/www.youtube.com\/@dopartners","https:\/\/www.linkedin.com\/company\/d&amp;o-partners\/"]}]}},"_links":{"self":[{"href":"https:\/\/www.dopartners.be\/fr\/wp-json\/wp\/v2\/product\/9157","targetHints":{"allow":["GET"]}}],"collection":[{"href":"https:\/\/www.dopartners.be\/fr\/wp-json\/wp\/v2\/product"}],"about":[{"href":"https:\/\/www.dopartners.be\/fr\/wp-json\/wp\/v2\/types\/product"}],"wp:featuredmedia":[{"embeddable":true,"href":"https:\/\/www.dopartners.be\/fr\/wp-json\/wp\/v2\/media\/9162"}],"wp:attachment":[{"href":"https:\/\/www.dopartners.be\/fr\/wp-json\/wp\/v2\/media?parent=9157"}],"wp:term":[{"taxonomy":"product_brand","embeddable":true,"href":"https:\/\/www.dopartners.be\/fr\/wp-json\/wp\/v2\/product_brand?post=9157"},{"taxonomy":"product_cat","embeddable":true,"href":"https:\/\/www.dopartners.be\/fr\/wp-json\/wp\/v2\/product_cat?post=9157"},{"taxonomy":"product_tag","embeddable":true,"href":"https:\/\/www.dopartners.be\/fr\/wp-json\/wp\/v2\/product_tag?post=9157"}],"curies":[{"name":"wp","href":"https:\/\/api.w.org\/{rel}","templated":true}]}}