{"id":9519,"date":"2024-10-17T09:22:09","date_gmt":"2024-10-17T07:22:09","guid":{"rendered":"https:\/\/www.dopartners.be\/?post_type=product&#038;p=9519"},"modified":"2025-09-22T10:23:17","modified_gmt":"2025-09-22T08:23:17","slug":"imprimante-multifonction-xerox-versalink-b625","status":"publish","type":"product","link":"https:\/\/www.dopartners.be\/fr\/produit\/imprimante-multifonction-xerox-versalink-b625\/","title":{"rendered":"Imprimante multifonction Xerox\u00ae VersaLink\u00ae B625"},"content":{"rendered":"<div class=\"wpb-content-wrapper\"><p>[vc_row content_placement=&#8221;top&#8221;][vc_column][vc_column_text woodmart_inline=&#8221;no&#8221; text_larger=&#8221;no&#8221;]<\/p>\n<table class=\"shop_attributes\">\n<tbody>\n<tr>\n<th>Mod\u00e8le<\/th>\n<td>VLB625<\/td>\n<\/tr>\n<tr>\n<th>Fonctions standard<\/th>\n<td>Copie, Courrier \u00e9lectronique, T\u00e9l\u00e9copie, Impression, Num\u00e9risation<\/td>\n<\/tr>\n<tr>\n<th>Fonctions d&#8217;intelligence artificielle (IA) en option<\/th>\n<td>Application Xerox\u00ae Auto-Redaction, Appli Xerox\u00ae Summarizer<\/td>\n<\/tr>\n<tr>\n<th>Vitesse d&#8217;impression<\/th>\n<td>Jusqu&#8217;\u00e0 61 ppm<\/td>\n<\/tr>\n<tr>\n<th>Capacit\u00e9 papier standard<\/th>\n<td>650 feuilles<\/td>\n<\/tr>\n<tr>\n<th>Capacit\u00e9 papier maximale<\/th>\n<td>3.850 feuilles<\/td>\n<\/tr>\n<tr>\n<th>Options d&#8217;entr\u00e9e<\/th>\n<td>Jusqu&#8217;\u00e0 3 bacs suppl\u00e9mentaires de 550 feuilles<\/td>\n<\/tr>\n<tr>\n<th>Sortie recto\/verso<\/th>\n<td>En standard<\/td>\n<\/tr>\n<tr>\n<th>Connectivit\u00e9 Wi-Fi<\/th>\n<td>En option<\/td>\n<\/tr>\n<tr>\n<th>D\u00e9veloppement Durable<\/th>\n<td>ENERGY STAR\u00ae<br \/>\nEPEAT<br \/>\nGreen World Alliance<\/td>\n<\/tr>\n<\/tbody>\n<\/table>\n<p>[\/vc_column_text][\/vc_column][\/vc_row]<\/p>\n<\/div>","protected":false},"excerpt":{"rendered":"<p>[vc_row content_placement=&#8221;top&#8221;][vc_column][vc_btn title=&#8221;T\u00e9l\u00e9charger la brochure&#8221; style=&#8221;flat&#8221; shape=&#8221;square&#8221; align=&#8221;left&#8221; i_icon_fontawesome=&#8221;fa fa-file-pdf-o&#8221; add_icon=&#8221;true&#8221; link=&#8221;url:\/wp-content\/uploads\/2024\/10\/imprimante-multifonction-xerox-versalink-b625.pdf||target:%20_blank|&#8221;][vc_column_text]<\/p>\n<p>Un Assistant en milieu de travail de taille id\u00e9ale, bas\u00e9 sur ConnectKey, qui d\u00e9passe les attentes.<\/p>\n<ul>\n<li>Imprimante multifonction noir et blanc avec prise en charge des formats A4<\/li>\n<li>La solution id\u00e9ale pour les groupes de travail de 5 \u00e0 20 utilisateurs<\/li>\n<li>Copie, impression, num\u00e9risation, t\u00e9l\u00e9copie, courrier \u00e9lectronique<\/li>\n<li>L&#8217;interface utilisateur intuitive de type tablette 7 po. permet de personnaliser, de simplifier et d&#8217;acc\u00e9l\u00e9rer les t\u00e2ches<\/li>\n<li>S\u00e9curit\u00e9 totale est int\u00e9gr\u00e9e.<\/li>\n<li>Les fonctionnalit\u00e9s mobiles facilitent la connexion et l&#8217;impression avec n&#8217;importe quel appareil<\/li>\n<li>Propuls\u00e9 par la technologie ConnectKey avec des applis et des solutions pour r\u00e9pondre aux besoins de chaque entreprise<\/li>\n<\/ul>\n<p>La Xerox VersaLink B625 est une imprimante multifonction hautes performances, con\u00e7ue pour les entreprises recherchant fiabilit\u00e9, rapidit\u00e9 et fonctionnalit\u00e9s avanc\u00e9es. \u00c9quip\u00e9e de la technologie Xerox ConnectKey\u00ae, elle s&#8217;int\u00e8gre parfaitement dans les environnements de travail hybrides gr\u00e2ce \u00e0 son design compact, sans compromis sur les fonctionnalit\u00e9s. La B625 prend en charge des t\u00e2ches telles que l&#8217;impression, la copie, la num\u00e9risation et la t\u00e9l\u00e9copie, tout en offrant une interface personnalisable de type tablette qui simplifie les workflows complexes. Son automatisation assist\u00e9e par l&#8217;intelligence artificielle apprend des habitudes des utilisateurs, priorisant les t\u00e2ches fr\u00e9quentes pour gagner du temps et am\u00e9liorer la productivit\u00e9.<\/p>\n<p>L&#8217;appareil est optimis\u00e9 pour la connectivit\u00e9 mobile et cloud, permettant une impression directe depuis des services tels qu&#8217;Apple AirPrint, Mopria et Wi-Fi Direct. Il s&#8217;int\u00e8gre \u00e9galement aux solutions de stockage dans le cloud comme Dropbox, OneDrive et Google Drive, offrant ainsi flexibilit\u00e9 et mobilit\u00e9 pour les espaces de travail modernes. La s\u00e9curit\u00e9 est une priorit\u00e9, avec des fonctionnalit\u00e9s avanc\u00e9es pour d\u00e9tecter, pr\u00e9venir et neutraliser les menaces, garantissant une protection compl\u00e8te des donn\u00e9es et des documents sensibles.<\/p>\n<p>Avec une r\u00e9solution allant jusqu&#8217;\u00e0 1200 x 1200 dpi, la B625 offre des impressions nettes et de haute qualit\u00e9. De plus, l&#8217;imprimante supporte des volumes d&#8217;impression importants, avec une capacit\u00e9 mensuelle pouvant atteindre 300 000 pages, ce qui la rend id\u00e9ale pour les environnements exigeants. Consciente des enjeux environnementaux, elle est fabriqu\u00e9e avec plus de 25 % de plastique recycl\u00e9 post-consommation et respecte les normes mondiales de performance environnementale, telles que ENERGY STAR et EPEAT.<\/p>\n<p>Cette imprimante offre une solution efficace et flexible pour les entreprises ayant besoin de fonctionnalit\u00e9s multifonction robustes et d&#8217;une technologie pr\u00eate pour l&#8217;avenir, garantissant des flux de travail simplifi\u00e9s et une productivit\u00e9 accrue.<\/p>\n","protected":false},"featured_media":11327,"template":"","meta":[],"product_brand":[],"product_cat":[19],"product_tag":[],"class_list":{"0":"post-9519","1":"product","2":"type-product","3":"status-publish","4":"has-post-thumbnail","6":"product_cat-imprimantes-bureau","8":"first","9":"instock","10":"shipping-taxable","11":"product-type-simple"},"yoast_head":"<!-- This site is optimized with the Yoast SEO plugin v25.9 - https:\/\/yoast.com\/wordpress\/plugins\/seo\/ -->\n<title>Imprimante multifonction Xerox\u00ae VersaLink\u00ae B625 - D&amp;O Partners<\/title>\n<meta name=\"robots\" content=\"index, follow, max-snippet:-1, max-image-preview:large, max-video-preview:-1\" \/>\n<link rel=\"canonical\" href=\"https:\/\/www.dopartners.be\/fr\/produit\/imprimante-multifonction-xerox-versalink-b625\/\" \/>\n<meta property=\"og:locale\" content=\"fr_FR\" \/>\n<meta property=\"og:type\" content=\"article\" \/>\n<meta property=\"og:title\" content=\"Imprimante multifonction Xerox\u00ae VersaLink\u00ae B625 - D&amp;O Partners\" \/>\n<meta property=\"og:description\" content=\"[vc_row content_placement=&quot;top&quot;][vc_column][vc_btn title=&quot;T\u00e9l\u00e9charger la brochure&quot; style=&quot;flat&quot; shape=&quot;square&quot; align=&quot;left&quot; i_icon_fontawesome=&quot;fa fa-file-pdf-o&quot; add_icon=&quot;true&quot; link=&quot;url:\/wp-content\/uploads\/2024\/10\/imprimante-multifonction-xerox-versalink-b625.pdf||target:%20_blank|&quot;][vc_column_text]  Un Assistant en milieu de travail de taille id\u00e9ale, bas\u00e9 sur ConnectKey, qui d\u00e9passe les attentes.   Imprimante multifonction noir et blanc avec prise en charge des formats A4  La solution id\u00e9ale pour les groupes de travail de 5 \u00e0 20 utilisateurs  Copie, impression, num\u00e9risation, t\u00e9l\u00e9copie, courrier \u00e9lectronique  L&#039;interface utilisateur intuitive de type tablette 7 po. permet de personnaliser, de simplifier et d&#039;acc\u00e9l\u00e9rer les t\u00e2ches  S\u00e9curit\u00e9 totale est int\u00e9gr\u00e9e.  Les fonctionnalit\u00e9s mobiles facilitent la connexion et l&#039;impression avec n&#039;importe quel appareil  Propuls\u00e9 par la technologie ConnectKey avec des applis et des solutions pour r\u00e9pondre aux besoins de chaque entreprise  La Xerox VersaLink B625 est une imprimante multifonction hautes performances, con\u00e7ue pour les entreprises recherchant fiabilit\u00e9, rapidit\u00e9 et fonctionnalit\u00e9s avanc\u00e9es. \u00c9quip\u00e9e de la technologie Xerox ConnectKey\u00ae, elle s&#039;int\u00e8gre parfaitement dans les environnements de travail hybrides gr\u00e2ce \u00e0 son design compact, sans compromis sur les fonctionnalit\u00e9s. La B625 prend en charge des t\u00e2ches telles que l&#039;impression, la copie, la num\u00e9risation et la t\u00e9l\u00e9copie, tout en offrant une interface personnalisable de type tablette qui simplifie les workflows complexes. Son automatisation assist\u00e9e par l&#039;intelligence artificielle apprend des habitudes des utilisateurs, priorisant les t\u00e2ches fr\u00e9quentes pour gagner du temps et am\u00e9liorer la productivit\u00e9.  L&#039;appareil est optimis\u00e9 pour la connectivit\u00e9 mobile et cloud, permettant une impression directe depuis des services tels qu&#039;Apple AirPrint, Mopria et Wi-Fi Direct. Il s&#039;int\u00e8gre \u00e9galement aux solutions de stockage dans le cloud comme Dropbox, OneDrive et Google Drive, offrant ainsi flexibilit\u00e9 et mobilit\u00e9 pour les espaces de travail modernes. La s\u00e9curit\u00e9 est une priorit\u00e9, avec des fonctionnalit\u00e9s avanc\u00e9es pour d\u00e9tecter, pr\u00e9venir et neutraliser les menaces, garantissant une protection compl\u00e8te des donn\u00e9es et des documents sensibles.  Avec une r\u00e9solution allant jusqu&#039;\u00e0 1200 x 1200 dpi, la B625 offre des impressions nettes et de haute qualit\u00e9. De plus, l&#039;imprimante supporte des volumes d&#039;impression importants, avec une capacit\u00e9 mensuelle pouvant atteindre 300 000 pages, ce qui la rend id\u00e9ale pour les environnements exigeants. Consciente des enjeux environnementaux, elle est fabriqu\u00e9e avec plus de 25 % de plastique recycl\u00e9 post-consommation et respecte les normes mondiales de performance environnementale, telles que ENERGY STAR et EPEAT.  Cette imprimante offre une solution efficace et flexible pour les entreprises ayant besoin de fonctionnalit\u00e9s multifonction robustes et d&#039;une technologie pr\u00eate pour l&#039;avenir, garantissant des flux de travail simplifi\u00e9s et une productivit\u00e9 accrue.\" \/>\n<meta property=\"og:url\" content=\"https:\/\/www.dopartners.be\/fr\/produit\/imprimante-multifonction-xerox-versalink-b625\/\" \/>\n<meta property=\"og:site_name\" content=\"D&amp;O Partners\" \/>\n<meta property=\"article:publisher\" content=\"https:\/\/www.facebook.com\/DOPartnersXerox\" \/>\n<meta property=\"article:modified_time\" content=\"2025-09-22T08:23:17+00:00\" \/>\n<meta property=\"og:image\" content=\"https:\/\/www.dopartners.be\/wp-content\/uploads\/2024\/10\/imprimante-multifonction-xerox-versalink-b625.webp\" \/>\n\t<meta property=\"og:image:width\" content=\"1200\" \/>\n\t<meta property=\"og:image:height\" content=\"1444\" \/>\n\t<meta property=\"og:image:type\" content=\"image\/webp\" \/>\n<meta name=\"twitter:card\" content=\"summary_large_image\" \/>\n<meta name=\"twitter:label1\" content=\"Dur\u00e9e de lecture est.\" \/>\n\t<meta name=\"twitter:data1\" content=\"1 minute\" \/>\n<script type=\"application\/ld+json\" class=\"yoast-schema-graph\">{\"@context\":\"https:\/\/schema.org\",\"@graph\":[{\"@type\":\"WebPage\",\"@id\":\"https:\/\/www.dopartners.be\/fr\/produit\/imprimante-multifonction-xerox-versalink-b625\/\",\"url\":\"https:\/\/www.dopartners.be\/fr\/produit\/imprimante-multifonction-xerox-versalink-b625\/\",\"name\":\"Imprimante multifonction Xerox\u00ae VersaLink\u00ae B625 - D&amp;O Partners\",\"isPartOf\":{\"@id\":\"https:\/\/www.dopartners.be\/fr\/#website\"},\"primaryImageOfPage\":{\"@id\":\"https:\/\/www.dopartners.be\/fr\/produit\/imprimante-multifonction-xerox-versalink-b625\/#primaryimage\"},\"image\":{\"@id\":\"https:\/\/www.dopartners.be\/fr\/produit\/imprimante-multifonction-xerox-versalink-b625\/#primaryimage\"},\"thumbnailUrl\":\"https:\/\/www.dopartners.be\/wp-content\/uploads\/2024\/10\/imprimante-multifonction-xerox-versalink-b625.webp\",\"datePublished\":\"2024-10-17T07:22:09+00:00\",\"dateModified\":\"2025-09-22T08:23:17+00:00\",\"breadcrumb\":{\"@id\":\"https:\/\/www.dopartners.be\/fr\/produit\/imprimante-multifonction-xerox-versalink-b625\/#breadcrumb\"},\"inLanguage\":\"fr-BE\",\"potentialAction\":[{\"@type\":\"ReadAction\",\"target\":[\"https:\/\/www.dopartners.be\/fr\/produit\/imprimante-multifonction-xerox-versalink-b625\/\"]}]},{\"@type\":\"ImageObject\",\"inLanguage\":\"fr-BE\",\"@id\":\"https:\/\/www.dopartners.be\/fr\/produit\/imprimante-multifonction-xerox-versalink-b625\/#primaryimage\",\"url\":\"https:\/\/www.dopartners.be\/wp-content\/uploads\/2024\/10\/imprimante-multifonction-xerox-versalink-b625.webp\",\"contentUrl\":\"https:\/\/www.dopartners.be\/wp-content\/uploads\/2024\/10\/imprimante-multifonction-xerox-versalink-b625.webp\",\"width\":1200,\"height\":1444,\"caption\":\"Imprimante multifonction Xerox avec \u00e9cran tactile, con\u00e7ue pour l\u2019impression, la copie, la num\u00e9risation et la gestion documentaire en entreprise.\"},{\"@type\":\"BreadcrumbList\",\"@id\":\"https:\/\/www.dopartners.be\/fr\/produit\/imprimante-multifonction-xerox-versalink-b625\/#breadcrumb\",\"itemListElement\":[{\"@type\":\"ListItem\",\"position\":1,\"name\":\"Home\",\"item\":\"https:\/\/www.dopartners.be\/fr\/\"},{\"@type\":\"ListItem\",\"position\":2,\"name\":\"Boutique\",\"item\":\"https:\/\/www.dopartners.be\/fr\/shop\/\"},{\"@type\":\"ListItem\",\"position\":3,\"name\":\"Imprimante multifonction Xerox\u00ae VersaLink\u00ae B625\"}]},{\"@type\":\"WebSite\",\"@id\":\"https:\/\/www.dopartners.be\/fr\/#website\",\"url\":\"https:\/\/www.dopartners.be\/fr\/\",\"name\":\"D&amp;O Partners\",\"description\":\"Concessionnaire Xerox autoris\u00e9 \u00e0 Bruxelles\",\"publisher\":{\"@id\":\"https:\/\/www.dopartners.be\/fr\/#organization\"},\"alternateName\":\"DO Partners\",\"potentialAction\":[{\"@type\":\"SearchAction\",\"target\":{\"@type\":\"EntryPoint\",\"urlTemplate\":\"https:\/\/www.dopartners.be\/fr\/?s={search_term_string}\"},\"query-input\":{\"@type\":\"PropertyValueSpecification\",\"valueRequired\":true,\"valueName\":\"search_term_string\"}}],\"inLanguage\":\"fr-BE\"},{\"@type\":\"Organization\",\"@id\":\"https:\/\/www.dopartners.be\/fr\/#organization\",\"name\":\"DO PARTNERS\",\"url\":\"https:\/\/www.dopartners.be\/fr\/\",\"logo\":{\"@type\":\"ImageObject\",\"inLanguage\":\"fr-BE\",\"@id\":\"https:\/\/www.dopartners.be\/fr\/#\/schema\/logo\/image\/\",\"url\":\"https:\/\/www.dopartners.be\/wp-content\/uploads\/2017\/11\/DO-partners-logo.png\",\"contentUrl\":\"https:\/\/www.dopartners.be\/wp-content\/uploads\/2017\/11\/DO-partners-logo.png\",\"width\":135,\"height\":100,\"caption\":\"DO PARTNERS\"},\"image\":{\"@id\":\"https:\/\/www.dopartners.be\/fr\/#\/schema\/logo\/image\/\"},\"sameAs\":[\"https:\/\/www.facebook.com\/DOPartnersXerox\",\"https:\/\/www.youtube.com\/@dopartners\",\"https:\/\/www.linkedin.com\/company\/d&amp;o-partners\/\"]}]}<\/script>\n<!-- \/ Yoast SEO plugin. -->","yoast_head_json":{"title":"Imprimante multifonction Xerox\u00ae VersaLink\u00ae B625 - D&amp;O Partners","robots":{"index":"index","follow":"follow","max-snippet":"max-snippet:-1","max-image-preview":"max-image-preview:large","max-video-preview":"max-video-preview:-1"},"canonical":"https:\/\/www.dopartners.be\/fr\/produit\/imprimante-multifonction-xerox-versalink-b625\/","og_locale":"fr_FR","og_type":"article","og_title":"Imprimante multifonction Xerox\u00ae VersaLink\u00ae B625 - D&amp;O Partners","og_description":"[vc_row content_placement=\"top\"][vc_column][vc_btn title=\"T\u00e9l\u00e9charger la brochure\" style=\"flat\" shape=\"square\" align=\"left\" i_icon_fontawesome=\"fa fa-file-pdf-o\" add_icon=\"true\" link=\"url:\/wp-content\/uploads\/2024\/10\/imprimante-multifonction-xerox-versalink-b625.pdf||target:%20_blank|\"][vc_column_text]  Un Assistant en milieu de travail de taille id\u00e9ale, bas\u00e9 sur ConnectKey, qui d\u00e9passe les attentes.   Imprimante multifonction noir et blanc avec prise en charge des formats A4  La solution id\u00e9ale pour les groupes de travail de 5 \u00e0 20 utilisateurs  Copie, impression, num\u00e9risation, t\u00e9l\u00e9copie, courrier \u00e9lectronique  L'interface utilisateur intuitive de type tablette 7 po. permet de personnaliser, de simplifier et d'acc\u00e9l\u00e9rer les t\u00e2ches  S\u00e9curit\u00e9 totale est int\u00e9gr\u00e9e.  Les fonctionnalit\u00e9s mobiles facilitent la connexion et l'impression avec n'importe quel appareil  Propuls\u00e9 par la technologie ConnectKey avec des applis et des solutions pour r\u00e9pondre aux besoins de chaque entreprise  La Xerox VersaLink B625 est une imprimante multifonction hautes performances, con\u00e7ue pour les entreprises recherchant fiabilit\u00e9, rapidit\u00e9 et fonctionnalit\u00e9s avanc\u00e9es. \u00c9quip\u00e9e de la technologie Xerox ConnectKey\u00ae, elle s'int\u00e8gre parfaitement dans les environnements de travail hybrides gr\u00e2ce \u00e0 son design compact, sans compromis sur les fonctionnalit\u00e9s. La B625 prend en charge des t\u00e2ches telles que l'impression, la copie, la num\u00e9risation et la t\u00e9l\u00e9copie, tout en offrant une interface personnalisable de type tablette qui simplifie les workflows complexes. Son automatisation assist\u00e9e par l'intelligence artificielle apprend des habitudes des utilisateurs, priorisant les t\u00e2ches fr\u00e9quentes pour gagner du temps et am\u00e9liorer la productivit\u00e9.  L'appareil est optimis\u00e9 pour la connectivit\u00e9 mobile et cloud, permettant une impression directe depuis des services tels qu'Apple AirPrint, Mopria et Wi-Fi Direct. Il s'int\u00e8gre \u00e9galement aux solutions de stockage dans le cloud comme Dropbox, OneDrive et Google Drive, offrant ainsi flexibilit\u00e9 et mobilit\u00e9 pour les espaces de travail modernes. La s\u00e9curit\u00e9 est une priorit\u00e9, avec des fonctionnalit\u00e9s avanc\u00e9es pour d\u00e9tecter, pr\u00e9venir et neutraliser les menaces, garantissant une protection compl\u00e8te des donn\u00e9es et des documents sensibles.  Avec une r\u00e9solution allant jusqu'\u00e0 1200 x 1200 dpi, la B625 offre des impressions nettes et de haute qualit\u00e9. De plus, l'imprimante supporte des volumes d'impression importants, avec une capacit\u00e9 mensuelle pouvant atteindre 300 000 pages, ce qui la rend id\u00e9ale pour les environnements exigeants. Consciente des enjeux environnementaux, elle est fabriqu\u00e9e avec plus de 25 % de plastique recycl\u00e9 post-consommation et respecte les normes mondiales de performance environnementale, telles que ENERGY STAR et EPEAT.  Cette imprimante offre une solution efficace et flexible pour les entreprises ayant besoin de fonctionnalit\u00e9s multifonction robustes et d'une technologie pr\u00eate pour l'avenir, garantissant des flux de travail simplifi\u00e9s et une productivit\u00e9 accrue.","og_url":"https:\/\/www.dopartners.be\/fr\/produit\/imprimante-multifonction-xerox-versalink-b625\/","og_site_name":"D&amp;O Partners","article_publisher":"https:\/\/www.facebook.com\/DOPartnersXerox","article_modified_time":"2025-09-22T08:23:17+00:00","og_image":[{"width":1200,"height":1444,"url":"https:\/\/www.dopartners.be\/wp-content\/uploads\/2024\/10\/imprimante-multifonction-xerox-versalink-b625.webp","type":"image\/webp"}],"twitter_card":"summary_large_image","twitter_misc":{"Dur\u00e9e de lecture est.":"1 minute"},"schema":{"@context":"https:\/\/schema.org","@graph":[{"@type":"WebPage","@id":"https:\/\/www.dopartners.be\/fr\/produit\/imprimante-multifonction-xerox-versalink-b625\/","url":"https:\/\/www.dopartners.be\/fr\/produit\/imprimante-multifonction-xerox-versalink-b625\/","name":"Imprimante multifonction Xerox\u00ae VersaLink\u00ae B625 - D&amp;O Partners","isPartOf":{"@id":"https:\/\/www.dopartners.be\/fr\/#website"},"primaryImageOfPage":{"@id":"https:\/\/www.dopartners.be\/fr\/produit\/imprimante-multifonction-xerox-versalink-b625\/#primaryimage"},"image":{"@id":"https:\/\/www.dopartners.be\/fr\/produit\/imprimante-multifonction-xerox-versalink-b625\/#primaryimage"},"thumbnailUrl":"https:\/\/www.dopartners.be\/wp-content\/uploads\/2024\/10\/imprimante-multifonction-xerox-versalink-b625.webp","datePublished":"2024-10-17T07:22:09+00:00","dateModified":"2025-09-22T08:23:17+00:00","breadcrumb":{"@id":"https:\/\/www.dopartners.be\/fr\/produit\/imprimante-multifonction-xerox-versalink-b625\/#breadcrumb"},"inLanguage":"fr-BE","potentialAction":[{"@type":"ReadAction","target":["https:\/\/www.dopartners.be\/fr\/produit\/imprimante-multifonction-xerox-versalink-b625\/"]}]},{"@type":"ImageObject","inLanguage":"fr-BE","@id":"https:\/\/www.dopartners.be\/fr\/produit\/imprimante-multifonction-xerox-versalink-b625\/#primaryimage","url":"https:\/\/www.dopartners.be\/wp-content\/uploads\/2024\/10\/imprimante-multifonction-xerox-versalink-b625.webp","contentUrl":"https:\/\/www.dopartners.be\/wp-content\/uploads\/2024\/10\/imprimante-multifonction-xerox-versalink-b625.webp","width":1200,"height":1444,"caption":"Imprimante multifonction Xerox avec \u00e9cran tactile, con\u00e7ue pour l\u2019impression, la copie, la num\u00e9risation et la gestion documentaire en entreprise."},{"@type":"BreadcrumbList","@id":"https:\/\/www.dopartners.be\/fr\/produit\/imprimante-multifonction-xerox-versalink-b625\/#breadcrumb","itemListElement":[{"@type":"ListItem","position":1,"name":"Home","item":"https:\/\/www.dopartners.be\/fr\/"},{"@type":"ListItem","position":2,"name":"Boutique","item":"https:\/\/www.dopartners.be\/fr\/shop\/"},{"@type":"ListItem","position":3,"name":"Imprimante multifonction Xerox\u00ae VersaLink\u00ae B625"}]},{"@type":"WebSite","@id":"https:\/\/www.dopartners.be\/fr\/#website","url":"https:\/\/www.dopartners.be\/fr\/","name":"D&amp;O Partners","description":"Concessionnaire Xerox autoris\u00e9 \u00e0 Bruxelles","publisher":{"@id":"https:\/\/www.dopartners.be\/fr\/#organization"},"alternateName":"DO Partners","potentialAction":[{"@type":"SearchAction","target":{"@type":"EntryPoint","urlTemplate":"https:\/\/www.dopartners.be\/fr\/?s={search_term_string}"},"query-input":{"@type":"PropertyValueSpecification","valueRequired":true,"valueName":"search_term_string"}}],"inLanguage":"fr-BE"},{"@type":"Organization","@id":"https:\/\/www.dopartners.be\/fr\/#organization","name":"DO PARTNERS","url":"https:\/\/www.dopartners.be\/fr\/","logo":{"@type":"ImageObject","inLanguage":"fr-BE","@id":"https:\/\/www.dopartners.be\/fr\/#\/schema\/logo\/image\/","url":"https:\/\/www.dopartners.be\/wp-content\/uploads\/2017\/11\/DO-partners-logo.png","contentUrl":"https:\/\/www.dopartners.be\/wp-content\/uploads\/2017\/11\/DO-partners-logo.png","width":135,"height":100,"caption":"DO PARTNERS"},"image":{"@id":"https:\/\/www.dopartners.be\/fr\/#\/schema\/logo\/image\/"},"sameAs":["https:\/\/www.facebook.com\/DOPartnersXerox","https:\/\/www.youtube.com\/@dopartners","https:\/\/www.linkedin.com\/company\/d&amp;o-partners\/"]}]}},"_links":{"self":[{"href":"https:\/\/www.dopartners.be\/fr\/wp-json\/wp\/v2\/product\/9519","targetHints":{"allow":["GET"]}}],"collection":[{"href":"https:\/\/www.dopartners.be\/fr\/wp-json\/wp\/v2\/product"}],"about":[{"href":"https:\/\/www.dopartners.be\/fr\/wp-json\/wp\/v2\/types\/product"}],"wp:featuredmedia":[{"embeddable":true,"href":"https:\/\/www.dopartners.be\/fr\/wp-json\/wp\/v2\/media\/11327"}],"wp:attachment":[{"href":"https:\/\/www.dopartners.be\/fr\/wp-json\/wp\/v2\/media?parent=9519"}],"wp:term":[{"taxonomy":"product_brand","embeddable":true,"href":"https:\/\/www.dopartners.be\/fr\/wp-json\/wp\/v2\/product_brand?post=9519"},{"taxonomy":"product_cat","embeddable":true,"href":"https:\/\/www.dopartners.be\/fr\/wp-json\/wp\/v2\/product_cat?post=9519"},{"taxonomy":"product_tag","embeddable":true,"href":"https:\/\/www.dopartners.be\/fr\/wp-json\/wp\/v2\/product_tag?post=9519"}],"curies":[{"name":"wp","href":"https:\/\/api.w.org\/{rel}","templated":true}]}}