{"id":9604,"date":"2024-11-07T14:07:46","date_gmt":"2024-11-07T13:07:46","guid":{"rendered":"https:\/\/www.dopartners.be\/?post_type=product&#038;p=9604"},"modified":"2025-09-26T11:39:40","modified_gmt":"2025-09-26T09:39:40","slug":"imprimante-xerox-primelink-c9200-series","status":"publish","type":"product","link":"https:\/\/www.dopartners.be\/fr\/produit\/imprimante-xerox-primelink-c9200-series\/","title":{"rendered":"Imprimante Xerox\u00ae PrimeLink\u00ae C9200 Series"},"content":{"rendered":"<div class=\"wpb-content-wrapper\"><p>[vc_row][vc_column][vc_tta_accordion style=&#8221;flat&#8221; color=&#8221;white&#8221; c_position=&#8221;right&#8221; active_section=&#8221;1&#8243; collapsible_all=&#8221;true&#8221;][vc_tta_section title=&#8221;PLC9265&#8243; tab_id=&#8221;1693921801249-271a1b86-fd6d90c3-c5689b53-a7a3&#8243;][vc_column_text woodmart_inline=&#8221;no&#8221; text_larger=&#8221;no&#8221;]<\/p>\n<table class=\"shop_attributes\">\n<tbody>\n<tr>\n<th>Fonctionnalit\u00e9s en standard<\/th>\n<td>Copie, impression, num\u00e9risation<\/td>\n<\/tr>\n<tr>\n<th>Fonctionnalit\u00e9s en option<\/th>\n<td>Fax, technologie Common Access Card, nombreuses options d\u2019alimentation et de finition<\/td>\n<\/tr>\n<tr>\n<th>Vitesse d&#8217;impression<\/th>\n<td>Couleur: jusqu&#8217;\u00e0 65 ppm<br \/>\nNoir: jusqu&#8217;\u00e0 65 ppm<\/td>\n<\/tr>\n<tr>\n<th>Volume mensuel moyen recommand\u00e9<\/th>\n<td>10.000 &#8211; 60.000 pages par mois<\/td>\n<\/tr>\n<tr>\n<th>Finition<\/th>\n<td>Agrafeuse, Cr\u00e9ation de cahier, Dispositifs de coupe, de fente et de pliage, Module de finition, Perforation<\/td>\n<\/tr>\n<tr>\n<th>D\u00e9veloppement Durable<\/th>\n<td>Green World Alliance<\/td>\n<\/tr>\n<\/tbody>\n<\/table>\n<p>[\/vc_column_text][\/vc_tta_section][vc_tta_section title=&#8221;PLC9275&#8243; tab_id=&#8221;1730984476639-e504519f-fdb3&#8243;][vc_column_text woodmart_inline=&#8221;no&#8221; text_larger=&#8221;no&#8221;]<\/p>\n<table class=\"shop_attributes\">\n<tbody>\n<tr>\n<th>Fonctionnalit\u00e9s en standard<\/th>\n<td>Copie, Impression, Num\u00e9risation<\/td>\n<\/tr>\n<tr>\n<th>Fonctionnalit\u00e9s en option<\/th>\n<td>Fax, technologie Common Access Card, nombreuses options d\u2019alimentation et de finition<\/td>\n<\/tr>\n<tr>\n<th>Vitesse d&#8217;impression<\/th>\n<td>Couleur: jusqu&#8217;\u00e0 75 ppm<br \/>\nNoir: jusqu&#8217;\u00e0 75 ppm<\/td>\n<\/tr>\n<tr>\n<th>Volume mensuel moyen recommand\u00e9<\/th>\n<td>10.000 &#8211; 60.000 pages par mois<\/td>\n<\/tr>\n<tr>\n<th>Finition<\/th>\n<td>Agrafeuse, Cr\u00e9ation de cahier, Dispositifs de coupe, de fente et de pliage, Module de finition, Perforation<\/td>\n<\/tr>\n<tr>\n<th>D\u00e9veloppement Durable<\/th>\n<td>Green World Alliance<\/td>\n<\/tr>\n<\/tbody>\n<\/table>\n<p>[\/vc_column_text][\/vc_tta_section][vc_tta_section title=&#8221;PLC9281&#8243; tab_id=&#8221;1730984504665-ec703b4a-31b3&#8243;][vc_column_text woodmart_inline=&#8221;no&#8221; text_larger=&#8221;no&#8221;]<\/p>\n<table class=\"shop_attributes\">\n<tbody>\n<tr>\n<th>Fonctionnalit\u00e9s en standard<\/th>\n<td>Copie, Impression, Num\u00e9risation<\/td>\n<\/tr>\n<tr>\n<th>Fonctionnalit\u00e9s en option<\/th>\n<td>Fax, technologie Common Access Card, nombreuses options d\u2019alimentation et de finition<\/td>\n<\/tr>\n<tr>\n<th>Vitesse d&#8217;impression<\/th>\n<td>Couleur: jusqu&#8217;\u00e0 81 ppm<br \/>\nNoir: jusqu&#8217;\u00e0 81 ppm<\/td>\n<\/tr>\n<tr>\n<th>Volume mensuel moyen recommand\u00e9<\/th>\n<td>10.000 &#8211; 60.000 pages par mois<\/td>\n<\/tr>\n<tr>\n<th>Finition<\/th>\n<td>Agrafeuse, Cr\u00e9ation de cahier, Dispositifs de coupe, de fente et de pliage, Module de finition, Perforation<\/td>\n<\/tr>\n<tr>\n<th>D\u00e9veloppement Durable<\/th>\n<td>Green World Alliance<\/td>\n<\/tr>\n<\/tbody>\n<\/table>\n<p>[\/vc_column_text][\/vc_tta_section][\/vc_tta_accordion][\/vc_column][\/vc_row]<\/p>\n<\/div>","protected":false},"excerpt":{"rendered":"<p>[vc_row content_placement=&#8221;top&#8221;][vc_column][vc_btn title=&#8221;T\u00e9l\u00e9charger la brochure&#8221; style=&#8221;flat&#8221; shape=&#8221;square&#8221; align=&#8221;left&#8221; i_icon_fontawesome=&#8221;fa fa-file-pdf-o&#8221; add_icon=&#8221;true&#8221; link=&#8221;url:\/wp-content\/uploads\/2024\/11\/imprimante-primelink-c9200-series-xerox-belgique_dopartners.pdf||target:%20_blank|&#8221;][vc_column_text]<\/p>\n<p>Tout est possible. N\u2019importe qui peut imprimer comme un pro.<\/p>\n<ul>\n<li>Des r\u00e9sultats somptueux gr\u00e2ce \u00e0 la technologie d\u2019impression LED et au toner EA HD pour une qualit\u00e9 d\u2019image exceptionnelle r\u00e9p\u00e9table<\/li>\n<li>Large choix de finitions et de supports, des enveloppes aux feuilles extra longues (1m30) jusqu\u2019\u00e0 400 g<\/li>\n<li>Des flux de production performants, sans effort, avec un choix de vitesse (65 \/ 75 \/ 81 ppm)<\/li>\n<li>Int\u00e9gration facile avec les workflows Xerox\u00ae FreeFlow\u00ae et les serveurs d\u2019impression Fiery (en option) ou le serveur d\u2019impression int\u00e9gr\u00e9 Xerox (en standard)<\/li>\n<li>Personnalisation de campagnes marketing avec XMPie\u00ae<\/li>\n<li>S\u00e9curit\u00e9 totale est int\u00e9gr\u00e9e.<\/li>\n<\/ul>\n<p>La s\u00e9rie Xerox PrimeLink C9200, incluant les mod\u00e8les C9265, C9275 et C9281, est con\u00e7ue pour les environnements professionnels exigeant des performances de production l\u00e9g\u00e8res. Offrant une qualit\u00e9 d&#8217;impression exceptionnelle avec une r\u00e9solution de 2400 x 2400 dpi, cette s\u00e9rie produit des images nettes et des couleurs riches gr\u00e2ce au toner HD-EA de Xerox. Les vitesses d&#8217;impression varient selon le mod\u00e8le, atteignant jusqu&#8217;\u00e0 65 pages par minute pour le C9265, 75 pages par minute pour le C9275, et 81 pages par minute pour le C9281, permettant \u00e0 chaque configuration de r\u00e9pondre aux besoins de volumes d&#8217;impression \u00e9lev\u00e9s, jusqu&#8217;\u00e0 300 000 pages par mois.<\/p>\n<p>Les PrimeLink C9265, C9275 et C9281 g\u00e8rent des grammages allant jusqu&#8217;\u00e0 400 g\/m\u00b2 et des formats extra-longs (XLS) de 1300 mm, garantissant une flexibilit\u00e9 pour des applications vari\u00e9es, de la papeterie aux banni\u00e8res grand format. Leur interface utilisateur de type tablette est intuitive, simplifiant chaque \u00e9tape de la production. Les solutions FreeFlow\u00ae de Xerox permettent une automatisation avanc\u00e9e des t\u00e2ches et des workflows optimis\u00e9s, am\u00e9liorant la productivit\u00e9 dans les environnements les plus dynamiques.<\/p>\n<p>Compatibles avec les solutions Cloud et la gestion \u00e0 distance, les imprimantes de la s\u00e9rie PrimeLink C9200 int\u00e8grent aussi l&#8217;impression mobile via l&#8217;application Xerox\u00ae @PrintByXerox, rendant l&#8217;impression accessible depuis n&#8217;importe quel appareil. Chacun de ces mod\u00e8les offre une grande vari\u00e9t\u00e9 d&#8217;options de finition, incluant l&#8217;agrafage, le pliage, le rainage, et le rognage, permettant de r\u00e9pondre aux besoins de production les plus divers.<\/p>\n<p>Avec des fonctions de s\u00e9curit\u00e9 avanc\u00e9es, comme le filtrage IP et l&#8217;authentification, la s\u00e9rie PrimeLink C9200 prot\u00e8ge les donn\u00e9es et documents sensibles, offrant une solution fiable pour les entreprises. En outre, ces imprimantes sont \u00e9co\u00e9nerg\u00e9tiques, dot\u00e9es de la technologie LED et de composants recyclables, ce qui en fait une option durable pour les entreprises souhaitant minimiser leur impact environnemental.<\/p>\n","protected":false},"featured_media":9611,"template":"","meta":[],"product_brand":[],"product_cat":[20,21],"product_tag":[],"class_list":{"0":"post-9604","1":"product","2":"type-product","3":"status-publish","4":"has-post-thumbnail","6":"product_cat-multifonctions","7":"product_cat-production-presse-numerique","9":"first","10":"instock","11":"shipping-taxable","12":"product-type-simple"},"yoast_head":"<!-- This site is optimized with the Yoast SEO plugin v25.9 - https:\/\/yoast.com\/wordpress\/plugins\/seo\/ -->\n<title>Imprimante Xerox\u00ae PrimeLink\u00ae C9200 Series - D&amp;O Partners<\/title>\n<meta name=\"robots\" content=\"index, follow, max-snippet:-1, max-image-preview:large, max-video-preview:-1\" \/>\n<link rel=\"canonical\" href=\"https:\/\/www.dopartners.be\/fr\/produit\/imprimante-xerox-primelink-c9200-series\/\" \/>\n<meta property=\"og:locale\" content=\"fr_FR\" \/>\n<meta property=\"og:type\" content=\"article\" \/>\n<meta property=\"og:title\" content=\"Imprimante Xerox\u00ae PrimeLink\u00ae C9200 Series - D&amp;O Partners\" \/>\n<meta property=\"og:description\" content=\"[vc_row content_placement=&quot;top&quot;][vc_column][vc_btn title=&quot;T\u00e9l\u00e9charger la brochure&quot; style=&quot;flat&quot; shape=&quot;square&quot; align=&quot;left&quot; i_icon_fontawesome=&quot;fa fa-file-pdf-o&quot; add_icon=&quot;true&quot; link=&quot;url:\/wp-content\/uploads\/2024\/11\/imprimante-primelink-c9200-series-xerox-belgique_dopartners.pdf||target:%20_blank|&quot;][vc_column_text]  Tout est possible. N\u2019importe qui peut imprimer comme un pro.   Des r\u00e9sultats somptueux gr\u00e2ce \u00e0 la technologie d\u2019impression LED et au toner EA HD pour une qualit\u00e9 d\u2019image exceptionnelle r\u00e9p\u00e9table  Large choix de finitions et de supports, des enveloppes aux feuilles extra longues (1m30) jusqu\u2019\u00e0 400 g  Des flux de production performants, sans effort, avec un choix de vitesse (65 \/ 75 \/ 81 ppm)  Int\u00e9gration facile avec les workflows Xerox\u00ae FreeFlow\u00ae et les serveurs d\u2019impression Fiery (en option) ou le serveur d\u2019impression int\u00e9gr\u00e9 Xerox (en standard)  Personnalisation de campagnes marketing avec XMPie\u00ae  S\u00e9curit\u00e9 totale est int\u00e9gr\u00e9e.  La s\u00e9rie Xerox PrimeLink C9200, incluant les mod\u00e8les C9265, C9275 et C9281, est con\u00e7ue pour les environnements professionnels exigeant des performances de production l\u00e9g\u00e8res. Offrant une qualit\u00e9 d&#039;impression exceptionnelle avec une r\u00e9solution de 2400 x 2400 dpi, cette s\u00e9rie produit des images nettes et des couleurs riches gr\u00e2ce au toner HD-EA de Xerox. Les vitesses d&#039;impression varient selon le mod\u00e8le, atteignant jusqu&#039;\u00e0 65 pages par minute pour le C9265, 75 pages par minute pour le C9275, et 81 pages par minute pour le C9281, permettant \u00e0 chaque configuration de r\u00e9pondre aux besoins de volumes d&#039;impression \u00e9lev\u00e9s, jusqu&#039;\u00e0 300 000 pages par mois.  Les PrimeLink C9265, C9275 et C9281 g\u00e8rent des grammages allant jusqu&#039;\u00e0 400 g\/m\u00b2 et des formats extra-longs (XLS) de 1300 mm, garantissant une flexibilit\u00e9 pour des applications vari\u00e9es, de la papeterie aux banni\u00e8res grand format. Leur interface utilisateur de type tablette est intuitive, simplifiant chaque \u00e9tape de la production. Les solutions FreeFlow\u00ae de Xerox permettent une automatisation avanc\u00e9e des t\u00e2ches et des workflows optimis\u00e9s, am\u00e9liorant la productivit\u00e9 dans les environnements les plus dynamiques.  Compatibles avec les solutions Cloud et la gestion \u00e0 distance, les imprimantes de la s\u00e9rie PrimeLink C9200 int\u00e8grent aussi l&#039;impression mobile via l&#039;application Xerox\u00ae @PrintByXerox, rendant l&#039;impression accessible depuis n&#039;importe quel appareil. Chacun de ces mod\u00e8les offre une grande vari\u00e9t\u00e9 d&#039;options de finition, incluant l&#039;agrafage, le pliage, le rainage, et le rognage, permettant de r\u00e9pondre aux besoins de production les plus divers.  Avec des fonctions de s\u00e9curit\u00e9 avanc\u00e9es, comme le filtrage IP et l&#039;authentification, la s\u00e9rie PrimeLink C9200 prot\u00e8ge les donn\u00e9es et documents sensibles, offrant une solution fiable pour les entreprises. En outre, ces imprimantes sont \u00e9co\u00e9nerg\u00e9tiques, dot\u00e9es de la technologie LED et de composants recyclables, ce qui en fait une option durable pour les entreprises souhaitant minimiser leur impact environnemental.\" \/>\n<meta property=\"og:url\" content=\"https:\/\/www.dopartners.be\/fr\/produit\/imprimante-xerox-primelink-c9200-series\/\" \/>\n<meta property=\"og:site_name\" content=\"D&amp;O Partners\" \/>\n<meta property=\"article:publisher\" content=\"https:\/\/www.facebook.com\/DOPartnersXerox\" \/>\n<meta property=\"article:modified_time\" content=\"2025-09-26T09:39:40+00:00\" \/>\n<meta property=\"og:image\" content=\"https:\/\/www.dopartners.be\/wp-content\/uploads\/2024\/11\/Xerox-PrimeLink-C9200-Series.webp\" \/>\n\t<meta property=\"og:image:width\" content=\"1200\" \/>\n\t<meta property=\"og:image:height\" content=\"1444\" \/>\n\t<meta property=\"og:image:type\" content=\"image\/webp\" \/>\n<meta name=\"twitter:card\" content=\"summary_large_image\" \/>\n<meta name=\"twitter:label1\" content=\"Dur\u00e9e de lecture est.\" \/>\n\t<meta name=\"twitter:data1\" content=\"2 minutes\" \/>\n<script type=\"application\/ld+json\" class=\"yoast-schema-graph\">{\"@context\":\"https:\/\/schema.org\",\"@graph\":[{\"@type\":\"WebPage\",\"@id\":\"https:\/\/www.dopartners.be\/fr\/produit\/imprimante-xerox-primelink-c9200-series\/\",\"url\":\"https:\/\/www.dopartners.be\/fr\/produit\/imprimante-xerox-primelink-c9200-series\/\",\"name\":\"Imprimante Xerox\u00ae PrimeLink\u00ae C9200 Series - D&amp;O Partners\",\"isPartOf\":{\"@id\":\"https:\/\/www.dopartners.be\/fr\/#website\"},\"primaryImageOfPage\":{\"@id\":\"https:\/\/www.dopartners.be\/fr\/produit\/imprimante-xerox-primelink-c9200-series\/#primaryimage\"},\"image\":{\"@id\":\"https:\/\/www.dopartners.be\/fr\/produit\/imprimante-xerox-primelink-c9200-series\/#primaryimage\"},\"thumbnailUrl\":\"https:\/\/www.dopartners.be\/wp-content\/uploads\/2024\/11\/Xerox-PrimeLink-C9200-Series.webp\",\"datePublished\":\"2024-11-07T13:07:46+00:00\",\"dateModified\":\"2025-09-26T09:39:40+00:00\",\"breadcrumb\":{\"@id\":\"https:\/\/www.dopartners.be\/fr\/produit\/imprimante-xerox-primelink-c9200-series\/#breadcrumb\"},\"inLanguage\":\"fr-BE\",\"potentialAction\":[{\"@type\":\"ReadAction\",\"target\":[\"https:\/\/www.dopartners.be\/fr\/produit\/imprimante-xerox-primelink-c9200-series\/\"]}]},{\"@type\":\"ImageObject\",\"inLanguage\":\"fr-BE\",\"@id\":\"https:\/\/www.dopartners.be\/fr\/produit\/imprimante-xerox-primelink-c9200-series\/#primaryimage\",\"url\":\"https:\/\/www.dopartners.be\/wp-content\/uploads\/2024\/11\/Xerox-PrimeLink-C9200-Series.webp\",\"contentUrl\":\"https:\/\/www.dopartners.be\/wp-content\/uploads\/2024\/11\/Xerox-PrimeLink-C9200-Series.webp\",\"width\":1200,\"height\":1444,\"caption\":\"Xerox PrimeLink C9200 Series 3 professional multifunction printer with advanced finishing options, printing high-quality color documents.\"},{\"@type\":\"BreadcrumbList\",\"@id\":\"https:\/\/www.dopartners.be\/fr\/produit\/imprimante-xerox-primelink-c9200-series\/#breadcrumb\",\"itemListElement\":[{\"@type\":\"ListItem\",\"position\":1,\"name\":\"Home\",\"item\":\"https:\/\/www.dopartners.be\/fr\/\"},{\"@type\":\"ListItem\",\"position\":2,\"name\":\"Boutique\",\"item\":\"https:\/\/www.dopartners.be\/fr\/shop\/\"},{\"@type\":\"ListItem\",\"position\":3,\"name\":\"Imprimante Xerox\u00ae PrimeLink\u00ae C9200 Series\"}]},{\"@type\":\"WebSite\",\"@id\":\"https:\/\/www.dopartners.be\/fr\/#website\",\"url\":\"https:\/\/www.dopartners.be\/fr\/\",\"name\":\"D&amp;O Partners\",\"description\":\"Concessionnaire Xerox autoris\u00e9 \u00e0 Bruxelles\",\"publisher\":{\"@id\":\"https:\/\/www.dopartners.be\/fr\/#organization\"},\"alternateName\":\"DO Partners\",\"potentialAction\":[{\"@type\":\"SearchAction\",\"target\":{\"@type\":\"EntryPoint\",\"urlTemplate\":\"https:\/\/www.dopartners.be\/fr\/?s={search_term_string}\"},\"query-input\":{\"@type\":\"PropertyValueSpecification\",\"valueRequired\":true,\"valueName\":\"search_term_string\"}}],\"inLanguage\":\"fr-BE\"},{\"@type\":\"Organization\",\"@id\":\"https:\/\/www.dopartners.be\/fr\/#organization\",\"name\":\"DO PARTNERS\",\"url\":\"https:\/\/www.dopartners.be\/fr\/\",\"logo\":{\"@type\":\"ImageObject\",\"inLanguage\":\"fr-BE\",\"@id\":\"https:\/\/www.dopartners.be\/fr\/#\/schema\/logo\/image\/\",\"url\":\"https:\/\/www.dopartners.be\/wp-content\/uploads\/2017\/11\/DO-partners-logo.png\",\"contentUrl\":\"https:\/\/www.dopartners.be\/wp-content\/uploads\/2017\/11\/DO-partners-logo.png\",\"width\":135,\"height\":100,\"caption\":\"DO PARTNERS\"},\"image\":{\"@id\":\"https:\/\/www.dopartners.be\/fr\/#\/schema\/logo\/image\/\"},\"sameAs\":[\"https:\/\/www.facebook.com\/DOPartnersXerox\",\"https:\/\/www.youtube.com\/@dopartners\",\"https:\/\/www.linkedin.com\/company\/d&amp;o-partners\/\"]}]}<\/script>\n<!-- \/ Yoast SEO plugin. -->","yoast_head_json":{"title":"Imprimante Xerox\u00ae PrimeLink\u00ae C9200 Series - D&amp;O Partners","robots":{"index":"index","follow":"follow","max-snippet":"max-snippet:-1","max-image-preview":"max-image-preview:large","max-video-preview":"max-video-preview:-1"},"canonical":"https:\/\/www.dopartners.be\/fr\/produit\/imprimante-xerox-primelink-c9200-series\/","og_locale":"fr_FR","og_type":"article","og_title":"Imprimante Xerox\u00ae PrimeLink\u00ae C9200 Series - D&amp;O Partners","og_description":"[vc_row content_placement=\"top\"][vc_column][vc_btn title=\"T\u00e9l\u00e9charger la brochure\" style=\"flat\" shape=\"square\" align=\"left\" i_icon_fontawesome=\"fa fa-file-pdf-o\" add_icon=\"true\" link=\"url:\/wp-content\/uploads\/2024\/11\/imprimante-primelink-c9200-series-xerox-belgique_dopartners.pdf||target:%20_blank|\"][vc_column_text]  Tout est possible. N\u2019importe qui peut imprimer comme un pro.   Des r\u00e9sultats somptueux gr\u00e2ce \u00e0 la technologie d\u2019impression LED et au toner EA HD pour une qualit\u00e9 d\u2019image exceptionnelle r\u00e9p\u00e9table  Large choix de finitions et de supports, des enveloppes aux feuilles extra longues (1m30) jusqu\u2019\u00e0 400 g  Des flux de production performants, sans effort, avec un choix de vitesse (65 \/ 75 \/ 81 ppm)  Int\u00e9gration facile avec les workflows Xerox\u00ae FreeFlow\u00ae et les serveurs d\u2019impression Fiery (en option) ou le serveur d\u2019impression int\u00e9gr\u00e9 Xerox (en standard)  Personnalisation de campagnes marketing avec XMPie\u00ae  S\u00e9curit\u00e9 totale est int\u00e9gr\u00e9e.  La s\u00e9rie Xerox PrimeLink C9200, incluant les mod\u00e8les C9265, C9275 et C9281, est con\u00e7ue pour les environnements professionnels exigeant des performances de production l\u00e9g\u00e8res. Offrant une qualit\u00e9 d'impression exceptionnelle avec une r\u00e9solution de 2400 x 2400 dpi, cette s\u00e9rie produit des images nettes et des couleurs riches gr\u00e2ce au toner HD-EA de Xerox. Les vitesses d'impression varient selon le mod\u00e8le, atteignant jusqu'\u00e0 65 pages par minute pour le C9265, 75 pages par minute pour le C9275, et 81 pages par minute pour le C9281, permettant \u00e0 chaque configuration de r\u00e9pondre aux besoins de volumes d'impression \u00e9lev\u00e9s, jusqu'\u00e0 300 000 pages par mois.  Les PrimeLink C9265, C9275 et C9281 g\u00e8rent des grammages allant jusqu'\u00e0 400 g\/m\u00b2 et des formats extra-longs (XLS) de 1300 mm, garantissant une flexibilit\u00e9 pour des applications vari\u00e9es, de la papeterie aux banni\u00e8res grand format. Leur interface utilisateur de type tablette est intuitive, simplifiant chaque \u00e9tape de la production. Les solutions FreeFlow\u00ae de Xerox permettent une automatisation avanc\u00e9e des t\u00e2ches et des workflows optimis\u00e9s, am\u00e9liorant la productivit\u00e9 dans les environnements les plus dynamiques.  Compatibles avec les solutions Cloud et la gestion \u00e0 distance, les imprimantes de la s\u00e9rie PrimeLink C9200 int\u00e8grent aussi l'impression mobile via l'application Xerox\u00ae @PrintByXerox, rendant l'impression accessible depuis n'importe quel appareil. Chacun de ces mod\u00e8les offre une grande vari\u00e9t\u00e9 d'options de finition, incluant l'agrafage, le pliage, le rainage, et le rognage, permettant de r\u00e9pondre aux besoins de production les plus divers.  Avec des fonctions de s\u00e9curit\u00e9 avanc\u00e9es, comme le filtrage IP et l'authentification, la s\u00e9rie PrimeLink C9200 prot\u00e8ge les donn\u00e9es et documents sensibles, offrant une solution fiable pour les entreprises. En outre, ces imprimantes sont \u00e9co\u00e9nerg\u00e9tiques, dot\u00e9es de la technologie LED et de composants recyclables, ce qui en fait une option durable pour les entreprises souhaitant minimiser leur impact environnemental.","og_url":"https:\/\/www.dopartners.be\/fr\/produit\/imprimante-xerox-primelink-c9200-series\/","og_site_name":"D&amp;O Partners","article_publisher":"https:\/\/www.facebook.com\/DOPartnersXerox","article_modified_time":"2025-09-26T09:39:40+00:00","og_image":[{"width":1200,"height":1444,"url":"https:\/\/www.dopartners.be\/wp-content\/uploads\/2024\/11\/Xerox-PrimeLink-C9200-Series.webp","type":"image\/webp"}],"twitter_card":"summary_large_image","twitter_misc":{"Dur\u00e9e de lecture est.":"2 minutes"},"schema":{"@context":"https:\/\/schema.org","@graph":[{"@type":"WebPage","@id":"https:\/\/www.dopartners.be\/fr\/produit\/imprimante-xerox-primelink-c9200-series\/","url":"https:\/\/www.dopartners.be\/fr\/produit\/imprimante-xerox-primelink-c9200-series\/","name":"Imprimante Xerox\u00ae PrimeLink\u00ae C9200 Series - D&amp;O Partners","isPartOf":{"@id":"https:\/\/www.dopartners.be\/fr\/#website"},"primaryImageOfPage":{"@id":"https:\/\/www.dopartners.be\/fr\/produit\/imprimante-xerox-primelink-c9200-series\/#primaryimage"},"image":{"@id":"https:\/\/www.dopartners.be\/fr\/produit\/imprimante-xerox-primelink-c9200-series\/#primaryimage"},"thumbnailUrl":"https:\/\/www.dopartners.be\/wp-content\/uploads\/2024\/11\/Xerox-PrimeLink-C9200-Series.webp","datePublished":"2024-11-07T13:07:46+00:00","dateModified":"2025-09-26T09:39:40+00:00","breadcrumb":{"@id":"https:\/\/www.dopartners.be\/fr\/produit\/imprimante-xerox-primelink-c9200-series\/#breadcrumb"},"inLanguage":"fr-BE","potentialAction":[{"@type":"ReadAction","target":["https:\/\/www.dopartners.be\/fr\/produit\/imprimante-xerox-primelink-c9200-series\/"]}]},{"@type":"ImageObject","inLanguage":"fr-BE","@id":"https:\/\/www.dopartners.be\/fr\/produit\/imprimante-xerox-primelink-c9200-series\/#primaryimage","url":"https:\/\/www.dopartners.be\/wp-content\/uploads\/2024\/11\/Xerox-PrimeLink-C9200-Series.webp","contentUrl":"https:\/\/www.dopartners.be\/wp-content\/uploads\/2024\/11\/Xerox-PrimeLink-C9200-Series.webp","width":1200,"height":1444,"caption":"Xerox PrimeLink C9200 Series 3 professional multifunction printer with advanced finishing options, printing high-quality color documents."},{"@type":"BreadcrumbList","@id":"https:\/\/www.dopartners.be\/fr\/produit\/imprimante-xerox-primelink-c9200-series\/#breadcrumb","itemListElement":[{"@type":"ListItem","position":1,"name":"Home","item":"https:\/\/www.dopartners.be\/fr\/"},{"@type":"ListItem","position":2,"name":"Boutique","item":"https:\/\/www.dopartners.be\/fr\/shop\/"},{"@type":"ListItem","position":3,"name":"Imprimante Xerox\u00ae PrimeLink\u00ae C9200 Series"}]},{"@type":"WebSite","@id":"https:\/\/www.dopartners.be\/fr\/#website","url":"https:\/\/www.dopartners.be\/fr\/","name":"D&amp;O Partners","description":"Concessionnaire Xerox autoris\u00e9 \u00e0 Bruxelles","publisher":{"@id":"https:\/\/www.dopartners.be\/fr\/#organization"},"alternateName":"DO Partners","potentialAction":[{"@type":"SearchAction","target":{"@type":"EntryPoint","urlTemplate":"https:\/\/www.dopartners.be\/fr\/?s={search_term_string}"},"query-input":{"@type":"PropertyValueSpecification","valueRequired":true,"valueName":"search_term_string"}}],"inLanguage":"fr-BE"},{"@type":"Organization","@id":"https:\/\/www.dopartners.be\/fr\/#organization","name":"DO PARTNERS","url":"https:\/\/www.dopartners.be\/fr\/","logo":{"@type":"ImageObject","inLanguage":"fr-BE","@id":"https:\/\/www.dopartners.be\/fr\/#\/schema\/logo\/image\/","url":"https:\/\/www.dopartners.be\/wp-content\/uploads\/2017\/11\/DO-partners-logo.png","contentUrl":"https:\/\/www.dopartners.be\/wp-content\/uploads\/2017\/11\/DO-partners-logo.png","width":135,"height":100,"caption":"DO PARTNERS"},"image":{"@id":"https:\/\/www.dopartners.be\/fr\/#\/schema\/logo\/image\/"},"sameAs":["https:\/\/www.facebook.com\/DOPartnersXerox","https:\/\/www.youtube.com\/@dopartners","https:\/\/www.linkedin.com\/company\/d&amp;o-partners\/"]}]}},"_links":{"self":[{"href":"https:\/\/www.dopartners.be\/fr\/wp-json\/wp\/v2\/product\/9604","targetHints":{"allow":["GET"]}}],"collection":[{"href":"https:\/\/www.dopartners.be\/fr\/wp-json\/wp\/v2\/product"}],"about":[{"href":"https:\/\/www.dopartners.be\/fr\/wp-json\/wp\/v2\/types\/product"}],"wp:featuredmedia":[{"embeddable":true,"href":"https:\/\/www.dopartners.be\/fr\/wp-json\/wp\/v2\/media\/9611"}],"wp:attachment":[{"href":"https:\/\/www.dopartners.be\/fr\/wp-json\/wp\/v2\/media?parent=9604"}],"wp:term":[{"taxonomy":"product_brand","embeddable":true,"href":"https:\/\/www.dopartners.be\/fr\/wp-json\/wp\/v2\/product_brand?post=9604"},{"taxonomy":"product_cat","embeddable":true,"href":"https:\/\/www.dopartners.be\/fr\/wp-json\/wp\/v2\/product_cat?post=9604"},{"taxonomy":"product_tag","embeddable":true,"href":"https:\/\/www.dopartners.be\/fr\/wp-json\/wp\/v2\/product_tag?post=9604"}],"curies":[{"name":"wp","href":"https:\/\/api.w.org\/{rel}","templated":true}]}}