{"id":3997,"date":"2020-07-11T10:39:24","date_gmt":"2020-07-11T08:39:24","guid":{"rendered":"https:\/\/www.dopartners.be\/?post_type=product&#038;p=3997"},"modified":"2024-06-17T11:54:07","modified_gmt":"2024-06-17T09:54:07","slug":"serie-altalink-c8100","status":"publish","type":"product","link":"https:\/\/www.dopartners.be\/nl\/produit\/serie-altalink-c8100\/","title":{"rendered":"AltaLink C8100 Serie &#8211; Multifunctionele Kleurenprinters &#8211; Xerox"},"content":{"rendered":"<div class=\"wpb-content-wrapper\"><p>[vc_row content_placement=&#8221;top&#8221;][vc_column][vc_tta_accordion style=&#8221;flat&#8221; color=&#8221;white&#8221; c_position=&#8221;right&#8221; active_section=&#8221;&#8221; collapsible_all=&#8221;true&#8221;][vc_tta_section title=&#8221;C8130&#8243; tab_id=&#8221;C8130&#8243;][vc_column_text text_larger=&#8221;no&#8221;]<\/p>\n<table class=\"shop_attributes\">\n<tbody>\n<tr>\n<th>Printsnelheid<\/th>\n<td>Kleur: tot 30 ppm<br \/>\nZwart: tot 30 ppm<\/td>\n<\/tr>\n<tr>\n<th>Duty cycle<\/th>\n<td>Tot\u00a090.000\u00a0afdrukken per maand<\/td>\n<\/tr>\n<tr>\n<th>Maximale printresolutie<\/th>\n<td>1200 x 2400 dpi<\/td>\n<\/tr>\n<\/tbody>\n<\/table>\n<p>[\/vc_column_text][\/vc_tta_section][vc_tta_section title=&#8221;C8135&#8243; tab_id=&#8221;1657529639339-82d5c546-bf0c&#8221;][vc_column_text text_larger=&#8221;no&#8221;]<\/p>\n<table class=\"shop_attributes\">\n<tbody>\n<tr>\n<th>Printsnelheid<\/th>\n<td>Kleur: tot 35 ppm<br \/>\nZwart: tot 35 ppm<\/td>\n<\/tr>\n<tr>\n<th>Duty cycle<\/th>\n<td>Tot\u00a0110.000\u00a0afdrukken per maand<\/td>\n<\/tr>\n<tr>\n<th>Maximale printresolutie<\/th>\n<td>1200 x 2400 dpi<\/td>\n<\/tr>\n<\/tbody>\n<\/table>\n<p>[\/vc_column_text][\/vc_tta_section][vc_tta_section title=&#8221;C8145&#8243; tab_id=&#8221;1657529638571-b0500ad1-235e&#8221;][vc_column_text text_larger=&#8221;no&#8221;]<\/p>\n<table class=\"shop_attributes\">\n<tbody>\n<tr>\n<th>Printsnelheid<\/th>\n<td>Kleur: tot 45 ppm<br \/>\nZwart: tot 45 ppm<\/td>\n<\/tr>\n<tr>\n<th>Duty cycle<\/th>\n<td>Tot\u00a0200.000\u00a0afdrukken per maand<\/td>\n<\/tr>\n<tr>\n<th>Maximale printresolutie<\/th>\n<td>1200 x 2400 dpi<\/td>\n<\/tr>\n<\/tbody>\n<\/table>\n<p>[\/vc_column_text][\/vc_tta_section][vc_tta_section title=&#8221;C8155&#8243; tab_id=&#8221;1657529637108-5603fbfc-9965&#8243;][vc_column_text text_larger=&#8221;no&#8221;]<\/p>\n<table class=\"shop_attributes\">\n<tbody>\n<tr>\n<th>Printsnelheid<\/th>\n<td>Kleur: tot 55 ppm<br \/>\nZwart: tot 55 ppm<\/td>\n<\/tr>\n<tr>\n<th>Duty cycle<\/th>\n<td>Tot\u00a0300.000\u00a0afdrukken per maand<\/td>\n<\/tr>\n<tr>\n<th>Maximale printresolutie<\/th>\n<td>1200 x 2400 dpi<\/td>\n<\/tr>\n<\/tbody>\n<\/table>\n<p>[\/vc_column_text][\/vc_tta_section][vc_tta_section title=&#8221;C8170&#8243; tab_id=&#8221;1657529634293-4d730b7b-9680&#8243;][vc_column_text text_larger=&#8221;no&#8221;]<\/p>\n<table class=\"shop_attributes\">\n<tbody>\n<tr>\n<th>Printsnelheid<\/th>\n<td>Kleur: tot 70 ppm<br \/>\nZwart: tot 70 ppm<\/td>\n<\/tr>\n<tr>\n<th>Duty cycle<\/th>\n<td>Tot\u00a0300.000\u00a0afdrukken per maand<\/td>\n<\/tr>\n<tr>\n<th>Maximale printresolutie<\/th>\n<td>1200 x 2400 dpi<\/td>\n<\/tr>\n<\/tbody>\n<\/table>\n<p>[\/vc_column_text][\/vc_tta_section][\/vc_tta_accordion][\/vc_column][\/vc_row]<\/p>\n<\/div>","protected":false},"excerpt":{"rendered":"<p>[vc_row content_placement=&#8221;top&#8221;][vc_column][vc_btn title=&#8221;Download de brochure&#8221; style=&#8221;flat&#8221; shape=&#8221;square&#8221; align=&#8221;left&#8221; i_icon_fontawesome=&#8221;fa fa-file-pdf-o&#8221; add_icon=&#8221;true&#8221; link=&#8221;url:\/wp-content\/uploads\/2024\/05\/altalink-c8100-multifunctionele-kleurenprinter-xerox-belgie.pdf||target:%20_blank|&#8221;][vc_column_text]<\/p>\n<p>De ideale digitale werkplekassistent voor veeleisende teams.<\/p>\n<ul>\n<li>Kleuren MFP met ondersteuning voor A3<\/li>\n<li>Kopi\u00ebren, printen, scannen, faxen en e-mailen<\/li>\n<li>Tabletachtige intu\u00eftieve gebruikersinterface laat u herhaaldelijke taken personaliseren, vereenvoudigen en snel afhandelen<\/li>\n<li>Native mobiliteitsfuncties laten u gemakkelijk verbinding maken met en printen naar elk apparaat<\/li>\n<li>Overbrug de kloof tussen fysieke en digitale werelden met apps en oplossingen voor elk bedrijf<\/li>\n<li>Uitgebreide beveiliging is ingebouwd<\/li>\n<li>Superieure kleurconsistentie en -weergave voor de kritische gebruiker van kantoorkleur<\/li>\n<\/ul>\n<p>De Xerox\u00ae AltaLink\u00ae C8100-serie multifunctionele kleurenprinters is de ideale assistent op de digitale werkplek, ontworpen voor veeleisende teams. Deze serie biedt een intu\u00eftieve gebruikerservaring vergelijkbaar met een tablet, dankzij de aanraakschermbediening en eenvoudige personalisatie, waarmee gebruikers snel en effici\u00ebnt taken kunnen uitvoeren met slechts enkele tikken. De apparaten ondersteunen mobiel afdrukken via Xerox\u00ae PrintByXerox App, Xerox\u00ae Print Service Plug-in for Android&#x2122; en AirPrint&#x2122;, en bieden touchless workflows voor kopi\u00ebren, scannen en e-mailen zonder het scherm aan te raken.<\/p>\n<p>De AltaLink\u00ae C8100-serie excelleert in geavanceerde scanning en digitalisering, waardoor documenten kunnen worden vertaald naar meer dan 40 talen en omgezet naar audio. Informatie kan snel worden gedigitaliseerd en verwerkt met behulp van apps en geavanceerde scanfunctionaliteit, en er is ondersteuning voor handschriftconversie en contentredactie voor vertrouwelijkheid.<\/p>\n<p>De serie biedt aanpasbaarheid en configuratieopties om aan diverse behoeften te voldoen, met verschillende afwerkopties zoals vouwen, rillen, en het maken van boekjes met in de rug nieten. De apparaten ondersteunen hoge papiercapaciteit en verschillende mediaformaten, en bieden toegang tot een groeiende verzameling apps via de Xerox App Gallery om tijdrovende, herhalende of complexe processen te vereenvoudigen.<\/p>\n<p>Uitgebreide beveiligingsfuncties zijn ingebouwd in de AltaLink\u00ae C8100-serie, waaronder Trusted Boot, Trellix whitelisting, en integraties met Trellix ePO en Cisco ISE. De Configuration Watchdog zorgt voor automatische controle en herstel van IT-beveiligingsinstellingen, terwijl geavanceerde bescherming tegen onbevoegde toegang en datalekken wordt geboden.<\/p>\n<p>Wat de afdrukkwaliteit betreft, levert de AltaLink\u00ae C8100-serie hoge resolutie output van 1.200 x 2.400 dpi met superieure kleurrendering dankzij de HD Super Fine Ex-toner. Gebruikers kunnen de serie upgraden met de Xerox\u00ae EX-c C8100 Print Server Powered by Fiery\u00ae voor meer opties voor professioneel ogende documenten.<\/p>\n<p>De serie omvat verschillende modellen met verschillende snelheden, zoals de C8130 (tot 30 ppm), C8135 (tot 35 ppm), C8145 (tot 45 ppm), C8155 (tot 55 ppm), en de C8170 (tot 70 ppm). Optionele accessoires zoals de Office Finisher, BR Finisher, en Booklet Maker Finisher bieden diverse afwerkmogelijkheden, terwijl invoerlades voor lange vellen en hoge capaciteit invoerapparaten de papierverwerking optimaliseren.<\/p>\n<p>Beheer en ondersteuning zijn eenvoudig dankzij Xerox\u00ae CentreWare\u00ae Web en Xerox\u00ae Support Assistant, met opties voor Xerox\u00ae Managed Print Services die de effici\u00ebntie, productiviteit en beveiliging verbeteren. De Xerox\u00ae Printer Security Audit Service biedt geautomatiseerd beveiligingsbeheer en rapportage, waardoor de AltaLink\u00ae C8100-serie een complete oplossing biedt voor een effici\u00ebnte en beveiligde digitale werkplek.<\/p>\n","protected":false},"featured_media":11461,"template":"","meta":[],"product_brand":[],"product_cat":[63],"product_tag":[],"class_list":{"0":"post-3997","1":"product","2":"type-product","3":"status-publish","4":"has-post-thumbnail","6":"product_cat-multifunctionele-printers","8":"first","9":"instock","10":"shipping-taxable","11":"product-type-simple"},"yoast_head":"<!-- This site is optimized with the Yoast SEO plugin v25.9 - https:\/\/yoast.com\/wordpress\/plugins\/seo\/ -->\n<title>AltaLink C8100 Serie - Multifunctionele Kleurenprinters - Xerox - D&amp;O Partners<\/title>\n<meta name=\"description\" content=\"L&#039;imprimante multifonctions Xerox VersaLink B605\/B615 garantit une impression rapide, qualit\u00e9 sup\u00e9rieure et fiabilit\u00e9 \u00e0 long terme dans un appareil compact.\" \/>\n<meta name=\"robots\" content=\"index, follow, max-snippet:-1, max-image-preview:large, max-video-preview:-1\" \/>\n<link rel=\"canonical\" href=\"https:\/\/www.dopartners.be\/nl\/produit\/serie-altalink-c8100\/\" \/>\n<meta property=\"og:locale\" content=\"nl_BE\" \/>\n<meta property=\"og:type\" content=\"article\" \/>\n<meta property=\"og:title\" content=\"AltaLink C8100 Serie - Multifunctionele Kleurenprinters - Xerox - D&amp;O Partners\" \/>\n<meta property=\"og:description\" content=\"L&#039;imprimante multifonctions Xerox VersaLink B605\/B615 garantit une impression rapide, qualit\u00e9 sup\u00e9rieure et fiabilit\u00e9 \u00e0 long terme dans un appareil compact.\" \/>\n<meta property=\"og:url\" content=\"https:\/\/www.dopartners.be\/nl\/produit\/serie-altalink-c8100\/\" \/>\n<meta property=\"og:site_name\" content=\"D&amp;O Partners\" \/>\n<meta property=\"article:publisher\" content=\"https:\/\/www.facebook.com\/DOPartnersXerox\" \/>\n<meta property=\"article:modified_time\" content=\"2024-06-17T09:54:07+00:00\" \/>\n<meta property=\"og:image\" content=\"https:\/\/www.dopartners.be\/wp-content\/uploads\/2022\/07\/Serie-AltaLink-C8100.png\" \/>\n\t<meta property=\"og:image:width\" content=\"629\" \/>\n\t<meta property=\"og:image:height\" content=\"433\" \/>\n\t<meta property=\"og:image:type\" content=\"image\/png\" \/>\n<meta name=\"twitter:card\" content=\"summary_large_image\" \/>\n<meta name=\"twitter:label1\" content=\"Geschatte leestijd\" \/>\n\t<meta name=\"twitter:data1\" content=\"1 minuut\" \/>\n<script type=\"application\/ld+json\" class=\"yoast-schema-graph\">{\"@context\":\"https:\/\/schema.org\",\"@graph\":[{\"@type\":\"WebPage\",\"@id\":\"https:\/\/www.dopartners.be\/nl\/produit\/serie-altalink-c8100\/\",\"url\":\"https:\/\/www.dopartners.be\/nl\/produit\/serie-altalink-c8100\/\",\"name\":\"AltaLink C8100 Serie - Multifunctionele Kleurenprinters - Xerox - D&amp;O Partners\",\"isPartOf\":{\"@id\":\"https:\/\/www.dopartners.be\/nl\/#website\"},\"primaryImageOfPage\":{\"@id\":\"https:\/\/www.dopartners.be\/nl\/produit\/serie-altalink-c8100\/#primaryimage\"},\"image\":{\"@id\":\"https:\/\/www.dopartners.be\/nl\/produit\/serie-altalink-c8100\/#primaryimage\"},\"thumbnailUrl\":\"https:\/\/www.dopartners.be\/wp-content\/uploads\/2020\/07\/altalink-c81xx-colour-multifunction-printer-serie-xerox-belgium.webp\",\"datePublished\":\"2020-07-11T08:39:24+00:00\",\"dateModified\":\"2024-06-17T09:54:07+00:00\",\"description\":\"L'imprimante multifonctions Xerox VersaLink B605\/B615 garantit une impression rapide, qualit\u00e9 sup\u00e9rieure et fiabilit\u00e9 \u00e0 long terme dans un appareil compact.\",\"breadcrumb\":{\"@id\":\"https:\/\/www.dopartners.be\/nl\/produit\/serie-altalink-c8100\/#breadcrumb\"},\"inLanguage\":\"nl-BE\",\"potentialAction\":[{\"@type\":\"ReadAction\",\"target\":[\"https:\/\/www.dopartners.be\/nl\/produit\/serie-altalink-c8100\/\"]}]},{\"@type\":\"ImageObject\",\"inLanguage\":\"nl-BE\",\"@id\":\"https:\/\/www.dopartners.be\/nl\/produit\/serie-altalink-c8100\/#primaryimage\",\"url\":\"https:\/\/www.dopartners.be\/wp-content\/uploads\/2020\/07\/altalink-c81xx-colour-multifunction-printer-serie-xerox-belgium.webp\",\"contentUrl\":\"https:\/\/www.dopartners.be\/wp-content\/uploads\/2020\/07\/altalink-c81xx-colour-multifunction-printer-serie-xerox-belgium.webp\",\"width\":629,\"height\":433,\"caption\":\"Xerox AltaLink C8100 series colour multifunction printer with finisher and high-capacity paper tray, designed to meet complex printing, copying and scanning needs in a professional environment, offered by Xerox D&O Partners.\"},{\"@type\":\"BreadcrumbList\",\"@id\":\"https:\/\/www.dopartners.be\/nl\/produit\/serie-altalink-c8100\/#breadcrumb\",\"itemListElement\":[{\"@type\":\"ListItem\",\"position\":1,\"name\":\"Home\",\"item\":\"https:\/\/www.dopartners.be\/nl\/\"},{\"@type\":\"ListItem\",\"position\":2,\"name\":\"Winkel\",\"item\":\"https:\/\/www.dopartners.be\/nl\/shop\/\"},{\"@type\":\"ListItem\",\"position\":3,\"name\":\"AltaLink C8100 Serie &#8211; Multifunctionele Kleurenprinters &#8211; Xerox\"}]},{\"@type\":\"WebSite\",\"@id\":\"https:\/\/www.dopartners.be\/nl\/#website\",\"url\":\"https:\/\/www.dopartners.be\/nl\/\",\"name\":\"D&amp;O Partners\",\"description\":\"Concessionnaire Xerox autoris\u00e9 \u00e0 Bruxelles\",\"publisher\":{\"@id\":\"https:\/\/www.dopartners.be\/nl\/#organization\"},\"alternateName\":\"DO Partners\",\"potentialAction\":[{\"@type\":\"SearchAction\",\"target\":{\"@type\":\"EntryPoint\",\"urlTemplate\":\"https:\/\/www.dopartners.be\/nl\/?s={search_term_string}\"},\"query-input\":{\"@type\":\"PropertyValueSpecification\",\"valueRequired\":true,\"valueName\":\"search_term_string\"}}],\"inLanguage\":\"nl-BE\"},{\"@type\":\"Organization\",\"@id\":\"https:\/\/www.dopartners.be\/nl\/#organization\",\"name\":\"DO PARTNERS\",\"url\":\"https:\/\/www.dopartners.be\/nl\/\",\"logo\":{\"@type\":\"ImageObject\",\"inLanguage\":\"nl-BE\",\"@id\":\"https:\/\/www.dopartners.be\/nl\/#\/schema\/logo\/image\/\",\"url\":\"https:\/\/www.dopartners.be\/wp-content\/uploads\/2017\/11\/DO-partners-logo.png\",\"contentUrl\":\"https:\/\/www.dopartners.be\/wp-content\/uploads\/2017\/11\/DO-partners-logo.png\",\"width\":135,\"height\":100,\"caption\":\"DO PARTNERS\"},\"image\":{\"@id\":\"https:\/\/www.dopartners.be\/nl\/#\/schema\/logo\/image\/\"},\"sameAs\":[\"https:\/\/www.facebook.com\/DOPartnersXerox\",\"https:\/\/www.youtube.com\/@dopartners\",\"https:\/\/www.linkedin.com\/company\/d&amp;o-partners\/\"]}]}<\/script>\n<!-- \/ Yoast SEO plugin. -->","yoast_head_json":{"title":"AltaLink C8100 Serie - Multifunctionele Kleurenprinters - Xerox - D&amp;O Partners","description":"L'imprimante multifonctions Xerox VersaLink B605\/B615 garantit une impression rapide, qualit\u00e9 sup\u00e9rieure et fiabilit\u00e9 \u00e0 long terme dans un appareil compact.","robots":{"index":"index","follow":"follow","max-snippet":"max-snippet:-1","max-image-preview":"max-image-preview:large","max-video-preview":"max-video-preview:-1"},"canonical":"https:\/\/www.dopartners.be\/nl\/produit\/serie-altalink-c8100\/","og_locale":"nl_BE","og_type":"article","og_title":"AltaLink C8100 Serie - Multifunctionele Kleurenprinters - Xerox - D&amp;O Partners","og_description":"L'imprimante multifonctions Xerox VersaLink B605\/B615 garantit une impression rapide, qualit\u00e9 sup\u00e9rieure et fiabilit\u00e9 \u00e0 long terme dans un appareil compact.","og_url":"https:\/\/www.dopartners.be\/nl\/produit\/serie-altalink-c8100\/","og_site_name":"D&amp;O Partners","article_publisher":"https:\/\/www.facebook.com\/DOPartnersXerox","article_modified_time":"2024-06-17T09:54:07+00:00","og_image":[{"width":629,"height":433,"url":"https:\/\/www.dopartners.be\/wp-content\/uploads\/2022\/07\/Serie-AltaLink-C8100.png","type":"image\/png"}],"twitter_card":"summary_large_image","twitter_misc":{"Geschatte leestijd":"1 minuut"},"schema":{"@context":"https:\/\/schema.org","@graph":[{"@type":"WebPage","@id":"https:\/\/www.dopartners.be\/nl\/produit\/serie-altalink-c8100\/","url":"https:\/\/www.dopartners.be\/nl\/produit\/serie-altalink-c8100\/","name":"AltaLink C8100 Serie - Multifunctionele Kleurenprinters - Xerox - D&amp;O Partners","isPartOf":{"@id":"https:\/\/www.dopartners.be\/nl\/#website"},"primaryImageOfPage":{"@id":"https:\/\/www.dopartners.be\/nl\/produit\/serie-altalink-c8100\/#primaryimage"},"image":{"@id":"https:\/\/www.dopartners.be\/nl\/produit\/serie-altalink-c8100\/#primaryimage"},"thumbnailUrl":"https:\/\/www.dopartners.be\/wp-content\/uploads\/2020\/07\/altalink-c81xx-colour-multifunction-printer-serie-xerox-belgium.webp","datePublished":"2020-07-11T08:39:24+00:00","dateModified":"2024-06-17T09:54:07+00:00","description":"L'imprimante multifonctions Xerox VersaLink B605\/B615 garantit une impression rapide, qualit\u00e9 sup\u00e9rieure et fiabilit\u00e9 \u00e0 long terme dans un appareil compact.","breadcrumb":{"@id":"https:\/\/www.dopartners.be\/nl\/produit\/serie-altalink-c8100\/#breadcrumb"},"inLanguage":"nl-BE","potentialAction":[{"@type":"ReadAction","target":["https:\/\/www.dopartners.be\/nl\/produit\/serie-altalink-c8100\/"]}]},{"@type":"ImageObject","inLanguage":"nl-BE","@id":"https:\/\/www.dopartners.be\/nl\/produit\/serie-altalink-c8100\/#primaryimage","url":"https:\/\/www.dopartners.be\/wp-content\/uploads\/2020\/07\/altalink-c81xx-colour-multifunction-printer-serie-xerox-belgium.webp","contentUrl":"https:\/\/www.dopartners.be\/wp-content\/uploads\/2020\/07\/altalink-c81xx-colour-multifunction-printer-serie-xerox-belgium.webp","width":629,"height":433,"caption":"Xerox AltaLink C8100 series colour multifunction printer with finisher and high-capacity paper tray, designed to meet complex printing, copying and scanning needs in a professional environment, offered by Xerox D&O Partners."},{"@type":"BreadcrumbList","@id":"https:\/\/www.dopartners.be\/nl\/produit\/serie-altalink-c8100\/#breadcrumb","itemListElement":[{"@type":"ListItem","position":1,"name":"Home","item":"https:\/\/www.dopartners.be\/nl\/"},{"@type":"ListItem","position":2,"name":"Winkel","item":"https:\/\/www.dopartners.be\/nl\/shop\/"},{"@type":"ListItem","position":3,"name":"AltaLink C8100 Serie &#8211; Multifunctionele Kleurenprinters &#8211; Xerox"}]},{"@type":"WebSite","@id":"https:\/\/www.dopartners.be\/nl\/#website","url":"https:\/\/www.dopartners.be\/nl\/","name":"D&amp;O Partners","description":"Concessionnaire Xerox autoris\u00e9 \u00e0 Bruxelles","publisher":{"@id":"https:\/\/www.dopartners.be\/nl\/#organization"},"alternateName":"DO Partners","potentialAction":[{"@type":"SearchAction","target":{"@type":"EntryPoint","urlTemplate":"https:\/\/www.dopartners.be\/nl\/?s={search_term_string}"},"query-input":{"@type":"PropertyValueSpecification","valueRequired":true,"valueName":"search_term_string"}}],"inLanguage":"nl-BE"},{"@type":"Organization","@id":"https:\/\/www.dopartners.be\/nl\/#organization","name":"DO PARTNERS","url":"https:\/\/www.dopartners.be\/nl\/","logo":{"@type":"ImageObject","inLanguage":"nl-BE","@id":"https:\/\/www.dopartners.be\/nl\/#\/schema\/logo\/image\/","url":"https:\/\/www.dopartners.be\/wp-content\/uploads\/2017\/11\/DO-partners-logo.png","contentUrl":"https:\/\/www.dopartners.be\/wp-content\/uploads\/2017\/11\/DO-partners-logo.png","width":135,"height":100,"caption":"DO PARTNERS"},"image":{"@id":"https:\/\/www.dopartners.be\/nl\/#\/schema\/logo\/image\/"},"sameAs":["https:\/\/www.facebook.com\/DOPartnersXerox","https:\/\/www.youtube.com\/@dopartners","https:\/\/www.linkedin.com\/company\/d&amp;o-partners\/"]}]}},"_links":{"self":[{"href":"https:\/\/www.dopartners.be\/nl\/wp-json\/wp\/v2\/product\/3997","targetHints":{"allow":["GET"]}}],"collection":[{"href":"https:\/\/www.dopartners.be\/nl\/wp-json\/wp\/v2\/product"}],"about":[{"href":"https:\/\/www.dopartners.be\/nl\/wp-json\/wp\/v2\/types\/product"}],"wp:featuredmedia":[{"embeddable":true,"href":"https:\/\/www.dopartners.be\/nl\/wp-json\/wp\/v2\/media\/11461"}],"wp:attachment":[{"href":"https:\/\/www.dopartners.be\/nl\/wp-json\/wp\/v2\/media?parent=3997"}],"wp:term":[{"taxonomy":"product_brand","embeddable":true,"href":"https:\/\/www.dopartners.be\/nl\/wp-json\/wp\/v2\/product_brand?post=3997"},{"taxonomy":"product_cat","embeddable":true,"href":"https:\/\/www.dopartners.be\/nl\/wp-json\/wp\/v2\/product_cat?post=3997"},{"taxonomy":"product_tag","embeddable":true,"href":"https:\/\/www.dopartners.be\/nl\/wp-json\/wp\/v2\/product_tag?post=3997"}],"curies":[{"name":"wp","href":"https:\/\/api.w.org\/{rel}","templated":true}]}}