{"id":6973,"date":"2023-09-11T17:47:49","date_gmt":"2023-09-11T15:47:52","guid":{"rendered":"https:\/\/www.dopartners.be\/?post_type=product&#038;p=6973"},"modified":"2024-06-17T14:17:31","modified_gmt":"2024-06-17T12:17:31","slug":"xerox-versant-280-press","status":"publish","type":"product","link":"https:\/\/www.dopartners.be\/nl\/produit\/xerox-versant-280-press\/","title":{"rendered":"Versant 280 &#8211; Digitale Kleurenpers &#8211; Xerox"},"content":{"rendered":"<div class=\"wpb-content-wrapper\"><p>[vc_row content_placement=&#8221;top&#8221;][vc_column][vc_column_text woodmart_inline=&#8221;no&#8221; text_larger=&#8221;no&#8221;]<\/p>\n<table class=\"shop_attributes\">\n<tbody>\n<tr>\n<th>Model<\/th>\n<td>Versant 280<\/td>\n<\/tr>\n<tr>\n<th>Configuraties<\/th>\n<td>Xerox\u00ae Versant\u00ae 280 pers<br \/>\nXerox\u00ae Versant\u00ae 280 pers met ASRS-optie (All Stocks Rated Speed)<br \/>\nXerox\u00ae Versant\u00ae 280 pers met PP-optie (Performance Package)<\/td>\n<\/tr>\n<tr>\n<th>Standaard functionaliteit<\/th>\n<td>Printen, kopi\u00ebren en scannen in kleur<\/td>\n<\/tr>\n<tr>\n<th>Optioneel<\/th>\n<td>Opties voor invoer, afwerking, workflows en prestaties<\/td>\n<\/tr>\n<tr>\n<th>Aanbevolen maandelijks afdrukvolume<\/th>\n<td>150.000 pagina&#8217;s per maand<\/td>\n<\/tr>\n<tr>\n<th>Duty cycle<\/th>\n<td>750.000 pagina&#8217;s per maand<\/td>\n<\/tr>\n<tr>\n<th>Digital Front Ends<\/th>\n<td>Xerox\u00ae EX 280 Print Server Powered by Fiery\u00ae<br \/>\nXerox\u00ae EX-i 280 Print Server Powered by Fiery\u00ae<\/td>\n<\/tr>\n<tr>\n<th>Afwerkopties<\/th>\n<td>Finisher, Inbindeenheid, Katernen maken, Perforeren, Snij-, insnij- en vouwmodules, Uitleg, Vouweenheid<\/td>\n<\/tr>\n<tr>\n<th>Papiersoorten<\/th>\n<td>Gecoate en ongecoate materialen, heldere materialen, etiketten, visitekaartjes, glossy brochures, raambiljetten, duurzame\/synthetische materialen, wenskaarten, tabbladen, gepreegde materialen, polyesters en aangepaste oplossingen<br \/>\nOndersteuning voor opdrachten met verschillende papiersoorten<\/td>\n<\/tr>\n<tr>\n<th>Afdrukengine<\/th>\n<td>Engine Accelerator<br \/>\nVersnel uw Xerox\u00ae Versant\u00ae met Xerox\u00ae FreeFlow\u00ae Core Accelerator voor Versant\u00ae: een verzameling vooraf gedefinieerde workflows en tools die zijn ontworpen om printerspecifieke mogelijkheden en functies te benutten.<\/td>\n<\/tr>\n<tr>\n<th>Duurzaamheid<\/th>\n<td>EPEAT<br \/>\nENERGY STAR\u00ae<\/td>\n<\/tr>\n<\/tbody>\n<\/table>\n<p>[\/vc_column_text][\/vc_column][\/vc_row]<\/p>\n<\/div>","protected":false},"excerpt":{"rendered":"<p>[vc_row content_placement=&#8221;top&#8221;][vc_column][vc_btn title=&#8221;Download de brochure&#8221; style=&#8221;flat&#8221; shape=&#8221;square&#8221; align=&#8221;left&#8221; i_icon_fontawesome=&#8221;fa fa-file-pdf-o&#8221; add_icon=&#8221;true&#8221; link=&#8221;url:\/wp-content\/uploads\/2023\/09\/V28BR-01D_c.pdf||target:%20_blank|&#8221;][vc_column_text]<\/p>\n<p>De alles-in-\u00e9\u00e9n, voortdurend ontwikkelende, bewezen winstmaker. Opnieuw gedefinieerd om alles te leveren dat u nodig hebt in een pers voor middelgrote productie.<\/p>\n<ul>\n<li>ASRS-optie (All Stocks Rated Speed) om 25% sneller te printen op elk afdrukmateriaal tot 400 gsm<\/li>\n<li>Breng automatisering tot het uiterste door kleurkwaliteit met \u00e9\u00e9n klik te automatiseren met een ingebouwde fotospectraalmeter en ASRS-snelheid met de PP-optie (Performance Package)<\/li>\n<li>Groter is beter met het productieprinten van vellen tot 1,2 m in Ultra HD<\/li>\n<li>Val op met de Xerox\u00ae Adaptive CMYK Plus kit: Voeg met Vivid and Fluorescent Specialty Toners nu ook goud, zilver, wit, transparant of fluorescerend cyaan, fluorescerend magenta en fluorescerend geel aan uw toepassingen toe<\/li>\n<\/ul>\n<p>Ontdek de Xerox Versant 280 drukpers, een innovatieve afdrukoplossing die snelheid, kwaliteit en veelzijdigheid combineert om te voldoen aan de behoeften van moderne bedrijven. Deze pers kan afdrukken op een breed scala aan media, tot 400 g\/m\u00b2, en biedt geavanceerde functies zoals afdrukken op formaten vari\u00ebrend van 98 x 146 mm tot 330 mm x 1,2 m. Of het nu gaat om enveloppen, etiketten, tabbladen of speciale media zoals synthetisch materiaal en vinyl, de Versant 280 is ontworpen om uw afdrukmogelijkheden te maximaliseren.<\/p>\n<p>De Versant 280 is uitgerust met SIQA (Simple Image Quality Adjustment) technologie voor geoptimaliseerde toneruniformiteit en uitlijning, wat zorgt voor een uitzonderlijke chromatische consistentie. Dankzij de EA-toner van Xerox\u00ae en een Ultra HD-resolutie van 2400 x 2400 dpi, levert deze pers superieure afdrukken met scherpe details en levendige kleuren.<\/p>\n<p>Deze pers biedt ook een grote flexibiliteit op het gebied van afwerkingsopties, vari\u00ebrend van eenvoudige vouwen en nieten tot brochures met vierkante rug en volledige randafloop. De mogelijkheden voor inline printen en scannen stroomlijnen workflows en verhogen de productiviteit.<\/p>\n<p>De Versant 280 onderscheidt zich door het exclusieve Adaptive CMYK+ kit, waarmee speciale kleuren zoals goud, zilver, wit, transparant en fluorescerende kleuren kunnen worden toegevoegd, wat oneindige creatieve mogelijkheden biedt. U kunt eenvoudig overschakelen van standaard CMYK-toners naar deze speciale toners om uw afdrukdiensten te diversifi\u00ebren en uw omzet te verhogen.<\/p>\n<p>Met de ASRS-optie (Rated Speed on All Stocks) print de Versant 280 25% sneller op alle media tot 400 g\/m\u00b2. Het Performance Package voegt een inline X-Rite\u00ae spectrofotometer en de ACQS (Automated Color Quality Suite) toe voor volledig geautomatiseerd kleurbeheer, waardoor chromatische variabiliteit wordt ge\u00eblimineerd en menselijke fouten worden verminderd.<\/p>\n<p>Kortom, de Xerox Versant 280 pers is een veelzijdige alles-in-\u00e9\u00e9n oplossing, ideaal voor veeleisende productieomgevingen. Ze combineert geavanceerde functies, uitzonderlijke automatisering en verbluffende kleuren om uw afdrukcapaciteiten te maximaliseren en uw winstgevendheid te vergroten.<\/p>\n","protected":false},"featured_media":6968,"template":"","meta":[],"product_brand":[],"product_cat":[64],"product_tag":[],"class_list":{"0":"post-6973","1":"product","2":"type-product","3":"status-publish","4":"has-post-thumbnail","6":"product_cat-productieprinters-digitale-persen","8":"first","9":"instock","10":"shipping-taxable","11":"product-type-simple"},"yoast_head":"<!-- This site is optimized with the Yoast SEO plugin v25.9 - https:\/\/yoast.com\/wordpress\/plugins\/seo\/ -->\n<title>Versant 280 - Digitale Kleurenpers - Xerox - D&amp;O Partners<\/title>\n<meta name=\"robots\" content=\"index, follow, max-snippet:-1, max-image-preview:large, max-video-preview:-1\" \/>\n<link rel=\"canonical\" href=\"https:\/\/www.dopartners.be\/nl\/produit\/xerox-versant-280-press\/\" \/>\n<meta property=\"og:locale\" content=\"nl_BE\" \/>\n<meta property=\"og:type\" content=\"article\" \/>\n<meta property=\"og:title\" content=\"Versant 280 - Digitale Kleurenpers - Xerox - D&amp;O Partners\" \/>\n<meta property=\"og:description\" content=\"[vc_row content_placement=&quot;top&quot;][vc_column][vc_btn title=&quot;Download de brochure&quot; style=&quot;flat&quot; shape=&quot;square&quot; align=&quot;left&quot; i_icon_fontawesome=&quot;fa fa-file-pdf-o&quot; add_icon=&quot;true&quot; link=&quot;url:\/wp-content\/uploads\/2023\/09\/V28BR-01D_c.pdf||target:%20_blank|&quot;][vc_column_text]  De alles-in-\u00e9\u00e9n, voortdurend ontwikkelende, bewezen winstmaker. Opnieuw gedefinieerd om alles te leveren dat u nodig hebt in een pers voor middelgrote productie.   ASRS-optie (All Stocks Rated Speed) om 25% sneller te printen op elk afdrukmateriaal tot 400 gsm  Breng automatisering tot het uiterste door kleurkwaliteit met \u00e9\u00e9n klik te automatiseren met een ingebouwde fotospectraalmeter en ASRS-snelheid met de PP-optie (Performance Package)  Groter is beter met het productieprinten van vellen tot 1,2 m in Ultra HD  Val op met de Xerox\u00ae Adaptive CMYK Plus kit: Voeg met Vivid and Fluorescent Specialty Toners nu ook goud, zilver, wit, transparant of fluorescerend cyaan, fluorescerend magenta en fluorescerend geel aan uw toepassingen toe  Ontdek de Xerox Versant 280 drukpers, een innovatieve afdrukoplossing die snelheid, kwaliteit en veelzijdigheid combineert om te voldoen aan de behoeften van moderne bedrijven. Deze pers kan afdrukken op een breed scala aan media, tot 400 g\/m\u00b2, en biedt geavanceerde functies zoals afdrukken op formaten vari\u00ebrend van 98 x 146 mm tot 330 mm x 1,2 m. Of het nu gaat om enveloppen, etiketten, tabbladen of speciale media zoals synthetisch materiaal en vinyl, de Versant 280 is ontworpen om uw afdrukmogelijkheden te maximaliseren.  De Versant 280 is uitgerust met SIQA (Simple Image Quality Adjustment) technologie voor geoptimaliseerde toneruniformiteit en uitlijning, wat zorgt voor een uitzonderlijke chromatische consistentie. Dankzij de EA-toner van Xerox\u00ae en een Ultra HD-resolutie van 2400 x 2400 dpi, levert deze pers superieure afdrukken met scherpe details en levendige kleuren.  Deze pers biedt ook een grote flexibiliteit op het gebied van afwerkingsopties, vari\u00ebrend van eenvoudige vouwen en nieten tot brochures met vierkante rug en volledige randafloop. De mogelijkheden voor inline printen en scannen stroomlijnen workflows en verhogen de productiviteit.  De Versant 280 onderscheidt zich door het exclusieve Adaptive CMYK+ kit, waarmee speciale kleuren zoals goud, zilver, wit, transparant en fluorescerende kleuren kunnen worden toegevoegd, wat oneindige creatieve mogelijkheden biedt. U kunt eenvoudig overschakelen van standaard CMYK-toners naar deze speciale toners om uw afdrukdiensten te diversifi\u00ebren en uw omzet te verhogen.  Met de ASRS-optie (Rated Speed on All Stocks) print de Versant 280 25% sneller op alle media tot 400 g\/m\u00b2. Het Performance Package voegt een inline X-Rite\u00ae spectrofotometer en de ACQS (Automated Color Quality Suite) toe voor volledig geautomatiseerd kleurbeheer, waardoor chromatische variabiliteit wordt ge\u00eblimineerd en menselijke fouten worden verminderd.  Kortom, de Xerox Versant 280 pers is een veelzijdige alles-in-\u00e9\u00e9n oplossing, ideaal voor veeleisende productieomgevingen. Ze combineert geavanceerde functies, uitzonderlijke automatisering en verbluffende kleuren om uw afdrukcapaciteiten te maximaliseren en uw winstgevendheid te vergroten.\" \/>\n<meta property=\"og:url\" content=\"https:\/\/www.dopartners.be\/nl\/produit\/xerox-versant-280-press\/\" \/>\n<meta property=\"og:site_name\" content=\"D&amp;O Partners\" \/>\n<meta property=\"article:publisher\" content=\"https:\/\/www.facebook.com\/DOPartnersXerox\" \/>\n<meta property=\"article:modified_time\" content=\"2024-06-17T12:17:31+00:00\" \/>\n<meta property=\"og:image\" content=\"https:\/\/www.dopartners.be\/wp-content\/uploads\/2023\/09\/xerox-versant-280-kleuren-digitale-drukpers-1.webp\" \/>\n\t<meta property=\"og:image:width\" content=\"1200\" \/>\n\t<meta property=\"og:image:height\" content=\"1144\" \/>\n\t<meta property=\"og:image:type\" content=\"image\/webp\" \/>\n<meta name=\"twitter:card\" content=\"summary_large_image\" \/>\n<meta name=\"twitter:label1\" content=\"Geschatte leestijd\" \/>\n\t<meta name=\"twitter:data1\" content=\"1 minuut\" \/>\n<script type=\"application\/ld+json\" class=\"yoast-schema-graph\">{\"@context\":\"https:\/\/schema.org\",\"@graph\":[{\"@type\":\"WebPage\",\"@id\":\"https:\/\/www.dopartners.be\/nl\/produit\/xerox-versant-280-press\/\",\"url\":\"https:\/\/www.dopartners.be\/nl\/produit\/xerox-versant-280-press\/\",\"name\":\"Versant 280 - Digitale Kleurenpers - Xerox - D&amp;O Partners\",\"isPartOf\":{\"@id\":\"https:\/\/www.dopartners.be\/nl\/#website\"},\"primaryImageOfPage\":{\"@id\":\"https:\/\/www.dopartners.be\/nl\/produit\/xerox-versant-280-press\/#primaryimage\"},\"image\":{\"@id\":\"https:\/\/www.dopartners.be\/nl\/produit\/xerox-versant-280-press\/#primaryimage\"},\"thumbnailUrl\":\"https:\/\/www.dopartners.be\/wp-content\/uploads\/2023\/09\/xerox-versant-280-kleuren-digitale-drukpers-1.webp\",\"datePublished\":\"2023-09-11T15:47:52+00:00\",\"dateModified\":\"2024-06-17T12:17:31+00:00\",\"breadcrumb\":{\"@id\":\"https:\/\/www.dopartners.be\/nl\/produit\/xerox-versant-280-press\/#breadcrumb\"},\"inLanguage\":\"nl-BE\",\"potentialAction\":[{\"@type\":\"ReadAction\",\"target\":[\"https:\/\/www.dopartners.be\/nl\/produit\/xerox-versant-280-press\/\"]}]},{\"@type\":\"ImageObject\",\"inLanguage\":\"nl-BE\",\"@id\":\"https:\/\/www.dopartners.be\/nl\/produit\/xerox-versant-280-press\/#primaryimage\",\"url\":\"https:\/\/www.dopartners.be\/wp-content\/uploads\/2023\/09\/xerox-versant-280-kleuren-digitale-drukpers-1.webp\",\"contentUrl\":\"https:\/\/www.dopartners.be\/wp-content\/uploads\/2023\/09\/xerox-versant-280-kleuren-digitale-drukpers-1.webp\",\"width\":1200,\"height\":1144,\"caption\":\"Xerox Versant 280, een veelzijdige kleur digitale drukpers met een compact en functioneel design, voorzien van een kleurentouchscreen bedieningspaneel en diverse papierladen. Geschikt voor het produceren van hoge kwaliteit printwerk, zoals marketingmateriaal en zakelijk drukwerk, met een gestroomlijnde witte en donkerblauwe afwerking.\"},{\"@type\":\"BreadcrumbList\",\"@id\":\"https:\/\/www.dopartners.be\/nl\/produit\/xerox-versant-280-press\/#breadcrumb\",\"itemListElement\":[{\"@type\":\"ListItem\",\"position\":1,\"name\":\"Home\",\"item\":\"https:\/\/www.dopartners.be\/nl\/\"},{\"@type\":\"ListItem\",\"position\":2,\"name\":\"Winkel\",\"item\":\"https:\/\/www.dopartners.be\/nl\/shop\/\"},{\"@type\":\"ListItem\",\"position\":3,\"name\":\"Versant 280 &#8211; Digitale Kleurenpers &#8211; Xerox\"}]},{\"@type\":\"WebSite\",\"@id\":\"https:\/\/www.dopartners.be\/nl\/#website\",\"url\":\"https:\/\/www.dopartners.be\/nl\/\",\"name\":\"D&amp;O Partners\",\"description\":\"Concessionnaire Xerox autoris\u00e9 \u00e0 Bruxelles\",\"publisher\":{\"@id\":\"https:\/\/www.dopartners.be\/nl\/#organization\"},\"alternateName\":\"DO Partners\",\"potentialAction\":[{\"@type\":\"SearchAction\",\"target\":{\"@type\":\"EntryPoint\",\"urlTemplate\":\"https:\/\/www.dopartners.be\/nl\/?s={search_term_string}\"},\"query-input\":{\"@type\":\"PropertyValueSpecification\",\"valueRequired\":true,\"valueName\":\"search_term_string\"}}],\"inLanguage\":\"nl-BE\"},{\"@type\":\"Organization\",\"@id\":\"https:\/\/www.dopartners.be\/nl\/#organization\",\"name\":\"DO PARTNERS\",\"url\":\"https:\/\/www.dopartners.be\/nl\/\",\"logo\":{\"@type\":\"ImageObject\",\"inLanguage\":\"nl-BE\",\"@id\":\"https:\/\/www.dopartners.be\/nl\/#\/schema\/logo\/image\/\",\"url\":\"https:\/\/www.dopartners.be\/wp-content\/uploads\/2017\/11\/DO-partners-logo.png\",\"contentUrl\":\"https:\/\/www.dopartners.be\/wp-content\/uploads\/2017\/11\/DO-partners-logo.png\",\"width\":135,\"height\":100,\"caption\":\"DO PARTNERS\"},\"image\":{\"@id\":\"https:\/\/www.dopartners.be\/nl\/#\/schema\/logo\/image\/\"},\"sameAs\":[\"https:\/\/www.facebook.com\/DOPartnersXerox\",\"https:\/\/www.youtube.com\/@dopartners\",\"https:\/\/www.linkedin.com\/company\/d&amp;o-partners\/\"]}]}<\/script>\n<!-- \/ Yoast SEO plugin. -->","yoast_head_json":{"title":"Versant 280 - Digitale Kleurenpers - Xerox - D&amp;O Partners","robots":{"index":"index","follow":"follow","max-snippet":"max-snippet:-1","max-image-preview":"max-image-preview:large","max-video-preview":"max-video-preview:-1"},"canonical":"https:\/\/www.dopartners.be\/nl\/produit\/xerox-versant-280-press\/","og_locale":"nl_BE","og_type":"article","og_title":"Versant 280 - Digitale Kleurenpers - Xerox - D&amp;O Partners","og_description":"[vc_row content_placement=\"top\"][vc_column][vc_btn title=\"Download de brochure\" style=\"flat\" shape=\"square\" align=\"left\" i_icon_fontawesome=\"fa fa-file-pdf-o\" add_icon=\"true\" link=\"url:\/wp-content\/uploads\/2023\/09\/V28BR-01D_c.pdf||target:%20_blank|\"][vc_column_text]  De alles-in-\u00e9\u00e9n, voortdurend ontwikkelende, bewezen winstmaker. Opnieuw gedefinieerd om alles te leveren dat u nodig hebt in een pers voor middelgrote productie.   ASRS-optie (All Stocks Rated Speed) om 25% sneller te printen op elk afdrukmateriaal tot 400 gsm  Breng automatisering tot het uiterste door kleurkwaliteit met \u00e9\u00e9n klik te automatiseren met een ingebouwde fotospectraalmeter en ASRS-snelheid met de PP-optie (Performance Package)  Groter is beter met het productieprinten van vellen tot 1,2 m in Ultra HD  Val op met de Xerox\u00ae Adaptive CMYK Plus kit: Voeg met Vivid and Fluorescent Specialty Toners nu ook goud, zilver, wit, transparant of fluorescerend cyaan, fluorescerend magenta en fluorescerend geel aan uw toepassingen toe  Ontdek de Xerox Versant 280 drukpers, een innovatieve afdrukoplossing die snelheid, kwaliteit en veelzijdigheid combineert om te voldoen aan de behoeften van moderne bedrijven. Deze pers kan afdrukken op een breed scala aan media, tot 400 g\/m\u00b2, en biedt geavanceerde functies zoals afdrukken op formaten vari\u00ebrend van 98 x 146 mm tot 330 mm x 1,2 m. Of het nu gaat om enveloppen, etiketten, tabbladen of speciale media zoals synthetisch materiaal en vinyl, de Versant 280 is ontworpen om uw afdrukmogelijkheden te maximaliseren.  De Versant 280 is uitgerust met SIQA (Simple Image Quality Adjustment) technologie voor geoptimaliseerde toneruniformiteit en uitlijning, wat zorgt voor een uitzonderlijke chromatische consistentie. Dankzij de EA-toner van Xerox\u00ae en een Ultra HD-resolutie van 2400 x 2400 dpi, levert deze pers superieure afdrukken met scherpe details en levendige kleuren.  Deze pers biedt ook een grote flexibiliteit op het gebied van afwerkingsopties, vari\u00ebrend van eenvoudige vouwen en nieten tot brochures met vierkante rug en volledige randafloop. De mogelijkheden voor inline printen en scannen stroomlijnen workflows en verhogen de productiviteit.  De Versant 280 onderscheidt zich door het exclusieve Adaptive CMYK+ kit, waarmee speciale kleuren zoals goud, zilver, wit, transparant en fluorescerende kleuren kunnen worden toegevoegd, wat oneindige creatieve mogelijkheden biedt. U kunt eenvoudig overschakelen van standaard CMYK-toners naar deze speciale toners om uw afdrukdiensten te diversifi\u00ebren en uw omzet te verhogen.  Met de ASRS-optie (Rated Speed on All Stocks) print de Versant 280 25% sneller op alle media tot 400 g\/m\u00b2. Het Performance Package voegt een inline X-Rite\u00ae spectrofotometer en de ACQS (Automated Color Quality Suite) toe voor volledig geautomatiseerd kleurbeheer, waardoor chromatische variabiliteit wordt ge\u00eblimineerd en menselijke fouten worden verminderd.  Kortom, de Xerox Versant 280 pers is een veelzijdige alles-in-\u00e9\u00e9n oplossing, ideaal voor veeleisende productieomgevingen. Ze combineert geavanceerde functies, uitzonderlijke automatisering en verbluffende kleuren om uw afdrukcapaciteiten te maximaliseren en uw winstgevendheid te vergroten.","og_url":"https:\/\/www.dopartners.be\/nl\/produit\/xerox-versant-280-press\/","og_site_name":"D&amp;O Partners","article_publisher":"https:\/\/www.facebook.com\/DOPartnersXerox","article_modified_time":"2024-06-17T12:17:31+00:00","og_image":[{"width":1200,"height":1144,"url":"https:\/\/www.dopartners.be\/wp-content\/uploads\/2023\/09\/xerox-versant-280-kleuren-digitale-drukpers-1.webp","type":"image\/webp"}],"twitter_card":"summary_large_image","twitter_misc":{"Geschatte leestijd":"1 minuut"},"schema":{"@context":"https:\/\/schema.org","@graph":[{"@type":"WebPage","@id":"https:\/\/www.dopartners.be\/nl\/produit\/xerox-versant-280-press\/","url":"https:\/\/www.dopartners.be\/nl\/produit\/xerox-versant-280-press\/","name":"Versant 280 - Digitale Kleurenpers - Xerox - D&amp;O Partners","isPartOf":{"@id":"https:\/\/www.dopartners.be\/nl\/#website"},"primaryImageOfPage":{"@id":"https:\/\/www.dopartners.be\/nl\/produit\/xerox-versant-280-press\/#primaryimage"},"image":{"@id":"https:\/\/www.dopartners.be\/nl\/produit\/xerox-versant-280-press\/#primaryimage"},"thumbnailUrl":"https:\/\/www.dopartners.be\/wp-content\/uploads\/2023\/09\/xerox-versant-280-kleuren-digitale-drukpers-1.webp","datePublished":"2023-09-11T15:47:52+00:00","dateModified":"2024-06-17T12:17:31+00:00","breadcrumb":{"@id":"https:\/\/www.dopartners.be\/nl\/produit\/xerox-versant-280-press\/#breadcrumb"},"inLanguage":"nl-BE","potentialAction":[{"@type":"ReadAction","target":["https:\/\/www.dopartners.be\/nl\/produit\/xerox-versant-280-press\/"]}]},{"@type":"ImageObject","inLanguage":"nl-BE","@id":"https:\/\/www.dopartners.be\/nl\/produit\/xerox-versant-280-press\/#primaryimage","url":"https:\/\/www.dopartners.be\/wp-content\/uploads\/2023\/09\/xerox-versant-280-kleuren-digitale-drukpers-1.webp","contentUrl":"https:\/\/www.dopartners.be\/wp-content\/uploads\/2023\/09\/xerox-versant-280-kleuren-digitale-drukpers-1.webp","width":1200,"height":1144,"caption":"Xerox Versant 280, een veelzijdige kleur digitale drukpers met een compact en functioneel design, voorzien van een kleurentouchscreen bedieningspaneel en diverse papierladen. Geschikt voor het produceren van hoge kwaliteit printwerk, zoals marketingmateriaal en zakelijk drukwerk, met een gestroomlijnde witte en donkerblauwe afwerking."},{"@type":"BreadcrumbList","@id":"https:\/\/www.dopartners.be\/nl\/produit\/xerox-versant-280-press\/#breadcrumb","itemListElement":[{"@type":"ListItem","position":1,"name":"Home","item":"https:\/\/www.dopartners.be\/nl\/"},{"@type":"ListItem","position":2,"name":"Winkel","item":"https:\/\/www.dopartners.be\/nl\/shop\/"},{"@type":"ListItem","position":3,"name":"Versant 280 &#8211; Digitale Kleurenpers &#8211; Xerox"}]},{"@type":"WebSite","@id":"https:\/\/www.dopartners.be\/nl\/#website","url":"https:\/\/www.dopartners.be\/nl\/","name":"D&amp;O Partners","description":"Concessionnaire Xerox autoris\u00e9 \u00e0 Bruxelles","publisher":{"@id":"https:\/\/www.dopartners.be\/nl\/#organization"},"alternateName":"DO Partners","potentialAction":[{"@type":"SearchAction","target":{"@type":"EntryPoint","urlTemplate":"https:\/\/www.dopartners.be\/nl\/?s={search_term_string}"},"query-input":{"@type":"PropertyValueSpecification","valueRequired":true,"valueName":"search_term_string"}}],"inLanguage":"nl-BE"},{"@type":"Organization","@id":"https:\/\/www.dopartners.be\/nl\/#organization","name":"DO PARTNERS","url":"https:\/\/www.dopartners.be\/nl\/","logo":{"@type":"ImageObject","inLanguage":"nl-BE","@id":"https:\/\/www.dopartners.be\/nl\/#\/schema\/logo\/image\/","url":"https:\/\/www.dopartners.be\/wp-content\/uploads\/2017\/11\/DO-partners-logo.png","contentUrl":"https:\/\/www.dopartners.be\/wp-content\/uploads\/2017\/11\/DO-partners-logo.png","width":135,"height":100,"caption":"DO PARTNERS"},"image":{"@id":"https:\/\/www.dopartners.be\/nl\/#\/schema\/logo\/image\/"},"sameAs":["https:\/\/www.facebook.com\/DOPartnersXerox","https:\/\/www.youtube.com\/@dopartners","https:\/\/www.linkedin.com\/company\/d&amp;o-partners\/"]}]}},"_links":{"self":[{"href":"https:\/\/www.dopartners.be\/nl\/wp-json\/wp\/v2\/product\/6973","targetHints":{"allow":["GET"]}}],"collection":[{"href":"https:\/\/www.dopartners.be\/nl\/wp-json\/wp\/v2\/product"}],"about":[{"href":"https:\/\/www.dopartners.be\/nl\/wp-json\/wp\/v2\/types\/product"}],"wp:featuredmedia":[{"embeddable":true,"href":"https:\/\/www.dopartners.be\/nl\/wp-json\/wp\/v2\/media\/6968"}],"wp:attachment":[{"href":"https:\/\/www.dopartners.be\/nl\/wp-json\/wp\/v2\/media?parent=6973"}],"wp:term":[{"taxonomy":"product_brand","embeddable":true,"href":"https:\/\/www.dopartners.be\/nl\/wp-json\/wp\/v2\/product_brand?post=6973"},{"taxonomy":"product_cat","embeddable":true,"href":"https:\/\/www.dopartners.be\/nl\/wp-json\/wp\/v2\/product_cat?post=6973"},{"taxonomy":"product_tag","embeddable":true,"href":"https:\/\/www.dopartners.be\/nl\/wp-json\/wp\/v2\/product_tag?post=6973"}],"curies":[{"name":"wp","href":"https:\/\/api.w.org\/{rel}","templated":true}]}}