{"id":8322,"date":"2024-03-20T11:34:23","date_gmt":"2024-03-20T10:34:23","guid":{"rendered":"https:\/\/www.dopartners.be\/produit\/xerox-versalink-b620\/"},"modified":"2024-06-18T11:07:39","modified_gmt":"2024-06-18T09:07:39","slug":"xerox-versalink-b620-printer","status":"publish","type":"product","link":"https:\/\/www.dopartners.be\/nl\/produit\/xerox-versalink-b620-printer\/","title":{"rendered":"Versalink B620 &#8211; Zwart-Wit printer &#8211; Xerox"},"content":{"rendered":"<div class=\"wpb-content-wrapper\"><p>[vc_row content_placement=&#8221;top&#8221;][vc_column][vc_column_text woodmart_inline=&#8221;no&#8221; text_larger=&#8221;no&#8221;]<\/p>\n<table class=\"shop_attributes\">\n<tbody>\n<tr>\n<th>Model<\/th>\n<td>B620V\/DN<\/td>\n<\/tr>\n<tr>\n<th>Standaardfuncties<\/th>\n<td>Printen<\/td>\n<\/tr>\n<tr>\n<th>Printsnelheid<\/th>\n<td>Tot 61 ppm<\/td>\n<\/tr>\n<tr>\n<th>Standaard \u200bpapiercapaciteit<\/th>\n<td>650 vellen<\/td>\n<\/tr>\n<tr>\n<th>Maximale \u200bpapiercapaciteit<\/th>\n<td>3.850 vellen<\/td>\n<\/tr>\n<tr>\n<th>Invoeropties<\/th>\n<td>Voeg tot 3 extra laden voor 550 vellen elk toe<br \/>\nVoeg 1 extra lade voor 2100 vellen toe<\/td>\n<\/tr>\n<tr>\n<th>Dubbelzijdige uitvoer<\/th>\n<td>Standaard<\/td>\n<\/tr>\n<tr>\n<th>Wi-Fi-aansluiting<\/th>\n<td>Optioneel<\/td>\n<\/tr>\n<tr>\n<th>Aanbevolen maandelijks afdrukvolume<\/th>\n<td>Tot 30.000 pagina&#8217;s<\/td>\n<\/tr>\n<tr>\n<th>Duty cycle<\/th>\n<td>Tot 300.000 afdrukken per maand<\/td>\n<\/tr>\n<tr>\n<th>Duurzaamheid<\/th>\n<td>EPEAT<br \/>\nENERGY STAR\u00ae<br \/>\nGreen World Alliance<\/td>\n<\/tr>\n<\/tbody>\n<\/table>\n<p>[\/vc_column_text][\/vc_column][\/vc_row]<\/p>\n<\/div>","protected":false},"excerpt":{"rendered":"<p>[vc_row content_placement=&#8221;top&#8221;][vc_column][vc_btn title=&#8221;Download de brochure&#8221; style=&#8221;flat&#8221; shape=&#8221;square&#8221; align=&#8221;left&#8221; i_icon_fontawesome=&#8221;fa fa-file-pdf-o&#8221; add_icon=&#8221;true&#8221; link=&#8221;url:\/wp-content\/uploads\/2024\/03\/brochure-imprimante-b620-xerox-belgique-1.pdf||target:%20_blank|&#8221;][vc_column_text]<\/p>\n<p>Het juiste formaat werkplekassistent met ConnectKey\u00ae, die verwachtingen overtreft.<\/p>\n<ul>\n<li>Zwart-wit printer met ondersteuning voor A4<\/li>\n<li>Ideaal voor werkgroepen met 5 tot 20 gebruikers<\/li>\n<li>De tabletachtige intu\u00eftieve gebruikersinterface van 5 inch laat u taken versnellen<\/li>\n<li>Uitgebreide beveiliging is ingebouwd<\/li>\n<li>Mobiele functies maken het gemakkelijk om verbinding te maken en te printen vanaf elk apparaat<\/li>\n<li>Mogelijk gemaakt door ConnectKey\u00ae technologie, met apps en oplossingen om aan de behoeften van elk bedrijf te voldoen<\/li>\n<\/ul>\n<p>De Xerox VersaLink B620 is een compacte en krachtige kantoorprinter, ontworpen om de ruimte te optimaliseren en tegelijkertijd een hoge productiviteit te garanderen. Ideaal voor hybride werkomgevingen, combineert deze printer een kleine voetafdruk met uitzonderlijke prestaties, waardoor hij voldoet aan de behoeften van beperkte ruimtes zonder concessies te doen aan effici\u00ebntie.<\/p>\n<p>Deze printer onderscheidt zich door zijn intu\u00eftieve 5-inch gebruikersinterface, vergelijkbaar met een tablet, die het beheer van printtaken aanzienlijk vergemakkelijkt. Dankzij Apple\u00ae AirPrint\u00ae, Mopria en WiFi Direct kunt u moeiteloos afdrukken vanaf verschillende mobiele apparaten. De @PrintByXerox-technologie biedt een soepele en veilige cloud-gebaseerde printoplossing.<\/p>\n<p>De VersaLink B620 is uitgerust met de Xerox ConnectKey\u00ae-technologie, die geavanceerde functies biedt zoals Xerox\u00ae Easy Assist en de Xerox\u00ae printerdrivers voor een vereenvoudigd gebruik. De integratie met populaire cloud-opslag via de Xerox App Gallery zorgt voor verhoogde connectiviteit en productiviteit.<\/p>\n<p>Beveiliging is een prioriteit bij de B620, die is uitgerust met proactieve beveiligingsfuncties om bedreigingen te voorkomen en gegevens te beschermen. De hoge resolutie van 1200 x 1200 dpi garandeert uitzonderlijke printkwaliteit, terwijl het milieuvriendelijke karakter wordt aangetoond door het gebruik van meer dan 25% gerecycled post-consumer plastic en de naleving van strenge milieunormen zoals EPEAT, Blue Angel en ENERGY STAR\u00ae.<\/p>\n<p>Robuust en betrouwbaar, de VersaLink B620 is ontworpen voor veeleisende werkgroepen, met snelle printprestaties en effici\u00ebnte verwerking van hoge volumes, terwijl duurzaamheid en eersteklas beveiliging gewaarborgd blijven.<\/p>\n","protected":false},"featured_media":8836,"template":"","meta":[],"product_brand":[],"product_cat":[62],"product_tag":[],"class_list":{"0":"post-8322","1":"product","2":"type-product","3":"status-publish","4":"has-post-thumbnail","6":"product_cat-kantoorprinters","8":"first","9":"instock","10":"shipping-taxable","11":"product-type-simple"},"yoast_head":"<!-- This site is optimized with the Yoast SEO plugin v25.9 - https:\/\/yoast.com\/wordpress\/plugins\/seo\/ -->\n<title>Versalink B620 - Zwart-Wit printer - Xerox - D&amp;O Partners<\/title>\n<meta name=\"robots\" content=\"index, follow, max-snippet:-1, max-image-preview:large, max-video-preview:-1\" \/>\n<link rel=\"canonical\" href=\"https:\/\/www.dopartners.be\/nl\/produit\/xerox-versalink-b620-printer\/\" \/>\n<meta property=\"og:locale\" content=\"nl_BE\" \/>\n<meta property=\"og:type\" content=\"article\" \/>\n<meta property=\"og:title\" content=\"Versalink B620 - Zwart-Wit printer - Xerox - D&amp;O Partners\" \/>\n<meta property=\"og:description\" content=\"[vc_row content_placement=&quot;top&quot;][vc_column][vc_btn title=&quot;Download de brochure&quot; style=&quot;flat&quot; shape=&quot;square&quot; align=&quot;left&quot; i_icon_fontawesome=&quot;fa fa-file-pdf-o&quot; add_icon=&quot;true&quot; link=&quot;url:\/wp-content\/uploads\/2024\/03\/brochure-imprimante-b620-xerox-belgique-1.pdf||target:%20_blank|&quot;][vc_column_text]  Het juiste formaat werkplekassistent met ConnectKey\u00ae, die verwachtingen overtreft.   Zwart-wit printer met ondersteuning voor A4  Ideaal voor werkgroepen met 5 tot 20 gebruikers  De tabletachtige intu\u00eftieve gebruikersinterface van 5 inch laat u taken versnellen  Uitgebreide beveiliging is ingebouwd  Mobiele functies maken het gemakkelijk om verbinding te maken en te printen vanaf elk apparaat  Mogelijk gemaakt door ConnectKey\u00ae technologie, met apps en oplossingen om aan de behoeften van elk bedrijf te voldoen  De Xerox VersaLink B620 is een compacte en krachtige kantoorprinter, ontworpen om de ruimte te optimaliseren en tegelijkertijd een hoge productiviteit te garanderen. Ideaal voor hybride werkomgevingen, combineert deze printer een kleine voetafdruk met uitzonderlijke prestaties, waardoor hij voldoet aan de behoeften van beperkte ruimtes zonder concessies te doen aan effici\u00ebntie.  Deze printer onderscheidt zich door zijn intu\u00eftieve 5-inch gebruikersinterface, vergelijkbaar met een tablet, die het beheer van printtaken aanzienlijk vergemakkelijkt. Dankzij Apple\u00ae AirPrint\u00ae, Mopria en WiFi Direct kunt u moeiteloos afdrukken vanaf verschillende mobiele apparaten. De @PrintByXerox-technologie biedt een soepele en veilige cloud-gebaseerde printoplossing.  De VersaLink B620 is uitgerust met de Xerox ConnectKey\u00ae-technologie, die geavanceerde functies biedt zoals Xerox\u00ae Easy Assist en de Xerox\u00ae printerdrivers voor een vereenvoudigd gebruik. De integratie met populaire cloud-opslag via de Xerox App Gallery zorgt voor verhoogde connectiviteit en productiviteit.  Beveiliging is een prioriteit bij de B620, die is uitgerust met proactieve beveiligingsfuncties om bedreigingen te voorkomen en gegevens te beschermen. De hoge resolutie van 1200 x 1200 dpi garandeert uitzonderlijke printkwaliteit, terwijl het milieuvriendelijke karakter wordt aangetoond door het gebruik van meer dan 25% gerecycled post-consumer plastic en de naleving van strenge milieunormen zoals EPEAT, Blue Angel en ENERGY STAR\u00ae.  Robuust en betrouwbaar, de VersaLink B620 is ontworpen voor veeleisende werkgroepen, met snelle printprestaties en effici\u00ebnte verwerking van hoge volumes, terwijl duurzaamheid en eersteklas beveiliging gewaarborgd blijven.\" \/>\n<meta property=\"og:url\" content=\"https:\/\/www.dopartners.be\/nl\/produit\/xerox-versalink-b620-printer\/\" \/>\n<meta property=\"og:site_name\" content=\"D&amp;O Partners\" \/>\n<meta property=\"article:publisher\" content=\"https:\/\/www.facebook.com\/DOPartnersXerox\" \/>\n<meta property=\"article:modified_time\" content=\"2024-06-18T09:07:39+00:00\" \/>\n<meta property=\"og:image\" content=\"https:\/\/www.dopartners.be\/wp-content\/uploads\/2024\/03\/xerox-versalink-b620-multifuntionele-printer-dopartners.webp\" \/>\n\t<meta property=\"og:image:width\" content=\"1200\" \/>\n\t<meta property=\"og:image:height\" content=\"1444\" \/>\n\t<meta property=\"og:image:type\" content=\"image\/webp\" \/>\n<meta name=\"twitter:card\" content=\"summary_large_image\" \/>\n<meta name=\"twitter:label1\" content=\"Geschatte leestijd\" \/>\n\t<meta name=\"twitter:data1\" content=\"1 minuut\" \/>\n<script type=\"application\/ld+json\" class=\"yoast-schema-graph\">{\"@context\":\"https:\/\/schema.org\",\"@graph\":[{\"@type\":\"WebPage\",\"@id\":\"https:\/\/www.dopartners.be\/nl\/produit\/xerox-versalink-b620-printer\/\",\"url\":\"https:\/\/www.dopartners.be\/nl\/produit\/xerox-versalink-b620-printer\/\",\"name\":\"Versalink B620 - Zwart-Wit printer - Xerox - D&amp;O Partners\",\"isPartOf\":{\"@id\":\"https:\/\/www.dopartners.be\/nl\/#website\"},\"primaryImageOfPage\":{\"@id\":\"https:\/\/www.dopartners.be\/nl\/produit\/xerox-versalink-b620-printer\/#primaryimage\"},\"image\":{\"@id\":\"https:\/\/www.dopartners.be\/nl\/produit\/xerox-versalink-b620-printer\/#primaryimage\"},\"thumbnailUrl\":\"https:\/\/www.dopartners.be\/wp-content\/uploads\/2024\/03\/xerox-versalink-b620-multifuntionele-printer-dopartners.webp\",\"datePublished\":\"2024-03-20T10:34:23+00:00\",\"dateModified\":\"2024-06-18T09:07:39+00:00\",\"breadcrumb\":{\"@id\":\"https:\/\/www.dopartners.be\/nl\/produit\/xerox-versalink-b620-printer\/#breadcrumb\"},\"inLanguage\":\"nl-BE\",\"potentialAction\":[{\"@type\":\"ReadAction\",\"target\":[\"https:\/\/www.dopartners.be\/nl\/produit\/xerox-versalink-b620-printer\/\"]}]},{\"@type\":\"ImageObject\",\"inLanguage\":\"nl-BE\",\"@id\":\"https:\/\/www.dopartners.be\/nl\/produit\/xerox-versalink-b620-printer\/#primaryimage\",\"url\":\"https:\/\/www.dopartners.be\/wp-content\/uploads\/2024\/03\/xerox-versalink-b620-multifuntionele-printer-dopartners.webp\",\"contentUrl\":\"https:\/\/www.dopartners.be\/wp-content\/uploads\/2024\/03\/xerox-versalink-b620-multifuntionele-printer-dopartners.webp\",\"width\":1200,\"height\":1444,\"caption\":\"La VersaLink B620 allie performance, s\u00e9curit\u00e9 et simplicit\u00e9 pour r\u00e9pondre aux besoins d\u2019impression professionnelle.\"},{\"@type\":\"BreadcrumbList\",\"@id\":\"https:\/\/www.dopartners.be\/nl\/produit\/xerox-versalink-b620-printer\/#breadcrumb\",\"itemListElement\":[{\"@type\":\"ListItem\",\"position\":1,\"name\":\"Home\",\"item\":\"https:\/\/www.dopartners.be\/nl\/\"},{\"@type\":\"ListItem\",\"position\":2,\"name\":\"Winkel\",\"item\":\"https:\/\/www.dopartners.be\/nl\/shop\/\"},{\"@type\":\"ListItem\",\"position\":3,\"name\":\"Versalink B620 &#8211; Zwart-Wit printer &#8211; Xerox\"}]},{\"@type\":\"WebSite\",\"@id\":\"https:\/\/www.dopartners.be\/nl\/#website\",\"url\":\"https:\/\/www.dopartners.be\/nl\/\",\"name\":\"D&amp;O Partners\",\"description\":\"Concessionnaire Xerox autoris\u00e9 \u00e0 Bruxelles\",\"publisher\":{\"@id\":\"https:\/\/www.dopartners.be\/nl\/#organization\"},\"alternateName\":\"DO Partners\",\"potentialAction\":[{\"@type\":\"SearchAction\",\"target\":{\"@type\":\"EntryPoint\",\"urlTemplate\":\"https:\/\/www.dopartners.be\/nl\/?s={search_term_string}\"},\"query-input\":{\"@type\":\"PropertyValueSpecification\",\"valueRequired\":true,\"valueName\":\"search_term_string\"}}],\"inLanguage\":\"nl-BE\"},{\"@type\":\"Organization\",\"@id\":\"https:\/\/www.dopartners.be\/nl\/#organization\",\"name\":\"DO PARTNERS\",\"url\":\"https:\/\/www.dopartners.be\/nl\/\",\"logo\":{\"@type\":\"ImageObject\",\"inLanguage\":\"nl-BE\",\"@id\":\"https:\/\/www.dopartners.be\/nl\/#\/schema\/logo\/image\/\",\"url\":\"https:\/\/www.dopartners.be\/wp-content\/uploads\/2017\/11\/DO-partners-logo.png\",\"contentUrl\":\"https:\/\/www.dopartners.be\/wp-content\/uploads\/2017\/11\/DO-partners-logo.png\",\"width\":135,\"height\":100,\"caption\":\"DO PARTNERS\"},\"image\":{\"@id\":\"https:\/\/www.dopartners.be\/nl\/#\/schema\/logo\/image\/\"},\"sameAs\":[\"https:\/\/www.facebook.com\/DOPartnersXerox\",\"https:\/\/www.youtube.com\/@dopartners\",\"https:\/\/www.linkedin.com\/company\/d&amp;o-partners\/\"]}]}<\/script>\n<!-- \/ Yoast SEO plugin. -->","yoast_head_json":{"title":"Versalink B620 - Zwart-Wit printer - Xerox - D&amp;O Partners","robots":{"index":"index","follow":"follow","max-snippet":"max-snippet:-1","max-image-preview":"max-image-preview:large","max-video-preview":"max-video-preview:-1"},"canonical":"https:\/\/www.dopartners.be\/nl\/produit\/xerox-versalink-b620-printer\/","og_locale":"nl_BE","og_type":"article","og_title":"Versalink B620 - Zwart-Wit printer - Xerox - D&amp;O Partners","og_description":"[vc_row content_placement=\"top\"][vc_column][vc_btn title=\"Download de brochure\" style=\"flat\" shape=\"square\" align=\"left\" i_icon_fontawesome=\"fa fa-file-pdf-o\" add_icon=\"true\" link=\"url:\/wp-content\/uploads\/2024\/03\/brochure-imprimante-b620-xerox-belgique-1.pdf||target:%20_blank|\"][vc_column_text]  Het juiste formaat werkplekassistent met ConnectKey\u00ae, die verwachtingen overtreft.   Zwart-wit printer met ondersteuning voor A4  Ideaal voor werkgroepen met 5 tot 20 gebruikers  De tabletachtige intu\u00eftieve gebruikersinterface van 5 inch laat u taken versnellen  Uitgebreide beveiliging is ingebouwd  Mobiele functies maken het gemakkelijk om verbinding te maken en te printen vanaf elk apparaat  Mogelijk gemaakt door ConnectKey\u00ae technologie, met apps en oplossingen om aan de behoeften van elk bedrijf te voldoen  De Xerox VersaLink B620 is een compacte en krachtige kantoorprinter, ontworpen om de ruimte te optimaliseren en tegelijkertijd een hoge productiviteit te garanderen. Ideaal voor hybride werkomgevingen, combineert deze printer een kleine voetafdruk met uitzonderlijke prestaties, waardoor hij voldoet aan de behoeften van beperkte ruimtes zonder concessies te doen aan effici\u00ebntie.  Deze printer onderscheidt zich door zijn intu\u00eftieve 5-inch gebruikersinterface, vergelijkbaar met een tablet, die het beheer van printtaken aanzienlijk vergemakkelijkt. Dankzij Apple\u00ae AirPrint\u00ae, Mopria en WiFi Direct kunt u moeiteloos afdrukken vanaf verschillende mobiele apparaten. De @PrintByXerox-technologie biedt een soepele en veilige cloud-gebaseerde printoplossing.  De VersaLink B620 is uitgerust met de Xerox ConnectKey\u00ae-technologie, die geavanceerde functies biedt zoals Xerox\u00ae Easy Assist en de Xerox\u00ae printerdrivers voor een vereenvoudigd gebruik. De integratie met populaire cloud-opslag via de Xerox App Gallery zorgt voor verhoogde connectiviteit en productiviteit.  Beveiliging is een prioriteit bij de B620, die is uitgerust met proactieve beveiligingsfuncties om bedreigingen te voorkomen en gegevens te beschermen. De hoge resolutie van 1200 x 1200 dpi garandeert uitzonderlijke printkwaliteit, terwijl het milieuvriendelijke karakter wordt aangetoond door het gebruik van meer dan 25% gerecycled post-consumer plastic en de naleving van strenge milieunormen zoals EPEAT, Blue Angel en ENERGY STAR\u00ae.  Robuust en betrouwbaar, de VersaLink B620 is ontworpen voor veeleisende werkgroepen, met snelle printprestaties en effici\u00ebnte verwerking van hoge volumes, terwijl duurzaamheid en eersteklas beveiliging gewaarborgd blijven.","og_url":"https:\/\/www.dopartners.be\/nl\/produit\/xerox-versalink-b620-printer\/","og_site_name":"D&amp;O Partners","article_publisher":"https:\/\/www.facebook.com\/DOPartnersXerox","article_modified_time":"2024-06-18T09:07:39+00:00","og_image":[{"width":1200,"height":1444,"url":"https:\/\/www.dopartners.be\/wp-content\/uploads\/2024\/03\/xerox-versalink-b620-multifuntionele-printer-dopartners.webp","type":"image\/webp"}],"twitter_card":"summary_large_image","twitter_misc":{"Geschatte leestijd":"1 minuut"},"schema":{"@context":"https:\/\/schema.org","@graph":[{"@type":"WebPage","@id":"https:\/\/www.dopartners.be\/nl\/produit\/xerox-versalink-b620-printer\/","url":"https:\/\/www.dopartners.be\/nl\/produit\/xerox-versalink-b620-printer\/","name":"Versalink B620 - Zwart-Wit printer - Xerox - D&amp;O Partners","isPartOf":{"@id":"https:\/\/www.dopartners.be\/nl\/#website"},"primaryImageOfPage":{"@id":"https:\/\/www.dopartners.be\/nl\/produit\/xerox-versalink-b620-printer\/#primaryimage"},"image":{"@id":"https:\/\/www.dopartners.be\/nl\/produit\/xerox-versalink-b620-printer\/#primaryimage"},"thumbnailUrl":"https:\/\/www.dopartners.be\/wp-content\/uploads\/2024\/03\/xerox-versalink-b620-multifuntionele-printer-dopartners.webp","datePublished":"2024-03-20T10:34:23+00:00","dateModified":"2024-06-18T09:07:39+00:00","breadcrumb":{"@id":"https:\/\/www.dopartners.be\/nl\/produit\/xerox-versalink-b620-printer\/#breadcrumb"},"inLanguage":"nl-BE","potentialAction":[{"@type":"ReadAction","target":["https:\/\/www.dopartners.be\/nl\/produit\/xerox-versalink-b620-printer\/"]}]},{"@type":"ImageObject","inLanguage":"nl-BE","@id":"https:\/\/www.dopartners.be\/nl\/produit\/xerox-versalink-b620-printer\/#primaryimage","url":"https:\/\/www.dopartners.be\/wp-content\/uploads\/2024\/03\/xerox-versalink-b620-multifuntionele-printer-dopartners.webp","contentUrl":"https:\/\/www.dopartners.be\/wp-content\/uploads\/2024\/03\/xerox-versalink-b620-multifuntionele-printer-dopartners.webp","width":1200,"height":1444,"caption":"La VersaLink B620 allie performance, s\u00e9curit\u00e9 et simplicit\u00e9 pour r\u00e9pondre aux besoins d\u2019impression professionnelle."},{"@type":"BreadcrumbList","@id":"https:\/\/www.dopartners.be\/nl\/produit\/xerox-versalink-b620-printer\/#breadcrumb","itemListElement":[{"@type":"ListItem","position":1,"name":"Home","item":"https:\/\/www.dopartners.be\/nl\/"},{"@type":"ListItem","position":2,"name":"Winkel","item":"https:\/\/www.dopartners.be\/nl\/shop\/"},{"@type":"ListItem","position":3,"name":"Versalink B620 &#8211; Zwart-Wit printer &#8211; Xerox"}]},{"@type":"WebSite","@id":"https:\/\/www.dopartners.be\/nl\/#website","url":"https:\/\/www.dopartners.be\/nl\/","name":"D&amp;O Partners","description":"Concessionnaire Xerox autoris\u00e9 \u00e0 Bruxelles","publisher":{"@id":"https:\/\/www.dopartners.be\/nl\/#organization"},"alternateName":"DO Partners","potentialAction":[{"@type":"SearchAction","target":{"@type":"EntryPoint","urlTemplate":"https:\/\/www.dopartners.be\/nl\/?s={search_term_string}"},"query-input":{"@type":"PropertyValueSpecification","valueRequired":true,"valueName":"search_term_string"}}],"inLanguage":"nl-BE"},{"@type":"Organization","@id":"https:\/\/www.dopartners.be\/nl\/#organization","name":"DO PARTNERS","url":"https:\/\/www.dopartners.be\/nl\/","logo":{"@type":"ImageObject","inLanguage":"nl-BE","@id":"https:\/\/www.dopartners.be\/nl\/#\/schema\/logo\/image\/","url":"https:\/\/www.dopartners.be\/wp-content\/uploads\/2017\/11\/DO-partners-logo.png","contentUrl":"https:\/\/www.dopartners.be\/wp-content\/uploads\/2017\/11\/DO-partners-logo.png","width":135,"height":100,"caption":"DO PARTNERS"},"image":{"@id":"https:\/\/www.dopartners.be\/nl\/#\/schema\/logo\/image\/"},"sameAs":["https:\/\/www.facebook.com\/DOPartnersXerox","https:\/\/www.youtube.com\/@dopartners","https:\/\/www.linkedin.com\/company\/d&amp;o-partners\/"]}]}},"_links":{"self":[{"href":"https:\/\/www.dopartners.be\/nl\/wp-json\/wp\/v2\/product\/8322","targetHints":{"allow":["GET"]}}],"collection":[{"href":"https:\/\/www.dopartners.be\/nl\/wp-json\/wp\/v2\/product"}],"about":[{"href":"https:\/\/www.dopartners.be\/nl\/wp-json\/wp\/v2\/types\/product"}],"wp:featuredmedia":[{"embeddable":true,"href":"https:\/\/www.dopartners.be\/nl\/wp-json\/wp\/v2\/media\/8836"}],"wp:attachment":[{"href":"https:\/\/www.dopartners.be\/nl\/wp-json\/wp\/v2\/media?parent=8322"}],"wp:term":[{"taxonomy":"product_brand","embeddable":true,"href":"https:\/\/www.dopartners.be\/nl\/wp-json\/wp\/v2\/product_brand?post=8322"},{"taxonomy":"product_cat","embeddable":true,"href":"https:\/\/www.dopartners.be\/nl\/wp-json\/wp\/v2\/product_cat?post=8322"},{"taxonomy":"product_tag","embeddable":true,"href":"https:\/\/www.dopartners.be\/nl\/wp-json\/wp\/v2\/product_tag?post=8322"}],"curies":[{"name":"wp","href":"https:\/\/api.w.org\/{rel}","templated":true}]}}